
    {"id":16993,"date":"2024-07-03T21:10:34","date_gmt":"2024-07-03T18:10:34","guid":{"rendered":"https:\/\/lindstromgroup.com\/tr\/?page_id=16993"},"modified":"2024-07-03T21:10:35","modified_gmt":"2024-07-03T18:10:35","slug":"kullanim-sartlari","status":"publish","type":"page","link":"https:\/\/lindstromgroup.com\/tr\/kullanim-sartlari\/","title":{"rendered":"Kullan\u0131m \u015eartlar\u0131"},"content":{"rendered":"\n    <div\n        id=\"block_1f54a789137c49f354a9ac115189eede\"\n        class=\"hero-sub hero-sub--block_1f54a789137c49f354a9ac115189eede  flex flex-col-reverse lg:flex-row justify-between bg-dark-blue text-white\"\n    >        \n        <div class=\"flex flex-col gap-5 pt-10 pb-5 grow px-5 lg:px-20\">\n            <div class=\"flex flex-col justify-center gap-3 grow max-w-[var(--container-text-max)]\">\n                <h1 class=\"!mb-0 !text-white !text-title-medium lg:!text-title-large !font-bold hyphens-auto break-words\">\n                    Kullan\u0131m \u015eartlar\u0131                <\/h1>\n    \n                <div class=\"hero-sub__description\">\n                                    <\/div>\n    \n                                    <div class=\"flex flex-col flex-wrap gap-3 mt-3 md:flex-row\">\n                                                                                                <\/div>\n                \n                            <\/div>\n                            <div class=\"font-bold hero-sub__breadcrumb text-body-small\">\n                        <span><span><a href=\"https:\/\/lindstromgroup.com\/tr\/\">Home<\/a><\/span><\/span>                <\/div>\n                    <\/div>\n\n        <div class=\"[&#038;_picture]:w-full flex h-full lg:h-auto max-h-[350px] lg:max-h-none lg:min-h-full w-full lg:w-[650px]\">\n            <img decoding=\"async\"\n                class=\"object-cover w-full h-full\"\n                src=\"https:\/\/lindstromgroup.com\/tr\/wp-content\/themes\/astra-child\/assets\/img\/post-placeholder.svg\"\n                alt=\"Kullan\u0131m \u015eartlar\u0131\"\n            >\n        <\/div>\n    <\/div>\n\n\n\n        <style>\n            .lindstrom-container--block_4e78792332a8b3d0eb00f1200b136ddd {                \n                padding-top: 35px;\n                padding-bottom: 35px;\n            }\n\n            @media screen and (min-width: 768px) {\n                .lindstrom-container--block_4e78792332a8b3d0eb00f1200b136ddd {\n                    padding-top: 75px;\n                    padding-bottom: 75px;\n                }\n            }\n        <\/style>\n    \n<div\n    class=\"lindstrom-container-wrapper lindstrom-container lindstrom-container--block_4e78792332a8b3d0eb00f1200b136ddd \"\n    id=\"block_4e78792332a8b3d0eb00f1200b136ddd\"\n    style=\"background-color: #ffffff\"\n    >\n    <div class=\"lindstrom-container lindstrom-container--text items-stretch\">\n        \n\n        <div \n        id=\"cta-country-block_23a4218e2109025a5a411cd408239790\" \n        class=\"cta-country\"\n    >\n        <div class=\"flex flex-col gap-5\" style=\"align-items: flex-start\">\n                                        <div class=\"cta-text\"><h2>Kullan\u0131m \u015eartlar\u0131<\/h2>\n<p>&nbsp;<\/p>\n<p>\u201cKullan\u0131m \u015eartlar\u0131\u201d siz de\u011ferli kullan\u0131c\u0131lar\u0131m\u0131za web sitemizde yer alan bilgi ve hizmetlerin sa\u011flanmas\u0131na ili\u015fkin h\u00fck\u00fcmleri d\u00fczenlemektedir.<\/p>\n<h3>KULLANIM \u015eARTLARI, ER\u0130\u015e\u0130M, R\u0130SK VE SORUMLULU\u011eUN SINIRLANDIRILMASI, IP ADRESLER\u0130 VE COOK\u0130ELER (\u00c7EREZLER)<\/h3>\n<p>&nbsp;<\/p>\n<ol>\n<li style=\"list-style-type: none\">\n<ol>\n<li><a href=\"https:\/\/lindstromgroup.com\/\">https:\/\/lindstromgroup.com\/<\/a>\u00a0web sitesi ve sitedeki t\u00fcm dok\u00fcmanlar \u015firketin m\u00fclkiyetindedir. Bu d\u00f6k\u00fcmanlar, on-line sisteminde g\u00f6r\u00fclmesi i\u00e7in gerekli olmas\u0131 hali haricinde kopyalanamaz, yeniden \u00fcretilemez. Yukar\u0131da belirtilenden ba\u011f\u0131ms\u0131z olarak, sitenin sayfalar\u0131n\u0131n yaz\u0131c\u0131 \u00e7\u0131kt\u0131s\u0131n\u0131 ki\u015fisel kullan\u0131m\u0131n\u0131z i\u00e7in alabilirsiniz. Yukar\u0131da belirtilen genel prensipten ba\u011f\u0131ms\u0131z olarak \u015firket, siteden wallpaper, screen saver ve di\u011fer programlar\u0131n\u0131 indirme imkan\u0131n\u0131 verebilir. Bu sitede yer alan dok\u00fcmanlar ile ilgili fikri ve s\u0131nai m\u00fclkiyet haklar\u0131n\u0131 ihlal edecek nitelikteki her t\u00fcrl\u00fc kullan\u0131m sonras\u0131nda ortaya \u00e7\u0131kabilecek yasal sorumluluklar kullan\u0131c\u0131ya aittir.<\/li>\n<li>Site ile link olu\u015fturmak isterseniz, bu link\u00a0<a href=\"https:\/\/lindstromgroup.com\/\">https:\/\/lindstromgroup.com\/<\/a>\u00a0ana sayfas\u0131na y\u00f6nlendirilmelidir.<\/li>\n<li>\u015eirket taraf\u0131ndan web sitesinin vir\u00fcs ve benzeri ama\u00e7l\u0131 yaz\u0131l\u0131mlardan ar\u0131nd\u0131r\u0131lm\u0131\u015f olmas\u0131 i\u00e7in mevcut imkanlar dahilinde tedbir al\u0131nm\u0131\u015f olmakla birlikte, nihai g\u00fcvenli\u011fin sa\u011flanmas\u0131 i\u00e7in kullan\u0131c\u0131, kendi vir\u00fcs koruma sistemini tedarik etmek ve gerekli korumay\u0131 sa\u011flamakla y\u00fck\u00fcml\u00fcd\u00fcr. Bu \u00e7er\u00e7evede kullan\u0131c\u0131,\u00a0<a href=\"https:\/\/lindstromgroup.com\/\">https:\/\/lindstromgroup.com\/<\/a>\u00a0web sitesine girmesi nedeniyle, kendi yaz\u0131l\u0131m ve i\u015fletim sistemlerinde olu\u015fabilecek t\u00fcm hata ve bunlar\u0131n do\u011frudan ya da dolayl\u0131 sonu\u00e7lar\u0131ndan kendisinin sorumlu oldu\u011funu kabul eder.<\/li>\n<li><a href=\"https:\/\/lindstromgroup.com\/\">https:\/\/lindstromgroup.com\/<\/a>\u00a0web sitesinde yer alan her t\u00fcrl\u00fc fiyat, bilgi, resim, a\u00e7\u0131klama ve haber (k\u0131saca &#8220;bilgi&#8221;) sadece tan\u0131t\u0131m ve bilgi verme ama\u00e7l\u0131d\u0131r. Kullan\u0131c\u0131 hi\u00e7bir \u015fekilde web sitesinde yer alan &#8220;bilgi&#8221;lerin hatal\u0131 oldu\u011fu ya da bu bilgilere istinaden zarara u\u011frad\u0131\u011f\u0131 iddias\u0131nda bulunamaz. Kullan\u0131c\u0131, bilgileri referans alarak bir i\u015flem yapmak niyetinde oldu\u011funda, nihai ve g\u00fcvenilir enformasyonu, \u015firketten temin etmekle y\u00fck\u00fcml\u00fc oldu\u011funu ve web sitesinde yay\u0131nlanan bilgilerin g\u00fcncel olmamas\u0131 nedeniyle \u015firketin herhangi bir sorumlulu\u011fu olmad\u0131\u011f\u0131n\u0131 kabul eder.<\/li>\n<li>\u015eirket, kendi takdirinde olmak \u00fczere sitenin i\u00e7eri\u011fini diledi\u011fi zaman de\u011fi\u015ftirme, kullan\u0131c\u0131lara sa\u011flanan herhangi bir hizmeti de\u011fi\u015ftirme ya da sona erdirme ve\u00a0<a href=\"https:\/\/lindstromgroup.com\/\">https:\/\/lindstromgroup.com\/<\/a>\u00a0web sitesinde kay\u0131tl\u0131 kullan\u0131c\u0131 bilgi ve verilerini silme hakk\u0131n\u0131 sakl\u0131 tutar. \u015firket, web sitesinin hatas\u0131z olmas\u0131 i\u00e7in her t\u00fcrl\u00fc tedbir alm\u0131\u015f olmakla birlikte, sitede mevcut ya da olu\u015fabilecek hatalar ile ilgili herhangi bir garanti vermemektedir.<\/li>\n<li><a href=\"https:\/\/lindstromgroup.com\/\">https:\/\/lindstromgroup.com\/<\/a>\u00a0web sitesinde hizmet bedeli bilgisi verilmesi halinde, ilgili bilgiler son g\u00fcncelleme tarihinde ge\u00e7erli olan bilgilerdir. Hizmetler ve rezervasyonlarla ilgili nihai bilgi temini i\u00e7in \u015firket ile temasa ge\u00e7ilmesini \u00f6nemle rica ederiz. Bu \u00e7er\u00e7evede \u015firket, web sitesinde yer alan bilgilerin (aksi a\u00e7\u0131k bir \u015fekilde belirtilmedik\u00e7e) bir hizmet verme teklifi olmad\u0131\u011f\u0131n\u0131 ve \u015firket ad\u0131na bir taahh\u00fct te\u015fkil etmedi\u011fini beyan eder.<\/li>\n<li>Resmi makamlardan kullan\u0131c\u0131ya y\u00f6nelik bir su\u00e7 duyurusu ya da resmi soru\u015fturma talebi gelmesi ve\/veya kullan\u0131c\u0131n\u0131n \u015firket sistemlerinin \u00e7al\u0131\u015fmas\u0131na engel olacak ya da i\u015fleyi\u015fini de\u011fi\u015ftirecek herhangi bir elektronik sabotaj veya sald\u0131r\u0131 yapt\u0131\u011f\u0131n\u0131n tespit edilmesi halinde, \u015firket, kullan\u0131c\u0131n\u0131n kimlik bilgilerini ara\u015ft\u0131rma ve yasal mercilere bildirimde bulunma hakk\u0131na sahiptir.\u015eirket web sitesi ile sahip oldu\u011fu t\u00fcm alt sitelerinin ve di\u011fer bilgi sistemlerinin g\u00fcvenli\u011fini sa\u011flamak \u015firketin sorumlulu\u011fundad\u0131r. Ticari ama\u00e7l\u0131, iyi niyetli ya da ba\u015fka bir ama\u00e7la, web siteleri ve di\u011fer bilgi teknolojileri sistemlerinde bulunabilecek zafiyetlerin tespitine y\u00f6nelik taramalar ve tespit edilebilecek zafiyetlerin suiistimal edilerek sistemlere zarar verilmesi, bilgi s\u0131zd\u0131rma vb faaliyetler yasa d\u0131\u015f\u0131d\u0131r. Bu gibi faaliyetlerin ger\u00e7ekle\u015ftirilmesi durumunda 5651 say\u0131l\u0131 \u0130nternet Ortam\u0131nda Yap\u0131lan Yay\u0131nlar\u0131n D\u00fczenlenmesi ve Bu Yay\u0131nlar Yoluyla \u0130\u015flenen Su\u00e7larla M\u00fccadele Edilmesi Hakk\u0131nda Kanun uyar\u0131nca yapt\u0131r\u0131m uygulanabilir. Bu gibi giri\u015fimlerde bulunulmas\u0131 halinde, \u015firket yap\u0131lan sald\u0131r\u0131n\u0131n tipi, sald\u0131r\u0131 zaman\u0131, sald\u0131rgana ili\u015fkin yasa kapsam\u0131nda toplanan verilerle birlikte hukuki s\u00fcre\u00e7 ba\u015flatma ve s\u00fcre\u00e7 sonucunda para cezas\u0131 ya da hapis cezas\u0131na varacak cezalar\u0131 talep etme hakk\u0131n\u0131 sakl\u0131 tutar.<\/li>\n<li>Baz\u0131 durumlarda, \u015fahs\u0131n\u0131za \u00f6zel olmayan bilgiler toplanabilir. Bu tip bilgilere \u00f6rnek olarak kulland\u0131\u011f\u0131n\u0131z internet taray\u0131c\u0131s\u0131n\u0131n t\u00fcr\u00fc, i\u015fletim sisteminiz, sitemize linkle ya da ilanla ula\u015ft\u0131\u011f\u0131n\u0131z sitenin domain ismi verilebilir.<\/li>\n<li>Siteyi ziyaret etti\u011finizde bilgisayar\u0131n\u0131za bilgi konulabilir. Bu bilgi, \u00e7erez (&#8220;cookie&#8221;) format\u0131nda ya da benzeri t\u00fcrden dosyada olacakt\u0131r ve bize birka\u00e7 y\u00f6nden yard\u0131mc\u0131 olacakt\u0131r. Bununla birlikte, sitemizde yapt\u0131\u011f\u0131n\u0131z ziyaretlerdeki tercihleriniz takip edilerek, size daha iyi bir internet deneyimi ya\u015fatmak ama\u00e7lanmaktad\u0131r. \u00d6rne\u011fin; cookie\u2019ler, siteleri ve reklamlar\u0131 sizin ilgi alanlar\u0131n\u0131za ve tercihlerinize g\u00f6re d\u00fczenlememizi sa\u011flayacakt\u0131r. Hemen hemen t\u00fcm internet taray\u0131c\u0131lar\u0131nda, cookie\u2019leri hard diskinizden silmek, yaz\u0131lmas\u0131n\u0131 \u00f6nlemek ya da kaydedilmeden \u00f6nce uyar\u0131 mesaj\u0131 almak i\u00e7in se\u00e7enekler vard\u0131r. Bu konuda daha fazla bilgi i\u00e7in l\u00fctfen taray\u0131c\u0131n\u0131z\u0131n yard\u0131m dosyalar\u0131na ve kullan\u0131m bilgilerine bak\u0131n\u0131z.<\/li>\n<li>5846 Say\u0131l\u0131 Fikir Ve Sanat Eserleri Kanunu ve 5651 Say\u0131l\u0131 \u0130nternet Ortam\u0131nda Yap\u0131lan Yay\u0131nlar\u0131n D\u00fczenlenmesi Ve Bu Yay\u0131nlar Yoluyla \u0130\u015flenen Su\u00e7larla M\u00fccadele Edilmesi Hakk\u0131nda Kanun Uyar\u0131nca Dikkat Edilecek HususlarKullan\u0131c\u0131\/Kullan\u0131c\u0131lar, web sitesi \u00fczerinde bir ba\u015fka web sitesine veya i\u00e7eri\u011fe eri\u015fim imkan\u0131 tan\u0131yan link\u2019ler bulunabilece\u011fini, bunlar\u0131n kontrol\u00fcn\u00fcn veya do\u011frulu\u011funun veya yeterlili\u011finin \u015firket ile ilgisi olmad\u0131\u011f\u0131n\u0131 ve \u015firketin bu siteleri herhangi bir \u015fekilde desteklemedi\u011fini veya i\u00e7erdi\u011fi bilgilerin do\u011frulu\u011funu garanti etmedi\u011fini ve bu sitelerde yer alan i\u00e7eriklerden dolay\u0131 herhangi bir sorumlulu\u011fu bulunmad\u0131\u011f\u0131n\u0131, bu sitelerin ve\/veya i\u00e7eriklerin kullan\u0131m\u0131ndan veya bu i\u00e7eriklere dayal\u0131 olarak alm\u0131\u015f olduklar\u0131 kararlar\u0131n sonu\u00e7lar\u0131ndan, sitenin kullan\u0131m \u015fartlar\u0131n\u0131 okumam\u0131\u015f veya okumu\u015f ancak bunlara uygun davranmam\u0131\u015f olmalar\u0131 sebebiyle u\u011fram\u0131\u015f oldu\u011fu maddi veya manevi, m\u00fcspet veya menfi ve olas\u0131 herhangi bir zarardan veya masraftan \u015firket veya ona ba\u011fl\u0131 herhangi bir grup \u015firketinin veya \u00e7al\u0131\u015fanlar\u0131n\u0131n, y\u00f6neticilerinin, yetkilendirdikleri ki\u015fi veya kurulu\u015flar\u0131n\u0131n, hukuki veya cezai hi\u00e7bir sorumlulu\u011fu olmad\u0131\u011f\u0131n\u0131, sitede yer alan bilgilerin do\u011frulu\u011fu ve\/veya yeterlili\u011finin \u015firket taraf\u0131ndan garanti edilmedi\u011fini kabul ve beyan etmi\u015flerdir.\n<p>Kullan\u0131c\u0131\/Kullan\u0131c\u0131lar, web sitesi \u00fczerinde \u015firkete veya \u00fc\u00e7\u00fcnc\u00fc bir ki\u015fi veya kurulu\u015fa ait herhangi bir yaz\u0131, bilgi, yorum, g\u00f6r\u00fc\u015f, haber, g\u00f6r\u00fcnt\u00fc, resim, \u015fekil, grafik ve sair bir materyal bulunabilece\u011fini, \u015firketin bu materyallerle ilgili olarak Fikir ve Sanat Eserleri Kanunu\u2019nun d\u00fczenledi\u011fi yasal haklara sahip oldu\u011funu, bunlar\u0131n \u015firketin izni olmadan kopyalanamayaca\u011f\u0131n\u0131, de\u011fi\u015ftirilemeyece\u011fini, \u00e7o\u011falt\u0131lamayaca\u011f\u0131n\u0131, yay\u0131nlanamayaca\u011f\u0131n\u0131, sat\u0131lamayaca\u011f\u0131n\u0131 veya kulland\u0131r\u0131lamayaca\u011f\u0131n\u0131 veya bunlara m\u00fcdahale edilemeyece\u011fini kabul ve beyan etmi\u015flerdir.<\/p>\n<p>Bu sitede yay\u0131nlanan t\u00fcm logolar, marka ve kurumsal amblemler, 556 say\u0131l\u0131 Markalar\u0131n Korunmas\u0131 Hakk\u0131nda Kanun H\u00fckm\u00fcnde Kararname h\u00fck\u00fcmleri ile korunmaktad\u0131rlar. Logolar hi\u00e7bir \u015fekilde kopyalanamaz ve kullan\u0131lamazlar. Kullan\u0131c\u0131\/Kullan\u0131c\u0131lar, \u015firket logosunun veya web sitesine ait sayfalar\u0131n bir ba\u015fka web sitesinde herhangi bir \u015fekilde yer almas\u0131ndan veya web sitesine \u00fc\u00e7\u00fcnc\u00fc ki\u015filer veya ziyaret\u00e7iler taraf\u0131ndan yap\u0131labilecek herhangi bir i\u00e7erik y\u00fcklemesinden dolay\u0131 elde edilecek bilgilerin kullan\u0131m\u0131ndan veya internetin genel uygulamalar \u00e7er\u00e7evesinde kullan\u0131m\u0131 dolay\u0131s\u0131yla sorumluluk do\u011furmayan herhangi bir i\u00e7erikten \u015firketin veya ona ba\u011fl\u0131 veya onun ba\u011fl\u0131 oldu\u011fu herhangi bir grup \u015firketinin veya \u00e7al\u0131\u015fanlar\u0131n\u0131n, y\u00f6neticilerinin, yetkilendirdikleri ki\u015fi veya kurulu\u015flar\u0131n\u0131n, hukuki veya cezai hi\u00e7bir sorumlulu\u011fu olmad\u0131\u011f\u0131n\u0131 kabul ve beyan etmi\u015flerdir.<\/li>\n<li>\u015eirket,\u00a0<a href=\"https:\/\/lindstromgroup.com\/\">https:\/\/lindstromgroup.com\/<\/a>\u00a0web sitesinde, &#8220;Kullan\u0131m \u015eartlar\u0131&#8221;n\u0131n herhangi bir maddesini, bildirimde bulunmaks\u0131z\u0131n de\u011fi\u015ftirme, yenileme veya iptal etme hakk\u0131na sahiptir. De\u011fi\u015ftirilen, yenilenen ya da y\u00fcr\u00fcrl\u00fckten kald\u0131r\u0131lan her h\u00fck\u00fcm, yay\u0131n tarihinde t\u00fcm kullan\u0131c\u0131lar bak\u0131m\u0131ndan h\u00fck\u00fcm ifade edecektir.<\/li>\n<li>\u0130\u015fbu s\u00f6zle\u015fme 12 maddeden olu\u015fmaktad\u0131r.<\/li>\n<\/ol>\n<p>&nbsp;<\/p>\n<\/div>\n                        <div class=\"cta-button-container cta-button-container--row\">\n                            <\/div>\n        <\/div>\n    <\/div>\n    \n\n    <\/div>\n<\/div>\n","protected":false},"excerpt":{"rendered":"","protected":false},"author":14,"featured_media":0,"parent":0,"menu_order":0,"comment_status":"closed","ping_status":"closed","template":"","meta":{"_acf_changed":true,"inline_featured_image":false,"_eb_attr":"","site-sidebar-layout":"default","site-content-layout":"","ast-site-content-layout":"default","site-content-style":"default","site-sidebar-style":"default","ast-global-header-display":"","ast-banner-title-visibility":"","ast-main-header-display":"","ast-hfb-above-header-display":"","ast-hfb-below-header-display":"","ast-hfb-mobile-header-display":"","site-post-title":"","ast-breadcrumbs-content":"","ast-featured-img":"","footer-sml-layout":"","ast-disable-related-posts":"","theme-transparent-header-meta":"","adv-header-id-meta":"","stick-header-meta":"","header-above-stick-meta":"","header-main-stick-meta":"","header-below-stick-meta":"","astra-migrate-meta-layouts":"default","ast-page-background-enabled":"default","ast-page-background-meta":{"desktop":{"background-color":"var(--ast-global-color-4)","background-image":"","background-repeat":"repeat","background-position":"center center","background-size":"auto","background-attachment":"scroll","background-type":"","background-media":"","overlay-type":"","overlay-color":"","overlay-opacity":"","overlay-gradient":""},"tablet":{"background-color":"","background-image":"","background-repeat":"repeat","background-position":"center center","background-size":"auto","background-attachment":"scroll","background-type":"","background-media":"","overlay-type":"","overlay-color":"","overlay-opacity":"","overlay-gradient":""},"mobile":{"background-color":"","background-image":"","background-repeat":"repeat","background-position":"center center","background-size":"auto","background-attachment":"scroll","background-type":"","background-media":"","overlay-type":"","overlay-color":"","overlay-opacity":"","overlay-gradient":""}},"ast-content-background-meta":{"desktop":{"background-color":"var(--ast-global-color-5)","background-image":"","background-repeat":"repeat","background-position":"center center","background-size":"auto","background-attachment":"scroll","background-type":"","background-media":"","overlay-type":"","overlay-color":"","overlay-opacity":"","overlay-gradient":""},"tablet":{"background-color":"var(--ast-global-color-5)","background-image":"","background-repeat":"repeat","background-position":"center center","background-size":"auto","background-attachment":"scroll","background-type":"","background-media":"","overlay-type":"","overlay-color":"","overlay-opacity":"","overlay-gradient":""},"mobile":{"background-color":"var(--ast-global-color-5)","background-image":"","background-repeat":"repeat","background-position":"center center","background-size":"auto","background-attachment":"scroll","background-type":"","background-media":"","overlay-type":"","overlay-color":"","overlay-opacity":"","overlay-gradient":""}},"footnotes":""},"coauthors":[20],"class_list":["post-16993","page","type-page","status-publish","hentry"],"acf":[],"yoast_head":"<!-- This site is optimized with the Yoast SEO plugin v27.2 - https:\/\/yoast.com\/product\/yoast-seo-wordpress\/ -->\n<title>Kullan\u0131m \u015eartlar\u0131 - Lindstr\u00f6m Turkey<\/title>\n<meta name=\"robots\" content=\"index, follow, max-snippet:-1, max-image-preview:large, max-video-preview:-1\" \/>\n<meta property=\"og:locale\" content=\"tr_TR\" \/>\n<meta property=\"og:type\" content=\"article\" \/>\n<meta property=\"og:title\" content=\"Kullan\u0131m \u015eartlar\u0131 - Lindstr\u00f6m Turkey\" \/>\n<meta property=\"og:url\" content=\"https:\/\/lindstromgroup.com\/tr\/kullanim-sartlari\/\" \/>\n<meta property=\"og:site_name\" content=\"Lindstr\u00f6m Turkey\" \/>\n<meta property=\"article:modified_time\" content=\"2024-07-03T18:10:35+00:00\" \/>\n<meta property=\"og:image\" content=\"https:\/\/d2ris6qfzcz0wn.cloudfront.net\/wp-content\/uploads\/sites\/12\/2024\/04\/Quality_workwear_header.jpg\" \/>\n\t<meta property=\"og:image:width\" content=\"1325\" \/>\n\t<meta property=\"og:image:height\" content=\"422\" \/>\n\t<meta property=\"og:image:type\" content=\"image\/jpeg\" \/>\n<meta name=\"twitter:card\" content=\"summary_large_image\" \/>\n<meta name=\"twitter:label1\" content=\"Tahmini okuma s\u00fcresi\" \/>\n\t<meta name=\"twitter:data1\" content=\"1 dakika\" \/>\n\t<meta name=\"twitter:label2\" content=\"Written by\" \/>\n\t<meta name=\"twitter:data2\" content=\"Lindstr\u00f6m Group\" \/>\n<script type=\"application\/ld+json\" class=\"yoast-schema-graph\">{\"@context\":\"https:\/\/schema.org\",\"@graph\":[{\"@type\":\"WebPage\",\"@id\":\"https:\/\/lindstromgroup.com\/tr\/kullanim-sartlari\/\",\"url\":\"https:\/\/lindstromgroup.com\/tr\/kullanim-sartlari\/\",\"name\":\"Kullan\u0131m \u015eartlar\u0131 - Lindstr\u00f6m Turkey\",\"isPartOf\":{\"@id\":\"https:\/\/lindstromgroup.com\/tr\/#website\"},\"datePublished\":\"2024-07-03T18:10:34+00:00\",\"dateModified\":\"2024-07-03T18:10:35+00:00\",\"breadcrumb\":{\"@id\":\"https:\/\/lindstromgroup.com\/tr\/kullanim-sartlari\/#breadcrumb\"},\"inLanguage\":\"tr\",\"potentialAction\":[{\"@type\":\"ReadAction\",\"target\":[\"https:\/\/lindstromgroup.com\/tr\/kullanim-sartlari\/\"]}]},{\"@type\":\"BreadcrumbList\",\"@id\":\"https:\/\/lindstromgroup.com\/tr\/kullanim-sartlari\/#breadcrumb\",\"itemListElement\":[{\"@type\":\"ListItem\",\"position\":1,\"name\":\"Home\",\"item\":\"https:\/\/lindstromgroup.com\/tr\/\"},{\"@type\":\"ListItem\",\"position\":2,\"name\":\"Kullan\u0131m \u015eartlar\u0131\"}]},{\"@type\":\"WebSite\",\"@id\":\"https:\/\/lindstromgroup.com\/tr\/#website\",\"url\":\"https:\/\/lindstromgroup.com\/tr\/\",\"name\":\"Lindstr\u00f6m Turkey\",\"description\":\"\",\"publisher\":{\"@id\":\"https:\/\/lindstromgroup.com\/tr\/#organization\"},\"potentialAction\":[{\"@type\":\"SearchAction\",\"target\":{\"@type\":\"EntryPoint\",\"urlTemplate\":\"https:\/\/lindstromgroup.com\/tr\/?s={search_term_string}\"},\"query-input\":{\"@type\":\"PropertyValueSpecification\",\"valueRequired\":true,\"valueName\":\"search_term_string\"}}],\"inLanguage\":\"tr\"},{\"@type\":\"Organization\",\"@id\":\"https:\/\/lindstromgroup.com\/tr\/#organization\",\"name\":\"Lindstr\u00f6m Turkey\",\"url\":\"https:\/\/lindstromgroup.com\/tr\/\",\"logo\":{\"@type\":\"ImageObject\",\"inLanguage\":\"tr\",\"@id\":\"https:\/\/lindstromgroup.com\/tr\/#\/schema\/logo\/image\/\",\"url\":\"https:\/\/d2ris6qfzcz0wn.cloudfront.net\/wp-content\/uploads\/sites\/12\/2023\/10\/Logo512.png\",\"contentUrl\":\"https:\/\/d2ris6qfzcz0wn.cloudfront.net\/wp-content\/uploads\/sites\/12\/2023\/10\/Logo512.png\",\"width\":512,\"height\":109,\"caption\":\"Lindstr\u00f6m Turkey\"},\"image\":{\"@id\":\"https:\/\/lindstromgroup.com\/tr\/#\/schema\/logo\/image\/\"}}]}<\/script>\n<!-- \/ Yoast SEO plugin. -->","yoast_head_json":{"title":"Kullan\u0131m \u015eartlar\u0131 - Lindstr\u00f6m Turkey","robots":{"index":"index","follow":"follow","max-snippet":"max-snippet:-1","max-image-preview":"max-image-preview:large","max-video-preview":"max-video-preview:-1"},"og_locale":"tr_TR","og_type":"article","og_title":"Kullan\u0131m \u015eartlar\u0131 - Lindstr\u00f6m Turkey","og_url":"https:\/\/lindstromgroup.com\/tr\/kullanim-sartlari\/","og_site_name":"Lindstr\u00f6m Turkey","article_modified_time":"2024-07-03T18:10:35+00:00","og_image":[{"width":1325,"height":422,"url":"https:\/\/d2ris6qfzcz0wn.cloudfront.net\/wp-content\/uploads\/sites\/12\/2024\/04\/Quality_workwear_header.jpg","type":"image\/jpeg"}],"twitter_card":"summary_large_image","twitter_misc":{"Tahmini okuma s\u00fcresi":"1 dakika","Written by":"Lindstr\u00f6m Group"},"schema":{"@context":"https:\/\/schema.org","@graph":[{"@type":"WebPage","@id":"https:\/\/lindstromgroup.com\/tr\/kullanim-sartlari\/","url":"https:\/\/lindstromgroup.com\/tr\/kullanim-sartlari\/","name":"Kullan\u0131m \u015eartlar\u0131 - Lindstr\u00f6m Turkey","isPartOf":{"@id":"https:\/\/lindstromgroup.com\/tr\/#website"},"datePublished":"2024-07-03T18:10:34+00:00","dateModified":"2024-07-03T18:10:35+00:00","breadcrumb":{"@id":"https:\/\/lindstromgroup.com\/tr\/kullanim-sartlari\/#breadcrumb"},"inLanguage":"tr","potentialAction":[{"@type":"ReadAction","target":["https:\/\/lindstromgroup.com\/tr\/kullanim-sartlari\/"]}]},{"@type":"BreadcrumbList","@id":"https:\/\/lindstromgroup.com\/tr\/kullanim-sartlari\/#breadcrumb","itemListElement":[{"@type":"ListItem","position":1,"name":"Home","item":"https:\/\/lindstromgroup.com\/tr\/"},{"@type":"ListItem","position":2,"name":"Kullan\u0131m \u015eartlar\u0131"}]},{"@type":"WebSite","@id":"https:\/\/lindstromgroup.com\/tr\/#website","url":"https:\/\/lindstromgroup.com\/tr\/","name":"Lindstr\u00f6m Turkey","description":"","publisher":{"@id":"https:\/\/lindstromgroup.com\/tr\/#organization"},"potentialAction":[{"@type":"SearchAction","target":{"@type":"EntryPoint","urlTemplate":"https:\/\/lindstromgroup.com\/tr\/?s={search_term_string}"},"query-input":{"@type":"PropertyValueSpecification","valueRequired":true,"valueName":"search_term_string"}}],"inLanguage":"tr"},{"@type":"Organization","@id":"https:\/\/lindstromgroup.com\/tr\/#organization","name":"Lindstr\u00f6m Turkey","url":"https:\/\/lindstromgroup.com\/tr\/","logo":{"@type":"ImageObject","inLanguage":"tr","@id":"https:\/\/lindstromgroup.com\/tr\/#\/schema\/logo\/image\/","url":"https:\/\/d2ris6qfzcz0wn.cloudfront.net\/wp-content\/uploads\/sites\/12\/2023\/10\/Logo512.png","contentUrl":"https:\/\/d2ris6qfzcz0wn.cloudfront.net\/wp-content\/uploads\/sites\/12\/2023\/10\/Logo512.png","width":512,"height":109,"caption":"Lindstr\u00f6m Turkey"},"image":{"@id":"https:\/\/lindstromgroup.com\/tr\/#\/schema\/logo\/image\/"}}]}},"publishpress_future_workflow_manual_trigger":{"enabledWorkflows":[]},"distributor_meta":false,"distributor_terms":false,"distributor_media":false,"distributor_original_site_name":"Lindstr\u00f6m Turkey","distributor_original_site_url":"https:\/\/lindstromgroup.com\/tr","push-errors":false,"_links":{"self":[{"href":"https:\/\/lindstromgroup.com\/tr\/wp-json\/wp\/v2\/pages\/16993","targetHints":{"allow":["GET"]}}],"collection":[{"href":"https:\/\/lindstromgroup.com\/tr\/wp-json\/wp\/v2\/pages"}],"about":[{"href":"https:\/\/lindstromgroup.com\/tr\/wp-json\/wp\/v2\/types\/page"}],"author":[{"embeddable":true,"href":"https:\/\/lindstromgroup.com\/tr\/wp-json\/wp\/v2\/users\/14"}],"replies":[{"embeddable":true,"href":"https:\/\/lindstromgroup.com\/tr\/wp-json\/wp\/v2\/comments?post=16993"}],"version-history":[{"count":0,"href":"https:\/\/lindstromgroup.com\/tr\/wp-json\/wp\/v2\/pages\/16993\/revisions"}],"wp:attachment":[{"href":"https:\/\/lindstromgroup.com\/tr\/wp-json\/wp\/v2\/media?parent=16993"}],"wp:term":[{"taxonomy":"author","embeddable":true,"href":"https:\/\/lindstromgroup.com\/tr\/wp-json\/wp\/v2\/coauthors?post=16993"}],"curies":[{"name":"wp","href":"https:\/\/api.w.org\/{rel}","templated":true}]}}