
    {"id":16992,"date":"2024-07-03T20:52:18","date_gmt":"2024-07-03T17:52:18","guid":{"rendered":"https:\/\/lindstromgroup.com\/tr\/?page_id=16992"},"modified":"2024-07-03T20:52:19","modified_gmt":"2024-07-03T17:52:19","slug":"kamera-kayit-sistemleri-aydinlatma-metni","status":"publish","type":"page","link":"https:\/\/lindstromgroup.com\/tr\/kamera-kayit-sistemleri-aydinlatma-metni\/","title":{"rendered":"Kamera Kay\u0131t Sistemleri Ayd\u0131nlatma Metni"},"content":{"rendered":"\n    <div\n        id=\"block_fe9aba3d32184be17b8fe555ca5b6363\"\n        class=\"hero-sub hero-sub--block_fe9aba3d32184be17b8fe555ca5b6363  flex flex-col-reverse lg:flex-row justify-between bg-dark-blue text-white\"\n    >        \n        <div class=\"flex flex-col gap-5 pt-10 pb-5 grow px-5 lg:px-20\">\n            <div class=\"flex flex-col justify-center gap-3 grow max-w-[var(--container-text-max)]\">\n                <h1 class=\"!mb-0 !text-white !text-title-medium lg:!text-title-large !font-bold hyphens-auto break-words\">\n                    Kamera Kay\u0131t Sistemleri Ayd\u0131nlatma Metni                <\/h1>\n    \n                <div class=\"hero-sub__description\">\n                                    <\/div>\n    \n                                    <div class=\"flex flex-col flex-wrap gap-3 mt-3 md:flex-row\">\n                                                                                                <\/div>\n                \n                            <\/div>\n                            <div class=\"font-bold hero-sub__breadcrumb text-body-small\">\n                        <span><span><a href=\"https:\/\/lindstromgroup.com\/tr\/\">Home<\/a><\/span><\/span>                <\/div>\n                    <\/div>\n\n        <div class=\"[&#038;_picture]:w-full flex h-full lg:h-auto max-h-[350px] lg:max-h-none lg:min-h-full w-full lg:w-[650px]\">\n            <img decoding=\"async\"\n                class=\"object-cover w-full h-full\"\n                src=\"https:\/\/lindstromgroup.com\/tr\/wp-content\/themes\/astra-child\/assets\/img\/post-placeholder.svg\"\n                alt=\"Kamera Kay\u0131t Sistemleri Ayd\u0131nlatma Metni\"\n            >\n        <\/div>\n    <\/div>\n\n\n\n        <style>\n            .lindstrom-container--block_855a94c981f10decbbac6d7ee674c6d9 {                \n                padding-top: 35px;\n                padding-bottom: 35px;\n            }\n\n            @media screen and (min-width: 768px) {\n                .lindstrom-container--block_855a94c981f10decbbac6d7ee674c6d9 {\n                    padding-top: 75px;\n                    padding-bottom: 75px;\n                }\n            }\n        <\/style>\n    \n<div\n    class=\"lindstrom-container-wrapper lindstrom-container lindstrom-container--block_855a94c981f10decbbac6d7ee674c6d9 \"\n    id=\"block_855a94c981f10decbbac6d7ee674c6d9\"\n    style=\"background-color: #ffffff\"\n    >\n    <div class=\"lindstrom-container lindstrom-container--text items-stretch\">\n        \n\n        <div \n        id=\"cta-country-block_a5ac798b5338dcc2e555ba5633fe22bd\" \n        class=\"cta-country\"\n    >\n        <div class=\"flex flex-col gap-5\" style=\"align-items: flex-start\">\n                                        <div class=\"cta-text\"><p>\u0130\u015fbu Ayd\u0131nlatma Metni, 6698 say\u0131l\u0131 Ki\u015fisel Verilerin Korunmas\u0131 Kanunu (\u201cKVKK\u201d) uyar\u0131nca, veri sorumlusu olan firmam\u0131z lokasyonlar\u0131nda kullan\u0131lan g\u00fcvenlik kamera sistemleri vas\u0131tas\u0131yla toplanan ki\u015fisel verilerinin i\u015flenmesine dair usul ve esaslara ili\u015fkin olarak veri sahiplerinin ayd\u0131nlat\u0131lmas\u0131 amac\u0131 ile d\u00fczenlenmi\u015ftir.<\/p>\n<p>\u0130\u015fbu Ayd\u0131nlatma Metni kapsam\u0131nda yer alan hususlara ili\u015fkin detayl\u0131 bilgilere firmam\u0131z\u0131n a\u015fa\u011f\u0131da belirtilen internet sitesinde yer alan Ki\u015fisel Verilerin Korunmas\u0131 ve \u0130\u015flenmesi Politikas\u0131\u2019ndan eri\u015filebilmektedir.<\/p>\n<p>Firmam\u0131z genel merkezi, \u015fubeler ve di\u011fer t\u00fcm hizmet binalar\u0131m\u0131zdaki (i\u00e7 ve d\u0131\u015f) hizmet alanlar\u0131m\u0131zda (k\u0131yafet de\u011fi\u015ftirme kabini ve tuvaletler vb. alanlar d\u0131\u015f\u0131nda) bulunan g\u00fcvenlik kameralar\u0131 vas\u0131tas\u0131yla, g\u00fcvenli\u011fin sa\u011flanmas\u0131 amac\u0131yla g\u00f6r\u00fcnt\u00fc kayd\u0131 yap\u0131lmakta ve kay\u0131t i\u015flemleri yine firmam\u0131z taraf\u0131ndan denetlenmektedir.<\/p>\n<p><strong>K\u0130\u015e\u0130SEL VER\u0130LER\u0130N \u0130\u015eLENME AMACI<\/strong><\/p>\n<p>Toplanan ki\u015fisel veriler, KVKK m.5 ve 6\u2019da belirtilen ki\u015fisel veri i\u015fleme \u015fartlar\u0131 ve ama\u00e7lar\u0131 \u00e7er\u00e7evesinde, firmam\u0131z ile i\u015f ili\u015fkisi i\u00e7erisinde olan ilgili ki\u015filerin hukuki, teknik ve ticari-i\u015f g\u00fcvenli\u011finin temin edilmesi ve firmam\u0131za ait lokasyonlar\u0131n, m\u00fc\u015fterilerin ve demirba\u015f\u0131n g\u00fcvenli\u011finin sa\u011flanmas\u0131 ve korunmas\u0131na yard\u0131mc\u0131 olmak ve olas\u0131 hukuka ayk\u0131r\u0131l\u0131klar\u0131n tespiti ve delillerinin elde edilmesi amac\u0131yla i\u015flenmektedir. Bu kapsamda b\u00fct\u00fcn kameralar g\u00fcnde 24 saat, haftan\u0131n 7 g\u00fcn\u00fc kay\u0131t halindedir.<\/p>\n<p><strong>K\u0130\u015e\u0130SEL VER\u0130LER\u0130N AKTARILAB\u0130LECE\u011e\u0130 TARAFLAR VE AKTARIM AMACI<\/strong><\/p>\n<p>Toplanan ki\u015fisel veriler, KVKK m.8 ve 9\u2019da belirtilen ki\u015fisel veri i\u015fleme \u015fartlar\u0131 ve ama\u00e7lar\u0131 \u00e7er\u00e7evesinde, firmam\u0131z ile i\u015f ili\u015fkisi i\u00e7erisinde olan ilgili ki\u015filerin hukuki, teknik ve ticari-i\u015f g\u00fcvenli\u011finin temin edilmesi ve firmam\u0131za ait lokasyonlar\u0131n g\u00fcvenli\u011finin sa\u011flanmas\u0131 ama\u00e7lar\u0131 dahilinde, firmam\u0131z\u0131n i\u015f ortaklar\u0131 ve hukuken yetkili kurum ve kurulu\u015flar ile payla\u015f\u0131labilecektir.<\/p>\n<p><strong>K\u0130\u015e\u0130SEL VER\u0130LER\u0130N TOPLANMA Y\u00d6NTEM\u0130 VE HUKUK\u0130 SEBEB\u0130<\/strong><\/p>\n<p>Ki\u015fisel veriler, lokasyonlarda yer alan g\u00fcvenlik kamera sistemleri vas\u0131tas\u0131yla KVKK m.5\u2019de belirtilen me\u015fru menfaat hukuki sebebine dayal\u0131 \u015fekilde toplan\u0131lmaktad\u0131r.<\/p>\n<p><strong>KVKK m.11 UYARINCA HAKLARINIZ<\/strong><\/p>\n<p>KVKK m.11 uyar\u0131nca veri sahipleri, \u2022 Ki\u015fisel veri i\u015flenip i\u015flenmedi\u011fini \u00f6\u011frenme, \u2022 Ki\u015fisel verileri i\u015flenmi\u015fse buna ili\u015fkin bilgi talep etme, \u2022 Ki\u015fisel verilerin i\u015flenme amac\u0131n\u0131 ve bunlar\u0131n amac\u0131na uygun kullan\u0131l\u0131p kullan\u0131lmad\u0131\u011f\u0131n\u0131 \u00f6\u011frenme, \u2022 Yurt i\u00e7inde veya yurt d\u0131\u015f\u0131nda ki\u015fisel verilerin aktar\u0131ld\u0131\u011f\u0131 \u00fc\u00e7\u00fcnc\u00fc ki\u015fileri bilme, \u2022 Ki\u015fisel verilerin eksik veya yanl\u0131\u015f i\u015flenmi\u015f olmas\u0131 h\u00e2linde bunlar\u0131n d\u00fczeltilmesini isteme ve bu kapsamda yap\u0131lan i\u015flemin ki\u015fisel verilerin aktar\u0131ld\u0131\u011f\u0131 \u00fc\u00e7\u00fcnc\u00fc ki\u015filere bildirilmesini isteme, \u2022 KVKK ve ilgili mevzuata uygun olarak i\u015flenmi\u015f olmas\u0131na ra\u011fmen, i\u015flenmesini gerektiren sebeplerin ortadan kalkmas\u0131 h\u00e2linde ki\u015fisel verilerin silinmesini veya yok edilmesini isteme ve bu kapsamda yap\u0131lan i\u015flemin ki\u015fisel verilerin aktar\u0131ld\u0131\u011f\u0131 \u00fc\u00e7\u00fcnc\u00fc ki\u015filere bildirilmesini isteme, \u2022 \u0130\u015flenen verilerin m\u00fcnhas\u0131ran otomatik sistemler vas\u0131tas\u0131yla analiz edilmesi suretiyle ki\u015finin kendisi aleyhine bir sonucun ortaya \u00e7\u0131kmas\u0131na itiraz etme, \u2022 Ki\u015fisel verilerin kanuna ayk\u0131r\u0131 olarak i\u015flenmesi sebebiyle zarara u\u011framas\u0131 h\u00e2linde zarar\u0131n giderilmesini talep etme haklar\u0131na sahiptir.<\/p>\n<p>\u0130lgili ki\u015fi, Kanunun 11 inci maddesinde belirtilen haklar\u0131 kapsam\u0131nda taleplerini, yaz\u0131l\u0131 olarak veya kay\u0131tl\u0131 elektronik posta (KEP) adresi, g\u00fcvenli elektronik imza, mobil imza ya da ilgili ki\u015fi taraf\u0131ndan veri sorumlusuna daha \u00f6nce bildirilen ve veri sorumlusunun sisteminde kay\u0131tl\u0131 bulunan elektronik posta adresini kullanmak suretiyle veya ba\u015fvuru amac\u0131na y\u00f6nelik geli\u015ftirilmi\u015f bir yaz\u0131l\u0131m ya da uygulama vas\u0131tas\u0131yla veri sorumlusuna iletir. Ba\u015fvuruda; a) Ad, soyad ve ba\u015fvuru yaz\u0131l\u0131 ise imza, b) T\u00fcrkiye Cumhuriyeti vatanda\u015flar\u0131 i\u00e7in T.C. kimlik numaras\u0131, yabanc\u0131lar i\u00e7in uyru\u011fu, pasaport numaras\u0131 veya varsa kimlik numaras\u0131, c) Tebligata esas yerle\u015fim yeri veya i\u015f yeri adresi, \u00e7) Varsa bildirime esas elektronik posta adresi, telefon ve faks numaras\u0131, d) Talep konusu, bulunmas\u0131 zorunludur. Konuya ili\u015fkin bilgi ve belgeler ba\u015fvuruya eklenir.<\/p>\n<p>\u0130lgili ki\u015finin ba\u015fvurusuna yaz\u0131l\u0131 olarak cevap verilecekse, on sayfaya kadar \u00fccret al\u0131nmaz. On sayfan\u0131n \u00fczerindeki her sayfa i\u00e7in 1 T\u00fcrk Liras\u0131 i\u015flem \u00fccreti al\u0131nabilir. Ba\u015fvuruya cevab\u0131n CD, flash bellek gibi bir kay\u0131t ortam\u0131nda verilmesi halinde veri sorumlusu taraf\u0131ndan talep edilebilecek \u00fccret kay\u0131t ortam\u0131n\u0131n maliyetini ge\u00e7emez.<\/p>\n<p>Veri sorumlusu, ba\u015fvuruda bulunan ki\u015finin ki\u015fisel veri sahibi olup olmad\u0131\u011f\u0131n\u0131 tespit etmek ad\u0131na ilgili ki\u015fiden bilgi talep edebilir. Ba\u015fvuruda belirtilen hususlar\u0131 netle\u015ftirmek ad\u0131na ilgili ki\u015fiye ba\u015fvurusu ile ilgili soru y\u00f6neltebilir.<\/p>\n<table class=\" alignleft\">\n<tbody>\n<tr>\n<td width=\"130\">Veri Sorumlusu<\/td>\n<td width=\"489\">L\u0130NDSTR\u00d6M TEKST\u0130L H\u0130ZMETLER\u0130 T\u0130CARET L\u0130M\u0130TED \u015e\u0130RKET\u0130<\/td>\n<\/tr>\n<tr>\n<td width=\"130\">Mersis No<\/td>\n<td width=\"489\">0609039617600018<\/td>\n<\/tr>\n<tr>\n<td width=\"130\">Adresi<\/td>\n<td width=\"489\">\u015eEKERPINAR MAHALLES\u0130 TURGUT SOKAK No:5 \u00c7AYIROVA\/KOCAEL\u0130<\/td>\n<\/tr>\n<\/tbody>\n<\/table>\n<h2><\/h2>\n<\/div>\n                        <div class=\"cta-button-container cta-button-container--row\">\n                            <\/div>\n        <\/div>\n    <\/div>\n    \n\n    <\/div>\n<\/div>\n","protected":false},"excerpt":{"rendered":"","protected":false},"author":14,"featured_media":0,"parent":0,"menu_order":0,"comment_status":"closed","ping_status":"closed","template":"","meta":{"_acf_changed":true,"inline_featured_image":false,"_eb_attr":"","site-sidebar-layout":"default","site-content-layout":"","ast-site-content-layout":"default","site-content-style":"default","site-sidebar-style":"default","ast-global-header-display":"","ast-banner-title-visibility":"","ast-main-header-display":"","ast-hfb-above-header-display":"","ast-hfb-below-header-display":"","ast-hfb-mobile-header-display":"","site-post-title":"","ast-breadcrumbs-content":"","ast-featured-img":"","footer-sml-layout":"","ast-disable-related-posts":"","theme-transparent-header-meta":"","adv-header-id-meta":"","stick-header-meta":"","header-above-stick-meta":"","header-main-stick-meta":"","header-below-stick-meta":"","astra-migrate-meta-layouts":"default","ast-page-background-enabled":"default","ast-page-background-meta":{"desktop":{"background-color":"var(--ast-global-color-4)","background-image":"","background-repeat":"repeat","background-position":"center center","background-size":"auto","background-attachment":"scroll","background-type":"","background-media":"","overlay-type":"","overlay-color":"","overlay-opacity":"","overlay-gradient":""},"tablet":{"background-color":"","background-image":"","background-repeat":"repeat","background-position":"center center","background-size":"auto","background-attachment":"scroll","background-type":"","background-media":"","overlay-type":"","overlay-color":"","overlay-opacity":"","overlay-gradient":""},"mobile":{"background-color":"","background-image":"","background-repeat":"repeat","background-position":"center center","background-size":"auto","background-attachment":"scroll","background-type":"","background-media":"","overlay-type":"","overlay-color":"","overlay-opacity":"","overlay-gradient":""}},"ast-content-background-meta":{"desktop":{"background-color":"var(--ast-global-color-5)","background-image":"","background-repeat":"repeat","background-position":"center center","background-size":"auto","background-attachment":"scroll","background-type":"","background-media":"","overlay-type":"","overlay-color":"","overlay-opacity":"","overlay-gradient":""},"tablet":{"background-color":"var(--ast-global-color-5)","background-image":"","background-repeat":"repeat","background-position":"center center","background-size":"auto","background-attachment":"scroll","background-type":"","background-media":"","overlay-type":"","overlay-color":"","overlay-opacity":"","overlay-gradient":""},"mobile":{"background-color":"var(--ast-global-color-5)","background-image":"","background-repeat":"repeat","background-position":"center center","background-size":"auto","background-attachment":"scroll","background-type":"","background-media":"","overlay-type":"","overlay-color":"","overlay-opacity":"","overlay-gradient":""}},"footnotes":""},"coauthors":[20],"class_list":["post-16992","page","type-page","status-publish","hentry"],"acf":[],"yoast_head":"<!-- This site is optimized with the Yoast SEO plugin v27.2 - https:\/\/yoast.com\/product\/yoast-seo-wordpress\/ -->\n<title>Kamera Kay\u0131t Sistemleri Ayd\u0131nlatma Metni - Lindstr\u00f6m Turkey<\/title>\n<meta name=\"robots\" content=\"index, follow, max-snippet:-1, max-image-preview:large, max-video-preview:-1\" \/>\n<meta property=\"og:locale\" content=\"tr_TR\" \/>\n<meta property=\"og:type\" content=\"article\" \/>\n<meta property=\"og:title\" content=\"Kamera Kay\u0131t Sistemleri Ayd\u0131nlatma Metni - Lindstr\u00f6m Turkey\" \/>\n<meta property=\"og:url\" content=\"https:\/\/lindstromgroup.com\/tr\/kamera-kayit-sistemleri-aydinlatma-metni\/\" \/>\n<meta property=\"og:site_name\" content=\"Lindstr\u00f6m Turkey\" \/>\n<meta property=\"article:modified_time\" content=\"2024-07-03T17:52:19+00:00\" \/>\n<meta property=\"og:image\" content=\"https:\/\/d2ris6qfzcz0wn.cloudfront.net\/wp-content\/uploads\/sites\/12\/2024\/04\/Quality_workwear_header.jpg\" \/>\n\t<meta property=\"og:image:width\" content=\"1325\" \/>\n\t<meta property=\"og:image:height\" content=\"422\" \/>\n\t<meta property=\"og:image:type\" content=\"image\/jpeg\" \/>\n<meta name=\"twitter:card\" content=\"summary_large_image\" \/>\n<meta name=\"twitter:label1\" content=\"Tahmini okuma s\u00fcresi\" \/>\n\t<meta name=\"twitter:data1\" content=\"1 dakika\" \/>\n\t<meta name=\"twitter:label2\" content=\"Written by\" \/>\n\t<meta name=\"twitter:data2\" content=\"Lindstr\u00f6m Group\" \/>\n<script type=\"application\/ld+json\" class=\"yoast-schema-graph\">{\"@context\":\"https:\/\/schema.org\",\"@graph\":[{\"@type\":\"WebPage\",\"@id\":\"https:\/\/lindstromgroup.com\/tr\/kamera-kayit-sistemleri-aydinlatma-metni\/\",\"url\":\"https:\/\/lindstromgroup.com\/tr\/kamera-kayit-sistemleri-aydinlatma-metni\/\",\"name\":\"Kamera Kay\u0131t Sistemleri Ayd\u0131nlatma Metni - Lindstr\u00f6m Turkey\",\"isPartOf\":{\"@id\":\"https:\/\/lindstromgroup.com\/tr\/#website\"},\"datePublished\":\"2024-07-03T17:52:18+00:00\",\"dateModified\":\"2024-07-03T17:52:19+00:00\",\"breadcrumb\":{\"@id\":\"https:\/\/lindstromgroup.com\/tr\/kamera-kayit-sistemleri-aydinlatma-metni\/#breadcrumb\"},\"inLanguage\":\"tr\",\"potentialAction\":[{\"@type\":\"ReadAction\",\"target\":[\"https:\/\/lindstromgroup.com\/tr\/kamera-kayit-sistemleri-aydinlatma-metni\/\"]}]},{\"@type\":\"BreadcrumbList\",\"@id\":\"https:\/\/lindstromgroup.com\/tr\/kamera-kayit-sistemleri-aydinlatma-metni\/#breadcrumb\",\"itemListElement\":[{\"@type\":\"ListItem\",\"position\":1,\"name\":\"Home\",\"item\":\"https:\/\/lindstromgroup.com\/tr\/\"},{\"@type\":\"ListItem\",\"position\":2,\"name\":\"Kamera Kay\u0131t Sistemleri Ayd\u0131nlatma Metni\"}]},{\"@type\":\"WebSite\",\"@id\":\"https:\/\/lindstromgroup.com\/tr\/#website\",\"url\":\"https:\/\/lindstromgroup.com\/tr\/\",\"name\":\"Lindstr\u00f6m Turkey\",\"description\":\"\",\"publisher\":{\"@id\":\"https:\/\/lindstromgroup.com\/tr\/#organization\"},\"potentialAction\":[{\"@type\":\"SearchAction\",\"target\":{\"@type\":\"EntryPoint\",\"urlTemplate\":\"https:\/\/lindstromgroup.com\/tr\/?s={search_term_string}\"},\"query-input\":{\"@type\":\"PropertyValueSpecification\",\"valueRequired\":true,\"valueName\":\"search_term_string\"}}],\"inLanguage\":\"tr\"},{\"@type\":\"Organization\",\"@id\":\"https:\/\/lindstromgroup.com\/tr\/#organization\",\"name\":\"Lindstr\u00f6m Turkey\",\"url\":\"https:\/\/lindstromgroup.com\/tr\/\",\"logo\":{\"@type\":\"ImageObject\",\"inLanguage\":\"tr\",\"@id\":\"https:\/\/lindstromgroup.com\/tr\/#\/schema\/logo\/image\/\",\"url\":\"https:\/\/d2ris6qfzcz0wn.cloudfront.net\/wp-content\/uploads\/sites\/12\/2023\/10\/Logo512.png\",\"contentUrl\":\"https:\/\/d2ris6qfzcz0wn.cloudfront.net\/wp-content\/uploads\/sites\/12\/2023\/10\/Logo512.png\",\"width\":512,\"height\":109,\"caption\":\"Lindstr\u00f6m Turkey\"},\"image\":{\"@id\":\"https:\/\/lindstromgroup.com\/tr\/#\/schema\/logo\/image\/\"}}]}<\/script>\n<!-- \/ Yoast SEO plugin. -->","yoast_head_json":{"title":"Kamera Kay\u0131t Sistemleri Ayd\u0131nlatma Metni - Lindstr\u00f6m Turkey","robots":{"index":"index","follow":"follow","max-snippet":"max-snippet:-1","max-image-preview":"max-image-preview:large","max-video-preview":"max-video-preview:-1"},"og_locale":"tr_TR","og_type":"article","og_title":"Kamera Kay\u0131t Sistemleri Ayd\u0131nlatma Metni - Lindstr\u00f6m Turkey","og_url":"https:\/\/lindstromgroup.com\/tr\/kamera-kayit-sistemleri-aydinlatma-metni\/","og_site_name":"Lindstr\u00f6m Turkey","article_modified_time":"2024-07-03T17:52:19+00:00","og_image":[{"width":1325,"height":422,"url":"https:\/\/d2ris6qfzcz0wn.cloudfront.net\/wp-content\/uploads\/sites\/12\/2024\/04\/Quality_workwear_header.jpg","type":"image\/jpeg"}],"twitter_card":"summary_large_image","twitter_misc":{"Tahmini okuma s\u00fcresi":"1 dakika","Written by":"Lindstr\u00f6m Group"},"schema":{"@context":"https:\/\/schema.org","@graph":[{"@type":"WebPage","@id":"https:\/\/lindstromgroup.com\/tr\/kamera-kayit-sistemleri-aydinlatma-metni\/","url":"https:\/\/lindstromgroup.com\/tr\/kamera-kayit-sistemleri-aydinlatma-metni\/","name":"Kamera Kay\u0131t Sistemleri Ayd\u0131nlatma Metni - Lindstr\u00f6m Turkey","isPartOf":{"@id":"https:\/\/lindstromgroup.com\/tr\/#website"},"datePublished":"2024-07-03T17:52:18+00:00","dateModified":"2024-07-03T17:52:19+00:00","breadcrumb":{"@id":"https:\/\/lindstromgroup.com\/tr\/kamera-kayit-sistemleri-aydinlatma-metni\/#breadcrumb"},"inLanguage":"tr","potentialAction":[{"@type":"ReadAction","target":["https:\/\/lindstromgroup.com\/tr\/kamera-kayit-sistemleri-aydinlatma-metni\/"]}]},{"@type":"BreadcrumbList","@id":"https:\/\/lindstromgroup.com\/tr\/kamera-kayit-sistemleri-aydinlatma-metni\/#breadcrumb","itemListElement":[{"@type":"ListItem","position":1,"name":"Home","item":"https:\/\/lindstromgroup.com\/tr\/"},{"@type":"ListItem","position":2,"name":"Kamera Kay\u0131t Sistemleri Ayd\u0131nlatma Metni"}]},{"@type":"WebSite","@id":"https:\/\/lindstromgroup.com\/tr\/#website","url":"https:\/\/lindstromgroup.com\/tr\/","name":"Lindstr\u00f6m Turkey","description":"","publisher":{"@id":"https:\/\/lindstromgroup.com\/tr\/#organization"},"potentialAction":[{"@type":"SearchAction","target":{"@type":"EntryPoint","urlTemplate":"https:\/\/lindstromgroup.com\/tr\/?s={search_term_string}"},"query-input":{"@type":"PropertyValueSpecification","valueRequired":true,"valueName":"search_term_string"}}],"inLanguage":"tr"},{"@type":"Organization","@id":"https:\/\/lindstromgroup.com\/tr\/#organization","name":"Lindstr\u00f6m Turkey","url":"https:\/\/lindstromgroup.com\/tr\/","logo":{"@type":"ImageObject","inLanguage":"tr","@id":"https:\/\/lindstromgroup.com\/tr\/#\/schema\/logo\/image\/","url":"https:\/\/d2ris6qfzcz0wn.cloudfront.net\/wp-content\/uploads\/sites\/12\/2023\/10\/Logo512.png","contentUrl":"https:\/\/d2ris6qfzcz0wn.cloudfront.net\/wp-content\/uploads\/sites\/12\/2023\/10\/Logo512.png","width":512,"height":109,"caption":"Lindstr\u00f6m Turkey"},"image":{"@id":"https:\/\/lindstromgroup.com\/tr\/#\/schema\/logo\/image\/"}}]}},"publishpress_future_workflow_manual_trigger":{"enabledWorkflows":[]},"distributor_meta":false,"distributor_terms":false,"distributor_media":false,"distributor_original_site_name":"Lindstr\u00f6m Turkey","distributor_original_site_url":"https:\/\/lindstromgroup.com\/tr","push-errors":false,"_links":{"self":[{"href":"https:\/\/lindstromgroup.com\/tr\/wp-json\/wp\/v2\/pages\/16992","targetHints":{"allow":["GET"]}}],"collection":[{"href":"https:\/\/lindstromgroup.com\/tr\/wp-json\/wp\/v2\/pages"}],"about":[{"href":"https:\/\/lindstromgroup.com\/tr\/wp-json\/wp\/v2\/types\/page"}],"author":[{"embeddable":true,"href":"https:\/\/lindstromgroup.com\/tr\/wp-json\/wp\/v2\/users\/14"}],"replies":[{"embeddable":true,"href":"https:\/\/lindstromgroup.com\/tr\/wp-json\/wp\/v2\/comments?post=16992"}],"version-history":[{"count":0,"href":"https:\/\/lindstromgroup.com\/tr\/wp-json\/wp\/v2\/pages\/16992\/revisions"}],"wp:attachment":[{"href":"https:\/\/lindstromgroup.com\/tr\/wp-json\/wp\/v2\/media?parent=16992"}],"wp:term":[{"taxonomy":"author","embeddable":true,"href":"https:\/\/lindstromgroup.com\/tr\/wp-json\/wp\/v2\/coauthors?post=16992"}],"curies":[{"name":"wp","href":"https:\/\/api.w.org\/{rel}","templated":true}]}}