
    {"id":16980,"date":"2024-07-02T19:06:28","date_gmt":"2024-07-02T16:06:28","guid":{"rendered":"https:\/\/lindstromgroup.com\/tr\/?page_id=16980"},"modified":"2024-07-02T19:06:29","modified_gmt":"2024-07-02T16:06:29","slug":"aydinlatma-metni","status":"publish","type":"page","link":"https:\/\/lindstromgroup.com\/tr\/aydinlatma-metni\/","title":{"rendered":"Ayd\u0131nlatma metni"},"content":{"rendered":"\n    <div\n        id=\"block_7e807c1a468ba2f004bd4a24b23a4225\"\n        class=\"hero-sub hero-sub--block_7e807c1a468ba2f004bd4a24b23a4225  flex flex-col-reverse lg:flex-row justify-between bg-dark-blue text-white\"\n    >        \n        <div class=\"flex flex-col gap-5 pt-10 pb-5 grow px-5 lg:px-20\">\n            <div class=\"flex flex-col justify-center gap-3 grow max-w-[var(--container-text-max)]\">\n                <h1 class=\"!mb-0 !text-white !text-title-medium lg:!text-title-large !font-bold hyphens-auto break-words\">\n                    Ayd\u0131nlatma metni                <\/h1>\n    \n                <div class=\"hero-sub__description\">\n                                    <\/div>\n    \n                                    <div class=\"flex flex-col flex-wrap gap-3 mt-3 md:flex-row\">\n                                                                                                <\/div>\n                \n                            <\/div>\n                            <div class=\"font-bold hero-sub__breadcrumb text-body-small\">\n                        <span><span><a href=\"https:\/\/lindstromgroup.com\/tr\/\">Home<\/a><\/span><\/span>                <\/div>\n                    <\/div>\n\n        <div class=\"[&#038;_picture]:w-full flex h-full lg:h-auto max-h-[350px] lg:max-h-none lg:min-h-full w-full lg:w-[650px]\">\n            <img decoding=\"async\"\n                class=\"object-cover w-full h-full\"\n                src=\"https:\/\/lindstromgroup.com\/tr\/wp-content\/themes\/astra-child\/assets\/img\/post-placeholder.svg\"\n                alt=\"Ayd\u0131nlatma metni\"\n            >\n        <\/div>\n    <\/div>\n\n\n\n        <style>\n            .lindstrom-container--block_327061ff57a9744328bf80b20ab2e041 {                \n                padding-top: 35px;\n                padding-bottom: 35px;\n            }\n\n            @media screen and (min-width: 768px) {\n                .lindstrom-container--block_327061ff57a9744328bf80b20ab2e041 {\n                    padding-top: 75px;\n                    padding-bottom: 75px;\n                }\n            }\n        <\/style>\n    \n<div\n    class=\"lindstrom-container-wrapper lindstrom-container lindstrom-container--block_327061ff57a9744328bf80b20ab2e041 \"\n    id=\"block_327061ff57a9744328bf80b20ab2e041\"\n    style=\"background-color: #ffffff\"\n    >\n    <div class=\"lindstrom-container lindstrom-container--text items-stretch\">\n        \n\n        <div \n        id=\"cta-country-block_c6e3571356c6eebd8fb46dfdd71f6b4b\" \n        class=\"cta-country\"\n    >\n        <div class=\"flex flex-col gap-5\" style=\"align-items: flex-start\">\n                                        <div class=\"cta-text\"><p>Veri sorumlusu olarak, KVKK kapsam\u0131nda, talep etmi\u015f oldu\u011fumuz ya da bizimle payla\u015fm\u0131\u015f oldu\u011funuz ki\u015fisel verilerinizin, kaydedilebilece\u011fini, depolanabilece\u011fini, muhafaza edilebilece\u011fini, yeniden d\u00fczenlenebilece\u011fini, kanunen bu ki\u015fisel verileri talep etmeye yetkili olan kurumlar ile payla\u015f\u0131labilece\u011fini ve KVKK\u2019n\u0131n \u00f6ng\u00f6rd\u00fc\u011f\u00fc \u015fartlarda, yurti\u00e7i veya yurtd\u0131\u015f\u0131 \u00fc\u00e7\u00fcnc\u00fc ki\u015filere aktar\u0131labilece\u011fini, devredilebilece\u011fini, s\u0131n\u0131fland\u0131r\u0131labilece\u011fini ve KVKK\u2019da say\u0131lan sair \u015fekil ve usullerle i\u015flenebilece\u011fini, KVKK ve \u0130mha Politikas\u0131\u2019nda yaz\u0131l\u0131 \u015fartlar\u0131n ger\u00e7ekle\u015fmesi halinde ki\u015fisel verilerinizin yok edilebilece\u011fini, silinebilece\u011fini yahut anonim hale getirilerek imha edilebilece\u011fini bildiririz.<\/p>\n<h2>\u0130\u015eLENEN K\u0130\u015e\u0130SEL VER\u0130LER\u0130N\u0130Z<\/h2>\n<p>\u00dc\u00e7\u00fcnc\u00fc ki\u015filere ili\u015fkin kendileri taraf\u0131ndan taraf\u0131m\u0131za sa\u011flanan ki\u015fisel veriler i\u015flenebilmektedir.<\/p>\n<div>\n<table class=\" alignleft\" style=\"border: 1px solid\" width=\"100%\">\n<tbody>\n<tr style=\"border: 1px solid\">\n<td style=\"border: 1px solid\"><strong>Kimlik Verisi<\/strong><\/td>\n<td style=\"border: 1px solid\">Ad, soyad\u0131, do\u011fum yeri ve tarihi, cinsiyet, TC kimlik kart\u0131 bilgileri<\/td>\n<\/tr>\n<tr style=\"border: 1px solid\">\n<td style=\"border: 1px solid\"><strong>\u0130leti\u015fim Verisi<\/strong><\/td>\n<td style=\"border: 1px solid\">Telefon numaras\u0131, a\u00e7\u0131k adres bilgisi, e-posta adresi, \u015firket i\u00e7i ileti\u015fim bilgileri<\/td>\n<\/tr>\n<tr style=\"border: 1px solid\">\n<td style=\"border: 1px solid\"><strong>M\u00fc\u015fteri \u0130\u015flem Verisi<\/strong><\/td>\n<td style=\"border: 1px solid\">\u00dcr\u00fcn ve hizmetlerin kullan\u0131m\u0131na y\u00f6nelik kay\u0131tlar ile m\u00fc\u015fterinin \u00fcr\u00fcn ve hizmetlerin kullan\u0131m\u0131 i\u00e7in gerekli olan talimatlar\u0131 ve talepleri vb. bilgiler.<\/td>\n<\/tr>\n<tr style=\"border: 1px solid\">\n<td style=\"border: 1px solid\"><strong>\u0130\u015flem g\u00fcvenli\u011fi Verisi<\/strong><\/td>\n<td style=\"border: 1px solid\">\u0130nternet sitesi giri\u015f-\u00e7\u0131k\u0131\u015f bilgileri (kullan\u0131c\u0131 adlar\u0131, \u015fifreler vb.), IP adres bilgileri, kulland\u0131\u011f\u0131m\u0131z \u00e7erezler vas\u0131tas\u0131yla elde etti\u011fimiz veriler,<\/td>\n<\/tr>\n<tr style=\"border: 1px solid\">\n<td style=\"border: 1px solid\"><strong>Di\u011fer<\/strong><\/td>\n<td style=\"border: 1px solid\">\u0130letilen mesajda yer alan bilgiler ve \u015firketle payla\u015f\u0131lan di\u011fer bilgiler<\/td>\n<\/tr>\n<\/tbody>\n<\/table>\n<\/div>\n<p>&nbsp;<\/p>\n<h2>\u00dc\u00c7\u00dcNC\u00dc K\u0130\u015e\u0130LER\u0130N K\u0130\u015e\u0130SEL VER\u0130LER\u0130N\u0130 \u0130\u015eLEME AMACIMIZ<\/h2>\n<p>Ki\u015fisel verileriniz, Ki\u015fisel Verilerin Korunmas\u0131 Kanunu\u2019nun 5 ve 6 numaral\u0131 maddelerinde belirtilen ki\u015fisel verilerin i\u015flenmesine ili\u015fkin \u015fartlara uygun olarak i\u015flenmektedir. Ki\u015fisel verileriniz, taraf\u0131n\u0131za sunulan \u00fcr\u00fcn ya da hizmetleri sa\u011flamak, geli\u015ftirmek, \u00fcr\u00fcn ve hizmetlerin kullan\u0131m\u0131na ili\u015fkin olarak geli\u015ftirilen faaliyetler uyar\u0131nca taraf\u0131n\u0131za hak ve menfaatler sa\u011flanmas\u0131, \u015firket i\u00e7i faaliyetlerin s\u00fcrd\u00fcr\u00fclmesi ve geli\u015ftirilmesi, taraf\u0131n\u0131zla i\u015f ili\u015fkilerinin y\u00fcr\u00fct\u00fclmesi amac\u0131 ba\u015fta olmak \u00fczere, a\u015fa\u011f\u0131da yer verilen vb. ama\u00e7larla do\u011fru orant\u0131l\u0131 olarak i\u015flenebilecektir.<\/p>\n<ul>\n<li>\u0130\u015f s\u00fcre\u00e7lerinin y\u00fcr\u00fct\u00fclmesi, denetlenmesi, iyile\u015ftirilmesi,<\/li>\n<li>\u0130leti\u015fim faaliyetleri,<\/li>\n<li>S\u00f6zle\u015fme y\u00f6netimi, s\u00f6zle\u015fme yap\u0131lmas\u0131 ve s\u00f6zle\u015fmenin ifas\u0131,<\/li>\n<li>M\u00fc\u015fteri ili\u015fkilerinin y\u00f6netimi,<\/li>\n<li>Sat\u0131\u015f sonras\u0131 hizmetler,<\/li>\n<li>\u00dc\u00e7\u00fcnc\u00fc ki\u015filerle olan ili\u015fkilerin y\u00f6netimi<\/li>\n<li>Mal ve hizmet sat\u0131n al\u0131m, \u00fcretim ve operasyon s\u00fcre\u00e7lerinin y\u00fcr\u00fct\u00fclmesi<\/li>\n<\/ul>\n<h2>K\u0130\u015e\u0130SEL VER\u0130LER\u0130N\u0130Z\u0130N TOPLANMA Y\u00d6NTEM\u0130 VE HUKUK\u0130 SEBEB\u0130<\/h2>\n<p>Ki\u015fisel verileriniz, \u015eirket\u2019in idare ve y\u00f6netimi ile finansal operasyonlar\u0131 \u00e7er\u00e7evesinde a\u015fa\u011f\u0131da belirtilen ama\u00e7larla gerekli oldu\u011fu \u00f6l\u00e7\u00fcde, KVKK\u2019n\u0131n 5\/2(a) maddesi kapsam\u0131nda kanunlarda a\u00e7\u0131k\u00e7a \u00f6ng\u00f6r\u00fclmesi, KVKK\u2019n\u0131n 5\/2(c) maddesinde \u00f6ng\u00f6r\u00fclen, bir s\u00f6zle\u015fmenin kurulmas\u0131 veya ifas\u0131yla do\u011frudan do\u011fruya ilgili olmas\u0131, KVKK\u2019n\u0131n 5\/2(d) maddesi kapsam\u0131nda ki\u015fisel verilerin taraf\u0131n\u0131zca alenile\u015ftirilmi\u015f olmas\u0131, KVKK\u2019n\u0131n 5\/2(e) maddesi kapsam\u0131nda veri i\u015flemenin bir hakk\u0131n tesisi, kullan\u0131lmas\u0131 veya korunmas\u0131 i\u00e7in zorunlu olmas\u0131 ya da KVKK\u2019n\u0131n 5\/2(f) maddesi gere\u011fi veri sorumlusu \u015eirket\u2019in me\u015fru menfaatleri i\u00e7in veri i\u015flenmesinin zorunlu olmas\u0131 hukuki sebepleriyle veya gereken hallerde a\u00e7\u0131k r\u0131zan\u0131z \u00e7er\u00e7evesinde i\u015flenebilmektedir.<\/p>\n<p>Ki\u015fisel verileriniz, Sizin taraf\u0131n\u0131zdan ve\/veya \u015firketinizin di\u011fer temsilcileri\/\u00e7al\u0131\u015fanlar\u0131 taraf\u0131ndan \u015eirkete s\u00f6zl\u00fc, fiziksel veya elektronik ortamlar arac\u0131l\u0131\u011f\u0131yla iletilmesi yoluyla veya \u015eirket taraf\u0131ndan internet sitesi, mobil uygulama ve sosyal mecralardaki bilgi ve talep formlar\u0131, sosyal ileti\u015fim aplikasyonlar\u0131, e-posta, \u00e7a\u011fr\u0131 merkezleri, randevu formu, s\u00f6zle\u015fmeler gibi muhtelif yollardan toplanmaktad\u0131r.<\/p>\n<h2>\u00dc\u00c7\u00dcNC\u00dc K\u0130\u015e\u0130 K\u0130\u015e\u0130SEL VER\u0130LER\u0130N\u0130N \u00dc\u00c7\u00dcNC\u00dc K\u0130\u015e\u0130LER \u0130LE PAYLA\u015eILMASI<\/h2>\n<p>Ki\u015fisel verilerinizin, yukar\u0131da belirtilen ama\u00e7lar do\u011frultusunda, \u015eirket taraf\u0131ndan; \u015eirket \u00e7al\u0131\u015fanlar\u0131na, g\u00f6revlilerine, grup \u015firketlerine (\u015eirket ve\/veya i\u015f ortaklar\u0131na, hissedarlar\u0131na), kanunen yetkili kamu kurum ve kurulu\u015flar\u0131na, faaliyetlerini y\u00fcr\u00fctebilmek amac\u0131yla hukuki zorunluluklar ve yasal s\u0131n\u0131rlamalar \u00e7er\u00e7evesinde ba\u011f\u0131ms\u0131z denetim \u015firketlerine, taraf\u0131m\u0131zca verilecek hizmetlerin ve\/veya faaliyetlerin y\u00fcr\u00fct\u00fclmesi i\u00e7in \u015eirket\u2019in hizmet ald\u0131\u011f\u0131 veya birlikte \u00e7al\u0131\u015ft\u0131\u011f\u0131 i\u015f ortaklar\u0131na ve hizmet sa\u011flay\u0131c\u0131lar\u0131na aktar\u0131labilece\u011fini bildiririz.<\/p>\n<p>\u015eirket taraf\u0131ndan ki\u015fisel verileriniz KVKK\u2019n\u0131n 4\/2 maddesindeki ilkelere g\u00f6re a\u00e7\u0131k r\u0131zan\u0131n varl\u0131\u011f\u0131 halinde, yine kanunun 5\/2 maddesinde ve kanunun 6\/3 maddesinde yer alan \u015fartlar\u0131n varl\u0131\u011f\u0131 halinde a\u00e7\u0131k r\u0131za olmaks\u0131z\u0131n kanunun 9. maddesine uygun olarak yurt d\u0131\u015f\u0131na aktar\u0131labilir.<\/p>\n<h2>KVKK\u2019NIN 11. MADDES\u0130 UYARINCA HAKLARINIZ<\/h2>\n<p>KVKK\u2019n\u0131n 11. maddesi gere\u011fi \u015eirkete \u015fahsen, kimli\u011finizi ispat etmeniz kayd\u0131yla, ki\u015fisel verileriniz ile ilgili;<\/p>\n<ul>\n<li>\u015eirket\u2019in ki\u015fisel verilerinizi i\u015fleyip i\u015flemedi\u011fini \u00f6\u011frenmek, e\u011fer i\u015flemi\u015fse, buna ili\u015fkin bilgi talep etmek,<\/li>\n<li>Ki\u015fisel verilerinizin i\u015flenme amac\u0131n\u0131 ve bunlar\u0131n amac\u0131na uygun kullan\u0131l\u0131p kullan\u0131lmad\u0131\u011f\u0131 \u00f6\u011frenmek,<\/li>\n<li>Ki\u015fisel verilerinizin yurti\u00e7i veya yurtd\u0131\u015f\u0131na aktar\u0131l\u0131p aktar\u0131lmad\u0131\u011f\u0131n\u0131 ve kimlere aktar\u0131ld\u0131\u011f\u0131n\u0131 \u00f6\u011frenmek haklar\u0131na sahipsiniz.<\/li>\n<\/ul>\n<p>\u015eirketten yanl\u0131\u015f ve eksik ki\u015fisel verilerinizin d\u00fczeltilmesini ve verilerinizin aktar\u0131ld\u0131\u011f\u0131 veya aktar\u0131lm\u0131\u015f olabilece\u011fi al\u0131c\u0131lar\u0131n bilgilendirilmesini talep etme hakk\u0131n\u0131z vard\u0131r.<\/p>\n<p>\u015eirketten, KVKK madde 7\u2019de \u00f6ng\u00f6r\u00fclen \u015fartlar \u00e7er\u00e7evesinde, ki\u015fisel verilerinizin imha edilmesini (silinmesini, yok edilmesini veya anonim hale getirilmesini) talep edebilirsiniz. Verilerinizin aktar\u0131ld\u0131\u011f\u0131 veya aktar\u0131labilece\u011fi 3. ki\u015filerin s\u00f6z konusu imha talebiniz ile ilgili bilgilendirilmesini talep edebilirsiniz. \u0130mha talebiniz incelenerek somut olay\u0131n ko\u015fullar\u0131na g\u00f6re hangi imha y\u00f6nteminin uygun oldu\u011fu taraf\u0131m\u0131zca de\u011ferlendirilecektir. Bu ba\u011flamda se\u00e7ti\u011fimiz imha y\u00f6ntemine ili\u015fkin bilgi talep etme hakk\u0131n\u0131z bulunmaktad\u0131r.<\/p>\n<p>M\u00fcnhas\u0131ran bir otomatik sistem kullan\u0131larak olu\u015fturulmu\u015f ki\u015fisel veri analizinizin sonu\u00e7lar\u0131na bu sonu\u00e7lar \u00e7\u0131karlar\u0131n\u0131za ayk\u0131r\u0131ysa itiraz edebilirsiniz.<\/p>\n<p>Ki\u015fisel verilerinizin kanuna ayk\u0131r\u0131 olarak i\u015flenmesi sebebiyle zarara u\u011framan\u0131z halinde zarar\u0131n giderilmesini talep edebilirsiniz.<\/p>\n<p>\u0130lgili ki\u015fi, Kanunun 11 inci maddesinde belirtilen haklar\u0131 kapsam\u0131nda taleplerini, yaz\u0131l\u0131 olarak veya kay\u0131tl\u0131 elektronik posta (KEP) adresi, g\u00fcvenli elektronik imza, mobil imza ya da ilgili ki\u015fi taraf\u0131ndan veri sorumlusuna daha \u00f6nce bildirilen ve veri sorumlusunun sisteminde kay\u0131tl\u0131 bulunan elektronik posta adresini kullanmak suretiyle veya ba\u015fvuru amac\u0131na y\u00f6nelik geli\u015ftirilmi\u015f bir yaz\u0131l\u0131m ya da uygulama vas\u0131tas\u0131yla veri sorumlusuna iletir. Ba\u015fvuruda; a) Ad, soyad ve ba\u015fvuru yaz\u0131l\u0131 ise imza, b) T\u00fcrkiye Cumhuriyeti vatanda\u015flar\u0131 i\u00e7in T.C. kimlik numaras\u0131, yabanc\u0131lar i\u00e7in uyru\u011fu, pasaport numaras\u0131 veya varsa kimlik numaras\u0131, c) Tebligata esas yerle\u015fim yeri veya i\u015f yeri adresi, \u00e7) Varsa bildirime esas elektronik posta adresi, telefon ve faks numaras\u0131, d) Talep konusu, bulunmas\u0131 zorunludur. Konuya ili\u015fkin bilgi ve belgeler ba\u015fvuruya eklenir.<\/p>\n<p>\u0130lgili ki\u015finin ba\u015fvurusuna yaz\u0131l\u0131 olarak cevap verilecekse, on sayfaya kadar \u00fccret al\u0131nmaz. On sayfan\u0131n \u00fczerindeki her sayfa i\u00e7in 1 T\u00fcrk Liras\u0131 i\u015flem \u00fccreti al\u0131nabilir. Ba\u015fvuruya cevab\u0131n CD, flash bellek gibi bir kay\u0131t ortam\u0131nda verilmesi halinde veri sorumlusu taraf\u0131ndan talep edilebilecek \u00fccret kay\u0131t ortam\u0131n\u0131n maliyetini ge\u00e7emez.<\/p>\n<p>Veri sorumlusu, ba\u015fvuruda bulunan ki\u015finin ki\u015fisel veri sahibi olup olmad\u0131\u011f\u0131n\u0131 tespit etmek ad\u0131na ilgili ki\u015fiden bilgi talep edebilir. Ba\u015fvuruda belirtilen hususlar\u0131 netle\u015ftirmek ad\u0131na ilgili ki\u015fiye ba\u015fvurusu ile ilgili soru y\u00f6neltebilir.<\/p>\n<p>\u0130\u015fbu Ayd\u0131nlatma Metni, gerekli g\u00f6r\u00fcld\u00fc\u011f\u00fc hallerde \u015eirketimiz taraf\u0131ndan revize edilebilir. Revizyonun s\u00f6z konusu oldu\u011fu hallerde bu hususa ili\u015fkin olarak taraf\u0131n\u0131za bilgilendirme yap\u0131lacakt\u0131r.<\/p>\n<table class=\" alignleft\">\n<tbody>\n<tr>\n<td width=\"161\"><strong>Veri Sorumlusu<\/strong><\/td>\n<td width=\"465\">L\u0130NDSTR\u00d6M TEKST\u0130L H\u0130ZMETLER\u0130 T\u0130CARET L\u0130M\u0130TED \u015e\u0130RKET\u0130<\/td>\n<\/tr>\n<tr>\n<td width=\"161\">Adresi<\/td>\n<td width=\"465\">\u015eEKERPINAR MAHALLES\u0130 TURGUT SOKAK No:5 \u00c7AYIROVA\/KOCAEL\u0130<\/td>\n<\/tr>\n<tr>\n<td width=\"161\">Mersis No<\/td>\n<td width=\"465\">0609039617600018<\/td>\n<\/tr>\n<tr>\n<td width=\"161\">Telefon Numaras\u0131<\/td>\n<td width=\"465\">0262 658 97 03<\/td>\n<\/tr>\n<tr>\n<td width=\"161\">KEP Adresi<\/td>\n<td width=\"465\">lindstromtekstilhizmetleri@hs01.kep.tr<\/td>\n<\/tr>\n<\/tbody>\n<\/table>\n<\/div>\n                        <div class=\"cta-button-container cta-button-container--row\">\n                            <\/div>\n        <\/div>\n    <\/div>\n    \n\n    <\/div>\n<\/div>\n","protected":false},"excerpt":{"rendered":"","protected":false},"author":14,"featured_media":0,"parent":0,"menu_order":0,"comment_status":"closed","ping_status":"closed","template":"","meta":{"_acf_changed":true,"inline_featured_image":false,"_eb_attr":"","site-sidebar-layout":"default","site-content-layout":"","ast-site-content-layout":"default","site-content-style":"default","site-sidebar-style":"default","ast-global-header-display":"","ast-banner-title-visibility":"","ast-main-header-display":"","ast-hfb-above-header-display":"","ast-hfb-below-header-display":"","ast-hfb-mobile-header-display":"","site-post-title":"","ast-breadcrumbs-content":"","ast-featured-img":"","footer-sml-layout":"","ast-disable-related-posts":"","theme-transparent-header-meta":"","adv-header-id-meta":"","stick-header-meta":"","header-above-stick-meta":"","header-main-stick-meta":"","header-below-stick-meta":"","astra-migrate-meta-layouts":"default","ast-page-background-enabled":"default","ast-page-background-meta":{"desktop":{"background-color":"var(--ast-global-color-4)","background-image":"","background-repeat":"repeat","background-position":"center center","background-size":"auto","background-attachment":"scroll","background-type":"","background-media":"","overlay-type":"","overlay-color":"","overlay-opacity":"","overlay-gradient":""},"tablet":{"background-color":"","background-image":"","background-repeat":"repeat","background-position":"center center","background-size":"auto","background-attachment":"scroll","background-type":"","background-media":"","overlay-type":"","overlay-color":"","overlay-opacity":"","overlay-gradient":""},"mobile":{"background-color":"","background-image":"","background-repeat":"repeat","background-position":"center center","background-size":"auto","background-attachment":"scroll","background-type":"","background-media":"","overlay-type":"","overlay-color":"","overlay-opacity":"","overlay-gradient":""}},"ast-content-background-meta":{"desktop":{"background-color":"var(--ast-global-color-5)","background-image":"","background-repeat":"repeat","background-position":"center center","background-size":"auto","background-attachment":"scroll","background-type":"","background-media":"","overlay-type":"","overlay-color":"","overlay-opacity":"","overlay-gradient":""},"tablet":{"background-color":"var(--ast-global-color-5)","background-image":"","background-repeat":"repeat","background-position":"center center","background-size":"auto","background-attachment":"scroll","background-type":"","background-media":"","overlay-type":"","overlay-color":"","overlay-opacity":"","overlay-gradient":""},"mobile":{"background-color":"var(--ast-global-color-5)","background-image":"","background-repeat":"repeat","background-position":"center center","background-size":"auto","background-attachment":"scroll","background-type":"","background-media":"","overlay-type":"","overlay-color":"","overlay-opacity":"","overlay-gradient":""}},"footnotes":""},"coauthors":[20],"class_list":["post-16980","page","type-page","status-publish","hentry"],"acf":[],"yoast_head":"<!-- This site is optimized with the Yoast SEO plugin v27.2 - https:\/\/yoast.com\/product\/yoast-seo-wordpress\/ -->\n<title>Ayd\u0131nlatma metni - Lindstr\u00f6m Turkey<\/title>\n<meta name=\"robots\" content=\"index, follow, max-snippet:-1, max-image-preview:large, max-video-preview:-1\" \/>\n<meta property=\"og:locale\" content=\"tr_TR\" \/>\n<meta property=\"og:type\" content=\"article\" \/>\n<meta property=\"og:title\" content=\"Ayd\u0131nlatma metni - Lindstr\u00f6m Turkey\" \/>\n<meta property=\"og:url\" content=\"https:\/\/lindstromgroup.com\/tr\/aydinlatma-metni\/\" \/>\n<meta property=\"og:site_name\" content=\"Lindstr\u00f6m Turkey\" \/>\n<meta property=\"article:modified_time\" content=\"2024-07-02T16:06:29+00:00\" \/>\n<meta property=\"og:image\" content=\"https:\/\/d2ris6qfzcz0wn.cloudfront.net\/wp-content\/uploads\/sites\/12\/2024\/04\/Quality_workwear_header.jpg\" \/>\n\t<meta property=\"og:image:width\" content=\"1325\" \/>\n\t<meta property=\"og:image:height\" content=\"422\" \/>\n\t<meta property=\"og:image:type\" content=\"image\/jpeg\" \/>\n<meta name=\"twitter:card\" content=\"summary_large_image\" \/>\n<meta name=\"twitter:label1\" content=\"Tahmini okuma s\u00fcresi\" \/>\n\t<meta name=\"twitter:data1\" content=\"1 dakika\" \/>\n\t<meta name=\"twitter:label2\" content=\"Written by\" \/>\n\t<meta name=\"twitter:data2\" content=\"Lindstr\u00f6m Group\" \/>\n<script type=\"application\/ld+json\" class=\"yoast-schema-graph\">{\"@context\":\"https:\/\/schema.org\",\"@graph\":[{\"@type\":\"WebPage\",\"@id\":\"https:\/\/lindstromgroup.com\/tr\/aydinlatma-metni\/\",\"url\":\"https:\/\/lindstromgroup.com\/tr\/aydinlatma-metni\/\",\"name\":\"Ayd\u0131nlatma metni - Lindstr\u00f6m Turkey\",\"isPartOf\":{\"@id\":\"https:\/\/lindstromgroup.com\/tr\/#website\"},\"datePublished\":\"2024-07-02T16:06:28+00:00\",\"dateModified\":\"2024-07-02T16:06:29+00:00\",\"breadcrumb\":{\"@id\":\"https:\/\/lindstromgroup.com\/tr\/aydinlatma-metni\/#breadcrumb\"},\"inLanguage\":\"tr\",\"potentialAction\":[{\"@type\":\"ReadAction\",\"target\":[\"https:\/\/lindstromgroup.com\/tr\/aydinlatma-metni\/\"]}]},{\"@type\":\"BreadcrumbList\",\"@id\":\"https:\/\/lindstromgroup.com\/tr\/aydinlatma-metni\/#breadcrumb\",\"itemListElement\":[{\"@type\":\"ListItem\",\"position\":1,\"name\":\"Home\",\"item\":\"https:\/\/lindstromgroup.com\/tr\/\"},{\"@type\":\"ListItem\",\"position\":2,\"name\":\"Ayd\u0131nlatma metni\"}]},{\"@type\":\"WebSite\",\"@id\":\"https:\/\/lindstromgroup.com\/tr\/#website\",\"url\":\"https:\/\/lindstromgroup.com\/tr\/\",\"name\":\"Lindstr\u00f6m Turkey\",\"description\":\"\",\"publisher\":{\"@id\":\"https:\/\/lindstromgroup.com\/tr\/#organization\"},\"potentialAction\":[{\"@type\":\"SearchAction\",\"target\":{\"@type\":\"EntryPoint\",\"urlTemplate\":\"https:\/\/lindstromgroup.com\/tr\/?s={search_term_string}\"},\"query-input\":{\"@type\":\"PropertyValueSpecification\",\"valueRequired\":true,\"valueName\":\"search_term_string\"}}],\"inLanguage\":\"tr\"},{\"@type\":\"Organization\",\"@id\":\"https:\/\/lindstromgroup.com\/tr\/#organization\",\"name\":\"Lindstr\u00f6m Turkey\",\"url\":\"https:\/\/lindstromgroup.com\/tr\/\",\"logo\":{\"@type\":\"ImageObject\",\"inLanguage\":\"tr\",\"@id\":\"https:\/\/lindstromgroup.com\/tr\/#\/schema\/logo\/image\/\",\"url\":\"https:\/\/d2ris6qfzcz0wn.cloudfront.net\/wp-content\/uploads\/sites\/12\/2023\/10\/Logo512.png\",\"contentUrl\":\"https:\/\/d2ris6qfzcz0wn.cloudfront.net\/wp-content\/uploads\/sites\/12\/2023\/10\/Logo512.png\",\"width\":512,\"height\":109,\"caption\":\"Lindstr\u00f6m Turkey\"},\"image\":{\"@id\":\"https:\/\/lindstromgroup.com\/tr\/#\/schema\/logo\/image\/\"}}]}<\/script>\n<!-- \/ Yoast SEO plugin. -->","yoast_head_json":{"title":"Ayd\u0131nlatma metni - Lindstr\u00f6m Turkey","robots":{"index":"index","follow":"follow","max-snippet":"max-snippet:-1","max-image-preview":"max-image-preview:large","max-video-preview":"max-video-preview:-1"},"og_locale":"tr_TR","og_type":"article","og_title":"Ayd\u0131nlatma metni - Lindstr\u00f6m Turkey","og_url":"https:\/\/lindstromgroup.com\/tr\/aydinlatma-metni\/","og_site_name":"Lindstr\u00f6m Turkey","article_modified_time":"2024-07-02T16:06:29+00:00","og_image":[{"width":1325,"height":422,"url":"https:\/\/d2ris6qfzcz0wn.cloudfront.net\/wp-content\/uploads\/sites\/12\/2024\/04\/Quality_workwear_header.jpg","type":"image\/jpeg"}],"twitter_card":"summary_large_image","twitter_misc":{"Tahmini okuma s\u00fcresi":"1 dakika","Written by":"Lindstr\u00f6m Group"},"schema":{"@context":"https:\/\/schema.org","@graph":[{"@type":"WebPage","@id":"https:\/\/lindstromgroup.com\/tr\/aydinlatma-metni\/","url":"https:\/\/lindstromgroup.com\/tr\/aydinlatma-metni\/","name":"Ayd\u0131nlatma metni - Lindstr\u00f6m Turkey","isPartOf":{"@id":"https:\/\/lindstromgroup.com\/tr\/#website"},"datePublished":"2024-07-02T16:06:28+00:00","dateModified":"2024-07-02T16:06:29+00:00","breadcrumb":{"@id":"https:\/\/lindstromgroup.com\/tr\/aydinlatma-metni\/#breadcrumb"},"inLanguage":"tr","potentialAction":[{"@type":"ReadAction","target":["https:\/\/lindstromgroup.com\/tr\/aydinlatma-metni\/"]}]},{"@type":"BreadcrumbList","@id":"https:\/\/lindstromgroup.com\/tr\/aydinlatma-metni\/#breadcrumb","itemListElement":[{"@type":"ListItem","position":1,"name":"Home","item":"https:\/\/lindstromgroup.com\/tr\/"},{"@type":"ListItem","position":2,"name":"Ayd\u0131nlatma metni"}]},{"@type":"WebSite","@id":"https:\/\/lindstromgroup.com\/tr\/#website","url":"https:\/\/lindstromgroup.com\/tr\/","name":"Lindstr\u00f6m Turkey","description":"","publisher":{"@id":"https:\/\/lindstromgroup.com\/tr\/#organization"},"potentialAction":[{"@type":"SearchAction","target":{"@type":"EntryPoint","urlTemplate":"https:\/\/lindstromgroup.com\/tr\/?s={search_term_string}"},"query-input":{"@type":"PropertyValueSpecification","valueRequired":true,"valueName":"search_term_string"}}],"inLanguage":"tr"},{"@type":"Organization","@id":"https:\/\/lindstromgroup.com\/tr\/#organization","name":"Lindstr\u00f6m Turkey","url":"https:\/\/lindstromgroup.com\/tr\/","logo":{"@type":"ImageObject","inLanguage":"tr","@id":"https:\/\/lindstromgroup.com\/tr\/#\/schema\/logo\/image\/","url":"https:\/\/d2ris6qfzcz0wn.cloudfront.net\/wp-content\/uploads\/sites\/12\/2023\/10\/Logo512.png","contentUrl":"https:\/\/d2ris6qfzcz0wn.cloudfront.net\/wp-content\/uploads\/sites\/12\/2023\/10\/Logo512.png","width":512,"height":109,"caption":"Lindstr\u00f6m Turkey"},"image":{"@id":"https:\/\/lindstromgroup.com\/tr\/#\/schema\/logo\/image\/"}}]}},"publishpress_future_workflow_manual_trigger":{"enabledWorkflows":[]},"distributor_meta":false,"distributor_terms":false,"distributor_media":false,"distributor_original_site_name":"Lindstr\u00f6m Turkey","distributor_original_site_url":"https:\/\/lindstromgroup.com\/tr","push-errors":false,"_links":{"self":[{"href":"https:\/\/lindstromgroup.com\/tr\/wp-json\/wp\/v2\/pages\/16980","targetHints":{"allow":["GET"]}}],"collection":[{"href":"https:\/\/lindstromgroup.com\/tr\/wp-json\/wp\/v2\/pages"}],"about":[{"href":"https:\/\/lindstromgroup.com\/tr\/wp-json\/wp\/v2\/types\/page"}],"author":[{"embeddable":true,"href":"https:\/\/lindstromgroup.com\/tr\/wp-json\/wp\/v2\/users\/14"}],"replies":[{"embeddable":true,"href":"https:\/\/lindstromgroup.com\/tr\/wp-json\/wp\/v2\/comments?post=16980"}],"version-history":[{"count":0,"href":"https:\/\/lindstromgroup.com\/tr\/wp-json\/wp\/v2\/pages\/16980\/revisions"}],"wp:attachment":[{"href":"https:\/\/lindstromgroup.com\/tr\/wp-json\/wp\/v2\/media?parent=16980"}],"wp:term":[{"taxonomy":"author","embeddable":true,"href":"https:\/\/lindstromgroup.com\/tr\/wp-json\/wp\/v2\/coauthors?post=16980"}],"curies":[{"name":"wp","href":"https:\/\/api.w.org\/{rel}","templated":true}]}}