
    {"id":18784,"date":"2025-03-05T12:42:25","date_gmt":"2025-03-05T11:42:25","guid":{"rendered":"https:\/\/lindstromgroup.com\/sk\/?page_id=18784"},"modified":"2026-03-18T15:35:13","modified_gmt":"2026-03-18T14:35:13","slug":"certifikaty","status":"publish","type":"page","link":"https:\/\/lindstromgroup.com\/sk\/certifikaty\/","title":{"rendered":"Certifik\u00e1ty"},"content":{"rendered":"\n    <div\n        id=\"block_c5e04337db25831fc96906db99e5b9b4\"\n        class=\"hero-sub hero-sub--block_c5e04337db25831fc96906db99e5b9b4  flex flex-col-reverse lg:flex-row justify-between bg-dark-blue text-white\"\n    >        \n        <div class=\"flex flex-col gap-5 pt-10 pb-5 grow px-5 lg:px-20\">\n            <div class=\"flex flex-col justify-center gap-3 grow max-w-[var(--container-text-max)]\">\n                <h1 class=\"!mb-0 !text-white !text-title-medium lg:!text-title-large !font-bold hyphens-auto break-words\">\n                    Certifik\u00e1ty                <\/h1>\n    \n                <div class=\"hero-sub__description\">\n                                    <\/div>\n    \n                \n                            <\/div>\n                            <div class=\"font-bold hero-sub__breadcrumb text-body-small\">\n                        <span><span><a href=\"https:\/\/lindstromgroup.com\/sk\/\">Home<\/a><\/span><\/span>                <\/div>\n                    <\/div>\n\n        <div class=\"[&#038;_picture]:w-full flex h-full lg:h-auto max-h-[350px] lg:max-h-none lg:min-h-full w-full lg:w-[650px]\">\n            <img decoding=\"async\"\n                class=\"object-cover w-full h-full\"\n                src=\"https:\/\/d2ris6qfzcz0wn.cloudfront.net\/wp-content\/uploads\/sites\/22\/2025\/03\/88261162_xl-1024x683.jpg\"\n                alt=\"Certifik\u00e1ty\"\n            >\n        <\/div>\n    <\/div>\n\n\n\n        <style>\n            .lindstrom-container--block_1ae140f28e27085e5d2a58f6779d7188 {                \n                padding-top: 35px;\n                padding-bottom: 35px;\n            }\n\n            @media screen and (min-width: 768px) {\n                .lindstrom-container--block_1ae140f28e27085e5d2a58f6779d7188 {\n                    padding-top: 75px;\n                    padding-bottom: 75px;\n                }\n            }\n        <\/style>\n    \n<div\n    class=\"lindstrom-container-wrapper lindstrom-container lindstrom-container--block_1ae140f28e27085e5d2a58f6779d7188 \"\n    id=\"block_1ae140f28e27085e5d2a58f6779d7188\"\n    style=\"background-color: #ffffff\"\n    >\n    <div class=\"lindstrom-container lindstrom-container--text items-stretch\">\n        \n\n<div class=\"wp-block-media-text has-media-on-the-right is-stacked-on-mobile\" style=\"border-width:1px;border-radius:0px;margin-top:var(--wp--preset--spacing--20);margin-right:var(--wp--preset--spacing--20);margin-bottom:var(--wp--preset--spacing--20);margin-left:var(--wp--preset--spacing--20);padding-top:0;padding-right:var(--wp--preset--spacing--20);padding-bottom:0;padding-left:var(--wp--preset--spacing--20);grid-template-columns:auto 33%\"><div class=\"wp-block-media-text__content\">\n<h2 class=\"wp-block-heading\">ISO 9001:2015<\/h2>\n\n\n\n<p class=\"has-text-align-left\"><span style=\"font-weight: 400;\">Lindstr\u00f6m ako prv\u00e1 spolo\u010dnos\u0165 v odbore zaviedla a sp\u013a\u0148a najnov\u0161ie \u0161tandardy syst\u00e9mu mana\u017ementu kvality ISO 9001 a normy ochrany \u017eivotn\u00e9ho prostredia ISO 14001.<\/span><\/p>\n\n\n\n<p class=\"has-text-align-left\"><b>Certifik\u00e1cia ISO 9001: 2015<\/b><span style=\"font-weight: 400;\"> dokazuje, \u017ee spolo\u010dnos\u0165 Lindstr\u00f6m <strong>d\u00f4sledne sleduje potreby svojich z\u00e1kazn\u00edkov a rozv\u00edja ponuku svojich slu\u017eieb k ich spokojnosti<\/strong> a v s\u00falade s regula\u010dn\u00fdmi opatreniami tejto normy.<\/span><\/p>\n<\/div><figure class=\"wp-block-media-text__media\"><img decoding=\"async\" width=\"300\" height=\"300\" src=\"https:\/\/d2ris6qfzcz0wn.cloudfront.net\/wp-content\/uploads\/sites\/22\/2024\/01\/ManagementSysCert_ISO9001_14001_45001_col_11-1-e1671201305996-300x300-1.webp\" alt=\"\" class=\"wp-image-16216 size-full\" srcset=\"https:\/\/d2ris6qfzcz0wn.cloudfront.net\/wp-content\/uploads\/sites\/22\/2024\/01\/ManagementSysCert_ISO9001_14001_45001_col_11-1-e1671201305996-300x300-1.webp 300w, https:\/\/d2ris6qfzcz0wn.cloudfront.net\/wp-content\/uploads\/sites\/22\/2024\/01\/ManagementSysCert_ISO9001_14001_45001_col_11-1-e1671201305996-300x300-1-150x150.webp 150w\" sizes=\"(max-width: 300px) 100vw, 300px\" \/><\/figure><\/div>\n\n\n\n<div class=\"wp-block-media-text is-stacked-on-mobile\" style=\"border-width:1px;margin-top:var(--wp--preset--spacing--20);margin-right:var(--wp--preset--spacing--20);margin-bottom:var(--wp--preset--spacing--20);margin-left:var(--wp--preset--spacing--20);padding-right:var(--wp--preset--spacing--20);padding-left:var(--wp--preset--spacing--20);grid-template-columns:33% auto\"><figure class=\"wp-block-media-text__media\"><img decoding=\"async\" width=\"300\" height=\"300\" src=\"https:\/\/d2ris6qfzcz0wn.cloudfront.net\/wp-content\/uploads\/sites\/22\/2024\/01\/ManagementSysCert_ISO9001_14001_45001_col_11-1-e1671201305996-300x300-1.webp\" alt=\"\" class=\"wp-image-16216 size-full\" srcset=\"https:\/\/d2ris6qfzcz0wn.cloudfront.net\/wp-content\/uploads\/sites\/22\/2024\/01\/ManagementSysCert_ISO9001_14001_45001_col_11-1-e1671201305996-300x300-1.webp 300w, https:\/\/d2ris6qfzcz0wn.cloudfront.net\/wp-content\/uploads\/sites\/22\/2024\/01\/ManagementSysCert_ISO9001_14001_45001_col_11-1-e1671201305996-300x300-1-150x150.webp 150w\" sizes=\"(max-width: 300px) 100vw, 300px\" \/><\/figure><div class=\"wp-block-media-text__content\">\n<h2 class=\"wp-block-heading has-text-align-left\">ISO 14001:2015<\/h2>\n\n\n\n<p class=\"has-text-align-left\"><b>Certifik\u00e1cia ISO 14001: 2015<\/b><span style=\"font-weight: 400;\"> je pre n\u00e1s tie\u017e ve\u013emi d\u00f4le\u017eit\u00e1. Dokazuje, ako na\u0161a <\/span><b>spolo\u010dnos\u0165 zachov\u00e1va princ\u00edpy trvalej udr\u017eate\u013enosti<\/b><span style=\"font-weight: 400;\">. T\u00e1to certifik\u00e1cia vy\u017eaduje <\/span><b>systematick\u00fd pr\u00edstup k zodpovednosti za \u017eivotn\u00e9 prostredie<\/b><span style=\"font-weight: 400;\">, \u010do zah\u0155\u0148a snahu o neust\u00e1le vylep\u0161ovanie technol\u00f3gie tak, aby sa zmen\u0161il negat\u00edvny dopad \u010dinnosti firmy na \u017eivotn\u00e9 prostredie, plnenie stanoven\u00fdch povinnost\u00ed s\u00favisiacich s ochranou \u017eivotn\u00e9ho prostredia a dosiahnutie stanoven\u00fdch environment\u00e1lnych cie\u013eov.<\/span><\/p>\n<\/div><\/div>\n\n\n\n<div class=\"wp-block-media-text has-media-on-the-right is-stacked-on-mobile\" style=\"border-width:1px;margin-top:var(--wp--preset--spacing--20);margin-right:var(--wp--preset--spacing--20);margin-bottom:var(--wp--preset--spacing--20);margin-left:var(--wp--preset--spacing--20);padding-top:0;padding-right:var(--wp--preset--spacing--20);padding-bottom:0;padding-left:var(--wp--preset--spacing--20);grid-template-columns:auto 33%\"><div class=\"wp-block-media-text__content\">\n<h2 class=\"wp-block-heading has-text-align-left\">ISO 45001<\/h2>\n\n\n\n<p>Norma ISO 45001 usmer\u0148uje organiz\u00e1cie, ako sa stara\u0165 o bezpe\u010dnos\u0165 a ochranu zdravia pri pr\u00e1ci svojich zamestnancov. Pre Lindstr\u00f6m je to formaliz\u00e1ciou na\u0161ej We Care kult\u00fary. Od chv\u00edle, ke\u010f odch\u00e1dzaj\u00fa do pr\u00e1ce a\u017e do chv\u00edle, ke\u010f sa vr\u00e1tia domov na\u0161i zamestnanci, zmluvn\u00ed partneri a ich bl\u00edzki vedia, \u017ee s\u00fa v bezpe\u010d\u00ed.<\/p>\n<\/div><figure class=\"wp-block-media-text__media\"><img decoding=\"async\" width=\"300\" height=\"300\" src=\"https:\/\/d2ris6qfzcz0wn.cloudfront.net\/wp-content\/uploads\/sites\/22\/2024\/01\/ManagementSysCert_ISO9001_14001_45001_col_11-1-e1671201305996-300x300-1.webp\" alt=\"\" class=\"wp-image-16216 size-full\" srcset=\"https:\/\/d2ris6qfzcz0wn.cloudfront.net\/wp-content\/uploads\/sites\/22\/2024\/01\/ManagementSysCert_ISO9001_14001_45001_col_11-1-e1671201305996-300x300-1.webp 300w, https:\/\/d2ris6qfzcz0wn.cloudfront.net\/wp-content\/uploads\/sites\/22\/2024\/01\/ManagementSysCert_ISO9001_14001_45001_col_11-1-e1671201305996-300x300-1-150x150.webp 150w\" sizes=\"(max-width: 300px) 100vw, 300px\" \/><\/figure><\/div>\n\n\n\n<div class=\"wp-block-media-text is-stacked-on-mobile\" style=\"border-width:1px;margin-top:var(--wp--preset--spacing--20);margin-right:var(--wp--preset--spacing--20);margin-bottom:var(--wp--preset--spacing--20);margin-left:var(--wp--preset--spacing--20);padding-right:var(--wp--preset--spacing--20);padding-left:var(--wp--preset--spacing--20);grid-template-columns:33% auto\"><figure class=\"wp-block-media-text__media\"><img decoding=\"async\" width=\"394\" height=\"473\" src=\"https:\/\/d2ris6qfzcz0wn.cloudfront.net\/wp-content\/uploads\/sites\/22\/2024\/06\/EN-14065-ensures-contamination-free-textiles-in-our.png\" alt=\"\" class=\"wp-image-18263 size-full\" srcset=\"https:\/\/d2ris6qfzcz0wn.cloudfront.net\/wp-content\/uploads\/sites\/22\/2024\/06\/EN-14065-ensures-contamination-free-textiles-in-our.png 394w, https:\/\/d2ris6qfzcz0wn.cloudfront.net\/wp-content\/uploads\/sites\/22\/2024\/06\/EN-14065-ensures-contamination-free-textiles-in-our-250x300.png 250w\" sizes=\"(max-width: 394px) 100vw, 394px\" \/><\/figure><div class=\"wp-block-media-text__content\">\n<h2 class=\"wp-block-heading has-text-align-left\">EN SFS 14065&nbsp;<\/h2>\n\n\n\n<p class=\"has-text-align-left\">V\u0161etky na\u0161e pr\u00e1\u010dovne sa tie\u017e riadia vn\u00fatropodnikovou hygienickou normou vytvorenou pod\u013ea&nbsp;medzin\u00e1rodn\u00e9 normy EN-SFS 14065 (Textil &#8211; Priemyselne pran\u00fd textil- Kontroln\u00fd syst\u00e9m pre biokontamin\u00e1cie).<\/p>\n<\/div><\/div>\n\n\n\n<div class=\"wp-block-media-text has-media-on-the-right is-stacked-on-mobile\" style=\"border-width:1px;margin-top:var(--wp--preset--spacing--20);margin-right:var(--wp--preset--spacing--20);margin-bottom:var(--wp--preset--spacing--20);margin-left:var(--wp--preset--spacing--20);padding-right:var(--wp--preset--spacing--20);padding-left:var(--wp--preset--spacing--20);grid-template-columns:auto 33%\"><div class=\"wp-block-media-text__content\">\n<h2 class=\"wp-block-heading has-text-align-left\">ecovadis 2026: Platinov\u00e1 medaila<\/h2>\n\n\n\n<p class=\"has-text-align-left\">EcoVadis n\u00e1m poskytuje n\u00e1kladovo efekt\u00edvny sp\u00f4sob, ako prezentova\u0165 na\u0161u udr\u017eate\u013enos\u0165, overen\u00fa nez\u00e1vislou tre\u0165ou stranou.<\/p>\n\n\n\n<p>EcoVadis hodnot\u00ed spolo\u010dnosti v \u0161tyroch kateg\u00f3ri\u00e1ch: \u017eivotn\u00e9 prostredie, pracovn\u00e9 a \u013eudsk\u00e9 pr\u00e1va, etika a udr\u017eate\u013en\u00e9 obstar\u00e1vanie.<\/p>\n\n\n\n<p>Spolo\u010dnos\u0165 Lindstr\u00f6m <strong>vo febru\u00e1ri 2026 op\u00e4\u0165 dosiahla<\/strong> v\u00fdnimo\u010dn\u00fa \u00farove\u0148 v hodnoten\u00ed EcoVadis. So ziskom<strong> platinovej medaily<\/strong> patr\u00edme medzi<strong> 1 % z viac ako 150 000 spolo\u010dnost\u00ed<\/strong> hodnoten\u00fdch platformou EcoVadis.<\/p>\n\n\n\n<p class=\"has-text-align-left\">Na\u0161e celkov\u00e9 sk\u00f3re je moment\u00e1lne <strong>86 bodov<\/strong>. V <strong>kateg\u00f3rii \u017eivotn\u00e9<\/strong> prostredie sme dosiahli v\u00fdnimo\u010dn\u00fa \u00farove\u0148 so sk\u00f3re <strong>95 bodov<\/strong> a v \u010fal\u0161\u00edch troch kateg\u00f3ri\u00e1ch sme na pokro\u010dilej \u00farovni so sk\u00f3re<strong> 81 a\u017e 83 bodov<\/strong>.<\/p>\n<\/div><figure class=\"wp-block-media-text__media\"><img decoding=\"async\" width=\"1024\" height=\"1024\" src=\"https:\/\/d2ris6qfzcz0wn.cloudfront.net\/wp-content\/uploads\/sites\/22\/2026\/02\/LINDSTROM-OY-GROUP_EV_Recognition_2026-1024x1024.jpg\" alt=\"\" class=\"wp-image-19250 size-full\" srcset=\"https:\/\/d2ris6qfzcz0wn.cloudfront.net\/wp-content\/uploads\/sites\/22\/2026\/02\/LINDSTROM-OY-GROUP_EV_Recognition_2026-1024x1024.jpg 1024w, https:\/\/d2ris6qfzcz0wn.cloudfront.net\/wp-content\/uploads\/sites\/22\/2026\/02\/LINDSTROM-OY-GROUP_EV_Recognition_2026-300x300.jpg 300w, https:\/\/d2ris6qfzcz0wn.cloudfront.net\/wp-content\/uploads\/sites\/22\/2026\/02\/LINDSTROM-OY-GROUP_EV_Recognition_2026-150x150.jpg 150w, https:\/\/d2ris6qfzcz0wn.cloudfront.net\/wp-content\/uploads\/sites\/22\/2026\/02\/LINDSTROM-OY-GROUP_EV_Recognition_2026-768x768.jpg 768w, https:\/\/d2ris6qfzcz0wn.cloudfront.net\/wp-content\/uploads\/sites\/22\/2026\/02\/LINDSTROM-OY-GROUP_EV_Recognition_2026.jpg 1500w\" sizes=\"(max-width: 1024px) 100vw, 1024px\" \/><\/figure><\/div>\n\n\n    <\/div>\n<\/div>\n","protected":false},"excerpt":{"rendered":"","protected":false},"author":14,"featured_media":18786,"parent":0,"menu_order":0,"comment_status":"closed","ping_status":"closed","template":"","meta":{"_acf_changed":false,"inline_featured_image":false,"_eb_attr":"","site-sidebar-layout":"default","site-content-layout":"default","ast-site-content-layout":"default","site-content-style":"default","site-sidebar-style":"default","ast-global-header-display":"","ast-banner-title-visibility":"","ast-main-header-display":"","ast-hfb-above-header-display":"","ast-hfb-below-header-display":"","ast-hfb-mobile-header-display":"","site-post-title":"","ast-breadcrumbs-content":"","ast-featured-img":"","footer-sml-layout":"","ast-disable-related-posts":"","theme-transparent-header-meta":"","adv-header-id-meta":"","stick-header-meta":"","header-above-stick-meta":"","header-main-stick-meta":"","header-below-stick-meta":"","astra-migrate-meta-layouts":"set","ast-page-background-enabled":"default","ast-page-background-meta":{"desktop":{"background-color":"var(--ast-global-color-4)","background-image":"","background-repeat":"repeat","background-position":"center center","background-size":"auto","background-attachment":"scroll","background-type":"","background-media":"","overlay-type":"","overlay-color":"","overlay-opacity":"","overlay-gradient":""},"tablet":{"background-color":"","background-image":"","background-repeat":"repeat","background-position":"center center","background-size":"auto","background-attachment":"scroll","background-type":"","background-media":"","overlay-type":"","overlay-color":"","overlay-opacity":"","overlay-gradient":""},"mobile":{"background-color":"","background-image":"","background-repeat":"repeat","background-position":"center center","background-size":"auto","background-attachment":"scroll","background-type":"","background-media":"","overlay-type":"","overlay-color":"","overlay-opacity":"","overlay-gradient":""}},"ast-content-background-meta":{"desktop":{"background-color":"var(--ast-global-color-5)","background-image":"","background-repeat":"repeat","background-position":"center center","background-size":"auto","background-attachment":"scroll","background-type":"","background-media":"","overlay-type":"","overlay-color":"","overlay-opacity":"","overlay-gradient":""},"tablet":{"background-color":"var(--ast-global-color-5)","background-image":"","background-repeat":"repeat","background-position":"center center","background-size":"auto","background-attachment":"scroll","background-type":"","background-media":"","overlay-type":"","overlay-color":"","overlay-opacity":"","overlay-gradient":""},"mobile":{"background-color":"var(--ast-global-color-5)","background-image":"","background-repeat":"repeat","background-position":"center center","background-size":"auto","background-attachment":"scroll","background-type":"","background-media":"","overlay-type":"","overlay-color":"","overlay-opacity":"","overlay-gradient":""}},"footnotes":""},"coauthors":[20],"class_list":["post-18784","page","type-page","status-publish","has-post-thumbnail","hentry"],"acf":[],"yoast_head":"<!-- This site is optimized with the Yoast SEO Premium plugin v27.5 (Yoast SEO v27.5) - https:\/\/yoast.com\/product\/yoast-seo-premium-wordpress\/ -->\n<title>Certifik\u00e1ty - Lindstr\u00f6m Slovakia<\/title>\n<meta name=\"robots\" content=\"index, follow, max-snippet:-1, max-image-preview:large, max-video-preview:-1\" \/>\n<meta property=\"og:locale\" content=\"sk_SK\" \/>\n<meta property=\"og:type\" content=\"article\" \/>\n<meta property=\"og:title\" content=\"Certifik\u00e1ty\" \/>\n<meta property=\"og:url\" content=\"https:\/\/lindstromgroup.com\/sk\/certifikaty\/\" \/>\n<meta property=\"og:site_name\" content=\"Lindstr\u00f6m Slovakia\" \/>\n<meta property=\"article:modified_time\" content=\"2026-03-18T14:35:13+00:00\" \/>\n<meta property=\"og:image\" content=\"https:\/\/d2ris6qfzcz0wn.cloudfront.net\/wp-content\/uploads\/sites\/22\/2025\/03\/88261162_xl.jpg\" \/>\n\t<meta property=\"og:image:width\" content=\"1500\" \/>\n\t<meta property=\"og:image:height\" content=\"1001\" \/>\n\t<meta property=\"og:image:type\" content=\"image\/jpeg\" \/>\n<meta name=\"twitter:card\" content=\"summary_large_image\" \/>\n<meta name=\"twitter:label1\" content=\"Predpokladan\u00fd \u010das \u010d\u00edtania\" \/>\n\t<meta name=\"twitter:data1\" content=\"6 min\u00fat\" \/>\n\t<meta name=\"twitter:label2\" content=\"Written by\" \/>\n\t<meta name=\"twitter:data2\" content=\"Lindstr\u00f6m Group\" \/>\n<script type=\"application\/ld+json\" class=\"yoast-schema-graph\">{\"@context\":\"https:\\\/\\\/schema.org\",\"@graph\":[{\"@type\":\"WebPage\",\"@id\":\"https:\\\/\\\/lindstromgroup.com\\\/sk\\\/certifikaty\\\/\",\"url\":\"https:\\\/\\\/lindstromgroup.com\\\/sk\\\/certifikaty\\\/\",\"name\":\"Certifik\u00e1ty - Lindstr\u00f6m Slovakia\",\"isPartOf\":{\"@id\":\"https:\\\/\\\/lindstromgroup.com\\\/sk\\\/#website\"},\"primaryImageOfPage\":{\"@id\":\"https:\\\/\\\/lindstromgroup.com\\\/sk\\\/certifikaty\\\/#primaryimage\"},\"image\":{\"@id\":\"https:\\\/\\\/lindstromgroup.com\\\/sk\\\/certifikaty\\\/#primaryimage\"},\"thumbnailUrl\":\"https:\\\/\\\/d2ris6qfzcz0wn.cloudfront.net\\\/wp-content\\\/uploads\\\/sites\\\/22\\\/2025\\\/03\\\/88261162_xl.jpg\",\"datePublished\":\"2025-03-05T11:42:25+00:00\",\"dateModified\":\"2026-03-18T14:35:13+00:00\",\"breadcrumb\":{\"@id\":\"https:\\\/\\\/lindstromgroup.com\\\/sk\\\/certifikaty\\\/#breadcrumb\"},\"inLanguage\":\"sk-SK\",\"potentialAction\":[{\"@type\":\"ReadAction\",\"target\":[\"https:\\\/\\\/lindstromgroup.com\\\/sk\\\/certifikaty\\\/\"]}]},{\"@type\":\"ImageObject\",\"inLanguage\":\"sk-SK\",\"@id\":\"https:\\\/\\\/lindstromgroup.com\\\/sk\\\/certifikaty\\\/#primaryimage\",\"url\":\"https:\\\/\\\/d2ris6qfzcz0wn.cloudfront.net\\\/wp-content\\\/uploads\\\/sites\\\/22\\\/2025\\\/03\\\/88261162_xl.jpg\",\"contentUrl\":\"https:\\\/\\\/d2ris6qfzcz0wn.cloudfront.net\\\/wp-content\\\/uploads\\\/sites\\\/22\\\/2025\\\/03\\\/88261162_xl.jpg\",\"width\":1500,\"height\":1001},{\"@type\":\"BreadcrumbList\",\"@id\":\"https:\\\/\\\/lindstromgroup.com\\\/sk\\\/certifikaty\\\/#breadcrumb\",\"itemListElement\":[{\"@type\":\"ListItem\",\"position\":1,\"name\":\"Home\",\"item\":\"https:\\\/\\\/lindstromgroup.com\\\/sk\\\/\"},{\"@type\":\"ListItem\",\"position\":2,\"name\":\"Certifik\u00e1ty\"}]},{\"@type\":\"WebSite\",\"@id\":\"https:\\\/\\\/lindstromgroup.com\\\/sk\\\/#website\",\"url\":\"https:\\\/\\\/lindstromgroup.com\\\/sk\\\/\",\"name\":\"Lindstr\u00f6m Slovakia\",\"description\":\"\",\"publisher\":{\"@id\":\"https:\\\/\\\/lindstromgroup.com\\\/sk\\\/#organization\"},\"potentialAction\":[{\"@type\":\"SearchAction\",\"target\":{\"@type\":\"EntryPoint\",\"urlTemplate\":\"https:\\\/\\\/lindstromgroup.com\\\/sk\\\/?s={search_term_string}\"},\"query-input\":{\"@type\":\"PropertyValueSpecification\",\"valueRequired\":true,\"valueName\":\"search_term_string\"}}],\"inLanguage\":\"sk-SK\"},{\"@type\":\"Organization\",\"@id\":\"https:\\\/\\\/lindstromgroup.com\\\/sk\\\/#organization\",\"name\":\"Lindstr\u00f6m Slovakia\",\"url\":\"https:\\\/\\\/lindstromgroup.com\\\/sk\\\/\",\"logo\":{\"@type\":\"ImageObject\",\"inLanguage\":\"sk-SK\",\"@id\":\"https:\\\/\\\/lindstromgroup.com\\\/sk\\\/#\\\/schema\\\/logo\\\/image\\\/\",\"url\":\"https:\\\/\\\/d2ris6qfzcz0wn.cloudfront.net\\\/wp-content\\\/uploads\\\/sites\\\/22\\\/2023\\\/10\\\/Logo512.png\",\"contentUrl\":\"https:\\\/\\\/d2ris6qfzcz0wn.cloudfront.net\\\/wp-content\\\/uploads\\\/sites\\\/22\\\/2023\\\/10\\\/Logo512.png\",\"width\":512,\"height\":109,\"caption\":\"Lindstr\u00f6m Slovakia\"},\"image\":{\"@id\":\"https:\\\/\\\/lindstromgroup.com\\\/sk\\\/#\\\/schema\\\/logo\\\/image\\\/\"}}]}<\/script>\n<!-- \/ Yoast SEO Premium plugin. -->","yoast_head_json":{"title":"Certifik\u00e1ty - Lindstr\u00f6m Slovakia","robots":{"index":"index","follow":"follow","max-snippet":"max-snippet:-1","max-image-preview":"max-image-preview:large","max-video-preview":"max-video-preview:-1"},"og_locale":"sk_SK","og_type":"article","og_title":"Certifik\u00e1ty","og_url":"https:\/\/lindstromgroup.com\/sk\/certifikaty\/","og_site_name":"Lindstr\u00f6m Slovakia","article_modified_time":"2026-03-18T14:35:13+00:00","og_image":[{"width":1500,"height":1001,"url":"https:\/\/d2ris6qfzcz0wn.cloudfront.net\/wp-content\/uploads\/sites\/22\/2025\/03\/88261162_xl.jpg","type":"image\/jpeg"}],"twitter_card":"summary_large_image","twitter_misc":{"Predpokladan\u00fd \u010das \u010d\u00edtania":"6 min\u00fat","Written by":"Lindstr\u00f6m Group"},"schema":{"@context":"https:\/\/schema.org","@graph":[{"@type":"WebPage","@id":"https:\/\/lindstromgroup.com\/sk\/certifikaty\/","url":"https:\/\/lindstromgroup.com\/sk\/certifikaty\/","name":"Certifik\u00e1ty - Lindstr\u00f6m Slovakia","isPartOf":{"@id":"https:\/\/lindstromgroup.com\/sk\/#website"},"primaryImageOfPage":{"@id":"https:\/\/lindstromgroup.com\/sk\/certifikaty\/#primaryimage"},"image":{"@id":"https:\/\/lindstromgroup.com\/sk\/certifikaty\/#primaryimage"},"thumbnailUrl":"https:\/\/d2ris6qfzcz0wn.cloudfront.net\/wp-content\/uploads\/sites\/22\/2025\/03\/88261162_xl.jpg","datePublished":"2025-03-05T11:42:25+00:00","dateModified":"2026-03-18T14:35:13+00:00","breadcrumb":{"@id":"https:\/\/lindstromgroup.com\/sk\/certifikaty\/#breadcrumb"},"inLanguage":"sk-SK","potentialAction":[{"@type":"ReadAction","target":["https:\/\/lindstromgroup.com\/sk\/certifikaty\/"]}]},{"@type":"ImageObject","inLanguage":"sk-SK","@id":"https:\/\/lindstromgroup.com\/sk\/certifikaty\/#primaryimage","url":"https:\/\/d2ris6qfzcz0wn.cloudfront.net\/wp-content\/uploads\/sites\/22\/2025\/03\/88261162_xl.jpg","contentUrl":"https:\/\/d2ris6qfzcz0wn.cloudfront.net\/wp-content\/uploads\/sites\/22\/2025\/03\/88261162_xl.jpg","width":1500,"height":1001},{"@type":"BreadcrumbList","@id":"https:\/\/lindstromgroup.com\/sk\/certifikaty\/#breadcrumb","itemListElement":[{"@type":"ListItem","position":1,"name":"Home","item":"https:\/\/lindstromgroup.com\/sk\/"},{"@type":"ListItem","position":2,"name":"Certifik\u00e1ty"}]},{"@type":"WebSite","@id":"https:\/\/lindstromgroup.com\/sk\/#website","url":"https:\/\/lindstromgroup.com\/sk\/","name":"Lindstr\u00f6m Slovakia","description":"","publisher":{"@id":"https:\/\/lindstromgroup.com\/sk\/#organization"},"potentialAction":[{"@type":"SearchAction","target":{"@type":"EntryPoint","urlTemplate":"https:\/\/lindstromgroup.com\/sk\/?s={search_term_string}"},"query-input":{"@type":"PropertyValueSpecification","valueRequired":true,"valueName":"search_term_string"}}],"inLanguage":"sk-SK"},{"@type":"Organization","@id":"https:\/\/lindstromgroup.com\/sk\/#organization","name":"Lindstr\u00f6m Slovakia","url":"https:\/\/lindstromgroup.com\/sk\/","logo":{"@type":"ImageObject","inLanguage":"sk-SK","@id":"https:\/\/lindstromgroup.com\/sk\/#\/schema\/logo\/image\/","url":"https:\/\/d2ris6qfzcz0wn.cloudfront.net\/wp-content\/uploads\/sites\/22\/2023\/10\/Logo512.png","contentUrl":"https:\/\/d2ris6qfzcz0wn.cloudfront.net\/wp-content\/uploads\/sites\/22\/2023\/10\/Logo512.png","width":512,"height":109,"caption":"Lindstr\u00f6m Slovakia"},"image":{"@id":"https:\/\/lindstromgroup.com\/sk\/#\/schema\/logo\/image\/"}}]}},"publishpress_future_workflow_manual_trigger":{"enabledWorkflows":[]},"distributor_meta":false,"distributor_terms":false,"distributor_media":false,"distributor_original_site_name":"Lindstr\u00f6m Slovakia","distributor_original_site_url":"https:\/\/lindstromgroup.com\/sk","push-errors":false,"_links":{"self":[{"href":"https:\/\/lindstromgroup.com\/sk\/wp-json\/wp\/v2\/pages\/18784","targetHints":{"allow":["GET"]}}],"collection":[{"href":"https:\/\/lindstromgroup.com\/sk\/wp-json\/wp\/v2\/pages"}],"about":[{"href":"https:\/\/lindstromgroup.com\/sk\/wp-json\/wp\/v2\/types\/page"}],"author":[{"embeddable":true,"href":"https:\/\/lindstromgroup.com\/sk\/wp-json\/wp\/v2\/users\/14"}],"replies":[{"embeddable":true,"href":"https:\/\/lindstromgroup.com\/sk\/wp-json\/wp\/v2\/comments?post=18784"}],"version-history":[{"count":0,"href":"https:\/\/lindstromgroup.com\/sk\/wp-json\/wp\/v2\/pages\/18784\/revisions"}],"wp:featuredmedia":[{"embeddable":true,"href":"https:\/\/lindstromgroup.com\/sk\/wp-json\/wp\/v2\/media\/18786"}],"wp:attachment":[{"href":"https:\/\/lindstromgroup.com\/sk\/wp-json\/wp\/v2\/media?parent=18784"}],"wp:term":[{"taxonomy":"author","embeddable":true,"href":"https:\/\/lindstromgroup.com\/sk\/wp-json\/wp\/v2\/coauthors?post=18784"}],"curies":[{"name":"wp","href":"https:\/\/api.w.org\/{rel}","templated":true}]}}