
    {"id":17278,"date":"2024-04-23T13:56:58","date_gmt":"2024-04-23T12:56:58","guid":{"rendered":"https:\/\/lindstromgroup.com\/sk\/?page_id=17278"},"modified":"2024-04-30T15:26:55","modified_gmt":"2024-04-30T14:26:55","slug":"kodex-spravania","status":"publish","type":"page","link":"https:\/\/lindstromgroup.com\/sk\/kodex-spravania\/","title":{"rendered":"K\u00f3dex spr\u00e1vania"},"content":{"rendered":"\n        <style>\n            .lindstrom-container--block_7f78a168a150cb2e0ec25669cda9518e {                \n                padding-top: 35px;\n                padding-bottom: 35px;\n            }\n\n            @media screen and (min-width: 768px) {\n                .lindstrom-container--block_7f78a168a150cb2e0ec25669cda9518e {\n                    padding-top: 75px;\n                    padding-bottom: 75px;\n                }\n            }\n        <\/style>\n    \n<div\n    class=\"lindstrom-container-wrapper lindstrom-container lindstrom-container--block_7f78a168a150cb2e0ec25669cda9518e \"\n    id=\"block_7f78a168a150cb2e0ec25669cda9518e\"\n    style=\"background-color: #ffffff\"\n    >\n    <div class=\"lindstrom-container lindstrom-container--text items-stretch\">\n        \n\n        <div \n        id=\"cta-country-block_042905ad1ba2756b10bcad397d643ba5\" \n        class=\"cta-country\"\n    >\n        <div class=\"flex flex-col gap-5\" style=\"align-items: flex-start\">\n                            <h2 class='!text-title-small lg:!text-title-medium !text-grey-100 !font-bold !my-0'>                    K\u00f3dex spr\u00e1vania                <\/h2>                                    <div class=\"cta-button-container cta-button-container--row\">\n                            <\/div>\n        <\/div>\n    <\/div>\n    \n\n\n<p>K\u00f3dex spr\u00e1vania zamestnancov spolo\u010dnosti Lindstr\u00f6m definuje z\u00e1kladn\u00e9 po\u017eiadavky etick\u00e9ho spr\u00e1vania kladen\u00e9 na skupinu Lindstr\u00f6m (Lindstr\u00f6m Oy a jej dc\u00e9rske spolo\u010dnosti, \u010falej len \u201eLindstr\u00f6m\u201c). K\u00f3dex spr\u00e1vania je zalo\u017een\u00fd na na\u0161ich hodnot\u00e1ch a z\u00e1v\u00e4zkoch, ktor\u00e9 odr\u00e1\u017eaj\u00fa na\u0161u kult\u00faru We Care. Tento Etick\u00fd k\u00f3dex sa vz\u0165ahuje na v\u0161etk\u00fdch zamestnancov spolo\u010dnosti Lindstr\u00f6m bez oh\u013eadu na poz\u00edciu, ktor\u00ed s\u00fa povinn\u00ed ho dodr\u017eiava\u0165 a pod\u013ea neho sa spr\u00e1va\u0165. Rovnak\u00e9 z\u00e1sady sa vz\u0165ahuj\u00fa na extern\u00fa pracovn\u00fa silu, ako napr\u00edklad servisn\u00ed z\u00e1stupcovia, do\u010dasn\u00ed pracovn\u00edci a extern\u00ed konzultanti.<\/p>\n\n\n\n<p>K\u00f3dex spr\u00e1vania dod\u00e1vate\u013eov definuje zodpovednosti a po\u017eiadavky t\u00fdkaj\u00face sa na\u0161ej interakcie s na\u0161imi dod\u00e1vate\u013emi a partnermi. K\u00f3dex spr\u00e1vania zamestnancov a dod\u00e1vate\u013eov spolo\u010dnosti Lindstr\u00f6m je pod\u013ea potreby revidovan\u00fd a schva\u013eovan\u00fd t\u00edmom vedenia skupiny Lindstr\u00f6m.<\/p>\n\n\n\n<p>T\u00fdm, \u017ee zabezpe\u010d\u00edme, aby ka\u017ed\u00fd poznal hlavn\u00e9 z\u00e1sady a tento k\u00f3dex, a konal pod\u013ea nich, sme prijali prv\u00e9 a pravdepodobne najd\u00f4le\u017eitej\u0161ie opatrenie na zmiernenie rizika, aby sme zabr\u00e1nili ak\u00e9muko\u013evek eticky nevhodn\u00e9mu spr\u00e1vaniu. Je to tie\u017e z\u00e1kladn\u00fd kame\u0148 prevencie ak\u00fdchko\u013evek neh\u00f4d, chor\u00f4b z povolania alebo po\u0161kodenia \u017eivotn\u00e9ho prostredia. Pr\u00e1vo vykona\u0165 primeran\u00e9 zmeny v po\u017eiadavk\u00e1ch tohto K\u00f3dexu spr\u00e1vania v pr\u00edpade, \u017ee d\u00f4jde k pozmeneniu vlastnej politiky s\u00faladu spolo\u010dnosti Lindstr\u00f6m. V takom pr\u00edpade spolo\u010dnos\u0165 Lindstr\u00f6m o\u010dak\u00e1va, \u017ee dod\u00e1vate\u013e akceptuje vykonan\u00e9 primeran\u00e9 zmeny.<\/p>\n\n\n\n<p>Tento K\u00f3dex spr\u00e1vania sa vz\u0165ahuje na v\u0161etk\u00fdch zamestnancov spolo\u010dnosti Lindstr\u00f6m bez oh\u013eadu na postavenie a tretie strany.<\/p>\n\n\n\n        <div \n        id=\"cta-country-block_3d9679fa0a63186fbf4b1807669a869f\" \n        class=\"cta-country\"\n    >\n        <div class=\"flex flex-col gap-5\" style=\"align-items: flex-start\">\n                                    <div class=\"cta-button-container cta-button-container--row\">\n                                                                                        <div class=\"flex rounded-full h-10 min-w-[150px] mt-auto cta-button button-solid--blue\">\n                                <a \n                                    class=\"flex flex-grow !no-underline py-3 px-5 font-bold text-[15px]\/[21px] justify-center items-center gap-2 text-center border-2 rounded-full cta-button__inner\" \n                                    href=\"https:\/\/group.lindstromgroup.com\/hubfs\/SK%20All%20files\/Lindstrom_CodeofConduct_SK.pdf?_gl=1*4pxlfp*_ga*MjkwOTEwMjguMTcxMTA5NzI4Mg..*_ga_2NNHCR7KZ1*MTcxMzg3NTE5Mi4xNjcuMS4xNzEzODc1OTA4LjAuMC4w\"\n                                    style=\"border-color: #003F72; background-color: #003F72; color: #FFFFFF;\"\n                                    target=\"_self\"\n                                >\n                                    Stiahnu\u0165                                                                            <div class=\"flex justify-center items-center w-[35px] h-[35px] cta-button__inner-icon\">\n                                                                                                <span class=\"!text-[35px] material-symbols-outlined\" style=\"color: #FFFFFF\">arrow_right<\/span>\n                                                                                    <\/div>\n                                                                    <\/a>\n                            <\/div>\n                                                                        <\/div>\n        <\/div>\n    <\/div>\n    \n\n    <\/div>\n<\/div>\n","protected":false},"excerpt":{"rendered":"","protected":false},"author":14,"featured_media":17281,"parent":0,"menu_order":0,"comment_status":"closed","ping_status":"closed","template":"","meta":{"_acf_changed":true,"inline_featured_image":false,"_eb_attr":"","site-sidebar-layout":"default","site-content-layout":"","ast-site-content-layout":"default","site-content-style":"default","site-sidebar-style":"default","ast-global-header-display":"","ast-banner-title-visibility":"","ast-main-header-display":"","ast-hfb-above-header-display":"","ast-hfb-below-header-display":"","ast-hfb-mobile-header-display":"","site-post-title":"","ast-breadcrumbs-content":"","ast-featured-img":"","footer-sml-layout":"","ast-disable-related-posts":"","theme-transparent-header-meta":"","adv-header-id-meta":"","stick-header-meta":"","header-above-stick-meta":"","header-main-stick-meta":"","header-below-stick-meta":"","astra-migrate-meta-layouts":"default","ast-page-background-enabled":"default","ast-page-background-meta":{"desktop":{"background-color":"var(--ast-global-color-4)","background-image":"","background-repeat":"repeat","background-position":"center center","background-size":"auto","background-attachment":"scroll","background-type":"","background-media":"","overlay-type":"","overlay-color":"","overlay-opacity":"","overlay-gradient":""},"tablet":{"background-color":"","background-image":"","background-repeat":"repeat","background-position":"center center","background-size":"auto","background-attachment":"scroll","background-type":"","background-media":"","overlay-type":"","overlay-color":"","overlay-opacity":"","overlay-gradient":""},"mobile":{"background-color":"","background-image":"","background-repeat":"repeat","background-position":"center center","background-size":"auto","background-attachment":"scroll","background-type":"","background-media":"","overlay-type":"","overlay-color":"","overlay-opacity":"","overlay-gradient":""}},"ast-content-background-meta":{"desktop":{"background-color":"var(--ast-global-color-5)","background-image":"","background-repeat":"repeat","background-position":"center center","background-size":"auto","background-attachment":"scroll","background-type":"","background-media":"","overlay-type":"","overlay-color":"","overlay-opacity":"","overlay-gradient":""},"tablet":{"background-color":"var(--ast-global-color-5)","background-image":"","background-repeat":"repeat","background-position":"center center","background-size":"auto","background-attachment":"scroll","background-type":"","background-media":"","overlay-type":"","overlay-color":"","overlay-opacity":"","overlay-gradient":""},"mobile":{"background-color":"var(--ast-global-color-5)","background-image":"","background-repeat":"repeat","background-position":"center center","background-size":"auto","background-attachment":"scroll","background-type":"","background-media":"","overlay-type":"","overlay-color":"","overlay-opacity":"","overlay-gradient":""}},"footnotes":""},"coauthors":[20],"class_list":["post-17278","page","type-page","status-publish","has-post-thumbnail","hentry"],"acf":[],"yoast_head":"<!-- This site is optimized with the Yoast SEO plugin v27.2 - https:\/\/yoast.com\/product\/yoast-seo-wordpress\/ -->\n<title>K\u00f3dex spr\u00e1vania - Lindstr\u00f6m Slovakia<\/title>\n<meta name=\"robots\" content=\"index, follow, max-snippet:-1, max-image-preview:large, max-video-preview:-1\" \/>\n<meta property=\"og:locale\" content=\"sk_SK\" \/>\n<meta property=\"og:type\" content=\"article\" \/>\n<meta property=\"og:title\" content=\"K\u00f3dex spr\u00e1vania - Lindstr\u00f6m Slovakia\" \/>\n<meta property=\"og:url\" content=\"https:\/\/lindstromgroup.com\/sk\/kodex-spravania\/\" \/>\n<meta property=\"og:site_name\" content=\"Lindstr\u00f6m Slovakia\" \/>\n<meta property=\"article:modified_time\" content=\"2024-04-30T14:26:55+00:00\" \/>\n<meta property=\"og:image\" content=\"https:\/\/lindstrom-sites.s3.eu-north-1.amazonaws.com\/wp-content\/uploads\/sites\/22\/2024\/04\/Feedback-1-1400x933-1.jpg\" \/>\n\t<meta property=\"og:image:width\" content=\"1400\" \/>\n\t<meta property=\"og:image:height\" content=\"933\" \/>\n\t<meta property=\"og:image:type\" content=\"image\/jpeg\" \/>\n<meta name=\"twitter:card\" content=\"summary_large_image\" \/>\n<meta name=\"twitter:label1\" content=\"Predpokladan\u00fd \u010das \u010d\u00edtania\" \/>\n\t<meta name=\"twitter:data1\" content=\"2 min\u00faty\" \/>\n\t<meta name=\"twitter:label2\" content=\"Written by\" \/>\n\t<meta name=\"twitter:data2\" content=\"Lindstr\u00f6m Group\" \/>\n<script type=\"application\/ld+json\" class=\"yoast-schema-graph\">{\"@context\":\"https:\/\/schema.org\",\"@graph\":[{\"@type\":\"WebPage\",\"@id\":\"https:\/\/lindstromgroup.com\/sk\/kodex-spravania\/\",\"url\":\"https:\/\/lindstromgroup.com\/sk\/kodex-spravania\/\",\"name\":\"K\u00f3dex spr\u00e1vania - Lindstr\u00f6m Slovakia\",\"isPartOf\":{\"@id\":\"https:\/\/lindstromgroup.com\/sk\/#website\"},\"primaryImageOfPage\":{\"@id\":\"https:\/\/lindstromgroup.com\/sk\/kodex-spravania\/#primaryimage\"},\"image\":{\"@id\":\"https:\/\/lindstromgroup.com\/sk\/kodex-spravania\/#primaryimage\"},\"thumbnailUrl\":\"https:\/\/d2ris6qfzcz0wn.cloudfront.net\/wp-content\/uploads\/sites\/22\/2024\/04\/Feedback-1-1400x933-1.jpg\",\"datePublished\":\"2024-04-23T12:56:58+00:00\",\"dateModified\":\"2024-04-30T14:26:55+00:00\",\"breadcrumb\":{\"@id\":\"https:\/\/lindstromgroup.com\/sk\/kodex-spravania\/#breadcrumb\"},\"inLanguage\":\"sk-SK\",\"potentialAction\":[{\"@type\":\"ReadAction\",\"target\":[\"https:\/\/lindstromgroup.com\/sk\/kodex-spravania\/\"]}]},{\"@type\":\"ImageObject\",\"inLanguage\":\"sk-SK\",\"@id\":\"https:\/\/lindstromgroup.com\/sk\/kodex-spravania\/#primaryimage\",\"url\":\"https:\/\/d2ris6qfzcz0wn.cloudfront.net\/wp-content\/uploads\/sites\/22\/2024\/04\/Feedback-1-1400x933-1.jpg\",\"contentUrl\":\"https:\/\/d2ris6qfzcz0wn.cloudfront.net\/wp-content\/uploads\/sites\/22\/2024\/04\/Feedback-1-1400x933-1.jpg\",\"width\":1400,\"height\":933},{\"@type\":\"BreadcrumbList\",\"@id\":\"https:\/\/lindstromgroup.com\/sk\/kodex-spravania\/#breadcrumb\",\"itemListElement\":[{\"@type\":\"ListItem\",\"position\":1,\"name\":\"Home\",\"item\":\"https:\/\/lindstromgroup.com\/sk\/\"},{\"@type\":\"ListItem\",\"position\":2,\"name\":\"K\u00f3dex spr\u00e1vania\"}]},{\"@type\":\"WebSite\",\"@id\":\"https:\/\/lindstromgroup.com\/sk\/#website\",\"url\":\"https:\/\/lindstromgroup.com\/sk\/\",\"name\":\"Lindstr\u00f6m Slovakia\",\"description\":\"\",\"publisher\":{\"@id\":\"https:\/\/lindstromgroup.com\/sk\/#organization\"},\"potentialAction\":[{\"@type\":\"SearchAction\",\"target\":{\"@type\":\"EntryPoint\",\"urlTemplate\":\"https:\/\/lindstromgroup.com\/sk\/?s={search_term_string}\"},\"query-input\":{\"@type\":\"PropertyValueSpecification\",\"valueRequired\":true,\"valueName\":\"search_term_string\"}}],\"inLanguage\":\"sk-SK\"},{\"@type\":\"Organization\",\"@id\":\"https:\/\/lindstromgroup.com\/sk\/#organization\",\"name\":\"Lindstr\u00f6m Slovakia\",\"url\":\"https:\/\/lindstromgroup.com\/sk\/\",\"logo\":{\"@type\":\"ImageObject\",\"inLanguage\":\"sk-SK\",\"@id\":\"https:\/\/lindstromgroup.com\/sk\/#\/schema\/logo\/image\/\",\"url\":\"https:\/\/d2ris6qfzcz0wn.cloudfront.net\/wp-content\/uploads\/sites\/22\/2023\/10\/Logo512.png\",\"contentUrl\":\"https:\/\/d2ris6qfzcz0wn.cloudfront.net\/wp-content\/uploads\/sites\/22\/2023\/10\/Logo512.png\",\"width\":512,\"height\":109,\"caption\":\"Lindstr\u00f6m Slovakia\"},\"image\":{\"@id\":\"https:\/\/lindstromgroup.com\/sk\/#\/schema\/logo\/image\/\"}}]}<\/script>\n<!-- \/ Yoast SEO plugin. -->","yoast_head_json":{"title":"K\u00f3dex spr\u00e1vania - Lindstr\u00f6m Slovakia","robots":{"index":"index","follow":"follow","max-snippet":"max-snippet:-1","max-image-preview":"max-image-preview:large","max-video-preview":"max-video-preview:-1"},"og_locale":"sk_SK","og_type":"article","og_title":"K\u00f3dex spr\u00e1vania - Lindstr\u00f6m Slovakia","og_url":"https:\/\/lindstromgroup.com\/sk\/kodex-spravania\/","og_site_name":"Lindstr\u00f6m Slovakia","article_modified_time":"2024-04-30T14:26:55+00:00","og_image":[{"width":1400,"height":933,"url":"https:\/\/lindstrom-sites.s3.eu-north-1.amazonaws.com\/wp-content\/uploads\/sites\/22\/2024\/04\/Feedback-1-1400x933-1.jpg","type":"image\/jpeg"}],"twitter_card":"summary_large_image","twitter_misc":{"Predpokladan\u00fd \u010das \u010d\u00edtania":"2 min\u00faty","Written by":"Lindstr\u00f6m Group"},"schema":{"@context":"https:\/\/schema.org","@graph":[{"@type":"WebPage","@id":"https:\/\/lindstromgroup.com\/sk\/kodex-spravania\/","url":"https:\/\/lindstromgroup.com\/sk\/kodex-spravania\/","name":"K\u00f3dex spr\u00e1vania - Lindstr\u00f6m Slovakia","isPartOf":{"@id":"https:\/\/lindstromgroup.com\/sk\/#website"},"primaryImageOfPage":{"@id":"https:\/\/lindstromgroup.com\/sk\/kodex-spravania\/#primaryimage"},"image":{"@id":"https:\/\/lindstromgroup.com\/sk\/kodex-spravania\/#primaryimage"},"thumbnailUrl":"https:\/\/d2ris6qfzcz0wn.cloudfront.net\/wp-content\/uploads\/sites\/22\/2024\/04\/Feedback-1-1400x933-1.jpg","datePublished":"2024-04-23T12:56:58+00:00","dateModified":"2024-04-30T14:26:55+00:00","breadcrumb":{"@id":"https:\/\/lindstromgroup.com\/sk\/kodex-spravania\/#breadcrumb"},"inLanguage":"sk-SK","potentialAction":[{"@type":"ReadAction","target":["https:\/\/lindstromgroup.com\/sk\/kodex-spravania\/"]}]},{"@type":"ImageObject","inLanguage":"sk-SK","@id":"https:\/\/lindstromgroup.com\/sk\/kodex-spravania\/#primaryimage","url":"https:\/\/d2ris6qfzcz0wn.cloudfront.net\/wp-content\/uploads\/sites\/22\/2024\/04\/Feedback-1-1400x933-1.jpg","contentUrl":"https:\/\/d2ris6qfzcz0wn.cloudfront.net\/wp-content\/uploads\/sites\/22\/2024\/04\/Feedback-1-1400x933-1.jpg","width":1400,"height":933},{"@type":"BreadcrumbList","@id":"https:\/\/lindstromgroup.com\/sk\/kodex-spravania\/#breadcrumb","itemListElement":[{"@type":"ListItem","position":1,"name":"Home","item":"https:\/\/lindstromgroup.com\/sk\/"},{"@type":"ListItem","position":2,"name":"K\u00f3dex spr\u00e1vania"}]},{"@type":"WebSite","@id":"https:\/\/lindstromgroup.com\/sk\/#website","url":"https:\/\/lindstromgroup.com\/sk\/","name":"Lindstr\u00f6m Slovakia","description":"","publisher":{"@id":"https:\/\/lindstromgroup.com\/sk\/#organization"},"potentialAction":[{"@type":"SearchAction","target":{"@type":"EntryPoint","urlTemplate":"https:\/\/lindstromgroup.com\/sk\/?s={search_term_string}"},"query-input":{"@type":"PropertyValueSpecification","valueRequired":true,"valueName":"search_term_string"}}],"inLanguage":"sk-SK"},{"@type":"Organization","@id":"https:\/\/lindstromgroup.com\/sk\/#organization","name":"Lindstr\u00f6m Slovakia","url":"https:\/\/lindstromgroup.com\/sk\/","logo":{"@type":"ImageObject","inLanguage":"sk-SK","@id":"https:\/\/lindstromgroup.com\/sk\/#\/schema\/logo\/image\/","url":"https:\/\/d2ris6qfzcz0wn.cloudfront.net\/wp-content\/uploads\/sites\/22\/2023\/10\/Logo512.png","contentUrl":"https:\/\/d2ris6qfzcz0wn.cloudfront.net\/wp-content\/uploads\/sites\/22\/2023\/10\/Logo512.png","width":512,"height":109,"caption":"Lindstr\u00f6m Slovakia"},"image":{"@id":"https:\/\/lindstromgroup.com\/sk\/#\/schema\/logo\/image\/"}}]}},"publishpress_future_workflow_manual_trigger":{"enabledWorkflows":[]},"distributor_meta":false,"distributor_terms":false,"distributor_media":false,"distributor_original_site_name":"Lindstr\u00f6m Slovakia","distributor_original_site_url":"https:\/\/lindstromgroup.com\/sk","push-errors":false,"_links":{"self":[{"href":"https:\/\/lindstromgroup.com\/sk\/wp-json\/wp\/v2\/pages\/17278","targetHints":{"allow":["GET"]}}],"collection":[{"href":"https:\/\/lindstromgroup.com\/sk\/wp-json\/wp\/v2\/pages"}],"about":[{"href":"https:\/\/lindstromgroup.com\/sk\/wp-json\/wp\/v2\/types\/page"}],"author":[{"embeddable":true,"href":"https:\/\/lindstromgroup.com\/sk\/wp-json\/wp\/v2\/users\/14"}],"replies":[{"embeddable":true,"href":"https:\/\/lindstromgroup.com\/sk\/wp-json\/wp\/v2\/comments?post=17278"}],"version-history":[{"count":0,"href":"https:\/\/lindstromgroup.com\/sk\/wp-json\/wp\/v2\/pages\/17278\/revisions"}],"wp:featuredmedia":[{"embeddable":true,"href":"https:\/\/lindstromgroup.com\/sk\/wp-json\/wp\/v2\/media\/17281"}],"wp:attachment":[{"href":"https:\/\/lindstromgroup.com\/sk\/wp-json\/wp\/v2\/media?parent=17278"}],"wp:term":[{"taxonomy":"author","embeddable":true,"href":"https:\/\/lindstromgroup.com\/sk\/wp-json\/wp\/v2\/coauthors?post=17278"}],"curies":[{"name":"wp","href":"https:\/\/api.w.org\/{rel}","templated":true}]}}