
    {"id":16241,"date":"2024-01-12T13:45:58","date_gmt":"2024-01-12T13:45:58","guid":{"rendered":"\/?page_id=16241"},"modified":"2024-10-03T08:12:08","modified_gmt":"2024-10-03T07:12:08","slug":"informacia-o-sprostredkovateloch","status":"publish","type":"page","link":"https:\/\/lindstromgroup.com\/sk\/informacia-o-sprostredkovateloch\/","title":{"rendered":"Inform\u00e1cia o sprostredkovate\u013eoch"},"content":{"rendered":"\n<div\n    class=\"lindstrom-container-wrapper lindstrom-container lindstrom-container--block_3674bacaede34878b14c008bdb7eafb5 \"\n    id=\"block_3674bacaede34878b14c008bdb7eafb5\"\n    style=\"background-color: #ffffff\"\n    >\n    <div class=\"lindstrom-container lindstrom-container--text items-stretch\">\n        \n\n<h2 class=\"wp-block-heading\">Prepravcovia spolo\u010dnosti Lindstr\u00f6m, s.r.o.<\/h2>\n\n\n\n<ul class=\"wp-block-list\">\n<li>BL Direct s.r.o., I\u010cO:&nbsp;48214531, Adresa:&nbsp;Boler\u00e1z 717, 919 08 Boler\u00e1z<\/li>\n\n\n\n<li>Eduard Vidli\u010dka \u2013 VIGA, I\u010cO:&nbsp;47086483, Adresa:&nbsp;Mierov\u00e1 431\/1B, 919 51 \u0160pa\u010dince<\/li>\n\n\n\n<li>Jaroslav Pe\u0148ak, I\u010cO: 50836781, Adresa: Bohdanovce nad Trnavou 438, 919 09 Bohdanovce nad Trnavou<\/li>\n\n\n\n<li>MAHRO, s.r.o., I\u010cO: 44490291, Adresa: D\u00fabravy 228, 038 61 Lipovec (Martin)<\/li>\n\n\n\n<li>BM LOGISTIC,spol.s r.o., I\u010cO:\u00a046811761, Adresa:\u00a0Majcichov 160, 919 22 Majcichov<\/li>\n\n\n\n<li>MAYMAL s.r.o, I\u010cO:&nbsp;51042207, Adresa:&nbsp;Pod Kan\u00e1lom 29\/40, 038 61 Lipovec<\/li>\n\n\n\n<li>Richard Ol\u010d\u00e1k \u2013 RIKI, I\u010cO: 37775413, Adresa: Vy\u0161n\u00e1 Ol\u0161ava 30, 090 32 Mi\u0148ovce<\/li>\n\n\n\n<li>Tom\u00e1\u0161 Barcaj, I\u010cO: 34737308, Adresa: \u0160tefana Pil\u00e1rika 2642\/5, 905 01 Senica<\/li>\n\n\n\n<li>Patrik Krigovsk\u00fd,&nbsp; I\u010cO: 50161156, Adresa: Akad. Pavlova 315\/4, 09101 Stropkov<\/li>\n\n\n\n<li>Martin Rigo, I\u010cO: 53491661, Adresa: Ulica Mozartova 5651\/11, 91708 Trnava<\/li>\n\n\n\n<li>Filip Z\u00fabek, I\u010cO: 53402235, Adresa: Ulica Koniarekova 5864\/5, 917 01 Trnava<\/li>\n\n\n\n<li>\u013dubo\u0161 Novomesk\u00fd, I\u010cO: 51145766, Adresa: Z\u00e1padn\u00e1 2993\/22, 91701 Trnava<\/li>\n<\/ul>\n\n\n\n<h2 class=\"wp-block-heading\">Dod\u00e1vatelia l\u00f4g spolo\u010dnosti Lindstr\u00f6m, s.r.o.<\/h2>\n\n\n\n<ul class=\"wp-block-list\">\n<li>Luis reklama, s.r.o., I\u010cO:&nbsp;31365337, Adresa:&nbsp;Bani\u010dova 3, 949 12 Nitra<\/li>\n\n\n\n<li>Koxo s.r.o., I\u010cO: 50264061, Adresa: Blagoevova 28, 851 07 Bratislava \u2013 mestsk\u00e1 \u010das\u0165 Petr\u017ealka<\/li>\n\n\n\n<li>Xtra Slovakia s.r.o, I\u010cO: 36270687, Adresa: Priemyseln\u00e1 8\/B, 917 01 Trnava<\/li>\n<\/ul>\n\n\n\n<h2 class=\"wp-block-heading\">Starostlivos\u0165 o odev<\/h2>\n\n\n\n<ul class=\"wp-block-list\">\n<li>Personal Service, s.r.o., I\u010cO: 47974125, Adresa: Kapitulsk\u00e1 26, 91701 Trnava<\/li>\n\n\n\n<li>Workers.com.ua s.r.o., I\u010cO: 54089361, Adresa: Mikov\u00edniho 26, 917 01 Trnava<\/li>\n\n\n\n<li><\/li>\n<\/ul>\n\n\n    <\/div>\n<\/div>\n\n\n\n<p><\/p>\n","protected":false},"excerpt":{"rendered":"","protected":false},"author":14,"featured_media":0,"parent":0,"menu_order":0,"comment_status":"closed","ping_status":"closed","template":"","meta":{"_acf_changed":false,"inline_featured_image":false,"_eb_attr":"","site-sidebar-layout":"default","site-content-layout":"","ast-site-content-layout":"default","site-content-style":"default","site-sidebar-style":"default","ast-global-header-display":"","ast-banner-title-visibility":"","ast-main-header-display":"","ast-hfb-above-header-display":"","ast-hfb-below-header-display":"","ast-hfb-mobile-header-display":"","site-post-title":"","ast-breadcrumbs-content":"","ast-featured-img":"","footer-sml-layout":"","ast-disable-related-posts":"","theme-transparent-header-meta":"","adv-header-id-meta":"","stick-header-meta":"","header-above-stick-meta":"","header-main-stick-meta":"","header-below-stick-meta":"","astra-migrate-meta-layouts":"default","ast-page-background-enabled":"default","ast-page-background-meta":{"desktop":{"background-color":"var(--ast-global-color-4)","background-image":"","background-repeat":"repeat","background-position":"center center","background-size":"auto","background-attachment":"scroll","background-type":"","background-media":"","overlay-type":"","overlay-color":"","overlay-opacity":"","overlay-gradient":""},"tablet":{"background-color":"","background-image":"","background-repeat":"repeat","background-position":"center center","background-size":"auto","background-attachment":"scroll","background-type":"","background-media":"","overlay-type":"","overlay-color":"","overlay-opacity":"","overlay-gradient":""},"mobile":{"background-color":"","background-image":"","background-repeat":"repeat","background-position":"center center","background-size":"auto","background-attachment":"scroll","background-type":"","background-media":"","overlay-type":"","overlay-color":"","overlay-opacity":"","overlay-gradient":""}},"ast-content-background-meta":{"desktop":{"background-color":"var(--ast-global-color-5)","background-image":"","background-repeat":"repeat","background-position":"center center","background-size":"auto","background-attachment":"scroll","background-type":"","background-media":"","overlay-type":"","overlay-color":"","overlay-opacity":"","overlay-gradient":""},"tablet":{"background-color":"var(--ast-global-color-5)","background-image":"","background-repeat":"repeat","background-position":"center center","background-size":"auto","background-attachment":"scroll","background-type":"","background-media":"","overlay-type":"","overlay-color":"","overlay-opacity":"","overlay-gradient":""},"mobile":{"background-color":"var(--ast-global-color-5)","background-image":"","background-repeat":"repeat","background-position":"center center","background-size":"auto","background-attachment":"scroll","background-type":"","background-media":"","overlay-type":"","overlay-color":"","overlay-opacity":"","overlay-gradient":""}},"footnotes":""},"coauthors":[20],"class_list":["post-16241","page","type-page","status-publish","hentry"],"acf":[],"yoast_head":"<!-- This site is optimized with the Yoast SEO plugin v27.2 - https:\/\/yoast.com\/product\/yoast-seo-wordpress\/ -->\n<title>Inform\u00e1cia o sprostredkovate\u013eoch - Lindstr\u00f6m Slovakia<\/title>\n<meta name=\"robots\" content=\"index, follow, max-snippet:-1, max-image-preview:large, max-video-preview:-1\" \/>\n<meta property=\"og:locale\" content=\"sk_SK\" \/>\n<meta property=\"og:type\" content=\"article\" \/>\n<meta property=\"og:title\" content=\"Inform\u00e1cia o sprostredkovate\u013eoch - Lindstr\u00f6m Slovakia\" \/>\n<meta property=\"og:url\" content=\"https:\/\/lindstromgroup.com\/sk\/informacia-o-sprostredkovateloch\/\" \/>\n<meta property=\"og:site_name\" content=\"Lindstr\u00f6m Slovakia\" \/>\n<meta property=\"article:modified_time\" content=\"2024-10-03T07:12:08+00:00\" \/>\n<meta name=\"twitter:card\" content=\"summary_large_image\" \/>\n<meta name=\"twitter:label1\" content=\"Predpokladan\u00fd \u010das \u010d\u00edtania\" \/>\n\t<meta name=\"twitter:data1\" content=\"3 min\u00faty\" \/>\n\t<meta name=\"twitter:label2\" content=\"Written by\" \/>\n\t<meta name=\"twitter:data2\" content=\"Lindstr\u00f6m Group\" \/>\n<script type=\"application\/ld+json\" class=\"yoast-schema-graph\">{\"@context\":\"https:\/\/schema.org\",\"@graph\":[{\"@type\":\"WebPage\",\"@id\":\"https:\/\/lindstromgroup.com\/sk\/informacia-o-sprostredkovateloch\/\",\"url\":\"https:\/\/lindstromgroup.com\/sk\/informacia-o-sprostredkovateloch\/\",\"name\":\"Inform\u00e1cia o sprostredkovate\u013eoch - Lindstr\u00f6m Slovakia\",\"isPartOf\":{\"@id\":\"https:\/\/lindstromgroup.com\/sk\/#website\"},\"datePublished\":\"2024-01-12T13:45:58+00:00\",\"dateModified\":\"2024-10-03T07:12:08+00:00\",\"breadcrumb\":{\"@id\":\"https:\/\/lindstromgroup.com\/sk\/informacia-o-sprostredkovateloch\/#breadcrumb\"},\"inLanguage\":\"sk-SK\",\"potentialAction\":[{\"@type\":\"ReadAction\",\"target\":[\"https:\/\/lindstromgroup.com\/sk\/informacia-o-sprostredkovateloch\/\"]}]},{\"@type\":\"BreadcrumbList\",\"@id\":\"https:\/\/lindstromgroup.com\/sk\/informacia-o-sprostredkovateloch\/#breadcrumb\",\"itemListElement\":[{\"@type\":\"ListItem\",\"position\":1,\"name\":\"Home\",\"item\":\"https:\/\/lindstromgroup.com\/sk\/\"},{\"@type\":\"ListItem\",\"position\":2,\"name\":\"Inform\u00e1cia o sprostredkovate\u013eoch\"}]},{\"@type\":\"WebSite\",\"@id\":\"https:\/\/lindstromgroup.com\/sk\/#website\",\"url\":\"https:\/\/lindstromgroup.com\/sk\/\",\"name\":\"Lindstr\u00f6m Slovakia\",\"description\":\"\",\"publisher\":{\"@id\":\"https:\/\/lindstromgroup.com\/sk\/#organization\"},\"potentialAction\":[{\"@type\":\"SearchAction\",\"target\":{\"@type\":\"EntryPoint\",\"urlTemplate\":\"https:\/\/lindstromgroup.com\/sk\/?s={search_term_string}\"},\"query-input\":{\"@type\":\"PropertyValueSpecification\",\"valueRequired\":true,\"valueName\":\"search_term_string\"}}],\"inLanguage\":\"sk-SK\"},{\"@type\":\"Organization\",\"@id\":\"https:\/\/lindstromgroup.com\/sk\/#organization\",\"name\":\"Lindstr\u00f6m Slovakia\",\"url\":\"https:\/\/lindstromgroup.com\/sk\/\",\"logo\":{\"@type\":\"ImageObject\",\"inLanguage\":\"sk-SK\",\"@id\":\"https:\/\/lindstromgroup.com\/sk\/#\/schema\/logo\/image\/\",\"url\":\"https:\/\/d2ris6qfzcz0wn.cloudfront.net\/wp-content\/uploads\/sites\/22\/2023\/10\/Logo512.png\",\"contentUrl\":\"https:\/\/d2ris6qfzcz0wn.cloudfront.net\/wp-content\/uploads\/sites\/22\/2023\/10\/Logo512.png\",\"width\":512,\"height\":109,\"caption\":\"Lindstr\u00f6m Slovakia\"},\"image\":{\"@id\":\"https:\/\/lindstromgroup.com\/sk\/#\/schema\/logo\/image\/\"}}]}<\/script>\n<!-- \/ Yoast SEO plugin. -->","yoast_head_json":{"title":"Inform\u00e1cia o sprostredkovate\u013eoch - Lindstr\u00f6m Slovakia","robots":{"index":"index","follow":"follow","max-snippet":"max-snippet:-1","max-image-preview":"max-image-preview:large","max-video-preview":"max-video-preview:-1"},"og_locale":"sk_SK","og_type":"article","og_title":"Inform\u00e1cia o sprostredkovate\u013eoch - Lindstr\u00f6m Slovakia","og_url":"https:\/\/lindstromgroup.com\/sk\/informacia-o-sprostredkovateloch\/","og_site_name":"Lindstr\u00f6m Slovakia","article_modified_time":"2024-10-03T07:12:08+00:00","twitter_card":"summary_large_image","twitter_misc":{"Predpokladan\u00fd \u010das \u010d\u00edtania":"3 min\u00faty","Written by":"Lindstr\u00f6m Group"},"schema":{"@context":"https:\/\/schema.org","@graph":[{"@type":"WebPage","@id":"https:\/\/lindstromgroup.com\/sk\/informacia-o-sprostredkovateloch\/","url":"https:\/\/lindstromgroup.com\/sk\/informacia-o-sprostredkovateloch\/","name":"Inform\u00e1cia o sprostredkovate\u013eoch - Lindstr\u00f6m Slovakia","isPartOf":{"@id":"https:\/\/lindstromgroup.com\/sk\/#website"},"datePublished":"2024-01-12T13:45:58+00:00","dateModified":"2024-10-03T07:12:08+00:00","breadcrumb":{"@id":"https:\/\/lindstromgroup.com\/sk\/informacia-o-sprostredkovateloch\/#breadcrumb"},"inLanguage":"sk-SK","potentialAction":[{"@type":"ReadAction","target":["https:\/\/lindstromgroup.com\/sk\/informacia-o-sprostredkovateloch\/"]}]},{"@type":"BreadcrumbList","@id":"https:\/\/lindstromgroup.com\/sk\/informacia-o-sprostredkovateloch\/#breadcrumb","itemListElement":[{"@type":"ListItem","position":1,"name":"Home","item":"https:\/\/lindstromgroup.com\/sk\/"},{"@type":"ListItem","position":2,"name":"Inform\u00e1cia o sprostredkovate\u013eoch"}]},{"@type":"WebSite","@id":"https:\/\/lindstromgroup.com\/sk\/#website","url":"https:\/\/lindstromgroup.com\/sk\/","name":"Lindstr\u00f6m Slovakia","description":"","publisher":{"@id":"https:\/\/lindstromgroup.com\/sk\/#organization"},"potentialAction":[{"@type":"SearchAction","target":{"@type":"EntryPoint","urlTemplate":"https:\/\/lindstromgroup.com\/sk\/?s={search_term_string}"},"query-input":{"@type":"PropertyValueSpecification","valueRequired":true,"valueName":"search_term_string"}}],"inLanguage":"sk-SK"},{"@type":"Organization","@id":"https:\/\/lindstromgroup.com\/sk\/#organization","name":"Lindstr\u00f6m Slovakia","url":"https:\/\/lindstromgroup.com\/sk\/","logo":{"@type":"ImageObject","inLanguage":"sk-SK","@id":"https:\/\/lindstromgroup.com\/sk\/#\/schema\/logo\/image\/","url":"https:\/\/d2ris6qfzcz0wn.cloudfront.net\/wp-content\/uploads\/sites\/22\/2023\/10\/Logo512.png","contentUrl":"https:\/\/d2ris6qfzcz0wn.cloudfront.net\/wp-content\/uploads\/sites\/22\/2023\/10\/Logo512.png","width":512,"height":109,"caption":"Lindstr\u00f6m Slovakia"},"image":{"@id":"https:\/\/lindstromgroup.com\/sk\/#\/schema\/logo\/image\/"}}]}},"publishpress_future_workflow_manual_trigger":{"enabledWorkflows":[]},"distributor_meta":false,"distributor_terms":false,"distributor_media":false,"distributor_original_site_name":"Lindstr\u00f6m Slovakia","distributor_original_site_url":"https:\/\/lindstromgroup.com\/sk","push-errors":false,"_links":{"self":[{"href":"https:\/\/lindstromgroup.com\/sk\/wp-json\/wp\/v2\/pages\/16241","targetHints":{"allow":["GET"]}}],"collection":[{"href":"https:\/\/lindstromgroup.com\/sk\/wp-json\/wp\/v2\/pages"}],"about":[{"href":"https:\/\/lindstromgroup.com\/sk\/wp-json\/wp\/v2\/types\/page"}],"author":[{"embeddable":true,"href":"https:\/\/lindstromgroup.com\/sk\/wp-json\/wp\/v2\/users\/14"}],"replies":[{"embeddable":true,"href":"https:\/\/lindstromgroup.com\/sk\/wp-json\/wp\/v2\/comments?post=16241"}],"version-history":[{"count":0,"href":"https:\/\/lindstromgroup.com\/sk\/wp-json\/wp\/v2\/pages\/16241\/revisions"}],"wp:attachment":[{"href":"https:\/\/lindstromgroup.com\/sk\/wp-json\/wp\/v2\/media?parent=16241"}],"wp:term":[{"taxonomy":"author","embeddable":true,"href":"https:\/\/lindstromgroup.com\/sk\/wp-json\/wp\/v2\/coauthors?post=16241"}],"curies":[{"name":"wp","href":"https:\/\/api.w.org\/{rel}","templated":true}]}}