
    {"id":16374,"date":"2024-04-22T18:02:41","date_gmt":"2024-04-22T17:02:41","guid":{"rendered":"https:\/\/lindstromgroup.com\/si-renewal\/?page_id=16374"},"modified":"2026-03-17T15:20:38","modified_gmt":"2026-03-17T13:20:38","slug":"zaposlitev","status":"publish","type":"page","link":"https:\/\/lindstromgroup.com\/si\/zaposlitev\/","title":{"rendered":"Zaposlitev"},"content":{"rendered":"\n    <div\n        id=\"block_9df48bc0c58d1269c4106a7aae69103b\"\n        class=\"hero-sub hero-sub--block_9df48bc0c58d1269c4106a7aae69103b  flex flex-col-reverse lg:flex-row justify-between bg-dark-blue text-white\"\n    >        \n        <div class=\"flex flex-col gap-5 pt-10 pb-5 grow px-5 lg:px-20\">\n            <div class=\"flex flex-col justify-center gap-3 grow max-w-[var(--container-text-max)]\">\n                <h1 class=\"!mb-0 !text-white !text-title-medium lg:!text-title-large !font-bold hyphens-auto break-words\">\n                    Zaposlitev in kariera v Lindstr\u00f6mu                <\/h1>\n    \n                <div class=\"hero-sub__description\">\n                    <p>Preverite prilo\u017enosti za zaposlitev pri nas.<\/p>\n                <\/div>\n    \n                \n                            <\/div>\n                            <div class=\"font-bold hero-sub__breadcrumb text-body-small\">\n                        <span><span><a href=\"https:\/\/lindstromgroup.com\/si\/\">Home<\/a><\/span><\/span>                <\/div>\n                    <\/div>\n\n        <div class=\"[&#038;_picture]:w-full flex h-full lg:h-auto max-h-[350px] lg:max-h-none lg:min-h-full w-full lg:w-[650px]\">\n            <img decoding=\"async\"\n                class=\"object-cover w-full h-full\"\n                src=\"https:\/\/d2ris6qfzcz0wn.cloudfront.net\/wp-content\/uploads\/sites\/12\/2024\/01\/Service-representative_010_Lindstrom-1024x683.jpg\"\n                alt=\"Preverite prilo\u017enosti za zaposlitev pri nas.\"\n            >\n        <\/div>\n    <\/div>\n\n\n\n        <style>\n            .lindstrom-container--block_67ec183893c7ce958a1f57211ee7d5ab {                \n                padding-top: 35px;\n                padding-bottom: 35px;\n            }\n\n            @media screen and (min-width: 768px) {\n                .lindstrom-container--block_67ec183893c7ce958a1f57211ee7d5ab {\n                    padding-top: 75px;\n                    padding-bottom: 75px;\n                }\n            }\n        <\/style>\n    \n<div\n    class=\"lindstrom-container-wrapper lindstrom-container lindstrom-container--block_67ec183893c7ce958a1f57211ee7d5ab \"\n    id=\"block_67ec183893c7ce958a1f57211ee7d5ab\"\n    style=\"background-color: #ffffff\"\n    >\n    <div class=\"lindstrom-container lindstrom-container--text items-stretch\">\n        \n\n        <div \n        id=\"tyopaikat\" \n        class=\"cta-country\"\n    >\n        <div class=\"flex flex-col gap-5\" style=\"align-items: flex-start\">\n                            <h2 class='!text-title-small lg:!text-title-medium !text-grey-100 !font-bold !my-0'>                    Dobrodo\u0161li na na\u0161i strani kariernih prilo\u017enosti!                <\/h2>                                        <div class=\"cta-text\"><p>Zaposlitev v Lindstr\u00f6mu vam omogo\u010da karierni razvoj v spodbudnem in odgovornem podjetju, katerega poslovanje temelji na kro\u017enem gospodarstvu!<\/p>\n<p>Pri Lindstr\u00f6mu lahko delate na razli\u010dnih delovnih mestih, na primer v prodaji, tekstilnem vzdr\u017eevanju, ra\u010dunovodstvu, razvoju storitev, vzdr\u017eevanju ali v podpori strankam. Oglejte si na\u0161e strani za kariero, spremljajte na\u0161a prosta delovna mesta in se pridru\u017eite na\u0161i ekipi.<\/p>\n<\/div>\n                        <div class=\"cta-button-container cta-button-container--row\">\n                            <\/div>\n        <\/div>\n    <\/div>\n    \n\n\n        <div\n        id=\"block_a3b3f011d4b0b5594dcf77ddb2c2084b\" \n        class=\"open-job-positions open-job-positions--block_a3b3f011d4b0b5594dcf77ddb2c2084b \"\n        >\n            <div class=\"open-job-positions__list open-job-positions__list--closed\">\n                    <div class=\"open-job-positions__card\">\n        <div class=\"open-job-positions__title\">\n            <a href=\"https:\/\/lindstromgroup.com\/si\/delovna-mesta\/delavec-v-skladiscu-m-z\/\">\n                Delavec v skladi\u0161\u010du m\/\u017e            <\/a>\n        <\/div>\n        <div class=\"open-job-positions__description\">\n            V podjetju Lindstr\u00f6m d.o.o. zaposlimo Delavca v skladi\u0161\u010du m\/\u017e Smo globalno podjetje z ve\u010d kot 175-letno tradicijo, ki v 23 dr\u017eavah zaposluje ve\u010d kot 4000&#8230;        <\/div>\n        <div class=\"open-job-positions__period\">\n            <span>\n                Sprejemanje prijav 26.11.2024            <\/span>\n            <span>\n                Zaklju\u010dek prijav &#8211;            <\/span>\n        <\/div>\n    <\/div>\n    <div class=\"open-job-positions__card\">\n        <div class=\"open-job-positions__title\">\n            <a href=\"https:\/\/lindstromgroup.com\/si\/delovna-mesta\/negovalec-ka-delovnih-oblacil\/\">\n                Negovalec\/ka delovnih obla\u010dil            <\/a>\n        <\/div>\n        <div class=\"open-job-positions__description\">\n            V podjetju Lindstr\u00f6m d.o.o. zaposlimo Negovalca\/ko delovnih obla\u010dil Smo globalno podjetje z ve\u010d kot 175-letno tradicijo, ki v 23 dr\u017eavah zaposluje ve\u010d kot 4000 ljudi&#8230;.        <\/div>\n        <div class=\"open-job-positions__period\">\n            <span>\n                Sprejemanje prijav 20.08.2024            <\/span>\n            <span>\n                Zaklju\u010dek prijav &#8211;            <\/span>\n        <\/div>\n    <\/div>\n            <\/div>\n\n                    <\/div>\n    \n\n    <\/div>\n<\/div>\n\n\n\n        <style>\n            .lindstrom-container--block_46e85c1063a2cb1e28c09618898c1a36 {                \n                padding-top: 35px;\n                padding-bottom: 35px;\n            }\n\n            @media screen and (min-width: 768px) {\n                .lindstrom-container--block_46e85c1063a2cb1e28c09618898c1a36 {\n                    padding-top: 75px;\n                    padding-bottom: 75px;\n                }\n            }\n        <\/style>\n    \n<div\n    class=\"lindstrom-container-wrapper lindstrom-container lindstrom-container--block_46e85c1063a2cb1e28c09618898c1a36 \"\n    id=\"block_46e85c1063a2cb1e28c09618898c1a36\"\n    style=\"background-color: #ffffff\"\n    >\n    <div class=\"lindstrom-container lindstrom-container--content items-stretch\">\n        \n\n        <div \n        id=\"cta-country-block_d3d42f21d9c30bb65bb7d541cbf78e10\" \n        class=\"cta-country\"\n    >\n        <div class=\"flex flex-col gap-5\" style=\"align-items: flex-start\">\n                            <h2 class='!text-title-small lg:!text-title-medium !text-grey-100 !font-bold !my-0'>                    Imamo prilo\u017enosti za vse                <\/h2>                                    <div class=\"cta-button-container cta-button-container--row\">\n                            <\/div>\n        <\/div>\n    <\/div>\n    \n\n\n<div class=\"wp-block-columns is-layout-flex wp-container-core-columns-is-layout-28f84493 wp-block-columns-is-layout-flex\">\n<div class=\"wp-block-column is-layout-flow wp-block-column-is-layout-flow\">\n<p>Vi ste del na\u0161e kulture skrbi, ki jo podpira skrbno vodstvo. Va\u0161a osebnost je cenjena in skrbimo za va\u0161e dobro po\u010dutje. Skrbeti pomeni postati bolj\u0161i \u010dlovek. Va\u0161e delo ima pozitiven vpliv na ljudi in planet.<\/p>\n<\/div>\n\n\n\n<div class=\"wp-block-column is-layout-flow wp-block-column-is-layout-flow\">\n<p>Pri nas se boste lahko u\u010dili novih stvari in upamo, da boste na\u0161li svoj namen. Lahko pove\u017eete svoje delo z na\u0161imi strankami in varstvom narave. Cenimo vas in va\u0161o individualnost ter skrbimo za va\u0161e dobro po\u010dutje. Delate s sodelavci, ki vam vsak dan dajejo veliko pozitivne energije. Spodbujamo vas, da odkrijete, kak\u0161no mo\u010d ima skrbnost.<\/p>\n<\/div>\n<\/div>\n\n\n    <\/div>\n<\/div>\n","protected":false},"excerpt":{"rendered":"","protected":false},"author":27,"featured_media":16360,"parent":0,"menu_order":0,"comment_status":"closed","ping_status":"closed","template":"","meta":{"_acf_changed":true,"inline_featured_image":false,"_eb_attr":"","site-sidebar-layout":"default","site-content-layout":"","ast-site-content-layout":"default","site-content-style":"default","site-sidebar-style":"default","ast-global-header-display":"","ast-banner-title-visibility":"","ast-main-header-display":"","ast-hfb-above-header-display":"","ast-hfb-below-header-display":"","ast-hfb-mobile-header-display":"","site-post-title":"","ast-breadcrumbs-content":"","ast-featured-img":"","footer-sml-layout":"","ast-disable-related-posts":"","theme-transparent-header-meta":"","adv-header-id-meta":"","stick-header-meta":"","header-above-stick-meta":"","header-main-stick-meta":"","header-below-stick-meta":"","astra-migrate-meta-layouts":"set","ast-page-background-enabled":"default","ast-page-background-meta":{"desktop":{"background-color":"var(--ast-global-color-4)","background-image":"","background-repeat":"repeat","background-position":"center center","background-size":"auto","background-attachment":"scroll","background-type":"","background-media":"","overlay-type":"","overlay-color":"","overlay-opacity":"","overlay-gradient":""},"tablet":{"background-color":"","background-image":"","background-repeat":"repeat","background-position":"center center","background-size":"auto","background-attachment":"scroll","background-type":"","background-media":"","overlay-type":"","overlay-color":"","overlay-opacity":"","overlay-gradient":""},"mobile":{"background-color":"","background-image":"","background-repeat":"repeat","background-position":"center center","background-size":"auto","background-attachment":"scroll","background-type":"","background-media":"","overlay-type":"","overlay-color":"","overlay-opacity":"","overlay-gradient":""}},"ast-content-background-meta":{"desktop":{"background-color":"var(--ast-global-color-5)","background-image":"","background-repeat":"repeat","background-position":"center center","background-size":"auto","background-attachment":"scroll","background-type":"","background-media":"","overlay-type":"","overlay-color":"","overlay-opacity":"","overlay-gradient":""},"tablet":{"background-color":"var(--ast-global-color-5)","background-image":"","background-repeat":"repeat","background-position":"center center","background-size":"auto","background-attachment":"scroll","background-type":"","background-media":"","overlay-type":"","overlay-color":"","overlay-opacity":"","overlay-gradient":""},"mobile":{"background-color":"var(--ast-global-color-5)","background-image":"","background-repeat":"repeat","background-position":"center center","background-size":"auto","background-attachment":"scroll","background-type":"","background-media":"","overlay-type":"","overlay-color":"","overlay-opacity":"","overlay-gradient":""}},"footnotes":""},"coauthors":[21],"class_list":["post-16374","page","type-page","status-publish","has-post-thumbnail","hentry"],"acf":[],"yoast_head":"<!-- This site is optimized with the Yoast SEO plugin v27.2 - https:\/\/yoast.com\/product\/yoast-seo-wordpress\/ -->\n<title>Zaposlitev - Lindstr\u00f6m Slovenia<\/title>\n<meta name=\"description\" content=\"Odkrijte nove karierne prilo\u017enosti. Zaposlitev v Lindstr\u00f6mu vam omogo\u010da razvoj kariere v spodbudnem in odgovornem okolju.\" \/>\n<meta name=\"robots\" content=\"index, follow, max-snippet:-1, max-image-preview:large, max-video-preview:-1\" \/>\n<meta property=\"og:locale\" content=\"sl_SI\" \/>\n<meta property=\"og:type\" content=\"article\" \/>\n<meta property=\"og:title\" content=\"Zaposlitev - Lindstr\u00f6m Slovenia\" \/>\n<meta property=\"og:description\" content=\"Odkrijte nove karierne prilo\u017enosti. Zaposlitev v Lindstr\u00f6mu vam omogo\u010da razvoj kariere v spodbudnem in odgovornem okolju.\" \/>\n<meta property=\"og:url\" content=\"https:\/\/lindstromgroup.com\/si\/zaposlitev\/\" \/>\n<meta property=\"og:site_name\" content=\"Lindstr\u00f6m Slovenia\" \/>\n<meta property=\"article:modified_time\" content=\"2026-03-17T13:20:38+00:00\" \/>\n<meta property=\"og:image\" content=\"https:\/\/d2ris6qfzcz0wn.cloudfront.net\/wp-content\/uploads\/sites\/12\/2024\/01\/Service-representative_010_Lindstrom.jpg\" \/>\n\t<meta property=\"og:image:width\" content=\"1500\" \/>\n\t<meta property=\"og:image:height\" content=\"1001\" \/>\n\t<meta property=\"og:image:type\" content=\"image\/jpeg\" \/>\n<meta name=\"twitter:card\" content=\"summary_large_image\" \/>\n<meta name=\"twitter:label1\" content=\"Est. reading time\" \/>\n\t<meta name=\"twitter:data1\" content=\"1 minuta\" \/>\n\t<meta name=\"twitter:label2\" content=\"Written by\" \/>\n\t<meta name=\"twitter:data2\" content=\"Juho Kangas\" \/>\n<script type=\"application\/ld+json\" class=\"yoast-schema-graph\">{\"@context\":\"https:\/\/schema.org\",\"@graph\":[{\"@type\":\"WebPage\",\"@id\":\"https:\/\/lindstromgroup.com\/si\/zaposlitev\/\",\"url\":\"https:\/\/lindstromgroup.com\/si\/zaposlitev\/\",\"name\":\"Zaposlitev - Lindstr\u00f6m Slovenia\",\"isPartOf\":{\"@id\":\"https:\/\/lindstromgroup.com\/si\/#website\"},\"primaryImageOfPage\":{\"@id\":\"https:\/\/lindstromgroup.com\/si\/zaposlitev\/#primaryimage\"},\"image\":{\"@id\":\"https:\/\/lindstromgroup.com\/si\/zaposlitev\/#primaryimage\"},\"thumbnailUrl\":\"https:\/\/d2ris6qfzcz0wn.cloudfront.net\/wp-content\/uploads\/sites\/12\/2024\/01\/Service-representative_010_Lindstrom.jpg\",\"datePublished\":\"2024-04-22T17:02:41+00:00\",\"dateModified\":\"2026-03-17T13:20:38+00:00\",\"description\":\"Odkrijte nove karierne prilo\u017enosti. Zaposlitev v Lindstr\u00f6mu vam omogo\u010da razvoj kariere v spodbudnem in odgovornem okolju.\",\"breadcrumb\":{\"@id\":\"https:\/\/lindstromgroup.com\/si\/zaposlitev\/#breadcrumb\"},\"inLanguage\":\"sl-SI\",\"potentialAction\":[{\"@type\":\"ReadAction\",\"target\":[\"https:\/\/lindstromgroup.com\/si\/zaposlitev\/\"]}]},{\"@type\":\"ImageObject\",\"inLanguage\":\"sl-SI\",\"@id\":\"https:\/\/lindstromgroup.com\/si\/zaposlitev\/#primaryimage\",\"url\":\"https:\/\/d2ris6qfzcz0wn.cloudfront.net\/wp-content\/uploads\/sites\/12\/2024\/01\/Service-representative_010_Lindstrom.jpg\",\"contentUrl\":\"https:\/\/d2ris6qfzcz0wn.cloudfront.net\/wp-content\/uploads\/sites\/12\/2024\/01\/Service-representative_010_Lindstrom.jpg\",\"width\":1500,\"height\":1001},{\"@type\":\"BreadcrumbList\",\"@id\":\"https:\/\/lindstromgroup.com\/si\/zaposlitev\/#breadcrumb\",\"itemListElement\":[{\"@type\":\"ListItem\",\"position\":1,\"name\":\"Home\",\"item\":\"https:\/\/lindstromgroup.com\/si\/\"},{\"@type\":\"ListItem\",\"position\":2,\"name\":\"Zaposlitev\"}]},{\"@type\":\"WebSite\",\"@id\":\"https:\/\/lindstromgroup.com\/si\/#website\",\"url\":\"https:\/\/lindstromgroup.com\/si\/\",\"name\":\"Lindstr\u00f6m Slovenia\",\"description\":\"\",\"publisher\":{\"@id\":\"https:\/\/lindstromgroup.com\/si\/#organization\"},\"potentialAction\":[{\"@type\":\"SearchAction\",\"target\":{\"@type\":\"EntryPoint\",\"urlTemplate\":\"https:\/\/lindstromgroup.com\/si\/?s={search_term_string}\"},\"query-input\":{\"@type\":\"PropertyValueSpecification\",\"valueRequired\":true,\"valueName\":\"search_term_string\"}}],\"inLanguage\":\"sl-SI\"},{\"@type\":\"Organization\",\"@id\":\"https:\/\/lindstromgroup.com\/si\/#organization\",\"name\":\"Lindstr\u00f6m Slovenia\",\"url\":\"https:\/\/lindstromgroup.com\/si\/\",\"logo\":{\"@type\":\"ImageObject\",\"inLanguage\":\"sl-SI\",\"@id\":\"https:\/\/lindstromgroup.com\/si\/#\/schema\/logo\/image\/\",\"url\":\"https:\/\/d2ris6qfzcz0wn.cloudfront.net\/wp-content\/uploads\/sites\/12\/2023\/10\/Logo512.png\",\"contentUrl\":\"https:\/\/d2ris6qfzcz0wn.cloudfront.net\/wp-content\/uploads\/sites\/12\/2023\/10\/Logo512.png\",\"width\":512,\"height\":109,\"caption\":\"Lindstr\u00f6m Slovenia\"},\"image\":{\"@id\":\"https:\/\/lindstromgroup.com\/si\/#\/schema\/logo\/image\/\"}}]}<\/script>\n<!-- \/ Yoast SEO plugin. -->","yoast_head_json":{"title":"Zaposlitev - Lindstr\u00f6m Slovenia","description":"Odkrijte nove karierne prilo\u017enosti. Zaposlitev v Lindstr\u00f6mu vam omogo\u010da razvoj kariere v spodbudnem in odgovornem okolju.","robots":{"index":"index","follow":"follow","max-snippet":"max-snippet:-1","max-image-preview":"max-image-preview:large","max-video-preview":"max-video-preview:-1"},"og_locale":"sl_SI","og_type":"article","og_title":"Zaposlitev - Lindstr\u00f6m Slovenia","og_description":"Odkrijte nove karierne prilo\u017enosti. Zaposlitev v Lindstr\u00f6mu vam omogo\u010da razvoj kariere v spodbudnem in odgovornem okolju.","og_url":"https:\/\/lindstromgroup.com\/si\/zaposlitev\/","og_site_name":"Lindstr\u00f6m Slovenia","article_modified_time":"2026-03-17T13:20:38+00:00","og_image":[{"width":1500,"height":1001,"url":"https:\/\/d2ris6qfzcz0wn.cloudfront.net\/wp-content\/uploads\/sites\/12\/2024\/01\/Service-representative_010_Lindstrom.jpg","type":"image\/jpeg"}],"twitter_card":"summary_large_image","twitter_misc":{"Est. reading time":"1 minuta","Written by":"Juho Kangas"},"schema":{"@context":"https:\/\/schema.org","@graph":[{"@type":"WebPage","@id":"https:\/\/lindstromgroup.com\/si\/zaposlitev\/","url":"https:\/\/lindstromgroup.com\/si\/zaposlitev\/","name":"Zaposlitev - Lindstr\u00f6m Slovenia","isPartOf":{"@id":"https:\/\/lindstromgroup.com\/si\/#website"},"primaryImageOfPage":{"@id":"https:\/\/lindstromgroup.com\/si\/zaposlitev\/#primaryimage"},"image":{"@id":"https:\/\/lindstromgroup.com\/si\/zaposlitev\/#primaryimage"},"thumbnailUrl":"https:\/\/d2ris6qfzcz0wn.cloudfront.net\/wp-content\/uploads\/sites\/12\/2024\/01\/Service-representative_010_Lindstrom.jpg","datePublished":"2024-04-22T17:02:41+00:00","dateModified":"2026-03-17T13:20:38+00:00","description":"Odkrijte nove karierne prilo\u017enosti. Zaposlitev v Lindstr\u00f6mu vam omogo\u010da razvoj kariere v spodbudnem in odgovornem okolju.","breadcrumb":{"@id":"https:\/\/lindstromgroup.com\/si\/zaposlitev\/#breadcrumb"},"inLanguage":"sl-SI","potentialAction":[{"@type":"ReadAction","target":["https:\/\/lindstromgroup.com\/si\/zaposlitev\/"]}]},{"@type":"ImageObject","inLanguage":"sl-SI","@id":"https:\/\/lindstromgroup.com\/si\/zaposlitev\/#primaryimage","url":"https:\/\/d2ris6qfzcz0wn.cloudfront.net\/wp-content\/uploads\/sites\/12\/2024\/01\/Service-representative_010_Lindstrom.jpg","contentUrl":"https:\/\/d2ris6qfzcz0wn.cloudfront.net\/wp-content\/uploads\/sites\/12\/2024\/01\/Service-representative_010_Lindstrom.jpg","width":1500,"height":1001},{"@type":"BreadcrumbList","@id":"https:\/\/lindstromgroup.com\/si\/zaposlitev\/#breadcrumb","itemListElement":[{"@type":"ListItem","position":1,"name":"Home","item":"https:\/\/lindstromgroup.com\/si\/"},{"@type":"ListItem","position":2,"name":"Zaposlitev"}]},{"@type":"WebSite","@id":"https:\/\/lindstromgroup.com\/si\/#website","url":"https:\/\/lindstromgroup.com\/si\/","name":"Lindstr\u00f6m Slovenia","description":"","publisher":{"@id":"https:\/\/lindstromgroup.com\/si\/#organization"},"potentialAction":[{"@type":"SearchAction","target":{"@type":"EntryPoint","urlTemplate":"https:\/\/lindstromgroup.com\/si\/?s={search_term_string}"},"query-input":{"@type":"PropertyValueSpecification","valueRequired":true,"valueName":"search_term_string"}}],"inLanguage":"sl-SI"},{"@type":"Organization","@id":"https:\/\/lindstromgroup.com\/si\/#organization","name":"Lindstr\u00f6m Slovenia","url":"https:\/\/lindstromgroup.com\/si\/","logo":{"@type":"ImageObject","inLanguage":"sl-SI","@id":"https:\/\/lindstromgroup.com\/si\/#\/schema\/logo\/image\/","url":"https:\/\/d2ris6qfzcz0wn.cloudfront.net\/wp-content\/uploads\/sites\/12\/2023\/10\/Logo512.png","contentUrl":"https:\/\/d2ris6qfzcz0wn.cloudfront.net\/wp-content\/uploads\/sites\/12\/2023\/10\/Logo512.png","width":512,"height":109,"caption":"Lindstr\u00f6m Slovenia"},"image":{"@id":"https:\/\/lindstromgroup.com\/si\/#\/schema\/logo\/image\/"}}]}},"publishpress_future_workflow_manual_trigger":{"enabledWorkflows":[]},"distributor_meta":false,"distributor_terms":false,"distributor_media":false,"distributor_original_site_name":"Lindstr\u00f6m Slovenia","distributor_original_site_url":"https:\/\/lindstromgroup.com\/si","push-errors":false,"_links":{"self":[{"href":"https:\/\/lindstromgroup.com\/si\/wp-json\/wp\/v2\/pages\/16374","targetHints":{"allow":["GET"]}}],"collection":[{"href":"https:\/\/lindstromgroup.com\/si\/wp-json\/wp\/v2\/pages"}],"about":[{"href":"https:\/\/lindstromgroup.com\/si\/wp-json\/wp\/v2\/types\/page"}],"author":[{"embeddable":true,"href":"https:\/\/lindstromgroup.com\/si\/wp-json\/wp\/v2\/users\/27"}],"replies":[{"embeddable":true,"href":"https:\/\/lindstromgroup.com\/si\/wp-json\/wp\/v2\/comments?post=16374"}],"version-history":[{"count":0,"href":"https:\/\/lindstromgroup.com\/si\/wp-json\/wp\/v2\/pages\/16374\/revisions"}],"wp:featuredmedia":[{"embeddable":true,"href":"https:\/\/lindstromgroup.com\/si\/wp-json\/wp\/v2\/media\/16360"}],"wp:attachment":[{"href":"https:\/\/lindstromgroup.com\/si\/wp-json\/wp\/v2\/media?parent=16374"}],"wp:term":[{"taxonomy":"author","embeddable":true,"href":"https:\/\/lindstromgroup.com\/si\/wp-json\/wp\/v2\/coauthors?post=16374"}],"curies":[{"name":"wp","href":"https:\/\/api.w.org\/{rel}","templated":true}]}}