
    {"id":16929,"date":"2024-06-12T08:37:09","date_gmt":"2024-06-12T08:37:09","guid":{"rendered":"https:\/\/lindstromgroup.com\/se\/?page_id=16929"},"modified":"2024-09-02T08:17:01","modified_gmt":"2024-09-02T08:17:01","slug":"hallbarhetskalkylator","status":"publish","type":"page","link":"https:\/\/lindstromgroup.com\/se\/hallbarhetskalkylator\/","title":{"rendered":"H\u00e5llbarhetskalkylator"},"content":{"rendered":"\n        <style>\n            .lindstrom-container--block_8766a51d5b9053ca4db9fd82384cc125 {                \n                padding-top: 35px;\n                padding-bottom: 35px;\n            }\n\n            @media screen and (min-width: 768px) {\n                .lindstrom-container--block_8766a51d5b9053ca4db9fd82384cc125 {\n                    padding-top: 75px;\n                    padding-bottom: 75px;\n                }\n            }\n        <\/style>\n    \n<div\n    class=\"lindstrom-container-wrapper lindstrom-container lindstrom-container--block_8766a51d5b9053ca4db9fd82384cc125 \"\n    id=\"block_8766a51d5b9053ca4db9fd82384cc125\"\n    style=\"background-color: #ffffff\"\n    >\n    <div class=\"lindstrom-container lindstrom-container--text items-stretch\">\n        \n\n<h1 class=\"wp-block-heading has-text-align-center has-green-color has-text-color has-link-color wp-elements-0800d0644775818c96f32cfe45b00b42\">J\u00e4mf\u00f6r&nbsp;<strong>tv\u00e4tta hemma<\/strong>&nbsp;mot<br>Lindstr\u00f6ms&nbsp;<strong>industriella tv\u00e4ttprocess<\/strong><\/h1>\n\n\n    <\/div>\n<\/div>\n\n\n\n<div \n    id=\"sustainability-calculator-block_821a3636950c76f4dbbd89c03171c077\" \n    class=\"sustainability-calculator\"\n>\n    <div class=\"sustainability-calculator__input-wrap\">\n        <input \n            class=\"sustainability-calculator__input-number\"\n            type=\"number\"\n            min=\"1\"\n            step=\"1\"\n            value=\"5\"\n        \/>\n        <input \n            class=\"sustainability-calculator__input-slider\"\n            type=\"range\" \n            min=\"1\" \n            step=\"1\"\n            max=\"1000000\"\n            value=\"5\"\n        \/>\n        <img decoding=\"async\" \n            src=\"https:\/\/lindstromgroup.com\/se\/wp-content\/themes\/astra-child\/assets\/img\/sustainability-calculator\/laundry.png\"\n        \/>\n    <\/div>\n\n    <div class=\"sustainability-calculator__output\">\n        <div class=\"grid__column grid__column--heading\">\n            <div><\/div>\n            <div class=\"grid__info--industrial\">\n                Industriell tv\u00e4tt            <\/div>\n            <div class=\"grid__info--home\">\n                Tv\u00e4tta hemma            <\/div>\n            <div><\/div>\n        <\/div>\n        \n            <div class='grid__column'>\n                <div class='grid__column-title'>\n                    <img src='https:\/\/lindstromgroup.com\/se\/wp-content\/themes\/astra-child\/assets\/img\/sustainability-calculator\/water-green.png' alt='Vatten' \/>\n                    <b>Vatten<\/b>\n                <\/div>\n                <div class='grid__info grid__info--industrial'>\n                    <div class='value' data-field='water-industrial'><\/div>\n                    <div class='unit'>l \/ m\u00e5nad<\/div>\n                <\/div>\n                <div class='grid__info grid__info--vs'>\n                    VS.\n                <\/div>\n                <div class='grid__info grid__info--home'>\n                    <div class='value' data-field='water-home'><\/div>\n                    <div class='unit'>l \/ m\u00e5nad<\/div>\n                <\/div>\n                <div class='grid__info grid__info--save'>\n                    <div class='save-title'>\n                        <b>Spara<\/b>\n                    <\/div>\n                    <div class='value-box'>\n                        <span>\n                            <span class='value' data-field='water-save'><\/span>\n                            <span class='unit'>l<\/span>\n                        <\/span>\n                    <\/div>\n                    <div class='total-unit'>\n                        <b>vatten \/ \u00e5r<\/b>\n                        <br \/>\n                        <i>med Lindstr\u00f6m service<\/i>\n                    <\/div>\n                <\/div>\n            <\/div>\n        \n            <div class='grid__column'>\n                <div class='grid__column-title'>\n                    <img src='https:\/\/lindstromgroup.com\/se\/wp-content\/themes\/astra-child\/assets\/img\/sustainability-calculator\/detergent-green.png' alt='Tv\u00e4ttmedel' \/>\n                    <b>Tv\u00e4ttmedel<\/b>\n                <\/div>\n                <div class='grid__info grid__info--industrial'>\n                    <div class='value' data-field='detergent-industrial'><\/div>\n                    <div class='unit'>g \/ m\u00e5nad<\/div>\n                <\/div>\n                <div class='grid__info grid__info--vs'>\n                    VS.\n                <\/div>\n                <div class='grid__info grid__info--home'>\n                    <div class='value' data-field='detergent-home'><\/div>\n                    <div class='unit'>g \/ m\u00e5nad<\/div>\n                <\/div>\n                <div class='grid__info grid__info--save'>\n                    <div class='save-title'>\n                        <b>Spara<\/b>\n                    <\/div>\n                    <div class='value-box'>\n                        <span>\n                            <span class='value' data-field='detergent-save'><\/span>\n                            <span class='unit'>kg<\/span>\n                        <\/span>\n                    <\/div>\n                    <div class='total-unit'>\n                        <b>tv\u00e4ttmedel \/ \u00e5r<\/b>\n                        <br \/>\n                        <i>med Lindstr\u00f6m service<\/i>\n                    <\/div>\n                <\/div>\n            <\/div>\n        \n            <div class='grid__column'>\n                <div class='grid__column-title'>\n                    <img src='https:\/\/lindstromgroup.com\/se\/wp-content\/themes\/astra-child\/assets\/img\/sustainability-calculator\/energy-green.png' alt='Energi' \/>\n                    <b>Energi<\/b>\n                <\/div>\n                <div class='grid__info grid__info--industrial'>\n                    <div class='value' data-field='energy-industrial'><\/div>\n                    <div class='unit'>kWh \/ m\u00e5nad<\/div>\n                <\/div>\n                <div class='grid__info grid__info--vs'>\n                    VS.\n                <\/div>\n                <div class='grid__info grid__info--home'>\n                    <div class='value' data-field='energy-home'><\/div>\n                    <div class='unit'>kWh \/ m\u00e5nad<\/div>\n                <\/div>\n                <div class='grid__info grid__info--save'>\n                    <div class='save-title'>\n                        <b>Spara<\/b>\n                    <\/div>\n                    <div class='value-box'>\n                        <span>\n                            <span class='value' data-field='energy-save'><\/span>\n                            <span class='unit'>kWh<\/span>\n                        <\/span>\n                    <\/div>\n                    <div class='total-unit'>\n                        <b>energi  \/ \u00e5r<\/b>\n                        <br \/>\n                        <i>med Lindstr\u00f6m service<\/i>\n                    <\/div>\n                <\/div>\n            <\/div>\n        \n            <div class='grid__column'>\n                <div class='grid__column-title'>\n                    <img src='https:\/\/lindstromgroup.com\/se\/wp-content\/themes\/astra-child\/assets\/img\/sustainability-calculator\/carbon-green.png' alt='Koldioxidavtryck' \/>\n                    <b>Koldioxidavtryck<\/b>\n                <\/div>\n                <div class='grid__info grid__info--industrial'>\n                    <div class='value' data-field='carbon-industrial'><\/div>\n                    <div class='unit'>kg \/ m\u00e5nad<\/div>\n                <\/div>\n                <div class='grid__info grid__info--vs'>\n                    VS.\n                <\/div>\n                <div class='grid__info grid__info--home'>\n                    <div class='value' data-field='carbon-home'><\/div>\n                    <div class='unit'>kg \/ m\u00e5nad<\/div>\n                <\/div>\n                <div class='grid__info grid__info--save'>\n                    <div class='save-title'>\n                        <b>Spara<\/b>\n                    <\/div>\n                    <div class='value-box'>\n                        <span>\n                            <span class='value' data-field='carbon-save'><\/span>\n                            <span class='unit'>kg<\/span>\n                        <\/span>\n                    <\/div>\n                    <div class='total-unit'>\n                        <b>CO2 utsl\u00e4pp \/ \u00e5r<\/b>\n                        <br \/>\n                        <i>med Lindstr\u00f6m service<\/i>\n                    <\/div>\n                <\/div>\n            <\/div>\n        \n            <div class='grid__column'>\n                <div class='grid__column-title'>\n                    <img src='https:\/\/lindstromgroup.com\/se\/wp-content\/themes\/astra-child\/assets\/img\/sustainability-calculator\/textile-green.png' alt='Textilavfall' \/>\n                    <b>Textilavfall<\/b>\n                <\/div>\n                <div class='grid__info grid__info--industrial'>\n                    <div class='value' data-field='textile-industrial'><\/div>\n                    <div class='unit'>F\u00f6rmodat antal reparationer (kg) \/ m\u00e5nad<\/div>\n                <\/div>\n                <div class='grid__info grid__info--vs'>\n                    VS.\n                <\/div>\n                <div class='grid__info grid__info--home'>\n                    <div class='value' data-field='textile-home'><\/div>\n                    <div class='unit'>Kasserade plagg (kg) \/ m\u00e5nad<\/div>\n                <\/div>\n                <div class='grid__info grid__info--save'>\n                    <div class='save-title'>\n                        <b>Spara<\/b>\n                    <\/div>\n                    <div class='value-box'>\n                        <span>\n                            <span class='value' data-field='textile-save'><\/span>\n                            <span class='unit'>kg<\/span>\n                        <\/span>\n                    <\/div>\n                    <div class='total-unit'>\n                        <b>textilavfall \/ \u00e5r<\/b>\n                        <br \/>\n                        <i>med Lindstr\u00f6m service<\/i>\n                    <\/div>\n                <\/div>\n            <\/div>\n            <\/div>\n<\/div>\n\n\n\n\n        <style>\n            .lindstrom-container--block_8766a51d5b9053ca4db9fd82384cc125 {                \n                padding-top: 35px;\n                padding-bottom: 35px;\n            }\n\n            @media screen and (min-width: 768px) {\n                .lindstrom-container--block_8766a51d5b9053ca4db9fd82384cc125 {\n                    padding-top: 75px;\n                    padding-bottom: 75px;\n                }\n            }\n        <\/style>\n    \n<div\n    class=\"lindstrom-container-wrapper lindstrom-container lindstrom-container--block_8766a51d5b9053ca4db9fd82384cc125 \"\n    id=\"block_8766a51d5b9053ca4db9fd82384cc125\"\n    style=\"background-color: #ffffff\"\n    >\n    <div class=\"lindstrom-container lindstrom-container--text items-stretch\">\n        \n\n<h2 class=\"wp-block-heading has-text-align-center has-green-color has-text-color has-link-color wp-elements-53e48efa1764141728ad62f3ebf083e8\">Vet du hur det skiljer sig att tv\u00e4tta hemma j\u00e4mf\u00f6rt mot v\u00e5r industriella tv\u00e4ttprocess?<\/h2>\n\n\n\n<p class=\"has-text-align-center has-grey-100-color has-text-color has-link-color wp-elements-2b00c0d766316722666f86ebdd2c4385\">V\u00e5ra ber\u00e4kningar f\u00f6r att tv\u00e4tta hemma&nbsp;<strong>baseras p\u00e5 offentlig information<\/strong>&nbsp;fr\u00e5n olika konsumentf\u00f6retag och statliga institutioner. Vi&nbsp;<strong>j\u00e4mf\u00f6r dessa siffror<\/strong>&nbsp;med f\u00f6rbrukningen av vatten, tv\u00e4ttmedel, energi och CO2-utsl\u00e4pp i v\u00e5r egen industriella tv\u00e4ttprocess.<\/p>\n\n\n\n<p class=\"has-text-align-center\"><strong>H\u00e4r \u00e4r n\u00e5gra fakta bakom ber\u00e4kningarna!<\/strong><\/p>\n\n\n\n<p class=\"has-text-align-center\"><strong>68%<\/strong>&nbsp;av anv\u00e4ndarna s\u00e4ger att de alltid eller n\u00e4stan alltid tv\u00e4ttar arbetskl\u00e4derna separat fr\u00e5n andra kl\u00e4der*<br><strong>4,5 st&nbsp;<\/strong>plagg \u00e4r snittm\u00e4ngden arbetskl\u00e4der per tv\u00e4tt*<br><strong>6,5 kg<\/strong>&nbsp;tv\u00e4tt \u00e4r snittkapaciteten p\u00e5 en tv\u00e4ttmaskin hemma*<br><strong>51%<\/strong>&nbsp;s\u00e4ger att arbetskl\u00e4der ers\u00e4tts, dvs lagas inte n\u00e4r de blir trasiga*<\/p>\n\n\n\n<p><small><sup>*Studie av ETSA 2012<\/sup><\/small><\/p>\n\n\n\n<figure class=\"wp-block-table\"><table><tbody><tr><td><strong>60 l<\/strong><\/td><td>Vattenf\u00f6rbrukning per laddning i en ny A-klassad tv\u00e4ttmaskin hemma**<\/td><\/tr><tr><td><strong>1,25 kWh<\/strong><\/td><td>El i genomsnitt per laddning i ett &nbsp;60\u00b0C program***<\/td><\/tr><tr><td><strong>3 kWh<\/strong><\/td><td>El i genomsnitt p\u00e5 en torktumlare hemma per laddning**<\/td><\/tr><tr><td><strong>0,58 Kg\/kWh<\/strong><\/td><td>Genomsnittlig koldioxidutsl\u00e4pp \/ kWh el i Lindstr\u00f6m-l\u00e4nderna<\/td><\/tr><tr><td><strong>100 ml<\/strong><\/td><td>Instruerad dos av flytande hemtv\u00e4ttskemikalie per laddning****<\/td><\/tr><\/tbody><\/table><\/figure>\n\n\n    <\/div>\n<\/div>\n","protected":false},"excerpt":{"rendered":"","protected":false},"author":79,"featured_media":16930,"parent":0,"menu_order":0,"comment_status":"closed","ping_status":"closed","template":"","meta":{"_acf_changed":false,"inline_featured_image":false,"_eb_attr":"","site-sidebar-layout":"default","site-content-layout":"","ast-site-content-layout":"default","site-content-style":"default","site-sidebar-style":"default","ast-global-header-display":"","ast-banner-title-visibility":"","ast-main-header-display":"","ast-hfb-above-header-display":"","ast-hfb-below-header-display":"","ast-hfb-mobile-header-display":"","site-post-title":"","ast-breadcrumbs-content":"","ast-featured-img":"","footer-sml-layout":"","ast-disable-related-posts":"","theme-transparent-header-meta":"","adv-header-id-meta":"","stick-header-meta":"","header-above-stick-meta":"","header-main-stick-meta":"","header-below-stick-meta":"","astra-migrate-meta-layouts":"default","ast-page-background-enabled":"default","ast-page-background-meta":{"desktop":{"background-color":"var(--ast-global-color-4)","background-image":"","background-repeat":"repeat","background-position":"center center","background-size":"auto","background-attachment":"scroll","background-type":"","background-media":"","overlay-type":"","overlay-color":"","overlay-opacity":"","overlay-gradient":""},"tablet":{"background-color":"","background-image":"","background-repeat":"repeat","background-position":"center center","background-size":"auto","background-attachment":"scroll","background-type":"","background-media":"","overlay-type":"","overlay-color":"","overlay-opacity":"","overlay-gradient":""},"mobile":{"background-color":"","background-image":"","background-repeat":"repeat","background-position":"center center","background-size":"auto","background-attachment":"scroll","background-type":"","background-media":"","overlay-type":"","overlay-color":"","overlay-opacity":"","overlay-gradient":""}},"ast-content-background-meta":{"desktop":{"background-color":"var(--ast-global-color-5)","background-image":"","background-repeat":"repeat","background-position":"center center","background-size":"auto","background-attachment":"scroll","background-type":"","background-media":"","overlay-type":"","overlay-color":"","overlay-opacity":"","overlay-gradient":""},"tablet":{"background-color":"var(--ast-global-color-5)","background-image":"","background-repeat":"repeat","background-position":"center center","background-size":"auto","background-attachment":"scroll","background-type":"","background-media":"","overlay-type":"","overlay-color":"","overlay-opacity":"","overlay-gradient":""},"mobile":{"background-color":"var(--ast-global-color-5)","background-image":"","background-repeat":"repeat","background-position":"center center","background-size":"auto","background-attachment":"scroll","background-type":"","background-media":"","overlay-type":"","overlay-color":"","overlay-opacity":"","overlay-gradient":""}},"footnotes":""},"coauthors":[25],"class_list":["post-16929","page","type-page","status-publish","has-post-thumbnail","hentry"],"acf":[],"yoast_head":"<!-- This site is optimized with the Yoast SEO plugin v27.2 - https:\/\/yoast.com\/product\/yoast-seo-wordpress\/ -->\n<title>H\u00e5llbarhetskalkylator - Lindstr\u00f6m Sverige<\/title>\n<meta name=\"robots\" content=\"index, follow, max-snippet:-1, max-image-preview:large, max-video-preview:-1\" \/>\n<meta property=\"og:locale\" content=\"sv_SE\" \/>\n<meta property=\"og:type\" content=\"article\" \/>\n<meta property=\"og:title\" content=\"H\u00e5llbarhetskalkylator - Lindstr\u00f6m Sverige\" \/>\n<meta property=\"og:url\" content=\"https:\/\/lindstromgroup.com\/se\/hallbarhetskalkylator\/\" \/>\n<meta property=\"og:site_name\" content=\"Lindstr\u00f6m Sverige\" \/>\n<meta property=\"article:modified_time\" content=\"2024-09-02T08:17:01+00:00\" \/>\n<meta property=\"og:image\" content=\"https:\/\/lindstrom-sites.s3.eu-north-1.amazonaws.com\/wp-content\/uploads\/sites\/34\/2024\/06\/99982122_l.jpg\" \/>\n\t<meta property=\"og:image:width\" content=\"2048\" \/>\n\t<meta property=\"og:image:height\" content=\"910\" \/>\n\t<meta property=\"og:image:type\" content=\"image\/jpeg\" \/>\n<meta name=\"twitter:card\" content=\"summary_large_image\" \/>\n<meta name=\"twitter:label1\" content=\"Ber\u00e4knad l\u00e4stid\" \/>\n\t<meta name=\"twitter:data1\" content=\"3 minuter\" \/>\n\t<meta name=\"twitter:label2\" content=\"Skriven av\" \/>\n\t<meta name=\"twitter:data2\" content=\"zuzananasincova\" \/>\n<script type=\"application\/ld+json\" class=\"yoast-schema-graph\">{\"@context\":\"https:\/\/schema.org\",\"@graph\":[{\"@type\":\"WebPage\",\"@id\":\"https:\/\/lindstromgroup.com\/se\/hallbarhetskalkylator\/\",\"url\":\"https:\/\/lindstromgroup.com\/se\/hallbarhetskalkylator\/\",\"name\":\"H\u00e5llbarhetskalkylator - Lindstr\u00f6m Sverige\",\"isPartOf\":{\"@id\":\"https:\/\/lindstromgroup.com\/se\/#website\"},\"primaryImageOfPage\":{\"@id\":\"https:\/\/lindstromgroup.com\/se\/hallbarhetskalkylator\/#primaryimage\"},\"image\":{\"@id\":\"https:\/\/lindstromgroup.com\/se\/hallbarhetskalkylator\/#primaryimage\"},\"thumbnailUrl\":\"https:\/\/d2ris6qfzcz0wn.cloudfront.net\/wp-content\/uploads\/sites\/34\/2024\/06\/99982122_l.jpg\",\"datePublished\":\"2024-06-12T08:37:09+00:00\",\"dateModified\":\"2024-09-02T08:17:01+00:00\",\"breadcrumb\":{\"@id\":\"https:\/\/lindstromgroup.com\/se\/hallbarhetskalkylator\/#breadcrumb\"},\"inLanguage\":\"sv-SE\",\"potentialAction\":[{\"@type\":\"ReadAction\",\"target\":[\"https:\/\/lindstromgroup.com\/se\/hallbarhetskalkylator\/\"]}]},{\"@type\":\"ImageObject\",\"inLanguage\":\"sv-SE\",\"@id\":\"https:\/\/lindstromgroup.com\/se\/hallbarhetskalkylator\/#primaryimage\",\"url\":\"https:\/\/d2ris6qfzcz0wn.cloudfront.net\/wp-content\/uploads\/sites\/34\/2024\/06\/99982122_l.jpg\",\"contentUrl\":\"https:\/\/d2ris6qfzcz0wn.cloudfront.net\/wp-content\/uploads\/sites\/34\/2024\/06\/99982122_l.jpg\",\"width\":2048,\"height\":910},{\"@type\":\"BreadcrumbList\",\"@id\":\"https:\/\/lindstromgroup.com\/se\/hallbarhetskalkylator\/#breadcrumb\",\"itemListElement\":[{\"@type\":\"ListItem\",\"position\":1,\"name\":\"Lindstr\u00f6m\",\"item\":\"https:\/\/lindstromgroup.com\/se\/\"},{\"@type\":\"ListItem\",\"position\":2,\"name\":\"H\u00e5llbarhetskalkylator\"}]},{\"@type\":\"WebSite\",\"@id\":\"https:\/\/lindstromgroup.com\/se\/#website\",\"url\":\"https:\/\/lindstromgroup.com\/se\/\",\"name\":\"Lindstr\u00f6m Sverige\",\"description\":\"Lindstr\u00f6m Group - Textilservice och Tv\u00e4ttservice\",\"publisher\":{\"@id\":\"https:\/\/lindstromgroup.com\/se\/#organization\"},\"potentialAction\":[{\"@type\":\"SearchAction\",\"target\":{\"@type\":\"EntryPoint\",\"urlTemplate\":\"https:\/\/lindstromgroup.com\/se\/?s={search_term_string}\"},\"query-input\":{\"@type\":\"PropertyValueSpecification\",\"valueRequired\":true,\"valueName\":\"search_term_string\"}}],\"inLanguage\":\"sv-SE\"},{\"@type\":\"Organization\",\"@id\":\"https:\/\/lindstromgroup.com\/se\/#organization\",\"name\":\"Lindstr\u00f6m Sverige\",\"url\":\"https:\/\/lindstromgroup.com\/se\/\",\"logo\":{\"@type\":\"ImageObject\",\"inLanguage\":\"sv-SE\",\"@id\":\"https:\/\/lindstromgroup.com\/se\/#\/schema\/logo\/image\/\",\"url\":\"https:\/\/d2ris6qfzcz0wn.cloudfront.net\/wp-content\/uploads\/sites\/3\/2023\/10\/Logo512.png\",\"contentUrl\":\"https:\/\/d2ris6qfzcz0wn.cloudfront.net\/wp-content\/uploads\/sites\/3\/2023\/10\/Logo512.png\",\"width\":512,\"height\":109,\"caption\":\"Lindstr\u00f6m Sverige\"},\"image\":{\"@id\":\"https:\/\/lindstromgroup.com\/se\/#\/schema\/logo\/image\/\"}}]}<\/script>\n<!-- \/ Yoast SEO plugin. -->","yoast_head_json":{"title":"H\u00e5llbarhetskalkylator - Lindstr\u00f6m Sverige","robots":{"index":"index","follow":"follow","max-snippet":"max-snippet:-1","max-image-preview":"max-image-preview:large","max-video-preview":"max-video-preview:-1"},"og_locale":"sv_SE","og_type":"article","og_title":"H\u00e5llbarhetskalkylator - Lindstr\u00f6m Sverige","og_url":"https:\/\/lindstromgroup.com\/se\/hallbarhetskalkylator\/","og_site_name":"Lindstr\u00f6m Sverige","article_modified_time":"2024-09-02T08:17:01+00:00","og_image":[{"width":2048,"height":910,"url":"https:\/\/lindstrom-sites.s3.eu-north-1.amazonaws.com\/wp-content\/uploads\/sites\/34\/2024\/06\/99982122_l.jpg","type":"image\/jpeg"}],"twitter_card":"summary_large_image","twitter_misc":{"Ber\u00e4knad l\u00e4stid":"3 minuter","Skriven av":"zuzananasincova"},"schema":{"@context":"https:\/\/schema.org","@graph":[{"@type":"WebPage","@id":"https:\/\/lindstromgroup.com\/se\/hallbarhetskalkylator\/","url":"https:\/\/lindstromgroup.com\/se\/hallbarhetskalkylator\/","name":"H\u00e5llbarhetskalkylator - Lindstr\u00f6m Sverige","isPartOf":{"@id":"https:\/\/lindstromgroup.com\/se\/#website"},"primaryImageOfPage":{"@id":"https:\/\/lindstromgroup.com\/se\/hallbarhetskalkylator\/#primaryimage"},"image":{"@id":"https:\/\/lindstromgroup.com\/se\/hallbarhetskalkylator\/#primaryimage"},"thumbnailUrl":"https:\/\/d2ris6qfzcz0wn.cloudfront.net\/wp-content\/uploads\/sites\/34\/2024\/06\/99982122_l.jpg","datePublished":"2024-06-12T08:37:09+00:00","dateModified":"2024-09-02T08:17:01+00:00","breadcrumb":{"@id":"https:\/\/lindstromgroup.com\/se\/hallbarhetskalkylator\/#breadcrumb"},"inLanguage":"sv-SE","potentialAction":[{"@type":"ReadAction","target":["https:\/\/lindstromgroup.com\/se\/hallbarhetskalkylator\/"]}]},{"@type":"ImageObject","inLanguage":"sv-SE","@id":"https:\/\/lindstromgroup.com\/se\/hallbarhetskalkylator\/#primaryimage","url":"https:\/\/d2ris6qfzcz0wn.cloudfront.net\/wp-content\/uploads\/sites\/34\/2024\/06\/99982122_l.jpg","contentUrl":"https:\/\/d2ris6qfzcz0wn.cloudfront.net\/wp-content\/uploads\/sites\/34\/2024\/06\/99982122_l.jpg","width":2048,"height":910},{"@type":"BreadcrumbList","@id":"https:\/\/lindstromgroup.com\/se\/hallbarhetskalkylator\/#breadcrumb","itemListElement":[{"@type":"ListItem","position":1,"name":"Lindstr\u00f6m","item":"https:\/\/lindstromgroup.com\/se\/"},{"@type":"ListItem","position":2,"name":"H\u00e5llbarhetskalkylator"}]},{"@type":"WebSite","@id":"https:\/\/lindstromgroup.com\/se\/#website","url":"https:\/\/lindstromgroup.com\/se\/","name":"Lindstr\u00f6m Sverige","description":"Lindstr\u00f6m Group - Textilservice och Tv\u00e4ttservice","publisher":{"@id":"https:\/\/lindstromgroup.com\/se\/#organization"},"potentialAction":[{"@type":"SearchAction","target":{"@type":"EntryPoint","urlTemplate":"https:\/\/lindstromgroup.com\/se\/?s={search_term_string}"},"query-input":{"@type":"PropertyValueSpecification","valueRequired":true,"valueName":"search_term_string"}}],"inLanguage":"sv-SE"},{"@type":"Organization","@id":"https:\/\/lindstromgroup.com\/se\/#organization","name":"Lindstr\u00f6m Sverige","url":"https:\/\/lindstromgroup.com\/se\/","logo":{"@type":"ImageObject","inLanguage":"sv-SE","@id":"https:\/\/lindstromgroup.com\/se\/#\/schema\/logo\/image\/","url":"https:\/\/d2ris6qfzcz0wn.cloudfront.net\/wp-content\/uploads\/sites\/3\/2023\/10\/Logo512.png","contentUrl":"https:\/\/d2ris6qfzcz0wn.cloudfront.net\/wp-content\/uploads\/sites\/3\/2023\/10\/Logo512.png","width":512,"height":109,"caption":"Lindstr\u00f6m Sverige"},"image":{"@id":"https:\/\/lindstromgroup.com\/se\/#\/schema\/logo\/image\/"}}]}},"publishpress_future_workflow_manual_trigger":{"enabledWorkflows":[]},"distributor_meta":false,"distributor_terms":false,"distributor_media":false,"distributor_original_site_name":"Lindstr\u00f6m Sverige","distributor_original_site_url":"https:\/\/lindstromgroup.com\/se","push-errors":false,"_links":{"self":[{"href":"https:\/\/lindstromgroup.com\/se\/wp-json\/wp\/v2\/pages\/16929","targetHints":{"allow":["GET"]}}],"collection":[{"href":"https:\/\/lindstromgroup.com\/se\/wp-json\/wp\/v2\/pages"}],"about":[{"href":"https:\/\/lindstromgroup.com\/se\/wp-json\/wp\/v2\/types\/page"}],"author":[{"embeddable":true,"href":"https:\/\/lindstromgroup.com\/se\/wp-json\/wp\/v2\/users\/79"}],"replies":[{"embeddable":true,"href":"https:\/\/lindstromgroup.com\/se\/wp-json\/wp\/v2\/comments?post=16929"}],"version-history":[{"count":0,"href":"https:\/\/lindstromgroup.com\/se\/wp-json\/wp\/v2\/pages\/16929\/revisions"}],"wp:featuredmedia":[{"embeddable":true,"href":"https:\/\/lindstromgroup.com\/se\/wp-json\/wp\/v2\/media\/16930"}],"wp:attachment":[{"href":"https:\/\/lindstromgroup.com\/se\/wp-json\/wp\/v2\/media?parent=16929"}],"wp:term":[{"taxonomy":"author","embeddable":true,"href":"https:\/\/lindstromgroup.com\/se\/wp-json\/wp\/v2\/coauthors?post=16929"}],"curies":[{"name":"wp","href":"https:\/\/api.w.org\/{rel}","templated":true}]}}