
    {"id":16240,"date":"2024-01-12T13:45:58","date_gmt":"2024-01-12T13:45:58","guid":{"rendered":"\/?page_id=16240"},"modified":"2024-06-20T12:47:06","modified_gmt":"2024-06-20T12:47:06","slug":"uppforandekod","status":"publish","type":"page","link":"https:\/\/lindstromgroup.com\/se\/uppforandekod\/","title":{"rendered":"Uppf\u00f6randekod"},"content":{"rendered":"\n        <style>\n            .lindstrom-container--block_03fd414959bc7c55757e5b146707ed5d {                \n                padding-top: 35px;\n                padding-bottom: 35px;\n            }\n\n            @media screen and (min-width: 768px) {\n                .lindstrom-container--block_03fd414959bc7c55757e5b146707ed5d {\n                    padding-top: 75px;\n                    padding-bottom: 75px;\n                }\n            }\n        <\/style>\n    \n<div\n    class=\"lindstrom-container-wrapper lindstrom-container lindstrom-container--block_03fd414959bc7c55757e5b146707ed5d \"\n    id=\"block_03fd414959bc7c55757e5b146707ed5d\"\n    style=\"background-color: #ffffff\"\n    >\n    <div class=\"lindstrom-container lindstrom-container--text items-stretch\">\n        \n\n<p><strong>Inledning<\/strong><\/p>\n\n\n\n<p>Denna uppf\u00f6randekod definierar grundl\u00e4ggande krav p\u00e5 Lindstr\u00f6m Group (Lindstr\u00f6m Oy med dotterbolag, h\u00e4refter endast \u201cLindstr\u00f6m\u201d) och dess leverant\u00f6rer (tillsammans h\u00e4refter \u201cvi\u201d) av varor och tj\u00e4nster, och handlar om ansvar mot \u00e4gare, milj\u00f6n och samh\u00e4llet i stort. Uppf\u00f6randekoden utg\u00e5r fr\u00e5n v\u00e5ra \u00e5taganden. Lindstr\u00f6m f\u00f6rbeh\u00e5ller sig r\u00e4tten att g\u00f6ra rimliga \u00e4ndringar i uppf\u00f6randekodens regler i den h\u00e4ndelse att Lindstr\u00f6ms egen efterlevnadspolicy skulle revideras. Om s\u00e5 sker f\u00f6rv\u00e4ntar sig Lindstr\u00f6m att \u00e4ven leverant\u00f6ren accepterar s\u00e5dana rimliga \u00e4ndringar. Uppf\u00f6randekoden g\u00e4ller f\u00f6r alla anst\u00e4llda p\u00e5 Lindstr\u00f6m och tredje parter, oavsett befattning.<\/p>\n\n\n\n<p><\/p>\n\n\n\n<p><strong>Etisk aff\u00e4rsverksamhet<\/strong><\/p>\n\n\n\n<p><strong>Regelefterlevnad<\/strong><\/p>\n\n\n\n<p>Vi f\u00f6ljer g\u00e4llande lokala och internationella lagar i respektive land.<\/p>\n\n\n\n<p><strong>F\u00f6rbud mot korruption och mutor<\/strong><\/p>\n\n\n\n<p>Vi tolererar inga former av korruption i n\u00e5gra som helst aff\u00e4rsprocesser, vare sig interna eller i samr\u00f6re med tredje parter (offentliga eller privata f\u00f6retag). Vi f\u00e5r inte ge eller ta emot mutor, vare sig direkt eller indirekt. Det \u00e4r f\u00f6rbjudet att erbjuda eller sk\u00e4nka n\u00e5got av v\u00e4rde (inkl. pengar, g\u00e5vor eller tj\u00e4nster) f\u00f6r att kunna sluta avtal, bibeh\u00e5lla aff\u00e4rsrelationer eller skaffa sig or\u00e4ttvisa f\u00f6rdelar.<\/p>\n\n\n\n<p>Privata intressen eller familjeintressen f\u00e5r aldrig p\u00e5verka v\u00e5rt professionella omd\u00f6me. Vi undviker intressekonflikter i alla aff\u00e4rsf\u00f6rehavanden och beslut. Vi f\u00e5r endast ta emot tredje parters inbjudan till m\u00e5ltider eller evenemang om huvudorsaken till tillst\u00e4llningen \u00e4r ett legitimt aff\u00e4rsm\u00f6te.<\/p>\n\n\n\n<p><strong>Datasekretess och datas\u00e4kerhet<\/strong><\/p>\n\n\n\n<p>Vi har som gemensam m\u00e5ls\u00e4ttning att alla som hanterar information har skyldighet att s\u00e4kerst\u00e4lla informationss\u00e4kerhet och datasekretess genom att f\u00f6lja g\u00e4llande anv\u00e4ndningsregler och instruktioner f\u00f6r informationss\u00e4kerhet och datasekretess. Lindstr\u00f6ms rekommendationer f\u00f6r informationss\u00e4kerhet och datasekretess implementeras i enlighet med nationella och internationella normer f\u00f6r informationss\u00e4kerhet, datasekretess, kvalitetssystem, informationshantering och eventuella \u00f6vriga avtalade standarder.<\/p>\n\n\n\n<p><strong>Anv\u00e4ndande av sociala medier<\/strong><\/p>\n\n\n\n<p>Vi uppmuntras att engagera oss genom olika sociala medier. Vi t\u00e4nker efter hur och n\u00e4r det \u00e4r l\u00e4mpligt att anv\u00e4nda sociala medier. Vi tar h\u00e4nsyn till m\u00e5lgruppen, l\u00e4gger inte upp hemlig information och respekterar alltid andra i v\u00e5r kommunikation.<\/p>\n\n\n\n<p><strong>Respekt f\u00f6r anst\u00e4lldas grundl\u00e4ggande m\u00e4nskliga r\u00e4ttigheter<\/strong><\/p>\n\n\n\n<p>R\u00e4ttvis behandling och j\u00e4mlikhet<\/p>\n\n\n\n<p>Vi tolererar inga former av diskriminering. Vi accepterar inga beteenden som riskerar att kr\u00e4nka individens v\u00e4rdighet, i synnerhet inga fysiska eller verbala trakasserier, t.ex. ov\u00e4lkomna handlingar som skapar en skr\u00e4mmande, fientlig, nedv\u00e4rderande, f\u00f6r\u00f6dmjukande eller kr\u00e4nkande milj\u00f6.<\/p>\n\n\n\n<p><strong>R\u00e4ttvis anst\u00e4llning<\/strong><\/p>\n\n\n\n<p>Vi f\u00f6rbinder oss till en r\u00e4ttvis anst\u00e4llningspraxis best\u00e5ende av r\u00e4ttvis, meritorienterad och icke-diskriminerande rekrytering. Vi diskriminerar ingen anst\u00e4lld med anledning av k\u00f6n, f\u00f6r\u00e4ldraskap, sexuell l\u00e4ggning, civilst\u00e5nd, k\u00f6nskorrigering, ras, hudf\u00e4rg, nationalitet, etnisk eller nationell bakgrund, religion<\/p>\n\n\n\n<p>eller trosf\u00f6rest\u00e4llningar, funktionshinder eller \u00e5lder. Vi erbjuder likv\u00e4rdiga m\u00f6jligheter till utbildning och utveckling med utg\u00e5ngspunkt i individuella styrkor och behov, f\u00f6r att d\u00e4rmed hj\u00e4lpa medarbetarna n\u00e5 sin fulla potential. Anst\u00e4llda kompenseras r\u00e4ttvist baserat p\u00e5 kapacitet, prestation, gjorda bidrag och erfarenhet.<\/p>\n\n\n\n<p>Varje anst\u00e4lld ska f\u00f6rses med en skriftlig redog\u00f6relse f\u00f6r anst\u00e4llningsvillkoren p\u00e5 det lokala spr\u00e5ket, s\u00e5 att all personal k\u00e4nner till sina juridiska r\u00e4ttigheter och skyldigheter. Vi str\u00e4var efter att bidra till en positiv social och ekonomisk utveckling. Vi respekterar lokala kulturer, har en \u00f6nskan att f\u00f6rst\u00e5, och respekterar sedv\u00e4njor och lokala v\u00e4rderingar i de l\u00e4nder d\u00e4r vi bedriver verksamhet.<\/p>\n\n\n\n<p>Vi respekterar v\u00e5ra anst\u00e4lldas r\u00e4tt till fria sammanslutningar s\u00e5 l\u00e5ngt lagen medger och ska aldrig vare sig gynna eller diskriminera den som \u00e4r medlem i arbetstagarorganisationer eller fackf\u00f6reningar.<\/p>\n\n\n\n<p><strong>Tv\u00e5ngsarbete<\/strong><\/p>\n\n\n\n<p>I v\u00e5ra \u00e5taganden ing\u00e5r att uppr\u00e4tth\u00e5lla effektiva system och kontroller som garanterar att slaveri och m\u00e4nniskohandel aldrig f\u00f6rekommer vare sig i v\u00e5r egen verksamhet eller i v\u00e5r leveranskedja. Vi kr\u00e4ver av alla anst\u00e4llda och samarbetspartner att de agerar med integritet och moral p\u00e5 h\u00f6gsta niv\u00e5 och att de f\u00f6rst\u00e5r och f\u00f6ljer alla g\u00e4llande lagar och regelverk i de respektive l\u00e4nder d\u00e4r vi bedriver v\u00e5r verksamhet. Vi f\u00f6rbjuder alla former av m\u00e4nniskohandel och tv\u00e5ngsarbete, inklusive f\u00e5ngarbete, kontraktstj\u00e4narskap, skuldslaveri, slavarbete eller andra former av tv\u00e5ngsarbete eller slaveri.<\/p>\n\n\n\n<p><strong>Barns och unga arbetstagares r\u00e4ttigheter<\/strong><\/p>\n\n\n\n<p>Vi \u00e5tar oss att f\u00f6lja ILO:s konventioner 138 och 182, enligt vilka det \u00e4r f\u00f6rbjudet att anst\u00e4lla personer som \u00e4r yngre \u00e4n 15 \u00e5r, eller den \u00e5lder d\u00e5 skolplikten tar slut, beroende p\u00e5 vilken av dessa som \u00e4r h\u00f6gre. Ungdomar f\u00e5r inte utf\u00f6ra arbeten som i och med uppgiftens natur eller de omst\u00e4ndigheter under vilka den utf\u00f6rs kan \u00e4ventyra deras h\u00e4lsa, s\u00e4kerhet eller moral.<\/p>\n\n\n\n<p><strong>H\u00e4lsa och s\u00e4kerhet<\/strong><\/p>\n\n\n\n<p>Vi identifierar risker och faror i arbetsmilj\u00f6n och vidtar \u00e5tg\u00e4rder f\u00f6r att minska dem och d\u00e4rmed s\u00e4kerst\u00e4lla alla v\u00e5ra anst\u00e4lldas h\u00e4lsa och s\u00e4kerhet. Vi f\u00f6rebygger olyckor, genom att till exempel uppr\u00e4tth\u00e5lla korrekt och adekvat brands\u00e4kerhet p\u00e5 arbetsplatsen, och arbetsrelaterade sjukdomar, och uppmuntrar samtliga att delta i att utveckla s\u00e5dana rutiner. Vi tillhandah\u00e5ller utbildning och ser till att v\u00e5ra anst\u00e4llda \u00e4r medvetna om fr\u00e5gor som r\u00f6r h\u00e4lsa och s\u00e4kerhet. Vi f\u00f6rv\u00e4ntar oss ett sunt och s\u00e4kert beteende av samtliga i det dagliga arbetet. Vi till\u00e4mpar ISO-standard 45001 f\u00f6r h\u00e4lsa och s\u00e4kerhet.<\/p>\n\n\n\n<p><strong>Milj\u00f6arbete<\/strong><\/p>\n\n\n\n<p>Vi kr\u00e4ver att b\u00e5de vi sj\u00e4lva och alla v\u00e5ra leverant\u00f6rer i hela f\u00f6rs\u00f6rjningskedjan f\u00f6ljer lokal milj\u00f6lagstiftning och internationella milj\u00f6skyddsavtal. Detta efterlevnadsarbete m\u00e5ste dokumenteras och regelbundna uppf\u00f6ljningar garanterar att s\u00e5 \u00e4r fallet.<\/p>\n\n\n\n<p>Vi g\u00f6r v\u00e5rt b\u00e4sta f\u00f6r att minimera eventuell negativ milj\u00f6p\u00e5verkan fr\u00e5n verksamheter, produkter och tj\u00e4nster, och kr\u00e4ver \u00e4ven detsamma av v\u00e5ra leverant\u00f6rer. Vi fr\u00e4mjar en cirkul\u00e4r ekonomi i v\u00e4rdekedjan, och v\u00e4ljer den l\u00f6sning som har l\u00e4gst milj\u00f6p\u00e5verkan sett \u00f6ver hela produktens\/tj\u00e4nstens livstid. Vi tar h\u00e4nsyn till milj\u00f6p\u00e5verkan redan i planeringsfasen, vid transport och vid design och val av produkter, till exempel genom att anv\u00e4nda milj\u00f6m\u00e4ssigt h\u00e5llbara material.<\/p>\n\n\n\n<p>Vi till\u00e4mpar ISO-standard 14001 eller likv\u00e4rdigt milj\u00f6kontrollsystem f\u00f6r att st\u00e4ndigt f\u00f6rb\u00e4ttra v\u00e5r verksamhet p\u00e5 milj\u00f6omr\u00e5det genom \u00e5rliga milj\u00f6m\u00e5l och handlingsplaner.<\/p>\n\n\n\n<p><strong>Leveranskedja<\/strong><\/p>\n\n\n\n<p>Vi kr\u00e4ver att leverant\u00f6rer och leverant\u00f6rernas leveranskedja f\u00f6ljer denna uppf\u00f6randekod och d\u00e4rmed f\u00f6ljer principerna om icke-diskriminering i valet och behandlingen av leverant\u00f6rer.<\/p>\n\n\n\n<p>Vi f\u00f6rv\u00e4ntar oss att all kommunikation, inklusive uttalanden, beskrivningar och certifieringar som tillhandah\u00e5lls kunder och samarbetspartner, \u00e4r sanningsenlig och korrekt. Vi s\u00e4tter v\u00e4rde p\u00e5 det arbete som utf\u00f6rs av v\u00e5ra konkurrenter och deras medarbetare. V\u00e5ra l\u00f6ften till kunder r\u00f6rande tj\u00e4nsternas kvalitet och s\u00e4kerhet m\u00e5ste alltid f\u00f6lja samtliga g\u00e4llande regelverk och lagar.<\/p>\n\n\n    <\/div>\n<\/div>\n","protected":false},"excerpt":{"rendered":"","protected":false},"author":14,"featured_media":17282,"parent":0,"menu_order":0,"comment_status":"closed","ping_status":"closed","template":"","meta":{"_acf_changed":true,"inline_featured_image":false,"_eb_attr":"","site-sidebar-layout":"default","site-content-layout":"","ast-site-content-layout":"default","site-content-style":"default","site-sidebar-style":"default","ast-global-header-display":"","ast-banner-title-visibility":"","ast-main-header-display":"","ast-hfb-above-header-display":"","ast-hfb-below-header-display":"","ast-hfb-mobile-header-display":"","site-post-title":"","ast-breadcrumbs-content":"","ast-featured-img":"","footer-sml-layout":"","ast-disable-related-posts":"","theme-transparent-header-meta":"","adv-header-id-meta":"","stick-header-meta":"","header-above-stick-meta":"","header-main-stick-meta":"","header-below-stick-meta":"","astra-migrate-meta-layouts":"default","ast-page-background-enabled":"default","ast-page-background-meta":{"desktop":{"background-color":"var(--ast-global-color-4)","background-image":"","background-repeat":"repeat","background-position":"center center","background-size":"auto","background-attachment":"scroll","background-type":"","background-media":"","overlay-type":"","overlay-color":"","overlay-opacity":"","overlay-gradient":""},"tablet":{"background-color":"","background-image":"","background-repeat":"repeat","background-position":"center center","background-size":"auto","background-attachment":"scroll","background-type":"","background-media":"","overlay-type":"","overlay-color":"","overlay-opacity":"","overlay-gradient":""},"mobile":{"background-color":"","background-image":"","background-repeat":"repeat","background-position":"center center","background-size":"auto","background-attachment":"scroll","background-type":"","background-media":"","overlay-type":"","overlay-color":"","overlay-opacity":"","overlay-gradient":""}},"ast-content-background-meta":{"desktop":{"background-color":"var(--ast-global-color-5)","background-image":"","background-repeat":"repeat","background-position":"center center","background-size":"auto","background-attachment":"scroll","background-type":"","background-media":"","overlay-type":"","overlay-color":"","overlay-opacity":"","overlay-gradient":""},"tablet":{"background-color":"var(--ast-global-color-5)","background-image":"","background-repeat":"repeat","background-position":"center center","background-size":"auto","background-attachment":"scroll","background-type":"","background-media":"","overlay-type":"","overlay-color":"","overlay-opacity":"","overlay-gradient":""},"mobile":{"background-color":"var(--ast-global-color-5)","background-image":"","background-repeat":"repeat","background-position":"center center","background-size":"auto","background-attachment":"scroll","background-type":"","background-media":"","overlay-type":"","overlay-color":"","overlay-opacity":"","overlay-gradient":""}},"footnotes":""},"coauthors":[20],"class_list":["post-16240","page","type-page","status-publish","has-post-thumbnail","hentry"],"acf":[],"yoast_head":"<!-- This site is optimized with the Yoast SEO plugin v27.2 - https:\/\/yoast.com\/product\/yoast-seo-wordpress\/ -->\n<title>Uppf\u00f6randekod - Lindstr\u00f6m Sverige<\/title>\n<meta name=\"robots\" content=\"index, follow, max-snippet:-1, max-image-preview:large, max-video-preview:-1\" \/>\n<meta property=\"og:locale\" content=\"sv_SE\" \/>\n<meta property=\"og:type\" content=\"article\" \/>\n<meta property=\"og:title\" content=\"Uppf\u00f6randekod - Lindstr\u00f6m Sverige\" \/>\n<meta property=\"og:url\" content=\"https:\/\/lindstromgroup.com\/se\/uppforandekod\/\" \/>\n<meta property=\"og:site_name\" content=\"Lindstr\u00f6m Sverige\" \/>\n<meta property=\"article:modified_time\" content=\"2024-06-20T12:47:06+00:00\" \/>\n<meta property=\"og:image\" content=\"https:\/\/lindstrom-sites.s3.eu-north-1.amazonaws.com\/wp-content\/uploads\/sites\/34\/2024\/06\/Service-representative_with-customer_007_Lindstrom-1.jpg\" \/>\n\t<meta property=\"og:image:width\" content=\"2048\" \/>\n\t<meta property=\"og:image:height\" content=\"1367\" \/>\n\t<meta property=\"og:image:type\" content=\"image\/jpeg\" \/>\n<meta name=\"twitter:card\" content=\"summary_large_image\" \/>\n<meta name=\"twitter:label1\" content=\"Ber\u00e4knad l\u00e4stid\" \/>\n\t<meta name=\"twitter:data1\" content=\"10 minuter\" \/>\n\t<meta name=\"twitter:label2\" content=\"Skriven av\" \/>\n\t<meta name=\"twitter:data2\" content=\"Lindstr\u00f6m Group\" \/>\n<script type=\"application\/ld+json\" class=\"yoast-schema-graph\">{\"@context\":\"https:\/\/schema.org\",\"@graph\":[{\"@type\":\"WebPage\",\"@id\":\"https:\/\/lindstromgroup.com\/se\/uppforandekod\/\",\"url\":\"https:\/\/lindstromgroup.com\/se\/uppforandekod\/\",\"name\":\"Uppf\u00f6randekod - Lindstr\u00f6m Sverige\",\"isPartOf\":{\"@id\":\"https:\/\/lindstromgroup.com\/se\/#website\"},\"primaryImageOfPage\":{\"@id\":\"https:\/\/lindstromgroup.com\/se\/uppforandekod\/#primaryimage\"},\"image\":{\"@id\":\"https:\/\/lindstromgroup.com\/se\/uppforandekod\/#primaryimage\"},\"thumbnailUrl\":\"https:\/\/d2ris6qfzcz0wn.cloudfront.net\/wp-content\/uploads\/sites\/34\/2024\/06\/Service-representative_with-customer_007_Lindstrom-1.jpg\",\"datePublished\":\"2024-01-12T13:45:58+00:00\",\"dateModified\":\"2024-06-20T12:47:06+00:00\",\"breadcrumb\":{\"@id\":\"https:\/\/lindstromgroup.com\/se\/uppforandekod\/#breadcrumb\"},\"inLanguage\":\"sv-SE\",\"potentialAction\":[{\"@type\":\"ReadAction\",\"target\":[\"https:\/\/lindstromgroup.com\/se\/uppforandekod\/\"]}]},{\"@type\":\"ImageObject\",\"inLanguage\":\"sv-SE\",\"@id\":\"https:\/\/lindstromgroup.com\/se\/uppforandekod\/#primaryimage\",\"url\":\"https:\/\/d2ris6qfzcz0wn.cloudfront.net\/wp-content\/uploads\/sites\/34\/2024\/06\/Service-representative_with-customer_007_Lindstrom-1.jpg\",\"contentUrl\":\"https:\/\/d2ris6qfzcz0wn.cloudfront.net\/wp-content\/uploads\/sites\/34\/2024\/06\/Service-representative_with-customer_007_Lindstrom-1.jpg\",\"width\":2048,\"height\":1367,\"caption\":\"arbetskl\u00e4der fr\u00e5n Lindstr\u00f6m\"},{\"@type\":\"BreadcrumbList\",\"@id\":\"https:\/\/lindstromgroup.com\/se\/uppforandekod\/#breadcrumb\",\"itemListElement\":[{\"@type\":\"ListItem\",\"position\":1,\"name\":\"Lindstr\u00f6m\",\"item\":\"https:\/\/lindstromgroup.com\/se\/\"},{\"@type\":\"ListItem\",\"position\":2,\"name\":\"Uppf\u00f6randekod\"}]},{\"@type\":\"WebSite\",\"@id\":\"https:\/\/lindstromgroup.com\/se\/#website\",\"url\":\"https:\/\/lindstromgroup.com\/se\/\",\"name\":\"Lindstr\u00f6m Sverige\",\"description\":\"Lindstr\u00f6m Group - Textilservice och Tv\u00e4ttservice\",\"publisher\":{\"@id\":\"https:\/\/lindstromgroup.com\/se\/#organization\"},\"potentialAction\":[{\"@type\":\"SearchAction\",\"target\":{\"@type\":\"EntryPoint\",\"urlTemplate\":\"https:\/\/lindstromgroup.com\/se\/?s={search_term_string}\"},\"query-input\":{\"@type\":\"PropertyValueSpecification\",\"valueRequired\":true,\"valueName\":\"search_term_string\"}}],\"inLanguage\":\"sv-SE\"},{\"@type\":\"Organization\",\"@id\":\"https:\/\/lindstromgroup.com\/se\/#organization\",\"name\":\"Lindstr\u00f6m Sverige\",\"url\":\"https:\/\/lindstromgroup.com\/se\/\",\"logo\":{\"@type\":\"ImageObject\",\"inLanguage\":\"sv-SE\",\"@id\":\"https:\/\/lindstromgroup.com\/se\/#\/schema\/logo\/image\/\",\"url\":\"https:\/\/d2ris6qfzcz0wn.cloudfront.net\/wp-content\/uploads\/sites\/3\/2023\/10\/Logo512.png\",\"contentUrl\":\"https:\/\/d2ris6qfzcz0wn.cloudfront.net\/wp-content\/uploads\/sites\/3\/2023\/10\/Logo512.png\",\"width\":512,\"height\":109,\"caption\":\"Lindstr\u00f6m Sverige\"},\"image\":{\"@id\":\"https:\/\/lindstromgroup.com\/se\/#\/schema\/logo\/image\/\"}}]}<\/script>\n<!-- \/ Yoast SEO plugin. -->","yoast_head_json":{"title":"Uppf\u00f6randekod - Lindstr\u00f6m Sverige","robots":{"index":"index","follow":"follow","max-snippet":"max-snippet:-1","max-image-preview":"max-image-preview:large","max-video-preview":"max-video-preview:-1"},"og_locale":"sv_SE","og_type":"article","og_title":"Uppf\u00f6randekod - Lindstr\u00f6m Sverige","og_url":"https:\/\/lindstromgroup.com\/se\/uppforandekod\/","og_site_name":"Lindstr\u00f6m Sverige","article_modified_time":"2024-06-20T12:47:06+00:00","og_image":[{"width":2048,"height":1367,"url":"https:\/\/lindstrom-sites.s3.eu-north-1.amazonaws.com\/wp-content\/uploads\/sites\/34\/2024\/06\/Service-representative_with-customer_007_Lindstrom-1.jpg","type":"image\/jpeg"}],"twitter_card":"summary_large_image","twitter_misc":{"Ber\u00e4knad l\u00e4stid":"10 minuter","Skriven av":"Lindstr\u00f6m Group"},"schema":{"@context":"https:\/\/schema.org","@graph":[{"@type":"WebPage","@id":"https:\/\/lindstromgroup.com\/se\/uppforandekod\/","url":"https:\/\/lindstromgroup.com\/se\/uppforandekod\/","name":"Uppf\u00f6randekod - Lindstr\u00f6m Sverige","isPartOf":{"@id":"https:\/\/lindstromgroup.com\/se\/#website"},"primaryImageOfPage":{"@id":"https:\/\/lindstromgroup.com\/se\/uppforandekod\/#primaryimage"},"image":{"@id":"https:\/\/lindstromgroup.com\/se\/uppforandekod\/#primaryimage"},"thumbnailUrl":"https:\/\/d2ris6qfzcz0wn.cloudfront.net\/wp-content\/uploads\/sites\/34\/2024\/06\/Service-representative_with-customer_007_Lindstrom-1.jpg","datePublished":"2024-01-12T13:45:58+00:00","dateModified":"2024-06-20T12:47:06+00:00","breadcrumb":{"@id":"https:\/\/lindstromgroup.com\/se\/uppforandekod\/#breadcrumb"},"inLanguage":"sv-SE","potentialAction":[{"@type":"ReadAction","target":["https:\/\/lindstromgroup.com\/se\/uppforandekod\/"]}]},{"@type":"ImageObject","inLanguage":"sv-SE","@id":"https:\/\/lindstromgroup.com\/se\/uppforandekod\/#primaryimage","url":"https:\/\/d2ris6qfzcz0wn.cloudfront.net\/wp-content\/uploads\/sites\/34\/2024\/06\/Service-representative_with-customer_007_Lindstrom-1.jpg","contentUrl":"https:\/\/d2ris6qfzcz0wn.cloudfront.net\/wp-content\/uploads\/sites\/34\/2024\/06\/Service-representative_with-customer_007_Lindstrom-1.jpg","width":2048,"height":1367,"caption":"arbetskl\u00e4der fr\u00e5n Lindstr\u00f6m"},{"@type":"BreadcrumbList","@id":"https:\/\/lindstromgroup.com\/se\/uppforandekod\/#breadcrumb","itemListElement":[{"@type":"ListItem","position":1,"name":"Lindstr\u00f6m","item":"https:\/\/lindstromgroup.com\/se\/"},{"@type":"ListItem","position":2,"name":"Uppf\u00f6randekod"}]},{"@type":"WebSite","@id":"https:\/\/lindstromgroup.com\/se\/#website","url":"https:\/\/lindstromgroup.com\/se\/","name":"Lindstr\u00f6m Sverige","description":"Lindstr\u00f6m Group - Textilservice och Tv\u00e4ttservice","publisher":{"@id":"https:\/\/lindstromgroup.com\/se\/#organization"},"potentialAction":[{"@type":"SearchAction","target":{"@type":"EntryPoint","urlTemplate":"https:\/\/lindstromgroup.com\/se\/?s={search_term_string}"},"query-input":{"@type":"PropertyValueSpecification","valueRequired":true,"valueName":"search_term_string"}}],"inLanguage":"sv-SE"},{"@type":"Organization","@id":"https:\/\/lindstromgroup.com\/se\/#organization","name":"Lindstr\u00f6m Sverige","url":"https:\/\/lindstromgroup.com\/se\/","logo":{"@type":"ImageObject","inLanguage":"sv-SE","@id":"https:\/\/lindstromgroup.com\/se\/#\/schema\/logo\/image\/","url":"https:\/\/d2ris6qfzcz0wn.cloudfront.net\/wp-content\/uploads\/sites\/3\/2023\/10\/Logo512.png","contentUrl":"https:\/\/d2ris6qfzcz0wn.cloudfront.net\/wp-content\/uploads\/sites\/3\/2023\/10\/Logo512.png","width":512,"height":109,"caption":"Lindstr\u00f6m Sverige"},"image":{"@id":"https:\/\/lindstromgroup.com\/se\/#\/schema\/logo\/image\/"}}]}},"publishpress_future_workflow_manual_trigger":{"enabledWorkflows":[]},"distributor_meta":false,"distributor_terms":false,"distributor_media":false,"distributor_original_site_name":"Lindstr\u00f6m Sverige","distributor_original_site_url":"https:\/\/lindstromgroup.com\/se","push-errors":false,"_links":{"self":[{"href":"https:\/\/lindstromgroup.com\/se\/wp-json\/wp\/v2\/pages\/16240","targetHints":{"allow":["GET"]}}],"collection":[{"href":"https:\/\/lindstromgroup.com\/se\/wp-json\/wp\/v2\/pages"}],"about":[{"href":"https:\/\/lindstromgroup.com\/se\/wp-json\/wp\/v2\/types\/page"}],"author":[{"embeddable":true,"href":"https:\/\/lindstromgroup.com\/se\/wp-json\/wp\/v2\/users\/14"}],"replies":[{"embeddable":true,"href":"https:\/\/lindstromgroup.com\/se\/wp-json\/wp\/v2\/comments?post=16240"}],"version-history":[{"count":0,"href":"https:\/\/lindstromgroup.com\/se\/wp-json\/wp\/v2\/pages\/16240\/revisions"}],"wp:featuredmedia":[{"embeddable":true,"href":"https:\/\/lindstromgroup.com\/se\/wp-json\/wp\/v2\/media\/17282"}],"wp:attachment":[{"href":"https:\/\/lindstromgroup.com\/se\/wp-json\/wp\/v2\/media?parent=16240"}],"wp:term":[{"taxonomy":"author","embeddable":true,"href":"https:\/\/lindstromgroup.com\/se\/wp-json\/wp\/v2\/coauthors?post=16240"}],"curies":[{"name":"wp","href":"https:\/\/api.w.org\/{rel}","templated":true}]}}