
    {"id":18211,"date":"2024-12-03T08:24:02","date_gmt":"2024-12-03T06:24:02","guid":{"rendered":"https:\/\/lindstromgroup.com\/rs\/?page_id=18211"},"modified":"2025-06-30T15:09:20","modified_gmt":"2025-06-30T13:09:20","slug":"izjava-o-kolacicima","status":"publish","type":"page","link":"https:\/\/lindstromgroup.com\/rs\/izjava-o-kolacicima\/","title":{"rendered":"Izjava o kola\u010di\u0107ima"},"content":{"rendered":"\n    <div\n        id=\"block_ecfd9c127cb7857bcea68038e68a32a0\"\n        class=\"hero-sub hero-sub--block_ecfd9c127cb7857bcea68038e68a32a0  flex flex-col-reverse lg:flex-row justify-between bg-dark-blue text-white\"\n    >        \n        <div class=\"flex flex-col gap-5 pt-10 pb-5 grow px-5 lg:px-20\">\n            <div class=\"flex flex-col justify-center gap-3 grow max-w-[var(--container-text-max)]\">\n                <h1 class=\"!mb-0 !text-white !text-title-medium lg:!text-title-large !font-bold hyphens-auto break-words\">\n                    Izjava o kola\u010di\u0107ima                <\/h1>\n    \n                <div class=\"hero-sub__description\">\n                                    <\/div>\n    \n                \n                            <\/div>\n                            <div class=\"font-bold hero-sub__breadcrumb text-body-small\">\n                        <span><span><a href=\"https:\/\/lindstromgroup.com\/rs\/\">Home<\/a><\/span><\/span>                <\/div>\n                    <\/div>\n\n        <div class=\"[&#038;_picture]:w-full flex h-full lg:h-auto max-h-[350px] lg:max-h-none lg:min-h-full w-full lg:w-[650px]\">\n            <img decoding=\"async\"\n                class=\"object-cover w-full h-full\"\n                src=\"https:\/\/lindstromgroup.com\/rs\/wp-content\/themes\/astra-child\/assets\/img\/post-placeholder.svg\"\n                alt=\"Izjava o kola\u010di\u0107ima\"\n            >\n        <\/div>\n    <\/div>\n\n\n\n        <style>\n            .lindstrom-container--block_3d6d64db81ac222ae918f1b6097c085f {                \n                padding-top: 35px;\n                padding-bottom: 35px;\n            }\n\n            @media screen and (min-width: 768px) {\n                .lindstrom-container--block_3d6d64db81ac222ae918f1b6097c085f {\n                    padding-top: 75px;\n                    padding-bottom: 75px;\n                }\n            }\n        <\/style>\n    \n<div\n    class=\"lindstrom-container-wrapper lindstrom-container lindstrom-container--block_3d6d64db81ac222ae918f1b6097c085f \"\n    id=\"block_3d6d64db81ac222ae918f1b6097c085f\"\n    style=\"background-color: #ffffff\"\n    >\n    <div class=\"lindstrom-container lindstrom-container--text items-stretch\">\n        \n\n<script id=\"CookieDeclaration\" data-culture=\"sr\" src=\"https:\/\/consent.cookiebot.com\/cf5e31d7-07df-41fa-b92a-3605ccdc5826\/cd.js\" type=\"text\/javascript\" async><\/script>\n\n\n    <\/div>\n<\/div>\n","protected":false},"excerpt":{"rendered":"","protected":false},"author":30,"featured_media":0,"parent":0,"menu_order":0,"comment_status":"closed","ping_status":"closed","template":"","meta":{"_acf_changed":true,"inline_featured_image":false,"_eb_attr":"","site-sidebar-layout":"default","site-content-layout":"default","ast-site-content-layout":"default","site-content-style":"default","site-sidebar-style":"default","ast-global-header-display":"","ast-banner-title-visibility":"","ast-main-header-display":"","ast-hfb-above-header-display":"","ast-hfb-below-header-display":"","ast-hfb-mobile-header-display":"","site-post-title":"","ast-breadcrumbs-content":"","ast-featured-img":"","footer-sml-layout":"","ast-disable-related-posts":"","theme-transparent-header-meta":"","adv-header-id-meta":"","stick-header-meta":"","header-above-stick-meta":"","header-main-stick-meta":"","header-below-stick-meta":"","astra-migrate-meta-layouts":"default","ast-page-background-enabled":"default","ast-page-background-meta":{"desktop":{"background-color":"var(--ast-global-color-4)","background-image":"","background-repeat":"repeat","background-position":"center center","background-size":"auto","background-attachment":"scroll","background-type":"","background-media":"","overlay-type":"","overlay-color":"","overlay-opacity":"","overlay-gradient":""},"tablet":{"background-color":"","background-image":"","background-repeat":"repeat","background-position":"center center","background-size":"auto","background-attachment":"scroll","background-type":"","background-media":"","overlay-type":"","overlay-color":"","overlay-opacity":"","overlay-gradient":""},"mobile":{"background-color":"","background-image":"","background-repeat":"repeat","background-position":"center center","background-size":"auto","background-attachment":"scroll","background-type":"","background-media":"","overlay-type":"","overlay-color":"","overlay-opacity":"","overlay-gradient":""}},"ast-content-background-meta":{"desktop":{"background-color":"var(--ast-global-color-5)","background-image":"","background-repeat":"repeat","background-position":"center center","background-size":"auto","background-attachment":"scroll","background-type":"","background-media":"","overlay-type":"","overlay-color":"","overlay-opacity":"","overlay-gradient":""},"tablet":{"background-color":"var(--ast-global-color-5)","background-image":"","background-repeat":"repeat","background-position":"center center","background-size":"auto","background-attachment":"scroll","background-type":"","background-media":"","overlay-type":"","overlay-color":"","overlay-opacity":"","overlay-gradient":""},"mobile":{"background-color":"var(--ast-global-color-5)","background-image":"","background-repeat":"repeat","background-position":"center center","background-size":"auto","background-attachment":"scroll","background-type":"","background-media":"","overlay-type":"","overlay-color":"","overlay-opacity":"","overlay-gradient":""}},"footnotes":""},"coauthors":[121],"class_list":["post-18211","page","type-page","status-publish","hentry"],"acf":[],"yoast_head":"<!-- This site is optimized with the Yoast SEO plugin v27.2 - https:\/\/yoast.com\/product\/yoast-seo-wordpress\/ -->\n<title>Izjava o kola\u010di\u0107ima - Lindstr\u00f6m Serbia<\/title>\n<meta name=\"robots\" content=\"noindex, follow\" \/>\n<meta property=\"og:locale\" content=\"sr_RS\" \/>\n<meta property=\"og:type\" content=\"article\" \/>\n<meta property=\"og:title\" content=\"Izjava o kola\u010di\u0107ima - Lindstr\u00f6m Serbia\" \/>\n<meta property=\"og:url\" content=\"https:\/\/lindstromgroup.com\/rs\/izjava-o-kolacicima\/\" \/>\n<meta property=\"og:site_name\" content=\"Lindstr\u00f6m Serbia\" \/>\n<meta property=\"article:modified_time\" content=\"2025-06-30T13:09:20+00:00\" \/>\n<meta name=\"twitter:card\" content=\"summary_large_image\" \/>\n<meta name=\"twitter:label1\" content=\"\u041f\u0440\u043e\u0446\u0435\u045a\u0435\u043d\u043e \u0432\u0440\u0435\u043c\u0435 \u0447\u0438\u0442\u0430\u045a\u0430\" \/>\n\t<meta name=\"twitter:data1\" content=\"1 \u043c\u0438\u043d\u0443\u0442\" \/>\n\t<meta name=\"twitter:label2\" content=\"Written by\" \/>\n\t<meta name=\"twitter:data2\" content=\"Oleg Eremenko\" \/>\n<script type=\"application\/ld+json\" class=\"yoast-schema-graph\">{\"@context\":\"https:\/\/schema.org\",\"@graph\":[{\"@type\":\"WebPage\",\"@id\":\"https:\/\/lindstromgroup.com\/rs\/izjava-o-kolacicima\/\",\"url\":\"https:\/\/lindstromgroup.com\/rs\/izjava-o-kolacicima\/\",\"name\":\"Izjava o kola\u010di\u0107ima - Lindstr\u00f6m Serbia\",\"isPartOf\":{\"@id\":\"https:\/\/lindstromgroup.com\/rs\/#website\"},\"datePublished\":\"2024-12-03T06:24:02+00:00\",\"dateModified\":\"2025-06-30T13:09:20+00:00\",\"breadcrumb\":{\"@id\":\"https:\/\/lindstromgroup.com\/rs\/izjava-o-kolacicima\/#breadcrumb\"},\"inLanguage\":\"sr-RS\",\"potentialAction\":[{\"@type\":\"ReadAction\",\"target\":[\"https:\/\/lindstromgroup.com\/rs\/izjava-o-kolacicima\/\"]}]},{\"@type\":\"BreadcrumbList\",\"@id\":\"https:\/\/lindstromgroup.com\/rs\/izjava-o-kolacicima\/#breadcrumb\",\"itemListElement\":[{\"@type\":\"ListItem\",\"position\":1,\"name\":\"Home\",\"item\":\"https:\/\/lindstromgroup.com\/rs\/\"},{\"@type\":\"ListItem\",\"position\":2,\"name\":\"Izjava o kola\u010di\u0107ima\"}]},{\"@type\":\"WebSite\",\"@id\":\"https:\/\/lindstromgroup.com\/rs\/#website\",\"url\":\"https:\/\/lindstromgroup.com\/rs\/\",\"name\":\"Lindstr\u00f6m Serbia\",\"description\":\"\",\"publisher\":{\"@id\":\"https:\/\/lindstromgroup.com\/rs\/#organization\"},\"potentialAction\":[{\"@type\":\"SearchAction\",\"target\":{\"@type\":\"EntryPoint\",\"urlTemplate\":\"https:\/\/lindstromgroup.com\/rs\/?s={search_term_string}\"},\"query-input\":{\"@type\":\"PropertyValueSpecification\",\"valueRequired\":true,\"valueName\":\"search_term_string\"}}],\"inLanguage\":\"sr-RS\"},{\"@type\":\"Organization\",\"@id\":\"https:\/\/lindstromgroup.com\/rs\/#organization\",\"name\":\"Lindstr\u00f6m Serbia\",\"url\":\"https:\/\/lindstromgroup.com\/rs\/\",\"logo\":{\"@type\":\"ImageObject\",\"inLanguage\":\"sr-RS\",\"@id\":\"https:\/\/lindstromgroup.com\/rs\/#\/schema\/logo\/image\/\",\"url\":\"https:\/\/d2ris6qfzcz0wn.cloudfront.net\/wp-content\/uploads\/sites\/12\/2023\/10\/Logo512.png\",\"contentUrl\":\"https:\/\/d2ris6qfzcz0wn.cloudfront.net\/wp-content\/uploads\/sites\/12\/2023\/10\/Logo512.png\",\"width\":512,\"height\":109,\"caption\":\"Lindstr\u00f6m Serbia\"},\"image\":{\"@id\":\"https:\/\/lindstromgroup.com\/rs\/#\/schema\/logo\/image\/\"}}]}<\/script>\n<!-- \/ Yoast SEO plugin. -->","yoast_head_json":{"title":"Izjava o kola\u010di\u0107ima - Lindstr\u00f6m Serbia","robots":{"index":"noindex","follow":"follow"},"og_locale":"sr_RS","og_type":"article","og_title":"Izjava o kola\u010di\u0107ima - Lindstr\u00f6m Serbia","og_url":"https:\/\/lindstromgroup.com\/rs\/izjava-o-kolacicima\/","og_site_name":"Lindstr\u00f6m Serbia","article_modified_time":"2025-06-30T13:09:20+00:00","twitter_card":"summary_large_image","twitter_misc":{"\u041f\u0440\u043e\u0446\u0435\u045a\u0435\u043d\u043e \u0432\u0440\u0435\u043c\u0435 \u0447\u0438\u0442\u0430\u045a\u0430":"1 \u043c\u0438\u043d\u0443\u0442","Written by":"Oleg Eremenko"},"schema":{"@context":"https:\/\/schema.org","@graph":[{"@type":"WebPage","@id":"https:\/\/lindstromgroup.com\/rs\/izjava-o-kolacicima\/","url":"https:\/\/lindstromgroup.com\/rs\/izjava-o-kolacicima\/","name":"Izjava o kola\u010di\u0107ima - Lindstr\u00f6m Serbia","isPartOf":{"@id":"https:\/\/lindstromgroup.com\/rs\/#website"},"datePublished":"2024-12-03T06:24:02+00:00","dateModified":"2025-06-30T13:09:20+00:00","breadcrumb":{"@id":"https:\/\/lindstromgroup.com\/rs\/izjava-o-kolacicima\/#breadcrumb"},"inLanguage":"sr-RS","potentialAction":[{"@type":"ReadAction","target":["https:\/\/lindstromgroup.com\/rs\/izjava-o-kolacicima\/"]}]},{"@type":"BreadcrumbList","@id":"https:\/\/lindstromgroup.com\/rs\/izjava-o-kolacicima\/#breadcrumb","itemListElement":[{"@type":"ListItem","position":1,"name":"Home","item":"https:\/\/lindstromgroup.com\/rs\/"},{"@type":"ListItem","position":2,"name":"Izjava o kola\u010di\u0107ima"}]},{"@type":"WebSite","@id":"https:\/\/lindstromgroup.com\/rs\/#website","url":"https:\/\/lindstromgroup.com\/rs\/","name":"Lindstr\u00f6m Serbia","description":"","publisher":{"@id":"https:\/\/lindstromgroup.com\/rs\/#organization"},"potentialAction":[{"@type":"SearchAction","target":{"@type":"EntryPoint","urlTemplate":"https:\/\/lindstromgroup.com\/rs\/?s={search_term_string}"},"query-input":{"@type":"PropertyValueSpecification","valueRequired":true,"valueName":"search_term_string"}}],"inLanguage":"sr-RS"},{"@type":"Organization","@id":"https:\/\/lindstromgroup.com\/rs\/#organization","name":"Lindstr\u00f6m Serbia","url":"https:\/\/lindstromgroup.com\/rs\/","logo":{"@type":"ImageObject","inLanguage":"sr-RS","@id":"https:\/\/lindstromgroup.com\/rs\/#\/schema\/logo\/image\/","url":"https:\/\/d2ris6qfzcz0wn.cloudfront.net\/wp-content\/uploads\/sites\/12\/2023\/10\/Logo512.png","contentUrl":"https:\/\/d2ris6qfzcz0wn.cloudfront.net\/wp-content\/uploads\/sites\/12\/2023\/10\/Logo512.png","width":512,"height":109,"caption":"Lindstr\u00f6m Serbia"},"image":{"@id":"https:\/\/lindstromgroup.com\/rs\/#\/schema\/logo\/image\/"}}]}},"publishpress_future_workflow_manual_trigger":{"enabledWorkflows":[]},"distributor_meta":false,"distributor_terms":false,"distributor_media":false,"distributor_original_site_name":"Lindstr\u00f6m Serbia","distributor_original_site_url":"https:\/\/lindstromgroup.com\/rs","push-errors":false,"_links":{"self":[{"href":"https:\/\/lindstromgroup.com\/rs\/wp-json\/wp\/v2\/pages\/18211","targetHints":{"allow":["GET"]}}],"collection":[{"href":"https:\/\/lindstromgroup.com\/rs\/wp-json\/wp\/v2\/pages"}],"about":[{"href":"https:\/\/lindstromgroup.com\/rs\/wp-json\/wp\/v2\/types\/page"}],"author":[{"embeddable":true,"href":"https:\/\/lindstromgroup.com\/rs\/wp-json\/wp\/v2\/users\/30"}],"replies":[{"embeddable":true,"href":"https:\/\/lindstromgroup.com\/rs\/wp-json\/wp\/v2\/comments?post=18211"}],"version-history":[{"count":0,"href":"https:\/\/lindstromgroup.com\/rs\/wp-json\/wp\/v2\/pages\/18211\/revisions"}],"wp:attachment":[{"href":"https:\/\/lindstromgroup.com\/rs\/wp-json\/wp\/v2\/media?parent=18211"}],"wp:term":[{"taxonomy":"author","embeddable":true,"href":"https:\/\/lindstromgroup.com\/rs\/wp-json\/wp\/v2\/coauthors?post=18211"}],"curies":[{"name":"wp","href":"https:\/\/api.w.org\/{rel}","templated":true}]}}