
    {"id":16374,"date":"2024-04-22T18:02:41","date_gmt":"2024-04-22T17:02:41","guid":{"rendered":"https:\/\/lindstromgroup.com\/rs-renewal\/?page_id=16374"},"modified":"2024-05-13T15:10:05","modified_gmt":"2024-05-13T13:10:05","slug":"zaposlenje","status":"publish","type":"page","link":"https:\/\/lindstromgroup.com\/rs\/zaposlenje\/","title":{"rendered":"Zaposlenje"},"content":{"rendered":"\n    <div\n        id=\"block_99baced4536f7ae2b872ec364a94a368\"\n        class=\"hero-sub hero-sub--block_99baced4536f7ae2b872ec364a94a368  flex flex-col-reverse lg:flex-row justify-between bg-dark-blue text-white\"\n    >        \n        <div class=\"flex flex-col gap-5 pt-10 pb-5 grow px-5 lg:px-20\">\n            <div class=\"flex flex-col justify-center gap-3 grow max-w-[var(--container-text-max)]\">\n                <h1 class=\"!mb-0 !text-white !text-title-medium lg:!text-title-large !font-bold hyphens-auto break-words\">\n                    Zaposlenje i karijera u Lindstr\u00f6mu                <\/h1>\n    \n                <div class=\"hero-sub__description\">\n                    <p>Proverite prilike za zaposlenje kod nas.<\/p>\n                <\/div>\n    \n                \n                            <\/div>\n                            <div class=\"font-bold hero-sub__breadcrumb text-body-small\">\n                        <span><span><a href=\"https:\/\/lindstromgroup.com\/rs\/\">Home<\/a><\/span><\/span>                <\/div>\n                    <\/div>\n\n        <div class=\"[&#038;_picture]:w-full flex h-full lg:h-auto max-h-[350px] lg:max-h-none lg:min-h-full w-full lg:w-[650px]\">\n            <img decoding=\"async\"\n                class=\"object-cover w-full h-full\"\n                src=\"https:\/\/d2ris6qfzcz0wn.cloudfront.net\/wp-content\/uploads\/sites\/12\/2024\/01\/Service-representative_010_Lindstrom-1024x683.jpg\"\n                alt=\"Proverite prilike za zaposlenje kod nas.\r\n\"\n            >\n        <\/div>\n    <\/div>\n\n\n\n        <style>\n            .lindstrom-container--block_67ec183893c7ce958a1f57211ee7d5ab {                \n                padding-top: 35px;\n                padding-bottom: 35px;\n            }\n\n            @media screen and (min-width: 768px) {\n                .lindstrom-container--block_67ec183893c7ce958a1f57211ee7d5ab {\n                    padding-top: 75px;\n                    padding-bottom: 75px;\n                }\n            }\n        <\/style>\n    \n<div\n    class=\"lindstrom-container-wrapper lindstrom-container lindstrom-container--block_67ec183893c7ce958a1f57211ee7d5ab \"\n    id=\"block_67ec183893c7ce958a1f57211ee7d5ab\"\n    style=\"background-color: #ffffff\"\n    >\n    <div class=\"lindstrom-container lindstrom-container--text items-stretch\">\n        \n\n        <div \n        id=\"tyopaikat\" \n        class=\"cta-country\"\n    >\n        <div class=\"flex flex-col gap-5\" style=\"align-items: flex-start\">\n                            <h2 class='!text-title-small lg:!text-title-medium !text-grey-100 !font-bold !my-0'>                    Dobrodo\u0161li na na\u0161u stranicu o karijeri                <\/h2>                                        <div class=\"cta-text\"><p>Da li ste zainteresovani za rad u kompaniji koja odgovorno posluje i \u010dije poslovanje se zasniva na cirkularnoj ekonomiji?<\/p>\n<p>U Lindstr\u00f6mu mo\u017eete raditi na razli\u010ditim pozicijama, na primer u prodaji, odr\u017eavanju tekstila, ra\u010dunovodstvu, razvoju usluga, odr\u017eavanju, ili podr\u0161ci korisnicima. Pogledajte na\u0161e stranice o karijeri, pratite na\u0161a slobodna radna mesta i pridru\u017eite se na\u0161em timu.<\/p>\n<\/div>\n                        <div class=\"cta-button-container cta-button-container--row\">\n                            <\/div>\n        <\/div>\n    <\/div>\n    \n\n\n        <div\n        id=\"block_a3b3f011d4b0b5594dcf77ddb2c2084b\" \n        class=\"open-job-positions open-job-positions--block_a3b3f011d4b0b5594dcf77ddb2c2084b \"\n        >\n            <div class=\"open-job-positions__list open-job-positions__list--closed\">\n                    <div class=\"open-job-positions__card\">\n        <div class=\"open-job-positions__title\">\n            <a href=\"https:\/\/lindstromgroup.com\/rs\/otvorena-radna-mesta\/predstavnik-prodaje-lindstrom-staze-i-otiraci\/\">\n                Predstavnik prodaje (Lindstr\u00f6m\u00a0staze i otira\u010di)            <\/a>\n        <\/div>\n        <div class=\"open-job-positions__description\">\n            Opis posla Sklapanje ugovora sa novim klijentima (nove prodaje). Planiranje, sprovo\u0111enje i razvoj li\u010dnih prodajnih rezultata u skladu sa vrednostima kompanije Lindstr\u00f6m i uputstvima za&#8230;        <\/div>\n        <div class=\"open-job-positions__period\">\n            <span>\n                Po\u010detak prijava 13.05.2024            <\/span>\n            <span>\n                Kraj prijava &#8211;            <\/span>\n        <\/div>\n    <\/div>\n    <div class=\"open-job-positions__card\">\n        <div class=\"open-job-positions__title\">\n            <a href=\"https:\/\/lindstromgroup.com\/rs\/otvorena-radna-mesta\/predstavnik-prodaje-lindstrom-radna-odela\/\">\n                Predstavnik prodaje (Lindstr\u00f6m\u00a0radna odela)            <\/a>\n        <\/div>\n        <div class=\"open-job-positions__description\">\n            Opis posla Sklapanje ugovora sa novim klijentima (nove prodaje). Zadaci i zadu\u017eenja Obrazovanje, iskustvo i ve\u0161tine Profil kandidata        <\/div>\n        <div class=\"open-job-positions__period\">\n            <span>\n                Po\u010detak prijava 13.05.2024            <\/span>\n            <span>\n                Kraj prijava &#8211;            <\/span>\n        <\/div>\n    <\/div>\n            <\/div>\n\n                    <\/div>\n    \n\n    <\/div>\n<\/div>\n\n\n\n        <style>\n            .lindstrom-container--block_46e85c1063a2cb1e28c09618898c1a36 {                \n                padding-top: 35px;\n                padding-bottom: 35px;\n            }\n\n            @media screen and (min-width: 768px) {\n                .lindstrom-container--block_46e85c1063a2cb1e28c09618898c1a36 {\n                    padding-top: 75px;\n                    padding-bottom: 75px;\n                }\n            }\n        <\/style>\n    \n<div\n    class=\"lindstrom-container-wrapper lindstrom-container lindstrom-container--block_46e85c1063a2cb1e28c09618898c1a36 \"\n    id=\"block_46e85c1063a2cb1e28c09618898c1a36\"\n    style=\"background-color: #ffffff\"\n    >\n    <div class=\"lindstrom-container lindstrom-container--content items-stretch\">\n        \n\n        <div \n        id=\"cta-country-block_63831ffb17e687550fb99c19dbf10bf1\" \n        class=\"cta-country\"\n    >\n        <div class=\"flex flex-col gap-5\" style=\"align-items: flex-start\">\n                            <h2 class='!text-title-small lg:!text-title-medium !text-grey-100 !font-bold !my-0'>                    Imamo moguc\u0301nosti za sve                <\/h2>                                    <div class=\"cta-button-container cta-button-container--row\">\n                            <\/div>\n        <\/div>\n    <\/div>\n    \n\n\n<div class=\"wp-block-columns is-layout-flex wp-container-core-columns-is-layout-28f84493 wp-block-columns-is-layout-flex\">\n<div class=\"wp-block-column is-layout-flow wp-block-column-is-layout-flow\">\n<p>Vi ste deo na\u0161e kulture brige koju podr\u017eava bri\u017eno vo\u0111stvo. Va\u0161a li\u010dnost je cenjena i brinemo o va\u0161em blagostanju. Brinuti zna\u010di postati bolja osoba. Va\u0161 rad ima pozitivan uticaj na ljude i planetu.<\/p>\n<\/div>\n\n\n\n<div class=\"wp-block-column is-layout-flow wp-block-column-is-layout-flow\">\n<p>Sa nama c\u0301ete moc\u0301i da nau\u010dite nove stvari i nadamo se da c\u0301ete pronac\u0301i svoju svrhu. Svoj rad mo\u017eete povezati sa na\u0161im klijentima i o\u010duvanjem prirode. Cenimo vas i va\u0161u individualnost i brinemo o va\u0161em blagostanju. Radite sa kolegama koji vam svakodnevno daju puno pozitivne energije. Podsti\u010demo vas da otkrijete moc\u0301 brige.<\/p>\n<\/div>\n<\/div>\n\n\n    <\/div>\n<\/div>\n","protected":false},"excerpt":{"rendered":"","protected":false},"author":27,"featured_media":16360,"parent":0,"menu_order":0,"comment_status":"closed","ping_status":"closed","template":"","meta":{"_acf_changed":true,"inline_featured_image":false,"_eb_attr":"","site-sidebar-layout":"default","site-content-layout":"","ast-site-content-layout":"default","site-content-style":"default","site-sidebar-style":"default","ast-global-header-display":"","ast-banner-title-visibility":"","ast-main-header-display":"","ast-hfb-above-header-display":"","ast-hfb-below-header-display":"","ast-hfb-mobile-header-display":"","site-post-title":"","ast-breadcrumbs-content":"","ast-featured-img":"","footer-sml-layout":"","ast-disable-related-posts":"","theme-transparent-header-meta":"","adv-header-id-meta":"","stick-header-meta":"","header-above-stick-meta":"","header-main-stick-meta":"","header-below-stick-meta":"","astra-migrate-meta-layouts":"default","ast-page-background-enabled":"default","ast-page-background-meta":{"desktop":{"background-color":"var(--ast-global-color-4)","background-image":"","background-repeat":"repeat","background-position":"center center","background-size":"auto","background-attachment":"scroll","background-type":"","background-media":"","overlay-type":"","overlay-color":"","overlay-opacity":"","overlay-gradient":""},"tablet":{"background-color":"","background-image":"","background-repeat":"repeat","background-position":"center center","background-size":"auto","background-attachment":"scroll","background-type":"","background-media":"","overlay-type":"","overlay-color":"","overlay-opacity":"","overlay-gradient":""},"mobile":{"background-color":"","background-image":"","background-repeat":"repeat","background-position":"center center","background-size":"auto","background-attachment":"scroll","background-type":"","background-media":"","overlay-type":"","overlay-color":"","overlay-opacity":"","overlay-gradient":""}},"ast-content-background-meta":{"desktop":{"background-color":"var(--ast-global-color-5)","background-image":"","background-repeat":"repeat","background-position":"center center","background-size":"auto","background-attachment":"scroll","background-type":"","background-media":"","overlay-type":"","overlay-color":"","overlay-opacity":"","overlay-gradient":""},"tablet":{"background-color":"var(--ast-global-color-5)","background-image":"","background-repeat":"repeat","background-position":"center center","background-size":"auto","background-attachment":"scroll","background-type":"","background-media":"","overlay-type":"","overlay-color":"","overlay-opacity":"","overlay-gradient":""},"mobile":{"background-color":"var(--ast-global-color-5)","background-image":"","background-repeat":"repeat","background-position":"center center","background-size":"auto","background-attachment":"scroll","background-type":"","background-media":"","overlay-type":"","overlay-color":"","overlay-opacity":"","overlay-gradient":""}},"footnotes":""},"coauthors":[21],"class_list":["post-16374","page","type-page","status-publish","has-post-thumbnail","hentry"],"acf":[],"yoast_head":"<!-- This site is optimized with the Yoast SEO plugin v27.2 - https:\/\/yoast.com\/product\/yoast-seo-wordpress\/ -->\n<title>Zaposlenje - Lindstr\u00f6m Serbia<\/title>\n<meta name=\"description\" content=\"Da li ste zainteresovani za rad u kompaniji koja odgovorno posluje \u010dije poslovanje se zasniva na cirkularnoj ekonomiji?U Lindstr\u00f6mu mo\u017eete raditi na razli\u010ditim pozicijama: u prodaji, odr\u017eavanju tekstila, razvoju usluga, odr\u017eavanju, ili podr\u0161ci korisnicima.\" \/>\n<meta name=\"robots\" content=\"index, follow, max-snippet:-1, max-image-preview:large, max-video-preview:-1\" \/>\n<meta property=\"og:locale\" content=\"sr_RS\" \/>\n<meta property=\"og:type\" content=\"article\" \/>\n<meta property=\"og:title\" content=\"Zaposlenje - Lindstr\u00f6m Serbia\" \/>\n<meta property=\"og:description\" content=\"Da li ste zainteresovani za rad u kompaniji koja odgovorno posluje \u010dije poslovanje se zasniva na cirkularnoj ekonomiji?U Lindstr\u00f6mu mo\u017eete raditi na razli\u010ditim pozicijama: u prodaji, odr\u017eavanju tekstila, razvoju usluga, odr\u017eavanju, ili podr\u0161ci korisnicima.\" \/>\n<meta property=\"og:url\" content=\"https:\/\/lindstromgroup.com\/rs\/zaposlenje\/\" \/>\n<meta property=\"og:site_name\" content=\"Lindstr\u00f6m Serbia\" \/>\n<meta property=\"article:modified_time\" content=\"2024-05-13T13:10:05+00:00\" \/>\n<meta property=\"og:image\" content=\"https:\/\/d2ris6qfzcz0wn.cloudfront.net\/wp-content\/uploads\/sites\/12\/2024\/01\/Service-representative_010_Lindstrom.jpg\" \/>\n\t<meta property=\"og:image:width\" content=\"1500\" \/>\n\t<meta property=\"og:image:height\" content=\"1001\" \/>\n\t<meta property=\"og:image:type\" content=\"image\/jpeg\" \/>\n<meta name=\"twitter:card\" content=\"summary_large_image\" \/>\n<meta name=\"twitter:label1\" content=\"\u041f\u0440\u043e\u0446\u0435\u045a\u0435\u043d\u043e \u0432\u0440\u0435\u043c\u0435 \u0447\u0438\u0442\u0430\u045a\u0430\" \/>\n\t<meta name=\"twitter:data1\" content=\"1 \u043c\u0438\u043d\u0443\u0442\" \/>\n\t<meta name=\"twitter:label2\" content=\"Written by\" \/>\n\t<meta name=\"twitter:data2\" content=\"Juho Kangas\" \/>\n<script type=\"application\/ld+json\" class=\"yoast-schema-graph\">{\"@context\":\"https:\/\/schema.org\",\"@graph\":[{\"@type\":\"WebPage\",\"@id\":\"https:\/\/lindstromgroup.com\/rs\/zaposlenje\/\",\"url\":\"https:\/\/lindstromgroup.com\/rs\/zaposlenje\/\",\"name\":\"Zaposlenje - Lindstr\u00f6m Serbia\",\"isPartOf\":{\"@id\":\"https:\/\/lindstromgroup.com\/rs\/#website\"},\"primaryImageOfPage\":{\"@id\":\"https:\/\/lindstromgroup.com\/rs\/zaposlenje\/#primaryimage\"},\"image\":{\"@id\":\"https:\/\/lindstromgroup.com\/rs\/zaposlenje\/#primaryimage\"},\"thumbnailUrl\":\"https:\/\/d2ris6qfzcz0wn.cloudfront.net\/wp-content\/uploads\/sites\/12\/2024\/01\/Service-representative_010_Lindstrom.jpg\",\"datePublished\":\"2024-04-22T17:02:41+00:00\",\"dateModified\":\"2024-05-13T13:10:05+00:00\",\"description\":\"Da li ste zainteresovani za rad u kompaniji koja odgovorno posluje \u010dije poslovanje se zasniva na cirkularnoj ekonomiji?U Lindstr\u00f6mu mo\u017eete raditi na razli\u010ditim pozicijama: u prodaji, odr\u017eavanju tekstila, razvoju usluga, odr\u017eavanju, ili podr\u0161ci korisnicima.\",\"breadcrumb\":{\"@id\":\"https:\/\/lindstromgroup.com\/rs\/zaposlenje\/#breadcrumb\"},\"inLanguage\":\"sr-RS\",\"potentialAction\":[{\"@type\":\"ReadAction\",\"target\":[\"https:\/\/lindstromgroup.com\/rs\/zaposlenje\/\"]}]},{\"@type\":\"ImageObject\",\"inLanguage\":\"sr-RS\",\"@id\":\"https:\/\/lindstromgroup.com\/rs\/zaposlenje\/#primaryimage\",\"url\":\"https:\/\/d2ris6qfzcz0wn.cloudfront.net\/wp-content\/uploads\/sites\/12\/2024\/01\/Service-representative_010_Lindstrom.jpg\",\"contentUrl\":\"https:\/\/d2ris6qfzcz0wn.cloudfront.net\/wp-content\/uploads\/sites\/12\/2024\/01\/Service-representative_010_Lindstrom.jpg\",\"width\":1500,\"height\":1001},{\"@type\":\"BreadcrumbList\",\"@id\":\"https:\/\/lindstromgroup.com\/rs\/zaposlenje\/#breadcrumb\",\"itemListElement\":[{\"@type\":\"ListItem\",\"position\":1,\"name\":\"Home\",\"item\":\"https:\/\/lindstromgroup.com\/rs\/\"},{\"@type\":\"ListItem\",\"position\":2,\"name\":\"Zaposlenje\"}]},{\"@type\":\"WebSite\",\"@id\":\"https:\/\/lindstromgroup.com\/rs\/#website\",\"url\":\"https:\/\/lindstromgroup.com\/rs\/\",\"name\":\"Lindstr\u00f6m Serbia\",\"description\":\"\",\"publisher\":{\"@id\":\"https:\/\/lindstromgroup.com\/rs\/#organization\"},\"potentialAction\":[{\"@type\":\"SearchAction\",\"target\":{\"@type\":\"EntryPoint\",\"urlTemplate\":\"https:\/\/lindstromgroup.com\/rs\/?s={search_term_string}\"},\"query-input\":{\"@type\":\"PropertyValueSpecification\",\"valueRequired\":true,\"valueName\":\"search_term_string\"}}],\"inLanguage\":\"sr-RS\"},{\"@type\":\"Organization\",\"@id\":\"https:\/\/lindstromgroup.com\/rs\/#organization\",\"name\":\"Lindstr\u00f6m Serbia\",\"url\":\"https:\/\/lindstromgroup.com\/rs\/\",\"logo\":{\"@type\":\"ImageObject\",\"inLanguage\":\"sr-RS\",\"@id\":\"https:\/\/lindstromgroup.com\/rs\/#\/schema\/logo\/image\/\",\"url\":\"https:\/\/d2ris6qfzcz0wn.cloudfront.net\/wp-content\/uploads\/sites\/12\/2023\/10\/Logo512.png\",\"contentUrl\":\"https:\/\/d2ris6qfzcz0wn.cloudfront.net\/wp-content\/uploads\/sites\/12\/2023\/10\/Logo512.png\",\"width\":512,\"height\":109,\"caption\":\"Lindstr\u00f6m Serbia\"},\"image\":{\"@id\":\"https:\/\/lindstromgroup.com\/rs\/#\/schema\/logo\/image\/\"}}]}<\/script>\n<!-- \/ Yoast SEO plugin. -->","yoast_head_json":{"title":"Zaposlenje - Lindstr\u00f6m Serbia","description":"Da li ste zainteresovani za rad u kompaniji koja odgovorno posluje \u010dije poslovanje se zasniva na cirkularnoj ekonomiji?U Lindstr\u00f6mu mo\u017eete raditi na razli\u010ditim pozicijama: u prodaji, odr\u017eavanju tekstila, razvoju usluga, odr\u017eavanju, ili podr\u0161ci korisnicima.","robots":{"index":"index","follow":"follow","max-snippet":"max-snippet:-1","max-image-preview":"max-image-preview:large","max-video-preview":"max-video-preview:-1"},"og_locale":"sr_RS","og_type":"article","og_title":"Zaposlenje - Lindstr\u00f6m Serbia","og_description":"Da li ste zainteresovani za rad u kompaniji koja odgovorno posluje \u010dije poslovanje se zasniva na cirkularnoj ekonomiji?U Lindstr\u00f6mu mo\u017eete raditi na razli\u010ditim pozicijama: u prodaji, odr\u017eavanju tekstila, razvoju usluga, odr\u017eavanju, ili podr\u0161ci korisnicima.","og_url":"https:\/\/lindstromgroup.com\/rs\/zaposlenje\/","og_site_name":"Lindstr\u00f6m Serbia","article_modified_time":"2024-05-13T13:10:05+00:00","og_image":[{"width":1500,"height":1001,"url":"https:\/\/d2ris6qfzcz0wn.cloudfront.net\/wp-content\/uploads\/sites\/12\/2024\/01\/Service-representative_010_Lindstrom.jpg","type":"image\/jpeg"}],"twitter_card":"summary_large_image","twitter_misc":{"\u041f\u0440\u043e\u0446\u0435\u045a\u0435\u043d\u043e \u0432\u0440\u0435\u043c\u0435 \u0447\u0438\u0442\u0430\u045a\u0430":"1 \u043c\u0438\u043d\u0443\u0442","Written by":"Juho Kangas"},"schema":{"@context":"https:\/\/schema.org","@graph":[{"@type":"WebPage","@id":"https:\/\/lindstromgroup.com\/rs\/zaposlenje\/","url":"https:\/\/lindstromgroup.com\/rs\/zaposlenje\/","name":"Zaposlenje - Lindstr\u00f6m Serbia","isPartOf":{"@id":"https:\/\/lindstromgroup.com\/rs\/#website"},"primaryImageOfPage":{"@id":"https:\/\/lindstromgroup.com\/rs\/zaposlenje\/#primaryimage"},"image":{"@id":"https:\/\/lindstromgroup.com\/rs\/zaposlenje\/#primaryimage"},"thumbnailUrl":"https:\/\/d2ris6qfzcz0wn.cloudfront.net\/wp-content\/uploads\/sites\/12\/2024\/01\/Service-representative_010_Lindstrom.jpg","datePublished":"2024-04-22T17:02:41+00:00","dateModified":"2024-05-13T13:10:05+00:00","description":"Da li ste zainteresovani za rad u kompaniji koja odgovorno posluje \u010dije poslovanje se zasniva na cirkularnoj ekonomiji?U Lindstr\u00f6mu mo\u017eete raditi na razli\u010ditim pozicijama: u prodaji, odr\u017eavanju tekstila, razvoju usluga, odr\u017eavanju, ili podr\u0161ci korisnicima.","breadcrumb":{"@id":"https:\/\/lindstromgroup.com\/rs\/zaposlenje\/#breadcrumb"},"inLanguage":"sr-RS","potentialAction":[{"@type":"ReadAction","target":["https:\/\/lindstromgroup.com\/rs\/zaposlenje\/"]}]},{"@type":"ImageObject","inLanguage":"sr-RS","@id":"https:\/\/lindstromgroup.com\/rs\/zaposlenje\/#primaryimage","url":"https:\/\/d2ris6qfzcz0wn.cloudfront.net\/wp-content\/uploads\/sites\/12\/2024\/01\/Service-representative_010_Lindstrom.jpg","contentUrl":"https:\/\/d2ris6qfzcz0wn.cloudfront.net\/wp-content\/uploads\/sites\/12\/2024\/01\/Service-representative_010_Lindstrom.jpg","width":1500,"height":1001},{"@type":"BreadcrumbList","@id":"https:\/\/lindstromgroup.com\/rs\/zaposlenje\/#breadcrumb","itemListElement":[{"@type":"ListItem","position":1,"name":"Home","item":"https:\/\/lindstromgroup.com\/rs\/"},{"@type":"ListItem","position":2,"name":"Zaposlenje"}]},{"@type":"WebSite","@id":"https:\/\/lindstromgroup.com\/rs\/#website","url":"https:\/\/lindstromgroup.com\/rs\/","name":"Lindstr\u00f6m Serbia","description":"","publisher":{"@id":"https:\/\/lindstromgroup.com\/rs\/#organization"},"potentialAction":[{"@type":"SearchAction","target":{"@type":"EntryPoint","urlTemplate":"https:\/\/lindstromgroup.com\/rs\/?s={search_term_string}"},"query-input":{"@type":"PropertyValueSpecification","valueRequired":true,"valueName":"search_term_string"}}],"inLanguage":"sr-RS"},{"@type":"Organization","@id":"https:\/\/lindstromgroup.com\/rs\/#organization","name":"Lindstr\u00f6m Serbia","url":"https:\/\/lindstromgroup.com\/rs\/","logo":{"@type":"ImageObject","inLanguage":"sr-RS","@id":"https:\/\/lindstromgroup.com\/rs\/#\/schema\/logo\/image\/","url":"https:\/\/d2ris6qfzcz0wn.cloudfront.net\/wp-content\/uploads\/sites\/12\/2023\/10\/Logo512.png","contentUrl":"https:\/\/d2ris6qfzcz0wn.cloudfront.net\/wp-content\/uploads\/sites\/12\/2023\/10\/Logo512.png","width":512,"height":109,"caption":"Lindstr\u00f6m Serbia"},"image":{"@id":"https:\/\/lindstromgroup.com\/rs\/#\/schema\/logo\/image\/"}}]}},"publishpress_future_workflow_manual_trigger":{"enabledWorkflows":[]},"distributor_meta":false,"distributor_terms":false,"distributor_media":false,"distributor_original_site_name":"Lindstr\u00f6m Serbia","distributor_original_site_url":"https:\/\/lindstromgroup.com\/rs","push-errors":false,"_links":{"self":[{"href":"https:\/\/lindstromgroup.com\/rs\/wp-json\/wp\/v2\/pages\/16374","targetHints":{"allow":["GET"]}}],"collection":[{"href":"https:\/\/lindstromgroup.com\/rs\/wp-json\/wp\/v2\/pages"}],"about":[{"href":"https:\/\/lindstromgroup.com\/rs\/wp-json\/wp\/v2\/types\/page"}],"author":[{"embeddable":true,"href":"https:\/\/lindstromgroup.com\/rs\/wp-json\/wp\/v2\/users\/27"}],"replies":[{"embeddable":true,"href":"https:\/\/lindstromgroup.com\/rs\/wp-json\/wp\/v2\/comments?post=16374"}],"version-history":[{"count":0,"href":"https:\/\/lindstromgroup.com\/rs\/wp-json\/wp\/v2\/pages\/16374\/revisions"}],"wp:featuredmedia":[{"embeddable":true,"href":"https:\/\/lindstromgroup.com\/rs\/wp-json\/wp\/v2\/media\/16360"}],"wp:attachment":[{"href":"https:\/\/lindstromgroup.com\/rs\/wp-json\/wp\/v2\/media?parent=16374"}],"wp:term":[{"taxonomy":"author","embeddable":true,"href":"https:\/\/lindstromgroup.com\/rs\/wp-json\/wp\/v2\/coauthors?post=16374"}],"curies":[{"name":"wp","href":"https:\/\/api.w.org\/{rel}","templated":true}]}}