
    {"id":19,"date":"2023-10-19T10:26:42","date_gmt":"2023-10-19T10:26:42","guid":{"rendered":"https:\/\/lindstromgroup.com\/ro-renewal\/?page_id=19"},"modified":"2025-04-05T10:44:21","modified_gmt":"2025-04-05T07:44:21","slug":"contacteaza-ne","status":"publish","type":"page","link":"https:\/\/lindstromgroup.com\/ro\/contacteaza-ne\/","title":{"rendered":"Contact"},"content":{"rendered":"\n    <div\n        id=\"block_bdc6735da568d1ec25cf8d6b3cd6bbe7\"\n        class=\"hero-sub hero-sub--block_bdc6735da568d1ec25cf8d6b3cd6bbe7  flex flex-col-reverse lg:flex-row justify-between bg-dark-blue text-white\"\n    >        \n        <div class=\"flex flex-col gap-5 pt-10 pb-5 grow px-5 lg:px-20\">\n            <div class=\"flex flex-col justify-center gap-3 grow max-w-[var(--container-text-max)]\">\n                <h1 class=\"!mb-0 !text-white !text-title-medium lg:!text-title-large !font-bold hyphens-auto break-words\">\n                    Contacteaz\u0103-ne                <\/h1>\n    \n                <div class=\"hero-sub__description\">\n                    <p>Suntem bucuro\u0219i s\u0103 g\u0103sim cea mai bun\u0103 solu\u021bie pentru compania \u0219i echipa ta.<\/p>\n                <\/div>\n    \n                \n                            <\/div>\n                            <div class=\"font-bold hero-sub__breadcrumb text-body-small\">\n                        <span><span><a href=\"https:\/\/lindstromgroup.com\/ro\/\">Home<\/a><\/span><\/span>                <\/div>\n                    <\/div>\n\n        <div class=\"[&#038;_picture]:w-full flex h-full lg:h-auto max-h-[350px] lg:max-h-none lg:min-h-full w-full lg:w-[650px]\">\n            <img decoding=\"async\"\n                class=\"object-cover w-full h-full\"\n                src=\"https:\/\/d2ris6qfzcz0wn.cloudfront.net\/wp-content\/uploads\/sites\/12\/2024\/01\/008_Lindstrom_hotel_final_hires-1024x683.jpg\"\n                alt=\"Suntem bucuro\u0219i s\u0103 g\u0103sim cea mai bun\u0103 solu\u021bie pentru compania \u0219i echipa ta.\"\n            >\n        <\/div>\n    <\/div>\n\n\n\n        <style>\n            .lindstrom-container--block_03f95792433f472621e9a2378c55f503 {                \n                padding-top: 35px;\n                padding-bottom: 35px;\n            }\n\n            @media screen and (min-width: 768px) {\n                .lindstrom-container--block_03f95792433f472621e9a2378c55f503 {\n                    padding-top: 75px;\n                    padding-bottom: 75px;\n                }\n            }\n        <\/style>\n    \n<div\n    class=\"lindstrom-container-wrapper lindstrom-container lindstrom-container--block_03f95792433f472621e9a2378c55f503 \"\n    id=\"kontakt\"\n    style=\"background-color: #ffffff\"\n    >\n    <div class=\"lindstrom-container lindstrom-container--content items-stretch\">\n        \n\n<div class=\"wp-block-columns is-layout-flex wp-container-core-columns-is-layout-28f84493 wp-block-columns-is-layout-flex\">\n<div class=\"wp-block-column rounded-[5px] has-border-color has-turquoise-border-color is-layout-flow wp-block-column-is-layout-flow\" style=\"border-width:1px;padding-top:25px;padding-right:25px;padding-bottom:25px;padding-left:25px\" id=\"myynti\">\n        <div \n        id=\"cta-country-block_4c924397c213f8bb86babd1a74346707\" \n        class=\"cta-country\"\n    >\n        <div class=\"flex flex-col gap-5\" style=\"align-items: flex-start\">\n                            <h3 class='!text-title-subhead lg:!text-title-small !text-grey-100 !font-bold !my-0'>                    Vrei o ofert\u0103?                <\/h3>                                        <div class=\"cta-text\"><p>Completeaz\u0103 formularul de contact sau sun\u0103-ne la:<\/p>\n<p>Suport clienti: <a href=\"tel:+4031 80 58 150\">+4031 80 58 150<\/a> \/ <a href=\"tel:+4037 27 46 204\">+4037 27 46 204<\/a><\/p>\n<p>e-mail: <a href=\"mailto:office.romania@lindstromgroup.com\">office.romania@lindstromgroup.com<\/a><\/p>\n<p>sau<\/p>\n<p>Departamentul vanzari online : 0735 231 567<\/p>\n<p>e-mail: <a href=\"mailto:digitalsales.romania@lindstromgroup.com\">digitalsales.romania@lindstromgroup.com<\/a><\/p>\n<\/div>\n                        <div class=\"cta-button-container cta-button-container--row\">\n                            <\/div>\n        <\/div>\n    <\/div>\n    <\/div>\n\n\n\n<div class=\"wp-block-column rounded-[5px] has-border-color has-turquoise-border-color is-layout-flow wp-block-column-is-layout-flow\" style=\"border-width:1px;padding-top:25px;padding-right:25px;padding-bottom:25px;padding-left:25px\" id=\"asiakaspalvelu\">\n        <div \n        id=\"cta-country-block_b3dc63e36d0a3d5e5e22897e2980a89e\" \n        class=\"cta-country\"\n    >\n        <div class=\"flex flex-col gap-5\" style=\"align-items: flex-start\">\n                            <h3 class='!text-title-subhead lg:!text-title-small !text-grey-100 !font-bold !my-0'>                    E\u0219ti deja clientul nostru?                <\/h3>                                        <div class=\"cta-text\"><p>Pe eLindstr\u00f6m po\u021bi ad\u0103uga noi comenzi, po\u021bi solicita repara\u021bii sau po\u021bi solicita un nou serviciu \u00een cel mai u\u0219or mod. De asemenea, po\u021bi monitoriza progresul solicit\u0103rilor tale de oriunde \u0219i \u00een orice moment. Po\u021bi modifica, corecta sau anula comenzi cu un singur click.<\/p>\n<\/div>\n                        <div class=\"cta-button-container cta-button-container--row\">\n                                                                                        <div class=\"flex rounded-full h-10 min-w-[150px] mt-auto cta-button button-solid--blue\">\n                                <a \n                                    class=\"flex flex-grow !no-underline py-3 px-5 font-bold text-[15px]\/[21px] justify-center items-center gap-2 text-center border-2 rounded-full cta-button__inner\" \n                                    href=\"https:\/\/account.lindstromgroup.com\/cas\/login\"\n                                    style=\"border-color: #003F72; background-color: #003F72; color: #FFFFFF;\"\n                                    target=\"_self\"\n                                >\n                                    eLindstr\u00f6m                                                                    <\/a>\n                            <\/div>\n                                                                        <\/div>\n        <\/div>\n    <\/div>\n    <\/div>\n<\/div>\n\n\n    <\/div>\n<\/div>\n\n\n\n        <style>\n            .lindstrom-container--block_5fba54b6c8642376c5c3a552c44ff8ff {                \n                padding-top: 0px;\n                padding-bottom: 0px;\n            }\n\n            @media screen and (min-width: 768px) {\n                .lindstrom-container--block_5fba54b6c8642376c5c3a552c44ff8ff {\n                    padding-top: 0px;\n                    padding-bottom: 0px;\n                }\n            }\n        <\/style>\n    \n<div\n    class=\"lindstrom-container-wrapper lindstrom-container lindstrom-container--block_5fba54b6c8642376c5c3a552c44ff8ff \"\n    id=\"contact\"\n    style=\"background-color: #ffffff\"\n    >\n    <div class=\"lindstrom-container lindstrom-container--content items-stretch\">\n        \n\n        <div \n        id=\"cta-country-block_608196627784b65e45adda5ad93f6c06\" \n        class=\"cta-country\"\n    >\n        <div class=\"flex flex-col gap-5\" style=\"align-items: center\">\n                            <h2 class='!text-title-small lg:!text-title-medium !text-grey-100 !font-bold !my-0'>                    Solicit\u0103 o ofert\u0103 pentru servicii de \u00eenchiriere                <\/h2>                                    <div class=\"cta-button-container cta-button-container--row\">\n                            <\/div>\n        <\/div>\n    <\/div>\n    \n\n\n<div class=\"wp-block-columns is-layout-flex wp-container-core-columns-is-layout-d9884270 wp-block-columns-is-layout-flex\" style=\"padding-top:0;padding-bottom:0\">\n<div class=\"wp-block-column is-layout-flow wp-block-column-is-layout-flow\">\n<figure class=\"wp-block-image size-large\"><img decoding=\"async\" width=\"1024\" height=\"683\" src=\"https:\/\/d2ris6qfzcz0wn.cloudfront.net\/wp-content\/uploads\/sites\/12\/2024\/01\/Service-representative_010_Lindstrom-1024x683.jpg\" alt=\"\" class=\"wp-image-16360\" style=\"aspect-ratio:4\/3;object-fit:cover\" srcset=\"https:\/\/d2ris6qfzcz0wn.cloudfront.net\/wp-content\/uploads\/sites\/12\/2024\/01\/Service-representative_010_Lindstrom-1024x683.jpg 1024w, https:\/\/d2ris6qfzcz0wn.cloudfront.net\/wp-content\/uploads\/sites\/12\/2024\/01\/Service-representative_010_Lindstrom-300x200.jpg 300w, https:\/\/d2ris6qfzcz0wn.cloudfront.net\/wp-content\/uploads\/sites\/12\/2024\/01\/Service-representative_010_Lindstrom-768x513.jpg 768w, https:\/\/d2ris6qfzcz0wn.cloudfront.net\/wp-content\/uploads\/sites\/12\/2024\/01\/Service-representative_010_Lindstrom.jpg 1500w\" sizes=\"(max-width: 1024px) 100vw, 1024px\" \/><\/figure>\n<\/div>\n\n\n\n<div class=\"wp-block-column is-layout-constrained wp-block-column-is-layout-constrained\">\n        <style>\n            .lindstrom-container--block_4225e5c952891344448888577ecaf56c {                \n                padding-top: 35px;\n                padding-bottom: 35px;\n            }\n\n            @media screen and (min-width: 768px) {\n                .lindstrom-container--block_4225e5c952891344448888577ecaf56c {\n                    padding-top: 50px;\n                    padding-bottom: 50px;\n                }\n            }\n        <\/style>\n    \n<div\n    class=\"lindstrom-container-wrapper lindstrom-container lindstrom-container--block_4225e5c952891344448888577ecaf56c \"\n    id=\"block_4225e5c952891344448888577ecaf56c\"\n    style=\"background-color: #ffffff\"\n    >\n    <div class=\"lindstrom-container lindstrom-container--content items-stretch\">\n        \n\n    <div id=\"hubspot-contact-form-block_1543b4e1522812cb15032a8d4899fdb1\" class=\"hubspot-contact-form\">\n                    <h3 class=\"mt-0 !mb-5 lg:!mb-10 font-bold !text-title-small\">\n                Suntem bucuro\u0219i s\u0103 te ajut\u0103m s\u0103 g\u0103se\u0219ti cea mai bun\u0103 solu\u021bie pentru compania \u0219i echipa ta            <\/h3>\n        \n                    <p class=\"!-mt-4 lg:!-mt-8 !mb-5 lg:!mb-10 !text-body-small\">\n                Completeaz\u0103 formularul \u0219i ob\u021bine sfaturi de la consultantul nostru ast\u0103zi! Vom reveni c\u00e2t mai cur\u00e2nd posibil!            <\/p>\n        \n        <div class=\"form-wrapper\"><\/div>\n        <div class=\"editor-message\">\n            Please set a valid form ID.\n        <\/div>\n    <\/div>\n\n<script>\n    \/**\n     * Generate dynamic init form function name to prevent it get re-initialized if there are multiple forms in a page\n     *\/\n    function initForm_69ef9864a0dfe() {\n        \/\/ retry until hubspot script is initialized\n        if (typeof hbspt !== \"undefined\") {\n            hbspt.forms.create({\n                region: \"eu1\",\n                portalId: \"2758505\",\n                formId: \"77dcba89-776c-4021-8409-ebd0eb50e3a5\",\n                target: `#hubspot-contact-form-block_1543b4e1522812cb15032a8d4899fdb1 .form-wrapper`,\n                onFormReady: (arg) => {\n                    const hasFeaturedField = 0;\n                    if (!hasFeaturedField) {\n                        return\n                    }\n    \n                    \/\/ in case the featured field is not available in the form\n                    const featuredField = document.querySelector(`#hubspot-contact-form-block_1543b4e1522812cb15032a8d4899fdb1 .none`);\n                    if (!featuredField) {\n                        return\n                    }\n    \n                    \/\/ only support checkbox field for now\n                    convertCheckboxFeaturedField(featuredField)                \n                }\n            });\n            return;\n        }\n\n        setTimeout(initForm_69ef9864a0dfe, 250);\n    }\n\n    function convertCheckboxFeaturedField(featuredField) {\n        const fieldsetWrapper = featuredField.parentElement\n        \n        \/\/ add the featured field class to the wrapper fieldset element\n        \/\/ transform the featured field's UI via CSS\n        fieldsetWrapper.classList.add('featured-field')\n\n        \/\/ calculate and add enough space to display the featured field on top of the form\n        calculateFeaturedFieldSize(fieldsetWrapper)\n        window.addEventListener('resize', () => {\n            calculateFeaturedFieldSize(fieldsetWrapper)\n        })\n    }\n    \n    function calculateFeaturedFieldSize (fieldsetWrapper) {\n        fieldsetWrapper\n            .closest('.hubspot-contact-form--has-featured-field')\n            .style\n            .paddingTop = fieldsetWrapper.offsetHeight + 50 + 'px';\n    }    \n\n    initForm_69ef9864a0dfe();\n<\/script>\n\n\n    <\/div>\n<\/div>\n<\/div>\n<\/div>\n\n\n    <\/div>\n<\/div>\n\n\n\n<hr class=\"wp-block-separator has-text-color has-grey-25-color has-alpha-channel-opacity has-grey-25-background-color has-background is-style-wide\" style=\"margin-top:0;margin-bottom:0\"\/>\n\n\n\n        <style>\n            .lindstrom-container--block_b71b9925af7f26f45904ae65aa413c75 {                \n                padding-top: 35px;\n                padding-bottom: 35px;\n            }\n\n            @media screen and (min-width: 768px) {\n                .lindstrom-container--block_b71b9925af7f26f45904ae65aa413c75 {\n                    padding-top: 75px;\n                    padding-bottom: 75px;\n                }\n            }\n        <\/style>\n    \n<div\n    class=\"lindstrom-container-wrapper lindstrom-container lindstrom-container--block_b71b9925af7f26f45904ae65aa413c75 \"\n    id=\"Podatki-podjetja\"\n    style=\"background-color: #ffffff\"\n    >\n    <div class=\"lindstrom-container lindstrom-container--content items-stretch\">\n        \n\n<div class=\"wp-block-columns is-layout-flex wp-container-core-columns-is-layout-28f84493 wp-block-columns-is-layout-flex\">\n<div class=\"wp-block-column is-layout-flow wp-block-column-is-layout-flow\">\n        <div \n        id=\"cta-country-block_b16f70249d09a41a486ddb3086b9f233\" \n        class=\"cta-country\"\n    >\n        <div class=\"flex flex-col gap-5\" style=\"align-items: flex-start\">\n                                        <div class=\"cta-text\"><h3><strong>Lindstr\u00f6m Romania Bucure\u0219ti<\/strong><\/h3>\n<p>Str. Drumul intre Tarlale nr 160-174,<br \/>\ncomplex Apollo, cladire B3, sector 3<br \/>\nBucharest<br \/>\nRomania<\/p>\n<\/div>\n                        <div class=\"cta-button-container cta-button-container--row\">\n                                                                                                            <\/div>\n        <\/div>\n    <\/div>\n    <\/div>\n\n\n\n<div class=\"wp-block-column is-layout-flow wp-block-column-is-layout-flow\">\n        <div \n        id=\"cta-country-block_93178267584063e35173f7d91469e11a\" \n        class=\"cta-country\"\n    >\n        <div class=\"flex flex-col gap-5\" style=\"align-items: flex-start\">\n                                        <div class=\"cta-text\"><p><strong>Tel.<\/strong>: +4031 80 58 150<br \/>\n<strong>Tel.:<\/strong> +4037 27 46 204<\/p>\n<\/div>\n                        <div class=\"cta-button-container cta-button-container--row\">\n                            <\/div>\n        <\/div>\n    <\/div>\n    <\/div>\n<\/div>\n\n\n    <\/div>\n<\/div>\n\n\n\n<p><\/p>\n","protected":false},"excerpt":{"rendered":"","protected":false},"author":14,"featured_media":0,"parent":0,"menu_order":0,"comment_status":"closed","ping_status":"closed","template":"","meta":{"_acf_changed":true,"inline_featured_image":false,"_eb_attr":"","site-sidebar-layout":"default","site-content-layout":"default","ast-site-content-layout":"default","site-content-style":"default","site-sidebar-style":"default","ast-global-header-display":"","ast-banner-title-visibility":"","ast-main-header-display":"","ast-hfb-above-header-display":"","ast-hfb-below-header-display":"","ast-hfb-mobile-header-display":"","site-post-title":"","ast-breadcrumbs-content":"","ast-featured-img":"","footer-sml-layout":"","ast-disable-related-posts":"","theme-transparent-header-meta":"","adv-header-id-meta":"","stick-header-meta":"","header-above-stick-meta":"","header-main-stick-meta":"","header-below-stick-meta":"","astra-migrate-meta-layouts":"default","ast-page-background-enabled":"default","ast-page-background-meta":{"desktop":{"background-color":"var(--ast-global-color-4)","background-image":"","background-repeat":"repeat","background-position":"center center","background-size":"auto","background-attachment":"scroll","background-type":"","background-media":"","overlay-type":"","overlay-color":"","overlay-opacity":"","overlay-gradient":""},"tablet":{"background-color":"","background-image":"","background-repeat":"repeat","background-position":"center center","background-size":"auto","background-attachment":"scroll","background-type":"","background-media":"","overlay-type":"","overlay-color":"","overlay-opacity":"","overlay-gradient":""},"mobile":{"background-color":"","background-image":"","background-repeat":"repeat","background-position":"center center","background-size":"auto","background-attachment":"scroll","background-type":"","background-media":"","overlay-type":"","overlay-color":"","overlay-opacity":"","overlay-gradient":""}},"ast-content-background-meta":{"desktop":{"background-color":"var(--ast-global-color-5)","background-image":"","background-repeat":"repeat","background-position":"center center","background-size":"auto","background-attachment":"scroll","background-type":"","background-media":"","overlay-type":"","overlay-color":"","overlay-opacity":"","overlay-gradient":""},"tablet":{"background-color":"var(--ast-global-color-5)","background-image":"","background-repeat":"repeat","background-position":"center center","background-size":"auto","background-attachment":"scroll","background-type":"","background-media":"","overlay-type":"","overlay-color":"","overlay-opacity":"","overlay-gradient":""},"mobile":{"background-color":"var(--ast-global-color-5)","background-image":"","background-repeat":"repeat","background-position":"center center","background-size":"auto","background-attachment":"scroll","background-type":"","background-media":"","overlay-type":"","overlay-color":"","overlay-opacity":"","overlay-gradient":""}},"footnotes":""},"coauthors":[20],"class_list":["post-19","page","type-page","status-publish","hentry"],"acf":[],"yoast_head":"<!-- This site is optimized with the Yoast SEO plugin v27.2 - https:\/\/yoast.com\/product\/yoast-seo-wordpress\/ -->\n<title>Contact - Lindstr\u00f6m Romania<\/title>\n<meta name=\"robots\" content=\"index, follow, max-snippet:-1, max-image-preview:large, max-video-preview:-1\" \/>\n<meta property=\"og:locale\" content=\"ro_RO\" \/>\n<meta property=\"og:type\" content=\"article\" \/>\n<meta property=\"og:title\" content=\"Contact - Lindstr\u00f6m Romania\" \/>\n<meta property=\"og:url\" content=\"https:\/\/lindstromgroup.com\/ro\/contacteaza-ne\/\" \/>\n<meta property=\"og:site_name\" content=\"Lindstr\u00f6m Romania\" \/>\n<meta property=\"article:modified_time\" content=\"2025-04-05T07:44:21+00:00\" \/>\n<meta property=\"og:image\" content=\"https:\/\/new.lindstromgroup.com\/ro\/wp-content\/uploads\/sites\/27\/2024\/01\/Service-representative_010_Lindstrom-1024x683.jpg\" \/>\n<meta name=\"twitter:card\" content=\"summary_large_image\" \/>\n<meta name=\"twitter:label1\" content=\"Timp estimat pentru citire\" \/>\n\t<meta name=\"twitter:data1\" content=\"3 minute\" \/>\n\t<meta name=\"twitter:label2\" content=\"Written by\" \/>\n\t<meta name=\"twitter:data2\" content=\"Lindstr\u00f6m Group\" \/>\n<script type=\"application\/ld+json\" class=\"yoast-schema-graph\">{\"@context\":\"https:\/\/schema.org\",\"@graph\":[{\"@type\":\"WebPage\",\"@id\":\"https:\/\/lindstromgroup.com\/ro\/contacteaza-ne\/\",\"url\":\"https:\/\/lindstromgroup.com\/ro\/contacteaza-ne\/\",\"name\":\"Contact - Lindstr\u00f6m Romania\",\"isPartOf\":{\"@id\":\"https:\/\/lindstromgroup.com\/ro\/#website\"},\"primaryImageOfPage\":{\"@id\":\"https:\/\/lindstromgroup.com\/ro\/contacteaza-ne\/#primaryimage\"},\"image\":{\"@id\":\"https:\/\/lindstromgroup.com\/ro\/contacteaza-ne\/#primaryimage\"},\"thumbnailUrl\":\"https:\/\/lindstromgroup.com\/ro\/wp-content\/uploads\/sites\/27\/2024\/01\/Service-representative_010_Lindstrom-1024x683.jpg\",\"datePublished\":\"2023-10-19T10:26:42+00:00\",\"dateModified\":\"2025-04-05T07:44:21+00:00\",\"breadcrumb\":{\"@id\":\"https:\/\/lindstromgroup.com\/ro\/contacteaza-ne\/#breadcrumb\"},\"inLanguage\":\"ro-RO\",\"potentialAction\":[{\"@type\":\"ReadAction\",\"target\":[\"https:\/\/lindstromgroup.com\/ro\/contacteaza-ne\/\"]}]},{\"@type\":\"ImageObject\",\"inLanguage\":\"ro-RO\",\"@id\":\"https:\/\/lindstromgroup.com\/ro\/contacteaza-ne\/#primaryimage\",\"url\":\"https:\/\/d2ris6qfzcz0wn.cloudfront.net\/wp-content\/uploads\/sites\/12\/2024\/01\/Service-representative_010_Lindstrom.jpg\",\"contentUrl\":\"https:\/\/d2ris6qfzcz0wn.cloudfront.net\/wp-content\/uploads\/sites\/12\/2024\/01\/Service-representative_010_Lindstrom.jpg\",\"width\":1500,\"height\":1001},{\"@type\":\"BreadcrumbList\",\"@id\":\"https:\/\/lindstromgroup.com\/ro\/contacteaza-ne\/#breadcrumb\",\"itemListElement\":[{\"@type\":\"ListItem\",\"position\":1,\"name\":\"Home\",\"item\":\"https:\/\/lindstromgroup.com\/ro\/\"},{\"@type\":\"ListItem\",\"position\":2,\"name\":\"Contact\"}]},{\"@type\":\"WebSite\",\"@id\":\"https:\/\/lindstromgroup.com\/ro\/#website\",\"url\":\"https:\/\/lindstromgroup.com\/ro\/\",\"name\":\"Lindstr\u00f6m Romania\",\"description\":\"\",\"publisher\":{\"@id\":\"https:\/\/lindstromgroup.com\/ro\/#organization\"},\"potentialAction\":[{\"@type\":\"SearchAction\",\"target\":{\"@type\":\"EntryPoint\",\"urlTemplate\":\"https:\/\/lindstromgroup.com\/ro\/?s={search_term_string}\"},\"query-input\":{\"@type\":\"PropertyValueSpecification\",\"valueRequired\":true,\"valueName\":\"search_term_string\"}}],\"inLanguage\":\"ro-RO\"},{\"@type\":\"Organization\",\"@id\":\"https:\/\/lindstromgroup.com\/ro\/#organization\",\"name\":\"Lindstr\u00f6m Romania\",\"url\":\"https:\/\/lindstromgroup.com\/ro\/\",\"logo\":{\"@type\":\"ImageObject\",\"inLanguage\":\"ro-RO\",\"@id\":\"https:\/\/lindstromgroup.com\/ro\/#\/schema\/logo\/image\/\",\"url\":\"https:\/\/d2ris6qfzcz0wn.cloudfront.net\/wp-content\/uploads\/sites\/12\/2023\/10\/Logo512.png\",\"contentUrl\":\"https:\/\/d2ris6qfzcz0wn.cloudfront.net\/wp-content\/uploads\/sites\/12\/2023\/10\/Logo512.png\",\"width\":512,\"height\":109,\"caption\":\"Lindstr\u00f6m Romania\"},\"image\":{\"@id\":\"https:\/\/lindstromgroup.com\/ro\/#\/schema\/logo\/image\/\"}}]}<\/script>\n<!-- \/ Yoast SEO plugin. -->","yoast_head_json":{"title":"Contact - Lindstr\u00f6m Romania","robots":{"index":"index","follow":"follow","max-snippet":"max-snippet:-1","max-image-preview":"max-image-preview:large","max-video-preview":"max-video-preview:-1"},"og_locale":"ro_RO","og_type":"article","og_title":"Contact - Lindstr\u00f6m Romania","og_url":"https:\/\/lindstromgroup.com\/ro\/contacteaza-ne\/","og_site_name":"Lindstr\u00f6m Romania","article_modified_time":"2025-04-05T07:44:21+00:00","og_image":[{"url":"https:\/\/new.lindstromgroup.com\/ro\/wp-content\/uploads\/sites\/27\/2024\/01\/Service-representative_010_Lindstrom-1024x683.jpg","type":"","width":"","height":""}],"twitter_card":"summary_large_image","twitter_misc":{"Timp estimat pentru citire":"3 minute","Written by":"Lindstr\u00f6m Group"},"schema":{"@context":"https:\/\/schema.org","@graph":[{"@type":"WebPage","@id":"https:\/\/lindstromgroup.com\/ro\/contacteaza-ne\/","url":"https:\/\/lindstromgroup.com\/ro\/contacteaza-ne\/","name":"Contact - Lindstr\u00f6m Romania","isPartOf":{"@id":"https:\/\/lindstromgroup.com\/ro\/#website"},"primaryImageOfPage":{"@id":"https:\/\/lindstromgroup.com\/ro\/contacteaza-ne\/#primaryimage"},"image":{"@id":"https:\/\/lindstromgroup.com\/ro\/contacteaza-ne\/#primaryimage"},"thumbnailUrl":"https:\/\/lindstromgroup.com\/ro\/wp-content\/uploads\/sites\/27\/2024\/01\/Service-representative_010_Lindstrom-1024x683.jpg","datePublished":"2023-10-19T10:26:42+00:00","dateModified":"2025-04-05T07:44:21+00:00","breadcrumb":{"@id":"https:\/\/lindstromgroup.com\/ro\/contacteaza-ne\/#breadcrumb"},"inLanguage":"ro-RO","potentialAction":[{"@type":"ReadAction","target":["https:\/\/lindstromgroup.com\/ro\/contacteaza-ne\/"]}]},{"@type":"ImageObject","inLanguage":"ro-RO","@id":"https:\/\/lindstromgroup.com\/ro\/contacteaza-ne\/#primaryimage","url":"https:\/\/d2ris6qfzcz0wn.cloudfront.net\/wp-content\/uploads\/sites\/12\/2024\/01\/Service-representative_010_Lindstrom.jpg","contentUrl":"https:\/\/d2ris6qfzcz0wn.cloudfront.net\/wp-content\/uploads\/sites\/12\/2024\/01\/Service-representative_010_Lindstrom.jpg","width":1500,"height":1001},{"@type":"BreadcrumbList","@id":"https:\/\/lindstromgroup.com\/ro\/contacteaza-ne\/#breadcrumb","itemListElement":[{"@type":"ListItem","position":1,"name":"Home","item":"https:\/\/lindstromgroup.com\/ro\/"},{"@type":"ListItem","position":2,"name":"Contact"}]},{"@type":"WebSite","@id":"https:\/\/lindstromgroup.com\/ro\/#website","url":"https:\/\/lindstromgroup.com\/ro\/","name":"Lindstr\u00f6m Romania","description":"","publisher":{"@id":"https:\/\/lindstromgroup.com\/ro\/#organization"},"potentialAction":[{"@type":"SearchAction","target":{"@type":"EntryPoint","urlTemplate":"https:\/\/lindstromgroup.com\/ro\/?s={search_term_string}"},"query-input":{"@type":"PropertyValueSpecification","valueRequired":true,"valueName":"search_term_string"}}],"inLanguage":"ro-RO"},{"@type":"Organization","@id":"https:\/\/lindstromgroup.com\/ro\/#organization","name":"Lindstr\u00f6m Romania","url":"https:\/\/lindstromgroup.com\/ro\/","logo":{"@type":"ImageObject","inLanguage":"ro-RO","@id":"https:\/\/lindstromgroup.com\/ro\/#\/schema\/logo\/image\/","url":"https:\/\/d2ris6qfzcz0wn.cloudfront.net\/wp-content\/uploads\/sites\/12\/2023\/10\/Logo512.png","contentUrl":"https:\/\/d2ris6qfzcz0wn.cloudfront.net\/wp-content\/uploads\/sites\/12\/2023\/10\/Logo512.png","width":512,"height":109,"caption":"Lindstr\u00f6m Romania"},"image":{"@id":"https:\/\/lindstromgroup.com\/ro\/#\/schema\/logo\/image\/"}}]}},"publishpress_future_workflow_manual_trigger":{"enabledWorkflows":[]},"distributor_meta":false,"distributor_terms":false,"distributor_media":false,"distributor_original_site_name":"Lindstr\u00f6m Romania","distributor_original_site_url":"https:\/\/lindstromgroup.com\/ro","push-errors":false,"_links":{"self":[{"href":"https:\/\/lindstromgroup.com\/ro\/wp-json\/wp\/v2\/pages\/19","targetHints":{"allow":["GET"]}}],"collection":[{"href":"https:\/\/lindstromgroup.com\/ro\/wp-json\/wp\/v2\/pages"}],"about":[{"href":"https:\/\/lindstromgroup.com\/ro\/wp-json\/wp\/v2\/types\/page"}],"author":[{"embeddable":true,"href":"https:\/\/lindstromgroup.com\/ro\/wp-json\/wp\/v2\/users\/14"}],"replies":[{"embeddable":true,"href":"https:\/\/lindstromgroup.com\/ro\/wp-json\/wp\/v2\/comments?post=19"}],"version-history":[{"count":0,"href":"https:\/\/lindstromgroup.com\/ro\/wp-json\/wp\/v2\/pages\/19\/revisions"}],"wp:attachment":[{"href":"https:\/\/lindstromgroup.com\/ro\/wp-json\/wp\/v2\/media?parent=19"}],"wp:term":[{"taxonomy":"author","embeddable":true,"href":"https:\/\/lindstromgroup.com\/ro\/wp-json\/wp\/v2\/coauthors?post=19"}],"curies":[{"name":"wp","href":"https:\/\/api.w.org\/{rel}","templated":true}]}}