
    {"id":16557,"date":"2024-04-14T23:04:38","date_gmt":"2024-04-14T22:04:38","guid":{"rendered":"https:\/\/lindstromgroup.com\/ro\/?page_id=16557"},"modified":"2024-09-13T16:27:35","modified_gmt":"2024-09-13T13:27:35","slug":"noutati","status":"publish","type":"page","link":"https:\/\/lindstromgroup.com\/ro\/noutati\/","title":{"rendered":"Nout\u0103\u021bi"},"content":{"rendered":"\n    <div\n        id=\"block_ef605001496b1d65c05292894806e17a\"\n        class=\"hero-sub hero-sub--block_ef605001496b1d65c05292894806e17a  flex flex-col-reverse lg:flex-row justify-between bg-dark-blue text-white\"\n    >        \n        <div class=\"flex flex-col gap-5 pt-10 pb-5 grow px-5 lg:px-20\">\n            <div class=\"flex flex-col justify-center gap-3 grow max-w-[var(--container-text-max)]\">\n                <h1 class=\"!mb-0 !text-white !text-title-medium lg:!text-title-large !font-bold hyphens-auto break-words\">\n                    \u0218TIRI                  <\/h1>\n    \n                <div class=\"hero-sub__description\">\n                    <p>Afl\u0103 detalii despre serviciile noastre pentru diferite industrii<\/p>\n                <\/div>\n    \n                \n                            <\/div>\n                            <div class=\"font-bold hero-sub__breadcrumb text-body-small\">\n                        <span><span><a href=\"https:\/\/lindstromgroup.com\/ro\/\">Home<\/a><\/span><\/span>                <\/div>\n                    <\/div>\n\n        <div class=\"[&#038;_picture]:w-full flex h-full lg:h-auto max-h-[350px] lg:max-h-none lg:min-h-full w-full lg:w-[650px]\">\n            <img decoding=\"async\"\n                class=\"object-cover w-full h-full\"\n                src=\"https:\/\/d2ris6qfzcz0wn.cloudfront.net\/wp-content\/uploads\/sites\/12\/2024\/01\/008_Lindstrom_hotel_final_hires-1024x683.jpg\"\n                alt=\"Afl\u0103 detalii despre serviciile noastre pentru diferite industrii\"\n            >\n        <\/div>\n    <\/div>\n\n\n\n        <style>\n            .lindstrom-container--block_8a5dd46c0115efe1d02507987d7a4996 {                \n                padding-top: 35px;\n                padding-bottom: 35px;\n            }\n\n            @media screen and (min-width: 768px) {\n                .lindstrom-container--block_8a5dd46c0115efe1d02507987d7a4996 {\n                    padding-top: 75px;\n                    padding-bottom: 75px;\n                }\n            }\n        <\/style>\n    \n<div\n    class=\"lindstrom-container-wrapper lindstrom-container lindstrom-container--block_8a5dd46c0115efe1d02507987d7a4996 \"\n    id=\"block_8a5dd46c0115efe1d02507987d7a4996\"\n    style=\"background-color: #ffffff\"\n    >\n    <div class=\"lindstrom-container lindstrom-container--content items-stretch\">\n        \n    <form id=\"post-list-with-filter-block_d4240eb3f615d354e3917612a69f7034\" class=\"post-list-with-filter post-list-with-filter--highlight-first-post\">\n        <div class=\"post-list-with-filter__widget\">\n            <h3 class=\"widget__title\">\n                <span class=\"material-symbols-outlined font-bold\">filter_alt<\/span>\n                Filtreaz\u0103            <\/h3>        \n            <div class=\"widget__section\">\n                <h3 class=\"widget__title widget__title--section\">Categorie<\/h3>\n                <div class=\"widget__section-content\">\n                    <select \n                        multiple \n                        class=\"post-list-with-filter__filter-input\" \n                        placeholder=\"Toate categoriile\"\n                        name=\"categories[]\"\n                    >\n                                                    <option\n                                value=\"articole\"\n                                                            >\n                                Articole                            <\/option>\n                                                    <option\n                                value=\"covoare\"\n                                                            >\n                                Covoare                            <\/option>\n                                                    <option\n                                value=\"lavete-industriale\"\n                                                            >\n                                Lavete industriale                            <\/option>\n                                                    <option\n                                value=\"testimoniale\"\n                                                            >\n                                Testimoniale                            <\/option>\n                                                    <option\n                                value=\"uniforme-de-lucru\"\n                                                            >\n                                Uniforme de lucru                            <\/option>\n                                            <\/select>\n                <\/div>\n            <\/div>\n            <div class=\"widget__section\">\n                <h3 class=\"widget__title widget__title--section\">Etichete<\/h3>\n                <div class=\"widget__section-content\">\n                    <select \n                        multiple \n                        class=\"post-list-with-filter__filter-input\" \n                        placeholder=\"Toate etichetele\"\n                        name=\"tags[]\"\n                    >\n                                                    <option\n                                value=\"covoare-ergonomice\"\n                                                            >\n                                #covoare ergonomice                            <\/option>\n                                                    <option\n                                value=\"covoareindustriale\"\n                                                            >\n                                #covoare industriale                            <\/option>\n                                                    <option\n                                value=\"farmaceutica\"\n                                                            >\n                                #farmaceutic\u0103                            <\/option>\n                                                    <option\n                                value=\"gestionarea-inventarului-in-textile\"\n                                                            >\n                                #gestionarea inventarului in textile                            <\/option>\n                                                    <option\n                                value=\"gestionareaechipamentelor\"\n                                                            >\n                                #gestionareaechipamentelor                            <\/option>\n                                                    <option\n                                value=\"inchirierecovoare\"\n                                                            >\n                                #inchiriere covoare                            <\/option>\n                                                    <option\n                                value=\"inchirierelavete\"\n                                                            >\n                                #inchirierelavete                            <\/option>\n                                                    <option\n                                value=\"laveteindustriale\"\n                                                            >\n                                #laveteindustriale                            <\/option>\n                                                    <option\n                                value=\"retail\"\n                                                            >\n                                #retail                            <\/option>\n                                                    <option\n                                value=\"serviciuinchiriereuniforme\"\n                                                            >\n                                #serviciuinchiriereuniforme                            <\/option>\n                                                    <option\n                                value=\"serviciul-de-inchiriere\"\n                                                            >\n                                #serviciul de inchiriere                            <\/option>\n                                                    <option\n                                value=\"serviciuldelavete\"\n                                                            >\n                                #serviciuldelavete                            <\/option>\n                                                    <option\n                                value=\"serviciuldeinchiriere\"\n                                                            >\n                                #servicuiul de inchiriere                            <\/option>\n                                                    <option\n                                value=\"siguranta\"\n                                                            >\n                                #siguran\u021b\u0103                            <\/option>\n                                                    <option\n                                value=\"testimoniale\"\n                                                            >\n                                #testimoniale                            <\/option>\n                                                    <option\n                                value=\"uniforme\"\n                                                            >\n                                #uniforme                            <\/option>\n                                                    <option\n                                value=\"uniforme-inchiriereuniforme\"\n                                                            >\n                                #uniforme #inchiriereuniforme                            <\/option>\n                                                    <option\n                                value=\"uniforme-uniformemedicale\"\n                                                            >\n                                #uniforme #uniformemedicale                            <\/option>\n                                                    <option\n                                value=\"uniformebucatar\"\n                                                            >\n                                #uniforme bucatar                            <\/option>\n                                                    <option\n                                value=\"uniformehoreca\"\n                                                            >\n                                #uniforme horeca                            <\/option>\n                                                    <option\n                                value=\"uniformesanatate\"\n                                                            >\n                                #uniforme sanatate                            <\/option>\n                                                    <option\n                                value=\"echipamente-de-lucru\"\n                                                            >\n                                echipamente de lucru                            <\/option>\n                                                    <option\n                                value=\"gestionarea-echipamentului-de-lucru\"\n                                                            >\n                                gestionarea echipamentului de lucru                            <\/option>\n                                                    <option\n                                value=\"inchiriere-uniforme-de-lucru\"\n                                                            >\n                                \u00eenchiriere uniforme de lucru                            <\/option>\n                                                    <option\n                                value=\"inchirierea-echipamentului-de-lucru\"\n                                                            >\n                                inchirierea echipamentului de lucru                            <\/option>\n                                                    <option\n                                value=\"studiu-2025-fmgc\"\n                                                            >\n                                Studiu 2025 FMGC                            <\/option>\n                                                    <option\n                                value=\"uniforme-2\"\n                                                            >\n                                uniforme                            <\/option>\n                                            <\/select>                \n                <\/div>\n            <\/div>\n        <\/div>\n        <div class=\"post-list-with-filter__search\">\n            <input\n                class=\"post-list-with-filter__filter-input\"\n                type=\"text\"\n                name=\"search\"\n                placeholder=\"Caut\u0103 post\u0103ri\"\n            \/>\n            <span class=\"post-list-with-filter__search-icon material-symbols-outlined\">search<\/span>\n        <\/div>\n        <div class=\"post-list-with-filter__main\">\n            <div class=\"post-list-with-filter__status\">\n                <div class=\"post-list-with-filter__message\"><\/div>\n            <\/div>\n            <div class=\"post-list-with-filter__grid\">\n                <div class=\"post-list-with-filter__message\"> <!-- Will be cleared after first load -->\n                    Se \u00eencarc\u0103 post\u0103rile                <\/div>\n            <\/div>\n        <\/div>\n                <div class=\"hidden post-list-with-filter__message--no-posts\">\n            \tNicio postare nu corespunde c\u0103ut\u0103rii dvs.        <\/div>\n        <div class=\"hidden post-list-with-filter__message--loading\">\n            Se \u00eencarc\u0103 post\u0103rile        <\/div>\n\n            <\/form>\n\n\n    <\/div>\n<\/div>\n","protected":false},"excerpt":{"rendered":"","protected":false},"author":44,"featured_media":16321,"parent":0,"menu_order":0,"comment_status":"closed","ping_status":"closed","template":"","meta":{"_acf_changed":true,"inline_featured_image":false,"_eb_attr":"","site-sidebar-layout":"default","site-content-layout":"","ast-site-content-layout":"default","site-content-style":"default","site-sidebar-style":"default","ast-global-header-display":"","ast-banner-title-visibility":"","ast-main-header-display":"","ast-hfb-above-header-display":"","ast-hfb-below-header-display":"","ast-hfb-mobile-header-display":"","site-post-title":"","ast-breadcrumbs-content":"","ast-featured-img":"","footer-sml-layout":"","ast-disable-related-posts":"","theme-transparent-header-meta":"","adv-header-id-meta":"","stick-header-meta":"","header-above-stick-meta":"","header-main-stick-meta":"","header-below-stick-meta":"","astra-migrate-meta-layouts":"default","ast-page-background-enabled":"default","ast-page-background-meta":{"desktop":{"background-color":"var(--ast-global-color-4)","background-image":"","background-repeat":"repeat","background-position":"center center","background-size":"auto","background-attachment":"scroll","background-type":"","background-media":"","overlay-type":"","overlay-color":"","overlay-opacity":"","overlay-gradient":""},"tablet":{"background-color":"","background-image":"","background-repeat":"repeat","background-position":"center center","background-size":"auto","background-attachment":"scroll","background-type":"","background-media":"","overlay-type":"","overlay-color":"","overlay-opacity":"","overlay-gradient":""},"mobile":{"background-color":"","background-image":"","background-repeat":"repeat","background-position":"center center","background-size":"auto","background-attachment":"scroll","background-type":"","background-media":"","overlay-type":"","overlay-color":"","overlay-opacity":"","overlay-gradient":""}},"ast-content-background-meta":{"desktop":{"background-color":"var(--ast-global-color-5)","background-image":"","background-repeat":"repeat","background-position":"center center","background-size":"auto","background-attachment":"scroll","background-type":"","background-media":"","overlay-type":"","overlay-color":"","overlay-opacity":"","overlay-gradient":""},"tablet":{"background-color":"var(--ast-global-color-5)","background-image":"","background-repeat":"repeat","background-position":"center center","background-size":"auto","background-attachment":"scroll","background-type":"","background-media":"","overlay-type":"","overlay-color":"","overlay-opacity":"","overlay-gradient":""},"mobile":{"background-color":"var(--ast-global-color-5)","background-image":"","background-repeat":"repeat","background-position":"center center","background-size":"auto","background-attachment":"scroll","background-type":"","background-media":"","overlay-type":"","overlay-color":"","overlay-opacity":"","overlay-gradient":""}},"footnotes":""},"coauthors":[22],"class_list":["post-16557","page","type-page","status-publish","has-post-thumbnail","hentry"],"acf":[],"yoast_head":"<!-- This site is optimized with the Yoast SEO plugin v27.2 - https:\/\/yoast.com\/product\/yoast-seo-wordpress\/ -->\n<title>Nout\u0103\u021bi - Lindstr\u00f6m Romania<\/title>\n<meta name=\"robots\" content=\"index, follow, max-snippet:-1, max-image-preview:large, max-video-preview:-1\" \/>\n<meta property=\"og:locale\" content=\"ro_RO\" \/>\n<meta property=\"og:type\" content=\"article\" \/>\n<meta property=\"og:title\" content=\"Nout\u0103\u021bi - Lindstr\u00f6m Romania\" \/>\n<meta property=\"og:url\" content=\"https:\/\/lindstromgroup.com\/ro\/noutati\/\" \/>\n<meta property=\"og:site_name\" content=\"Lindstr\u00f6m Romania\" \/>\n<meta property=\"article:modified_time\" content=\"2024-09-13T13:27:35+00:00\" \/>\n<meta property=\"og:image\" content=\"https:\/\/d2ris6qfzcz0wn.cloudfront.net\/wp-content\/uploads\/sites\/12\/2024\/01\/008_Lindstrom_hotel_final_hires.jpg\" \/>\n\t<meta property=\"og:image:width\" content=\"1500\" \/>\n\t<meta property=\"og:image:height\" content=\"1001\" \/>\n\t<meta property=\"og:image:type\" content=\"image\/jpeg\" \/>\n<meta name=\"twitter:card\" content=\"summary_large_image\" \/>\n<meta name=\"twitter:label1\" content=\"Timp estimat pentru citire\" \/>\n\t<meta name=\"twitter:data1\" content=\"1 minut\" \/>\n\t<meta name=\"twitter:label2\" content=\"Written by\" \/>\n\t<meta name=\"twitter:data2\" content=\"anzefrantar\" \/>\n<script type=\"application\/ld+json\" class=\"yoast-schema-graph\">{\"@context\":\"https:\/\/schema.org\",\"@graph\":[{\"@type\":\"WebPage\",\"@id\":\"https:\/\/lindstromgroup.com\/ro\/noutati\/\",\"url\":\"https:\/\/lindstromgroup.com\/ro\/noutati\/\",\"name\":\"Nout\u0103\u021bi - Lindstr\u00f6m Romania\",\"isPartOf\":{\"@id\":\"https:\/\/lindstromgroup.com\/ro\/#website\"},\"primaryImageOfPage\":{\"@id\":\"https:\/\/lindstromgroup.com\/ro\/noutati\/#primaryimage\"},\"image\":{\"@id\":\"https:\/\/lindstromgroup.com\/ro\/noutati\/#primaryimage\"},\"thumbnailUrl\":\"https:\/\/d2ris6qfzcz0wn.cloudfront.net\/wp-content\/uploads\/sites\/12\/2024\/01\/008_Lindstrom_hotel_final_hires.jpg\",\"datePublished\":\"2024-04-14T22:04:38+00:00\",\"dateModified\":\"2024-09-13T13:27:35+00:00\",\"breadcrumb\":{\"@id\":\"https:\/\/lindstromgroup.com\/ro\/noutati\/#breadcrumb\"},\"inLanguage\":\"ro-RO\",\"potentialAction\":[{\"@type\":\"ReadAction\",\"target\":[\"https:\/\/lindstromgroup.com\/ro\/noutati\/\"]}]},{\"@type\":\"ImageObject\",\"inLanguage\":\"ro-RO\",\"@id\":\"https:\/\/lindstromgroup.com\/ro\/noutati\/#primaryimage\",\"url\":\"https:\/\/d2ris6qfzcz0wn.cloudfront.net\/wp-content\/uploads\/sites\/12\/2024\/01\/008_Lindstrom_hotel_final_hires.jpg\",\"contentUrl\":\"https:\/\/d2ris6qfzcz0wn.cloudfront.net\/wp-content\/uploads\/sites\/12\/2024\/01\/008_Lindstrom_hotel_final_hires.jpg\",\"width\":1500,\"height\":1001},{\"@type\":\"BreadcrumbList\",\"@id\":\"https:\/\/lindstromgroup.com\/ro\/noutati\/#breadcrumb\",\"itemListElement\":[{\"@type\":\"ListItem\",\"position\":1,\"name\":\"Home\",\"item\":\"https:\/\/lindstromgroup.com\/ro\/\"},{\"@type\":\"ListItem\",\"position\":2,\"name\":\"Nout\u0103\u021bi\"}]},{\"@type\":\"WebSite\",\"@id\":\"https:\/\/lindstromgroup.com\/ro\/#website\",\"url\":\"https:\/\/lindstromgroup.com\/ro\/\",\"name\":\"Lindstr\u00f6m Romania\",\"description\":\"\",\"publisher\":{\"@id\":\"https:\/\/lindstromgroup.com\/ro\/#organization\"},\"potentialAction\":[{\"@type\":\"SearchAction\",\"target\":{\"@type\":\"EntryPoint\",\"urlTemplate\":\"https:\/\/lindstromgroup.com\/ro\/?s={search_term_string}\"},\"query-input\":{\"@type\":\"PropertyValueSpecification\",\"valueRequired\":true,\"valueName\":\"search_term_string\"}}],\"inLanguage\":\"ro-RO\"},{\"@type\":\"Organization\",\"@id\":\"https:\/\/lindstromgroup.com\/ro\/#organization\",\"name\":\"Lindstr\u00f6m Romania\",\"url\":\"https:\/\/lindstromgroup.com\/ro\/\",\"logo\":{\"@type\":\"ImageObject\",\"inLanguage\":\"ro-RO\",\"@id\":\"https:\/\/lindstromgroup.com\/ro\/#\/schema\/logo\/image\/\",\"url\":\"https:\/\/d2ris6qfzcz0wn.cloudfront.net\/wp-content\/uploads\/sites\/12\/2023\/10\/Logo512.png\",\"contentUrl\":\"https:\/\/d2ris6qfzcz0wn.cloudfront.net\/wp-content\/uploads\/sites\/12\/2023\/10\/Logo512.png\",\"width\":512,\"height\":109,\"caption\":\"Lindstr\u00f6m Romania\"},\"image\":{\"@id\":\"https:\/\/lindstromgroup.com\/ro\/#\/schema\/logo\/image\/\"}}]}<\/script>\n<!-- \/ Yoast SEO plugin. -->","yoast_head_json":{"title":"Nout\u0103\u021bi - Lindstr\u00f6m Romania","robots":{"index":"index","follow":"follow","max-snippet":"max-snippet:-1","max-image-preview":"max-image-preview:large","max-video-preview":"max-video-preview:-1"},"og_locale":"ro_RO","og_type":"article","og_title":"Nout\u0103\u021bi - Lindstr\u00f6m Romania","og_url":"https:\/\/lindstromgroup.com\/ro\/noutati\/","og_site_name":"Lindstr\u00f6m Romania","article_modified_time":"2024-09-13T13:27:35+00:00","og_image":[{"width":1500,"height":1001,"url":"https:\/\/d2ris6qfzcz0wn.cloudfront.net\/wp-content\/uploads\/sites\/12\/2024\/01\/008_Lindstrom_hotel_final_hires.jpg","type":"image\/jpeg"}],"twitter_card":"summary_large_image","twitter_misc":{"Timp estimat pentru citire":"1 minut","Written by":"anzefrantar"},"schema":{"@context":"https:\/\/schema.org","@graph":[{"@type":"WebPage","@id":"https:\/\/lindstromgroup.com\/ro\/noutati\/","url":"https:\/\/lindstromgroup.com\/ro\/noutati\/","name":"Nout\u0103\u021bi - Lindstr\u00f6m Romania","isPartOf":{"@id":"https:\/\/lindstromgroup.com\/ro\/#website"},"primaryImageOfPage":{"@id":"https:\/\/lindstromgroup.com\/ro\/noutati\/#primaryimage"},"image":{"@id":"https:\/\/lindstromgroup.com\/ro\/noutati\/#primaryimage"},"thumbnailUrl":"https:\/\/d2ris6qfzcz0wn.cloudfront.net\/wp-content\/uploads\/sites\/12\/2024\/01\/008_Lindstrom_hotel_final_hires.jpg","datePublished":"2024-04-14T22:04:38+00:00","dateModified":"2024-09-13T13:27:35+00:00","breadcrumb":{"@id":"https:\/\/lindstromgroup.com\/ro\/noutati\/#breadcrumb"},"inLanguage":"ro-RO","potentialAction":[{"@type":"ReadAction","target":["https:\/\/lindstromgroup.com\/ro\/noutati\/"]}]},{"@type":"ImageObject","inLanguage":"ro-RO","@id":"https:\/\/lindstromgroup.com\/ro\/noutati\/#primaryimage","url":"https:\/\/d2ris6qfzcz0wn.cloudfront.net\/wp-content\/uploads\/sites\/12\/2024\/01\/008_Lindstrom_hotel_final_hires.jpg","contentUrl":"https:\/\/d2ris6qfzcz0wn.cloudfront.net\/wp-content\/uploads\/sites\/12\/2024\/01\/008_Lindstrom_hotel_final_hires.jpg","width":1500,"height":1001},{"@type":"BreadcrumbList","@id":"https:\/\/lindstromgroup.com\/ro\/noutati\/#breadcrumb","itemListElement":[{"@type":"ListItem","position":1,"name":"Home","item":"https:\/\/lindstromgroup.com\/ro\/"},{"@type":"ListItem","position":2,"name":"Nout\u0103\u021bi"}]},{"@type":"WebSite","@id":"https:\/\/lindstromgroup.com\/ro\/#website","url":"https:\/\/lindstromgroup.com\/ro\/","name":"Lindstr\u00f6m Romania","description":"","publisher":{"@id":"https:\/\/lindstromgroup.com\/ro\/#organization"},"potentialAction":[{"@type":"SearchAction","target":{"@type":"EntryPoint","urlTemplate":"https:\/\/lindstromgroup.com\/ro\/?s={search_term_string}"},"query-input":{"@type":"PropertyValueSpecification","valueRequired":true,"valueName":"search_term_string"}}],"inLanguage":"ro-RO"},{"@type":"Organization","@id":"https:\/\/lindstromgroup.com\/ro\/#organization","name":"Lindstr\u00f6m Romania","url":"https:\/\/lindstromgroup.com\/ro\/","logo":{"@type":"ImageObject","inLanguage":"ro-RO","@id":"https:\/\/lindstromgroup.com\/ro\/#\/schema\/logo\/image\/","url":"https:\/\/d2ris6qfzcz0wn.cloudfront.net\/wp-content\/uploads\/sites\/12\/2023\/10\/Logo512.png","contentUrl":"https:\/\/d2ris6qfzcz0wn.cloudfront.net\/wp-content\/uploads\/sites\/12\/2023\/10\/Logo512.png","width":512,"height":109,"caption":"Lindstr\u00f6m Romania"},"image":{"@id":"https:\/\/lindstromgroup.com\/ro\/#\/schema\/logo\/image\/"}}]}},"publishpress_future_workflow_manual_trigger":{"enabledWorkflows":[]},"distributor_meta":false,"distributor_terms":false,"distributor_media":false,"distributor_original_site_name":"Lindstr\u00f6m Romania","distributor_original_site_url":"https:\/\/lindstromgroup.com\/ro","push-errors":false,"_links":{"self":[{"href":"https:\/\/lindstromgroup.com\/ro\/wp-json\/wp\/v2\/pages\/16557","targetHints":{"allow":["GET"]}}],"collection":[{"href":"https:\/\/lindstromgroup.com\/ro\/wp-json\/wp\/v2\/pages"}],"about":[{"href":"https:\/\/lindstromgroup.com\/ro\/wp-json\/wp\/v2\/types\/page"}],"author":[{"embeddable":true,"href":"https:\/\/lindstromgroup.com\/ro\/wp-json\/wp\/v2\/users\/44"}],"replies":[{"embeddable":true,"href":"https:\/\/lindstromgroup.com\/ro\/wp-json\/wp\/v2\/comments?post=16557"}],"version-history":[{"count":0,"href":"https:\/\/lindstromgroup.com\/ro\/wp-json\/wp\/v2\/pages\/16557\/revisions"}],"wp:featuredmedia":[{"embeddable":true,"href":"https:\/\/lindstromgroup.com\/ro\/wp-json\/wp\/v2\/media\/16321"}],"wp:attachment":[{"href":"https:\/\/lindstromgroup.com\/ro\/wp-json\/wp\/v2\/media?parent=16557"}],"wp:term":[{"taxonomy":"author","embeddable":true,"href":"https:\/\/lindstromgroup.com\/ro\/wp-json\/wp\/v2\/coauthors?post=16557"}],"curies":[{"name":"wp","href":"https:\/\/api.w.org\/{rel}","templated":true}]}}