
    {"id":16374,"date":"2024-04-22T18:02:41","date_gmt":"2024-04-22T17:02:41","guid":{"rendered":"https:\/\/lindstromgroup.com\/ro-renewal\/?page_id=16374"},"modified":"2024-10-12T21:43:26","modified_gmt":"2024-10-12T18:43:26","slug":"cariera-ta-la-lindstrom","status":"publish","type":"page","link":"https:\/\/lindstromgroup.com\/ro\/cariera-ta-la-lindstrom\/","title":{"rendered":"Cariere"},"content":{"rendered":"\n    <div\n        id=\"block_4f6627539c6000b957b94f82ebe52970\"\n        class=\"hero-sub hero-sub--block_4f6627539c6000b957b94f82ebe52970  flex flex-col-reverse lg:flex-row justify-between bg-dark-blue text-white\"\n    >        \n        <div class=\"flex flex-col gap-5 pt-10 pb-5 grow px-5 lg:px-20\">\n            <div class=\"flex flex-col justify-center gap-3 grow max-w-[var(--container-text-max)]\">\n                <h1 class=\"!mb-0 !text-white !text-title-medium lg:!text-title-large !font-bold hyphens-auto break-words\">\n                    Cariera ta la Lindstr\u00f6m                <\/h1>\n    \n                <div class=\"hero-sub__description\">\n                    <p>Verific\u0103 oportunit\u0103\u021bile de angajare.<\/p>\n                <\/div>\n    \n                \n                            <\/div>\n                            <div class=\"font-bold hero-sub__breadcrumb text-body-small\">\n                        <span><span><a href=\"https:\/\/lindstromgroup.com\/ro\/\">Home<\/a><\/span><\/span>                <\/div>\n                    <\/div>\n\n        <div class=\"[&#038;_picture]:w-full flex h-full lg:h-auto max-h-[350px] lg:max-h-none lg:min-h-full w-full lg:w-[650px]\">\n            <img decoding=\"async\"\n                class=\"object-cover w-full h-full\"\n                src=\"https:\/\/d2ris6qfzcz0wn.cloudfront.net\/wp-content\/uploads\/sites\/12\/2024\/01\/Service-representative_010_Lindstrom-1024x683.jpg\"\n                alt=\"Verific\u0103 oportunit\u0103\u021bile de angajare.\"\n            >\n        <\/div>\n    <\/div>\n\n\n\n        <style>\n            .lindstrom-container--block_67ec183893c7ce958a1f57211ee7d5ab {                \n                padding-top: 35px;\n                padding-bottom: 35px;\n            }\n\n            @media screen and (min-width: 768px) {\n                .lindstrom-container--block_67ec183893c7ce958a1f57211ee7d5ab {\n                    padding-top: 75px;\n                    padding-bottom: 75px;\n                }\n            }\n        <\/style>\n    \n<div\n    class=\"lindstrom-container-wrapper lindstrom-container lindstrom-container--block_67ec183893c7ce958a1f57211ee7d5ab \"\n    id=\"block_67ec183893c7ce958a1f57211ee7d5ab\"\n    style=\"background-color: #ffffff\"\n    >\n    <div class=\"lindstrom-container lindstrom-container--text items-stretch\">\n        \n\n        <div \n        id=\"tyopaikat\" \n        class=\"cta-country\"\n    >\n        <div class=\"flex flex-col gap-5\" style=\"align-items: flex-start\">\n                            <h2 class='!text-title-small lg:!text-title-medium !text-grey-100 !font-bold !my-0'>                    Bine ai venit pe pagina noastr\u0103 de carier\u0103!                 <\/h2>                                        <div class=\"cta-text\"><div>\n<p>Te intereseaz\u0103 s\u0103 lucrezi \u00eentr-o companie responsabil\u0103, a c\u0103rei activitate se bazeaz\u0103 pe economia circular\u0103?<\/p>\n<p>&nbsp;<\/p>\n<\/div>\n<p>La Lindstr\u00f6m, po\u021bi lucra \u00een diverse domenii, cum ar fi v\u00e2nz\u0103rile, \u00eentre\u021binerea textilelor, contabilitate, dezvoltarea serviciilor, mentenan\u021b\u0103 sau suport clien\u021bi. Viziteaz\u0103 paginile noastre de carier\u0103, urm\u0103re\u0219te posturile vacante \u0219i al\u0103tur\u0103-te echipei noastre.<\/p>\n<\/div>\n                        <div class=\"cta-button-container cta-button-container--row\">\n                            <\/div>\n        <\/div>\n    <\/div>\n    \n\n\n            <div class=\"text-body\">\n            \u00cen prezent, nu sunt posturi vacante disponibile.        <\/div>\n    \n\n    <\/div>\n<\/div>\n\n\n\n        <style>\n            .lindstrom-container--block_46e85c1063a2cb1e28c09618898c1a36 {                \n                padding-top: 35px;\n                padding-bottom: 35px;\n            }\n\n            @media screen and (min-width: 768px) {\n                .lindstrom-container--block_46e85c1063a2cb1e28c09618898c1a36 {\n                    padding-top: 75px;\n                    padding-bottom: 75px;\n                }\n            }\n        <\/style>\n    \n<div\n    class=\"lindstrom-container-wrapper lindstrom-container lindstrom-container--block_46e85c1063a2cb1e28c09618898c1a36 \"\n    id=\"block_46e85c1063a2cb1e28c09618898c1a36\"\n    style=\"background-color: #ffffff\"\n    >\n    <div class=\"lindstrom-container lindstrom-container--content items-stretch\">\n        \n\n        <div \n        id=\"cta-country-block_eb3552f10270aa086cdb3ba522ee396d\" \n        class=\"cta-country\"\n    >\n        <div class=\"flex flex-col gap-5\" style=\"align-items: flex-start\">\n                            <h2 class='!text-title-small lg:!text-title-medium !text-grey-100 !font-bold !my-0'>                    Avem diverse oportunit\u0103\u021bi                <\/h2>                                    <div class=\"cta-button-container cta-button-container--row\">\n                            <\/div>\n        <\/div>\n    <\/div>\n    \n\n\n<div class=\"wp-block-columns is-layout-flex wp-container-core-columns-is-layout-28f84493 wp-block-columns-is-layout-flex\">\n<div class=\"wp-block-column is-layout-flow wp-block-column-is-layout-flow\">\n<p>Te invit\u0103m s\u0103 fii parte din cultura noastr\u0103 sus\u021binut\u0103 de un leadership atent. Personalitatea ta este apreciat\u0103, iar starea ta de bine este grija noastr\u0103 principal\u0103.&nbsp;A avea grij\u0103 \u00eenseamn\u0103 a deveni un om mai bun. Munca ta are un impact pozitiv asupra oamenilor \u0219i a planetei.<\/p>\n<\/div>\n\n\n\n<div class=\"wp-block-column is-layout-flow wp-block-column-is-layout-flow\">\n<p>La noi vei putea \u00eenv\u0103\u021ba lucruri noi \u0219i sper\u0103m s\u0103 \u00ee\u021bi atingi \u00eentregul poten\u021bial. Activitatea ta va avea un impact important asupra clien\u021bilor, dar \u0219i asupra mediului. Apreciem individualitatea \u0219i avem grij\u0103 s\u0103 te sim\u021bi bine \u00een echipa noastr\u0103. Vei lucra cu colegi care \u00ee\u021bi ofer\u0103 \u00een fiecare zi mult\u0103 energie pozitiv\u0103.&nbsp;<\/p>\n<\/div>\n<\/div>\n\n\n    <\/div>\n<\/div>\n","protected":false},"excerpt":{"rendered":"","protected":false},"author":27,"featured_media":16360,"parent":0,"menu_order":0,"comment_status":"closed","ping_status":"closed","template":"","meta":{"_acf_changed":true,"inline_featured_image":false,"_eb_attr":"","site-sidebar-layout":"default","site-content-layout":"","ast-site-content-layout":"default","site-content-style":"default","site-sidebar-style":"default","ast-global-header-display":"","ast-banner-title-visibility":"","ast-main-header-display":"","ast-hfb-above-header-display":"","ast-hfb-below-header-display":"","ast-hfb-mobile-header-display":"","site-post-title":"","ast-breadcrumbs-content":"","ast-featured-img":"","footer-sml-layout":"","ast-disable-related-posts":"","theme-transparent-header-meta":"","adv-header-id-meta":"","stick-header-meta":"","header-above-stick-meta":"","header-main-stick-meta":"","header-below-stick-meta":"","astra-migrate-meta-layouts":"default","ast-page-background-enabled":"default","ast-page-background-meta":{"desktop":{"background-color":"var(--ast-global-color-4)","background-image":"","background-repeat":"repeat","background-position":"center center","background-size":"auto","background-attachment":"scroll","background-type":"","background-media":"","overlay-type":"","overlay-color":"","overlay-opacity":"","overlay-gradient":""},"tablet":{"background-color":"","background-image":"","background-repeat":"repeat","background-position":"center center","background-size":"auto","background-attachment":"scroll","background-type":"","background-media":"","overlay-type":"","overlay-color":"","overlay-opacity":"","overlay-gradient":""},"mobile":{"background-color":"","background-image":"","background-repeat":"repeat","background-position":"center center","background-size":"auto","background-attachment":"scroll","background-type":"","background-media":"","overlay-type":"","overlay-color":"","overlay-opacity":"","overlay-gradient":""}},"ast-content-background-meta":{"desktop":{"background-color":"var(--ast-global-color-5)","background-image":"","background-repeat":"repeat","background-position":"center center","background-size":"auto","background-attachment":"scroll","background-type":"","background-media":"","overlay-type":"","overlay-color":"","overlay-opacity":"","overlay-gradient":""},"tablet":{"background-color":"var(--ast-global-color-5)","background-image":"","background-repeat":"repeat","background-position":"center center","background-size":"auto","background-attachment":"scroll","background-type":"","background-media":"","overlay-type":"","overlay-color":"","overlay-opacity":"","overlay-gradient":""},"mobile":{"background-color":"var(--ast-global-color-5)","background-image":"","background-repeat":"repeat","background-position":"center center","background-size":"auto","background-attachment":"scroll","background-type":"","background-media":"","overlay-type":"","overlay-color":"","overlay-opacity":"","overlay-gradient":""}},"footnotes":""},"coauthors":[21],"class_list":["post-16374","page","type-page","status-publish","has-post-thumbnail","hentry"],"acf":[],"yoast_head":"<!-- This site is optimized with the Yoast SEO plugin v27.2 - https:\/\/yoast.com\/product\/yoast-seo-wordpress\/ -->\n<title>Cariere - Lindstr\u00f6m Romania<\/title>\n<meta name=\"robots\" content=\"index, follow, max-snippet:-1, max-image-preview:large, max-video-preview:-1\" \/>\n<meta property=\"og:locale\" content=\"ro_RO\" \/>\n<meta property=\"og:type\" content=\"article\" \/>\n<meta property=\"og:title\" content=\"Cariere - Lindstr\u00f6m Romania\" \/>\n<meta property=\"og:url\" content=\"https:\/\/lindstromgroup.com\/ro\/cariera-ta-la-lindstrom\/\" \/>\n<meta property=\"og:site_name\" content=\"Lindstr\u00f6m Romania\" \/>\n<meta property=\"article:modified_time\" content=\"2024-10-12T18:43:26+00:00\" \/>\n<meta property=\"og:image\" content=\"https:\/\/d2ris6qfzcz0wn.cloudfront.net\/wp-content\/uploads\/sites\/12\/2024\/01\/Service-representative_010_Lindstrom.jpg\" \/>\n\t<meta property=\"og:image:width\" content=\"1500\" \/>\n\t<meta property=\"og:image:height\" content=\"1001\" \/>\n\t<meta property=\"og:image:type\" content=\"image\/jpeg\" \/>\n<meta name=\"twitter:card\" content=\"summary_large_image\" \/>\n<meta name=\"twitter:label1\" content=\"Timp estimat pentru citire\" \/>\n\t<meta name=\"twitter:data1\" content=\"3 minute\" \/>\n\t<meta name=\"twitter:label2\" content=\"Written by\" \/>\n\t<meta name=\"twitter:data2\" content=\"Juho Kangas\" \/>\n<script type=\"application\/ld+json\" class=\"yoast-schema-graph\">{\"@context\":\"https:\/\/schema.org\",\"@graph\":[{\"@type\":\"WebPage\",\"@id\":\"https:\/\/lindstromgroup.com\/ro\/cariera-ta-la-lindstrom\/\",\"url\":\"https:\/\/lindstromgroup.com\/ro\/cariera-ta-la-lindstrom\/\",\"name\":\"Cariere - Lindstr\u00f6m Romania\",\"isPartOf\":{\"@id\":\"https:\/\/lindstromgroup.com\/ro\/#website\"},\"primaryImageOfPage\":{\"@id\":\"https:\/\/lindstromgroup.com\/ro\/cariera-ta-la-lindstrom\/#primaryimage\"},\"image\":{\"@id\":\"https:\/\/lindstromgroup.com\/ro\/cariera-ta-la-lindstrom\/#primaryimage\"},\"thumbnailUrl\":\"https:\/\/d2ris6qfzcz0wn.cloudfront.net\/wp-content\/uploads\/sites\/12\/2024\/01\/Service-representative_010_Lindstrom.jpg\",\"datePublished\":\"2024-04-22T17:02:41+00:00\",\"dateModified\":\"2024-10-12T18:43:26+00:00\",\"breadcrumb\":{\"@id\":\"https:\/\/lindstromgroup.com\/ro\/cariera-ta-la-lindstrom\/#breadcrumb\"},\"inLanguage\":\"ro-RO\",\"potentialAction\":[{\"@type\":\"ReadAction\",\"target\":[\"https:\/\/lindstromgroup.com\/ro\/cariera-ta-la-lindstrom\/\"]}]},{\"@type\":\"ImageObject\",\"inLanguage\":\"ro-RO\",\"@id\":\"https:\/\/lindstromgroup.com\/ro\/cariera-ta-la-lindstrom\/#primaryimage\",\"url\":\"https:\/\/d2ris6qfzcz0wn.cloudfront.net\/wp-content\/uploads\/sites\/12\/2024\/01\/Service-representative_010_Lindstrom.jpg\",\"contentUrl\":\"https:\/\/d2ris6qfzcz0wn.cloudfront.net\/wp-content\/uploads\/sites\/12\/2024\/01\/Service-representative_010_Lindstrom.jpg\",\"width\":1500,\"height\":1001},{\"@type\":\"BreadcrumbList\",\"@id\":\"https:\/\/lindstromgroup.com\/ro\/cariera-ta-la-lindstrom\/#breadcrumb\",\"itemListElement\":[{\"@type\":\"ListItem\",\"position\":1,\"name\":\"Home\",\"item\":\"https:\/\/lindstromgroup.com\/ro\/\"},{\"@type\":\"ListItem\",\"position\":2,\"name\":\"Cariere\"}]},{\"@type\":\"WebSite\",\"@id\":\"https:\/\/lindstromgroup.com\/ro\/#website\",\"url\":\"https:\/\/lindstromgroup.com\/ro\/\",\"name\":\"Lindstr\u00f6m Romania\",\"description\":\"\",\"publisher\":{\"@id\":\"https:\/\/lindstromgroup.com\/ro\/#organization\"},\"potentialAction\":[{\"@type\":\"SearchAction\",\"target\":{\"@type\":\"EntryPoint\",\"urlTemplate\":\"https:\/\/lindstromgroup.com\/ro\/?s={search_term_string}\"},\"query-input\":{\"@type\":\"PropertyValueSpecification\",\"valueRequired\":true,\"valueName\":\"search_term_string\"}}],\"inLanguage\":\"ro-RO\"},{\"@type\":\"Organization\",\"@id\":\"https:\/\/lindstromgroup.com\/ro\/#organization\",\"name\":\"Lindstr\u00f6m Romania\",\"url\":\"https:\/\/lindstromgroup.com\/ro\/\",\"logo\":{\"@type\":\"ImageObject\",\"inLanguage\":\"ro-RO\",\"@id\":\"https:\/\/lindstromgroup.com\/ro\/#\/schema\/logo\/image\/\",\"url\":\"https:\/\/d2ris6qfzcz0wn.cloudfront.net\/wp-content\/uploads\/sites\/12\/2023\/10\/Logo512.png\",\"contentUrl\":\"https:\/\/d2ris6qfzcz0wn.cloudfront.net\/wp-content\/uploads\/sites\/12\/2023\/10\/Logo512.png\",\"width\":512,\"height\":109,\"caption\":\"Lindstr\u00f6m Romania\"},\"image\":{\"@id\":\"https:\/\/lindstromgroup.com\/ro\/#\/schema\/logo\/image\/\"}}]}<\/script>\n<!-- \/ Yoast SEO plugin. -->","yoast_head_json":{"title":"Cariere - Lindstr\u00f6m Romania","robots":{"index":"index","follow":"follow","max-snippet":"max-snippet:-1","max-image-preview":"max-image-preview:large","max-video-preview":"max-video-preview:-1"},"og_locale":"ro_RO","og_type":"article","og_title":"Cariere - Lindstr\u00f6m Romania","og_url":"https:\/\/lindstromgroup.com\/ro\/cariera-ta-la-lindstrom\/","og_site_name":"Lindstr\u00f6m Romania","article_modified_time":"2024-10-12T18:43:26+00:00","og_image":[{"width":1500,"height":1001,"url":"https:\/\/d2ris6qfzcz0wn.cloudfront.net\/wp-content\/uploads\/sites\/12\/2024\/01\/Service-representative_010_Lindstrom.jpg","type":"image\/jpeg"}],"twitter_card":"summary_large_image","twitter_misc":{"Timp estimat pentru citire":"3 minute","Written by":"Juho Kangas"},"schema":{"@context":"https:\/\/schema.org","@graph":[{"@type":"WebPage","@id":"https:\/\/lindstromgroup.com\/ro\/cariera-ta-la-lindstrom\/","url":"https:\/\/lindstromgroup.com\/ro\/cariera-ta-la-lindstrom\/","name":"Cariere - Lindstr\u00f6m Romania","isPartOf":{"@id":"https:\/\/lindstromgroup.com\/ro\/#website"},"primaryImageOfPage":{"@id":"https:\/\/lindstromgroup.com\/ro\/cariera-ta-la-lindstrom\/#primaryimage"},"image":{"@id":"https:\/\/lindstromgroup.com\/ro\/cariera-ta-la-lindstrom\/#primaryimage"},"thumbnailUrl":"https:\/\/d2ris6qfzcz0wn.cloudfront.net\/wp-content\/uploads\/sites\/12\/2024\/01\/Service-representative_010_Lindstrom.jpg","datePublished":"2024-04-22T17:02:41+00:00","dateModified":"2024-10-12T18:43:26+00:00","breadcrumb":{"@id":"https:\/\/lindstromgroup.com\/ro\/cariera-ta-la-lindstrom\/#breadcrumb"},"inLanguage":"ro-RO","potentialAction":[{"@type":"ReadAction","target":["https:\/\/lindstromgroup.com\/ro\/cariera-ta-la-lindstrom\/"]}]},{"@type":"ImageObject","inLanguage":"ro-RO","@id":"https:\/\/lindstromgroup.com\/ro\/cariera-ta-la-lindstrom\/#primaryimage","url":"https:\/\/d2ris6qfzcz0wn.cloudfront.net\/wp-content\/uploads\/sites\/12\/2024\/01\/Service-representative_010_Lindstrom.jpg","contentUrl":"https:\/\/d2ris6qfzcz0wn.cloudfront.net\/wp-content\/uploads\/sites\/12\/2024\/01\/Service-representative_010_Lindstrom.jpg","width":1500,"height":1001},{"@type":"BreadcrumbList","@id":"https:\/\/lindstromgroup.com\/ro\/cariera-ta-la-lindstrom\/#breadcrumb","itemListElement":[{"@type":"ListItem","position":1,"name":"Home","item":"https:\/\/lindstromgroup.com\/ro\/"},{"@type":"ListItem","position":2,"name":"Cariere"}]},{"@type":"WebSite","@id":"https:\/\/lindstromgroup.com\/ro\/#website","url":"https:\/\/lindstromgroup.com\/ro\/","name":"Lindstr\u00f6m Romania","description":"","publisher":{"@id":"https:\/\/lindstromgroup.com\/ro\/#organization"},"potentialAction":[{"@type":"SearchAction","target":{"@type":"EntryPoint","urlTemplate":"https:\/\/lindstromgroup.com\/ro\/?s={search_term_string}"},"query-input":{"@type":"PropertyValueSpecification","valueRequired":true,"valueName":"search_term_string"}}],"inLanguage":"ro-RO"},{"@type":"Organization","@id":"https:\/\/lindstromgroup.com\/ro\/#organization","name":"Lindstr\u00f6m Romania","url":"https:\/\/lindstromgroup.com\/ro\/","logo":{"@type":"ImageObject","inLanguage":"ro-RO","@id":"https:\/\/lindstromgroup.com\/ro\/#\/schema\/logo\/image\/","url":"https:\/\/d2ris6qfzcz0wn.cloudfront.net\/wp-content\/uploads\/sites\/12\/2023\/10\/Logo512.png","contentUrl":"https:\/\/d2ris6qfzcz0wn.cloudfront.net\/wp-content\/uploads\/sites\/12\/2023\/10\/Logo512.png","width":512,"height":109,"caption":"Lindstr\u00f6m Romania"},"image":{"@id":"https:\/\/lindstromgroup.com\/ro\/#\/schema\/logo\/image\/"}}]}},"publishpress_future_workflow_manual_trigger":{"enabledWorkflows":[]},"distributor_meta":false,"distributor_terms":false,"distributor_media":false,"distributor_original_site_name":"Lindstr\u00f6m Romania","distributor_original_site_url":"https:\/\/lindstromgroup.com\/ro","push-errors":false,"_links":{"self":[{"href":"https:\/\/lindstromgroup.com\/ro\/wp-json\/wp\/v2\/pages\/16374","targetHints":{"allow":["GET"]}}],"collection":[{"href":"https:\/\/lindstromgroup.com\/ro\/wp-json\/wp\/v2\/pages"}],"about":[{"href":"https:\/\/lindstromgroup.com\/ro\/wp-json\/wp\/v2\/types\/page"}],"author":[{"embeddable":true,"href":"https:\/\/lindstromgroup.com\/ro\/wp-json\/wp\/v2\/users\/27"}],"replies":[{"embeddable":true,"href":"https:\/\/lindstromgroup.com\/ro\/wp-json\/wp\/v2\/comments?post=16374"}],"version-history":[{"count":0,"href":"https:\/\/lindstromgroup.com\/ro\/wp-json\/wp\/v2\/pages\/16374\/revisions"}],"wp:featuredmedia":[{"embeddable":true,"href":"https:\/\/lindstromgroup.com\/ro\/wp-json\/wp\/v2\/media\/16360"}],"wp:attachment":[{"href":"https:\/\/lindstromgroup.com\/ro\/wp-json\/wp\/v2\/media?parent=16374"}],"wp:term":[{"taxonomy":"author","embeddable":true,"href":"https:\/\/lindstromgroup.com\/ro\/wp-json\/wp\/v2\/coauthors?post=16374"}],"curies":[{"name":"wp","href":"https:\/\/api.w.org\/{rel}","templated":true}]}}