
    {"id":16243,"date":"2024-01-12T13:45:58","date_gmt":"2024-01-12T13:45:58","guid":{"rendered":"https:\/\/lindstromgroup.com\/ro-renewal\/?page_id=16243"},"modified":"2024-10-13T15:21:35","modified_gmt":"2024-10-13T12:21:35","slug":"pravno-obvestilo","status":"publish","type":"page","link":"https:\/\/lindstromgroup.com\/ro\/pravno-obvestilo\/","title":{"rendered":"Notificare legal\u0103"},"content":{"rendered":"\n    <div\n        id=\"block_a38c1fee3b136bf1ee08de4b38489580\"\n        class=\"hero-sub hero-sub--block_a38c1fee3b136bf1ee08de4b38489580  flex flex-col-reverse lg:flex-row justify-between bg-dark-blue text-white\"\n    >        \n        <div class=\"flex flex-col gap-5 pt-10 pb-5 grow px-5 lg:px-20\">\n            <div class=\"flex flex-col justify-center gap-3 grow max-w-[var(--container-text-max)]\">\n                <h1 class=\"!mb-0 !text-white !text-title-medium lg:!text-title-large !font-bold hyphens-auto break-words\">\n                    Notificare legal\u0103                <\/h1>\n    \n                <div class=\"hero-sub__description\">\n                                    <\/div>\n    \n                \n                            <\/div>\n                            <div class=\"font-bold hero-sub__breadcrumb text-body-small\">\n                        <span><span><a href=\"https:\/\/lindstromgroup.com\/ro\/\">Home<\/a><\/span><\/span>                <\/div>\n                    <\/div>\n\n        <div class=\"[&#038;_picture]:w-full flex h-full lg:h-auto max-h-[350px] lg:max-h-none lg:min-h-full w-full lg:w-[650px]\">\n            <img decoding=\"async\"\n                class=\"object-cover w-full h-full\"\n                src=\"https:\/\/d2ris6qfzcz0wn.cloudfront.net\/wp-content\/uploads\/sites\/12\/2024\/01\/008_Lindstrom_hotel_final_hires-1024x683.jpg\"\n                alt=\"Notificare legal\u0103\"\n            >\n        <\/div>\n    <\/div>\n\n\n\n        <style>\n            .lindstrom-container--block_79c5634a815ddbf138080f8a71aacb62 {                \n                padding-top: 35px;\n                padding-bottom: 35px;\n            }\n\n            @media screen and (min-width: 768px) {\n                .lindstrom-container--block_79c5634a815ddbf138080f8a71aacb62 {\n                    padding-top: 75px;\n                    padding-bottom: 75px;\n                }\n            }\n        <\/style>\n    \n<div\n    class=\"lindstrom-container-wrapper lindstrom-container lindstrom-container--block_79c5634a815ddbf138080f8a71aacb62 \"\n    id=\"block_79c5634a815ddbf138080f8a71aacb62\"\n    style=\"background-color: #ffffff\"\n    >\n    <div class=\"lindstrom-container lindstrom-container--content items-stretch\">\n        \n\n        <div \n        id=\"cta-country-block_906ff62e1003c24d425334bc020d3c57\" \n        class=\"cta-country\"\n    >\n        <div class=\"flex flex-col gap-5\" style=\"align-items: flex-start\">\n                            <h2 class='!text-title-small lg:!text-title-medium !text-grey-100 !font-bold !my-0'>                    Termeni \u0219i condi\u021bii generale de utilizare a site-ului Lindstr\u00f6m                <\/h2>                                        <div class=\"cta-text\"><p>Bine a\u021bi venit pe site-ul companiei Lindstr\u00f6m Ltd \u0219i al altor companii din acest grup (denumit \u00een continuare \u201eLindstr\u00f6m\u201d). Utilizatorii site-ului trebuie s\u0103 se familiarizeze cu ace\u0219ti Termeni \u00eenainte de utilizarea acestui site (denumit \u00een continuare \u201esite-ul\u201d). Utilizarea acestui site implic\u0103 acceptarea termenilor de utilizare de c\u0103tre utilizator.<br \/>\nPe l\u00e2ng\u0103 ace\u0219ti Termeni, Utilizatorul trebuie s\u0103 fie de acord cu toate celelalte condi\u021bii \u0219i limit\u0103ri suplimentare legate de serviciu, men\u021bionate pe acest site \u0219i \u00een posibilele sale actualiz\u0103ri. Lindstr\u00f6m nu acord\u0103 Utilizatorului niciun drept suplimentar \u00een afara celor specificate separat \u00een ace\u0219ti Termeni.<\/p>\n<p>Acest site este destinat exclusiv inform\u0103rii utilizatorilor. Orice utilizare a acestui site \u0219i desc\u0103rcarea de con\u021binut de c\u0103tre Utilizator implic\u0103 acordul acestuia cu Termenii de utilizare \u00een vigoare la acel moment. \u00cen cazul \u00een care Utilizatorul nu accept\u0103 ace\u0219ti Termeni de utilizare, utilizarea acestui site \u0219i desc\u0103rcarea materialelor sunt interzise pentru Utilizator.<\/p>\n<p>Lindstr\u00f6m acord\u0103 Utilizatorului un drept limitat de utilizare, vizualizare \u0219i desc\u0103rcare a con\u021binutului de pe acest site (denumit \u00een continuare \u201eCon\u021binut\u201d) doar \u00een scopuri personale \u0219i necomerciale. Acordarea dreptului de utilizare nu implic\u0103 dreptul de a atribui titluri con\u021binutului sau copiilor acestuia.<\/p>\n<p>Dreptul de utilizare este limitat astfel:<br \/>\n&#8211; \u00een toate copiile tip\u0103rite \u0219i electronice ale Con\u021binutului desc\u0103rcat de Utilizator, acesta trebuie s\u0103 respecte toate condi\u021biile referitoare la drepturile de autor \u0219i alte drepturi men\u021bionate pentru respectivul Con\u021binut;<br \/>\n&#8211; Utilizatorul nu are dreptul de a modifica Con\u021binutul \u00een niciun fel, de a-l reproduce, afi\u0219a public sau publica \u00een alt mod, sau de a folosi Con\u021binutul \u00een scopuri comerciale.<\/p>\n<p>Utilizarea anumitor sec\u021biuni restric\u021bionate ale acestui site poate fi condi\u021bionat\u0103 de crearea unei ID personale netransferabile a utilizatorului. \u00cen astfel de cazuri, Utilizatorul trebuie s\u0103 se \u00eenregistreze \u0219i s\u0103 furnizeze corect toate datele solicitate \u0219i s\u0103 accepte reguli \u0219i condi\u021bii de utilizare separate.<\/p>\n<p><strong>Datele furnizate de Utilizator<\/strong><\/p>\n<p>Utilizatorul se oblig\u0103 s\u0103 nu furnizeze companiei Lindstr\u00f6m informa\u021bii sau con\u021binut care ar putea fi ofensator, amenin\u021b\u0103tor, obscen, def\u0103im\u0103tor, ilegal sau care \u00eencalc\u0103 drepturile de autor.<\/p>\n<p>Utilizatorul se angajeaz\u0103 s\u0103 furnizeze Lindstr\u00f6m date personale corecte prin intermediul acestui site. Furnizarea de date false este interzis\u0103 \u0219i poate avea consecin\u021be asupra celui care le furnizeaz\u0103. Utilizatorul nu va furniza Lindstr\u00f6m date confiden\u021biale prin intermediul acestui site. Utilizatorul este de acord c\u0103 orice informa\u021bie sau con\u021binut pe care \u00eel furnizeaz\u0103 Lindstr\u00f6m prin acest site nu poate fi considerat confiden\u021bial sau protejat. Lindstr\u00f6m are dreptul de a folosi, reproduce, afi\u0219a \u0219i publica orice astfel de informa\u021bii \u0219i con\u021binut.<\/p>\n<p>Utilizatorul accept\u0103 c\u0103 orice date personale furnizate c\u0103tre Lindstr\u00f6m prin intermediul acestui site pot fi prelucrate de Lindstr\u00f6m conform legisla\u021biei privind protec\u021bia datelor. Datele clien\u021bilor Lindstr\u00f6m sunt \u00eenregistrate \u00een registrul clien\u021bilor companiei. Aceste date sunt folosite pentru gestionarea conturilor clien\u021bilor companiei. Lindstr\u00f6m \u0219i alte companii din grupul s\u0103u au dreptul de a prelucra datele din registru \u0219i de a dezv\u0103lui informa\u021bii despre numele \u0219i adresa clien\u021bilor \u00een scopuri justificate (de exemplu, pentru marketing direct), conform Legii protec\u021biei datelor. Clien\u021bii au dreptul legal de a interzice prelucrarea datelor lor personale \u00een scopuri de v\u00e2nzare direct\u0103 sau alte forme de marketing direct.<\/p>\n<p><strong>Obliga\u021biile Utilizatorului<\/strong><\/p>\n<p>Utilizatorul se oblig\u0103 s\u0103 nu interfereze sau s\u0103 \u00eencerce s\u0103 interfereze cu func\u021bionarea site-ului \u00een niciun fel.<\/p>\n<p>Utilizatorul este de acord s\u0103 foloseasc\u0103 site-ul \u00een conformitate cu ace\u0219ti Termeni de utilizare \u0219i orice actualiz\u0103ri ulterioare ale acestora, respect\u00e2nd toate legile \u0219i reglement\u0103rile aplicabile. Utilizatorul se oblig\u0103 s\u0103 nu foloseasc\u0103 acest site \u00een scopurile enumerate mai jos:<br \/>\n&#8211; trimiterea de mesaje spam sau alte comunic\u0103ri neautorizate,<br \/>\n&#8211; falsificarea datelor de antet sau manipularea identificatorilor pentru a ascunde originea con\u021binutului desc\u0103rcat prin intermediul site-ului,<br \/>\n&#8211; orice ac\u021biune care restric\u021bioneaz\u0103 posibilitatea de utilizare a site-ului de c\u0103tre al\u021bi utilizatori,<br \/>\n&#8211; acte ilegale,<br \/>\n&#8211; postarea sau transmiterea de con\u021binut care \u00eencalc\u0103 drepturile altor persoane, care este ilegal, def\u0103im\u0103tor, obscen sau ofensator, sau care promoveaz\u0103 \u00een mod ilegal un produs sau serviciu.<\/p>\n<p>Lindstr\u00f6m \u00ee\u0219i rezerv\u0103 dreptul de a utiliza toate mijloacele legale \u00een cazul \u00eenc\u0103lc\u0103rii acestor restric\u021bii.<\/p>\n<p>Utilizatorul exoneraz\u0103 Lindstr\u00f6m \u0219i toate companiile din acela\u0219i grup de r\u0103spundere \u00een cazul oric\u0103ror reclama\u021bii care ar putea rezulta din utilizarea acestui site.<\/p>\n<p><strong>Securitatea datelor<\/strong><\/p>\n<p>Utilizatorul nu are dreptul s\u0103 utilizeze dispozitive sau programe care pot interfera cu func\u021bionarea site-ului, sau s\u0103 desf\u0103\u0219oare ac\u021biuni care s\u0103 afecteze func\u021bionarea acestuia (de exemplu, trimiterea masiv\u0103 de e-mailuri spam). De asemenea, este interzis\u0103 \u00eenc\u0103rcarea de con\u021binut care con\u021bine viru\u0219i sau alte programe d\u0103un\u0103toare.<\/p>\n<p><strong>Linkuri c\u0103tre site-uri externe<\/strong><\/p>\n<p>Lindstr\u00f6m poate include linkuri c\u0103tre site-uri operate de ter\u021bi. Utilizarea acestor linkuri redirec\u021bioneaz\u0103 Utilizatorul c\u0103tre alte site-uri. Lindstr\u00f6m nu controleaz\u0103 \u0219i nu verific\u0103 con\u021binutul site-urilor externe \u0219i nu este responsabil pentru validitatea sau securitatea acestora. Utilizatorul trebuie s\u0103 citeasc\u0103 atent termenii \u0219i condi\u021biile de utilizare ale acestor site-uri \u00eenainte de a le folosi. Utilizarea linkurilor c\u0103tre site-uri externe se face pe riscul exclusiv al Utilizatorului. Linkurile c\u0103tre site-uri externe nu constituie aprobare sau sprijin din partea Lindstr\u00f6m pentru con\u021binutul acestora.<\/p>\n<p><strong>Linkuri externe c\u0103tre acest site<\/strong><\/p>\n<p>Pentru a posta linkuri c\u0103tre acest site este necesar un acord scris din partea Lindstr\u00f6m, cu excep\u021bia cazului \u00een care linkul respect\u0103 urm\u0103toarele cerin\u021be:<br \/>\n&#8211; linkul este format doar din elementul \u201eplain local typeface\u201d URL www.lindstrom.xx (xx=ccTLD) sau old.lindstromgroup.com \u0219i nu include logo-ul sau marca Lindstr\u00f6m,<br \/>\n&#8211; linkul se refer\u0103 direct la pagina principal\u0103 a site-ului www.lindstrom.xx (xx=ccTLD) sau old.lindstromgroup.com,<br \/>\n&#8211; la accesarea linkului, site-ul Lindstr\u00f6m se deschide \u00eentr-o fereastr\u0103 nou\u0103 \u0219i independent\u0103,<br \/>\n&#8211; aspectul \u0219i caracteristicile linkului nu creeaz\u0103 impresia fals\u0103 c\u0103 site-ul care a postat linkul este asociat cu Lindstr\u00f6m sau c\u0103 Lindstr\u00f6m sponsorizeaz\u0103 acel site.<\/p>\n<p>Lindstr\u00f6m \u00ee\u0219i rezerv\u0103 dreptul de a revoca permisiunea de utilizare a linkurilor \u00een orice moment.<\/p>\n<p><strong>Drepturi de proprietate intelectual\u0103<\/strong><\/p>\n<p>Drepturile de autor asociate acestui site \u0219i con\u021binutului acestuia sunt protejate de legisla\u021bia interna\u021bional\u0103 privind drepturile de autor. Utilizatorul se angajeaz\u0103 s\u0103 respecte toate legile relevante privind drepturile de autor atunci c\u00e2nd utilizeaz\u0103 acest site.<\/p>\n<p>Toate drepturile de proprietate intelectual\u0103 legate de acest site sunt de\u021binute de Lindstr\u00f6m sau partenerii s\u0103i. Orice reputa\u021bie rezultat\u0103 din utilizarea drepturilor de proprietate intelectual\u0103 trebuie s\u0103 apar\u021bin\u0103 exclusiv Lindstr\u00f6m. Lindstr\u00f6m nu acord\u0103 Utilizatorului niciun drept asupra acestor drepturi de proprietate intelectual\u0103.<\/p>\n<p><strong>Limitarea r\u0103spunderii<\/strong><\/p>\n<p>Lindstr\u00f6m va face tot posibilul pentru a asigura func\u021bionarea ne\u00eentrerupt\u0103 a site-ului, dar nu este responsabil pentru eventualele \u00eentreruperi sau erori de func\u021bionare. Lindstr\u00f6m nu \u00ee\u0219i asum\u0103 responsabilitatea pentru exactitatea sau fiabilitatea con\u021binutului. Utilizatorul folose\u0219te site-ul pe propriul risc.<\/p>\n<p>Toate informa\u021biile sunt oferite \u201eca atare\u201d, f\u0103r\u0103 nicio garan\u021bie. Lindstr\u00f6m nu garanteaz\u0103 protec\u021bia acestui site \u0219i nu este responsabil pentru eventualele pierderi de informa\u021bii.<\/p>\n<p>Lindstr\u00f6m nu este responsabil pentru daunele directe sau indirecte care ar putea rezulta din utilizarea site-ului, inclusiv pentru pierderi de<\/p>\n<p> afaceri, contracte, produse sau date.<\/p>\n<p><strong>Modific\u0103ri<\/strong><\/p>\n<p>Lindstr\u00f6m \u00ee\u0219i rezerv\u0103 dreptul de a modifica ace\u0219ti Termeni \u00een orice moment. Orice modific\u0103ri vor intra \u00een vigoare odat\u0103 cu publicarea pe site. Utilizarea site-ului dup\u0103 publicarea modific\u0103rilor \u00eenseamn\u0103 acceptarea acestora.<\/p>\n<p><strong>Legea aplicabil\u0103<\/strong><\/p>\n<p>Ace\u0219ti Termeni sunt reglementa\u021bi de legisla\u021bia Finlandei. Litigiile vor fi solu\u021bionate de Tribunalul Districtual din Helsinki.<\/p>\n<\/div>\n                        <div class=\"cta-button-container cta-button-container--row\">\n                            <\/div>\n        <\/div>\n    <\/div>\n    \n\n    <\/div>\n<\/div>\n","protected":false},"excerpt":{"rendered":"","protected":false},"author":14,"featured_media":16321,"parent":0,"menu_order":0,"comment_status":"closed","ping_status":"closed","template":"","meta":{"_acf_changed":true,"inline_featured_image":false,"_eb_attr":"","site-sidebar-layout":"default","site-content-layout":"","ast-site-content-layout":"default","site-content-style":"default","site-sidebar-style":"default","ast-global-header-display":"","ast-banner-title-visibility":"","ast-main-header-display":"","ast-hfb-above-header-display":"","ast-hfb-below-header-display":"","ast-hfb-mobile-header-display":"","site-post-title":"disabled","ast-breadcrumbs-content":"","ast-featured-img":"","footer-sml-layout":"","ast-disable-related-posts":"","theme-transparent-header-meta":"","adv-header-id-meta":"","stick-header-meta":"","header-above-stick-meta":"","header-main-stick-meta":"","header-below-stick-meta":"","astra-migrate-meta-layouts":"default","ast-page-background-enabled":"default","ast-page-background-meta":{"desktop":{"background-color":"var(--ast-global-color-4)","background-image":"","background-repeat":"repeat","background-position":"center center","background-size":"auto","background-attachment":"scroll","background-type":"","background-media":"","overlay-type":"","overlay-color":"","overlay-opacity":"","overlay-gradient":""},"tablet":{"background-color":"","background-image":"","background-repeat":"repeat","background-position":"center center","background-size":"auto","background-attachment":"scroll","background-type":"","background-media":"","overlay-type":"","overlay-color":"","overlay-opacity":"","overlay-gradient":""},"mobile":{"background-color":"","background-image":"","background-repeat":"repeat","background-position":"center center","background-size":"auto","background-attachment":"scroll","background-type":"","background-media":"","overlay-type":"","overlay-color":"","overlay-opacity":"","overlay-gradient":""}},"ast-content-background-meta":{"desktop":{"background-color":"var(--ast-global-color-5)","background-image":"","background-repeat":"repeat","background-position":"center center","background-size":"auto","background-attachment":"scroll","background-type":"","background-media":"","overlay-type":"","overlay-color":"","overlay-opacity":"","overlay-gradient":""},"tablet":{"background-color":"var(--ast-global-color-5)","background-image":"","background-repeat":"repeat","background-position":"center center","background-size":"auto","background-attachment":"scroll","background-type":"","background-media":"","overlay-type":"","overlay-color":"","overlay-opacity":"","overlay-gradient":""},"mobile":{"background-color":"var(--ast-global-color-5)","background-image":"","background-repeat":"repeat","background-position":"center center","background-size":"auto","background-attachment":"scroll","background-type":"","background-media":"","overlay-type":"","overlay-color":"","overlay-opacity":"","overlay-gradient":""}},"footnotes":""},"coauthors":[20],"class_list":["post-16243","page","type-page","status-publish","has-post-thumbnail","hentry"],"acf":[],"yoast_head":"<!-- This site is optimized with the Yoast SEO plugin v27.2 - https:\/\/yoast.com\/product\/yoast-seo-wordpress\/ -->\n<title>Notificare legal\u0103 - Lindstr\u00f6m Romania<\/title>\n<meta name=\"description\" content=\"Termeni \u0219i condi\u021bii generale de utilizare a site-ului Lindstr\u00f6m.\" \/>\n<meta name=\"robots\" content=\"index, follow, max-snippet:-1, max-image-preview:large, max-video-preview:-1\" \/>\n<meta property=\"og:locale\" content=\"ro_RO\" \/>\n<meta property=\"og:type\" content=\"article\" \/>\n<meta property=\"og:title\" content=\"Notificare legal\u0103 - Lindstr\u00f6m Romania\" \/>\n<meta property=\"og:description\" content=\"Termeni \u0219i condi\u021bii generale de utilizare a site-ului Lindstr\u00f6m.\" \/>\n<meta property=\"og:url\" content=\"https:\/\/lindstromgroup.com\/ro\/pravno-obvestilo\/\" \/>\n<meta property=\"og:site_name\" content=\"Lindstr\u00f6m Romania\" \/>\n<meta property=\"article:modified_time\" content=\"2024-10-13T12:21:35+00:00\" \/>\n<meta property=\"og:image\" content=\"https:\/\/d2ris6qfzcz0wn.cloudfront.net\/wp-content\/uploads\/sites\/12\/2024\/01\/008_Lindstrom_hotel_final_hires.jpg\" \/>\n\t<meta property=\"og:image:width\" content=\"1500\" \/>\n\t<meta property=\"og:image:height\" content=\"1001\" \/>\n\t<meta property=\"og:image:type\" content=\"image\/jpeg\" \/>\n<meta name=\"twitter:card\" content=\"summary_large_image\" \/>\n<meta name=\"twitter:label1\" content=\"Timp estimat pentru citire\" \/>\n\t<meta name=\"twitter:data1\" content=\"1 minut\" \/>\n\t<meta name=\"twitter:label2\" content=\"Written by\" \/>\n\t<meta name=\"twitter:data2\" content=\"Lindstr\u00f6m Group\" \/>\n<script type=\"application\/ld+json\" class=\"yoast-schema-graph\">{\"@context\":\"https:\/\/schema.org\",\"@graph\":[{\"@type\":\"WebPage\",\"@id\":\"https:\/\/lindstromgroup.com\/ro\/pravno-obvestilo\/\",\"url\":\"https:\/\/lindstromgroup.com\/ro\/pravno-obvestilo\/\",\"name\":\"Notificare legal\u0103 - Lindstr\u00f6m Romania\",\"isPartOf\":{\"@id\":\"https:\/\/lindstromgroup.com\/ro\/#website\"},\"primaryImageOfPage\":{\"@id\":\"https:\/\/lindstromgroup.com\/ro\/pravno-obvestilo\/#primaryimage\"},\"image\":{\"@id\":\"https:\/\/lindstromgroup.com\/ro\/pravno-obvestilo\/#primaryimage\"},\"thumbnailUrl\":\"https:\/\/d2ris6qfzcz0wn.cloudfront.net\/wp-content\/uploads\/sites\/12\/2024\/01\/008_Lindstrom_hotel_final_hires.jpg\",\"datePublished\":\"2024-01-12T13:45:58+00:00\",\"dateModified\":\"2024-10-13T12:21:35+00:00\",\"description\":\"Termeni \u0219i condi\u021bii generale de utilizare a site-ului Lindstr\u00f6m.\",\"breadcrumb\":{\"@id\":\"https:\/\/lindstromgroup.com\/ro\/pravno-obvestilo\/#breadcrumb\"},\"inLanguage\":\"ro-RO\",\"potentialAction\":[{\"@type\":\"ReadAction\",\"target\":[\"https:\/\/lindstromgroup.com\/ro\/pravno-obvestilo\/\"]}]},{\"@type\":\"ImageObject\",\"inLanguage\":\"ro-RO\",\"@id\":\"https:\/\/lindstromgroup.com\/ro\/pravno-obvestilo\/#primaryimage\",\"url\":\"https:\/\/d2ris6qfzcz0wn.cloudfront.net\/wp-content\/uploads\/sites\/12\/2024\/01\/008_Lindstrom_hotel_final_hires.jpg\",\"contentUrl\":\"https:\/\/d2ris6qfzcz0wn.cloudfront.net\/wp-content\/uploads\/sites\/12\/2024\/01\/008_Lindstrom_hotel_final_hires.jpg\",\"width\":1500,\"height\":1001},{\"@type\":\"BreadcrumbList\",\"@id\":\"https:\/\/lindstromgroup.com\/ro\/pravno-obvestilo\/#breadcrumb\",\"itemListElement\":[{\"@type\":\"ListItem\",\"position\":1,\"name\":\"Home\",\"item\":\"https:\/\/lindstromgroup.com\/ro\/\"},{\"@type\":\"ListItem\",\"position\":2,\"name\":\"Notificare legal\u0103\"}]},{\"@type\":\"WebSite\",\"@id\":\"https:\/\/lindstromgroup.com\/ro\/#website\",\"url\":\"https:\/\/lindstromgroup.com\/ro\/\",\"name\":\"Lindstr\u00f6m Romania\",\"description\":\"\",\"publisher\":{\"@id\":\"https:\/\/lindstromgroup.com\/ro\/#organization\"},\"potentialAction\":[{\"@type\":\"SearchAction\",\"target\":{\"@type\":\"EntryPoint\",\"urlTemplate\":\"https:\/\/lindstromgroup.com\/ro\/?s={search_term_string}\"},\"query-input\":{\"@type\":\"PropertyValueSpecification\",\"valueRequired\":true,\"valueName\":\"search_term_string\"}}],\"inLanguage\":\"ro-RO\"},{\"@type\":\"Organization\",\"@id\":\"https:\/\/lindstromgroup.com\/ro\/#organization\",\"name\":\"Lindstr\u00f6m Romania\",\"url\":\"https:\/\/lindstromgroup.com\/ro\/\",\"logo\":{\"@type\":\"ImageObject\",\"inLanguage\":\"ro-RO\",\"@id\":\"https:\/\/lindstromgroup.com\/ro\/#\/schema\/logo\/image\/\",\"url\":\"https:\/\/d2ris6qfzcz0wn.cloudfront.net\/wp-content\/uploads\/sites\/12\/2023\/10\/Logo512.png\",\"contentUrl\":\"https:\/\/d2ris6qfzcz0wn.cloudfront.net\/wp-content\/uploads\/sites\/12\/2023\/10\/Logo512.png\",\"width\":512,\"height\":109,\"caption\":\"Lindstr\u00f6m Romania\"},\"image\":{\"@id\":\"https:\/\/lindstromgroup.com\/ro\/#\/schema\/logo\/image\/\"}}]}<\/script>\n<!-- \/ Yoast SEO plugin. -->","yoast_head_json":{"title":"Notificare legal\u0103 - Lindstr\u00f6m Romania","description":"Termeni \u0219i condi\u021bii generale de utilizare a site-ului Lindstr\u00f6m.","robots":{"index":"index","follow":"follow","max-snippet":"max-snippet:-1","max-image-preview":"max-image-preview:large","max-video-preview":"max-video-preview:-1"},"og_locale":"ro_RO","og_type":"article","og_title":"Notificare legal\u0103 - Lindstr\u00f6m Romania","og_description":"Termeni \u0219i condi\u021bii generale de utilizare a site-ului Lindstr\u00f6m.","og_url":"https:\/\/lindstromgroup.com\/ro\/pravno-obvestilo\/","og_site_name":"Lindstr\u00f6m Romania","article_modified_time":"2024-10-13T12:21:35+00:00","og_image":[{"width":1500,"height":1001,"url":"https:\/\/d2ris6qfzcz0wn.cloudfront.net\/wp-content\/uploads\/sites\/12\/2024\/01\/008_Lindstrom_hotel_final_hires.jpg","type":"image\/jpeg"}],"twitter_card":"summary_large_image","twitter_misc":{"Timp estimat pentru citire":"1 minut","Written by":"Lindstr\u00f6m Group"},"schema":{"@context":"https:\/\/schema.org","@graph":[{"@type":"WebPage","@id":"https:\/\/lindstromgroup.com\/ro\/pravno-obvestilo\/","url":"https:\/\/lindstromgroup.com\/ro\/pravno-obvestilo\/","name":"Notificare legal\u0103 - Lindstr\u00f6m Romania","isPartOf":{"@id":"https:\/\/lindstromgroup.com\/ro\/#website"},"primaryImageOfPage":{"@id":"https:\/\/lindstromgroup.com\/ro\/pravno-obvestilo\/#primaryimage"},"image":{"@id":"https:\/\/lindstromgroup.com\/ro\/pravno-obvestilo\/#primaryimage"},"thumbnailUrl":"https:\/\/d2ris6qfzcz0wn.cloudfront.net\/wp-content\/uploads\/sites\/12\/2024\/01\/008_Lindstrom_hotel_final_hires.jpg","datePublished":"2024-01-12T13:45:58+00:00","dateModified":"2024-10-13T12:21:35+00:00","description":"Termeni \u0219i condi\u021bii generale de utilizare a site-ului Lindstr\u00f6m.","breadcrumb":{"@id":"https:\/\/lindstromgroup.com\/ro\/pravno-obvestilo\/#breadcrumb"},"inLanguage":"ro-RO","potentialAction":[{"@type":"ReadAction","target":["https:\/\/lindstromgroup.com\/ro\/pravno-obvestilo\/"]}]},{"@type":"ImageObject","inLanguage":"ro-RO","@id":"https:\/\/lindstromgroup.com\/ro\/pravno-obvestilo\/#primaryimage","url":"https:\/\/d2ris6qfzcz0wn.cloudfront.net\/wp-content\/uploads\/sites\/12\/2024\/01\/008_Lindstrom_hotel_final_hires.jpg","contentUrl":"https:\/\/d2ris6qfzcz0wn.cloudfront.net\/wp-content\/uploads\/sites\/12\/2024\/01\/008_Lindstrom_hotel_final_hires.jpg","width":1500,"height":1001},{"@type":"BreadcrumbList","@id":"https:\/\/lindstromgroup.com\/ro\/pravno-obvestilo\/#breadcrumb","itemListElement":[{"@type":"ListItem","position":1,"name":"Home","item":"https:\/\/lindstromgroup.com\/ro\/"},{"@type":"ListItem","position":2,"name":"Notificare legal\u0103"}]},{"@type":"WebSite","@id":"https:\/\/lindstromgroup.com\/ro\/#website","url":"https:\/\/lindstromgroup.com\/ro\/","name":"Lindstr\u00f6m Romania","description":"","publisher":{"@id":"https:\/\/lindstromgroup.com\/ro\/#organization"},"potentialAction":[{"@type":"SearchAction","target":{"@type":"EntryPoint","urlTemplate":"https:\/\/lindstromgroup.com\/ro\/?s={search_term_string}"},"query-input":{"@type":"PropertyValueSpecification","valueRequired":true,"valueName":"search_term_string"}}],"inLanguage":"ro-RO"},{"@type":"Organization","@id":"https:\/\/lindstromgroup.com\/ro\/#organization","name":"Lindstr\u00f6m Romania","url":"https:\/\/lindstromgroup.com\/ro\/","logo":{"@type":"ImageObject","inLanguage":"ro-RO","@id":"https:\/\/lindstromgroup.com\/ro\/#\/schema\/logo\/image\/","url":"https:\/\/d2ris6qfzcz0wn.cloudfront.net\/wp-content\/uploads\/sites\/12\/2023\/10\/Logo512.png","contentUrl":"https:\/\/d2ris6qfzcz0wn.cloudfront.net\/wp-content\/uploads\/sites\/12\/2023\/10\/Logo512.png","width":512,"height":109,"caption":"Lindstr\u00f6m Romania"},"image":{"@id":"https:\/\/lindstromgroup.com\/ro\/#\/schema\/logo\/image\/"}}]}},"publishpress_future_workflow_manual_trigger":{"enabledWorkflows":[]},"distributor_meta":false,"distributor_terms":false,"distributor_media":false,"distributor_original_site_name":"Lindstr\u00f6m Romania","distributor_original_site_url":"https:\/\/lindstromgroup.com\/ro","push-errors":false,"_links":{"self":[{"href":"https:\/\/lindstromgroup.com\/ro\/wp-json\/wp\/v2\/pages\/16243","targetHints":{"allow":["GET"]}}],"collection":[{"href":"https:\/\/lindstromgroup.com\/ro\/wp-json\/wp\/v2\/pages"}],"about":[{"href":"https:\/\/lindstromgroup.com\/ro\/wp-json\/wp\/v2\/types\/page"}],"author":[{"embeddable":true,"href":"https:\/\/lindstromgroup.com\/ro\/wp-json\/wp\/v2\/users\/14"}],"replies":[{"embeddable":true,"href":"https:\/\/lindstromgroup.com\/ro\/wp-json\/wp\/v2\/comments?post=16243"}],"version-history":[{"count":0,"href":"https:\/\/lindstromgroup.com\/ro\/wp-json\/wp\/v2\/pages\/16243\/revisions"}],"wp:featuredmedia":[{"embeddable":true,"href":"https:\/\/lindstromgroup.com\/ro\/wp-json\/wp\/v2\/media\/16321"}],"wp:attachment":[{"href":"https:\/\/lindstromgroup.com\/ro\/wp-json\/wp\/v2\/media?parent=16243"}],"wp:term":[{"taxonomy":"author","embeddable":true,"href":"https:\/\/lindstromgroup.com\/ro\/wp-json\/wp\/v2\/coauthors?post=16243"}],"curies":[{"name":"wp","href":"https:\/\/api.w.org\/{rel}","templated":true}]}}