
    {"id":19220,"date":"2024-05-10T14:30:29","date_gmt":"2024-05-10T13:30:29","guid":{"rendered":"https:\/\/lindstromgroup.com\/pl\/?page_id=19220"},"modified":"2024-05-14T08:51:31","modified_gmt":"2024-05-14T07:51:31","slug":"aktualnosci","status":"publish","type":"page","link":"https:\/\/lindstromgroup.com\/pl\/aktualnosci\/","title":{"rendered":"Aktualno\u015bci"},"content":{"rendered":"\n    <div\n        id=\"block_a49874d9745319e69752a0a8147b1277\"\n        class=\"hero-sub hero-sub--block_a49874d9745319e69752a0a8147b1277  flex flex-col-reverse lg:flex-row justify-between bg-dark-blue text-white\"\n    >        \n        <div class=\"flex flex-col gap-5 pt-10 pb-5 grow px-5 lg:px-20\">\n            <div class=\"flex flex-col justify-center gap-3 grow max-w-[var(--container-text-max)]\">\n                <h1 class=\"!mb-0 !text-white !text-title-medium lg:!text-title-large !font-bold hyphens-auto break-words\">\n                    Aktualno\u015bci                <\/h1>\n    \n                <div class=\"hero-sub__description\">\n                    <p>Najnowsze wiadomo\u015bci, najstarsze wiadomo\u015bci i ciekawe historie.<\/p>\n                <\/div>\n    \n                \n                            <\/div>\n                            <div class=\"font-bold hero-sub__breadcrumb text-body-small\">\n                        <span><span><a href=\"https:\/\/lindstromgroup.com\/pl\/\">Lindstr\u00f6m<\/a><\/span><\/span>                <\/div>\n                    <\/div>\n\n        <div class=\"[&#038;_picture]:w-full flex h-full lg:h-auto max-h-[350px] lg:max-h-none lg:min-h-full w-full lg:w-[650px]\">\n            <img decoding=\"async\"\n                class=\"object-cover w-full h-full\"\n                src=\"https:\/\/d2ris6qfzcz0wn.cloudfront.net\/wp-content\/uploads\/sites\/20\/2024\/05\/133538630_l-1024x683.jpg.webp\"\n                alt=\"Najnowsze wiadomo\u015bci, najstarsze wiadomo\u015bci i ciekawe historie.\"\n            >\n        <\/div>\n    <\/div>\n\n\n\n        <style>\n            .lindstrom-container--block_a27cd0ba1d4026fc1ad39d91e37ab33c {                \n                padding-top: 35px;\n                padding-bottom: 35px;\n            }\n\n            @media screen and (min-width: 768px) {\n                .lindstrom-container--block_a27cd0ba1d4026fc1ad39d91e37ab33c {\n                    padding-top: 75px;\n                    padding-bottom: 75px;\n                }\n            }\n        <\/style>\n    \n<div\n    class=\"lindstrom-container-wrapper lindstrom-container lindstrom-container--block_a27cd0ba1d4026fc1ad39d91e37ab33c \"\n    id=\"block_a27cd0ba1d4026fc1ad39d91e37ab33c\"\n    style=\"background-color: #ffffff\"\n    >\n    <div class=\"lindstrom-container lindstrom-container--content items-stretch\">\n        \n    <form id=\"post-list-with-filter-block_5e90f9e7ee6fc6e71432df658521e497\" class=\"post-list-with-filter\">\n        <div class=\"post-list-with-filter__widget\">\n            <h3 class=\"widget__title\">\n                <span class=\"material-symbols-outlined font-bold\">filter_alt<\/span>\n                Filtry            <\/h3>        \n            <div class=\"widget__section\">\n                <h3 class=\"widget__title widget__title--section\">Kategorie<\/h3>\n                <div class=\"widget__section-content\">\n                    <select \n                        multiple \n                        class=\"post-list-with-filter__filter-input\" \n                        placeholder=\"Wszystkie kategorie\"\n                        name=\"categories[]\"\n                    >\n                                                    <option\n                                value=\"artykuly\"\n                                                            >\n                                Artyku\u0142y                            <\/option>\n                                            <\/select>\n                <\/div>\n            <\/div>\n            <div class=\"widget__section\">\n                <h3 class=\"widget__title widget__title--section\">Tagi<\/h3>\n                <div class=\"widget__section-content\">\n                    <select \n                        multiple \n                        class=\"post-list-with-filter__filter-input\" \n                        placeholder=\"Wszystkie tagi\"\n                        name=\"tags[]\"\n                    >\n                                                    <option\n                                value=\"alarm\"\n                                                            >\n                                #alarm                            <\/option>\n                                                    <option\n                                value=\"bezpieczenstwo\"\n                                                            >\n                                #bezpiecze\u0144stwo                            <\/option>\n                                                    <option\n                                value=\"branza-spozywcza\"\n                                                            >\n                                #bran\u017ca spo\u017cywcza                            <\/option>\n                                                    <option\n                                value=\"certifikaty\"\n                                                            >\n                                #certifikaty                            <\/option>\n                                                    <option\n                                value=\"czysciwa\"\n                                                            >\n                                #czy\u015bciwa                            <\/option>\n                                                    <option\n                                value=\"ekologia\"\n                                                            >\n                                #ekologia                            <\/option>\n                                                    <option\n                                value=\"elindstrom\"\n                                                            >\n                                #elindstrom                            <\/option>\n                                                    <option\n                                value=\"esd\"\n                                                            >\n                                #esd                            <\/option>\n                                                    <option\n                                value=\"esg\"\n                                                            >\n                                #esg                            <\/option>\n                                                    <option\n                                value=\"farmacja\"\n                                                            >\n                                #farmacja                            <\/option>\n                                                    <option\n                                value=\"flex\"\n                                                            >\n                                #flex                            <\/option>\n                                                    <option\n                                value=\"higiena\"\n                                                            >\n                                #higiena                            <\/option>\n                                                    <option\n                                value=\"horeca\"\n                                                            >\n                                #horeca                            <\/option>\n                                                    <option\n                                value=\"kariera\"\n                                                            >\n                                #kariera                            <\/option>\n                                                    <option\n                                value=\"klienci\"\n                                                            >\n                                #klienci                            <\/option>\n                                                    <option\n                                value=\"lindstrom\"\n                                                            >\n                                #lindstrom                            <\/option>\n                                                    <option\n                                value=\"maty\"\n                                                            >\n                                #maty                            <\/option>\n                                                    <option\n                                value=\"normy\"\n                                                            >\n                                #normy                            <\/option>\n                                                    <option\n                                value=\"odziez-medyczna\"\n                                                            >\n                                #odziez medyczna                            <\/option>\n                                                    <option\n                                value=\"odziez-ochronna\"\n                                                            >\n                                #odzie\u017c ochronna                            <\/option>\n                                                    <option\n                                value=\"odziez-odblaskowa\"\n                                                            >\n                                #odzie\u017c odblaskowa                            <\/option>\n                                                    <option\n                                value=\"odziez-robocza\"\n                                                            >\n                                #odzie\u017c robocza                            <\/option>\n                                                    <option\n                                value=\"produkcja\"\n                                                            >\n                                #produkcja                            <\/option>\n                                                    <option\n                                value=\"recykling\"\n                                                            >\n                                #recykling                            <\/option>\n                                                    <option\n                                value=\"retail\"\n                                                            >\n                                #retail                            <\/option>\n                                                    <option\n                                value=\"rfid\"\n                                                            >\n                                #rfid                            <\/option>\n                                                    <option\n                                value=\"warsztat\"\n                                                            >\n                                #warsztat                            <\/option>\n                                                    <option\n                                value=\"wynajem\"\n                                                            >\n                                #wynajem                            <\/option>\n                                                    <option\n                                value=\"zarzadca-nieruchomosci\"\n                                                            >\n                                #zarz\u0105dca nieruchomo\u015bci                            <\/option>\n                                                    <option\n                                value=\"zrownowazony-rozwoj\"\n                                                            >\n                                #zr\u00f3wnowa\u017cony rozw\u00f3j                            <\/option>\n                                            <\/select>                \n                <\/div>\n            <\/div>\n        <\/div>\n        <div class=\"post-list-with-filter__search\">\n            <input\n                class=\"post-list-with-filter__filter-input\"\n                type=\"text\"\n                name=\"search\"\n                placeholder=\"Szukaj postu\"\n            \/>\n            <span class=\"post-list-with-filter__search-icon material-symbols-outlined\">search<\/span>\n        <\/div>\n        <div class=\"post-list-with-filter__main\">\n            <div class=\"post-list-with-filter__status\">\n                <div class=\"post-list-with-filter__message\"><\/div>\n            <\/div>\n            <div class=\"post-list-with-filter__grid\">\n                <div class=\"post-list-with-filter__message\"> <!-- Will be cleared after first load -->\n                    \u0141adowanie post\u00f3w&#8230;                <\/div>\n            <\/div>\n        <\/div>\n                <div class=\"hidden post-list-with-filter__message--no-posts\">\n            Nie znaleziono post\u00f3w spe\u0142niaj\u0105cych podane kryteria wyszukiwania.        <\/div>\n        <div class=\"hidden post-list-with-filter__message--loading\">\n            \u0141adowanie post\u00f3w&#8230;        <\/div>\n\n            <\/form>\n\n\n    <\/div>\n<\/div>\n","protected":false},"excerpt":{"rendered":"","protected":false},"author":14,"featured_media":0,"parent":0,"menu_order":0,"comment_status":"closed","ping_status":"closed","template":"","meta":{"_acf_changed":true,"inline_featured_image":false,"_eb_attr":"","site-sidebar-layout":"default","site-content-layout":"","ast-site-content-layout":"default","site-content-style":"default","site-sidebar-style":"default","ast-global-header-display":"","ast-banner-title-visibility":"","ast-main-header-display":"","ast-hfb-above-header-display":"","ast-hfb-below-header-display":"","ast-hfb-mobile-header-display":"","site-post-title":"","ast-breadcrumbs-content":"","ast-featured-img":"","footer-sml-layout":"","ast-disable-related-posts":"","theme-transparent-header-meta":"","adv-header-id-meta":"","stick-header-meta":"","header-above-stick-meta":"","header-main-stick-meta":"","header-below-stick-meta":"","astra-migrate-meta-layouts":"default","ast-page-background-enabled":"default","ast-page-background-meta":{"desktop":{"background-color":"var(--ast-global-color-4)","background-image":"","background-repeat":"repeat","background-position":"center center","background-size":"auto","background-attachment":"scroll","background-type":"","background-media":"","overlay-type":"","overlay-color":"","overlay-opacity":"","overlay-gradient":""},"tablet":{"background-color":"","background-image":"","background-repeat":"repeat","background-position":"center center","background-size":"auto","background-attachment":"scroll","background-type":"","background-media":"","overlay-type":"","overlay-color":"","overlay-opacity":"","overlay-gradient":""},"mobile":{"background-color":"","background-image":"","background-repeat":"repeat","background-position":"center center","background-size":"auto","background-attachment":"scroll","background-type":"","background-media":"","overlay-type":"","overlay-color":"","overlay-opacity":"","overlay-gradient":""}},"ast-content-background-meta":{"desktop":{"background-color":"var(--ast-global-color-5)","background-image":"","background-repeat":"repeat","background-position":"center center","background-size":"auto","background-attachment":"scroll","background-type":"","background-media":"","overlay-type":"","overlay-color":"","overlay-opacity":"","overlay-gradient":""},"tablet":{"background-color":"var(--ast-global-color-5)","background-image":"","background-repeat":"repeat","background-position":"center center","background-size":"auto","background-attachment":"scroll","background-type":"","background-media":"","overlay-type":"","overlay-color":"","overlay-opacity":"","overlay-gradient":""},"mobile":{"background-color":"var(--ast-global-color-5)","background-image":"","background-repeat":"repeat","background-position":"center center","background-size":"auto","background-attachment":"scroll","background-type":"","background-media":"","overlay-type":"","overlay-color":"","overlay-opacity":"","overlay-gradient":""}},"footnotes":""},"coauthors":[20],"class_list":["post-19220","page","type-page","status-publish","hentry"],"acf":[],"yoast_head":"<!-- This site is optimized with the Yoast SEO plugin v27.2 - https:\/\/yoast.com\/product\/yoast-seo-wordpress\/ -->\n<title>Aktualno\u015bci - Lindstr\u00f6m Poland<\/title>\n<meta name=\"description\" content=\"Poznaj najnowsze wiadomo\u015bci w obszarze zr\u00f3wnowa\u017conego rozwoju i technologii tekstylnych na rynku polskim i \u015bwiatowym.\" \/>\n<meta name=\"robots\" content=\"index, follow, max-snippet:-1, max-image-preview:large, max-video-preview:-1\" \/>\n<meta property=\"og:locale\" content=\"pl_PL\" \/>\n<meta property=\"og:type\" content=\"article\" \/>\n<meta property=\"og:title\" content=\"Aktualno\u015bci - Lindstr\u00f6m Poland\" \/>\n<meta property=\"og:description\" content=\"Poznaj najnowsze wiadomo\u015bci w obszarze zr\u00f3wnowa\u017conego rozwoju i technologii tekstylnych na rynku polskim i \u015bwiatowym.\" \/>\n<meta property=\"og:url\" content=\"https:\/\/lindstromgroup.com\/pl\/aktualnosci\/\" \/>\n<meta property=\"og:site_name\" content=\"Lindstr\u00f6m Poland\" \/>\n<meta property=\"article:modified_time\" content=\"2024-05-14T07:51:31+00:00\" \/>\n<meta name=\"twitter:card\" content=\"summary_large_image\" \/>\n<meta name=\"twitter:label1\" content=\"Szacowany czas czytania\" \/>\n\t<meta name=\"twitter:data1\" content=\"1 minuta\" \/>\n\t<meta name=\"twitter:label2\" content=\"Written by\" \/>\n\t<meta name=\"twitter:data2\" content=\"Lindstr\u00f6m Group\" \/>\n<script type=\"application\/ld+json\" class=\"yoast-schema-graph\">{\"@context\":\"https:\/\/schema.org\",\"@graph\":[{\"@type\":\"WebPage\",\"@id\":\"https:\/\/lindstromgroup.com\/pl\/aktualnosci\/\",\"url\":\"https:\/\/lindstromgroup.com\/pl\/aktualnosci\/\",\"name\":\"Aktualno\u015bci - Lindstr\u00f6m Poland\",\"isPartOf\":{\"@id\":\"https:\/\/lindstromgroup.com\/pl\/#website\"},\"datePublished\":\"2024-05-10T13:30:29+00:00\",\"dateModified\":\"2024-05-14T07:51:31+00:00\",\"description\":\"Poznaj najnowsze wiadomo\u015bci w obszarze zr\u00f3wnowa\u017conego rozwoju i technologii tekstylnych na rynku polskim i \u015bwiatowym.\",\"breadcrumb\":{\"@id\":\"https:\/\/lindstromgroup.com\/pl\/aktualnosci\/#breadcrumb\"},\"inLanguage\":\"pl-PL\",\"potentialAction\":[{\"@type\":\"ReadAction\",\"target\":[\"https:\/\/lindstromgroup.com\/pl\/aktualnosci\/\"]}]},{\"@type\":\"BreadcrumbList\",\"@id\":\"https:\/\/lindstromgroup.com\/pl\/aktualnosci\/#breadcrumb\",\"itemListElement\":[{\"@type\":\"ListItem\",\"position\":1,\"name\":\"Lindstr\u00f6m\",\"item\":\"https:\/\/lindstromgroup.com\/pl\/\"},{\"@type\":\"ListItem\",\"position\":2,\"name\":\"Aktualno\u015bci\"}]},{\"@type\":\"WebSite\",\"@id\":\"https:\/\/lindstromgroup.com\/pl\/#website\",\"url\":\"https:\/\/lindstromgroup.com\/pl\/\",\"name\":\"Lindstr\u00f6m Poland\",\"description\":\"\",\"publisher\":{\"@id\":\"https:\/\/lindstromgroup.com\/pl\/#organization\"},\"potentialAction\":[{\"@type\":\"SearchAction\",\"target\":{\"@type\":\"EntryPoint\",\"urlTemplate\":\"https:\/\/lindstromgroup.com\/pl\/?s={search_term_string}\"},\"query-input\":{\"@type\":\"PropertyValueSpecification\",\"valueRequired\":true,\"valueName\":\"search_term_string\"}}],\"inLanguage\":\"pl-PL\"},{\"@type\":\"Organization\",\"@id\":\"https:\/\/lindstromgroup.com\/pl\/#organization\",\"name\":\"Lindstr\u00f6m Poland\",\"url\":\"https:\/\/lindstromgroup.com\/pl\/\",\"logo\":{\"@type\":\"ImageObject\",\"inLanguage\":\"pl-PL\",\"@id\":\"https:\/\/lindstromgroup.com\/pl\/#\/schema\/logo\/image\/\",\"url\":\"https:\/\/d2ris6qfzcz0wn.cloudfront.net\/wp-content\/uploads\/sites\/20\/2023\/10\/Logo512.png\",\"contentUrl\":\"https:\/\/d2ris6qfzcz0wn.cloudfront.net\/wp-content\/uploads\/sites\/20\/2023\/10\/Logo512.png\",\"width\":512,\"height\":109,\"caption\":\"Lindstr\u00f6m Poland\"},\"image\":{\"@id\":\"https:\/\/lindstromgroup.com\/pl\/#\/schema\/logo\/image\/\"}}]}<\/script>\n<!-- \/ Yoast SEO plugin. -->","yoast_head_json":{"title":"Aktualno\u015bci - Lindstr\u00f6m Poland","description":"Poznaj najnowsze wiadomo\u015bci w obszarze zr\u00f3wnowa\u017conego rozwoju i technologii tekstylnych na rynku polskim i \u015bwiatowym.","robots":{"index":"index","follow":"follow","max-snippet":"max-snippet:-1","max-image-preview":"max-image-preview:large","max-video-preview":"max-video-preview:-1"},"og_locale":"pl_PL","og_type":"article","og_title":"Aktualno\u015bci - Lindstr\u00f6m Poland","og_description":"Poznaj najnowsze wiadomo\u015bci w obszarze zr\u00f3wnowa\u017conego rozwoju i technologii tekstylnych na rynku polskim i \u015bwiatowym.","og_url":"https:\/\/lindstromgroup.com\/pl\/aktualnosci\/","og_site_name":"Lindstr\u00f6m Poland","article_modified_time":"2024-05-14T07:51:31+00:00","twitter_card":"summary_large_image","twitter_misc":{"Szacowany czas czytania":"1 minuta","Written by":"Lindstr\u00f6m Group"},"schema":{"@context":"https:\/\/schema.org","@graph":[{"@type":"WebPage","@id":"https:\/\/lindstromgroup.com\/pl\/aktualnosci\/","url":"https:\/\/lindstromgroup.com\/pl\/aktualnosci\/","name":"Aktualno\u015bci - Lindstr\u00f6m Poland","isPartOf":{"@id":"https:\/\/lindstromgroup.com\/pl\/#website"},"datePublished":"2024-05-10T13:30:29+00:00","dateModified":"2024-05-14T07:51:31+00:00","description":"Poznaj najnowsze wiadomo\u015bci w obszarze zr\u00f3wnowa\u017conego rozwoju i technologii tekstylnych na rynku polskim i \u015bwiatowym.","breadcrumb":{"@id":"https:\/\/lindstromgroup.com\/pl\/aktualnosci\/#breadcrumb"},"inLanguage":"pl-PL","potentialAction":[{"@type":"ReadAction","target":["https:\/\/lindstromgroup.com\/pl\/aktualnosci\/"]}]},{"@type":"BreadcrumbList","@id":"https:\/\/lindstromgroup.com\/pl\/aktualnosci\/#breadcrumb","itemListElement":[{"@type":"ListItem","position":1,"name":"Lindstr\u00f6m","item":"https:\/\/lindstromgroup.com\/pl\/"},{"@type":"ListItem","position":2,"name":"Aktualno\u015bci"}]},{"@type":"WebSite","@id":"https:\/\/lindstromgroup.com\/pl\/#website","url":"https:\/\/lindstromgroup.com\/pl\/","name":"Lindstr\u00f6m Poland","description":"","publisher":{"@id":"https:\/\/lindstromgroup.com\/pl\/#organization"},"potentialAction":[{"@type":"SearchAction","target":{"@type":"EntryPoint","urlTemplate":"https:\/\/lindstromgroup.com\/pl\/?s={search_term_string}"},"query-input":{"@type":"PropertyValueSpecification","valueRequired":true,"valueName":"search_term_string"}}],"inLanguage":"pl-PL"},{"@type":"Organization","@id":"https:\/\/lindstromgroup.com\/pl\/#organization","name":"Lindstr\u00f6m Poland","url":"https:\/\/lindstromgroup.com\/pl\/","logo":{"@type":"ImageObject","inLanguage":"pl-PL","@id":"https:\/\/lindstromgroup.com\/pl\/#\/schema\/logo\/image\/","url":"https:\/\/d2ris6qfzcz0wn.cloudfront.net\/wp-content\/uploads\/sites\/20\/2023\/10\/Logo512.png","contentUrl":"https:\/\/d2ris6qfzcz0wn.cloudfront.net\/wp-content\/uploads\/sites\/20\/2023\/10\/Logo512.png","width":512,"height":109,"caption":"Lindstr\u00f6m Poland"},"image":{"@id":"https:\/\/lindstromgroup.com\/pl\/#\/schema\/logo\/image\/"}}]}},"publishpress_future_workflow_manual_trigger":{"enabledWorkflows":[]},"distributor_meta":false,"distributor_terms":false,"distributor_media":false,"distributor_original_site_name":"Lindstr\u00f6m Poland","distributor_original_site_url":"https:\/\/lindstromgroup.com\/pl","push-errors":false,"_links":{"self":[{"href":"https:\/\/lindstromgroup.com\/pl\/wp-json\/wp\/v2\/pages\/19220","targetHints":{"allow":["GET"]}}],"collection":[{"href":"https:\/\/lindstromgroup.com\/pl\/wp-json\/wp\/v2\/pages"}],"about":[{"href":"https:\/\/lindstromgroup.com\/pl\/wp-json\/wp\/v2\/types\/page"}],"author":[{"embeddable":true,"href":"https:\/\/lindstromgroup.com\/pl\/wp-json\/wp\/v2\/users\/14"}],"replies":[{"embeddable":true,"href":"https:\/\/lindstromgroup.com\/pl\/wp-json\/wp\/v2\/comments?post=19220"}],"version-history":[{"count":0,"href":"https:\/\/lindstromgroup.com\/pl\/wp-json\/wp\/v2\/pages\/19220\/revisions"}],"wp:attachment":[{"href":"https:\/\/lindstromgroup.com\/pl\/wp-json\/wp\/v2\/media?parent=19220"}],"wp:term":[{"taxonomy":"author","embeddable":true,"href":"https:\/\/lindstromgroup.com\/pl\/wp-json\/wp\/v2\/coauthors?post=19220"}],"curies":[{"name":"wp","href":"https:\/\/api.w.org\/{rel}","templated":true}]}}