
    {"id":17706,"date":"2025-03-31T10:52:57","date_gmt":"2025-03-31T08:52:57","guid":{"rendered":"https:\/\/lindstromgroup.com\/lv\/?page_id=17706"},"modified":"2026-04-08T09:56:36","modified_gmt":"2026-04-08T07:56:36","slug":"sustainability-report","status":"publish","type":"page","link":"https:\/\/lindstromgroup.com\/lv\/sustainability-report\/","title":{"rendered":"Ilgtsp\u0113jas zi\u0146ojumi"},"content":{"rendered":"\n            <div id=\"hero-block_24fea0b37f17b1c0f78adcc39f473e5c\" class=\"hero\">\n            <div class=\"hero-container\" style=\"flex-direction: row-reverse\">\n                <div class=\"hero__content\">\n                    <div class=\"content__text\" style=\"background-color: #003f72\">\n                        <div class=\"content__text-inner\">\n                            <div class=\"text__title\">\n                                <h2>Ilgtsp\u0113jas zi\u0146ojumi<\/h2>                            <\/div>\n                            <div class=\"text__description\">M\u016bsu ilgtsp\u0113jas zi\u0146ojumos atspogu\u013coti noz\u012bm\u012bg\u0101kie sasniegumi, izvirz\u012btie m\u0113r\u0137i un galven\u0101s t\u0113mas. \u0160eit pieejami zi\u0146ojumi par p\u0113d\u0113jiem \u010detriem gadiem.<\/div>\n                                                    <\/div>\n                    <\/div>\n                                    <\/div>\n\n                <div class=\"hero__image-wrap\">\n                    <img decoding=\"async\" class=\"hero__image skip-lazy\" src=\"https:\/\/d2ris6qfzcz0wn.cloudfront.net\/wp-content\/uploads\/sites\/11\/2026\/04\/Ilgtspejas-zinojumi1.jpg\" alt=\"M\u016bsu ilgtsp\u0113jas zi\u0146ojumos atspogu\u013coti noz\u012bm\u012bg\u0101kie sasniegumi, izvirz\u012btie m\u0113r\u0137i un galven\u0101s t\u0113mas. \u0160eit pieejami zi\u0146ojumi par p\u0113d\u0113jiem \u010detriem gadiem.\" \/>\n                <\/div>\n                \n                            <\/div>\n        <\/div>\n    \n\n\n<div style=\"height:100px\" aria-hidden=\"true\" class=\"wp-block-spacer\"><\/div>\n\n\n\n<div class=\"wp-block-columns is-style-side-padding is-content-justification is-layout-flex wp-container-core-columns-is-layout-28f84493 wp-block-columns-is-layout-flex\">\n<div class=\"wp-block-column is-layout-flow wp-block-column-is-layout-flow\">\n            <div \n            id=\"file-link-box-block_417081650c5f622ae6d5b6d7e76e7e3e\" \n            class=\"file-link-box\"\n            style=\"justify-content: flex-start\"\n        >\n            <div class=\"file-link-box__container\" style=\"background-color: #ffffff; color: #bd5a00\">\n                <div class=\"container__content\">\n                    <div class=\"content__title\">\n                        Ilgtsp\u0113jas zi\u0146ojums 2025                    <\/div>\n                    <div class=\"content__description\">\n                        M\u016bsu Ilgtsp\u0113jas zi\u0146ojums sniedz visaptvero\u0161u p\u0101rskatu par m\u016bsu ilgtsp\u0113jas iniciat\u012bv\u0101m, sasniegto progresu un izvirz\u012btajiem m\u0113r\u0137iem. Taj\u0101 atspogu\u013cota m\u016bsu ietekme uz vidi, soci\u0101l\u0101 atbild\u012bba un p\u0101rvald\u012bbas prakses vis\u0101 v\u0113rt\u012bbu \u0137\u0113d\u0113.                    <\/div>\n                    <div class=\"content__button\">\n                        <a href=\"https:\/\/d2ris6qfzcz0wn.cloudfront.net\/wp-content\/uploads\/sites\/11\/2026\/04\/Lindstrom-Sustainability-Report-2025.pdf\" target=\"_blank\">\n                            <button style=\"color: #bd5a00; border: 2px solid #bd5a00;\" type=\"button\">\n                                Skat\u012bt p\u0101rskatu                                <span class=\"material-symbols-outlined !font-bold\">arrow_right_alt<\/span>\n                            <\/button>\n                        <\/a>\n                    <\/div>\n                <\/div>\n                <div class=\"container__image\">\n                    <img decoding=\"async\" src=\"https:\/\/d2ris6qfzcz0wn.cloudfront.net\/wp-content\/uploads\/sites\/11\/2026\/04\/Sustainability-report-2025-cover-1024x575.jpg-1.webp\" alt=\"Ilgtsp\u0113jas zi\u0146ojums 2025\">\n                <\/div>\n            <\/div>\n        <\/div>\n    <\/div>\n\n\n\n<div class=\"wp-block-column has-dark-blue-color has-text-color is-layout-flow wp-block-column-is-layout-flow\">\n            <div \n            id=\"file-link-box-block_a9b8ac568ff201f0ae120d3017e9a133\" \n            class=\"file-link-box\"\n            style=\"justify-content: flex-start\"\n        >\n            <div class=\"file-link-box__container\" style=\"background-color: #ffffff; color: #bd5a00\">\n                <div class=\"container__content\">\n                    <div class=\"content__title\">\n                        Uzticams partneris aprites tekstila risin\u0101jumos                    <\/div>\n                    <div class=\"content__description\">\n                        M\u016bsu bro\u0161\u016bra \u201cIlgtsp\u0113ja Lindstr\u00f6m 2025\u201d sniedz skaidru un koncentr\u0113tu ieskatu, k\u0101 m\u0113s rad\u0101m v\u0113rt\u012bbu ar saviem aprites tekstila pakalpojumiem. Taj\u0101 atspogu\u013cots m\u016bsu aprites biznesa modelis, konkr\u0113tas iniciat\u012bvas ietekmes uz vidi mazin\u0101\u0161anai, k\u0101 ar\u012b b\u016btisk\u0101kie 2025. gada r\u0101d\u012bt\u0101ji.                    <\/div>\n                    <div class=\"content__button\">\n                        <a href=\"https:\/\/d2ris6qfzcz0wn.cloudfront.net\/wp-content\/uploads\/sites\/11\/2026\/04\/Lindstrom-Sustainability-Brochure-2025.pdf\" target=\"_blank\">\n                            <button style=\"color: #bd5a00; border: 2px solid #bd5a00;\" type=\"button\">\n                                Skat\u012bt bro\u0161\u016bru                                <span class=\"material-symbols-outlined !font-bold\">arrow_right_alt<\/span>\n                            <\/button>\n                        <\/a>\n                    <\/div>\n                <\/div>\n                <div class=\"container__image\">\n                    <img decoding=\"async\" src=\"https:\/\/d2ris6qfzcz0wn.cloudfront.net\/wp-content\/uploads\/sites\/11\/2026\/04\/Sustainability-at-Lindstrom-brochure-2025-cover-1024x644.jpg.webp\" alt=\"Uzticams partneris aprites tekstila risin\u0101jumos\">\n                <\/div>\n            <\/div>\n        <\/div>\n    <\/div>\n<\/div>\n\n\n\n<p><\/p>\n\n\n\n<h2 class=\"wp-block-heading is-style-side-padding is-content-justification has-grey-75-color has-text-color\">Iepriek\u0161\u0113jie zi\u0146ojumi<\/h2>\n\n\n\n<p><\/p>\n\n\n\n<div class=\"wp-block-columns is-style-side-padding is-content-justification is-layout-flex wp-container-core-columns-is-layout-28f84493 wp-block-columns-is-layout-flex\">\n<div class=\"wp-block-column is-layout-flow wp-block-column-is-layout-flow\">\n            <div \n            id=\"file-link-box-block_ee0cf593217b0312d2ec91d7e00ac54b\" \n            class=\"file-link-box\"\n            style=\"justify-content: flex-start\"\n        >\n            <div class=\"file-link-box__container\" style=\"background-color: #ca005d; color: #ffffff\">\n                <div class=\"container__content\">\n                    <div class=\"content__title\">\n                        Ilgtsp\u0113jas zi\u0146ojums 2024                    <\/div>\n                    <div class=\"content__description\">\n                                            <\/div>\n                    <div class=\"content__button\">\n                        <a href=\"https:\/\/d2ris6qfzcz0wn.cloudfront.net\/wp-content\/uploads\/sites\/11\/2025\/04\/Lindstrom-Sustainability-Report-2025.pdf\" target=\"_blank\">\n                            <button style=\"color: #ffffff; border: 2px solid #ffffff;\" type=\"button\">\n                                Skat\u012bt                                <span class=\"material-symbols-outlined !font-bold\">arrow_right_alt<\/span>\n                            <\/button>\n                        <\/a>\n                    <\/div>\n                <\/div>\n                <div class=\"container__image\">\n                    <img decoding=\"async\" src=\"https:\/\/d2ris6qfzcz0wn.cloudfront.net\/wp-content\/uploads\/sites\/11\/2026\/04\/Sustainability-report-2025-cover-1024x575.jpg-1.jpg\" alt=\"Ilgtsp\u0113jas zi\u0146ojums 2024\">\n                <\/div>\n            <\/div>\n        <\/div>\n    <\/div>\n\n\n\n<div class=\"wp-block-column is-layout-flow wp-block-column-is-layout-flow\">\n            <div \n            id=\"file-link-box-block_d21fb4fe49e0e4991d0560c9f6492584\" \n            class=\"file-link-box\"\n            style=\"justify-content: center\"\n        >\n            <div class=\"file-link-box__container\" style=\"background-color: #bd5a00; color: #ffffff\">\n                <div class=\"container__content\">\n                    <div class=\"content__title\">\n                        Ilgtsp\u0113jas zi\u0146ojums 2023                    <\/div>\n                    <div class=\"content__description\">\n                                            <\/div>\n                    <div class=\"content__button\">\n                        <a href=\"https:\/\/d2ris6qfzcz0wn.cloudfront.net\/wp-content\/uploads\/sites\/11\/2025\/04\/Lindstrom-Sustainability-Report-2023_FINAL.pdf\" target=\"_blank\">\n                            <button style=\"color: #ffffff; border: 2px solid #ffffff;\" type=\"button\">\n                                Skat\u012bt                                <span class=\"material-symbols-outlined !font-bold\">arrow_right_alt<\/span>\n                            <\/button>\n                        <\/a>\n                    <\/div>\n                <\/div>\n                <div class=\"container__image\">\n                    <img decoding=\"async\" src=\"https:\/\/d2ris6qfzcz0wn.cloudfront.net\/wp-content\/uploads\/sites\/11\/2025\/03\/Sustainability-report-2023-cover-1024x580-1.jpg\" alt=\"Ilgtsp\u0113jas zi\u0146ojums 2023\">\n                <\/div>\n            <\/div>\n        <\/div>\n    <\/div>\n\n\n\n<div class=\"wp-block-column is-layout-flow wp-block-column-is-layout-flow\">\n            <div \n            id=\"file-link-box-block_00c2a70d58aac747b4a892ebcb19abb5\" \n            class=\"file-link-box\"\n            style=\"justify-content: flex-end\"\n        >\n            <div class=\"file-link-box__container\" style=\"background-color: #578200; color: #ffffff\">\n                <div class=\"container__content\">\n                    <div class=\"content__title\">\n                        Ilgtsp\u0113jas zi\u0146ojums 2022                    <\/div>\n                    <div class=\"content__description\">\n                                            <\/div>\n                    <div class=\"content__button\">\n                        <a href=\"https:\/\/d2ris6qfzcz0wn.cloudfront.net\/wp-content\/uploads\/sites\/11\/2025\/04\/Lindstrom-Sustainability-report-2022.pdf\" target=\"_blank\">\n                            <button style=\"color: #ffffff; border: 2px solid #ffffff;\" type=\"button\">\n                                Skat\u012bt                                <span class=\"material-symbols-outlined !font-bold\">arrow_right_alt<\/span>\n                            <\/button>\n                        <\/a>\n                    <\/div>\n                <\/div>\n                <div class=\"container__image\">\n                    <img decoding=\"async\" src=\"https:\/\/d2ris6qfzcz0wn.cloudfront.net\/wp-content\/uploads\/sites\/11\/2025\/03\/Sustainability-Report-picture-e1680160319996-1024x577-1.jpg\" alt=\"Ilgtsp\u0113jas zi\u0146ojums 2022\">\n                <\/div>\n            <\/div>\n        <\/div>\n    <\/div>\n<\/div>\n\n\n\n<p><\/p>\n\n\n\n<p><\/p>\n","protected":false},"excerpt":{"rendered":"<p>Iepriek\u0161\u0113jie zi\u0146ojumi<\/p>\n","protected":false},"author":14,"featured_media":18115,"parent":0,"menu_order":0,"comment_status":"closed","ping_status":"closed","template":"","meta":{"_acf_changed":true,"inline_featured_image":false,"_eb_attr":"","site-sidebar-layout":"default","site-content-layout":"default","ast-site-content-layout":"default","site-content-style":"default","site-sidebar-style":"default","ast-global-header-display":"","ast-banner-title-visibility":"","ast-main-header-display":"","ast-hfb-above-header-display":"","ast-hfb-below-header-display":"","ast-hfb-mobile-header-display":"","site-post-title":"","ast-breadcrumbs-content":"","ast-featured-img":"","footer-sml-layout":"","ast-disable-related-posts":"","theme-transparent-header-meta":"","adv-header-id-meta":"","stick-header-meta":"","header-above-stick-meta":"","header-main-stick-meta":"","header-below-stick-meta":"","astra-migrate-meta-layouts":"set","ast-page-background-enabled":"default","ast-page-background-meta":{"desktop":{"background-color":"var(--ast-global-color-4)","background-image":"","background-repeat":"repeat","background-position":"center center","background-size":"auto","background-attachment":"scroll","background-type":"","background-media":"","overlay-type":"","overlay-color":"","overlay-opacity":"","overlay-gradient":""},"tablet":{"background-color":"","background-image":"","background-repeat":"repeat","background-position":"center center","background-size":"auto","background-attachment":"scroll","background-type":"","background-media":"","overlay-type":"","overlay-color":"","overlay-opacity":"","overlay-gradient":""},"mobile":{"background-color":"","background-image":"","background-repeat":"repeat","background-position":"center center","background-size":"auto","background-attachment":"scroll","background-type":"","background-media":"","overlay-type":"","overlay-color":"","overlay-opacity":"","overlay-gradient":""}},"ast-content-background-meta":{"desktop":{"background-color":"var(--ast-global-color-5)","background-image":"","background-repeat":"repeat","background-position":"center center","background-size":"auto","background-attachment":"scroll","background-type":"","background-media":"","overlay-type":"","overlay-color":"","overlay-opacity":"","overlay-gradient":""},"tablet":{"background-color":"var(--ast-global-color-5)","background-image":"","background-repeat":"repeat","background-position":"center center","background-size":"auto","background-attachment":"scroll","background-type":"","background-media":"","overlay-type":"","overlay-color":"","overlay-opacity":"","overlay-gradient":""},"mobile":{"background-color":"var(--ast-global-color-5)","background-image":"","background-repeat":"repeat","background-position":"center center","background-size":"auto","background-attachment":"scroll","background-type":"","background-media":"","overlay-type":"","overlay-color":"","overlay-opacity":"","overlay-gradient":""}},"footnotes":""},"coauthors":[20],"class_list":["post-17706","page","type-page","status-publish","has-post-thumbnail","hentry"],"acf":[],"yoast_head":"<!-- This site is optimized with the Yoast SEO plugin v27.2 - https:\/\/yoast.com\/product\/yoast-seo-wordpress\/ -->\n<title>Ilgtsp\u0113jas zi\u0146ojumi - Lindstr\u00f6m Latvia<\/title>\n<meta name=\"description\" content=\"Our yearly sustainability report presents key achievements, goals, and themes. Here you can find the reports from 2020 onwards.\" \/>\n<meta name=\"robots\" content=\"index, follow, max-snippet:-1, max-image-preview:large, max-video-preview:-1\" \/>\n<meta property=\"og:locale\" content=\"lv_LV\" \/>\n<meta property=\"og:type\" content=\"article\" \/>\n<meta property=\"og:title\" content=\"Ilgtsp\u0113jas zi\u0146ojumi - Lindstr\u00f6m Latvia\" \/>\n<meta property=\"og:description\" content=\"Our yearly sustainability report presents key achievements, goals, and themes. Here you can find the reports from 2020 onwards.\" \/>\n<meta property=\"og:url\" content=\"https:\/\/lindstromgroup.com\/lv\/sustainability-report\/\" \/>\n<meta property=\"og:site_name\" content=\"Lindstr\u00f6m Latvia\" \/>\n<meta property=\"article:modified_time\" content=\"2026-04-08T07:56:36+00:00\" \/>\n<meta name=\"twitter:card\" content=\"summary_large_image\" \/>\n<meta name=\"twitter:image\" content=\"https:\/\/d2ris6qfzcz0wn.cloudfront.net\/wp-content\/uploads\/sites\/11\/2026\/04\/Ilgtspejas-zinojumi.jpg\" \/>\n<meta name=\"twitter:label1\" content=\"Est. reading time\" \/>\n\t<meta name=\"twitter:data1\" content=\"3 min\u016btes\" \/>\n\t<meta name=\"twitter:label2\" content=\"Written by\" \/>\n\t<meta name=\"twitter:data2\" content=\"Lindstr\u00f6m Group\" \/>\n<script type=\"application\/ld+json\" class=\"yoast-schema-graph\">{\"@context\":\"https:\/\/schema.org\",\"@graph\":[{\"@type\":\"WebPage\",\"@id\":\"https:\/\/lindstromgroup.com\/lv\/sustainability-report\/\",\"url\":\"https:\/\/lindstromgroup.com\/lv\/sustainability-report\/\",\"name\":\"Ilgtsp\u0113jas zi\u0146ojumi - Lindstr\u00f6m Latvia\",\"isPartOf\":{\"@id\":\"https:\/\/lindstromgroup.com\/lv\/#website\"},\"primaryImageOfPage\":{\"@id\":\"https:\/\/lindstromgroup.com\/lv\/sustainability-report\/#primaryimage\"},\"image\":{\"@id\":\"https:\/\/lindstromgroup.com\/lv\/sustainability-report\/#primaryimage\"},\"thumbnailUrl\":\"https:\/\/d2ris6qfzcz0wn.cloudfront.net\/wp-content\/uploads\/sites\/11\/2026\/04\/Ilgtspejas-zinojumi.jpg\",\"datePublished\":\"2025-03-31T08:52:57+00:00\",\"dateModified\":\"2026-04-08T07:56:36+00:00\",\"description\":\"Our yearly sustainability report presents key achievements, goals, and themes. Here you can find the reports from 2020 onwards.\",\"breadcrumb\":{\"@id\":\"https:\/\/lindstromgroup.com\/lv\/sustainability-report\/#breadcrumb\"},\"inLanguage\":\"lv-LV\",\"potentialAction\":[{\"@type\":\"ReadAction\",\"target\":[\"https:\/\/lindstromgroup.com\/lv\/sustainability-report\/\"]}]},{\"@type\":\"ImageObject\",\"inLanguage\":\"lv-LV\",\"@id\":\"https:\/\/lindstromgroup.com\/lv\/sustainability-report\/#primaryimage\",\"url\":\"https:\/\/d2ris6qfzcz0wn.cloudfront.net\/wp-content\/uploads\/sites\/11\/2026\/04\/Ilgtspejas-zinojumi.jpg\",\"contentUrl\":\"https:\/\/d2ris6qfzcz0wn.cloudfront.net\/wp-content\/uploads\/sites\/11\/2026\/04\/Ilgtspejas-zinojumi.jpg\",\"width\":900,\"height\":975},{\"@type\":\"BreadcrumbList\",\"@id\":\"https:\/\/lindstromgroup.com\/lv\/sustainability-report\/#breadcrumb\",\"itemListElement\":[{\"@type\":\"ListItem\",\"position\":1,\"name\":\"Home\",\"item\":\"https:\/\/lindstromgroup.com\/lv\/\"},{\"@type\":\"ListItem\",\"position\":2,\"name\":\"Ilgtsp\u0113jas zi\u0146ojumi\"}]},{\"@type\":\"WebSite\",\"@id\":\"https:\/\/lindstromgroup.com\/lv\/#website\",\"url\":\"https:\/\/lindstromgroup.com\/lv\/\",\"name\":\"Lindstr\u00f6m Latvia\",\"description\":\"\",\"publisher\":{\"@id\":\"https:\/\/lindstromgroup.com\/lv\/#organization\"},\"potentialAction\":[{\"@type\":\"SearchAction\",\"target\":{\"@type\":\"EntryPoint\",\"urlTemplate\":\"https:\/\/lindstromgroup.com\/lv\/?s={search_term_string}\"},\"query-input\":{\"@type\":\"PropertyValueSpecification\",\"valueRequired\":true,\"valueName\":\"search_term_string\"}}],\"inLanguage\":\"lv-LV\"},{\"@type\":\"Organization\",\"@id\":\"https:\/\/lindstromgroup.com\/lv\/#organization\",\"name\":\"Lindstr\u00f6m Latvija\",\"url\":\"https:\/\/lindstromgroup.com\/lv\/\",\"logo\":{\"@type\":\"ImageObject\",\"inLanguage\":\"lv-LV\",\"@id\":\"https:\/\/lindstromgroup.com\/lv\/#\/schema\/logo\/image\/\",\"url\":\"https:\/\/d2ris6qfzcz0wn.cloudfront.net\/wp-content\/uploads\/sites\/11\/2023\/10\/Logo512.png\",\"contentUrl\":\"https:\/\/d2ris6qfzcz0wn.cloudfront.net\/wp-content\/uploads\/sites\/11\/2023\/10\/Logo512.png\",\"width\":512,\"height\":109,\"caption\":\"Lindstr\u00f6m Latvija\"},\"image\":{\"@id\":\"https:\/\/lindstromgroup.com\/lv\/#\/schema\/logo\/image\/\"}}]}<\/script>\n<!-- \/ Yoast SEO plugin. -->","yoast_head_json":{"title":"Ilgtsp\u0113jas zi\u0146ojumi - Lindstr\u00f6m Latvia","description":"Our yearly sustainability report presents key achievements, goals, and themes. Here you can find the reports from 2020 onwards.","robots":{"index":"index","follow":"follow","max-snippet":"max-snippet:-1","max-image-preview":"max-image-preview:large","max-video-preview":"max-video-preview:-1"},"og_locale":"lv_LV","og_type":"article","og_title":"Ilgtsp\u0113jas zi\u0146ojumi - Lindstr\u00f6m Latvia","og_description":"Our yearly sustainability report presents key achievements, goals, and themes. Here you can find the reports from 2020 onwards.","og_url":"https:\/\/lindstromgroup.com\/lv\/sustainability-report\/","og_site_name":"Lindstr\u00f6m Latvia","article_modified_time":"2026-04-08T07:56:36+00:00","twitter_card":"summary_large_image","twitter_image":"https:\/\/d2ris6qfzcz0wn.cloudfront.net\/wp-content\/uploads\/sites\/11\/2026\/04\/Ilgtspejas-zinojumi.jpg","twitter_misc":{"Est. reading time":"3 min\u016btes","Written by":"Lindstr\u00f6m Group"},"schema":{"@context":"https:\/\/schema.org","@graph":[{"@type":"WebPage","@id":"https:\/\/lindstromgroup.com\/lv\/sustainability-report\/","url":"https:\/\/lindstromgroup.com\/lv\/sustainability-report\/","name":"Ilgtsp\u0113jas zi\u0146ojumi - Lindstr\u00f6m Latvia","isPartOf":{"@id":"https:\/\/lindstromgroup.com\/lv\/#website"},"primaryImageOfPage":{"@id":"https:\/\/lindstromgroup.com\/lv\/sustainability-report\/#primaryimage"},"image":{"@id":"https:\/\/lindstromgroup.com\/lv\/sustainability-report\/#primaryimage"},"thumbnailUrl":"https:\/\/d2ris6qfzcz0wn.cloudfront.net\/wp-content\/uploads\/sites\/11\/2026\/04\/Ilgtspejas-zinojumi.jpg","datePublished":"2025-03-31T08:52:57+00:00","dateModified":"2026-04-08T07:56:36+00:00","description":"Our yearly sustainability report presents key achievements, goals, and themes. Here you can find the reports from 2020 onwards.","breadcrumb":{"@id":"https:\/\/lindstromgroup.com\/lv\/sustainability-report\/#breadcrumb"},"inLanguage":"lv-LV","potentialAction":[{"@type":"ReadAction","target":["https:\/\/lindstromgroup.com\/lv\/sustainability-report\/"]}]},{"@type":"ImageObject","inLanguage":"lv-LV","@id":"https:\/\/lindstromgroup.com\/lv\/sustainability-report\/#primaryimage","url":"https:\/\/d2ris6qfzcz0wn.cloudfront.net\/wp-content\/uploads\/sites\/11\/2026\/04\/Ilgtspejas-zinojumi.jpg","contentUrl":"https:\/\/d2ris6qfzcz0wn.cloudfront.net\/wp-content\/uploads\/sites\/11\/2026\/04\/Ilgtspejas-zinojumi.jpg","width":900,"height":975},{"@type":"BreadcrumbList","@id":"https:\/\/lindstromgroup.com\/lv\/sustainability-report\/#breadcrumb","itemListElement":[{"@type":"ListItem","position":1,"name":"Home","item":"https:\/\/lindstromgroup.com\/lv\/"},{"@type":"ListItem","position":2,"name":"Ilgtsp\u0113jas zi\u0146ojumi"}]},{"@type":"WebSite","@id":"https:\/\/lindstromgroup.com\/lv\/#website","url":"https:\/\/lindstromgroup.com\/lv\/","name":"Lindstr\u00f6m Latvia","description":"","publisher":{"@id":"https:\/\/lindstromgroup.com\/lv\/#organization"},"potentialAction":[{"@type":"SearchAction","target":{"@type":"EntryPoint","urlTemplate":"https:\/\/lindstromgroup.com\/lv\/?s={search_term_string}"},"query-input":{"@type":"PropertyValueSpecification","valueRequired":true,"valueName":"search_term_string"}}],"inLanguage":"lv-LV"},{"@type":"Organization","@id":"https:\/\/lindstromgroup.com\/lv\/#organization","name":"Lindstr\u00f6m Latvija","url":"https:\/\/lindstromgroup.com\/lv\/","logo":{"@type":"ImageObject","inLanguage":"lv-LV","@id":"https:\/\/lindstromgroup.com\/lv\/#\/schema\/logo\/image\/","url":"https:\/\/d2ris6qfzcz0wn.cloudfront.net\/wp-content\/uploads\/sites\/11\/2023\/10\/Logo512.png","contentUrl":"https:\/\/d2ris6qfzcz0wn.cloudfront.net\/wp-content\/uploads\/sites\/11\/2023\/10\/Logo512.png","width":512,"height":109,"caption":"Lindstr\u00f6m Latvija"},"image":{"@id":"https:\/\/lindstromgroup.com\/lv\/#\/schema\/logo\/image\/"}}]}},"publishpress_future_workflow_manual_trigger":{"enabledWorkflows":[]},"distributor_meta":false,"distributor_terms":false,"distributor_media":false,"distributor_original_site_name":"Lindstr\u00f6m Latvia","distributor_original_site_url":"https:\/\/lindstromgroup.com\/lv","push-errors":false,"_links":{"self":[{"href":"https:\/\/lindstromgroup.com\/lv\/wp-json\/wp\/v2\/pages\/17706","targetHints":{"allow":["GET"]}}],"collection":[{"href":"https:\/\/lindstromgroup.com\/lv\/wp-json\/wp\/v2\/pages"}],"about":[{"href":"https:\/\/lindstromgroup.com\/lv\/wp-json\/wp\/v2\/types\/page"}],"author":[{"embeddable":true,"href":"https:\/\/lindstromgroup.com\/lv\/wp-json\/wp\/v2\/users\/14"}],"replies":[{"embeddable":true,"href":"https:\/\/lindstromgroup.com\/lv\/wp-json\/wp\/v2\/comments?post=17706"}],"version-history":[{"count":0,"href":"https:\/\/lindstromgroup.com\/lv\/wp-json\/wp\/v2\/pages\/17706\/revisions"}],"wp:featuredmedia":[{"embeddable":true,"href":"https:\/\/lindstromgroup.com\/lv\/wp-json\/wp\/v2\/media\/18115"}],"wp:attachment":[{"href":"https:\/\/lindstromgroup.com\/lv\/wp-json\/wp\/v2\/media?parent=17706"}],"wp:term":[{"taxonomy":"author","embeddable":true,"href":"https:\/\/lindstromgroup.com\/lv\/wp-json\/wp\/v2\/coauthors?post=17706"}],"curies":[{"name":"wp","href":"https:\/\/api.w.org\/{rel}","templated":true}]}}