
    {"id":17666,"date":"2025-02-18T12:48:34","date_gmt":"2025-02-18T10:48:34","guid":{"rendered":"https:\/\/lindstromgroup.com\/lv\/?page_id=17666"},"modified":"2025-02-18T13:10:26","modified_gmt":"2025-02-18T11:10:26","slug":"lindstrom-latvijas-tekstila-pakalpojumu-asociacijas-biedrs","status":"publish","type":"page","link":"https:\/\/lindstromgroup.com\/lv\/lindstrom-latvijas-tekstila-pakalpojumu-asociacijas-biedrs\/","title":{"rendered":"Lindstr\u00f6m &#8211; Latvijas Tekstila pakalpojumu asoci\u0101cijas biedrs"},"content":{"rendered":"\n    <div\n        id=\"block_a9a182380d596606933d7899c906ad07\"\n        class=\"hero-sub hero-sub--block_a9a182380d596606933d7899c906ad07  flex flex-col-reverse lg:flex-row justify-between bg-dark-blue text-white\"\n    >        \n        <div class=\"flex flex-col gap-5 pt-10 pb-5 grow px-5 lg:px-20\">\n            <div class=\"flex flex-col justify-center gap-3 grow max-w-[var(--container-text-max)]\">\n                <h1 class=\"!mb-0 !text-white !text-title-medium lg:!text-title-large !font-bold hyphens-auto break-words\">\n                    Lindstr\u00f6m &#8211; Latvijas Tekstila pakalpojumu asoci\u0101cijas biedrs                <\/h1>\n    \n                <div class=\"hero-sub__description\">\n                                    <\/div>\n    \n                \n                            <\/div>\n                    <\/div>\n\n        <div class=\"[&#038;_picture]:w-full flex h-full lg:h-auto max-h-[350px] lg:max-h-none lg:min-h-full w-full lg:w-[650px]\">\n            <img decoding=\"async\"\n                class=\"object-cover w-full h-full\"\n                src=\"https:\/\/d2ris6qfzcz0wn.cloudfront.net\/wp-content\/uploads\/sites\/11\/2025\/02\/LTPA-Li3-1024x576.jpg\"\n                alt=\"Lindstr\u00f6m - Latvijas Tekstila pakalpojumu asoci\u0101cijas biedrs\"\n            >\n        <\/div>\n    <\/div>\n\n\n\n<div class=\"wp-block-group is-nowrap is-layout-flex wp-container-core-group-is-layout-6c531013 wp-block-group-is-layout-flex\">\n<figure class=\"wp-block-image size-large\"><img decoding=\"async\" width=\"1024\" height=\"689\" src=\"https:\/\/d2ris6qfzcz0wn.cloudfront.net\/wp-content\/uploads\/sites\/11\/2025\/02\/Li-LTPA-bg-1024x689.jpg\" alt=\"\" class=\"wp-image-17678\" srcset=\"https:\/\/d2ris6qfzcz0wn.cloudfront.net\/wp-content\/uploads\/sites\/11\/2025\/02\/Li-LTPA-bg-1024x689.jpg 1024w, https:\/\/d2ris6qfzcz0wn.cloudfront.net\/wp-content\/uploads\/sites\/11\/2025\/02\/Li-LTPA-bg-300x202.jpg 300w, https:\/\/d2ris6qfzcz0wn.cloudfront.net\/wp-content\/uploads\/sites\/11\/2025\/02\/Li-LTPA-bg-768x517.jpg 768w, https:\/\/d2ris6qfzcz0wn.cloudfront.net\/wp-content\/uploads\/sites\/11\/2025\/02\/Li-LTPA-bg.jpg 1070w\" sizes=\"(max-width: 1024px) 100vw, 1024px\" \/><\/figure>\n\n\n\n<p><strong>Latvijas tekstila pakalpojumu asoci\u0101cija aizst\u0101v Lindstr\u00f6m un citu tekstila nozar\u0113 str\u0101d\u0101jo\u0161o uz\u0146\u0113mumu intereses un str\u0101d\u0101 pie nozares att\u012bst\u012bbas.<br><\/strong>Latvijas Tekstila pakalpojumu asoci\u0101cija (LTPA) ir izveidota k\u0101 m\u0113r\u0137tiec\u012bgas sadarb\u012bbas platforma, kas, str\u0101d\u0101jot cie\u0161\u0101 saikn\u0113 nozares dal\u012bbniekiem, v\u0113rsta uz Latvijas tekstila pakalpojumu tirgus att\u012bst\u012bbu. Asoci\u0101cijas biedriem ir saisto\u0161s LTPA \u0112tikas kodekss, kur\u0101 tie ir br\u012bvpr\u0101t\u012bgi uz\u0146\u0113mu\u0161ies tekstila pakalpojumu nozares izaugsmei svar\u012bgus \u00a0pien\u0101kumus.\u00a0<br>Tekstila pakalpojumu nozare ir noz\u012bm\u012bga Latvijas tautsaimniec\u012bbai. Apvienojot vado\u0161os un progres\u012bv\u0101kos da\u017e\u0101da lieluma \u00a0nozares uz\u0146\u0113mumus un vienojoties par tekstila pakalpojumu standartu izveidi un iev\u0113ro\u0161anu, m\u0113s &#8211; da\u017e\u0101da lieluma vado\u0161ie un inovat\u012bvie uz\u0146\u0113mumi &#8211; veicin\u0101m ilgtsp\u0113j\u012bgu un ekonomiski efekt\u012bvu nozares att\u012bst\u012bbu, balstoties uz aprites ekonomikas principiem.<br>Aicin\u0101m Latvijas tekstila pakalpojumu tirgus dal\u012bbniekus un resursu pieg\u0101d\u0101t\u0101jus pievienoties LTPA. T\u0101 ir iesp\u0113ja vienoties par kop\u012bgiem m\u0113r\u0137iem un veidot nozari t\u0101du, k\u0101dai tai ir j\u0101b\u016bt.<br>Tekstila pakalpojumu nozares jaunumi atrodami<strong> <mark style=\"background-color:rgba(0, 0, 0, 0)\" class=\"has-inline-color has-turquoise-color\"><a href=\"https:\/\/www.ltpa.lv\/\">\u0161eit<\/a>.<\/mark><\/strong><\/p>\n<\/div>\n\n\n    <form id=\"post-list-with-filter-block_f7b7905284cb91bc0fc694f4b17675b9\" class=\"post-list-with-filter\">\n        <div class=\"post-list-with-filter__widget\">\n            <h3 class=\"widget__title\">\n                <span class=\"material-symbols-outlined font-bold\">filter_alt<\/span>\n                            <\/h3>        \n            <div class=\"widget__section\">\n                <h3 class=\"widget__title widget__title--section\"><\/h3>\n                <div class=\"widget__section-content\">\n                    <select \n                        multiple \n                        class=\"post-list-with-filter__filter-input\" \n                        placeholder=\"\"\n                        name=\"categories[]\"\n                    >\n                                                    <option\n                                value=\"lindstromcilveks\"\n                                                            >\n                                Lindstrom Cilv\u0113ks                            <\/option>\n                                                    <option\n                                value=\"lindstrom-klients\"\n                                                            >\n                                Lindstrom Klients                            <\/option>\n                                                    <option\n                                value=\"lindstrom-vakance\"\n                                                            >\n                                Lindstrom Vakance                            <\/option>\n                                                    <option\n                                value=\"jaunumi\"\n                                                            >\n                                Zi\u0146as un jaunumi                            <\/option>\n                                            <\/select>\n                <\/div>\n            <\/div>\n            <div class=\"widget__section\">\n                <h3 class=\"widget__title widget__title--section\"><\/h3>\n                <div class=\"widget__section-content\">\n                    <select \n                        multiple \n                        class=\"post-list-with-filter__filter-input\" \n                        placeholder=\"\"\n                        name=\"tags[]\"\n                    >\n                                                    <option\n                                value=\"atbilstiba\"\n                                                            >\n                                #Atbilst\u012bba                            <\/option>\n                                                    <option\n                                value=\"augstaredzamiba\"\n                                                            >\n                                #AugstaRedzam\u012bba                            <\/option>\n                                                    <option\n                                value=\"automotive\"\n                                                            >\n                                #automotive                            <\/option>\n                                                    <option\n                                value=\"autoserviss\"\n                                                            >\n                                #AutoServiss                            <\/option>\n                                                    <option\n                                value=\"darbaapgerbs\"\n                                                            >\n                                #DarbaAp\u0123\u0113rbs                            <\/option>\n                                                    <option\n                                value=\"darbadrosiba\"\n                                                            >\n                                #DarbaDro\u0161\u012bba                            <\/option>\n                                                    <option\n                                value=\"higiena\"\n                                                            >\n                                #Higi\u0113na                            <\/option>\n                                                    <option\n                                value=\"ilgtspeja\"\n                                                            >\n                                #Ilgtsp\u0113ja                            <\/option>\n                                                    <option\n                                value=\"industrialiedvieli\"\n                                                            >\n                                #Industri\u0101lieDvie\u013ci                            <\/option>\n                                                    <option\n                                value=\"industrial-wipers\"\n                                                            >\n                                #industrialwipers                            <\/option>\n                                                    <option\n                                value=\"karjera\"\n                                                            >\n                                #Karjera                            <\/option>\n                                                    <option\n                                value=\"klientupieredze\"\n                                                            >\n                                #KlientuPieredze                            <\/option>\n                                                    <option\n                                value=\"kvalitate\"\n                                                            >\n                                #Kvalit\u0101te                            <\/option>\n                                                    <option\n                                value=\"lindstromcilveks\"\n                                                            >\n                                #LindstromCilv\u0113ks                            <\/option>\n                                                    <option\n                                value=\"paklajs\"\n                                                            >\n                                #Pakl\u0101js                            <\/option>\n                                                    <option\n                                value=\"parstrade\"\n                                                            >\n                                #P\u0101rstr\u0101de                            <\/option>\n                                                    <option\n                                value=\"partikasnozare\"\n                                                            >\n                                #P\u0101rtikasNozare                            <\/option>\n                                                    <option\n                                value=\"razosana\"\n                                                            >\n                                #Ra\u017eo\u0161ana                            <\/option>\n                                                    <option\n                                value=\"restoranutekstils\"\n                                                            >\n                                #Restor\u0101nuTekstils                            <\/option>\n                                                    <option\n                                value=\"sustainability\"\n                                                            >\n                                #sustainability                            <\/option>\n                                                    <option\n                                value=\"veselibasaprupe\"\n                                                            >\n                                #Vesel\u012bbasApr\u016bpe                            <\/option>\n                                            <\/select>                \n                <\/div>\n            <\/div>\n        <\/div>\n        <div class=\"post-list-with-filter__search\">\n            <input\n                class=\"post-list-with-filter__filter-input\"\n                type=\"text\"\n                name=\"search\"\n                placeholder=\"\"\n            \/>\n            <span class=\"post-list-with-filter__search-icon material-symbols-outlined\">search<\/span>\n        <\/div>\n        <div class=\"post-list-with-filter__main\">\n            <div class=\"post-list-with-filter__status\">\n                <div class=\"post-list-with-filter__message\"><\/div>\n            <\/div>\n            <div class=\"post-list-with-filter__grid\">\n                <div class=\"post-list-with-filter__message\"> <!-- Will be cleared after first load -->\n                                    <\/div>\n            <\/div>\n        <\/div>\n                <div class=\"hidden post-list-with-filter__message--no-posts\">\n                    <\/div>\n        <div class=\"hidden post-list-with-filter__message--loading\">\n                    <\/div>\n\n            <\/form>\n","protected":false},"excerpt":{"rendered":"<p>Latvijas tekstila pakalpojumu asoci\u0101cija aizst\u0101v Lindstr\u00f6m un citu tekstila nozar\u0113 str\u0101d\u0101jo\u0161o uz\u0146\u0113mumu intereses un str\u0101d\u0101 pie nozares att\u012bst\u012bbas.Latvijas Tekstila pakalpojumu asoci\u0101cija (LTPA) ir izveidota k\u0101&#8230;<\/p>\n","protected":false},"author":43,"featured_media":0,"parent":0,"menu_order":0,"comment_status":"closed","ping_status":"closed","template":"","meta":{"_acf_changed":true,"inline_featured_image":false,"_eb_attr":"","site-sidebar-layout":"default","site-content-layout":"default","ast-site-content-layout":"default","site-content-style":"default","site-sidebar-style":"default","ast-global-header-display":"","ast-banner-title-visibility":"","ast-main-header-display":"","ast-hfb-above-header-display":"","ast-hfb-below-header-display":"","ast-hfb-mobile-header-display":"","site-post-title":"disabled","ast-breadcrumbs-content":"","ast-featured-img":"","footer-sml-layout":"","ast-disable-related-posts":"","theme-transparent-header-meta":"","adv-header-id-meta":"","stick-header-meta":"","header-above-stick-meta":"","header-main-stick-meta":"","header-below-stick-meta":"","astra-migrate-meta-layouts":"default","ast-page-background-enabled":"default","ast-page-background-meta":{"desktop":{"background-color":"var(--ast-global-color-4)","background-image":"","background-repeat":"repeat","background-position":"center center","background-size":"auto","background-attachment":"scroll","background-type":"","background-media":"","overlay-type":"","overlay-color":"","overlay-opacity":"","overlay-gradient":""},"tablet":{"background-color":"","background-image":"","background-repeat":"repeat","background-position":"center center","background-size":"auto","background-attachment":"scroll","background-type":"","background-media":"","overlay-type":"","overlay-color":"","overlay-opacity":"","overlay-gradient":""},"mobile":{"background-color":"","background-image":"","background-repeat":"repeat","background-position":"center center","background-size":"auto","background-attachment":"scroll","background-type":"","background-media":"","overlay-type":"","overlay-color":"","overlay-opacity":"","overlay-gradient":""}},"ast-content-background-meta":{"desktop":{"background-color":"var(--ast-global-color-5)","background-image":"","background-repeat":"repeat","background-position":"center center","background-size":"auto","background-attachment":"scroll","background-type":"","background-media":"","overlay-type":"","overlay-color":"","overlay-opacity":"","overlay-gradient":""},"tablet":{"background-color":"var(--ast-global-color-5)","background-image":"","background-repeat":"repeat","background-position":"center center","background-size":"auto","background-attachment":"scroll","background-type":"","background-media":"","overlay-type":"","overlay-color":"","overlay-opacity":"","overlay-gradient":""},"mobile":{"background-color":"var(--ast-global-color-5)","background-image":"","background-repeat":"repeat","background-position":"center center","background-size":"auto","background-attachment":"scroll","background-type":"","background-media":"","overlay-type":"","overlay-color":"","overlay-opacity":"","overlay-gradient":""}},"footnotes":""},"coauthors":[22],"class_list":["post-17666","page","type-page","status-publish","hentry"],"acf":[],"yoast_head":"<!-- This site is optimized with the Yoast SEO plugin v27.2 - https:\/\/yoast.com\/product\/yoast-seo-wordpress\/ -->\n<title>Lindstr\u00f6m - Latvijas Tekstila pakalpojumu asoci\u0101cijas biedrs - Lindstr\u00f6m Latvia<\/title>\n<meta name=\"robots\" content=\"index, follow, max-snippet:-1, max-image-preview:large, max-video-preview:-1\" \/>\n<meta property=\"og:locale\" content=\"lv_LV\" \/>\n<meta property=\"og:type\" content=\"article\" \/>\n<meta property=\"og:title\" content=\"Lindstr\u00f6m - Latvijas Tekstila pakalpojumu asoci\u0101cijas biedrs - Lindstr\u00f6m Latvia\" \/>\n<meta property=\"og:description\" content=\"Latvijas tekstila pakalpojumu asoci\u0101cija aizst\u0101v Lindstr\u00f6m un citu tekstila nozar\u0113 str\u0101d\u0101jo\u0161o uz\u0146\u0113mumu intereses un str\u0101d\u0101 pie nozares att\u012bst\u012bbas.Latvijas Tekstila pakalpojumu asoci\u0101cija (LTPA) ir izveidota k\u0101...\" \/>\n<meta property=\"og:url\" content=\"https:\/\/lindstromgroup.com\/lv\/lindstrom-latvijas-tekstila-pakalpojumu-asociacijas-biedrs\/\" \/>\n<meta property=\"og:site_name\" content=\"Lindstr\u00f6m Latvia\" \/>\n<meta property=\"article:modified_time\" content=\"2025-02-18T11:10:26+00:00\" \/>\n<meta property=\"og:image\" content=\"https:\/\/new.lindstromgroup.com\/lv\/wp-content\/uploads\/sites\/11\/2025\/02\/Li-LTPA-bg-1024x689.jpg\" \/>\n<meta name=\"twitter:card\" content=\"summary_large_image\" \/>\n<meta name=\"twitter:label1\" content=\"Est. reading time\" \/>\n\t<meta name=\"twitter:data1\" content=\"8 min\u016btes\" \/>\n\t<meta name=\"twitter:label2\" content=\"Written by\" \/>\n\t<meta name=\"twitter:data2\" content=\"karliszarins\" \/>\n<script type=\"application\/ld+json\" class=\"yoast-schema-graph\">{\"@context\":\"https:\/\/schema.org\",\"@graph\":[{\"@type\":\"WebPage\",\"@id\":\"https:\/\/lindstromgroup.com\/lv\/lindstrom-latvijas-tekstila-pakalpojumu-asociacijas-biedrs\/\",\"url\":\"https:\/\/lindstromgroup.com\/lv\/lindstrom-latvijas-tekstila-pakalpojumu-asociacijas-biedrs\/\",\"name\":\"Lindstr\u00f6m - Latvijas Tekstila pakalpojumu asoci\u0101cijas biedrs - Lindstr\u00f6m Latvia\",\"isPartOf\":{\"@id\":\"https:\/\/lindstromgroup.com\/lv\/#website\"},\"primaryImageOfPage\":{\"@id\":\"https:\/\/lindstromgroup.com\/lv\/lindstrom-latvijas-tekstila-pakalpojumu-asociacijas-biedrs\/#primaryimage\"},\"image\":{\"@id\":\"https:\/\/lindstromgroup.com\/lv\/lindstrom-latvijas-tekstila-pakalpojumu-asociacijas-biedrs\/#primaryimage\"},\"thumbnailUrl\":\"https:\/\/lindstromgroup.com\/lv\/wp-content\/uploads\/sites\/11\/2025\/02\/Li-LTPA-bg-1024x689.jpg\",\"datePublished\":\"2025-02-18T10:48:34+00:00\",\"dateModified\":\"2025-02-18T11:10:26+00:00\",\"breadcrumb\":{\"@id\":\"https:\/\/lindstromgroup.com\/lv\/lindstrom-latvijas-tekstila-pakalpojumu-asociacijas-biedrs\/#breadcrumb\"},\"inLanguage\":\"lv-LV\",\"potentialAction\":[{\"@type\":\"ReadAction\",\"target\":[\"https:\/\/lindstromgroup.com\/lv\/lindstrom-latvijas-tekstila-pakalpojumu-asociacijas-biedrs\/\"]}]},{\"@type\":\"ImageObject\",\"inLanguage\":\"lv-LV\",\"@id\":\"https:\/\/lindstromgroup.com\/lv\/lindstrom-latvijas-tekstila-pakalpojumu-asociacijas-biedrs\/#primaryimage\",\"url\":\"https:\/\/d2ris6qfzcz0wn.cloudfront.net\/wp-content\/uploads\/sites\/11\/2025\/02\/Li-LTPA-bg.jpg\",\"contentUrl\":\"https:\/\/d2ris6qfzcz0wn.cloudfront.net\/wp-content\/uploads\/sites\/11\/2025\/02\/Li-LTPA-bg.jpg\",\"width\":1070,\"height\":720},{\"@type\":\"BreadcrumbList\",\"@id\":\"https:\/\/lindstromgroup.com\/lv\/lindstrom-latvijas-tekstila-pakalpojumu-asociacijas-biedrs\/#breadcrumb\",\"itemListElement\":[{\"@type\":\"ListItem\",\"position\":1,\"name\":\"Home\",\"item\":\"https:\/\/lindstromgroup.com\/lv\/\"},{\"@type\":\"ListItem\",\"position\":2,\"name\":\"Lindstr\u00f6m &#8211; Latvijas Tekstila pakalpojumu asoci\u0101cijas biedrs\"}]},{\"@type\":\"WebSite\",\"@id\":\"https:\/\/lindstromgroup.com\/lv\/#website\",\"url\":\"https:\/\/lindstromgroup.com\/lv\/\",\"name\":\"Lindstr\u00f6m Latvia\",\"description\":\"\",\"publisher\":{\"@id\":\"https:\/\/lindstromgroup.com\/lv\/#organization\"},\"potentialAction\":[{\"@type\":\"SearchAction\",\"target\":{\"@type\":\"EntryPoint\",\"urlTemplate\":\"https:\/\/lindstromgroup.com\/lv\/?s={search_term_string}\"},\"query-input\":{\"@type\":\"PropertyValueSpecification\",\"valueRequired\":true,\"valueName\":\"search_term_string\"}}],\"inLanguage\":\"lv-LV\"},{\"@type\":\"Organization\",\"@id\":\"https:\/\/lindstromgroup.com\/lv\/#organization\",\"name\":\"Lindstr\u00f6m Latvija\",\"url\":\"https:\/\/lindstromgroup.com\/lv\/\",\"logo\":{\"@type\":\"ImageObject\",\"inLanguage\":\"lv-LV\",\"@id\":\"https:\/\/lindstromgroup.com\/lv\/#\/schema\/logo\/image\/\",\"url\":\"https:\/\/d2ris6qfzcz0wn.cloudfront.net\/wp-content\/uploads\/sites\/11\/2023\/10\/Logo512.png\",\"contentUrl\":\"https:\/\/d2ris6qfzcz0wn.cloudfront.net\/wp-content\/uploads\/sites\/11\/2023\/10\/Logo512.png\",\"width\":512,\"height\":109,\"caption\":\"Lindstr\u00f6m Latvija\"},\"image\":{\"@id\":\"https:\/\/lindstromgroup.com\/lv\/#\/schema\/logo\/image\/\"}}]}<\/script>\n<!-- \/ Yoast SEO plugin. -->","yoast_head_json":{"title":"Lindstr\u00f6m - Latvijas Tekstila pakalpojumu asoci\u0101cijas biedrs - Lindstr\u00f6m Latvia","robots":{"index":"index","follow":"follow","max-snippet":"max-snippet:-1","max-image-preview":"max-image-preview:large","max-video-preview":"max-video-preview:-1"},"og_locale":"lv_LV","og_type":"article","og_title":"Lindstr\u00f6m - Latvijas Tekstila pakalpojumu asoci\u0101cijas biedrs - Lindstr\u00f6m Latvia","og_description":"Latvijas tekstila pakalpojumu asoci\u0101cija aizst\u0101v Lindstr\u00f6m un citu tekstila nozar\u0113 str\u0101d\u0101jo\u0161o uz\u0146\u0113mumu intereses un str\u0101d\u0101 pie nozares att\u012bst\u012bbas.Latvijas Tekstila pakalpojumu asoci\u0101cija (LTPA) ir izveidota k\u0101...","og_url":"https:\/\/lindstromgroup.com\/lv\/lindstrom-latvijas-tekstila-pakalpojumu-asociacijas-biedrs\/","og_site_name":"Lindstr\u00f6m Latvia","article_modified_time":"2025-02-18T11:10:26+00:00","og_image":[{"url":"https:\/\/new.lindstromgroup.com\/lv\/wp-content\/uploads\/sites\/11\/2025\/02\/Li-LTPA-bg-1024x689.jpg","type":"","width":"","height":""}],"twitter_card":"summary_large_image","twitter_misc":{"Est. reading time":"8 min\u016btes","Written by":"karliszarins"},"schema":{"@context":"https:\/\/schema.org","@graph":[{"@type":"WebPage","@id":"https:\/\/lindstromgroup.com\/lv\/lindstrom-latvijas-tekstila-pakalpojumu-asociacijas-biedrs\/","url":"https:\/\/lindstromgroup.com\/lv\/lindstrom-latvijas-tekstila-pakalpojumu-asociacijas-biedrs\/","name":"Lindstr\u00f6m - Latvijas Tekstila pakalpojumu asoci\u0101cijas biedrs - Lindstr\u00f6m Latvia","isPartOf":{"@id":"https:\/\/lindstromgroup.com\/lv\/#website"},"primaryImageOfPage":{"@id":"https:\/\/lindstromgroup.com\/lv\/lindstrom-latvijas-tekstila-pakalpojumu-asociacijas-biedrs\/#primaryimage"},"image":{"@id":"https:\/\/lindstromgroup.com\/lv\/lindstrom-latvijas-tekstila-pakalpojumu-asociacijas-biedrs\/#primaryimage"},"thumbnailUrl":"https:\/\/lindstromgroup.com\/lv\/wp-content\/uploads\/sites\/11\/2025\/02\/Li-LTPA-bg-1024x689.jpg","datePublished":"2025-02-18T10:48:34+00:00","dateModified":"2025-02-18T11:10:26+00:00","breadcrumb":{"@id":"https:\/\/lindstromgroup.com\/lv\/lindstrom-latvijas-tekstila-pakalpojumu-asociacijas-biedrs\/#breadcrumb"},"inLanguage":"lv-LV","potentialAction":[{"@type":"ReadAction","target":["https:\/\/lindstromgroup.com\/lv\/lindstrom-latvijas-tekstila-pakalpojumu-asociacijas-biedrs\/"]}]},{"@type":"ImageObject","inLanguage":"lv-LV","@id":"https:\/\/lindstromgroup.com\/lv\/lindstrom-latvijas-tekstila-pakalpojumu-asociacijas-biedrs\/#primaryimage","url":"https:\/\/d2ris6qfzcz0wn.cloudfront.net\/wp-content\/uploads\/sites\/11\/2025\/02\/Li-LTPA-bg.jpg","contentUrl":"https:\/\/d2ris6qfzcz0wn.cloudfront.net\/wp-content\/uploads\/sites\/11\/2025\/02\/Li-LTPA-bg.jpg","width":1070,"height":720},{"@type":"BreadcrumbList","@id":"https:\/\/lindstromgroup.com\/lv\/lindstrom-latvijas-tekstila-pakalpojumu-asociacijas-biedrs\/#breadcrumb","itemListElement":[{"@type":"ListItem","position":1,"name":"Home","item":"https:\/\/lindstromgroup.com\/lv\/"},{"@type":"ListItem","position":2,"name":"Lindstr\u00f6m &#8211; Latvijas Tekstila pakalpojumu asoci\u0101cijas biedrs"}]},{"@type":"WebSite","@id":"https:\/\/lindstromgroup.com\/lv\/#website","url":"https:\/\/lindstromgroup.com\/lv\/","name":"Lindstr\u00f6m Latvia","description":"","publisher":{"@id":"https:\/\/lindstromgroup.com\/lv\/#organization"},"potentialAction":[{"@type":"SearchAction","target":{"@type":"EntryPoint","urlTemplate":"https:\/\/lindstromgroup.com\/lv\/?s={search_term_string}"},"query-input":{"@type":"PropertyValueSpecification","valueRequired":true,"valueName":"search_term_string"}}],"inLanguage":"lv-LV"},{"@type":"Organization","@id":"https:\/\/lindstromgroup.com\/lv\/#organization","name":"Lindstr\u00f6m Latvija","url":"https:\/\/lindstromgroup.com\/lv\/","logo":{"@type":"ImageObject","inLanguage":"lv-LV","@id":"https:\/\/lindstromgroup.com\/lv\/#\/schema\/logo\/image\/","url":"https:\/\/d2ris6qfzcz0wn.cloudfront.net\/wp-content\/uploads\/sites\/11\/2023\/10\/Logo512.png","contentUrl":"https:\/\/d2ris6qfzcz0wn.cloudfront.net\/wp-content\/uploads\/sites\/11\/2023\/10\/Logo512.png","width":512,"height":109,"caption":"Lindstr\u00f6m Latvija"},"image":{"@id":"https:\/\/lindstromgroup.com\/lv\/#\/schema\/logo\/image\/"}}]}},"publishpress_future_workflow_manual_trigger":{"enabledWorkflows":[]},"distributor_meta":false,"distributor_terms":false,"distributor_media":false,"distributor_original_site_name":"Lindstr\u00f6m Latvia","distributor_original_site_url":"https:\/\/lindstromgroup.com\/lv","push-errors":false,"_links":{"self":[{"href":"https:\/\/lindstromgroup.com\/lv\/wp-json\/wp\/v2\/pages\/17666","targetHints":{"allow":["GET"]}}],"collection":[{"href":"https:\/\/lindstromgroup.com\/lv\/wp-json\/wp\/v2\/pages"}],"about":[{"href":"https:\/\/lindstromgroup.com\/lv\/wp-json\/wp\/v2\/types\/page"}],"author":[{"embeddable":true,"href":"https:\/\/lindstromgroup.com\/lv\/wp-json\/wp\/v2\/users\/43"}],"replies":[{"embeddable":true,"href":"https:\/\/lindstromgroup.com\/lv\/wp-json\/wp\/v2\/comments?post=17666"}],"version-history":[{"count":0,"href":"https:\/\/lindstromgroup.com\/lv\/wp-json\/wp\/v2\/pages\/17666\/revisions"}],"wp:attachment":[{"href":"https:\/\/lindstromgroup.com\/lv\/wp-json\/wp\/v2\/media?parent=17666"}],"wp:term":[{"taxonomy":"author","embeddable":true,"href":"https:\/\/lindstromgroup.com\/lv\/wp-json\/wp\/v2\/coauthors?post=17666"}],"curies":[{"name":"wp","href":"https:\/\/api.w.org\/{rel}","templated":true}]}}