
    {"id":17323,"date":"2024-08-05T10:17:31","date_gmt":"2024-08-05T08:17:31","guid":{"rendered":"https:\/\/lindstromgroup.com\/lv\/?page_id=17323"},"modified":"2024-08-06T21:40:05","modified_gmt":"2024-08-06T19:40:05","slug":"lindstrom-cilveks","status":"publish","type":"page","link":"https:\/\/lindstromgroup.com\/lv\/lindstrom-cilveks\/","title":{"rendered":"Lindstr\u00f6m\u00a0cilv\u0113ks"},"content":{"rendered":"\n    <div\n        id=\"block_bdc6988831db8c9bc68bd7dc3b4cbc50\"\n        class=\"hero-sub hero-sub--block_bdc6988831db8c9bc68bd7dc3b4cbc50  flex flex-col-reverse lg:flex-row justify-between bg-dark-blue text-white\"\n    >        \n        <div class=\"flex flex-col gap-5 pt-10 pb-5 grow px-5 lg:px-20\">\n            <div class=\"flex flex-col justify-center gap-3 grow max-w-[var(--container-text-max)]\">\n                <h1 class=\"!mb-0 !text-white !text-title-medium lg:!text-title-large !font-bold hyphens-auto break-words\">\n                    Lindstr\u00f6m\u00a0cilv\u0113ks                <\/h1>\n    \n                <div class=\"hero-sub__description\">\n                                    <\/div>\n    \n                \n                            <\/div>\n                            <div class=\"font-bold hero-sub__breadcrumb text-body-small\">\n                        <span><span><a href=\"https:\/\/lindstromgroup.com\/lv\/\">Home<\/a><\/span><\/span>                <\/div>\n                    <\/div>\n\n        <div class=\"[&#038;_picture]:w-full flex h-full lg:h-auto max-h-[350px] lg:max-h-none lg:min-h-full w-full lg:w-[650px]\">\n            <img decoding=\"async\"\n                class=\"object-cover w-full h-full\"\n                src=\"https:\/\/d2ris6qfzcz0wn.cloudfront.net\/wp-content\/uploads\/sites\/11\/2024\/08\/20231108_Lindstrom_1031-1-1024x683.jpg\"\n                alt=\"Lindstr\u00f6m\u00a0cilv\u0113ks\"\n            >\n        <\/div>\n    <\/div>\n\n\n\n        <style>\n            .lindstrom-container--block_78abe765a4e0185cd88f6ad6bfd12b18 {                \n                padding-top: 35px;\n                padding-bottom: 35px;\n            }\n\n            @media screen and (min-width: 768px) {\n                .lindstrom-container--block_78abe765a4e0185cd88f6ad6bfd12b18 {\n                    padding-top: 75px;\n                    padding-bottom: 75px;\n                }\n            }\n        <\/style>\n    \n<div\n    class=\"lindstrom-container-wrapper lindstrom-container lindstrom-container--block_78abe765a4e0185cd88f6ad6bfd12b18 \"\n    id=\"block_78abe765a4e0185cd88f6ad6bfd12b18\"\n    style=\"background-color: #ffffff\"\n    >\n    <div class=\"lindstrom-container lindstrom-container--text items-stretch\">\n        \n\n        <div \n        id=\"tyopaikat\" \n        class=\"cta-country\"\n    >\n        <div class=\"flex flex-col gap-5\" style=\"align-items: flex-start\">\n                                        <div class=\"cta-text\"><p style=\"text-align: left\"><strong>Rubrika \u201cLindstrom Cilv\u0113ks\u201d ir velt\u012bta Lindstrom Latvija darbiniekiem, kur\u0101 tiek atkl\u0101ti vi\u0146u aizraujo\u0161ie hobiji un person\u012bgie st\u0101sti. \u0160aj\u0101 rubrik\u0101 var uzzin\u0101t, k\u0101 ir b\u016bt da\u013cai no Lindstrom komandas, iepaz\u012bt kol\u0113\u0123us no citas perspekt\u012bvas un iedvesmoties no vi\u0146u pieredzes.<\/strong><\/p>\n<\/div>\n                        <div class=\"cta-button-container cta-button-container--row\">\n                            <\/div>\n        <\/div>\n    <\/div>\n    \n\n\n<style>\n    @media only screen and (max-width: 1200px) {\n        #block_d03867d89f49df74df70ca2aa4e90d39 .blogposts__container {\n            grid-template-columns: repeat(4, 1fr);\n        }\n    }\n<\/style>\n\n            <div class=\"editor-message\">\n            Blog post list: No posts available\n        <\/div>\n    \n\n    <\/div>\n<\/div>\n","protected":false},"excerpt":{"rendered":"","protected":false},"author":43,"featured_media":0,"parent":0,"menu_order":0,"comment_status":"closed","ping_status":"closed","template":"","meta":{"_acf_changed":true,"inline_featured_image":false,"_eb_attr":"","site-sidebar-layout":"default","site-content-layout":"","ast-site-content-layout":"default","site-content-style":"default","site-sidebar-style":"default","ast-global-header-display":"","ast-banner-title-visibility":"","ast-main-header-display":"","ast-hfb-above-header-display":"","ast-hfb-below-header-display":"","ast-hfb-mobile-header-display":"","site-post-title":"","ast-breadcrumbs-content":"","ast-featured-img":"","footer-sml-layout":"","ast-disable-related-posts":"","theme-transparent-header-meta":"","adv-header-id-meta":"","stick-header-meta":"","header-above-stick-meta":"","header-main-stick-meta":"","header-below-stick-meta":"","astra-migrate-meta-layouts":"default","ast-page-background-enabled":"default","ast-page-background-meta":{"desktop":{"background-color":"var(--ast-global-color-4)","background-image":"","background-repeat":"repeat","background-position":"center center","background-size":"auto","background-attachment":"scroll","background-type":"","background-media":"","overlay-type":"","overlay-color":"","overlay-opacity":"","overlay-gradient":""},"tablet":{"background-color":"","background-image":"","background-repeat":"repeat","background-position":"center center","background-size":"auto","background-attachment":"scroll","background-type":"","background-media":"","overlay-type":"","overlay-color":"","overlay-opacity":"","overlay-gradient":""},"mobile":{"background-color":"","background-image":"","background-repeat":"repeat","background-position":"center center","background-size":"auto","background-attachment":"scroll","background-type":"","background-media":"","overlay-type":"","overlay-color":"","overlay-opacity":"","overlay-gradient":""}},"ast-content-background-meta":{"desktop":{"background-color":"var(--ast-global-color-5)","background-image":"","background-repeat":"repeat","background-position":"center center","background-size":"auto","background-attachment":"scroll","background-type":"","background-media":"","overlay-type":"","overlay-color":"","overlay-opacity":"","overlay-gradient":""},"tablet":{"background-color":"var(--ast-global-color-5)","background-image":"","background-repeat":"repeat","background-position":"center center","background-size":"auto","background-attachment":"scroll","background-type":"","background-media":"","overlay-type":"","overlay-color":"","overlay-opacity":"","overlay-gradient":""},"mobile":{"background-color":"var(--ast-global-color-5)","background-image":"","background-repeat":"repeat","background-position":"center center","background-size":"auto","background-attachment":"scroll","background-type":"","background-media":"","overlay-type":"","overlay-color":"","overlay-opacity":"","overlay-gradient":""}},"footnotes":""},"coauthors":[22],"class_list":["post-17323","page","type-page","status-publish","hentry"],"acf":[],"yoast_head":"<!-- This site is optimized with the Yoast SEO plugin v27.2 - https:\/\/yoast.com\/product\/yoast-seo-wordpress\/ -->\n<title>Lindstr\u00f6m\u00a0cilv\u0113ks - Lindstr\u00f6m Latvia<\/title>\n<meta name=\"robots\" content=\"index, follow, max-snippet:-1, max-image-preview:large, max-video-preview:-1\" \/>\n<meta property=\"og:locale\" content=\"lv_LV\" \/>\n<meta property=\"og:type\" content=\"article\" \/>\n<meta property=\"og:title\" content=\"Lindstr\u00f6m\u00a0cilv\u0113ks - Lindstr\u00f6m Latvia\" \/>\n<meta property=\"og:url\" content=\"https:\/\/lindstromgroup.com\/lv\/lindstrom-cilveks\/\" \/>\n<meta property=\"og:site_name\" content=\"Lindstr\u00f6m Latvia\" \/>\n<meta property=\"article:modified_time\" content=\"2024-08-06T19:40:05+00:00\" \/>\n<meta name=\"twitter:card\" content=\"summary_large_image\" \/>\n<meta name=\"twitter:label1\" content=\"Est. reading time\" \/>\n\t<meta name=\"twitter:data1\" content=\"1 min\u016bte\" \/>\n\t<meta name=\"twitter:label2\" content=\"Written by\" \/>\n\t<meta name=\"twitter:data2\" content=\"karliszarins\" \/>\n<script type=\"application\/ld+json\" class=\"yoast-schema-graph\">{\"@context\":\"https:\/\/schema.org\",\"@graph\":[{\"@type\":\"WebPage\",\"@id\":\"https:\/\/lindstromgroup.com\/lv\/lindstrom-cilveks\/\",\"url\":\"https:\/\/lindstromgroup.com\/lv\/lindstrom-cilveks\/\",\"name\":\"Lindstr\u00f6m\u00a0cilv\u0113ks - Lindstr\u00f6m Latvia\",\"isPartOf\":{\"@id\":\"https:\/\/lindstromgroup.com\/lv\/#website\"},\"datePublished\":\"2024-08-05T08:17:31+00:00\",\"dateModified\":\"2024-08-06T19:40:05+00:00\",\"breadcrumb\":{\"@id\":\"https:\/\/lindstromgroup.com\/lv\/lindstrom-cilveks\/#breadcrumb\"},\"inLanguage\":\"lv-LV\",\"potentialAction\":[{\"@type\":\"ReadAction\",\"target\":[\"https:\/\/lindstromgroup.com\/lv\/lindstrom-cilveks\/\"]}]},{\"@type\":\"BreadcrumbList\",\"@id\":\"https:\/\/lindstromgroup.com\/lv\/lindstrom-cilveks\/#breadcrumb\",\"itemListElement\":[{\"@type\":\"ListItem\",\"position\":1,\"name\":\"Home\",\"item\":\"https:\/\/lindstromgroup.com\/lv\/\"},{\"@type\":\"ListItem\",\"position\":2,\"name\":\"Lindstr\u00f6m\u00a0cilv\u0113ks\"}]},{\"@type\":\"WebSite\",\"@id\":\"https:\/\/lindstromgroup.com\/lv\/#website\",\"url\":\"https:\/\/lindstromgroup.com\/lv\/\",\"name\":\"Lindstr\u00f6m Latvia\",\"description\":\"\",\"publisher\":{\"@id\":\"https:\/\/lindstromgroup.com\/lv\/#organization\"},\"potentialAction\":[{\"@type\":\"SearchAction\",\"target\":{\"@type\":\"EntryPoint\",\"urlTemplate\":\"https:\/\/lindstromgroup.com\/lv\/?s={search_term_string}\"},\"query-input\":{\"@type\":\"PropertyValueSpecification\",\"valueRequired\":true,\"valueName\":\"search_term_string\"}}],\"inLanguage\":\"lv-LV\"},{\"@type\":\"Organization\",\"@id\":\"https:\/\/lindstromgroup.com\/lv\/#organization\",\"name\":\"Lindstr\u00f6m Latvija\",\"url\":\"https:\/\/lindstromgroup.com\/lv\/\",\"logo\":{\"@type\":\"ImageObject\",\"inLanguage\":\"lv-LV\",\"@id\":\"https:\/\/lindstromgroup.com\/lv\/#\/schema\/logo\/image\/\",\"url\":\"https:\/\/d2ris6qfzcz0wn.cloudfront.net\/wp-content\/uploads\/sites\/11\/2023\/10\/Logo512.png\",\"contentUrl\":\"https:\/\/d2ris6qfzcz0wn.cloudfront.net\/wp-content\/uploads\/sites\/11\/2023\/10\/Logo512.png\",\"width\":512,\"height\":109,\"caption\":\"Lindstr\u00f6m Latvija\"},\"image\":{\"@id\":\"https:\/\/lindstromgroup.com\/lv\/#\/schema\/logo\/image\/\"}}]}<\/script>\n<!-- \/ Yoast SEO plugin. -->","yoast_head_json":{"title":"Lindstr\u00f6m\u00a0cilv\u0113ks - Lindstr\u00f6m Latvia","robots":{"index":"index","follow":"follow","max-snippet":"max-snippet:-1","max-image-preview":"max-image-preview:large","max-video-preview":"max-video-preview:-1"},"og_locale":"lv_LV","og_type":"article","og_title":"Lindstr\u00f6m\u00a0cilv\u0113ks - Lindstr\u00f6m Latvia","og_url":"https:\/\/lindstromgroup.com\/lv\/lindstrom-cilveks\/","og_site_name":"Lindstr\u00f6m Latvia","article_modified_time":"2024-08-06T19:40:05+00:00","twitter_card":"summary_large_image","twitter_misc":{"Est. reading time":"1 min\u016bte","Written by":"karliszarins"},"schema":{"@context":"https:\/\/schema.org","@graph":[{"@type":"WebPage","@id":"https:\/\/lindstromgroup.com\/lv\/lindstrom-cilveks\/","url":"https:\/\/lindstromgroup.com\/lv\/lindstrom-cilveks\/","name":"Lindstr\u00f6m\u00a0cilv\u0113ks - Lindstr\u00f6m Latvia","isPartOf":{"@id":"https:\/\/lindstromgroup.com\/lv\/#website"},"datePublished":"2024-08-05T08:17:31+00:00","dateModified":"2024-08-06T19:40:05+00:00","breadcrumb":{"@id":"https:\/\/lindstromgroup.com\/lv\/lindstrom-cilveks\/#breadcrumb"},"inLanguage":"lv-LV","potentialAction":[{"@type":"ReadAction","target":["https:\/\/lindstromgroup.com\/lv\/lindstrom-cilveks\/"]}]},{"@type":"BreadcrumbList","@id":"https:\/\/lindstromgroup.com\/lv\/lindstrom-cilveks\/#breadcrumb","itemListElement":[{"@type":"ListItem","position":1,"name":"Home","item":"https:\/\/lindstromgroup.com\/lv\/"},{"@type":"ListItem","position":2,"name":"Lindstr\u00f6m\u00a0cilv\u0113ks"}]},{"@type":"WebSite","@id":"https:\/\/lindstromgroup.com\/lv\/#website","url":"https:\/\/lindstromgroup.com\/lv\/","name":"Lindstr\u00f6m Latvia","description":"","publisher":{"@id":"https:\/\/lindstromgroup.com\/lv\/#organization"},"potentialAction":[{"@type":"SearchAction","target":{"@type":"EntryPoint","urlTemplate":"https:\/\/lindstromgroup.com\/lv\/?s={search_term_string}"},"query-input":{"@type":"PropertyValueSpecification","valueRequired":true,"valueName":"search_term_string"}}],"inLanguage":"lv-LV"},{"@type":"Organization","@id":"https:\/\/lindstromgroup.com\/lv\/#organization","name":"Lindstr\u00f6m Latvija","url":"https:\/\/lindstromgroup.com\/lv\/","logo":{"@type":"ImageObject","inLanguage":"lv-LV","@id":"https:\/\/lindstromgroup.com\/lv\/#\/schema\/logo\/image\/","url":"https:\/\/d2ris6qfzcz0wn.cloudfront.net\/wp-content\/uploads\/sites\/11\/2023\/10\/Logo512.png","contentUrl":"https:\/\/d2ris6qfzcz0wn.cloudfront.net\/wp-content\/uploads\/sites\/11\/2023\/10\/Logo512.png","width":512,"height":109,"caption":"Lindstr\u00f6m Latvija"},"image":{"@id":"https:\/\/lindstromgroup.com\/lv\/#\/schema\/logo\/image\/"}}]}},"publishpress_future_workflow_manual_trigger":{"enabledWorkflows":[]},"distributor_meta":false,"distributor_terms":false,"distributor_media":false,"distributor_original_site_name":"Lindstr\u00f6m Latvia","distributor_original_site_url":"https:\/\/lindstromgroup.com\/lv","push-errors":false,"_links":{"self":[{"href":"https:\/\/lindstromgroup.com\/lv\/wp-json\/wp\/v2\/pages\/17323","targetHints":{"allow":["GET"]}}],"collection":[{"href":"https:\/\/lindstromgroup.com\/lv\/wp-json\/wp\/v2\/pages"}],"about":[{"href":"https:\/\/lindstromgroup.com\/lv\/wp-json\/wp\/v2\/types\/page"}],"author":[{"embeddable":true,"href":"https:\/\/lindstromgroup.com\/lv\/wp-json\/wp\/v2\/users\/43"}],"replies":[{"embeddable":true,"href":"https:\/\/lindstromgroup.com\/lv\/wp-json\/wp\/v2\/comments?post=17323"}],"version-history":[{"count":0,"href":"https:\/\/lindstromgroup.com\/lv\/wp-json\/wp\/v2\/pages\/17323\/revisions"}],"wp:attachment":[{"href":"https:\/\/lindstromgroup.com\/lv\/wp-json\/wp\/v2\/media?parent=17323"}],"wp:term":[{"taxonomy":"author","embeddable":true,"href":"https:\/\/lindstromgroup.com\/lv\/wp-json\/wp\/v2\/coauthors?post=17323"}],"curies":[{"name":"wp","href":"https:\/\/api.w.org\/{rel}","templated":true}]}}