
    {"id":16876,"date":"2024-06-26T11:18:01","date_gmt":"2024-06-26T09:18:01","guid":{"rendered":"https:\/\/lindstromgroup.com\/lv\/?page_id=16876"},"modified":"2026-03-24T09:12:25","modified_gmt":"2026-03-24T07:12:25","slug":"lindstrom-latvija-kontakti","status":"publish","type":"page","link":"https:\/\/lindstromgroup.com\/lv\/lindstrom-latvija-kontakti\/","title":{"rendered":"Lindstrom Latvija kontakti"},"content":{"rendered":"\n    <div\n        id=\"block_2568e9a5120f3406cb2385b19335e777\"\n        class=\"hero-sub hero-sub--block_2568e9a5120f3406cb2385b19335e777  flex flex-col-reverse lg:flex-row justify-between bg-dark-blue text-white\"\n    >        \n        <div class=\"flex flex-col gap-5 pt-10 pb-5 grow px-5 lg:px-20\">\n            <div class=\"flex flex-col justify-center gap-3 grow max-w-[var(--container-text-max)]\">\n                <h1 class=\"!mb-0 !text-white !text-title-medium lg:!text-title-large !font-bold hyphens-auto break-words\">\n                    Lindstrom Latvija kontakti                <\/h1>\n    \n                <div class=\"hero-sub__description\">\n                                    <\/div>\n    \n                \n                            <\/div>\n                            <div class=\"font-bold hero-sub__breadcrumb text-body-small\">\n                        <span><span><a href=\"https:\/\/lindstromgroup.com\/lv\/\">Home<\/a><\/span><\/span>                <\/div>\n                    <\/div>\n\n        <div class=\"[&#038;_picture]:w-full flex h-full lg:h-auto max-h-[350px] lg:max-h-none lg:min-h-full w-full lg:w-[650px]\">\n            <img decoding=\"async\"\n                class=\"object-cover w-full h-full\"\n                src=\"https:\/\/d2ris6qfzcz0wn.cloudfront.net\/wp-content\/uploads\/sites\/11\/2024\/06\/LiOn-Lindstrom-Latvia-office-web-2023-8-1024x683.jpg\"\n                alt=\"Lindstrom Latvija kontakti\"\n            >\n        <\/div>\n    <\/div>\n\n\n\n        <style>\n            .lindstrom-container--block_eaebf5558192e68d91fb4e4a3e8a4ba8 {                \n                padding-top: 35px;\n                padding-bottom: 35px;\n            }\n\n            @media screen and (min-width: 768px) {\n                .lindstrom-container--block_eaebf5558192e68d91fb4e4a3e8a4ba8 {\n                    padding-top: 75px;\n                    padding-bottom: 75px;\n                }\n            }\n        <\/style>\n    \n<div\n    class=\"lindstrom-container-wrapper lindstrom-container lindstrom-container--block_eaebf5558192e68d91fb4e4a3e8a4ba8 \"\n    id=\"block_eaebf5558192e68d91fb4e4a3e8a4ba8\"\n    style=\"background-color: #ffffff\"\n    >\n    <div class=\"lindstrom-container lindstrom-container--text items-stretch\">\n        \n\n        <div \n        id=\"cta-country-block_a28f0975d21fabb44b6f000bd2fc8cb0\" \n        class=\"cta-country\"\n    >\n        <div class=\"flex flex-col gap-5\" style=\"align-items: flex-start\">\n                                        <div class=\"cta-text\"><p><!-- wp:paragraph {\"align\":\"center\"} --><\/p>\n<p class=\"has-text-align-center\">Lindstrom SIA ir Somijas uz\u0146\u0113muma Lindstrom fili\u0101le Latvij\u0101, kas dibin\u0101ts lai nodro\u0161in\u0101tu tekstila servisu un nomu klientiem\u00a0 Latvijas teritorij\u0101. Lindstrom nodro\u0161ina darba vietas vair\u0101k k\u0101 200 cilv\u0113kiem: tekstila apkopes centr\u0101 Pi\u0146\u0137os, klientu apkalpo\u0161anas noda\u013c\u0101, p\u0101rdo\u0161anas noda\u013c\u0101, lo\u0123istik\u0101, m\u0101rketing\u0101 un Prodem ra\u017eotn\u0113 Tukum\u0101.<\/p>\n<p><!-- \/wp:paragraph --> <!-- wp:paragraph {\"align\":\"center\"} --><\/p>\n<p class=\"has-text-align-center\">\u0100tri un \u0113rti varat sazin\u0101ties ar mums aizpildot elektronisko piepras\u012bjuma formu , kas redzama lapas aug\u0161da\u013c\u0101, rakstot uz e-pastu\u00a0<strong><a href=\"mailto:latvija@lindstromgroup.com\">latvija@lindstromgroup.com<\/a><\/strong> vai<\/p>\n<p class=\"has-text-align-center\">zvanot uz\u00a0 klientu apkalpo\u0161anas t\u0101lruni\u00a0<a href=\"tel:0037167913120\"><strong>+371 67913120<\/strong><\/a><\/p>\n<p><!-- \/wp:paragraph --> <!-- wp:paragraph {\"align\":\"center\"} --><\/p>\n<p class=\"has-text-align-center\"><strong>B\u016bsim priec\u012bgi Jums pal\u012bdz\u0113t<\/strong><\/p>\n<p><!-- \/wp:paragraph --><\/p>\n<\/div>\n                        <div class=\"cta-button-container cta-button-container--row\">\n                            <\/div>\n        <\/div>\n    <\/div>\n    \n\n\n        <div\n        id=\"block_7fc095814a3b1a4173177190a5cc5f78\"\n        class=\"country-site-team country-site-team--block_7fc095814a3b1a4173177190a5cc5f78 \"\n    >\n        <div class=\"country-site-team__wrapper\">\n                            <div class=\"flex flex-col items-center gap-1 p-3 text-center justify-self-center\">\n                    <img decoding=\"async\" \n                        class=\"mb-4 aspect-square w-20 lg:w-[200px] object-cover rounded-full\" \n                        src=\"https:\/\/d2ris6qfzcz0wn.cloudfront.net\/wp-content\/uploads\/sites\/11\/2024\/06\/ivars-web-2026-1.jpg\" \n                    \/>\n                    <h4 class=\"m-0 font-bold text-title-small\">\n                        Ivars \u0160mits                    <\/h4>\n                    <div class=\"text-body\">\n                        Izpilddirektors                    <\/div>\n                    <div class=\"font-bold text-link-small\">\n                        <a href=\"mailto:ivars.smits@lindstromgroup.com\">\n                            ivars.smits@lindstromgroup.com                        <\/a>\n                    <\/div>\n                <\/div>\n                    <\/div>\n    <\/div>\n    \n\n\n        <div\n        id=\"block_3094402f170ab51307dba2ee6e985058\"\n        class=\"country-site-team country-site-team--block_3094402f170ab51307dba2ee6e985058 \"\n    >\n        <div class=\"country-site-team__wrapper\">\n                            <div class=\"flex flex-col items-center gap-1 p-3 text-center justify-self-center\">\n                    <img decoding=\"async\" \n                        class=\"mb-4 aspect-square w-20 lg:w-[200px] object-cover rounded-full\" \n                        src=\"https:\/\/d2ris6qfzcz0wn.cloudfront.net\/wp-content\/uploads\/sites\/11\/2024\/06\/safonova-web.jpg\" \n                    \/>\n                    <h4 class=\"m-0 font-bold text-title-small\">\n                        Aleksandra Safonova                    <\/h4>\n                    <div class=\"text-body\">\n                        Person\u0101lda\u013cas vad\u012bt\u0101ja                    <\/div>\n                    <div class=\"font-bold text-link-small\">\n                        <a href=\"mailto:aleksandra.safonova@lindstromgroup.com\">\n                            aleksandra.safonova@lindstromgroup.com                        <\/a>\n                    <\/div>\n                <\/div>\n                            <div class=\"flex flex-col items-center gap-1 p-3 text-center justify-self-center\">\n                    <img decoding=\"async\" \n                        class=\"mb-4 aspect-square w-20 lg:w-[200px] object-cover rounded-full\" \n                        src=\"https:\/\/d2ris6qfzcz0wn.cloudfront.net\/wp-content\/uploads\/sites\/11\/2024\/06\/andriss-web.jpg\" \n                    \/>\n                    <h4 class=\"m-0 font-bold text-title-small\">\n                        Andris \u0160teinbergs                    <\/h4>\n                    <div class=\"text-body\">\n                        Ra\u017eo\u0161anas koordinators                    <\/div>\n                    <div class=\"font-bold text-link-small\">\n                        <a href=\"mailto:andris.steinbergs@lindstromgroup.com\">\n                            andris.steinbergs@lindstromgroup.com                        <\/a>\n                    <\/div>\n                <\/div>\n                            <div class=\"flex flex-col items-center gap-1 p-3 text-center justify-self-center\">\n                    <img decoding=\"async\" \n                        class=\"mb-4 aspect-square w-20 lg:w-[200px] object-cover rounded-full\" \n                        src=\"https:\/\/d2ris6qfzcz0wn.cloudfront.net\/wp-content\/uploads\/sites\/11\/2024\/06\/j.buk-web-2026.jpg\" \n                    \/>\n                    <h4 class=\"m-0 font-bold text-title-small\">\n                        J\u0101nis Bukovskis                    <\/h4>\n                    <div class=\"text-body\">\n                        Mazo un vid\u0113jo klientu p\u0101rdo\u0161anas noda\u013cas vad\u012bt\u0101js                    <\/div>\n                    <div class=\"font-bold text-link-small\">\n                        <a href=\"mailto:janis.bukovskis@lindstromgroup.com\">\n                            janis.bukovskis@lindstromgroup.com                        <\/a>\n                    <\/div>\n                <\/div>\n                    <\/div>\n    <\/div>\n    \n\n\n        <div\n        id=\"block_402709db70fd254b46f12ed5104446bb\"\n        class=\"country-site-team country-site-team--block_402709db70fd254b46f12ed5104446bb \"\n    >\n        <div class=\"country-site-team__wrapper\">\n                            <div class=\"flex flex-col items-center gap-1 p-3 text-center justify-self-center\">\n                    <img decoding=\"async\" \n                        class=\"mb-4 aspect-square w-20 lg:w-[200px] object-cover rounded-full\" \n                        src=\"https:\/\/d2ris6qfzcz0wn.cloudfront.net\/wp-content\/uploads\/sites\/11\/2026\/01\/diana-web-2026.jpg\" \n                    \/>\n                    <h4 class=\"m-0 font-bold text-title-small\">\n                        Di\u0101na \u013ba\u0161enko                    <\/h4>\n                    <div class=\"text-body\">\n                        Transporta pl\u0101not\u0101ja                    <\/div>\n                    <div class=\"font-bold text-link-small\">\n                        <a href=\"mailto:diana.lasenko@lindstromgroup.com\">\n                            diana.lasenko@lindstromgroup.com                        <\/a>\n                    <\/div>\n                <\/div>\n                            <div class=\"flex flex-col items-center gap-1 p-3 text-center justify-self-center\">\n                    <img decoding=\"async\" \n                        class=\"mb-4 aspect-square w-20 lg:w-[200px] object-cover rounded-full\" \n                        src=\"https:\/\/d2ris6qfzcz0wn.cloudfront.net\/wp-content\/uploads\/sites\/11\/2024\/06\/ivetas-web-2026.jpg\" \n                    \/>\n                    <h4 class=\"m-0 font-bold text-title-small\">\n                        Iveta Spr\u016bde                    <\/h4>\n                    <div class=\"text-body\">\n                        Klientu apkalpo\u0161anas strukt\u016brvien\u012bbas vad\u012bt\u0101ja                    <\/div>\n                    <div class=\"font-bold text-link-small\">\n                        <a href=\"mailto:iveta.sprude@lindstromgroup.com\">\n                            iveta.sprude@lindstromgroup.com                        <\/a>\n                    <\/div>\n                <\/div>\n                            <div class=\"flex flex-col items-center gap-1 p-3 text-center justify-self-center\">\n                    <img decoding=\"async\" \n                        class=\"mb-4 aspect-square w-20 lg:w-[200px] object-cover rounded-full\" \n                        src=\"https:\/\/d2ris6qfzcz0wn.cloudfront.net\/wp-content\/uploads\/sites\/11\/2026\/01\/marta-web-2026.jpg\" \n                    \/>\n                    <h4 class=\"m-0 font-bold text-title-small\">\n                        Marta Skare-Germane                    <\/h4>\n                    <div class=\"text-body\">\n                        Ra\u017eo\u0161anas koordinatore                    <\/div>\n                    <div class=\"font-bold text-link-small\">\n                        <a href=\"mailto:marta.skare@lindstromgroup.com\">\n                            marta.skare@lindstromgroup.com                        <\/a>\n                    <\/div>\n                <\/div>\n                    <\/div>\n    <\/div>\n    \n\n\n        <div\n        id=\"block_504f09c4b977108ebfc3e61508135396\"\n        class=\"country-site-team country-site-team--block_504f09c4b977108ebfc3e61508135396 \"\n    >\n        <div class=\"country-site-team__wrapper\">\n                            <div class=\"flex flex-col items-center gap-1 p-3 text-center justify-self-center\">\n                    <img decoding=\"async\" \n                        class=\"mb-4 aspect-square w-20 lg:w-[200px] object-cover rounded-full\" \n                        src=\"https:\/\/d2ris6qfzcz0wn.cloudfront.net\/wp-content\/uploads\/sites\/11\/2024\/06\/mairita-web-2026.jpg\" \n                    \/>\n                    <h4 class=\"m-0 font-bold text-title-small\">\n                        Mairita Kazeka                    <\/h4>\n                    <div class=\"text-body\">\n                        Klientu atbalsta noda\u013cas vad\u012bt\u0101ja                    <\/div>\n                    <div class=\"font-bold text-link-small\">\n                        <a href=\"mailto:mairita.kazeka@lindstromgroup.com\">\n                            mairita.kazeka@lindstromgroup.com                        <\/a>\n                    <\/div>\n                <\/div>\n                            <div class=\"flex flex-col items-center gap-1 p-3 text-center justify-self-center\">\n                    <img decoding=\"async\" \n                        class=\"mb-4 aspect-square w-20 lg:w-[200px] object-cover rounded-full\" \n                        src=\"https:\/\/d2ris6qfzcz0wn.cloudfront.net\/wp-content\/uploads\/sites\/11\/2024\/06\/liga-web-2026.jpg\" \n                    \/>\n                    <h4 class=\"m-0 font-bold text-title-small\">\n                        L\u012bga Reinfelde                    <\/h4>\n                    <div class=\"text-body\">\n                        Iepirc\u0113ja                    <\/div>\n                    <div class=\"font-bold text-link-small\">\n                        <a href=\"mailto:liga.reinfelde@lindstromgroup.com\">\n                            liga.reinfelde@lindstromgroup.com                        <\/a>\n                    <\/div>\n                <\/div>\n                            <div class=\"flex flex-col items-center gap-1 p-3 text-center justify-self-center\">\n                    <img decoding=\"async\" \n                        class=\"mb-4 aspect-square w-20 lg:w-[200px] object-cover rounded-full\" \n                        src=\"https:\/\/d2ris6qfzcz0wn.cloudfront.net\/wp-content\/uploads\/sites\/11\/2024\/06\/karlis-web.jpg\" \n                    \/>\n                    <h4 class=\"m-0 font-bold text-title-small\">\n                        K\u0101rlis Zari\u0146\u0161                    <\/h4>\n                    <div class=\"text-body\">\n                        M\u0101rketinga un komunik\u0101cijas vad\u012bt\u0101js                    <\/div>\n                    <div class=\"font-bold text-link-small\">\n                        <a href=\"mailto:karlis.zarins@lindstromgroup.com\">\n                            karlis.zarins@lindstromgroup.com                        <\/a>\n                    <\/div>\n                <\/div>\n                    <\/div>\n    <\/div>\n    \n\n    <\/div>\n<\/div>\n\n\n\n<p><\/p>\n","protected":false},"excerpt":{"rendered":"","protected":false},"author":14,"featured_media":0,"parent":0,"menu_order":0,"comment_status":"closed","ping_status":"closed","template":"","meta":{"_acf_changed":true,"inline_featured_image":false,"_eb_attr":"","site-sidebar-layout":"default","site-content-layout":"","ast-site-content-layout":"default","site-content-style":"default","site-sidebar-style":"default","ast-global-header-display":"","ast-banner-title-visibility":"","ast-main-header-display":"","ast-hfb-above-header-display":"","ast-hfb-below-header-display":"","ast-hfb-mobile-header-display":"","site-post-title":"","ast-breadcrumbs-content":"","ast-featured-img":"","footer-sml-layout":"","ast-disable-related-posts":"","theme-transparent-header-meta":"","adv-header-id-meta":"","stick-header-meta":"","header-above-stick-meta":"","header-main-stick-meta":"","header-below-stick-meta":"","astra-migrate-meta-layouts":"set","ast-page-background-enabled":"default","ast-page-background-meta":{"desktop":{"background-color":"var(--ast-global-color-4)","background-image":"","background-repeat":"repeat","background-position":"center center","background-size":"auto","background-attachment":"scroll","background-type":"","background-media":"","overlay-type":"","overlay-color":"","overlay-opacity":"","overlay-gradient":""},"tablet":{"background-color":"","background-image":"","background-repeat":"repeat","background-position":"center center","background-size":"auto","background-attachment":"scroll","background-type":"","background-media":"","overlay-type":"","overlay-color":"","overlay-opacity":"","overlay-gradient":""},"mobile":{"background-color":"","background-image":"","background-repeat":"repeat","background-position":"center center","background-size":"auto","background-attachment":"scroll","background-type":"","background-media":"","overlay-type":"","overlay-color":"","overlay-opacity":"","overlay-gradient":""}},"ast-content-background-meta":{"desktop":{"background-color":"var(--ast-global-color-5)","background-image":"","background-repeat":"repeat","background-position":"center center","background-size":"auto","background-attachment":"scroll","background-type":"","background-media":"","overlay-type":"","overlay-color":"","overlay-opacity":"","overlay-gradient":""},"tablet":{"background-color":"var(--ast-global-color-5)","background-image":"","background-repeat":"repeat","background-position":"center center","background-size":"auto","background-attachment":"scroll","background-type":"","background-media":"","overlay-type":"","overlay-color":"","overlay-opacity":"","overlay-gradient":""},"mobile":{"background-color":"var(--ast-global-color-5)","background-image":"","background-repeat":"repeat","background-position":"center center","background-size":"auto","background-attachment":"scroll","background-type":"","background-media":"","overlay-type":"","overlay-color":"","overlay-opacity":"","overlay-gradient":""}},"footnotes":""},"coauthors":[20],"class_list":["post-16876","page","type-page","status-publish","hentry"],"acf":[],"yoast_head":"<!-- This site is optimized with the Yoast SEO plugin v27.2 - https:\/\/yoast.com\/product\/yoast-seo-wordpress\/ -->\n<title>Lindstrom Latvija kontakti - Lindstr\u00f6m Latvia<\/title>\n<meta name=\"robots\" content=\"index, follow, max-snippet:-1, max-image-preview:large, max-video-preview:-1\" \/>\n<meta property=\"og:locale\" content=\"lv_LV\" \/>\n<meta property=\"og:type\" content=\"article\" \/>\n<meta property=\"og:title\" content=\"Lindstrom Latvija kontakti - Lindstr\u00f6m Latvia\" \/>\n<meta property=\"og:url\" content=\"https:\/\/lindstromgroup.com\/lv\/lindstrom-latvija-kontakti\/\" \/>\n<meta property=\"og:site_name\" content=\"Lindstr\u00f6m Latvia\" \/>\n<meta property=\"article:modified_time\" content=\"2026-03-24T07:12:25+00:00\" \/>\n<meta name=\"twitter:card\" content=\"summary_large_image\" \/>\n<meta name=\"twitter:label1\" content=\"Est. reading time\" \/>\n\t<meta name=\"twitter:data1\" content=\"1 min\u016bte\" \/>\n\t<meta name=\"twitter:label2\" content=\"Written by\" \/>\n\t<meta name=\"twitter:data2\" content=\"Lindstr\u00f6m Group\" \/>\n<script type=\"application\/ld+json\" class=\"yoast-schema-graph\">{\"@context\":\"https:\/\/schema.org\",\"@graph\":[{\"@type\":\"WebPage\",\"@id\":\"https:\/\/lindstromgroup.com\/lv\/lindstrom-latvija-kontakti\/\",\"url\":\"https:\/\/lindstromgroup.com\/lv\/lindstrom-latvija-kontakti\/\",\"name\":\"Lindstrom Latvija kontakti - Lindstr\u00f6m Latvia\",\"isPartOf\":{\"@id\":\"https:\/\/lindstromgroup.com\/lv\/#website\"},\"datePublished\":\"2024-06-26T09:18:01+00:00\",\"dateModified\":\"2026-03-24T07:12:25+00:00\",\"breadcrumb\":{\"@id\":\"https:\/\/lindstromgroup.com\/lv\/lindstrom-latvija-kontakti\/#breadcrumb\"},\"inLanguage\":\"lv-LV\",\"potentialAction\":[{\"@type\":\"ReadAction\",\"target\":[\"https:\/\/lindstromgroup.com\/lv\/lindstrom-latvija-kontakti\/\"]}]},{\"@type\":\"BreadcrumbList\",\"@id\":\"https:\/\/lindstromgroup.com\/lv\/lindstrom-latvija-kontakti\/#breadcrumb\",\"itemListElement\":[{\"@type\":\"ListItem\",\"position\":1,\"name\":\"Home\",\"item\":\"https:\/\/lindstromgroup.com\/lv\/\"},{\"@type\":\"ListItem\",\"position\":2,\"name\":\"Lindstrom Latvija kontakti\"}]},{\"@type\":\"WebSite\",\"@id\":\"https:\/\/lindstromgroup.com\/lv\/#website\",\"url\":\"https:\/\/lindstromgroup.com\/lv\/\",\"name\":\"Lindstr\u00f6m Latvia\",\"description\":\"\",\"publisher\":{\"@id\":\"https:\/\/lindstromgroup.com\/lv\/#organization\"},\"potentialAction\":[{\"@type\":\"SearchAction\",\"target\":{\"@type\":\"EntryPoint\",\"urlTemplate\":\"https:\/\/lindstromgroup.com\/lv\/?s={search_term_string}\"},\"query-input\":{\"@type\":\"PropertyValueSpecification\",\"valueRequired\":true,\"valueName\":\"search_term_string\"}}],\"inLanguage\":\"lv-LV\"},{\"@type\":\"Organization\",\"@id\":\"https:\/\/lindstromgroup.com\/lv\/#organization\",\"name\":\"Lindstr\u00f6m Latvija\",\"url\":\"https:\/\/lindstromgroup.com\/lv\/\",\"logo\":{\"@type\":\"ImageObject\",\"inLanguage\":\"lv-LV\",\"@id\":\"https:\/\/lindstromgroup.com\/lv\/#\/schema\/logo\/image\/\",\"url\":\"https:\/\/d2ris6qfzcz0wn.cloudfront.net\/wp-content\/uploads\/sites\/11\/2023\/10\/Logo512.png\",\"contentUrl\":\"https:\/\/d2ris6qfzcz0wn.cloudfront.net\/wp-content\/uploads\/sites\/11\/2023\/10\/Logo512.png\",\"width\":512,\"height\":109,\"caption\":\"Lindstr\u00f6m Latvija\"},\"image\":{\"@id\":\"https:\/\/lindstromgroup.com\/lv\/#\/schema\/logo\/image\/\"}}]}<\/script>\n<!-- \/ Yoast SEO plugin. -->","yoast_head_json":{"title":"Lindstrom Latvija kontakti - Lindstr\u00f6m Latvia","robots":{"index":"index","follow":"follow","max-snippet":"max-snippet:-1","max-image-preview":"max-image-preview:large","max-video-preview":"max-video-preview:-1"},"og_locale":"lv_LV","og_type":"article","og_title":"Lindstrom Latvija kontakti - Lindstr\u00f6m Latvia","og_url":"https:\/\/lindstromgroup.com\/lv\/lindstrom-latvija-kontakti\/","og_site_name":"Lindstr\u00f6m Latvia","article_modified_time":"2026-03-24T07:12:25+00:00","twitter_card":"summary_large_image","twitter_misc":{"Est. reading time":"1 min\u016bte","Written by":"Lindstr\u00f6m Group"},"schema":{"@context":"https:\/\/schema.org","@graph":[{"@type":"WebPage","@id":"https:\/\/lindstromgroup.com\/lv\/lindstrom-latvija-kontakti\/","url":"https:\/\/lindstromgroup.com\/lv\/lindstrom-latvija-kontakti\/","name":"Lindstrom Latvija kontakti - Lindstr\u00f6m Latvia","isPartOf":{"@id":"https:\/\/lindstromgroup.com\/lv\/#website"},"datePublished":"2024-06-26T09:18:01+00:00","dateModified":"2026-03-24T07:12:25+00:00","breadcrumb":{"@id":"https:\/\/lindstromgroup.com\/lv\/lindstrom-latvija-kontakti\/#breadcrumb"},"inLanguage":"lv-LV","potentialAction":[{"@type":"ReadAction","target":["https:\/\/lindstromgroup.com\/lv\/lindstrom-latvija-kontakti\/"]}]},{"@type":"BreadcrumbList","@id":"https:\/\/lindstromgroup.com\/lv\/lindstrom-latvija-kontakti\/#breadcrumb","itemListElement":[{"@type":"ListItem","position":1,"name":"Home","item":"https:\/\/lindstromgroup.com\/lv\/"},{"@type":"ListItem","position":2,"name":"Lindstrom Latvija kontakti"}]},{"@type":"WebSite","@id":"https:\/\/lindstromgroup.com\/lv\/#website","url":"https:\/\/lindstromgroup.com\/lv\/","name":"Lindstr\u00f6m Latvia","description":"","publisher":{"@id":"https:\/\/lindstromgroup.com\/lv\/#organization"},"potentialAction":[{"@type":"SearchAction","target":{"@type":"EntryPoint","urlTemplate":"https:\/\/lindstromgroup.com\/lv\/?s={search_term_string}"},"query-input":{"@type":"PropertyValueSpecification","valueRequired":true,"valueName":"search_term_string"}}],"inLanguage":"lv-LV"},{"@type":"Organization","@id":"https:\/\/lindstromgroup.com\/lv\/#organization","name":"Lindstr\u00f6m Latvija","url":"https:\/\/lindstromgroup.com\/lv\/","logo":{"@type":"ImageObject","inLanguage":"lv-LV","@id":"https:\/\/lindstromgroup.com\/lv\/#\/schema\/logo\/image\/","url":"https:\/\/d2ris6qfzcz0wn.cloudfront.net\/wp-content\/uploads\/sites\/11\/2023\/10\/Logo512.png","contentUrl":"https:\/\/d2ris6qfzcz0wn.cloudfront.net\/wp-content\/uploads\/sites\/11\/2023\/10\/Logo512.png","width":512,"height":109,"caption":"Lindstr\u00f6m Latvija"},"image":{"@id":"https:\/\/lindstromgroup.com\/lv\/#\/schema\/logo\/image\/"}}]}},"publishpress_future_workflow_manual_trigger":{"enabledWorkflows":[]},"distributor_meta":false,"distributor_terms":false,"distributor_media":false,"distributor_original_site_name":"Lindstr\u00f6m Latvia","distributor_original_site_url":"https:\/\/lindstromgroup.com\/lv","push-errors":false,"_links":{"self":[{"href":"https:\/\/lindstromgroup.com\/lv\/wp-json\/wp\/v2\/pages\/16876","targetHints":{"allow":["GET"]}}],"collection":[{"href":"https:\/\/lindstromgroup.com\/lv\/wp-json\/wp\/v2\/pages"}],"about":[{"href":"https:\/\/lindstromgroup.com\/lv\/wp-json\/wp\/v2\/types\/page"}],"author":[{"embeddable":true,"href":"https:\/\/lindstromgroup.com\/lv\/wp-json\/wp\/v2\/users\/14"}],"replies":[{"embeddable":true,"href":"https:\/\/lindstromgroup.com\/lv\/wp-json\/wp\/v2\/comments?post=16876"}],"version-history":[{"count":0,"href":"https:\/\/lindstromgroup.com\/lv\/wp-json\/wp\/v2\/pages\/16876\/revisions"}],"wp:attachment":[{"href":"https:\/\/lindstromgroup.com\/lv\/wp-json\/wp\/v2\/media?parent=16876"}],"wp:term":[{"taxonomy":"author","embeddable":true,"href":"https:\/\/lindstromgroup.com\/lv\/wp-json\/wp\/v2\/coauthors?post=16876"}],"curies":[{"name":"wp","href":"https:\/\/api.w.org\/{rel}","templated":true}]}}