
    {"id":16865,"date":"2024-06-26T10:40:44","date_gmt":"2024-06-26T08:40:44","guid":{"rendered":"https:\/\/lindstromgroup.com\/lv\/?page_id=16865"},"modified":"2024-09-13T11:59:42","modified_gmt":"2024-09-13T09:59:42","slug":"uzlabojumi-neto-nulle-nakotnei","status":"publish","type":"page","link":"https:\/\/lindstromgroup.com\/lv\/uzlabojumi-neto-nulle-nakotnei\/","title":{"rendered":"Uzlabojumi \u201cneto nulle\u201d n\u0101kotnei"},"content":{"rendered":"\n    <div\n        id=\"block_90661e233dfe77b0240d519f721463fd\"\n        class=\"hero-sub hero-sub--block_90661e233dfe77b0240d519f721463fd  flex flex-col-reverse lg:flex-row justify-between bg-dark-blue text-white\"\n    >        \n        <div class=\"flex flex-col gap-5 pt-10 pb-5 grow px-5 lg:px-20\">\n            <div class=\"flex flex-col justify-center gap-3 grow max-w-[var(--container-text-max)]\">\n                <h1 class=\"!mb-0 !text-white !text-title-medium lg:!text-title-large !font-bold hyphens-auto break-words\">\n                    L\u0113mumi lab\u0101kai r\u012btdienai                <\/h1>\n    \n                <div class=\"hero-sub__description\">\n                    <p>M\u016bsu m\u0113r\u0137is ir l\u012bdz 2030. gadam uz pusi samazin\u0101t siltumn\u012bcefekta g\u0101zu emisijas. Savuk\u0101rt l\u012bdz 2050. gadam vis\u0101 m\u016bsu v\u0113rt\u012bbu \u0137\u0113d\u0113 sasniegt \u201cNeto Nulli\u201d jeb \u201cNet Zero\u201d. M\u016bsu m\u0113r\u0137us ir apstiprin\u0101jusi \u201cZin\u0101tnes m\u0113r\u0137u iniciat\u012bva\u201d, lai nodro\u0161in\u0101tu to sader\u012bbu ar jaun\u0101kajiem klimata zin\u0101tnes datiem.<\/p>\n                <\/div>\n    \n                \n                            <\/div>\n                            <div class=\"font-bold hero-sub__breadcrumb text-body-small\">\n                        <span><span><a href=\"https:\/\/lindstromgroup.com\/lv\/\">Home<\/a><\/span><\/span>                <\/div>\n                    <\/div>\n\n        <div class=\"[&#038;_picture]:w-full flex h-full lg:h-auto max-h-[350px] lg:max-h-none lg:min-h-full w-full lg:w-[650px]\">\n            <img decoding=\"async\"\n                class=\"object-cover w-full h-full\"\n                src=\"https:\/\/d2ris6qfzcz0wn.cloudfront.net\/wp-content\/uploads\/sites\/11\/2024\/06\/Lindstrom_Netzero_visual_wide_01_V01-1-1024x565.jpg\"\n                alt=\"M\u016bsu m\u0113r\u0137is ir l\u012bdz 2030. gadam uz pusi samazin\u0101t siltumn\u012bcefekta g\u0101zu emisijas. Savuk\u0101rt l\u012bdz 2050. gadam vis\u0101 m\u016bsu v\u0113rt\u012bbu \u0137\u0113d\u0113 sasniegt \u201cNeto Nulli\u201d jeb \u201cNet Zero\u201d. M\u016bsu m\u0113r\u0137us ir apstiprin\u0101jusi \u201cZin\u0101tnes m\u0113r\u0137u iniciat\u012bva\u201d, lai nodro\u0161in\u0101tu to sader\u012bbu ar jaun\u0101kajiem klimata zin\u0101tnes datiem.\"\n            >\n        <\/div>\n    <\/div>\n\n\n\n        <style>\n            .lindstrom-container--block_1d9282af73c94a66adaf149bb81e2078 {                \n                padding-top: 35px;\n                padding-bottom: 35px;\n            }\n\n            @media screen and (min-width: 768px) {\n                .lindstrom-container--block_1d9282af73c94a66adaf149bb81e2078 {\n                    padding-top: 75px;\n                    padding-bottom: 75px;\n                }\n            }\n        <\/style>\n    \n<div\n    class=\"lindstrom-container-wrapper lindstrom-container lindstrom-container--block_1d9282af73c94a66adaf149bb81e2078 \"\n    id=\"block_1d9282af73c94a66adaf149bb81e2078\"\n    style=\"background-color: #f4f4f4\"\n    >\n    <div class=\"lindstrom-container lindstrom-container--text items-stretch\">\n        \n\n        <div \n        id=\"cta-country-block_5cac14cff763bddf6ef46dc0ccd4e7f7\" \n        class=\"cta-country\"\n    >\n        <div class=\"flex flex-col gap-5\" style=\"align-items: flex-start\">\n                            <h2 class='!text-title-small lg:!text-title-medium !text-grey-100 !font-bold !my-0'>                    Ce\u013c\u0161 uz \u201cNeto Nulli\u201d ir s\u0101cies                <\/h2>                                        <div class=\"cta-text\"><p><!-- wp:paragraph --><\/p>\n<p>M\u016bsu m\u0113r\u0137is ir l\u012bdz 2030. gadam uz pusi samazin\u0101t siltumn\u012bcefekta g\u0101zu emisijas.<\/p>\n<p><!-- \/wp:paragraph --> <!-- wp:paragraph --><\/p>\n<p>Savuk\u0101rt l\u012bdz 2050. gadam vis\u0101 m\u016bsu v\u0113rt\u012bbu \u0137\u0113d\u0113 sasniegt \u201cNeto Nulli\u201d jeb \u201cNet Zero\u201d. M\u016bsu m\u0113r\u0137us ir apstiprin\u0101jusi \u201c<a href=\"https:\/\/sciencebasedtargets.org\/\">Zin\u0101tnes m\u0113r\u0137u iniciat\u012bva\u201d<\/a>, lai nodro\u0161in\u0101tu to sader\u012bbu ar jaun\u0101kajiem klimata zin\u0101tnes datiem.<\/p>\n<p><!-- \/wp:paragraph --> <!-- wp:paragraph --><\/p>\n<p>Lindstrom visus servisa centrus virza uz energoefektivit\u0101tes uzlabo\u0161anu un p\u0101reju uz atjaunojamiem ener\u0123ijas un elektroener\u0123ijas avotiem. Piem\u0113ram, Lindstrom servisa centr\u0101 Pi\u0146\u0137os, 2023, gada vasar\u0101 tika uzst\u0101d\u012bti\u00a0<a href=\"https:\/\/lindstromgroup.com\/lv\/jaunumi\/lindstrom-servisa-centra-pinkos-uzstaditi-655-saules-paneli\/\">655 saules pane\u013ci<\/a>\u00a0ar kop\u0113jo jaudu 245 kW, kas ik gadu sara\u017eos ap 226 620 kWh za\u013c\u0101s elektroener\u0123ijas. Turpm\u0101k, izmantojot saules pane\u013cu sara\u017eoto za\u013co elektroener\u0123iju, atmosf\u0113r\u0101 gad\u0101 non\u0101ks par 68,57 tonnu maz\u0101k CO<sub>2<\/sub>\u00a0emisiju* \u2012 tas ir l\u012bdzv\u0113rt\u012bgi 3117 iest\u0101d\u012btiem kokiem. Ar \u0161o invest\u012bciju saules ener\u0123ij\u0101 \u201cLindstrom Latvija\u201d k\u013cuva par pirmo no \u201cLindstrom\u201d grupas uz\u0146\u0113mumiem, kas realiz\u0113jis \u0161\u0101da apjoma saules pane\u013cu parku Zieme\u013cvalstu un Baltijas re\u0123ion\u0101.<\/p>\n<p><!-- \/wp:paragraph --><\/p>\n<\/div>\n                        <div class=\"cta-button-container cta-button-container--row\">\n                            <\/div>\n        <\/div>\n    <\/div>\n    \n\n\n<figure class=\"wp-block-image aligncenter size-full\"><img decoding=\"async\" width=\"992\" height=\"577\" src=\"https:\/\/d2ris6qfzcz0wn.cloudfront.net\/wp-content\/uploads\/sites\/11\/2024\/06\/LT-Net-Zero-Roadmap-LAT-992x577-1.png\" alt=\"\" class=\"wp-image-16870\" srcset=\"https:\/\/d2ris6qfzcz0wn.cloudfront.net\/wp-content\/uploads\/sites\/11\/2024\/06\/LT-Net-Zero-Roadmap-LAT-992x577-1.png 992w, https:\/\/d2ris6qfzcz0wn.cloudfront.net\/wp-content\/uploads\/sites\/11\/2024\/06\/LT-Net-Zero-Roadmap-LAT-992x577-1-300x174.png 300w, https:\/\/d2ris6qfzcz0wn.cloudfront.net\/wp-content\/uploads\/sites\/11\/2024\/06\/LT-Net-Zero-Roadmap-LAT-992x577-1-768x447.png 768w\" sizes=\"(max-width: 992px) 100vw, 992px\" \/><\/figure>\n\n\n    <\/div>\n<\/div>\n\n\n\n        <style>\n            .lindstrom-container--block_330e634d139284931d5112aff288be69 {                \n                padding-top: 35px;\n                padding-bottom: 35px;\n            }\n\n            @media screen and (min-width: 768px) {\n                .lindstrom-container--block_330e634d139284931d5112aff288be69 {\n                    padding-top: 75px;\n                    padding-bottom: 75px;\n                }\n            }\n        <\/style>\n    \n<div\n    class=\"lindstrom-container-wrapper lindstrom-container lindstrom-container--block_330e634d139284931d5112aff288be69 \"\n    id=\"block_330e634d139284931d5112aff288be69\"\n    style=\"background-color: #ffffff\"\n    >\n    <div class=\"lindstrom-container lindstrom-container--text items-stretch\">\n        \n\n        <div \n        id=\"cta-country-block_fde126e3539f900ce6e2e0dbc7bf9d9c\" \n        class=\"cta-country\"\n    >\n        <div class=\"flex flex-col gap-5\" style=\"align-items: flex-start\">\n                            <h2 class='!text-title-small lg:!text-title-medium !text-grey-100 !font-bold !my-0'>                    Zin\u0101tniski pamatoti m\u0113r\u0137i                <\/h2>                                        <div class=\"cta-text\"><p>Lindstr\u00f6m grupa ir ap\u0146\u0113musies l\u012bdz 2050. gadam sasniegt praktiski nulles siltumn\u012bcefekta g\u0101zu emisijas vis\u0101 t\u0101s v\u0113rt\u012bbu \u0137\u0113d\u0113, pamatojoties uz b\u0101zes gadu 2021 (m\u0113r\u0137a robe\u017ea ietver ar zemi saist\u012bt\u0101s emisijas un emisijas no bioener\u0123ijas izejviel\u0101m).<\/p>\n<\/div>\n                        <div class=\"cta-button-container cta-button-container--row\">\n                            <\/div>\n        <\/div>\n    <\/div>\n    \n\n\n<figure class=\"wp-block-embed is-type-video is-provider-youtube wp-block-embed-youtube wp-embed-aspect-16-9 wp-has-aspect-ratio\"><div class=\"wp-block-embed__wrapper\">\n<iframe loading=\"lazy\" title=\"Threads reshaped for a net-zero future - Lindstr\u00f6m Group (with subtitles)\" width=\"500\" height=\"281\" src=\"https:\/\/www.youtube.com\/embed\/ZaAVgw02zus?feature=oembed&#038;enablejsapi=1&#038;origin=https:\/\/lindstromgroup.com\" frameborder=\"0\" allow=\"accelerometer; autoplay; clipboard-write; encrypted-media; gyroscope; picture-in-picture; web-share\" referrerpolicy=\"strict-origin-when-cross-origin\" allowfullscreen><\/iframe>\n<\/div><\/figure>\n\n\n\n<div aria-hidden=\"true\" class=\"wp-block-fsb-flexible-spacer fsb-flexible-spacer\"><div class=\"fsb-flexible-spacer__device fsb-flexible-spacer__device--lg\" style=\"height:75px\"><\/div><div class=\"fsb-flexible-spacer__device fsb-flexible-spacer__device--md\" style=\"height:35px\"><\/div><div class=\"fsb-flexible-spacer__device fsb-flexible-spacer__device--sm\" style=\"height:35px\"><\/div><\/div>\n\n\n\n<figure class=\"wp-block-image aligncenter size-full\"><a href=\"https:\/\/sciencebasedtargets.org\/\"><img decoding=\"async\" width=\"600\" height=\"344\" src=\"https:\/\/d2ris6qfzcz0wn.cloudfront.net\/wp-content\/uploads\/sites\/11\/2024\/06\/SBT_logo-600x344-1.jpg\" alt=\"\" class=\"wp-image-16871\" srcset=\"https:\/\/d2ris6qfzcz0wn.cloudfront.net\/wp-content\/uploads\/sites\/11\/2024\/06\/SBT_logo-600x344-1.jpg 600w, https:\/\/d2ris6qfzcz0wn.cloudfront.net\/wp-content\/uploads\/sites\/11\/2024\/06\/SBT_logo-600x344-1-300x172.jpg 300w\" sizes=\"(max-width: 600px) 100vw, 600px\" \/><\/a><\/figure>\n\n\n    <\/div>\n<\/div>\n","protected":false},"excerpt":{"rendered":"","protected":false},"author":43,"featured_media":0,"parent":0,"menu_order":0,"comment_status":"closed","ping_status":"closed","template":"","meta":{"_acf_changed":true,"inline_featured_image":false,"_eb_attr":"","site-sidebar-layout":"default","site-content-layout":"","ast-site-content-layout":"default","site-content-style":"default","site-sidebar-style":"default","ast-global-header-display":"","ast-banner-title-visibility":"","ast-main-header-display":"","ast-hfb-above-header-display":"","ast-hfb-below-header-display":"","ast-hfb-mobile-header-display":"","site-post-title":"disabled","ast-breadcrumbs-content":"","ast-featured-img":"","footer-sml-layout":"","ast-disable-related-posts":"","theme-transparent-header-meta":"","adv-header-id-meta":"","stick-header-meta":"","header-above-stick-meta":"","header-main-stick-meta":"","header-below-stick-meta":"","astra-migrate-meta-layouts":"default","ast-page-background-enabled":"default","ast-page-background-meta":{"desktop":{"background-color":"var(--ast-global-color-4)","background-image":"","background-repeat":"repeat","background-position":"center center","background-size":"auto","background-attachment":"scroll","background-type":"","background-media":"","overlay-type":"","overlay-color":"","overlay-opacity":"","overlay-gradient":""},"tablet":{"background-color":"","background-image":"","background-repeat":"repeat","background-position":"center center","background-size":"auto","background-attachment":"scroll","background-type":"","background-media":"","overlay-type":"","overlay-color":"","overlay-opacity":"","overlay-gradient":""},"mobile":{"background-color":"","background-image":"","background-repeat":"repeat","background-position":"center center","background-size":"auto","background-attachment":"scroll","background-type":"","background-media":"","overlay-type":"","overlay-color":"","overlay-opacity":"","overlay-gradient":""}},"ast-content-background-meta":{"desktop":{"background-color":"var(--ast-global-color-5)","background-image":"","background-repeat":"repeat","background-position":"center center","background-size":"auto","background-attachment":"scroll","background-type":"","background-media":"","overlay-type":"","overlay-color":"","overlay-opacity":"","overlay-gradient":""},"tablet":{"background-color":"var(--ast-global-color-5)","background-image":"","background-repeat":"repeat","background-position":"center center","background-size":"auto","background-attachment":"scroll","background-type":"","background-media":"","overlay-type":"","overlay-color":"","overlay-opacity":"","overlay-gradient":""},"mobile":{"background-color":"var(--ast-global-color-5)","background-image":"","background-repeat":"repeat","background-position":"center center","background-size":"auto","background-attachment":"scroll","background-type":"","background-media":"","overlay-type":"","overlay-color":"","overlay-opacity":"","overlay-gradient":""}},"footnotes":""},"coauthors":[22],"class_list":["post-16865","page","type-page","status-publish","hentry"],"acf":[],"yoast_head":"<!-- This site is optimized with the Yoast SEO plugin v27.2 - https:\/\/yoast.com\/product\/yoast-seo-wordpress\/ -->\n<title>Uzlabojumi \u201cneto nulle\u201d n\u0101kotnei - Lindstr\u00f6m Latvia<\/title>\n<meta name=\"robots\" content=\"index, follow, max-snippet:-1, max-image-preview:large, max-video-preview:-1\" \/>\n<meta property=\"og:locale\" content=\"lv_LV\" \/>\n<meta property=\"og:type\" content=\"article\" \/>\n<meta property=\"og:title\" content=\"Uzlabojumi \u201cneto nulle\u201d n\u0101kotnei - Lindstr\u00f6m Latvia\" \/>\n<meta property=\"og:url\" content=\"https:\/\/lindstromgroup.com\/lv\/uzlabojumi-neto-nulle-nakotnei\/\" \/>\n<meta property=\"og:site_name\" content=\"Lindstr\u00f6m Latvia\" \/>\n<meta property=\"article:modified_time\" content=\"2024-09-13T09:59:42+00:00\" \/>\n<meta property=\"og:image\" content=\"https:\/\/new.lindstromgroup.com\/lv\/wp-content\/uploads\/sites\/11\/2024\/06\/LT-Net-Zero-Roadmap-LAT-992x577-1.png\" \/>\n<meta name=\"twitter:card\" content=\"summary_large_image\" \/>\n<meta name=\"twitter:label1\" content=\"Est. reading time\" \/>\n\t<meta name=\"twitter:data1\" content=\"3 min\u016btes\" \/>\n\t<meta name=\"twitter:label2\" content=\"Written by\" \/>\n\t<meta name=\"twitter:data2\" content=\"karliszarins\" \/>\n<script type=\"application\/ld+json\" class=\"yoast-schema-graph\">{\"@context\":\"https:\/\/schema.org\",\"@graph\":[{\"@type\":\"WebPage\",\"@id\":\"https:\/\/lindstromgroup.com\/lv\/uzlabojumi-neto-nulle-nakotnei\/\",\"url\":\"https:\/\/lindstromgroup.com\/lv\/uzlabojumi-neto-nulle-nakotnei\/\",\"name\":\"Uzlabojumi \u201cneto nulle\u201d n\u0101kotnei - Lindstr\u00f6m Latvia\",\"isPartOf\":{\"@id\":\"https:\/\/lindstromgroup.com\/lv\/#website\"},\"primaryImageOfPage\":{\"@id\":\"https:\/\/lindstromgroup.com\/lv\/uzlabojumi-neto-nulle-nakotnei\/#primaryimage\"},\"image\":{\"@id\":\"https:\/\/lindstromgroup.com\/lv\/uzlabojumi-neto-nulle-nakotnei\/#primaryimage\"},\"thumbnailUrl\":\"https:\/\/lindstromgroup.com\/lv\/wp-content\/uploads\/sites\/11\/2024\/06\/LT-Net-Zero-Roadmap-LAT-992x577-1.png\",\"datePublished\":\"2024-06-26T08:40:44+00:00\",\"dateModified\":\"2024-09-13T09:59:42+00:00\",\"breadcrumb\":{\"@id\":\"https:\/\/lindstromgroup.com\/lv\/uzlabojumi-neto-nulle-nakotnei\/#breadcrumb\"},\"inLanguage\":\"lv-LV\",\"potentialAction\":[{\"@type\":\"ReadAction\",\"target\":[\"https:\/\/lindstromgroup.com\/lv\/uzlabojumi-neto-nulle-nakotnei\/\"]}]},{\"@type\":\"ImageObject\",\"inLanguage\":\"lv-LV\",\"@id\":\"https:\/\/lindstromgroup.com\/lv\/uzlabojumi-neto-nulle-nakotnei\/#primaryimage\",\"url\":\"https:\/\/d2ris6qfzcz0wn.cloudfront.net\/wp-content\/uploads\/sites\/11\/2024\/06\/LT-Net-Zero-Roadmap-LAT-992x577-1.png\",\"contentUrl\":\"https:\/\/d2ris6qfzcz0wn.cloudfront.net\/wp-content\/uploads\/sites\/11\/2024\/06\/LT-Net-Zero-Roadmap-LAT-992x577-1.png\",\"width\":992,\"height\":577},{\"@type\":\"BreadcrumbList\",\"@id\":\"https:\/\/lindstromgroup.com\/lv\/uzlabojumi-neto-nulle-nakotnei\/#breadcrumb\",\"itemListElement\":[{\"@type\":\"ListItem\",\"position\":1,\"name\":\"Home\",\"item\":\"https:\/\/lindstromgroup.com\/lv\/\"},{\"@type\":\"ListItem\",\"position\":2,\"name\":\"Uzlabojumi \u201cneto nulle\u201d n\u0101kotnei\"}]},{\"@type\":\"WebSite\",\"@id\":\"https:\/\/lindstromgroup.com\/lv\/#website\",\"url\":\"https:\/\/lindstromgroup.com\/lv\/\",\"name\":\"Lindstr\u00f6m Latvia\",\"description\":\"\",\"publisher\":{\"@id\":\"https:\/\/lindstromgroup.com\/lv\/#organization\"},\"potentialAction\":[{\"@type\":\"SearchAction\",\"target\":{\"@type\":\"EntryPoint\",\"urlTemplate\":\"https:\/\/lindstromgroup.com\/lv\/?s={search_term_string}\"},\"query-input\":{\"@type\":\"PropertyValueSpecification\",\"valueRequired\":true,\"valueName\":\"search_term_string\"}}],\"inLanguage\":\"lv-LV\"},{\"@type\":\"Organization\",\"@id\":\"https:\/\/lindstromgroup.com\/lv\/#organization\",\"name\":\"Lindstr\u00f6m Latvija\",\"url\":\"https:\/\/lindstromgroup.com\/lv\/\",\"logo\":{\"@type\":\"ImageObject\",\"inLanguage\":\"lv-LV\",\"@id\":\"https:\/\/lindstromgroup.com\/lv\/#\/schema\/logo\/image\/\",\"url\":\"https:\/\/d2ris6qfzcz0wn.cloudfront.net\/wp-content\/uploads\/sites\/11\/2023\/10\/Logo512.png\",\"contentUrl\":\"https:\/\/d2ris6qfzcz0wn.cloudfront.net\/wp-content\/uploads\/sites\/11\/2023\/10\/Logo512.png\",\"width\":512,\"height\":109,\"caption\":\"Lindstr\u00f6m Latvija\"},\"image\":{\"@id\":\"https:\/\/lindstromgroup.com\/lv\/#\/schema\/logo\/image\/\"}}]}<\/script>\n<!-- \/ Yoast SEO plugin. -->","yoast_head_json":{"title":"Uzlabojumi \u201cneto nulle\u201d n\u0101kotnei - Lindstr\u00f6m Latvia","robots":{"index":"index","follow":"follow","max-snippet":"max-snippet:-1","max-image-preview":"max-image-preview:large","max-video-preview":"max-video-preview:-1"},"og_locale":"lv_LV","og_type":"article","og_title":"Uzlabojumi \u201cneto nulle\u201d n\u0101kotnei - Lindstr\u00f6m Latvia","og_url":"https:\/\/lindstromgroup.com\/lv\/uzlabojumi-neto-nulle-nakotnei\/","og_site_name":"Lindstr\u00f6m Latvia","article_modified_time":"2024-09-13T09:59:42+00:00","og_image":[{"url":"https:\/\/new.lindstromgroup.com\/lv\/wp-content\/uploads\/sites\/11\/2024\/06\/LT-Net-Zero-Roadmap-LAT-992x577-1.png","type":"","width":"","height":""}],"twitter_card":"summary_large_image","twitter_misc":{"Est. reading time":"3 min\u016btes","Written by":"karliszarins"},"schema":{"@context":"https:\/\/schema.org","@graph":[{"@type":"WebPage","@id":"https:\/\/lindstromgroup.com\/lv\/uzlabojumi-neto-nulle-nakotnei\/","url":"https:\/\/lindstromgroup.com\/lv\/uzlabojumi-neto-nulle-nakotnei\/","name":"Uzlabojumi \u201cneto nulle\u201d n\u0101kotnei - Lindstr\u00f6m Latvia","isPartOf":{"@id":"https:\/\/lindstromgroup.com\/lv\/#website"},"primaryImageOfPage":{"@id":"https:\/\/lindstromgroup.com\/lv\/uzlabojumi-neto-nulle-nakotnei\/#primaryimage"},"image":{"@id":"https:\/\/lindstromgroup.com\/lv\/uzlabojumi-neto-nulle-nakotnei\/#primaryimage"},"thumbnailUrl":"https:\/\/lindstromgroup.com\/lv\/wp-content\/uploads\/sites\/11\/2024\/06\/LT-Net-Zero-Roadmap-LAT-992x577-1.png","datePublished":"2024-06-26T08:40:44+00:00","dateModified":"2024-09-13T09:59:42+00:00","breadcrumb":{"@id":"https:\/\/lindstromgroup.com\/lv\/uzlabojumi-neto-nulle-nakotnei\/#breadcrumb"},"inLanguage":"lv-LV","potentialAction":[{"@type":"ReadAction","target":["https:\/\/lindstromgroup.com\/lv\/uzlabojumi-neto-nulle-nakotnei\/"]}]},{"@type":"ImageObject","inLanguage":"lv-LV","@id":"https:\/\/lindstromgroup.com\/lv\/uzlabojumi-neto-nulle-nakotnei\/#primaryimage","url":"https:\/\/d2ris6qfzcz0wn.cloudfront.net\/wp-content\/uploads\/sites\/11\/2024\/06\/LT-Net-Zero-Roadmap-LAT-992x577-1.png","contentUrl":"https:\/\/d2ris6qfzcz0wn.cloudfront.net\/wp-content\/uploads\/sites\/11\/2024\/06\/LT-Net-Zero-Roadmap-LAT-992x577-1.png","width":992,"height":577},{"@type":"BreadcrumbList","@id":"https:\/\/lindstromgroup.com\/lv\/uzlabojumi-neto-nulle-nakotnei\/#breadcrumb","itemListElement":[{"@type":"ListItem","position":1,"name":"Home","item":"https:\/\/lindstromgroup.com\/lv\/"},{"@type":"ListItem","position":2,"name":"Uzlabojumi \u201cneto nulle\u201d n\u0101kotnei"}]},{"@type":"WebSite","@id":"https:\/\/lindstromgroup.com\/lv\/#website","url":"https:\/\/lindstromgroup.com\/lv\/","name":"Lindstr\u00f6m Latvia","description":"","publisher":{"@id":"https:\/\/lindstromgroup.com\/lv\/#organization"},"potentialAction":[{"@type":"SearchAction","target":{"@type":"EntryPoint","urlTemplate":"https:\/\/lindstromgroup.com\/lv\/?s={search_term_string}"},"query-input":{"@type":"PropertyValueSpecification","valueRequired":true,"valueName":"search_term_string"}}],"inLanguage":"lv-LV"},{"@type":"Organization","@id":"https:\/\/lindstromgroup.com\/lv\/#organization","name":"Lindstr\u00f6m Latvija","url":"https:\/\/lindstromgroup.com\/lv\/","logo":{"@type":"ImageObject","inLanguage":"lv-LV","@id":"https:\/\/lindstromgroup.com\/lv\/#\/schema\/logo\/image\/","url":"https:\/\/d2ris6qfzcz0wn.cloudfront.net\/wp-content\/uploads\/sites\/11\/2023\/10\/Logo512.png","contentUrl":"https:\/\/d2ris6qfzcz0wn.cloudfront.net\/wp-content\/uploads\/sites\/11\/2023\/10\/Logo512.png","width":512,"height":109,"caption":"Lindstr\u00f6m Latvija"},"image":{"@id":"https:\/\/lindstromgroup.com\/lv\/#\/schema\/logo\/image\/"}}]}},"publishpress_future_workflow_manual_trigger":{"enabledWorkflows":[]},"distributor_meta":false,"distributor_terms":false,"distributor_media":false,"distributor_original_site_name":"Lindstr\u00f6m Latvia","distributor_original_site_url":"https:\/\/lindstromgroup.com\/lv","push-errors":false,"_links":{"self":[{"href":"https:\/\/lindstromgroup.com\/lv\/wp-json\/wp\/v2\/pages\/16865","targetHints":{"allow":["GET"]}}],"collection":[{"href":"https:\/\/lindstromgroup.com\/lv\/wp-json\/wp\/v2\/pages"}],"about":[{"href":"https:\/\/lindstromgroup.com\/lv\/wp-json\/wp\/v2\/types\/page"}],"author":[{"embeddable":true,"href":"https:\/\/lindstromgroup.com\/lv\/wp-json\/wp\/v2\/users\/43"}],"replies":[{"embeddable":true,"href":"https:\/\/lindstromgroup.com\/lv\/wp-json\/wp\/v2\/comments?post=16865"}],"version-history":[{"count":0,"href":"https:\/\/lindstromgroup.com\/lv\/wp-json\/wp\/v2\/pages\/16865\/revisions"}],"wp:attachment":[{"href":"https:\/\/lindstromgroup.com\/lv\/wp-json\/wp\/v2\/media?parent=16865"}],"wp:term":[{"taxonomy":"author","embeddable":true,"href":"https:\/\/lindstromgroup.com\/lv\/wp-json\/wp\/v2\/coauthors?post=16865"}],"curies":[{"name":"wp","href":"https:\/\/api.w.org\/{rel}","templated":true}]}}