
    {"id":16555,"date":"2024-06-05T12:03:17","date_gmt":"2024-06-05T10:03:17","guid":{"rendered":"https:\/\/lindstromgroup.com\/lv\/?page_id=16555"},"modified":"2024-08-06T14:54:01","modified_gmt":"2024-08-06T12:54:01","slug":"jaunumi-un-zinas","status":"publish","type":"page","link":"https:\/\/lindstromgroup.com\/lv\/jaunumi-un-zinas\/","title":{"rendered":"Jaunumi un zi\u0146as"},"content":{"rendered":"\n    <div\n        id=\"block_c37e3e18308af24667da0b89a9e219d5\"\n        class=\"hero-sub hero-sub--block_c37e3e18308af24667da0b89a9e219d5  flex flex-col-reverse lg:flex-row justify-between bg-dark-blue text-white\"\n    >        \n        <div class=\"flex flex-col gap-5 pt-10 pb-5 grow px-5 lg:px-20\">\n            <div class=\"flex flex-col justify-center gap-3 grow max-w-[var(--container-text-max)]\">\n                <h1 class=\"!mb-0 !text-white !text-title-medium lg:!text-title-large !font-bold hyphens-auto break-words\">\n                    Jaunumi un zi\u0146as                <\/h1>\n    \n                <div class=\"hero-sub__description\">\n                                    <\/div>\n    \n                \n                            <\/div>\n                            <div class=\"font-bold hero-sub__breadcrumb text-body-small\">\n                        <span><span><a href=\"https:\/\/lindstromgroup.com\/lv\/\">Home<\/a><\/span><\/span>                <\/div>\n                    <\/div>\n\n        <div class=\"[&#038;_picture]:w-full flex h-full lg:h-auto max-h-[350px] lg:max-h-none lg:min-h-full w-full lg:w-[650px]\">\n            <img decoding=\"async\"\n                class=\"object-cover w-full h-full\"\n                src=\"https:\/\/d2ris6qfzcz0wn.cloudfront.net\/wp-content\/uploads\/sites\/11\/2024\/01\/021_Lindstrom_Tyovaate_hires-1024x683.jpg\"\n                alt=\"Jaunumi un zi\u0146as\"\n            >\n        <\/div>\n    <\/div>\n\n\n\n        <style>\n            .lindstrom-container--block_b59bdeff711195f456c32cc0e19ea913 {                \n                padding-top: 35px;\n                padding-bottom: 35px;\n            }\n\n            @media screen and (min-width: 768px) {\n                .lindstrom-container--block_b59bdeff711195f456c32cc0e19ea913 {\n                    padding-top: 75px;\n                    padding-bottom: 75px;\n                }\n            }\n        <\/style>\n    \n<div\n    class=\"lindstrom-container-wrapper lindstrom-container lindstrom-container--block_b59bdeff711195f456c32cc0e19ea913 \"\n    id=\"block_b59bdeff711195f456c32cc0e19ea913\"\n    style=\"background-color: #ffffff\"\n    >\n    <div class=\"lindstrom-container lindstrom-container--text items-stretch\">\n        \n\n<style>\n    @media only screen and (max-width: 1200px) {\n        #block_5397c0a8c27f66b778f33149aa48a84a .blogposts__container {\n            grid-template-columns: repeat(4, 1fr);\n        }\n    }\n<\/style>\n\n            <div \n            id=\"block_5397c0a8c27f66b778f33149aa48a84a\" \n            class=\"blogposts blogposts--block_5397c0a8c27f66b778f33149aa48a84a  blogposts--highlight-first-post\"\n        >\n            <div class=\"blogposts\">\n                <div class=\"blogposts__container post-row\">\n                    \n        <div class='post-card relative' data-index='17335'>\n            <img\n                class='post-card__image' \n                src='https:\/\/d2ris6qfzcz0wn.cloudfront.net\/wp-content\/uploads\/sites\/11\/2024\/06\/DSC02714-1024x684.jpg' \n                alt='Lindstrom PRODEM ra\u017eotn\u0113 viesojas Valsts prezidents' \n            \/>\n            <div class='post-card__content'>\n                <div class='post-card__categories z-20'>\n            <a\n                class='post-card__category'\n                href='https:\/\/lindstromgroup.com\/lv\/category\/jaunumi\/'\n            >\n                Zi\u0146as un jaunumi\n            <\/a><\/div>\n                <div class='post-card__title'>\n                    Lindstrom PRODEM ra\u017eotn\u0113 viesojas Valsts prezidents\n                <\/div>\n                <p class='post-card__excerpt'>\n                    Valsts prezidents viesojas Lindstr\u00f6m PRODEM, nov\u0113rt\u0113jot ilgtsp\u0113j\u012bgu att\u012bst\u012bbu un inov\u0101cijas ra\u017eo\u0161an\u0101.\n                <\/p>\n                <div class='post-card__tags z-20'>\n            <a\n                class='post-card__tag'\n                href='https:\/\/lindstromgroup.com\/lv\/tag\/ilgtspeja\/'\n                style='border: 1px solid ; color: ;'\n            >\n                #Ilgtsp\u0113ja\n            <\/a>\n            <a\n                class='post-card__tag'\n                href='https:\/\/lindstromgroup.com\/lv\/tag\/lindstromcilveks\/'\n                style='border: 1px solid ; color: ;'\n            >\n                #LindstromCilv\u0113ks\n            <\/a>\n            <a\n                class='post-card__tag'\n                href='https:\/\/lindstromgroup.com\/lv\/tag\/razosana\/'\n                style='border: 1px solid ; color: ;'\n            >\n                #Ra\u017eo\u0161ana\n            <\/a><\/div>\n            <\/div>\n            <a href='\/lv\/jaunumi\/lindstrom-prodem-razotne-viesojas-valsts-prezidents\/' class='absolute inset-0 w-full h-full z-10'><\/a>\n        <\/div>\n    \n        <div class='post-card relative' data-index='16751'>\n            <img\n                class='post-card__image' \n                src='https:\/\/d2ris6qfzcz0wn.cloudfront.net\/wp-content\/uploads\/sites\/11\/2024\/06\/lindstrom-1-1024x701.jpg' \n                alt='Lindstrom apgroz\u012bjums Latvij\u0101 p\u0113rn pieaudzis par 8%' \n            \/>\n            <div class='post-card__content'>\n                <div class='post-card__categories z-20'>\n            <a\n                class='post-card__category'\n                href='https:\/\/lindstromgroup.com\/lv\/category\/jaunumi\/'\n            >\n                Zi\u0146as un jaunumi\n            <\/a><\/div>\n                <div class='post-card__title'>\n                    Lindstrom apgroz\u012bjums Latvij\u0101 p\u0113rn pieaudzis par 8%\n                <\/div>\n                <p class='post-card__excerpt'>\n                    Lindstr\u00f6m Latvij\u0101 2023. gad\u0101 palielin\u0101jis apgroz\u012bjumu par 8%, stiprinot ilgtsp\u0113j\u012bgas att\u012bst\u012bbas virzienu.\n                <\/p>\n                <div class='post-card__tags z-20'>\n            <a\n                class='post-card__tag'\n                href='https:\/\/lindstromgroup.com\/lv\/tag\/atbilstiba\/'\n                style='border: 1px solid ; color: ;'\n            >\n                #Atbilst\u012bba\n            <\/a>\n            <a\n                class='post-card__tag'\n                href='https:\/\/lindstromgroup.com\/lv\/tag\/ilgtspeja\/'\n                style='border: 1px solid ; color: ;'\n            >\n                #Ilgtsp\u0113ja\n            <\/a>\n            <a\n                class='post-card__tag'\n                href='https:\/\/lindstromgroup.com\/lv\/tag\/parstrade\/'\n                style='border: 1px solid ; color: ;'\n            >\n                #P\u0101rstr\u0101de\n            <\/a><\/div>\n            <\/div>\n            <a href='\/lv\/jaunumi\/lindstrom-apgrozijums-latvija-pern-pieaudzis-par-8\/' class='absolute inset-0 w-full h-full z-10'><\/a>\n        <\/div>\n    \n        <div class='post-card relative' data-index='16814'>\n            <img\n                class='post-card__image' \n                src='https:\/\/d2ris6qfzcz0wn.cloudfront.net\/wp-content\/uploads\/sites\/11\/2024\/06\/AdobeStock_585823738-4-1024x682.jpg' \n                alt='Lindstrom ilgtsp\u0113jas v\u0113stnesis pasaul\u0113 \u2013 latvietis Kaspars Grava' \n            \/>\n            <div class='post-card__content'>\n                <div class='post-card__categories z-20'>\n            <a\n                class='post-card__category'\n                href='https:\/\/lindstromgroup.com\/lv\/category\/lindstromcilveks\/'\n            >\n                Lindstrom Cilv\u0113ks\n            <\/a>\n            <a\n                class='post-card__category'\n                href='https:\/\/lindstromgroup.com\/lv\/category\/jaunumi\/'\n            >\n                Zi\u0146as un jaunumi\n            <\/a><\/div>\n                <div class='post-card__title'>\n                    Lindstrom ilgtsp\u0113jas v\u0113stnesis pasaul\u0113 \u2013 latvietis Kaspars Grava\n                <\/div>\n                <p class='post-card__excerpt'>\n                    Latvietis Kaspars Grava Lindstr\u00f6m Somij\u0101 veido ilgtsp\u0113j\u012bgus risin\u0101jumus, att\u012bstot aprites ekonomiku pakl\u0101ju nozar\u0113.\n                <\/p>\n                <div class='post-card__tags z-20'>\n            <a\n                class='post-card__tag'\n                href='https:\/\/lindstromgroup.com\/lv\/tag\/ilgtspeja\/'\n                style='border: 1px solid ; color: ;'\n            >\n                #Ilgtsp\u0113ja\n            <\/a>\n            <a\n                class='post-card__tag'\n                href='https:\/\/lindstromgroup.com\/lv\/tag\/lindstromcilveks\/'\n                style='border: 1px solid ; color: ;'\n            >\n                #LindstromCilv\u0113ks\n            <\/a>\n            <a\n                class='post-card__tag'\n                href='https:\/\/lindstromgroup.com\/lv\/tag\/paklajs\/'\n                style='border: 1px solid ; color: ;'\n            >\n                #Pakl\u0101js\n            <\/a><\/div>\n            <\/div>\n            <a href='\/lv\/jaunumi\/lindstrom-ilgtspejas-vestnesis-pasaule-latvietis-kaspars-grava\/' class='absolute inset-0 w-full h-full z-10'><\/a>\n        <\/div>\n                    <\/div>\n                <div class=\"post-row-mobile-carousel\"><\/div>\n            <\/div>\n        <\/div>\n    \n\n\n<style>\n    @media only screen and (max-width: 1200px) {\n        #block_05790c0dd49d39e35a4200f5afa3ae01 .blogposts__container {\n            grid-template-columns: repeat(4, 1fr);\n        }\n    }\n<\/style>\n\n            <div \n            id=\"block_05790c0dd49d39e35a4200f5afa3ae01\" \n            class=\"blogposts blogposts--block_05790c0dd49d39e35a4200f5afa3ae01 \"\n        >\n            <div class=\"blogposts\">\n                <div class=\"blogposts__container post-row\">\n                    \n        <div class='post-card relative' data-index='18084'>\n            <img\n                class='post-card__image' \n                src='https:\/\/d2ris6qfzcz0wn.cloudfront.net\/wp-content\/uploads\/sites\/11\/2026\/03\/2026.03.25-news-web-header-1-1024x431.jpg' \n                alt='K\u0101 nodro\u0161in\u0101t tehnisko dr\u0101nu mazg\u0101\u0161anu visai Baltijai, vienlaikus dom\u0101jot par resursu pat\u0113ri\u0146u un ietekmi uz vidi?' \n            \/>\n            <div class='post-card__content'>\n                <div class='post-card__categories z-20'>\n            <a\n                class='post-card__category'\n                href='https:\/\/lindstromgroup.com\/lv\/category\/lindstrom-klients\/'\n            >\n                Lindstrom Klients\n            <\/a>\n            <a\n                class='post-card__category'\n                href='https:\/\/lindstromgroup.com\/lv\/category\/jaunumi\/'\n            >\n                Zi\u0146as un jaunumi\n            <\/a><\/div>\n                <div class='post-card__title'>\n                    K\u0101 nodro\u0161in\u0101t tehnisko dr\u0101nu mazg\u0101\u0161anu visai Baltijai, vienlaikus dom\u0101jot par resursu pat\u0113ri\u0146u un ietekmi uz vidi?\n                <\/div>\n                <p class='post-card__excerpt'>\n                    Uzzini, k\u0101 Latvij\u0101 tiek nodro\u0161in\u0101ta tehnisko dvie\u013cu mazg\u0101\u0161ana visai Baltijai, samazinot \u016bdens pat\u0113ri\u0146u un ievie\u0161ot ilgtsp\u0113j\u012bgus risin\u0101jumus.\n                <\/p>\n                \n            <\/div>\n            <a href='\/lv\/jaunumi\/tehnisko-dvielu-dranu-mazgasana-baltija-ilgtspeja\/' class='absolute inset-0 w-full h-full z-10'><\/a>\n        <\/div>\n    \n        <div class='post-card relative' data-index='18066'>\n            <img\n                class='post-card__image' \n                src='https:\/\/d2ris6qfzcz0wn.cloudfront.net\/wp-content\/uploads\/sites\/11\/2026\/03\/2026.03.11.-web-header-image-post-1024x431.jpg' \n                alt='Aprit\u012bgi risin\u0101jumi &#8211; k\u0101p\u0113c ievie\u0161ami?' \n            \/>\n            <div class='post-card__content'>\n                <div class='post-card__categories z-20'>\n            <a\n                class='post-card__category'\n                href='https:\/\/lindstromgroup.com\/lv\/category\/lindstrom-klients\/'\n            >\n                Lindstrom Klients\n            <\/a>\n            <a\n                class='post-card__category'\n                href='https:\/\/lindstromgroup.com\/lv\/category\/jaunumi\/'\n            >\n                Zi\u0146as un jaunumi\n            <\/a><\/div>\n                <div class='post-card__title'>\n                    Aprit\u012bgi risin\u0101jumi &#8211; k\u0101p\u0113c ievie\u0161ami?\n                <\/div>\n                <p class='post-card__excerpt'>\n                    K\u0101p\u0113c tekstila nozarei nepiecie\u0161ama aprites ekonomika? Uzziniet, k\u0101 ilgm\u016b\u017e\u012bgi materi\u0101li, atk\u0101rtota izmanto\u0161ana un p\u0101rstr\u0101de pal\u012bdz samazin\u0101t tekstila atkritumus.\n                <\/p>\n                \n            <\/div>\n            <a href='\/lv\/jaunumi\/aprites-ekonomika-tekstils\/' class='absolute inset-0 w-full h-full z-10'><\/a>\n        <\/div>\n    \n        <div class='post-card relative' data-index='18055'>\n            <img\n                class='post-card__image' \n                src='https:\/\/d2ris6qfzcz0wn.cloudfront.net\/wp-content\/uploads\/sites\/11\/2026\/03\/web-header-image-post-news-3-1024x431.jpg' \n                alt='Lindstrom Cilv\u0113ks \u2013 ra\u017eo\u0161anas koordinatore Marta' \n            \/>\n            <div class='post-card__content'>\n                <div class='post-card__categories z-20'>\n            <a\n                class='post-card__category'\n                href='https:\/\/lindstromgroup.com\/lv\/category\/lindstromcilveks\/'\n            >\n                Lindstrom Cilv\u0113ks\n            <\/a>\n            <a\n                class='post-card__category'\n                href='https:\/\/lindstromgroup.com\/lv\/category\/jaunumi\/'\n            >\n                Zi\u0146as un jaunumi\n            <\/a><\/div>\n                <div class='post-card__title'>\n                    Lindstrom Cilv\u0113ks \u2013 ra\u017eo\u0161anas koordinatore Marta\n                <\/div>\n                <p class='post-card__excerpt'>\n                    Iepaz\u012bstieties ar #LindstromCilv\u0113ks \u2013 Martu, Lindstrom ra\u017eo\u0161anas koordinatori, kura no mazg\u0101\u0161anas operatores izaugusi par komandas vad\u012bt\u0101ju un ikdien\u0101 vada 40 cilv\u0113ku komandu.\n                <\/p>\n                \n            <\/div>\n            <a href='\/lv\/lindstromcilveks\/lindstrom-cilveks-razosanas-koordinatore-marta\/' class='absolute inset-0 w-full h-full z-10'><\/a>\n        <\/div>\n                    <\/div>\n                <div class=\"post-row-mobile-carousel\"><\/div>\n            <\/div>\n        <\/div>\n    \n\n    <\/div>\n<\/div>\n","protected":false},"excerpt":{"rendered":"","protected":false},"author":43,"featured_media":0,"parent":0,"menu_order":0,"comment_status":"closed","ping_status":"closed","template":"","meta":{"_acf_changed":true,"inline_featured_image":false,"_eb_attr":"","site-sidebar-layout":"default","site-content-layout":"","ast-site-content-layout":"default","site-content-style":"default","site-sidebar-style":"default","ast-global-header-display":"","ast-banner-title-visibility":"","ast-main-header-display":"","ast-hfb-above-header-display":"","ast-hfb-below-header-display":"","ast-hfb-mobile-header-display":"","site-post-title":"","ast-breadcrumbs-content":"","ast-featured-img":"","footer-sml-layout":"","ast-disable-related-posts":"","theme-transparent-header-meta":"","adv-header-id-meta":"","stick-header-meta":"","header-above-stick-meta":"","header-main-stick-meta":"","header-below-stick-meta":"","astra-migrate-meta-layouts":"default","ast-page-background-enabled":"default","ast-page-background-meta":{"desktop":{"background-color":"var(--ast-global-color-4)","background-image":"","background-repeat":"repeat","background-position":"center center","background-size":"auto","background-attachment":"scroll","background-type":"","background-media":"","overlay-type":"","overlay-color":"","overlay-opacity":"","overlay-gradient":""},"tablet":{"background-color":"","background-image":"","background-repeat":"repeat","background-position":"center center","background-size":"auto","background-attachment":"scroll","background-type":"","background-media":"","overlay-type":"","overlay-color":"","overlay-opacity":"","overlay-gradient":""},"mobile":{"background-color":"","background-image":"","background-repeat":"repeat","background-position":"center center","background-size":"auto","background-attachment":"scroll","background-type":"","background-media":"","overlay-type":"","overlay-color":"","overlay-opacity":"","overlay-gradient":""}},"ast-content-background-meta":{"desktop":{"background-color":"var(--ast-global-color-5)","background-image":"","background-repeat":"repeat","background-position":"center center","background-size":"auto","background-attachment":"scroll","background-type":"","background-media":"","overlay-type":"","overlay-color":"","overlay-opacity":"","overlay-gradient":""},"tablet":{"background-color":"var(--ast-global-color-5)","background-image":"","background-repeat":"repeat","background-position":"center center","background-size":"auto","background-attachment":"scroll","background-type":"","background-media":"","overlay-type":"","overlay-color":"","overlay-opacity":"","overlay-gradient":""},"mobile":{"background-color":"var(--ast-global-color-5)","background-image":"","background-repeat":"repeat","background-position":"center center","background-size":"auto","background-attachment":"scroll","background-type":"","background-media":"","overlay-type":"","overlay-color":"","overlay-opacity":"","overlay-gradient":""}},"footnotes":""},"coauthors":[22],"class_list":["post-16555","page","type-page","status-publish","hentry"],"acf":[],"yoast_head":"<!-- This site is optimized with the Yoast SEO plugin v27.2 - https:\/\/yoast.com\/product\/yoast-seo-wordpress\/ -->\n<title>Jaunumi un zi\u0146as - Lindstr\u00f6m Latvia<\/title>\n<meta name=\"robots\" content=\"index, follow, max-snippet:-1, max-image-preview:large, max-video-preview:-1\" \/>\n<meta property=\"og:locale\" content=\"lv_LV\" \/>\n<meta property=\"og:type\" content=\"article\" \/>\n<meta property=\"og:title\" content=\"Jaunumi un zi\u0146as - Lindstr\u00f6m Latvia\" \/>\n<meta property=\"og:url\" content=\"https:\/\/lindstromgroup.com\/lv\/jaunumi-un-zinas\/\" \/>\n<meta property=\"og:site_name\" content=\"Lindstr\u00f6m Latvia\" \/>\n<meta property=\"article:modified_time\" content=\"2024-08-06T12:54:01+00:00\" \/>\n<meta name=\"twitter:card\" content=\"summary_large_image\" \/>\n<meta name=\"twitter:label1\" content=\"Est. reading time\" \/>\n\t<meta name=\"twitter:data1\" content=\"1 min\u016bte\" \/>\n\t<meta name=\"twitter:label2\" content=\"Written by\" \/>\n\t<meta name=\"twitter:data2\" content=\"karliszarins\" \/>\n<script type=\"application\/ld+json\" class=\"yoast-schema-graph\">{\"@context\":\"https:\/\/schema.org\",\"@graph\":[{\"@type\":\"WebPage\",\"@id\":\"https:\/\/lindstromgroup.com\/lv\/jaunumi-un-zinas\/\",\"url\":\"https:\/\/lindstromgroup.com\/lv\/jaunumi-un-zinas\/\",\"name\":\"Jaunumi un zi\u0146as - Lindstr\u00f6m Latvia\",\"isPartOf\":{\"@id\":\"https:\/\/lindstromgroup.com\/lv\/#website\"},\"datePublished\":\"2024-06-05T10:03:17+00:00\",\"dateModified\":\"2024-08-06T12:54:01+00:00\",\"breadcrumb\":{\"@id\":\"https:\/\/lindstromgroup.com\/lv\/jaunumi-un-zinas\/#breadcrumb\"},\"inLanguage\":\"lv-LV\",\"potentialAction\":[{\"@type\":\"ReadAction\",\"target\":[\"https:\/\/lindstromgroup.com\/lv\/jaunumi-un-zinas\/\"]}]},{\"@type\":\"BreadcrumbList\",\"@id\":\"https:\/\/lindstromgroup.com\/lv\/jaunumi-un-zinas\/#breadcrumb\",\"itemListElement\":[{\"@type\":\"ListItem\",\"position\":1,\"name\":\"Home\",\"item\":\"https:\/\/lindstromgroup.com\/lv\/\"},{\"@type\":\"ListItem\",\"position\":2,\"name\":\"Jaunumi un zi\u0146as\"}]},{\"@type\":\"WebSite\",\"@id\":\"https:\/\/lindstromgroup.com\/lv\/#website\",\"url\":\"https:\/\/lindstromgroup.com\/lv\/\",\"name\":\"Lindstr\u00f6m Latvia\",\"description\":\"\",\"publisher\":{\"@id\":\"https:\/\/lindstromgroup.com\/lv\/#organization\"},\"potentialAction\":[{\"@type\":\"SearchAction\",\"target\":{\"@type\":\"EntryPoint\",\"urlTemplate\":\"https:\/\/lindstromgroup.com\/lv\/?s={search_term_string}\"},\"query-input\":{\"@type\":\"PropertyValueSpecification\",\"valueRequired\":true,\"valueName\":\"search_term_string\"}}],\"inLanguage\":\"lv-LV\"},{\"@type\":\"Organization\",\"@id\":\"https:\/\/lindstromgroup.com\/lv\/#organization\",\"name\":\"Lindstr\u00f6m Latvija\",\"url\":\"https:\/\/lindstromgroup.com\/lv\/\",\"logo\":{\"@type\":\"ImageObject\",\"inLanguage\":\"lv-LV\",\"@id\":\"https:\/\/lindstromgroup.com\/lv\/#\/schema\/logo\/image\/\",\"url\":\"https:\/\/d2ris6qfzcz0wn.cloudfront.net\/wp-content\/uploads\/sites\/11\/2023\/10\/Logo512.png\",\"contentUrl\":\"https:\/\/d2ris6qfzcz0wn.cloudfront.net\/wp-content\/uploads\/sites\/11\/2023\/10\/Logo512.png\",\"width\":512,\"height\":109,\"caption\":\"Lindstr\u00f6m Latvija\"},\"image\":{\"@id\":\"https:\/\/lindstromgroup.com\/lv\/#\/schema\/logo\/image\/\"}}]}<\/script>\n<!-- \/ Yoast SEO plugin. -->","yoast_head_json":{"title":"Jaunumi un zi\u0146as - Lindstr\u00f6m Latvia","robots":{"index":"index","follow":"follow","max-snippet":"max-snippet:-1","max-image-preview":"max-image-preview:large","max-video-preview":"max-video-preview:-1"},"og_locale":"lv_LV","og_type":"article","og_title":"Jaunumi un zi\u0146as - Lindstr\u00f6m Latvia","og_url":"https:\/\/lindstromgroup.com\/lv\/jaunumi-un-zinas\/","og_site_name":"Lindstr\u00f6m Latvia","article_modified_time":"2024-08-06T12:54:01+00:00","twitter_card":"summary_large_image","twitter_misc":{"Est. reading time":"1 min\u016bte","Written by":"karliszarins"},"schema":{"@context":"https:\/\/schema.org","@graph":[{"@type":"WebPage","@id":"https:\/\/lindstromgroup.com\/lv\/jaunumi-un-zinas\/","url":"https:\/\/lindstromgroup.com\/lv\/jaunumi-un-zinas\/","name":"Jaunumi un zi\u0146as - Lindstr\u00f6m Latvia","isPartOf":{"@id":"https:\/\/lindstromgroup.com\/lv\/#website"},"datePublished":"2024-06-05T10:03:17+00:00","dateModified":"2024-08-06T12:54:01+00:00","breadcrumb":{"@id":"https:\/\/lindstromgroup.com\/lv\/jaunumi-un-zinas\/#breadcrumb"},"inLanguage":"lv-LV","potentialAction":[{"@type":"ReadAction","target":["https:\/\/lindstromgroup.com\/lv\/jaunumi-un-zinas\/"]}]},{"@type":"BreadcrumbList","@id":"https:\/\/lindstromgroup.com\/lv\/jaunumi-un-zinas\/#breadcrumb","itemListElement":[{"@type":"ListItem","position":1,"name":"Home","item":"https:\/\/lindstromgroup.com\/lv\/"},{"@type":"ListItem","position":2,"name":"Jaunumi un zi\u0146as"}]},{"@type":"WebSite","@id":"https:\/\/lindstromgroup.com\/lv\/#website","url":"https:\/\/lindstromgroup.com\/lv\/","name":"Lindstr\u00f6m Latvia","description":"","publisher":{"@id":"https:\/\/lindstromgroup.com\/lv\/#organization"},"potentialAction":[{"@type":"SearchAction","target":{"@type":"EntryPoint","urlTemplate":"https:\/\/lindstromgroup.com\/lv\/?s={search_term_string}"},"query-input":{"@type":"PropertyValueSpecification","valueRequired":true,"valueName":"search_term_string"}}],"inLanguage":"lv-LV"},{"@type":"Organization","@id":"https:\/\/lindstromgroup.com\/lv\/#organization","name":"Lindstr\u00f6m Latvija","url":"https:\/\/lindstromgroup.com\/lv\/","logo":{"@type":"ImageObject","inLanguage":"lv-LV","@id":"https:\/\/lindstromgroup.com\/lv\/#\/schema\/logo\/image\/","url":"https:\/\/d2ris6qfzcz0wn.cloudfront.net\/wp-content\/uploads\/sites\/11\/2023\/10\/Logo512.png","contentUrl":"https:\/\/d2ris6qfzcz0wn.cloudfront.net\/wp-content\/uploads\/sites\/11\/2023\/10\/Logo512.png","width":512,"height":109,"caption":"Lindstr\u00f6m Latvija"},"image":{"@id":"https:\/\/lindstromgroup.com\/lv\/#\/schema\/logo\/image\/"}}]}},"publishpress_future_workflow_manual_trigger":{"enabledWorkflows":[]},"distributor_meta":false,"distributor_terms":false,"distributor_media":false,"distributor_original_site_name":"Lindstr\u00f6m Latvia","distributor_original_site_url":"https:\/\/lindstromgroup.com\/lv","push-errors":false,"_links":{"self":[{"href":"https:\/\/lindstromgroup.com\/lv\/wp-json\/wp\/v2\/pages\/16555","targetHints":{"allow":["GET"]}}],"collection":[{"href":"https:\/\/lindstromgroup.com\/lv\/wp-json\/wp\/v2\/pages"}],"about":[{"href":"https:\/\/lindstromgroup.com\/lv\/wp-json\/wp\/v2\/types\/page"}],"author":[{"embeddable":true,"href":"https:\/\/lindstromgroup.com\/lv\/wp-json\/wp\/v2\/users\/43"}],"replies":[{"embeddable":true,"href":"https:\/\/lindstromgroup.com\/lv\/wp-json\/wp\/v2\/comments?post=16555"}],"version-history":[{"count":0,"href":"https:\/\/lindstromgroup.com\/lv\/wp-json\/wp\/v2\/pages\/16555\/revisions"}],"wp:attachment":[{"href":"https:\/\/lindstromgroup.com\/lv\/wp-json\/wp\/v2\/media?parent=16555"}],"wp:term":[{"taxonomy":"author","embeddable":true,"href":"https:\/\/lindstromgroup.com\/lv\/wp-json\/wp\/v2\/coauthors?post=16555"}],"curies":[{"name":"wp","href":"https:\/\/api.w.org\/{rel}","templated":true}]}}