
    {"id":16547,"date":"2024-06-05T11:59:12","date_gmt":"2024-06-05T09:59:12","guid":{"rendered":"https:\/\/lindstromgroup.com\/lv\/?page_id=16547"},"modified":"2024-08-07T11:11:34","modified_gmt":"2024-08-07T09:11:34","slug":"zinas-un-jaunumi","status":"publish","type":"page","link":"https:\/\/lindstromgroup.com\/lv\/zinas-un-jaunumi\/","title":{"rendered":"Zi\u0146as un jaunumi"},"content":{"rendered":"\n    <div\n        id=\"block_002cc77819676dea1a1e3d36e5b7b3de\"\n        class=\"hero-sub hero-sub--block_002cc77819676dea1a1e3d36e5b7b3de  flex flex-col-reverse lg:flex-row justify-between bg-dark-blue text-white\"\n    >        \n        <div class=\"flex flex-col gap-5 pt-10 pb-5 grow px-5 lg:px-20\">\n            <div class=\"flex flex-col justify-center gap-3 grow max-w-[var(--container-text-max)]\">\n                <h1 class=\"!mb-0 !text-white !text-title-medium lg:!text-title-large !font-bold hyphens-auto break-words\">\n                    Zi\u0146as un jaunumi                <\/h1>\n    \n                <div class=\"hero-sub__description\">\n                    <p>Lasi m\u016bsu lab\u0101ko ekspertu viedok\u013cus un ieteikumus uz\u0146\u0113muma tekstila ieg\u0101dei un ikdienas apkopei. Iepaz\u012bsties ar nomas tekstila un darba dro\u0161\u012bbas nozaru jaunumiem. Esi inform\u0113ts par Lindstrom aktualit\u0101t\u0113m un iedvesmojies no interesant\u0101kajiem m\u016bsu klientu projektiem!<\/p>\n                <\/div>\n    \n                \n                            <\/div>\n                            <div class=\"font-bold hero-sub__breadcrumb text-body-small\">\n                        <span><span><a href=\"https:\/\/lindstromgroup.com\/lv\/\">Home<\/a><\/span><\/span>                <\/div>\n                    <\/div>\n\n        <div class=\"[&#038;_picture]:w-full flex h-full lg:h-auto max-h-[350px] lg:max-h-none lg:min-h-full w-full lg:w-[650px]\">\n            <img decoding=\"async\"\n                class=\"object-cover w-full h-full\"\n                src=\"https:\/\/d2ris6qfzcz0wn.cloudfront.net\/wp-content\/uploads\/sites\/11\/2024\/06\/Lindstrom_PR_s-101-1024x683.jpg\"\n                alt=\"Lasi m\u016bsu lab\u0101ko ekspertu viedok\u013cus un ieteikumus uz\u0146\u0113muma tekstila ieg\u0101dei un ikdienas apkopei. Iepaz\u012bsties ar nomas tekstila un darba dro\u0161\u012bbas nozaru jaunumiem. Esi inform\u0113ts par Lindstrom aktualit\u0101t\u0113m un iedvesmojies no interesant\u0101kajiem m\u016bsu klientu projektiem!\r\n\r\n\"\n            >\n        <\/div>\n    <\/div>\n\n\n\n        <style>\n            .lindstrom-container--block_17d40d46e82cdce40adb94c7624083eb {                \n                padding-top: 35px;\n                padding-bottom: 35px;\n            }\n\n            @media screen and (min-width: 768px) {\n                .lindstrom-container--block_17d40d46e82cdce40adb94c7624083eb {\n                    padding-top: 75px;\n                    padding-bottom: 75px;\n                }\n            }\n        <\/style>\n    \n<div\n    class=\"lindstrom-container-wrapper lindstrom-container lindstrom-container--block_17d40d46e82cdce40adb94c7624083eb \"\n    id=\"block_17d40d46e82cdce40adb94c7624083eb\"\n    style=\"background-color: #ffffff\"\n    >\n    <div class=\"lindstrom-container lindstrom-container--content items-stretch\">\n        \n    <form id=\"post-list-with-filter-block_7d87575d72074f5c7f354853d0b331ba\" class=\"post-list-with-filter\">\n        <div class=\"post-list-with-filter__widget\">\n            <h3 class=\"widget__title\">\n                <span class=\"material-symbols-outlined font-bold\">filter_alt<\/span>\n                Filtr\u0113t            <\/h3>        \n            <div class=\"widget__section\">\n                <h3 class=\"widget__title widget__title--section\">Kategorija<\/h3>\n                <div class=\"widget__section-content\">\n                    <select \n                        multiple \n                        class=\"post-list-with-filter__filter-input\" \n                        placeholder=\"Visas kategroijas\"\n                        name=\"categories[]\"\n                    >\n                                                    <option\n                                value=\"lindstromcilveks\"\n                                                            >\n                                Lindstrom Cilv\u0113ks                            <\/option>\n                                                    <option\n                                value=\"lindstrom-klients\"\n                                                            >\n                                Lindstrom Klients                            <\/option>\n                                                    <option\n                                value=\"lindstrom-vakance\"\n                                                            >\n                                Lindstrom Vakance                            <\/option>\n                                                    <option\n                                value=\"jaunumi\"\n                                                            >\n                                Zi\u0146as un jaunumi                            <\/option>\n                                            <\/select>\n                <\/div>\n            <\/div>\n            <div class=\"widget__section\">\n                <h3 class=\"widget__title widget__title--section\">Tagi<\/h3>\n                <div class=\"widget__section-content\">\n                    <select \n                        multiple \n                        class=\"post-list-with-filter__filter-input\" \n                        placeholder=\"Visi tagi\"\n                        name=\"tags[]\"\n                    >\n                                                    <option\n                                value=\"atbilstiba\"\n                                                            >\n                                #Atbilst\u012bba                            <\/option>\n                                                    <option\n                                value=\"augstaredzamiba\"\n                                                            >\n                                #AugstaRedzam\u012bba                            <\/option>\n                                                    <option\n                                value=\"automotive\"\n                                                            >\n                                #automotive                            <\/option>\n                                                    <option\n                                value=\"autoserviss\"\n                                                            >\n                                #AutoServiss                            <\/option>\n                                                    <option\n                                value=\"darbaapgerbs\"\n                                                            >\n                                #DarbaAp\u0123\u0113rbs                            <\/option>\n                                                    <option\n                                value=\"darbadrosiba\"\n                                                            >\n                                #DarbaDro\u0161\u012bba                            <\/option>\n                                                    <option\n                                value=\"higiena\"\n                                                            >\n                                #Higi\u0113na                            <\/option>\n                                                    <option\n                                value=\"ilgtspeja\"\n                                                            >\n                                #Ilgtsp\u0113ja                            <\/option>\n                                                    <option\n                                value=\"industrialiedvieli\"\n                                                            >\n                                #Industri\u0101lieDvie\u013ci                            <\/option>\n                                                    <option\n                                value=\"industrial-wipers\"\n                                                            >\n                                #industrialwipers                            <\/option>\n                                                    <option\n                                value=\"karjera\"\n                                                            >\n                                #Karjera                            <\/option>\n                                                    <option\n                                value=\"klientupieredze\"\n                                                            >\n                                #KlientuPieredze                            <\/option>\n                                                    <option\n                                value=\"kvalitate\"\n                                                            >\n                                #Kvalit\u0101te                            <\/option>\n                                                    <option\n                                value=\"lindstromcilveks\"\n                                                            >\n                                #LindstromCilv\u0113ks                            <\/option>\n                                                    <option\n                                value=\"paklajs\"\n                                                            >\n                                #Pakl\u0101js                            <\/option>\n                                                    <option\n                                value=\"parstrade\"\n                                                            >\n                                #P\u0101rstr\u0101de                            <\/option>\n                                                    <option\n                                value=\"partikasnozare\"\n                                                            >\n                                #P\u0101rtikasNozare                            <\/option>\n                                                    <option\n                                value=\"razosana\"\n                                                            >\n                                #Ra\u017eo\u0161ana                            <\/option>\n                                                    <option\n                                value=\"restoranutekstils\"\n                                                            >\n                                #Restor\u0101nuTekstils                            <\/option>\n                                                    <option\n                                value=\"sustainability\"\n                                                            >\n                                #sustainability                            <\/option>\n                                                    <option\n                                value=\"veselibasaprupe\"\n                                                            >\n                                #Vesel\u012bbasApr\u016bpe                            <\/option>\n                                            <\/select>                \n                <\/div>\n            <\/div>\n        <\/div>\n        <div class=\"post-list-with-filter__search\">\n            <input\n                class=\"post-list-with-filter__filter-input\"\n                type=\"text\"\n                name=\"search\"\n                placeholder=\"Mekl\u0113t\"\n            \/>\n            <span class=\"post-list-with-filter__search-icon material-symbols-outlined\">search<\/span>\n        <\/div>\n        <div class=\"post-list-with-filter__main\">\n            <div class=\"post-list-with-filter__status\">\n                <div class=\"post-list-with-filter__message\"><\/div>\n            <\/div>\n            <div class=\"post-list-with-filter__grid\">\n                <div class=\"post-list-with-filter__message\"> <!-- Will be cleared after first load -->\n                    Notiek iel\u0101de                <\/div>\n            <\/div>\n        <\/div>\n                <div class=\"hidden post-list-with-filter__message--no-posts\">\n            Neatrad\u0101m mekl\u0113to        <\/div>\n        <div class=\"hidden post-list-with-filter__message--loading\">\n            Notiek iel\u0101de        <\/div>\n\n            <\/form>\n\n\n    <\/div>\n<\/div>\n","protected":false},"excerpt":{"rendered":"","protected":false},"author":43,"featured_media":0,"parent":0,"menu_order":0,"comment_status":"closed","ping_status":"closed","template":"","meta":{"_acf_changed":true,"inline_featured_image":false,"_eb_attr":"","site-sidebar-layout":"default","site-content-layout":"","ast-site-content-layout":"default","site-content-style":"default","site-sidebar-style":"default","ast-global-header-display":"","ast-banner-title-visibility":"","ast-main-header-display":"","ast-hfb-above-header-display":"","ast-hfb-below-header-display":"","ast-hfb-mobile-header-display":"","site-post-title":"disabled","ast-breadcrumbs-content":"","ast-featured-img":"","footer-sml-layout":"","ast-disable-related-posts":"","theme-transparent-header-meta":"","adv-header-id-meta":"","stick-header-meta":"","header-above-stick-meta":"","header-main-stick-meta":"","header-below-stick-meta":"","astra-migrate-meta-layouts":"default","ast-page-background-enabled":"default","ast-page-background-meta":{"desktop":{"background-color":"var(--ast-global-color-4)","background-image":"","background-repeat":"repeat","background-position":"center center","background-size":"auto","background-attachment":"scroll","background-type":"","background-media":"","overlay-type":"","overlay-color":"","overlay-opacity":"","overlay-gradient":""},"tablet":{"background-color":"","background-image":"","background-repeat":"repeat","background-position":"center center","background-size":"auto","background-attachment":"scroll","background-type":"","background-media":"","overlay-type":"","overlay-color":"","overlay-opacity":"","overlay-gradient":""},"mobile":{"background-color":"","background-image":"","background-repeat":"repeat","background-position":"center center","background-size":"auto","background-attachment":"scroll","background-type":"","background-media":"","overlay-type":"","overlay-color":"","overlay-opacity":"","overlay-gradient":""}},"ast-content-background-meta":{"desktop":{"background-color":"var(--ast-global-color-5)","background-image":"","background-repeat":"repeat","background-position":"center center","background-size":"auto","background-attachment":"scroll","background-type":"","background-media":"","overlay-type":"","overlay-color":"","overlay-opacity":"","overlay-gradient":""},"tablet":{"background-color":"var(--ast-global-color-5)","background-image":"","background-repeat":"repeat","background-position":"center center","background-size":"auto","background-attachment":"scroll","background-type":"","background-media":"","overlay-type":"","overlay-color":"","overlay-opacity":"","overlay-gradient":""},"mobile":{"background-color":"var(--ast-global-color-5)","background-image":"","background-repeat":"repeat","background-position":"center center","background-size":"auto","background-attachment":"scroll","background-type":"","background-media":"","overlay-type":"","overlay-color":"","overlay-opacity":"","overlay-gradient":""}},"footnotes":""},"coauthors":[22],"class_list":["post-16547","page","type-page","status-publish","hentry"],"acf":[],"yoast_head":"<!-- This site is optimized with the Yoast SEO plugin v27.2 - https:\/\/yoast.com\/product\/yoast-seo-wordpress\/ -->\n<title>Zi\u0146as un jaunumi - Lindstr\u00f6m Latvia<\/title>\n<meta name=\"robots\" content=\"index, follow, max-snippet:-1, max-image-preview:large, max-video-preview:-1\" \/>\n<meta property=\"og:locale\" content=\"lv_LV\" \/>\n<meta property=\"og:type\" content=\"article\" \/>\n<meta property=\"og:title\" content=\"Zi\u0146as un jaunumi - Lindstr\u00f6m Latvia\" \/>\n<meta property=\"og:url\" content=\"https:\/\/lindstromgroup.com\/lv\/zinas-un-jaunumi\/\" \/>\n<meta property=\"og:site_name\" content=\"Lindstr\u00f6m Latvia\" \/>\n<meta property=\"article:modified_time\" content=\"2024-08-07T09:11:34+00:00\" \/>\n<meta name=\"twitter:card\" content=\"summary_large_image\" \/>\n<meta name=\"twitter:label1\" content=\"Est. reading time\" \/>\n\t<meta name=\"twitter:data1\" content=\"1 min\u016bte\" \/>\n\t<meta name=\"twitter:label2\" content=\"Written by\" \/>\n\t<meta name=\"twitter:data2\" content=\"karliszarins\" \/>\n<script type=\"application\/ld+json\" class=\"yoast-schema-graph\">{\"@context\":\"https:\/\/schema.org\",\"@graph\":[{\"@type\":\"WebPage\",\"@id\":\"https:\/\/lindstromgroup.com\/lv\/zinas-un-jaunumi\/\",\"url\":\"https:\/\/lindstromgroup.com\/lv\/zinas-un-jaunumi\/\",\"name\":\"Zi\u0146as un jaunumi - Lindstr\u00f6m Latvia\",\"isPartOf\":{\"@id\":\"https:\/\/lindstromgroup.com\/lv\/#website\"},\"datePublished\":\"2024-06-05T09:59:12+00:00\",\"dateModified\":\"2024-08-07T09:11:34+00:00\",\"breadcrumb\":{\"@id\":\"https:\/\/lindstromgroup.com\/lv\/zinas-un-jaunumi\/#breadcrumb\"},\"inLanguage\":\"lv-LV\",\"potentialAction\":[{\"@type\":\"ReadAction\",\"target\":[\"https:\/\/lindstromgroup.com\/lv\/zinas-un-jaunumi\/\"]}]},{\"@type\":\"BreadcrumbList\",\"@id\":\"https:\/\/lindstromgroup.com\/lv\/zinas-un-jaunumi\/#breadcrumb\",\"itemListElement\":[{\"@type\":\"ListItem\",\"position\":1,\"name\":\"Home\",\"item\":\"https:\/\/lindstromgroup.com\/lv\/\"},{\"@type\":\"ListItem\",\"position\":2,\"name\":\"Zi\u0146as un jaunumi\"}]},{\"@type\":\"WebSite\",\"@id\":\"https:\/\/lindstromgroup.com\/lv\/#website\",\"url\":\"https:\/\/lindstromgroup.com\/lv\/\",\"name\":\"Lindstr\u00f6m Latvia\",\"description\":\"\",\"publisher\":{\"@id\":\"https:\/\/lindstromgroup.com\/lv\/#organization\"},\"potentialAction\":[{\"@type\":\"SearchAction\",\"target\":{\"@type\":\"EntryPoint\",\"urlTemplate\":\"https:\/\/lindstromgroup.com\/lv\/?s={search_term_string}\"},\"query-input\":{\"@type\":\"PropertyValueSpecification\",\"valueRequired\":true,\"valueName\":\"search_term_string\"}}],\"inLanguage\":\"lv-LV\"},{\"@type\":\"Organization\",\"@id\":\"https:\/\/lindstromgroup.com\/lv\/#organization\",\"name\":\"Lindstr\u00f6m Latvija\",\"url\":\"https:\/\/lindstromgroup.com\/lv\/\",\"logo\":{\"@type\":\"ImageObject\",\"inLanguage\":\"lv-LV\",\"@id\":\"https:\/\/lindstromgroup.com\/lv\/#\/schema\/logo\/image\/\",\"url\":\"https:\/\/d2ris6qfzcz0wn.cloudfront.net\/wp-content\/uploads\/sites\/11\/2023\/10\/Logo512.png\",\"contentUrl\":\"https:\/\/d2ris6qfzcz0wn.cloudfront.net\/wp-content\/uploads\/sites\/11\/2023\/10\/Logo512.png\",\"width\":512,\"height\":109,\"caption\":\"Lindstr\u00f6m Latvija\"},\"image\":{\"@id\":\"https:\/\/lindstromgroup.com\/lv\/#\/schema\/logo\/image\/\"}}]}<\/script>\n<!-- \/ Yoast SEO plugin. -->","yoast_head_json":{"title":"Zi\u0146as un jaunumi - Lindstr\u00f6m Latvia","robots":{"index":"index","follow":"follow","max-snippet":"max-snippet:-1","max-image-preview":"max-image-preview:large","max-video-preview":"max-video-preview:-1"},"og_locale":"lv_LV","og_type":"article","og_title":"Zi\u0146as un jaunumi - Lindstr\u00f6m Latvia","og_url":"https:\/\/lindstromgroup.com\/lv\/zinas-un-jaunumi\/","og_site_name":"Lindstr\u00f6m Latvia","article_modified_time":"2024-08-07T09:11:34+00:00","twitter_card":"summary_large_image","twitter_misc":{"Est. reading time":"1 min\u016bte","Written by":"karliszarins"},"schema":{"@context":"https:\/\/schema.org","@graph":[{"@type":"WebPage","@id":"https:\/\/lindstromgroup.com\/lv\/zinas-un-jaunumi\/","url":"https:\/\/lindstromgroup.com\/lv\/zinas-un-jaunumi\/","name":"Zi\u0146as un jaunumi - Lindstr\u00f6m Latvia","isPartOf":{"@id":"https:\/\/lindstromgroup.com\/lv\/#website"},"datePublished":"2024-06-05T09:59:12+00:00","dateModified":"2024-08-07T09:11:34+00:00","breadcrumb":{"@id":"https:\/\/lindstromgroup.com\/lv\/zinas-un-jaunumi\/#breadcrumb"},"inLanguage":"lv-LV","potentialAction":[{"@type":"ReadAction","target":["https:\/\/lindstromgroup.com\/lv\/zinas-un-jaunumi\/"]}]},{"@type":"BreadcrumbList","@id":"https:\/\/lindstromgroup.com\/lv\/zinas-un-jaunumi\/#breadcrumb","itemListElement":[{"@type":"ListItem","position":1,"name":"Home","item":"https:\/\/lindstromgroup.com\/lv\/"},{"@type":"ListItem","position":2,"name":"Zi\u0146as un jaunumi"}]},{"@type":"WebSite","@id":"https:\/\/lindstromgroup.com\/lv\/#website","url":"https:\/\/lindstromgroup.com\/lv\/","name":"Lindstr\u00f6m Latvia","description":"","publisher":{"@id":"https:\/\/lindstromgroup.com\/lv\/#organization"},"potentialAction":[{"@type":"SearchAction","target":{"@type":"EntryPoint","urlTemplate":"https:\/\/lindstromgroup.com\/lv\/?s={search_term_string}"},"query-input":{"@type":"PropertyValueSpecification","valueRequired":true,"valueName":"search_term_string"}}],"inLanguage":"lv-LV"},{"@type":"Organization","@id":"https:\/\/lindstromgroup.com\/lv\/#organization","name":"Lindstr\u00f6m Latvija","url":"https:\/\/lindstromgroup.com\/lv\/","logo":{"@type":"ImageObject","inLanguage":"lv-LV","@id":"https:\/\/lindstromgroup.com\/lv\/#\/schema\/logo\/image\/","url":"https:\/\/d2ris6qfzcz0wn.cloudfront.net\/wp-content\/uploads\/sites\/11\/2023\/10\/Logo512.png","contentUrl":"https:\/\/d2ris6qfzcz0wn.cloudfront.net\/wp-content\/uploads\/sites\/11\/2023\/10\/Logo512.png","width":512,"height":109,"caption":"Lindstr\u00f6m Latvija"},"image":{"@id":"https:\/\/lindstromgroup.com\/lv\/#\/schema\/logo\/image\/"}}]}},"publishpress_future_workflow_manual_trigger":{"enabledWorkflows":[]},"distributor_meta":false,"distributor_terms":false,"distributor_media":false,"distributor_original_site_name":"Lindstr\u00f6m Latvia","distributor_original_site_url":"https:\/\/lindstromgroup.com\/lv","push-errors":false,"_links":{"self":[{"href":"https:\/\/lindstromgroup.com\/lv\/wp-json\/wp\/v2\/pages\/16547","targetHints":{"allow":["GET"]}}],"collection":[{"href":"https:\/\/lindstromgroup.com\/lv\/wp-json\/wp\/v2\/pages"}],"about":[{"href":"https:\/\/lindstromgroup.com\/lv\/wp-json\/wp\/v2\/types\/page"}],"author":[{"embeddable":true,"href":"https:\/\/lindstromgroup.com\/lv\/wp-json\/wp\/v2\/users\/43"}],"replies":[{"embeddable":true,"href":"https:\/\/lindstromgroup.com\/lv\/wp-json\/wp\/v2\/comments?post=16547"}],"version-history":[{"count":0,"href":"https:\/\/lindstromgroup.com\/lv\/wp-json\/wp\/v2\/pages\/16547\/revisions"}],"wp:attachment":[{"href":"https:\/\/lindstromgroup.com\/lv\/wp-json\/wp\/v2\/media?parent=16547"}],"wp:term":[{"taxonomy":"author","embeddable":true,"href":"https:\/\/lindstromgroup.com\/lv\/wp-json\/wp\/v2\/coauthors?post=16547"}],"curies":[{"name":"wp","href":"https:\/\/api.w.org\/{rel}","templated":true}]}}