
    {"id":20080,"date":"2025-10-08T15:07:31","date_gmt":"2025-10-08T13:07:31","guid":{"rendered":"https:\/\/lindstromgroup.com\/lt\/?page_id=20080"},"modified":"2025-10-14T10:18:07","modified_gmt":"2025-10-14T08:18:07","slug":"lindstrom-zaidimo-taisykles","status":"publish","type":"page","link":"https:\/\/lindstromgroup.com\/lt\/lindstrom-zaidimo-taisykles\/","title":{"rendered":"\u201eLindstr\u00f6m\u201c \u017eaidimo taisykl\u0117s"},"content":{"rendered":"\n    <div\n        id=\"block_9bd224090c86aee61bcc5f10514aa53f\"\n        class=\"hero-sub hero-sub--block_9bd224090c86aee61bcc5f10514aa53f  flex flex-col-reverse lg:flex-row justify-between bg-dark-blue text-white\"\n    >        \n        <div class=\"flex flex-col gap-5 pt-10 pb-5 grow px-5 lg:px-20\">\n            <div class=\"flex flex-col justify-center gap-3 grow max-w-[var(--container-text-max)]\">\n                <h1 class=\"!mb-0 !text-white !text-title-medium lg:!text-title-large !font-bold hyphens-auto break-words\">\n                    \u201eLindstr\u00f6m\u201c \u017eaidimo taisykl\u0117s                <\/h1>\n    \n                <div class=\"hero-sub__description\">\n                                    <\/div>\n    \n                \n                            <\/div>\n                            <div class=\"font-bold hero-sub__breadcrumb text-body-small\">\n                        <span><span><a href=\"https:\/\/lindstromgroup.com\/lt\/\">Titulinis<\/a><\/span><\/span>                <\/div>\n                    <\/div>\n\n        <div class=\"[&#038;_picture]:w-full flex h-full lg:h-auto max-h-[350px] lg:max-h-none lg:min-h-full w-full lg:w-[650px]\">\n            <img decoding=\"async\"\n                class=\"object-cover w-full h-full\"\n                src=\"https:\/\/d2ris6qfzcz0wn.cloudfront.net\/wp-content\/uploads\/sites\/17\/2025\/10\/zaidimo-vizualas-1024x1024.jpg\"\n                alt=\"\u201eLindstr\u00f6m\u201c \u017eaidimo taisykl\u0117s\"\n            >\n        <\/div>\n    <\/div>\n\n\n\n<div style=\"height:34px\" aria-hidden=\"true\" class=\"wp-block-spacer\"><\/div>\n\n\n\n        <style>\n            .lindstrom-container--block_385ee8bec2490dd3f694f3f3d277e4b3 {                \n                padding-top: 35px;\n                padding-bottom: 35px;\n            }\n\n            @media screen and (min-width: 768px) {\n                .lindstrom-container--block_385ee8bec2490dd3f694f3f3d277e4b3 {\n                    padding-top: 75px;\n                    padding-bottom: 75px;\n                }\n            }\n        <\/style>\n    \n<div\n    class=\"lindstrom-container-wrapper lindstrom-container lindstrom-container--block_385ee8bec2490dd3f694f3f3d277e4b3 \"\n    id=\"block_385ee8bec2490dd3f694f3f3d277e4b3\"\n    style=\"background-color: #ffffff\"\n    >\n    <div class=\"lindstrom-container lindstrom-container--content items-stretch\">\n        \n\n<p><strong><strong>Bendrosios s\u0105lygos<\/strong><\/strong><\/p>\n\n\n\n<p>\u017daidimo <strong>\u201eREGISTRUOKIT\u0116S IR LAIM\u0116KITE: laim\u0117kite R. Kalinkino dizaino kilim\u0117l\u012f\u201c<\/strong> (toliau \u2013 \u017daidimas) organizatorius (toliau \u2013 Organizatorius) yra UAB \u201eLindstr\u00f6m\u201c, \u012fmon\u0117s kodas 111618732, adresas: Savanori\u0173 pr. 183, LT-02300 Vilnius.<\/p>\n\n\n\n<p><strong><strong>\u017daidimo partneriai (toliau \u2013 Partneriai):<\/strong><\/strong><\/p>\n\n\n\n<ul class=\"wp-block-list\">\n<li>dizaineris <strong>Robertas Kalinkinas<\/strong>,<\/li>\n\n\n\n<li>radijo stotis <strong>M-1 <\/strong>(atliekanti \u017eaidimo reklamos bei laim\u0117tojo paskelbimo funkcij\u0105).<\/li>\n<\/ul>\n\n\n\n<p>\u017daidimas vyksta Lietuvos Respublikos teritorijoje <strong>nuo 2025 m. spalio 13 d. iki spalio 24 d.<\/strong><\/p>\n\n\n\n<p>\u017daidime dalyvauti gali visos Lietuvos Respublikoje registruotos \u012fmon\u0117s (toliau \u2013 Dalyviai).<\/p>\n\n\n\n<p><strong><strong><strong><strong>Priz\u0173 fondas<\/strong><\/strong><\/strong><\/strong><\/p>\n\n\n\n<p>Pagrindinis prizas:<\/p>\n\n\n\n<ul class=\"wp-block-list\">\n<li><strong>Roberto Kalinkino sukurtas dizaino kilim\u0117lis<\/strong>, skirtas biurui, mokyklai, prekybos centrui ar kitam verslui.<\/li>\n\n\n\n<li><strong>3 m\u0117nesi\u0173 nemokama \u201eLindstr\u00f6m\u201c dizaino kilim\u0117li\u0173 nuomos paslauga, pasira\u0161ius paslaug\u0173 sutart\u012f.<\/strong><\/li>\n<\/ul>\n\n\n\n<p>Prizo vert\u0117 nekei\u010diama \u012f grynuosius pinigus ar kitus daiktus.<\/p>\n\n\n\n<p><strong><strong><strong><strong><strong>\u017daidimo vykdymo proced\u016bra, dalyvavimo terminai ir s\u0105lygos<\/strong><\/strong><\/strong><\/strong><\/strong><\/p>\n\n\n\n<ol class=\"wp-block-list numbers\">\n<li>Dalyviai nuo <strong>2025-10-13 iki 2025-10-24<\/strong> turi u\u017esiregistruoti \u017eaidimui specialiame tinklalapyje (nuoroda pateikiama \u017eaidimo komunikacijoje).<\/li>\n\n\n\n<li>Laim\u0117tojas bus renkamas atsitiktin\u0117s atrankos b\u016bdu <strong>tiesioginio M-1 radijo eterio metu<\/strong>.<\/li>\n\n\n\n<li>Apie laim\u0117jim\u0105 Dalyviams bus prane\u0161ta:\n<ul class=\"wp-block-list\">\n<li>asmeni\u0161kai registracijos formoje nurodytais kontaktais,<\/li>\n\n\n\n<li><strong>M-1 radijo laidos tiesioginio eterio metu<\/strong>.<br>Gavus laim\u0117tojo sutikim\u0105, informacija gali b\u016bti paskelbta \u201eLindstr\u00f6m\u201c socialiniuose tinkluose bei interneto svetain\u0117je.<\/li>\n<\/ul>\n<\/li>\n\n\n\n<li>UAB \u201eLindstr\u00f6m\u201c su laim\u0117toju susisieks <strong>per savait\u0119 nuo laim\u0117jimo paskelbimo (iki 2025-10-31)<\/strong>. Laim\u0117tojas <strong>per 3 m\u0117nesius nuo paskelbimo dienos (iki 2026-01-31)<\/strong> turi suderinti su dizaineriu <strong>Robertu Kalinkinu<\/strong> savo \u012fmon\u0117s poreikius, pagal kuriuos bus sukurtas individualaus dizaino kilim\u0117lis.<\/li>\n\n\n\n<li>Suderint\u0105 dizain\u0105 Organizatorius perduos gamybai.<\/li>\n\n\n\n<li>Laim\u0117tojas privalo pasira\u0161yti&nbsp;<strong>kilim\u0117li\u0173 nuomos sutart\u012f<\/strong>, kad gal\u0117t\u0173 naudotis&nbsp;<strong>3 m\u0117nesi\u0173 nemokama paslauga<\/strong>.<\/li>\n<\/ol>\n\n\n\n<p>Organizatorius neatsako ir pretenzij\u0173 nepriima, jei Dalyviui nepavyksta u\u017esiregistruoti d\u0117l registracijos tvarkos nesilaikymo (pvz., neteisingai \u012fvedus el. pa\u0161to adres\u0105).<\/p>\n\n\n\n<p><strong><strong><strong><strong><strong><strong>Skundo teikimas ir nagrin\u0117jimas<\/strong><\/strong><\/strong><\/strong><\/strong><\/strong><\/p>\n\n\n\n<p>Skundas d\u0117l \u0161io \u017daidimo turi b\u016bti pateiktas ra\u0161tu, nurodant nusiskundimus ir argumentus, pridedant reikiamus dokumentus bei j\u0173 kopijas.<\/p>\n\n\n\n<p>Skundas siun\u010diamas Organizatoriaus adresu:<br><strong>Savanori\u0173 pr. 183, LT-02300 Vilnius<\/strong>,<br>iki <strong>2025-11-15<\/strong> (data ant pa\u0161to voko), arba el. pa\u0161tu: <strong>rasa.slekiene@lindstromgroup.com<\/strong>.<\/p>\n\n\n\n<p>Organizatorius kartu su Partneriais per\u017ei\u016bri pretenzij\u0105 ir per <strong>30 (trisde\u0161imt) dien\u0173<\/strong> pateikia atsakym\u0105.<\/p>\n\n\n\n<p><strong><strong><strong><strong><strong><strong><strong>Kitos s\u0105lygos<\/strong><\/strong><\/strong><\/strong><\/strong><\/strong><\/strong><\/p>\n\n\n\n<ul class=\"wp-block-list\">\n<li>Prizas nekei\u010diamas \u012f pinigus ar kitus produktus.<\/li>\n\n\n\n<li>\u017daidime negali dalyvauti Organizatoriaus ir Partneri\u0173 darbuotojai, j\u0173 \u0161eimos nariai bei kiti su \u017eaidimo organizavimu susij\u0119 subjektai.<\/li>\n\n\n\n<li>Visi \u017eaidimo metu pateikti asmens duomenys yra kaupiami, saugomi ir tvarkomi pagal Lietuvos Respublikos teis\u0117s aktus. Duomenys naudojami tik \u017daidimo vykdymo tikslais.<\/li>\n\n\n\n<li>Organizatorius pasilieka teis\u0119 keisti \u017daidimo taisykles.<\/li>\n<\/ul>\n\n\n    <\/div>\n<\/div>\n\n\n\n<style>\n.lindstrom-container-wrapper, .lindstrom-container-wrapper p, .lindstrom-container-wrapper li {\n    color:#003f72;\n    font-size: 16px;\n    line-height: 150%;\n}\n\n.lindstrom-container-wrapper p {\nmargin-bottom: 20px;\n}\n\n\n\n.wp-block-list {\n    list-style: disc;\n    margin: 0 0 0 20px !important\n}\n.wp-block-list.numbers {\n    list-style: number;\n}\n<\/style>\n","protected":false},"excerpt":{"rendered":"","protected":false},"author":100,"featured_media":20142,"parent":0,"menu_order":0,"comment_status":"closed","ping_status":"closed","template":"","meta":{"_acf_changed":false,"inline_featured_image":false,"_eb_attr":"","site-sidebar-layout":"default","site-content-layout":"","ast-site-content-layout":"default","site-content-style":"default","site-sidebar-style":"default","ast-global-header-display":"","ast-banner-title-visibility":"","ast-main-header-display":"","ast-hfb-above-header-display":"","ast-hfb-below-header-display":"","ast-hfb-mobile-header-display":"","site-post-title":"","ast-breadcrumbs-content":"","ast-featured-img":"","footer-sml-layout":"","ast-disable-related-posts":"","theme-transparent-header-meta":"","adv-header-id-meta":"","stick-header-meta":"","header-above-stick-meta":"","header-main-stick-meta":"","header-below-stick-meta":"","astra-migrate-meta-layouts":"set","ast-page-background-enabled":"default","ast-page-background-meta":{"desktop":{"background-color":"var(--ast-global-color-4)","background-image":"","background-repeat":"repeat","background-position":"center center","background-size":"auto","background-attachment":"scroll","background-type":"","background-media":"","overlay-type":"","overlay-color":"","overlay-opacity":"","overlay-gradient":""},"tablet":{"background-color":"","background-image":"","background-repeat":"repeat","background-position":"center center","background-size":"auto","background-attachment":"scroll","background-type":"","background-media":"","overlay-type":"","overlay-color":"","overlay-opacity":"","overlay-gradient":""},"mobile":{"background-color":"","background-image":"","background-repeat":"repeat","background-position":"center center","background-size":"auto","background-attachment":"scroll","background-type":"","background-media":"","overlay-type":"","overlay-color":"","overlay-opacity":"","overlay-gradient":""}},"ast-content-background-meta":{"desktop":{"background-color":"var(--ast-global-color-5)","background-image":"","background-repeat":"repeat","background-position":"center center","background-size":"auto","background-attachment":"scroll","background-type":"","background-media":"","overlay-type":"","overlay-color":"","overlay-opacity":"","overlay-gradient":""},"tablet":{"background-color":"var(--ast-global-color-5)","background-image":"","background-repeat":"repeat","background-position":"center center","background-size":"auto","background-attachment":"scroll","background-type":"","background-media":"","overlay-type":"","overlay-color":"","overlay-opacity":"","overlay-gradient":""},"mobile":{"background-color":"var(--ast-global-color-5)","background-image":"","background-repeat":"repeat","background-position":"center center","background-size":"auto","background-attachment":"scroll","background-type":"","background-media":"","overlay-type":"","overlay-color":"","overlay-opacity":"","overlay-gradient":""}},"footnotes":""},"coauthors":[180],"class_list":["post-20080","page","type-page","status-publish","has-post-thumbnail","hentry"],"acf":[],"yoast_head":"<!-- This site is optimized with the Yoast SEO plugin v27.2 - https:\/\/yoast.com\/product\/yoast-seo-wordpress\/ -->\n<title>\u201eLindstr\u00f6m\u201c \u017eaidimo taisykl\u0117s - Lindstr\u00f6m Lietuva<\/title>\n<meta name=\"description\" content=\"Lindstr\u00f6m privatumo politika\" \/>\n<meta name=\"robots\" content=\"index, follow, max-snippet:-1, max-image-preview:large, max-video-preview:-1\" \/>\n<meta property=\"og:locale\" content=\"lt_LT\" \/>\n<meta property=\"og:type\" content=\"article\" \/>\n<meta property=\"og:title\" content=\"\u201eLindstr\u00f6m\u201c \u017eaidimo taisykl\u0117s - Lindstr\u00f6m Lietuva\" \/>\n<meta property=\"og:description\" content=\"Lindstr\u00f6m privatumo politika\" \/>\n<meta property=\"og:url\" content=\"https:\/\/lindstromgroup.com\/lt\/lindstrom-zaidimo-taisykles\/\" \/>\n<meta property=\"og:site_name\" content=\"Lindstr\u00f6m Lietuva\" \/>\n<meta property=\"article:modified_time\" content=\"2025-10-14T08:18:07+00:00\" \/>\n<meta property=\"og:image\" content=\"https:\/\/d2ris6qfzcz0wn.cloudfront.net\/wp-content\/uploads\/sites\/17\/2025\/10\/konkurso-img-1.jpg\" \/>\n\t<meta property=\"og:image:width\" content=\"1080\" \/>\n\t<meta property=\"og:image:height\" content=\"1350\" \/>\n\t<meta property=\"og:image:type\" content=\"image\/jpeg\" \/>\n<meta name=\"twitter:card\" content=\"summary_large_image\" \/>\n<meta name=\"twitter:label1\" content=\"Est. reading time\" \/>\n\t<meta name=\"twitter:data1\" content=\"5 minut\u0117s\" \/>\n\t<meta name=\"twitter:label2\" content=\"Written by\" \/>\n\t<meta name=\"twitter:data2\" content=\"lejabatakyte\" \/>\n<script type=\"application\/ld+json\" class=\"yoast-schema-graph\">{\"@context\":\"https:\/\/schema.org\",\"@graph\":[{\"@type\":\"WebPage\",\"@id\":\"https:\/\/lindstromgroup.com\/lt\/lindstrom-zaidimo-taisykles\/\",\"url\":\"https:\/\/lindstromgroup.com\/lt\/lindstrom-zaidimo-taisykles\/\",\"name\":\"\u201eLindstr\u00f6m\u201c \u017eaidimo taisykl\u0117s - Lindstr\u00f6m Lietuva\",\"isPartOf\":{\"@id\":\"https:\/\/lindstromgroup.com\/lt\/#website\"},\"primaryImageOfPage\":{\"@id\":\"https:\/\/lindstromgroup.com\/lt\/lindstrom-zaidimo-taisykles\/#primaryimage\"},\"image\":{\"@id\":\"https:\/\/lindstromgroup.com\/lt\/lindstrom-zaidimo-taisykles\/#primaryimage\"},\"thumbnailUrl\":\"https:\/\/d2ris6qfzcz0wn.cloudfront.net\/wp-content\/uploads\/sites\/17\/2025\/10\/konkurso-img-1.jpg\",\"datePublished\":\"2025-10-08T13:07:31+00:00\",\"dateModified\":\"2025-10-14T08:18:07+00:00\",\"description\":\"Lindstr\u00f6m privatumo politika\",\"breadcrumb\":{\"@id\":\"https:\/\/lindstromgroup.com\/lt\/lindstrom-zaidimo-taisykles\/#breadcrumb\"},\"inLanguage\":\"lt-LT\",\"potentialAction\":[{\"@type\":\"ReadAction\",\"target\":[\"https:\/\/lindstromgroup.com\/lt\/lindstrom-zaidimo-taisykles\/\"]}]},{\"@type\":\"ImageObject\",\"inLanguage\":\"lt-LT\",\"@id\":\"https:\/\/lindstromgroup.com\/lt\/lindstrom-zaidimo-taisykles\/#primaryimage\",\"url\":\"https:\/\/d2ris6qfzcz0wn.cloudfront.net\/wp-content\/uploads\/sites\/17\/2025\/10\/konkurso-img-1.jpg\",\"contentUrl\":\"https:\/\/d2ris6qfzcz0wn.cloudfront.net\/wp-content\/uploads\/sites\/17\/2025\/10\/konkurso-img-1.jpg\",\"width\":1080,\"height\":1350},{\"@type\":\"BreadcrumbList\",\"@id\":\"https:\/\/lindstromgroup.com\/lt\/lindstrom-zaidimo-taisykles\/#breadcrumb\",\"itemListElement\":[{\"@type\":\"ListItem\",\"position\":1,\"name\":\"Titulinis\",\"item\":\"https:\/\/lindstromgroup.com\/lt\/\"},{\"@type\":\"ListItem\",\"position\":2,\"name\":\"\u201eLindstr\u00f6m\u201c \u017eaidimo taisykl\u0117s\"}]},{\"@type\":\"WebSite\",\"@id\":\"https:\/\/lindstromgroup.com\/lt\/#website\",\"url\":\"https:\/\/lindstromgroup.com\/lt\/\",\"name\":\"Lindstr\u00f6m Lietuva\",\"description\":\"\",\"publisher\":{\"@id\":\"https:\/\/lindstromgroup.com\/lt\/#organization\"},\"potentialAction\":[{\"@type\":\"SearchAction\",\"target\":{\"@type\":\"EntryPoint\",\"urlTemplate\":\"https:\/\/lindstromgroup.com\/lt\/?s={search_term_string}\"},\"query-input\":{\"@type\":\"PropertyValueSpecification\",\"valueRequired\":true,\"valueName\":\"search_term_string\"}}],\"inLanguage\":\"lt-LT\"},{\"@type\":\"Organization\",\"@id\":\"https:\/\/lindstromgroup.com\/lt\/#organization\",\"name\":\"Lindstr\u00f6m Lietuva\",\"url\":\"https:\/\/lindstromgroup.com\/lt\/\",\"logo\":{\"@type\":\"ImageObject\",\"inLanguage\":\"lt-LT\",\"@id\":\"https:\/\/lindstromgroup.com\/lt\/#\/schema\/logo\/image\/\",\"url\":\"https:\/\/d2ris6qfzcz0wn.cloudfront.net\/wp-content\/uploads\/sites\/17\/2023\/10\/Logo512.png\",\"contentUrl\":\"https:\/\/d2ris6qfzcz0wn.cloudfront.net\/wp-content\/uploads\/sites\/17\/2023\/10\/Logo512.png\",\"width\":512,\"height\":109,\"caption\":\"Lindstr\u00f6m Lietuva\"},\"image\":{\"@id\":\"https:\/\/lindstromgroup.com\/lt\/#\/schema\/logo\/image\/\"}}]}<\/script>\n<!-- \/ Yoast SEO plugin. -->","yoast_head_json":{"title":"\u201eLindstr\u00f6m\u201c \u017eaidimo taisykl\u0117s - Lindstr\u00f6m Lietuva","description":"Lindstr\u00f6m privatumo politika","robots":{"index":"index","follow":"follow","max-snippet":"max-snippet:-1","max-image-preview":"max-image-preview:large","max-video-preview":"max-video-preview:-1"},"og_locale":"lt_LT","og_type":"article","og_title":"\u201eLindstr\u00f6m\u201c \u017eaidimo taisykl\u0117s - Lindstr\u00f6m Lietuva","og_description":"Lindstr\u00f6m privatumo politika","og_url":"https:\/\/lindstromgroup.com\/lt\/lindstrom-zaidimo-taisykles\/","og_site_name":"Lindstr\u00f6m Lietuva","article_modified_time":"2025-10-14T08:18:07+00:00","og_image":[{"width":1080,"height":1350,"url":"https:\/\/d2ris6qfzcz0wn.cloudfront.net\/wp-content\/uploads\/sites\/17\/2025\/10\/konkurso-img-1.jpg","type":"image\/jpeg"}],"twitter_card":"summary_large_image","twitter_misc":{"Est. reading time":"5 minut\u0117s","Written by":"lejabatakyte"},"schema":{"@context":"https:\/\/schema.org","@graph":[{"@type":"WebPage","@id":"https:\/\/lindstromgroup.com\/lt\/lindstrom-zaidimo-taisykles\/","url":"https:\/\/lindstromgroup.com\/lt\/lindstrom-zaidimo-taisykles\/","name":"\u201eLindstr\u00f6m\u201c \u017eaidimo taisykl\u0117s - Lindstr\u00f6m Lietuva","isPartOf":{"@id":"https:\/\/lindstromgroup.com\/lt\/#website"},"primaryImageOfPage":{"@id":"https:\/\/lindstromgroup.com\/lt\/lindstrom-zaidimo-taisykles\/#primaryimage"},"image":{"@id":"https:\/\/lindstromgroup.com\/lt\/lindstrom-zaidimo-taisykles\/#primaryimage"},"thumbnailUrl":"https:\/\/d2ris6qfzcz0wn.cloudfront.net\/wp-content\/uploads\/sites\/17\/2025\/10\/konkurso-img-1.jpg","datePublished":"2025-10-08T13:07:31+00:00","dateModified":"2025-10-14T08:18:07+00:00","description":"Lindstr\u00f6m privatumo politika","breadcrumb":{"@id":"https:\/\/lindstromgroup.com\/lt\/lindstrom-zaidimo-taisykles\/#breadcrumb"},"inLanguage":"lt-LT","potentialAction":[{"@type":"ReadAction","target":["https:\/\/lindstromgroup.com\/lt\/lindstrom-zaidimo-taisykles\/"]}]},{"@type":"ImageObject","inLanguage":"lt-LT","@id":"https:\/\/lindstromgroup.com\/lt\/lindstrom-zaidimo-taisykles\/#primaryimage","url":"https:\/\/d2ris6qfzcz0wn.cloudfront.net\/wp-content\/uploads\/sites\/17\/2025\/10\/konkurso-img-1.jpg","contentUrl":"https:\/\/d2ris6qfzcz0wn.cloudfront.net\/wp-content\/uploads\/sites\/17\/2025\/10\/konkurso-img-1.jpg","width":1080,"height":1350},{"@type":"BreadcrumbList","@id":"https:\/\/lindstromgroup.com\/lt\/lindstrom-zaidimo-taisykles\/#breadcrumb","itemListElement":[{"@type":"ListItem","position":1,"name":"Titulinis","item":"https:\/\/lindstromgroup.com\/lt\/"},{"@type":"ListItem","position":2,"name":"\u201eLindstr\u00f6m\u201c \u017eaidimo taisykl\u0117s"}]},{"@type":"WebSite","@id":"https:\/\/lindstromgroup.com\/lt\/#website","url":"https:\/\/lindstromgroup.com\/lt\/","name":"Lindstr\u00f6m Lietuva","description":"","publisher":{"@id":"https:\/\/lindstromgroup.com\/lt\/#organization"},"potentialAction":[{"@type":"SearchAction","target":{"@type":"EntryPoint","urlTemplate":"https:\/\/lindstromgroup.com\/lt\/?s={search_term_string}"},"query-input":{"@type":"PropertyValueSpecification","valueRequired":true,"valueName":"search_term_string"}}],"inLanguage":"lt-LT"},{"@type":"Organization","@id":"https:\/\/lindstromgroup.com\/lt\/#organization","name":"Lindstr\u00f6m Lietuva","url":"https:\/\/lindstromgroup.com\/lt\/","logo":{"@type":"ImageObject","inLanguage":"lt-LT","@id":"https:\/\/lindstromgroup.com\/lt\/#\/schema\/logo\/image\/","url":"https:\/\/d2ris6qfzcz0wn.cloudfront.net\/wp-content\/uploads\/sites\/17\/2023\/10\/Logo512.png","contentUrl":"https:\/\/d2ris6qfzcz0wn.cloudfront.net\/wp-content\/uploads\/sites\/17\/2023\/10\/Logo512.png","width":512,"height":109,"caption":"Lindstr\u00f6m Lietuva"},"image":{"@id":"https:\/\/lindstromgroup.com\/lt\/#\/schema\/logo\/image\/"}}]}},"publishpress_future_workflow_manual_trigger":{"enabledWorkflows":[]},"distributor_meta":false,"distributor_terms":false,"distributor_media":false,"distributor_original_site_name":"Lindstr\u00f6m Lietuva","distributor_original_site_url":"https:\/\/lindstromgroup.com\/lt","push-errors":false,"_links":{"self":[{"href":"https:\/\/lindstromgroup.com\/lt\/wp-json\/wp\/v2\/pages\/20080","targetHints":{"allow":["GET"]}}],"collection":[{"href":"https:\/\/lindstromgroup.com\/lt\/wp-json\/wp\/v2\/pages"}],"about":[{"href":"https:\/\/lindstromgroup.com\/lt\/wp-json\/wp\/v2\/types\/page"}],"author":[{"embeddable":true,"href":"https:\/\/lindstromgroup.com\/lt\/wp-json\/wp\/v2\/users\/100"}],"replies":[{"embeddable":true,"href":"https:\/\/lindstromgroup.com\/lt\/wp-json\/wp\/v2\/comments?post=20080"}],"version-history":[{"count":0,"href":"https:\/\/lindstromgroup.com\/lt\/wp-json\/wp\/v2\/pages\/20080\/revisions"}],"wp:featuredmedia":[{"embeddable":true,"href":"https:\/\/lindstromgroup.com\/lt\/wp-json\/wp\/v2\/media\/20142"}],"wp:attachment":[{"href":"https:\/\/lindstromgroup.com\/lt\/wp-json\/wp\/v2\/media?parent=20080"}],"wp:term":[{"taxonomy":"author","embeddable":true,"href":"https:\/\/lindstromgroup.com\/lt\/wp-json\/wp\/v2\/coauthors?post=20080"}],"curies":[{"name":"wp","href":"https:\/\/api.w.org\/{rel}","templated":true}]}}