
    {"id":20052,"date":"2025-10-08T14:00:36","date_gmt":"2025-10-08T12:00:36","guid":{"rendered":"https:\/\/lindstromgroup.com\/lt\/?page_id=20052"},"modified":"2025-10-10T15:58:50","modified_gmt":"2025-10-10T13:58:50","slug":"aciu-kad-uzsiregistravote","status":"publish","type":"page","link":"https:\/\/lindstromgroup.com\/lt\/zaiskite-ir-laimekite-roberto-kalinkino-sukurta-dizaino-kilimeli\/aciu-kad-uzsiregistravote\/","title":{"rendered":"A\u010di\u016b, kad u\u017esiregistravote!"},"content":{"rendered":"\n    <div\n        id=\"block_9253036a8d43eaeee8d7e1a60598d38c\"\n        class=\"hero-sub hero-sub--block_9253036a8d43eaeee8d7e1a60598d38c  flex flex-col-reverse lg:flex-row justify-between bg-dark-blue text-white\"\n    >        \n        <div class=\"flex flex-col gap-5 pt-10 pb-5 grow px-5 lg:px-20\">\n            <div class=\"flex flex-col justify-center gap-3 grow max-w-[var(--container-text-max)]\">\n                <h1 class=\"!mb-0 !text-white !text-title-medium lg:!text-title-large !font-bold hyphens-auto break-words\">\n                    A\u010di\u016b, kad u\u017esiregistravote!                <\/h1>\n    \n                <div class=\"hero-sub__description\">\n                                    <\/div>\n    \n                \n                            <\/div>\n                            <div class=\"font-bold hero-sub__breadcrumb text-body-small\">\n                        <span><span><a href=\"https:\/\/lindstromgroup.com\/lt\/\">Titulinis<\/a><\/span><\/span>                <\/div>\n                    <\/div>\n\n        <div class=\"[&#038;_picture]:w-full flex h-full lg:h-auto max-h-[350px] lg:max-h-none lg:min-h-full w-full lg:w-[650px]\">\n            <img decoding=\"async\"\n                class=\"object-cover w-full h-full\"\n                src=\"https:\/\/d2ris6qfzcz0wn.cloudfront.net\/wp-content\/uploads\/sites\/17\/2025\/10\/zaidimo-vizualas-1024x1024.jpg\"\n                alt=\"A\u010di\u016b, kad u\u017esiregistravote!\"\n            >\n        <\/div>\n    <\/div>\n\n\n\n        <style>\n            .lindstrom-container--block_4747accedfe4343a1657bee8c929a418 {                \n                padding-top: 35px;\n                padding-bottom: 35px;\n            }\n\n            @media screen and (min-width: 768px) {\n                .lindstrom-container--block_4747accedfe4343a1657bee8c929a418 {\n                    padding-top: 75px;\n                    padding-bottom: 75px;\n                }\n            }\n        <\/style>\n    \n<div\n    class=\"lindstrom-container-wrapper lindstrom-container lindstrom-container--block_4747accedfe4343a1657bee8c929a418 text-outline\"\n    id=\"block_4747accedfe4343a1657bee8c929a418\"\n    style=\"background-color: #ffffff\"\n    >\n    <div class=\"lindstrom-container lindstrom-container--text items-center\">\n        \n\n        <div \n        id=\"cta-country-block_fae16785c67e3011d625c3968fde5bf3\" \n        class=\"cta-country\"\n    >\n        <div class=\"flex flex-col gap-5\" style=\"align-items: center\">\n                                        <div class=\"cta-text\"><p style=\"text-align: center\">\u00a0J\u016bs\u0173 biuras jau \u017eingsniu ar\u010diau\u00a0<b data-stringify-type=\"bold\">i\u0161skirtinio Roberto Kalinkino dizaino kilim\u0117lio<\/b>.<\/p>\n<p style=\"text-align: center\"><br aria-hidden=\"true\" \/>\u00a0Tegul stilius ir spalvos \u012fkvepia J\u016bs\u0173 kasdienyb\u0119!<\/p>\n<p>&nbsp;<\/p>\n<p style=\"text-align: center\">Su pagarba,<\/p>\n<p style=\"text-align: center\">\u00a0<i data-stringify-type=\"italic\">\u201eLindstr\u00f6m\u201c komanda<\/i><\/p>\n<\/div>\n                        <div class=\"cta-button-container cta-button-container--row\">\n                            <\/div>\n        <\/div>\n    <\/div>\n    \n\n    <\/div>\n<\/div>\n\n\n\n<style>\n.text-outline .lindstrom-container--text {\nposition: relative;\npadding: 25px 50px 0;\n}\n.text-outline .lindstrom-container--text::after {\n    content: '';\n    position: absolute;\n    top: 0;\n    left: 0;\n    width: calc(100% - 40px);\n    height: 100%;\n    border: 1px solid rgba(152, 152, 152, 0.50);\n    margin: 0 20px;\n}\n<\/style>\n\n\n\n<p><\/p>\n","protected":false},"excerpt":{"rendered":"","protected":false},"author":134,"featured_media":20142,"parent":20117,"menu_order":0,"comment_status":"closed","ping_status":"closed","template":"","meta":{"_acf_changed":true,"inline_featured_image":false,"_eb_attr":"","site-sidebar-layout":"default","site-content-layout":"","ast-site-content-layout":"default","site-content-style":"default","site-sidebar-style":"default","ast-global-header-display":"","ast-banner-title-visibility":"","ast-main-header-display":"","ast-hfb-above-header-display":"","ast-hfb-below-header-display":"","ast-hfb-mobile-header-display":"","site-post-title":"","ast-breadcrumbs-content":"","ast-featured-img":"","footer-sml-layout":"","ast-disable-related-posts":"","theme-transparent-header-meta":"","adv-header-id-meta":"","stick-header-meta":"","header-above-stick-meta":"","header-main-stick-meta":"","header-below-stick-meta":"","astra-migrate-meta-layouts":"set","ast-page-background-enabled":"default","ast-page-background-meta":{"desktop":{"background-color":"var(--ast-global-color-4)","background-image":"","background-repeat":"repeat","background-position":"center center","background-size":"auto","background-attachment":"scroll","background-type":"","background-media":"","overlay-type":"","overlay-color":"","overlay-opacity":"","overlay-gradient":""},"tablet":{"background-color":"","background-image":"","background-repeat":"repeat","background-position":"center center","background-size":"auto","background-attachment":"scroll","background-type":"","background-media":"","overlay-type":"","overlay-color":"","overlay-opacity":"","overlay-gradient":""},"mobile":{"background-color":"","background-image":"","background-repeat":"repeat","background-position":"center center","background-size":"auto","background-attachment":"scroll","background-type":"","background-media":"","overlay-type":"","overlay-color":"","overlay-opacity":"","overlay-gradient":""}},"ast-content-background-meta":{"desktop":{"background-color":"var(--ast-global-color-5)","background-image":"","background-repeat":"repeat","background-position":"center center","background-size":"auto","background-attachment":"scroll","background-type":"","background-media":"","overlay-type":"","overlay-color":"","overlay-opacity":"","overlay-gradient":""},"tablet":{"background-color":"var(--ast-global-color-5)","background-image":"","background-repeat":"repeat","background-position":"center center","background-size":"auto","background-attachment":"scroll","background-type":"","background-media":"","overlay-type":"","overlay-color":"","overlay-opacity":"","overlay-gradient":""},"mobile":{"background-color":"var(--ast-global-color-5)","background-image":"","background-repeat":"repeat","background-position":"center center","background-size":"auto","background-attachment":"scroll","background-type":"","background-media":"","overlay-type":"","overlay-color":"","overlay-opacity":"","overlay-gradient":""}},"footnotes":""},"coauthors":[181],"class_list":["post-20052","page","type-page","status-publish","has-post-thumbnail","hentry"],"acf":[],"yoast_head":"<!-- This site is optimized with the Yoast SEO plugin v27.2 - https:\/\/yoast.com\/product\/yoast-seo-wordpress\/ -->\n<title>A\u010di\u016b, kad u\u017esiregistravote! - Lindstr\u00f6m Lietuva<\/title>\n<meta name=\"robots\" content=\"index, follow, max-snippet:-1, max-image-preview:large, max-video-preview:-1\" \/>\n<meta property=\"og:locale\" content=\"lt_LT\" \/>\n<meta property=\"og:type\" content=\"article\" \/>\n<meta property=\"og:title\" content=\"A\u010di\u016b, kad u\u017esiregistravote! - Lindstr\u00f6m Lietuva\" \/>\n<meta property=\"og:url\" content=\"https:\/\/lindstromgroup.com\/lt\/zaiskite-ir-laimekite-roberto-kalinkino-sukurta-dizaino-kilimeli\/aciu-kad-uzsiregistravote\/\" \/>\n<meta property=\"og:site_name\" content=\"Lindstr\u00f6m Lietuva\" \/>\n<meta property=\"article:modified_time\" content=\"2025-10-10T13:58:50+00:00\" \/>\n<meta property=\"og:image\" content=\"https:\/\/d2ris6qfzcz0wn.cloudfront.net\/wp-content\/uploads\/sites\/17\/2025\/10\/konkurso-img-1.jpg\" \/>\n\t<meta property=\"og:image:width\" content=\"1080\" \/>\n\t<meta property=\"og:image:height\" content=\"1350\" \/>\n\t<meta property=\"og:image:type\" content=\"image\/jpeg\" \/>\n<meta name=\"twitter:card\" content=\"summary_large_image\" \/>\n<meta name=\"twitter:label1\" content=\"Est. reading time\" \/>\n\t<meta name=\"twitter:data1\" content=\"1 minut\u0117\" \/>\n\t<meta name=\"twitter:label2\" content=\"Written by\" \/>\n\t<meta name=\"twitter:data2\" content=\"vaidotasvaraska\" \/>\n<script type=\"application\/ld+json\" class=\"yoast-schema-graph\">{\"@context\":\"https:\/\/schema.org\",\"@graph\":[{\"@type\":\"WebPage\",\"@id\":\"https:\/\/lindstromgroup.com\/lt\/zaiskite-ir-laimekite-roberto-kalinkino-sukurta-dizaino-kilimeli\/aciu-kad-uzsiregistravote\/\",\"url\":\"https:\/\/lindstromgroup.com\/lt\/zaiskite-ir-laimekite-roberto-kalinkino-sukurta-dizaino-kilimeli\/aciu-kad-uzsiregistravote\/\",\"name\":\"A\u010di\u016b, kad u\u017esiregistravote! - Lindstr\u00f6m Lietuva\",\"isPartOf\":{\"@id\":\"https:\/\/lindstromgroup.com\/lt\/#website\"},\"primaryImageOfPage\":{\"@id\":\"https:\/\/lindstromgroup.com\/lt\/zaiskite-ir-laimekite-roberto-kalinkino-sukurta-dizaino-kilimeli\/aciu-kad-uzsiregistravote\/#primaryimage\"},\"image\":{\"@id\":\"https:\/\/lindstromgroup.com\/lt\/zaiskite-ir-laimekite-roberto-kalinkino-sukurta-dizaino-kilimeli\/aciu-kad-uzsiregistravote\/#primaryimage\"},\"thumbnailUrl\":\"https:\/\/d2ris6qfzcz0wn.cloudfront.net\/wp-content\/uploads\/sites\/17\/2025\/10\/konkurso-img-1.jpg\",\"datePublished\":\"2025-10-08T12:00:36+00:00\",\"dateModified\":\"2025-10-10T13:58:50+00:00\",\"breadcrumb\":{\"@id\":\"https:\/\/lindstromgroup.com\/lt\/zaiskite-ir-laimekite-roberto-kalinkino-sukurta-dizaino-kilimeli\/aciu-kad-uzsiregistravote\/#breadcrumb\"},\"inLanguage\":\"lt-LT\",\"potentialAction\":[{\"@type\":\"ReadAction\",\"target\":[\"https:\/\/lindstromgroup.com\/lt\/zaiskite-ir-laimekite-roberto-kalinkino-sukurta-dizaino-kilimeli\/aciu-kad-uzsiregistravote\/\"]}]},{\"@type\":\"ImageObject\",\"inLanguage\":\"lt-LT\",\"@id\":\"https:\/\/lindstromgroup.com\/lt\/zaiskite-ir-laimekite-roberto-kalinkino-sukurta-dizaino-kilimeli\/aciu-kad-uzsiregistravote\/#primaryimage\",\"url\":\"https:\/\/d2ris6qfzcz0wn.cloudfront.net\/wp-content\/uploads\/sites\/17\/2025\/10\/konkurso-img-1.jpg\",\"contentUrl\":\"https:\/\/d2ris6qfzcz0wn.cloudfront.net\/wp-content\/uploads\/sites\/17\/2025\/10\/konkurso-img-1.jpg\",\"width\":1080,\"height\":1350},{\"@type\":\"BreadcrumbList\",\"@id\":\"https:\/\/lindstromgroup.com\/lt\/zaiskite-ir-laimekite-roberto-kalinkino-sukurta-dizaino-kilimeli\/aciu-kad-uzsiregistravote\/#breadcrumb\",\"itemListElement\":[{\"@type\":\"ListItem\",\"position\":1,\"name\":\"Titulinis\",\"item\":\"https:\/\/lindstromgroup.com\/lt\/\"},{\"@type\":\"ListItem\",\"position\":2,\"name\":\"\u017daiskite ir laim\u0117kite \u2013 Roberto Kalinkino sukurt\u0105 dizaino kilim\u0117l\u012f!\",\"item\":\"https:\/\/lindstromgroup.com\/lt\/zaiskite-ir-laimekite-roberto-kalinkino-sukurta-dizaino-kilimeli\/\"},{\"@type\":\"ListItem\",\"position\":3,\"name\":\"A\u010di\u016b, kad u\u017esiregistravote!\"}]},{\"@type\":\"WebSite\",\"@id\":\"https:\/\/lindstromgroup.com\/lt\/#website\",\"url\":\"https:\/\/lindstromgroup.com\/lt\/\",\"name\":\"Lindstr\u00f6m Lietuva\",\"description\":\"\",\"publisher\":{\"@id\":\"https:\/\/lindstromgroup.com\/lt\/#organization\"},\"potentialAction\":[{\"@type\":\"SearchAction\",\"target\":{\"@type\":\"EntryPoint\",\"urlTemplate\":\"https:\/\/lindstromgroup.com\/lt\/?s={search_term_string}\"},\"query-input\":{\"@type\":\"PropertyValueSpecification\",\"valueRequired\":true,\"valueName\":\"search_term_string\"}}],\"inLanguage\":\"lt-LT\"},{\"@type\":\"Organization\",\"@id\":\"https:\/\/lindstromgroup.com\/lt\/#organization\",\"name\":\"Lindstr\u00f6m Lietuva\",\"url\":\"https:\/\/lindstromgroup.com\/lt\/\",\"logo\":{\"@type\":\"ImageObject\",\"inLanguage\":\"lt-LT\",\"@id\":\"https:\/\/lindstromgroup.com\/lt\/#\/schema\/logo\/image\/\",\"url\":\"https:\/\/d2ris6qfzcz0wn.cloudfront.net\/wp-content\/uploads\/sites\/17\/2023\/10\/Logo512.png\",\"contentUrl\":\"https:\/\/d2ris6qfzcz0wn.cloudfront.net\/wp-content\/uploads\/sites\/17\/2023\/10\/Logo512.png\",\"width\":512,\"height\":109,\"caption\":\"Lindstr\u00f6m Lietuva\"},\"image\":{\"@id\":\"https:\/\/lindstromgroup.com\/lt\/#\/schema\/logo\/image\/\"}}]}<\/script>\n<!-- \/ Yoast SEO plugin. -->","yoast_head_json":{"title":"A\u010di\u016b, kad u\u017esiregistravote! - Lindstr\u00f6m Lietuva","robots":{"index":"index","follow":"follow","max-snippet":"max-snippet:-1","max-image-preview":"max-image-preview:large","max-video-preview":"max-video-preview:-1"},"og_locale":"lt_LT","og_type":"article","og_title":"A\u010di\u016b, kad u\u017esiregistravote! - Lindstr\u00f6m Lietuva","og_url":"https:\/\/lindstromgroup.com\/lt\/zaiskite-ir-laimekite-roberto-kalinkino-sukurta-dizaino-kilimeli\/aciu-kad-uzsiregistravote\/","og_site_name":"Lindstr\u00f6m Lietuva","article_modified_time":"2025-10-10T13:58:50+00:00","og_image":[{"width":1080,"height":1350,"url":"https:\/\/d2ris6qfzcz0wn.cloudfront.net\/wp-content\/uploads\/sites\/17\/2025\/10\/konkurso-img-1.jpg","type":"image\/jpeg"}],"twitter_card":"summary_large_image","twitter_misc":{"Est. reading time":"1 minut\u0117","Written by":"vaidotasvaraska"},"schema":{"@context":"https:\/\/schema.org","@graph":[{"@type":"WebPage","@id":"https:\/\/lindstromgroup.com\/lt\/zaiskite-ir-laimekite-roberto-kalinkino-sukurta-dizaino-kilimeli\/aciu-kad-uzsiregistravote\/","url":"https:\/\/lindstromgroup.com\/lt\/zaiskite-ir-laimekite-roberto-kalinkino-sukurta-dizaino-kilimeli\/aciu-kad-uzsiregistravote\/","name":"A\u010di\u016b, kad u\u017esiregistravote! - Lindstr\u00f6m Lietuva","isPartOf":{"@id":"https:\/\/lindstromgroup.com\/lt\/#website"},"primaryImageOfPage":{"@id":"https:\/\/lindstromgroup.com\/lt\/zaiskite-ir-laimekite-roberto-kalinkino-sukurta-dizaino-kilimeli\/aciu-kad-uzsiregistravote\/#primaryimage"},"image":{"@id":"https:\/\/lindstromgroup.com\/lt\/zaiskite-ir-laimekite-roberto-kalinkino-sukurta-dizaino-kilimeli\/aciu-kad-uzsiregistravote\/#primaryimage"},"thumbnailUrl":"https:\/\/d2ris6qfzcz0wn.cloudfront.net\/wp-content\/uploads\/sites\/17\/2025\/10\/konkurso-img-1.jpg","datePublished":"2025-10-08T12:00:36+00:00","dateModified":"2025-10-10T13:58:50+00:00","breadcrumb":{"@id":"https:\/\/lindstromgroup.com\/lt\/zaiskite-ir-laimekite-roberto-kalinkino-sukurta-dizaino-kilimeli\/aciu-kad-uzsiregistravote\/#breadcrumb"},"inLanguage":"lt-LT","potentialAction":[{"@type":"ReadAction","target":["https:\/\/lindstromgroup.com\/lt\/zaiskite-ir-laimekite-roberto-kalinkino-sukurta-dizaino-kilimeli\/aciu-kad-uzsiregistravote\/"]}]},{"@type":"ImageObject","inLanguage":"lt-LT","@id":"https:\/\/lindstromgroup.com\/lt\/zaiskite-ir-laimekite-roberto-kalinkino-sukurta-dizaino-kilimeli\/aciu-kad-uzsiregistravote\/#primaryimage","url":"https:\/\/d2ris6qfzcz0wn.cloudfront.net\/wp-content\/uploads\/sites\/17\/2025\/10\/konkurso-img-1.jpg","contentUrl":"https:\/\/d2ris6qfzcz0wn.cloudfront.net\/wp-content\/uploads\/sites\/17\/2025\/10\/konkurso-img-1.jpg","width":1080,"height":1350},{"@type":"BreadcrumbList","@id":"https:\/\/lindstromgroup.com\/lt\/zaiskite-ir-laimekite-roberto-kalinkino-sukurta-dizaino-kilimeli\/aciu-kad-uzsiregistravote\/#breadcrumb","itemListElement":[{"@type":"ListItem","position":1,"name":"Titulinis","item":"https:\/\/lindstromgroup.com\/lt\/"},{"@type":"ListItem","position":2,"name":"\u017daiskite ir laim\u0117kite \u2013 Roberto Kalinkino sukurt\u0105 dizaino kilim\u0117l\u012f!","item":"https:\/\/lindstromgroup.com\/lt\/zaiskite-ir-laimekite-roberto-kalinkino-sukurta-dizaino-kilimeli\/"},{"@type":"ListItem","position":3,"name":"A\u010di\u016b, kad u\u017esiregistravote!"}]},{"@type":"WebSite","@id":"https:\/\/lindstromgroup.com\/lt\/#website","url":"https:\/\/lindstromgroup.com\/lt\/","name":"Lindstr\u00f6m Lietuva","description":"","publisher":{"@id":"https:\/\/lindstromgroup.com\/lt\/#organization"},"potentialAction":[{"@type":"SearchAction","target":{"@type":"EntryPoint","urlTemplate":"https:\/\/lindstromgroup.com\/lt\/?s={search_term_string}"},"query-input":{"@type":"PropertyValueSpecification","valueRequired":true,"valueName":"search_term_string"}}],"inLanguage":"lt-LT"},{"@type":"Organization","@id":"https:\/\/lindstromgroup.com\/lt\/#organization","name":"Lindstr\u00f6m Lietuva","url":"https:\/\/lindstromgroup.com\/lt\/","logo":{"@type":"ImageObject","inLanguage":"lt-LT","@id":"https:\/\/lindstromgroup.com\/lt\/#\/schema\/logo\/image\/","url":"https:\/\/d2ris6qfzcz0wn.cloudfront.net\/wp-content\/uploads\/sites\/17\/2023\/10\/Logo512.png","contentUrl":"https:\/\/d2ris6qfzcz0wn.cloudfront.net\/wp-content\/uploads\/sites\/17\/2023\/10\/Logo512.png","width":512,"height":109,"caption":"Lindstr\u00f6m Lietuva"},"image":{"@id":"https:\/\/lindstromgroup.com\/lt\/#\/schema\/logo\/image\/"}}]}},"publishpress_future_workflow_manual_trigger":{"enabledWorkflows":[]},"distributor_meta":false,"distributor_terms":false,"distributor_media":false,"distributor_original_site_name":"Lindstr\u00f6m Lietuva","distributor_original_site_url":"https:\/\/lindstromgroup.com\/lt","push-errors":false,"_links":{"self":[{"href":"https:\/\/lindstromgroup.com\/lt\/wp-json\/wp\/v2\/pages\/20052","targetHints":{"allow":["GET"]}}],"collection":[{"href":"https:\/\/lindstromgroup.com\/lt\/wp-json\/wp\/v2\/pages"}],"about":[{"href":"https:\/\/lindstromgroup.com\/lt\/wp-json\/wp\/v2\/types\/page"}],"author":[{"embeddable":true,"href":"https:\/\/lindstromgroup.com\/lt\/wp-json\/wp\/v2\/users\/134"}],"replies":[{"embeddable":true,"href":"https:\/\/lindstromgroup.com\/lt\/wp-json\/wp\/v2\/comments?post=20052"}],"version-history":[{"count":0,"href":"https:\/\/lindstromgroup.com\/lt\/wp-json\/wp\/v2\/pages\/20052\/revisions"}],"up":[{"embeddable":true,"href":"https:\/\/lindstromgroup.com\/lt\/wp-json\/wp\/v2\/pages\/20117"}],"wp:featuredmedia":[{"embeddable":true,"href":"https:\/\/lindstromgroup.com\/lt\/wp-json\/wp\/v2\/media\/20142"}],"wp:attachment":[{"href":"https:\/\/lindstromgroup.com\/lt\/wp-json\/wp\/v2\/media?parent=20052"}],"wp:term":[{"taxonomy":"author","embeddable":true,"href":"https:\/\/lindstromgroup.com\/lt\/wp-json\/wp\/v2\/coauthors?post=20052"}],"curies":[{"name":"wp","href":"https:\/\/api.w.org\/{rel}","templated":true}]}}