
    {"id":19147,"date":"2024-12-02T11:27:30","date_gmt":"2024-12-02T09:27:30","guid":{"rendered":"https:\/\/lindstromgroup.com\/lt\/?page_id=19147"},"modified":"2025-06-30T14:42:18","modified_gmt":"2025-06-30T12:42:18","slug":"slapuku-deklaracija","status":"publish","type":"page","link":"https:\/\/lindstromgroup.com\/lt\/slapuku-deklaracija\/","title":{"rendered":"Slapuk\u0173 deklaracija"},"content":{"rendered":"\n    <div\n        id=\"block_575d96968f71290cde93600aadc81bbf\"\n        class=\"hero-sub hero-sub--block_575d96968f71290cde93600aadc81bbf  flex flex-col-reverse lg:flex-row justify-between bg-dark-blue text-white\"\n    >        \n        <div class=\"flex flex-col gap-5 pt-10 pb-5 grow px-5 lg:px-20\">\n            <div class=\"flex flex-col justify-center gap-3 grow max-w-[var(--container-text-max)]\">\n                <h1 class=\"!mb-0 !text-white !text-title-medium lg:!text-title-large !font-bold hyphens-auto break-words\">\n                    Slapuk\u0173 deklaracija                <\/h1>\n    \n                <div class=\"hero-sub__description\">\n                                    <\/div>\n    \n                \n                            <\/div>\n                            <div class=\"font-bold hero-sub__breadcrumb text-body-small\">\n                        <span><span><a href=\"https:\/\/lindstromgroup.com\/lt\/\">Titulinis<\/a><\/span><\/span>                <\/div>\n                    <\/div>\n\n        <div class=\"[&#038;_picture]:w-full flex h-full lg:h-auto max-h-[350px] lg:max-h-none lg:min-h-full w-full lg:w-[650px]\">\n            <img decoding=\"async\"\n                class=\"object-cover w-full h-full\"\n                src=\"https:\/\/lindstromgroup.com\/lt\/wp-content\/themes\/astra-child\/assets\/img\/post-placeholder.svg\"\n                alt=\"Slapuk\u0173 deklaracija\"\n            >\n        <\/div>\n    <\/div>\n\n\n\n        <style>\n            .lindstrom-container--block_07da361e446bfd153760e513ba1c2f7e {                \n                padding-top: 35px;\n                padding-bottom: 35px;\n            }\n\n            @media screen and (min-width: 768px) {\n                .lindstrom-container--block_07da361e446bfd153760e513ba1c2f7e {\n                    padding-top: 75px;\n                    padding-bottom: 75px;\n                }\n            }\n        <\/style>\n    \n<div\n    class=\"lindstrom-container-wrapper lindstrom-container lindstrom-container--block_07da361e446bfd153760e513ba1c2f7e \"\n    id=\"block_07da361e446bfd153760e513ba1c2f7e\"\n    style=\"background-color: #ffffff\"\n    >\n    <div class=\"lindstrom-container lindstrom-container--text items-stretch\">\n        \n\n<script id=\"CookieDeclaration\" data-culture=\"lt\" src=\"https:\/\/consent.cookiebot.com\/cf5e31d7-07df-41fa-b92a-3605ccdc5826\/cd.js\" type=\"text\/javascript\" async><\/script>\n\n\n    <\/div>\n<\/div>\n","protected":false},"excerpt":{"rendered":"","protected":false},"author":30,"featured_media":0,"parent":0,"menu_order":0,"comment_status":"closed","ping_status":"closed","template":"","meta":{"_acf_changed":true,"inline_featured_image":false,"_eb_attr":"","site-sidebar-layout":"default","site-content-layout":"default","ast-site-content-layout":"default","site-content-style":"default","site-sidebar-style":"default","ast-global-header-display":"","ast-banner-title-visibility":"","ast-main-header-display":"","ast-hfb-above-header-display":"","ast-hfb-below-header-display":"","ast-hfb-mobile-header-display":"","site-post-title":"","ast-breadcrumbs-content":"","ast-featured-img":"","footer-sml-layout":"","ast-disable-related-posts":"","theme-transparent-header-meta":"","adv-header-id-meta":"","stick-header-meta":"","header-above-stick-meta":"","header-main-stick-meta":"","header-below-stick-meta":"","astra-migrate-meta-layouts":"default","ast-page-background-enabled":"default","ast-page-background-meta":{"desktop":{"background-color":"var(--ast-global-color-4)","background-image":"","background-repeat":"repeat","background-position":"center center","background-size":"auto","background-attachment":"scroll","background-type":"","background-media":"","overlay-type":"","overlay-color":"","overlay-opacity":"","overlay-gradient":""},"tablet":{"background-color":"","background-image":"","background-repeat":"repeat","background-position":"center center","background-size":"auto","background-attachment":"scroll","background-type":"","background-media":"","overlay-type":"","overlay-color":"","overlay-opacity":"","overlay-gradient":""},"mobile":{"background-color":"","background-image":"","background-repeat":"repeat","background-position":"center center","background-size":"auto","background-attachment":"scroll","background-type":"","background-media":"","overlay-type":"","overlay-color":"","overlay-opacity":"","overlay-gradient":""}},"ast-content-background-meta":{"desktop":{"background-color":"var(--ast-global-color-5)","background-image":"","background-repeat":"repeat","background-position":"center center","background-size":"auto","background-attachment":"scroll","background-type":"","background-media":"","overlay-type":"","overlay-color":"","overlay-opacity":"","overlay-gradient":""},"tablet":{"background-color":"var(--ast-global-color-5)","background-image":"","background-repeat":"repeat","background-position":"center center","background-size":"auto","background-attachment":"scroll","background-type":"","background-media":"","overlay-type":"","overlay-color":"","overlay-opacity":"","overlay-gradient":""},"mobile":{"background-color":"var(--ast-global-color-5)","background-image":"","background-repeat":"repeat","background-position":"center center","background-size":"auto","background-attachment":"scroll","background-type":"","background-media":"","overlay-type":"","overlay-color":"","overlay-opacity":"","overlay-gradient":""}},"footnotes":""},"coauthors":[174],"class_list":["post-19147","page","type-page","status-publish","hentry"],"acf":[],"yoast_head":"<!-- This site is optimized with the Yoast SEO plugin v27.2 - https:\/\/yoast.com\/product\/yoast-seo-wordpress\/ -->\n<title>Slapuk\u0173 deklaracija - Lindstr\u00f6m Lietuva<\/title>\n<meta name=\"robots\" content=\"noindex, follow\" \/>\n<meta property=\"og:locale\" content=\"lt_LT\" \/>\n<meta property=\"og:type\" content=\"article\" \/>\n<meta property=\"og:title\" content=\"Slapuk\u0173 deklaracija - Lindstr\u00f6m Lietuva\" \/>\n<meta property=\"og:url\" content=\"https:\/\/lindstromgroup.com\/lt\/slapuku-deklaracija\/\" \/>\n<meta property=\"og:site_name\" content=\"Lindstr\u00f6m Lietuva\" \/>\n<meta property=\"article:modified_time\" content=\"2025-06-30T12:42:18+00:00\" \/>\n<meta name=\"twitter:card\" content=\"summary_large_image\" \/>\n<meta name=\"twitter:label1\" content=\"Est. reading time\" \/>\n\t<meta name=\"twitter:data1\" content=\"1 minut\u0117\" \/>\n\t<meta name=\"twitter:label2\" content=\"Written by\" \/>\n\t<meta name=\"twitter:data2\" content=\"Oleg Eremenko\" \/>\n<script type=\"application\/ld+json\" class=\"yoast-schema-graph\">{\"@context\":\"https:\/\/schema.org\",\"@graph\":[{\"@type\":\"WebPage\",\"@id\":\"https:\/\/lindstromgroup.com\/lt\/slapuku-deklaracija\/\",\"url\":\"https:\/\/lindstromgroup.com\/lt\/slapuku-deklaracija\/\",\"name\":\"Slapuk\u0173 deklaracija - Lindstr\u00f6m Lietuva\",\"isPartOf\":{\"@id\":\"https:\/\/lindstromgroup.com\/lt\/#website\"},\"datePublished\":\"2024-12-02T09:27:30+00:00\",\"dateModified\":\"2025-06-30T12:42:18+00:00\",\"breadcrumb\":{\"@id\":\"https:\/\/lindstromgroup.com\/lt\/slapuku-deklaracija\/#breadcrumb\"},\"inLanguage\":\"lt-LT\",\"potentialAction\":[{\"@type\":\"ReadAction\",\"target\":[\"https:\/\/lindstromgroup.com\/lt\/slapuku-deklaracija\/\"]}]},{\"@type\":\"BreadcrumbList\",\"@id\":\"https:\/\/lindstromgroup.com\/lt\/slapuku-deklaracija\/#breadcrumb\",\"itemListElement\":[{\"@type\":\"ListItem\",\"position\":1,\"name\":\"Titulinis\",\"item\":\"https:\/\/lindstromgroup.com\/lt\/\"},{\"@type\":\"ListItem\",\"position\":2,\"name\":\"Slapuk\u0173 deklaracija\"}]},{\"@type\":\"WebSite\",\"@id\":\"https:\/\/lindstromgroup.com\/lt\/#website\",\"url\":\"https:\/\/lindstromgroup.com\/lt\/\",\"name\":\"Lindstr\u00f6m Lietuva\",\"description\":\"\",\"publisher\":{\"@id\":\"https:\/\/lindstromgroup.com\/lt\/#organization\"},\"potentialAction\":[{\"@type\":\"SearchAction\",\"target\":{\"@type\":\"EntryPoint\",\"urlTemplate\":\"https:\/\/lindstromgroup.com\/lt\/?s={search_term_string}\"},\"query-input\":{\"@type\":\"PropertyValueSpecification\",\"valueRequired\":true,\"valueName\":\"search_term_string\"}}],\"inLanguage\":\"lt-LT\"},{\"@type\":\"Organization\",\"@id\":\"https:\/\/lindstromgroup.com\/lt\/#organization\",\"name\":\"Lindstr\u00f6m Lietuva\",\"url\":\"https:\/\/lindstromgroup.com\/lt\/\",\"logo\":{\"@type\":\"ImageObject\",\"inLanguage\":\"lt-LT\",\"@id\":\"https:\/\/lindstromgroup.com\/lt\/#\/schema\/logo\/image\/\",\"url\":\"https:\/\/d2ris6qfzcz0wn.cloudfront.net\/wp-content\/uploads\/sites\/17\/2023\/10\/Logo512.png\",\"contentUrl\":\"https:\/\/d2ris6qfzcz0wn.cloudfront.net\/wp-content\/uploads\/sites\/17\/2023\/10\/Logo512.png\",\"width\":512,\"height\":109,\"caption\":\"Lindstr\u00f6m Lietuva\"},\"image\":{\"@id\":\"https:\/\/lindstromgroup.com\/lt\/#\/schema\/logo\/image\/\"}}]}<\/script>\n<!-- \/ Yoast SEO plugin. -->","yoast_head_json":{"title":"Slapuk\u0173 deklaracija - Lindstr\u00f6m Lietuva","robots":{"index":"noindex","follow":"follow"},"og_locale":"lt_LT","og_type":"article","og_title":"Slapuk\u0173 deklaracija - Lindstr\u00f6m Lietuva","og_url":"https:\/\/lindstromgroup.com\/lt\/slapuku-deklaracija\/","og_site_name":"Lindstr\u00f6m Lietuva","article_modified_time":"2025-06-30T12:42:18+00:00","twitter_card":"summary_large_image","twitter_misc":{"Est. reading time":"1 minut\u0117","Written by":"Oleg Eremenko"},"schema":{"@context":"https:\/\/schema.org","@graph":[{"@type":"WebPage","@id":"https:\/\/lindstromgroup.com\/lt\/slapuku-deklaracija\/","url":"https:\/\/lindstromgroup.com\/lt\/slapuku-deklaracija\/","name":"Slapuk\u0173 deklaracija - Lindstr\u00f6m Lietuva","isPartOf":{"@id":"https:\/\/lindstromgroup.com\/lt\/#website"},"datePublished":"2024-12-02T09:27:30+00:00","dateModified":"2025-06-30T12:42:18+00:00","breadcrumb":{"@id":"https:\/\/lindstromgroup.com\/lt\/slapuku-deklaracija\/#breadcrumb"},"inLanguage":"lt-LT","potentialAction":[{"@type":"ReadAction","target":["https:\/\/lindstromgroup.com\/lt\/slapuku-deklaracija\/"]}]},{"@type":"BreadcrumbList","@id":"https:\/\/lindstromgroup.com\/lt\/slapuku-deklaracija\/#breadcrumb","itemListElement":[{"@type":"ListItem","position":1,"name":"Titulinis","item":"https:\/\/lindstromgroup.com\/lt\/"},{"@type":"ListItem","position":2,"name":"Slapuk\u0173 deklaracija"}]},{"@type":"WebSite","@id":"https:\/\/lindstromgroup.com\/lt\/#website","url":"https:\/\/lindstromgroup.com\/lt\/","name":"Lindstr\u00f6m Lietuva","description":"","publisher":{"@id":"https:\/\/lindstromgroup.com\/lt\/#organization"},"potentialAction":[{"@type":"SearchAction","target":{"@type":"EntryPoint","urlTemplate":"https:\/\/lindstromgroup.com\/lt\/?s={search_term_string}"},"query-input":{"@type":"PropertyValueSpecification","valueRequired":true,"valueName":"search_term_string"}}],"inLanguage":"lt-LT"},{"@type":"Organization","@id":"https:\/\/lindstromgroup.com\/lt\/#organization","name":"Lindstr\u00f6m Lietuva","url":"https:\/\/lindstromgroup.com\/lt\/","logo":{"@type":"ImageObject","inLanguage":"lt-LT","@id":"https:\/\/lindstromgroup.com\/lt\/#\/schema\/logo\/image\/","url":"https:\/\/d2ris6qfzcz0wn.cloudfront.net\/wp-content\/uploads\/sites\/17\/2023\/10\/Logo512.png","contentUrl":"https:\/\/d2ris6qfzcz0wn.cloudfront.net\/wp-content\/uploads\/sites\/17\/2023\/10\/Logo512.png","width":512,"height":109,"caption":"Lindstr\u00f6m Lietuva"},"image":{"@id":"https:\/\/lindstromgroup.com\/lt\/#\/schema\/logo\/image\/"}}]}},"publishpress_future_workflow_manual_trigger":{"enabledWorkflows":[]},"distributor_meta":false,"distributor_terms":false,"distributor_media":false,"distributor_original_site_name":"Lindstr\u00f6m Lietuva","distributor_original_site_url":"https:\/\/lindstromgroup.com\/lt","push-errors":false,"_links":{"self":[{"href":"https:\/\/lindstromgroup.com\/lt\/wp-json\/wp\/v2\/pages\/19147","targetHints":{"allow":["GET"]}}],"collection":[{"href":"https:\/\/lindstromgroup.com\/lt\/wp-json\/wp\/v2\/pages"}],"about":[{"href":"https:\/\/lindstromgroup.com\/lt\/wp-json\/wp\/v2\/types\/page"}],"author":[{"embeddable":true,"href":"https:\/\/lindstromgroup.com\/lt\/wp-json\/wp\/v2\/users\/30"}],"replies":[{"embeddable":true,"href":"https:\/\/lindstromgroup.com\/lt\/wp-json\/wp\/v2\/comments?post=19147"}],"version-history":[{"count":0,"href":"https:\/\/lindstromgroup.com\/lt\/wp-json\/wp\/v2\/pages\/19147\/revisions"}],"wp:attachment":[{"href":"https:\/\/lindstromgroup.com\/lt\/wp-json\/wp\/v2\/media?parent=19147"}],"wp:term":[{"taxonomy":"author","embeddable":true,"href":"https:\/\/lindstromgroup.com\/lt\/wp-json\/wp\/v2\/coauthors?post=19147"}],"curies":[{"name":"wp","href":"https:\/\/api.w.org\/{rel}","templated":true}]}}