
    {"id":18019,"date":"2024-05-25T22:51:00","date_gmt":"2024-05-25T20:51:00","guid":{"rendered":"https:\/\/lindstromgroup.com\/lt\/?page_id=18019"},"modified":"2024-05-25T22:52:45","modified_gmt":"2024-05-25T20:52:45","slug":"naujienos","status":"publish","type":"page","link":"https:\/\/lindstromgroup.com\/lt\/naujienos\/","title":{"rendered":"Naujienos"},"content":{"rendered":"\n    <div\n        id=\"block_2dbc5f8a1634992404e0757b28009708\"\n        class=\"hero-sub hero-sub--block_2dbc5f8a1634992404e0757b28009708  flex flex-col-reverse lg:flex-row justify-between bg-dark-blue text-white\"\n    >        \n        <div class=\"flex flex-col gap-5 pt-10 pb-5 grow px-5 lg:px-20\">\n            <div class=\"flex flex-col justify-center gap-3 grow max-w-[var(--container-text-max)]\">\n                <h1 class=\"!mb-0 !text-white !text-title-medium lg:!text-title-large !font-bold hyphens-auto break-words\">\n                    Naujienos                <\/h1>\n    \n                <div class=\"hero-sub__description\">\n                    <p>Kartu su klientais visame pasaulyje kuriame unikalias s\u0117km\u0117s istorijas. Susipa\u017einkite su jomis.<\/p>\n                <\/div>\n    \n                \n                            <\/div>\n                            <div class=\"font-bold hero-sub__breadcrumb text-body-small\">\n                        <span><span><a href=\"https:\/\/lindstromgroup.com\/lt\/\">Titulinis<\/a><\/span><\/span>                <\/div>\n                    <\/div>\n\n        <div class=\"[&#038;_picture]:w-full flex h-full lg:h-auto max-h-[350px] lg:max-h-none lg:min-h-full w-full lg:w-[650px]\">\n            <img decoding=\"async\"\n                class=\"object-cover w-full h-full\"\n                src=\"https:\/\/d2ris6qfzcz0wn.cloudfront.net\/wp-content\/uploads\/sites\/17\/2024\/04\/Service-representative_with-customer_007_Lindstrom-1024x683.jpg\"\n                alt=\"Kartu su klientais visame pasaulyje kuriame unikalias s\u0117km\u0117s istorijas. Susipa\u017einkite su jomis.\"\n            >\n        <\/div>\n    <\/div>\n\n\n\n        <style>\n            .lindstrom-container--block_7d4d020bfb36a4b23f8d6295cb037ade {                \n                padding-top: 35px;\n                padding-bottom: 35px;\n            }\n\n            @media screen and (min-width: 768px) {\n                .lindstrom-container--block_7d4d020bfb36a4b23f8d6295cb037ade {\n                    padding-top: 75px;\n                    padding-bottom: 75px;\n                }\n            }\n        <\/style>\n    \n<div\n    class=\"lindstrom-container-wrapper lindstrom-container lindstrom-container--block_7d4d020bfb36a4b23f8d6295cb037ade \"\n    id=\"block_7d4d020bfb36a4b23f8d6295cb037ade\"\n    style=\"background-color: #ffffff\"\n    >\n    <div class=\"lindstrom-container lindstrom-container--content items-stretch\">\n        \n    <form id=\"post-list-with-filter-block_cdd35c15ba1e9ec1eb3805744b8d7ffd\" class=\"post-list-with-filter\">\n        <div class=\"post-list-with-filter__widget\">\n            <h3 class=\"widget__title\">\n                <span class=\"material-symbols-outlined font-bold\">filter_alt<\/span>\n                Filtruoti            <\/h3>        \n            <div class=\"widget__section\">\n                <h3 class=\"widget__title widget__title--section\">Kategorija<\/h3>\n                <div class=\"widget__section-content\">\n                    <select \n                        multiple \n                        class=\"post-list-with-filter__filter-input\" \n                        placeholder=\"Visos kategorijos\"\n                        name=\"categories[]\"\n                    >\n                                                    <option\n                                value=\"pranesimai\"\n                                                            >\n                                Prane\u0161imai                            <\/option>\n                                                    <option\n                                value=\"straipsniai\"\n                                                            >\n                                Straipsniai                            <\/option>\n                                            <\/select>\n                <\/div>\n            <\/div>\n            <div class=\"widget__section\">\n                <h3 class=\"widget__title widget__title--section\">Grot\u017eym\u0117<\/h3>\n                <div class=\"widget__section-content\">\n                    <select \n                        multiple \n                        class=\"post-list-with-filter__filter-input\" \n                        placeholder=\"Visos grot\u017eym\u0117s\"\n                        name=\"tags[]\"\n                    >\n                                                    <option\n                                value=\"atitiktis\"\n                                                            >\n                                #atitiktis                            <\/option>\n                                                    <option\n                                value=\"cxweek\"\n                                                            >\n                                #CXWeek                            <\/option>\n                                                    <option\n                                value=\"darbodrabuziai\"\n                                                            >\n                                #darbodrabu\u017eiai                            <\/option>\n                                                    <option\n                                value=\"elindstrom\"\n                                                            >\n                                #eLindstr\u00f6m                            <\/option>\n                                                    <option\n                                value=\"higiena\"\n                                                            >\n                                #higiena                            <\/option>\n                                                    <option\n                                value=\"higienosproduktai\"\n                                                            >\n                                #higienosproduktai                            <\/option>\n                                                    <option\n                                value=\"kilimeliai\"\n                                                            >\n                                #kilim\u0117liai                            <\/option>\n                                                    <option\n                                value=\"klientupatirtis\"\n                                                            >\n                                #klient\u0173patirtis                            <\/option>\n                                                    <option\n                                value=\"klientusavaite\"\n                                                            >\n                                #Klient\u0173savait\u0117                            <\/option>\n                                                    <option\n                                value=\"kokybesvaldymas\"\n                                                            >\n                                #kokyb\u0117svaldymas                            <\/option>\n                                                    <option\n                                value=\"lindstromkomanda\"\n                                                            >\n                                #Lindstr\u00f6mkomanda                            <\/option>\n                                                    <option\n                                value=\"maistas\"\n                                                            >\n                                #maistas                            <\/option>\n                                                    <option\n                                value=\"maistopramone\"\n                                                            >\n                                #maistopramon\u0117                            <\/option>\n                                                    <option\n                                value=\"mazmenineprekyba\"\n                                                            >\n                                #ma\u017emenin\u0117prekyba                            <\/option>\n                                                    <option\n                                value=\"net_zero\"\n                                                            >\n                                #NET_ZERO                            <\/option>\n                                                    <option\n                                value=\"reglamentai-2\"\n                                                            >\n                                #reglamentai                            <\/option>\n                                                    <option\n                                value=\"saugumas\"\n                                                            >\n                                #saugumas                            <\/option>\n                                                    <option\n                                value=\"tiekimo_grandine\"\n                                                            >\n                                #TIEKIMO_GRANDINE                            <\/option>\n                                                    <option\n                                value=\"tvarumas\"\n                                                            >\n                                #tvarumas                            <\/option>\n                                                    <option\n                                value=\"viesbuciutekstile\"\n                                                            >\n                                #vie\u0161bu\u010di\u0173tekstil\u0117                            <\/option>\n                                                    <option\n                                value=\"ziedineekonomika\"\n                                                            >\n                                #\u017eiedin\u0117ekonomika                            <\/option>\n                                            <\/select>                \n                <\/div>\n            <\/div>\n        <\/div>\n        <div class=\"post-list-with-filter__search\">\n            <input\n                class=\"post-list-with-filter__filter-input\"\n                type=\"text\"\n                name=\"search\"\n                placeholder=\"Ie\u0161koti \u012fra\u0161\u0173\"\n            \/>\n            <span class=\"post-list-with-filter__search-icon material-symbols-outlined\">search<\/span>\n        <\/div>\n        <div class=\"post-list-with-filter__main\">\n            <div class=\"post-list-with-filter__status\">\n                <div class=\"post-list-with-filter__message\"><\/div>\n            <\/div>\n            <div class=\"post-list-with-filter__grid\">\n                <div class=\"post-list-with-filter__message\"> <!-- Will be cleared after first load -->\n                    \u012era\u0161ai ruo\u0161iami&#8230;                <\/div>\n            <\/div>\n        <\/div>\n                <div class=\"hidden post-list-with-filter__message--no-posts\">\n            Pagal \u012fvestus paie\u0161kos kriterijus prane\u0161im\u0173 nerasta.        <\/div>\n        <div class=\"hidden post-list-with-filter__message--loading\">\n            \u012era\u0161ai ruo\u0161iami&#8230;        <\/div>\n\n            <\/form>\n\n\n    <\/div>\n<\/div>\n","protected":false},"excerpt":{"rendered":"","protected":false},"author":65,"featured_media":0,"parent":0,"menu_order":0,"comment_status":"closed","ping_status":"closed","template":"","meta":{"_acf_changed":true,"inline_featured_image":false,"_eb_attr":"","site-sidebar-layout":"default","site-content-layout":"","ast-site-content-layout":"default","site-content-style":"default","site-sidebar-style":"default","ast-global-header-display":"","ast-banner-title-visibility":"","ast-main-header-display":"","ast-hfb-above-header-display":"","ast-hfb-below-header-display":"","ast-hfb-mobile-header-display":"","site-post-title":"","ast-breadcrumbs-content":"","ast-featured-img":"","footer-sml-layout":"","ast-disable-related-posts":"","theme-transparent-header-meta":"","adv-header-id-meta":"","stick-header-meta":"","header-above-stick-meta":"","header-main-stick-meta":"","header-below-stick-meta":"","astra-migrate-meta-layouts":"default","ast-page-background-enabled":"default","ast-page-background-meta":{"desktop":{"background-color":"var(--ast-global-color-4)","background-image":"","background-repeat":"repeat","background-position":"center center","background-size":"auto","background-attachment":"scroll","background-type":"","background-media":"","overlay-type":"","overlay-color":"","overlay-opacity":"","overlay-gradient":""},"tablet":{"background-color":"","background-image":"","background-repeat":"repeat","background-position":"center center","background-size":"auto","background-attachment":"scroll","background-type":"","background-media":"","overlay-type":"","overlay-color":"","overlay-opacity":"","overlay-gradient":""},"mobile":{"background-color":"","background-image":"","background-repeat":"repeat","background-position":"center center","background-size":"auto","background-attachment":"scroll","background-type":"","background-media":"","overlay-type":"","overlay-color":"","overlay-opacity":"","overlay-gradient":""}},"ast-content-background-meta":{"desktop":{"background-color":"var(--ast-global-color-5)","background-image":"","background-repeat":"repeat","background-position":"center center","background-size":"auto","background-attachment":"scroll","background-type":"","background-media":"","overlay-type":"","overlay-color":"","overlay-opacity":"","overlay-gradient":""},"tablet":{"background-color":"var(--ast-global-color-5)","background-image":"","background-repeat":"repeat","background-position":"center center","background-size":"auto","background-attachment":"scroll","background-type":"","background-media":"","overlay-type":"","overlay-color":"","overlay-opacity":"","overlay-gradient":""},"mobile":{"background-color":"var(--ast-global-color-5)","background-image":"","background-repeat":"repeat","background-position":"center center","background-size":"auto","background-attachment":"scroll","background-type":"","background-media":"","overlay-type":"","overlay-color":"","overlay-opacity":"","overlay-gradient":""}},"footnotes":""},"coauthors":[29],"class_list":["post-18019","page","type-page","status-publish","hentry"],"acf":[],"yoast_head":"<!-- This site is optimized with the Yoast SEO plugin v27.2 - https:\/\/yoast.com\/product\/yoast-seo-wordpress\/ -->\n<title>Naujienos | Lindstr\u00f6m Lietuva<\/title>\n<meta name=\"description\" content=\"Naujien\u0173 skiltyje rasite straipsni\u0173, prane\u0161im\u0173 spaudai ir m\u016bs\u0173 klient\u0173 s\u0117km\u0117s istorij\u0173. \u010cia skaitykite aktualias naujienas dominan\u010diomis temomis!\" \/>\n<meta name=\"robots\" content=\"index, follow, max-snippet:-1, max-image-preview:large, max-video-preview:-1\" \/>\n<meta property=\"og:locale\" content=\"lt_LT\" \/>\n<meta property=\"og:type\" content=\"article\" \/>\n<meta property=\"og:title\" content=\"Naujienos | Lindstr\u00f6m Lietuva\" \/>\n<meta property=\"og:description\" content=\"Naujien\u0173 skiltyje rasite straipsni\u0173, prane\u0161im\u0173 spaudai ir m\u016bs\u0173 klient\u0173 s\u0117km\u0117s istorij\u0173. \u010cia skaitykite aktualias naujienas dominan\u010diomis temomis!\" \/>\n<meta property=\"og:url\" content=\"https:\/\/lindstromgroup.com\/lt\/naujienos\/\" \/>\n<meta property=\"og:site_name\" content=\"Lindstr\u00f6m Lietuva\" \/>\n<meta property=\"article:modified_time\" content=\"2024-05-25T20:52:45+00:00\" \/>\n<meta name=\"twitter:card\" content=\"summary_large_image\" \/>\n<meta name=\"twitter:label1\" content=\"Est. reading time\" \/>\n\t<meta name=\"twitter:data1\" content=\"1 minut\u0117\" \/>\n\t<meta name=\"twitter:label2\" content=\"Written by\" \/>\n\t<meta name=\"twitter:data2\" content=\"Lindstr\u00f6m Lietuva\" \/>\n<script type=\"application\/ld+json\" class=\"yoast-schema-graph\">{\"@context\":\"https:\/\/schema.org\",\"@graph\":[{\"@type\":\"WebPage\",\"@id\":\"https:\/\/lindstromgroup.com\/lt\/naujienos\/\",\"url\":\"https:\/\/lindstromgroup.com\/lt\/naujienos\/\",\"name\":\"Naujienos | Lindstr\u00f6m Lietuva\",\"isPartOf\":{\"@id\":\"https:\/\/lindstromgroup.com\/lt\/#website\"},\"datePublished\":\"2024-05-25T20:51:00+00:00\",\"dateModified\":\"2024-05-25T20:52:45+00:00\",\"description\":\"Naujien\u0173 skiltyje rasite straipsni\u0173, prane\u0161im\u0173 spaudai ir m\u016bs\u0173 klient\u0173 s\u0117km\u0117s istorij\u0173. \u010cia skaitykite aktualias naujienas dominan\u010diomis temomis!\",\"breadcrumb\":{\"@id\":\"https:\/\/lindstromgroup.com\/lt\/naujienos\/#breadcrumb\"},\"inLanguage\":\"lt-LT\",\"potentialAction\":[{\"@type\":\"ReadAction\",\"target\":[\"https:\/\/lindstromgroup.com\/lt\/naujienos\/\"]}]},{\"@type\":\"BreadcrumbList\",\"@id\":\"https:\/\/lindstromgroup.com\/lt\/naujienos\/#breadcrumb\",\"itemListElement\":[{\"@type\":\"ListItem\",\"position\":1,\"name\":\"Titulinis\",\"item\":\"https:\/\/lindstromgroup.com\/lt\/\"},{\"@type\":\"ListItem\",\"position\":2,\"name\":\"Naujienos\"}]},{\"@type\":\"WebSite\",\"@id\":\"https:\/\/lindstromgroup.com\/lt\/#website\",\"url\":\"https:\/\/lindstromgroup.com\/lt\/\",\"name\":\"Lindstr\u00f6m Lietuva\",\"description\":\"\",\"publisher\":{\"@id\":\"https:\/\/lindstromgroup.com\/lt\/#organization\"},\"potentialAction\":[{\"@type\":\"SearchAction\",\"target\":{\"@type\":\"EntryPoint\",\"urlTemplate\":\"https:\/\/lindstromgroup.com\/lt\/?s={search_term_string}\"},\"query-input\":{\"@type\":\"PropertyValueSpecification\",\"valueRequired\":true,\"valueName\":\"search_term_string\"}}],\"inLanguage\":\"lt-LT\"},{\"@type\":\"Organization\",\"@id\":\"https:\/\/lindstromgroup.com\/lt\/#organization\",\"name\":\"Lindstr\u00f6m Lietuva\",\"url\":\"https:\/\/lindstromgroup.com\/lt\/\",\"logo\":{\"@type\":\"ImageObject\",\"inLanguage\":\"lt-LT\",\"@id\":\"https:\/\/lindstromgroup.com\/lt\/#\/schema\/logo\/image\/\",\"url\":\"https:\/\/d2ris6qfzcz0wn.cloudfront.net\/wp-content\/uploads\/sites\/17\/2023\/10\/Logo512.png\",\"contentUrl\":\"https:\/\/d2ris6qfzcz0wn.cloudfront.net\/wp-content\/uploads\/sites\/17\/2023\/10\/Logo512.png\",\"width\":512,\"height\":109,\"caption\":\"Lindstr\u00f6m Lietuva\"},\"image\":{\"@id\":\"https:\/\/lindstromgroup.com\/lt\/#\/schema\/logo\/image\/\"}}]}<\/script>\n<!-- \/ Yoast SEO plugin. -->","yoast_head_json":{"title":"Naujienos | Lindstr\u00f6m Lietuva","description":"Naujien\u0173 skiltyje rasite straipsni\u0173, prane\u0161im\u0173 spaudai ir m\u016bs\u0173 klient\u0173 s\u0117km\u0117s istorij\u0173. \u010cia skaitykite aktualias naujienas dominan\u010diomis temomis!","robots":{"index":"index","follow":"follow","max-snippet":"max-snippet:-1","max-image-preview":"max-image-preview:large","max-video-preview":"max-video-preview:-1"},"og_locale":"lt_LT","og_type":"article","og_title":"Naujienos | Lindstr\u00f6m Lietuva","og_description":"Naujien\u0173 skiltyje rasite straipsni\u0173, prane\u0161im\u0173 spaudai ir m\u016bs\u0173 klient\u0173 s\u0117km\u0117s istorij\u0173. \u010cia skaitykite aktualias naujienas dominan\u010diomis temomis!","og_url":"https:\/\/lindstromgroup.com\/lt\/naujienos\/","og_site_name":"Lindstr\u00f6m Lietuva","article_modified_time":"2024-05-25T20:52:45+00:00","twitter_card":"summary_large_image","twitter_misc":{"Est. reading time":"1 minut\u0117","Written by":"Lindstr\u00f6m Lietuva"},"schema":{"@context":"https:\/\/schema.org","@graph":[{"@type":"WebPage","@id":"https:\/\/lindstromgroup.com\/lt\/naujienos\/","url":"https:\/\/lindstromgroup.com\/lt\/naujienos\/","name":"Naujienos | Lindstr\u00f6m Lietuva","isPartOf":{"@id":"https:\/\/lindstromgroup.com\/lt\/#website"},"datePublished":"2024-05-25T20:51:00+00:00","dateModified":"2024-05-25T20:52:45+00:00","description":"Naujien\u0173 skiltyje rasite straipsni\u0173, prane\u0161im\u0173 spaudai ir m\u016bs\u0173 klient\u0173 s\u0117km\u0117s istorij\u0173. \u010cia skaitykite aktualias naujienas dominan\u010diomis temomis!","breadcrumb":{"@id":"https:\/\/lindstromgroup.com\/lt\/naujienos\/#breadcrumb"},"inLanguage":"lt-LT","potentialAction":[{"@type":"ReadAction","target":["https:\/\/lindstromgroup.com\/lt\/naujienos\/"]}]},{"@type":"BreadcrumbList","@id":"https:\/\/lindstromgroup.com\/lt\/naujienos\/#breadcrumb","itemListElement":[{"@type":"ListItem","position":1,"name":"Titulinis","item":"https:\/\/lindstromgroup.com\/lt\/"},{"@type":"ListItem","position":2,"name":"Naujienos"}]},{"@type":"WebSite","@id":"https:\/\/lindstromgroup.com\/lt\/#website","url":"https:\/\/lindstromgroup.com\/lt\/","name":"Lindstr\u00f6m Lietuva","description":"","publisher":{"@id":"https:\/\/lindstromgroup.com\/lt\/#organization"},"potentialAction":[{"@type":"SearchAction","target":{"@type":"EntryPoint","urlTemplate":"https:\/\/lindstromgroup.com\/lt\/?s={search_term_string}"},"query-input":{"@type":"PropertyValueSpecification","valueRequired":true,"valueName":"search_term_string"}}],"inLanguage":"lt-LT"},{"@type":"Organization","@id":"https:\/\/lindstromgroup.com\/lt\/#organization","name":"Lindstr\u00f6m Lietuva","url":"https:\/\/lindstromgroup.com\/lt\/","logo":{"@type":"ImageObject","inLanguage":"lt-LT","@id":"https:\/\/lindstromgroup.com\/lt\/#\/schema\/logo\/image\/","url":"https:\/\/d2ris6qfzcz0wn.cloudfront.net\/wp-content\/uploads\/sites\/17\/2023\/10\/Logo512.png","contentUrl":"https:\/\/d2ris6qfzcz0wn.cloudfront.net\/wp-content\/uploads\/sites\/17\/2023\/10\/Logo512.png","width":512,"height":109,"caption":"Lindstr\u00f6m Lietuva"},"image":{"@id":"https:\/\/lindstromgroup.com\/lt\/#\/schema\/logo\/image\/"}}]}},"publishpress_future_workflow_manual_trigger":{"enabledWorkflows":[]},"distributor_meta":false,"distributor_terms":false,"distributor_media":false,"distributor_original_site_name":"Lindstr\u00f6m Lietuva","distributor_original_site_url":"https:\/\/lindstromgroup.com\/lt","push-errors":false,"_links":{"self":[{"href":"https:\/\/lindstromgroup.com\/lt\/wp-json\/wp\/v2\/pages\/18019","targetHints":{"allow":["GET"]}}],"collection":[{"href":"https:\/\/lindstromgroup.com\/lt\/wp-json\/wp\/v2\/pages"}],"about":[{"href":"https:\/\/lindstromgroup.com\/lt\/wp-json\/wp\/v2\/types\/page"}],"author":[{"embeddable":true,"href":"https:\/\/lindstromgroup.com\/lt\/wp-json\/wp\/v2\/users\/65"}],"replies":[{"embeddable":true,"href":"https:\/\/lindstromgroup.com\/lt\/wp-json\/wp\/v2\/comments?post=18019"}],"version-history":[{"count":0,"href":"https:\/\/lindstromgroup.com\/lt\/wp-json\/wp\/v2\/pages\/18019\/revisions"}],"wp:attachment":[{"href":"https:\/\/lindstromgroup.com\/lt\/wp-json\/wp\/v2\/media?parent=18019"}],"wp:term":[{"taxonomy":"author","embeddable":true,"href":"https:\/\/lindstromgroup.com\/lt\/wp-json\/wp\/v2\/coauthors?post=18019"}],"curies":[{"name":"wp","href":"https:\/\/api.w.org\/{rel}","templated":true}]}}