
    {"id":17791,"date":"2024-05-21T22:53:30","date_gmt":"2024-05-21T20:53:30","guid":{"rendered":"https:\/\/lindstromgroup.com\/lt\/?page_id=17791"},"modified":"2024-06-04T16:34:24","modified_gmt":"2024-06-04T14:34:24","slug":"gaukite-individualu-pasiulyma","status":"publish","type":"page","link":"https:\/\/lindstromgroup.com\/lt\/gaukite-individualu-pasiulyma\/","title":{"rendered":"Gaukite individual\u0173 pasi\u016blym\u0105"},"content":{"rendered":"\n    <div\n        id=\"block_16df0a241343b61a537bccd3469776de\"\n        class=\"hero-sub hero-sub--block_16df0a241343b61a537bccd3469776de  flex flex-col-reverse lg:flex-row justify-between bg-dark-blue text-white\"\n    >        \n        <div class=\"flex flex-col gap-5 pt-10 pb-5 grow px-5 lg:px-20\">\n            <div class=\"flex flex-col justify-center gap-3 grow max-w-[var(--container-text-max)]\">\n                <h1 class=\"!mb-0 !text-white !text-title-medium lg:!text-title-large !font-bold hyphens-auto break-words\">\n                    Gaukite pasi\u016blym\u0105                <\/h1>\n    \n                <div class=\"hero-sub__description\">\n                    <p>Norite gauti individual\u0173 tekstil\u0117s paslaug\u0173  pasi\u016blym\u0105 ar pasikonsultuoti? Para\u0161ykite mums u\u017epildydami \u017eemiau esan\u010di\u0105 form\u0105!<\/p>\n                <\/div>\n    \n                \n                            <\/div>\n                            <div class=\"font-bold hero-sub__breadcrumb text-body-small\">\n                        <span><span><a href=\"https:\/\/lindstromgroup.com\/lt\/\">Titulinis<\/a><\/span><\/span>                <\/div>\n                    <\/div>\n\n        <div class=\"[&#038;_picture]:w-full flex h-full lg:h-auto max-h-[350px] lg:max-h-none lg:min-h-full w-full lg:w-[650px]\">\n            <img decoding=\"async\"\n                class=\"object-cover w-full h-full\"\n                src=\"https:\/\/d2ris6qfzcz0wn.cloudfront.net\/wp-content\/uploads\/sites\/17\/2024\/05\/Kuvituskuva_ota-yhteytta_94378612_1600x1200-1024x768-1.jpg.webp\"\n                alt=\"Norite gauti individual\u0173 tekstil\u0117s paslaug\u0173  pasi\u016blym\u0105 ar pasikonsultuoti? Para\u0161ykite mums u\u017epildydami \u017eemiau esan\u010di\u0105 form\u0105!\"\n            >\n        <\/div>\n    <\/div>\n\n\n\n        <style>\n            .lindstrom-container--block_eedae8ced107148d1974c5fcc5f03646 {                \n                padding-top: 35px;\n                padding-bottom: 35px;\n            }\n\n            @media screen and (min-width: 768px) {\n                .lindstrom-container--block_eedae8ced107148d1974c5fcc5f03646 {\n                    padding-top: 75px;\n                    padding-bottom: 75px;\n                }\n            }\n        <\/style>\n    \n<div\n    class=\"lindstrom-container-wrapper lindstrom-container lindstrom-container--block_eedae8ced107148d1974c5fcc5f03646 \"\n    id=\"block_eedae8ced107148d1974c5fcc5f03646\"\n    style=\"background-color: #ffffff\"\n    >\n    <div class=\"lindstrom-container lindstrom-container--content items-stretch\">\n        \n\n<div class=\"wp-block-columns is-layout-flex wp-container-core-columns-is-layout-28f84493 wp-block-columns-is-layout-flex\">\n<div class=\"wp-block-column is-layout-flow wp-block-column-is-layout-flow\" style=\"flex-basis:66.66%\">\n    <div id=\"hubspot-contact-form-block_f06ffb93e9fc9fc33683eaea35a216ef\" class=\"hubspot-contact-form\">\n                    <h2 class=\"mt-0 !mb-5 lg:!mb-10 font-bold !text-title-small lg:!text-title-medium\">\n                U\u017epildykite form\u0105            <\/h2>\n        \n                    <p class=\"!-mt-4 lg:!-mt-8 !mb-5 lg:!mb-10 !text-body-small\">\n                Atsakysime t\u0105 pa\u010di\u0105 arba sekan\u010di\u0105 darbo dien\u0105.            <\/p>\n        \n        <div class=\"form-wrapper\"><\/div>\n        <div class=\"editor-message\">\n            Please set a valid form ID.\n        <\/div>\n    <\/div>\n\n<script>\n    \/**\n     * Generate dynamic init form function name to prevent it get re-initialized if there are multiple forms in a page\n     *\/\n    function initForm_69eb4558a20e4() {\n        \/\/ retry until hubspot script is initialized\n        if (typeof hbspt !== \"undefined\") {\n            hbspt.forms.create({\n                region: \"eu1\",\n                portalId: \"2758505\",\n                formId: \"9da9dc41-4fd2-45cb-bc16-cd41ee467ed9\",\n                target: `#hubspot-contact-form-block_f06ffb93e9fc9fc33683eaea35a216ef .form-wrapper`,\n                onFormReady: (arg) => {\n                    const hasFeaturedField = 0;\n                    if (!hasFeaturedField) {\n                        return\n                    }\n    \n                    \/\/ in case the featured field is not available in the form\n                    const featuredField = document.querySelector(`#hubspot-contact-form-block_f06ffb93e9fc9fc33683eaea35a216ef .none`);\n                    if (!featuredField) {\n                        return\n                    }\n    \n                    \/\/ only support checkbox field for now\n                    convertCheckboxFeaturedField(featuredField)                \n                }\n            });\n            return;\n        }\n\n        setTimeout(initForm_69eb4558a20e4, 250);\n    }\n\n    function convertCheckboxFeaturedField(featuredField) {\n        const fieldsetWrapper = featuredField.parentElement\n        \n        \/\/ add the featured field class to the wrapper fieldset element\n        \/\/ transform the featured field's UI via CSS\n        fieldsetWrapper.classList.add('featured-field')\n\n        \/\/ calculate and add enough space to display the featured field on top of the form\n        calculateFeaturedFieldSize(fieldsetWrapper)\n        window.addEventListener('resize', () => {\n            calculateFeaturedFieldSize(fieldsetWrapper)\n        })\n    }\n    \n    function calculateFeaturedFieldSize (fieldsetWrapper) {\n        fieldsetWrapper\n            .closest('.hubspot-contact-form--has-featured-field')\n            .style\n            .paddingTop = fieldsetWrapper.offsetHeight + 50 + 'px';\n    }    \n\n    initForm_69eb4558a20e4();\n<\/script>\n<\/div>\n\n\n\n<div class=\"wp-block-column is-layout-flow wp-block-column-is-layout-flow\" style=\"flex-basis:33.33%\">\n<div class=\"inherit-container-width wp-block-group has-border-color has-turquoise-border-color is-layout-constrained wp-container-core-group-is-layout-bc7949b0 wp-block-group-is-layout-constrained\" style=\"border-width:1px;border-radius:5px;padding-top:25px;padding-right:25px;padding-bottom:25px;padding-left:25px\">\n        <div \n        id=\"cta-country-block_a34dfd8beb2564768fb1caa164a109a8\" \n        class=\"cta-country\"\n    >\n        <div class=\"flex flex-col gap-5\" style=\"align-items: flex-start\">\n                            <h3 class='!text-title-subhead lg:!text-title-small !text-grey-100 !font-bold !my-0'>                    Galb\u016bt nor\u0117tum\u0117te mums paskambinti?                <\/h3>                                        <div class=\"cta-text\"><p>Mielai atsakysime \u012f j\u016bs\u0173 klausimus ir patarsime r\u016bpimomis temomis. M\u016bs\u0173 Klient\u0173 aptarnavimo skyrius dirba pirmadieniais &#8211; penktadieniais nuo 8.00 iki 17.00 val.<\/p>\n<p>Skambinkite tel. +370 5 232 2131<\/p>\n<\/div>\n                        <div class=\"cta-button-container cta-button-container--row\">\n                                                                                        <div class=\"flex rounded-full h-10 min-w-[150px] mt-auto cta-button button-solid--blue\">\n                                <a \n                                    class=\"flex flex-grow !no-underline py-3 px-5 font-bold text-[15px]\/[21px] justify-center items-center gap-2 text-center border-2 rounded-full cta-button__inner\" \n                                    href=\"https:\/\/lindstromgroup.com\/lt\/kontaktai\/\"\n                                    style=\"border-color: #003F72; background-color: #003F72; color: #ffffff;\"\n                                    target=\"_self\"\n                                >\n                                    Kontaktai                                                                            <div class=\"flex justify-center items-center w-[35px] h-[35px] cta-button__inner-icon\">\n                                                                                                <span class=\"!text-[35px] material-symbols-outlined\" style=\"color: #ffffff\">arrow_right_alt<\/span>\n                                                                                    <\/div>\n                                                                    <\/a>\n                            <\/div>\n                                                                        <\/div>\n        <\/div>\n    <\/div>\n    \n\n\n        <div \n        id=\"social-icons-block_cbc797ddd958faee337a563be3764acb\" \n        class=\"social-icons\"\n    >\n        <div class=\"flex gap-3\">\n                                            <a class=\"w-[50px] h-[50px]\" href=\"https:\/\/www.facebook.com\/lindstromgroup\/\">\n                    <img decoding=\"async\" src=\"https:\/\/d2ris6qfzcz0wn.cloudfront.net\/wp-content\/uploads\/sites\/17\/2024\/01\/Facebook.svg\" alt=\"\">\n                <\/a>\n                                            <a class=\"w-[50px] h-[50px]\" href=\"https:\/\/www.linkedin.com\/company\/lindstrom\/\">\n                    <img decoding=\"async\" src=\"https:\/\/d2ris6qfzcz0wn.cloudfront.net\/wp-content\/uploads\/sites\/17\/2024\/01\/LinkedIn.svg\" alt=\"\">\n                <\/a>\n                                            <a class=\"w-[50px] h-[50px]\" href=\"https:\/\/www.instagram.com\/lindstromlietuva\/\">\n                    <img decoding=\"async\" src=\"https:\/\/d2ris6qfzcz0wn.cloudfront.net\/wp-content\/uploads\/sites\/17\/2024\/05\/Lindstrom_instagram_V01-97.jpg\" alt=\"\">\n                <\/a>\n                    <\/div>\n    <\/div>\n    <\/div>\n<\/div>\n<\/div>\n\n\n    <\/div>\n<\/div>\n","protected":false},"excerpt":{"rendered":"","protected":false},"author":65,"featured_media":0,"parent":0,"menu_order":0,"comment_status":"closed","ping_status":"closed","template":"","meta":{"_acf_changed":true,"inline_featured_image":false,"_eb_attr":"","site-sidebar-layout":"default","site-content-layout":"","ast-site-content-layout":"default","site-content-style":"default","site-sidebar-style":"default","ast-global-header-display":"","ast-banner-title-visibility":"","ast-main-header-display":"","ast-hfb-above-header-display":"","ast-hfb-below-header-display":"","ast-hfb-mobile-header-display":"","site-post-title":"","ast-breadcrumbs-content":"","ast-featured-img":"","footer-sml-layout":"","ast-disable-related-posts":"","theme-transparent-header-meta":"","adv-header-id-meta":"","stick-header-meta":"","header-above-stick-meta":"","header-main-stick-meta":"","header-below-stick-meta":"","astra-migrate-meta-layouts":"default","ast-page-background-enabled":"default","ast-page-background-meta":{"desktop":{"background-color":"var(--ast-global-color-4)","background-image":"","background-repeat":"repeat","background-position":"center center","background-size":"auto","background-attachment":"scroll","background-type":"","background-media":"","overlay-type":"","overlay-color":"","overlay-opacity":"","overlay-gradient":""},"tablet":{"background-color":"","background-image":"","background-repeat":"repeat","background-position":"center center","background-size":"auto","background-attachment":"scroll","background-type":"","background-media":"","overlay-type":"","overlay-color":"","overlay-opacity":"","overlay-gradient":""},"mobile":{"background-color":"","background-image":"","background-repeat":"repeat","background-position":"center center","background-size":"auto","background-attachment":"scroll","background-type":"","background-media":"","overlay-type":"","overlay-color":"","overlay-opacity":"","overlay-gradient":""}},"ast-content-background-meta":{"desktop":{"background-color":"var(--ast-global-color-5)","background-image":"","background-repeat":"repeat","background-position":"center center","background-size":"auto","background-attachment":"scroll","background-type":"","background-media":"","overlay-type":"","overlay-color":"","overlay-opacity":"","overlay-gradient":""},"tablet":{"background-color":"var(--ast-global-color-5)","background-image":"","background-repeat":"repeat","background-position":"center center","background-size":"auto","background-attachment":"scroll","background-type":"","background-media":"","overlay-type":"","overlay-color":"","overlay-opacity":"","overlay-gradient":""},"mobile":{"background-color":"var(--ast-global-color-5)","background-image":"","background-repeat":"repeat","background-position":"center center","background-size":"auto","background-attachment":"scroll","background-type":"","background-media":"","overlay-type":"","overlay-color":"","overlay-opacity":"","overlay-gradient":""}},"footnotes":""},"coauthors":[29],"class_list":["post-17791","page","type-page","status-publish","hentry"],"acf":[],"yoast_head":"<!-- This site is optimized with the Yoast SEO plugin v27.2 - https:\/\/yoast.com\/product\/yoast-seo-wordpress\/ -->\n<title>Gaukite individual\u0173 pasi\u016blym\u0105 | Lindstr\u00f6m Lietuva<\/title>\n<meta name=\"description\" content=\"Gaukite individual\u0173 tekstil\u0117s paslaug\u0173 pasi\u016blym\u0105 ar pasikonsultuokite\" \/>\n<meta name=\"robots\" content=\"index, follow, max-snippet:-1, max-image-preview:large, max-video-preview:-1\" \/>\n<meta property=\"og:locale\" content=\"lt_LT\" \/>\n<meta property=\"og:type\" content=\"article\" \/>\n<meta property=\"og:title\" content=\"Gaukite individual\u0173 pasi\u016blym\u0105 | Lindstr\u00f6m Lietuva\" \/>\n<meta property=\"og:description\" content=\"Gaukite individual\u0173 tekstil\u0117s paslaug\u0173 pasi\u016blym\u0105 ar pasikonsultuokite\" \/>\n<meta property=\"og:url\" content=\"https:\/\/lindstromgroup.com\/lt\/gaukite-individualu-pasiulyma\/\" \/>\n<meta property=\"og:site_name\" content=\"Lindstr\u00f6m Lietuva\" \/>\n<meta property=\"article:modified_time\" content=\"2024-06-04T14:34:24+00:00\" \/>\n<meta name=\"twitter:card\" content=\"summary_large_image\" \/>\n<meta name=\"twitter:label1\" content=\"Est. reading time\" \/>\n\t<meta name=\"twitter:data1\" content=\"1 minut\u0117\" \/>\n\t<meta name=\"twitter:label2\" content=\"Written by\" \/>\n\t<meta name=\"twitter:data2\" content=\"Lindstr\u00f6m Lietuva\" \/>\n<script type=\"application\/ld+json\" class=\"yoast-schema-graph\">{\"@context\":\"https:\/\/schema.org\",\"@graph\":[{\"@type\":\"WebPage\",\"@id\":\"https:\/\/lindstromgroup.com\/lt\/gaukite-individualu-pasiulyma\/\",\"url\":\"https:\/\/lindstromgroup.com\/lt\/gaukite-individualu-pasiulyma\/\",\"name\":\"Gaukite individual\u0173 pasi\u016blym\u0105 | Lindstr\u00f6m Lietuva\",\"isPartOf\":{\"@id\":\"https:\/\/lindstromgroup.com\/lt\/#website\"},\"datePublished\":\"2024-05-21T20:53:30+00:00\",\"dateModified\":\"2024-06-04T14:34:24+00:00\",\"description\":\"Gaukite individual\u0173 tekstil\u0117s paslaug\u0173 pasi\u016blym\u0105 ar pasikonsultuokite\",\"breadcrumb\":{\"@id\":\"https:\/\/lindstromgroup.com\/lt\/gaukite-individualu-pasiulyma\/#breadcrumb\"},\"inLanguage\":\"lt-LT\",\"potentialAction\":[{\"@type\":\"ReadAction\",\"target\":[\"https:\/\/lindstromgroup.com\/lt\/gaukite-individualu-pasiulyma\/\"]}]},{\"@type\":\"BreadcrumbList\",\"@id\":\"https:\/\/lindstromgroup.com\/lt\/gaukite-individualu-pasiulyma\/#breadcrumb\",\"itemListElement\":[{\"@type\":\"ListItem\",\"position\":1,\"name\":\"Titulinis\",\"item\":\"https:\/\/lindstromgroup.com\/lt\/\"},{\"@type\":\"ListItem\",\"position\":2,\"name\":\"Gaukite individual\u0173 pasi\u016blym\u0105\"}]},{\"@type\":\"WebSite\",\"@id\":\"https:\/\/lindstromgroup.com\/lt\/#website\",\"url\":\"https:\/\/lindstromgroup.com\/lt\/\",\"name\":\"Lindstr\u00f6m Lietuva\",\"description\":\"\",\"publisher\":{\"@id\":\"https:\/\/lindstromgroup.com\/lt\/#organization\"},\"potentialAction\":[{\"@type\":\"SearchAction\",\"target\":{\"@type\":\"EntryPoint\",\"urlTemplate\":\"https:\/\/lindstromgroup.com\/lt\/?s={search_term_string}\"},\"query-input\":{\"@type\":\"PropertyValueSpecification\",\"valueRequired\":true,\"valueName\":\"search_term_string\"}}],\"inLanguage\":\"lt-LT\"},{\"@type\":\"Organization\",\"@id\":\"https:\/\/lindstromgroup.com\/lt\/#organization\",\"name\":\"Lindstr\u00f6m Lietuva\",\"url\":\"https:\/\/lindstromgroup.com\/lt\/\",\"logo\":{\"@type\":\"ImageObject\",\"inLanguage\":\"lt-LT\",\"@id\":\"https:\/\/lindstromgroup.com\/lt\/#\/schema\/logo\/image\/\",\"url\":\"https:\/\/d2ris6qfzcz0wn.cloudfront.net\/wp-content\/uploads\/sites\/17\/2023\/10\/Logo512.png\",\"contentUrl\":\"https:\/\/d2ris6qfzcz0wn.cloudfront.net\/wp-content\/uploads\/sites\/17\/2023\/10\/Logo512.png\",\"width\":512,\"height\":109,\"caption\":\"Lindstr\u00f6m Lietuva\"},\"image\":{\"@id\":\"https:\/\/lindstromgroup.com\/lt\/#\/schema\/logo\/image\/\"}}]}<\/script>\n<!-- \/ Yoast SEO plugin. -->","yoast_head_json":{"title":"Gaukite individual\u0173 pasi\u016blym\u0105 | Lindstr\u00f6m Lietuva","description":"Gaukite individual\u0173 tekstil\u0117s paslaug\u0173 pasi\u016blym\u0105 ar pasikonsultuokite","robots":{"index":"index","follow":"follow","max-snippet":"max-snippet:-1","max-image-preview":"max-image-preview:large","max-video-preview":"max-video-preview:-1"},"og_locale":"lt_LT","og_type":"article","og_title":"Gaukite individual\u0173 pasi\u016blym\u0105 | Lindstr\u00f6m Lietuva","og_description":"Gaukite individual\u0173 tekstil\u0117s paslaug\u0173 pasi\u016blym\u0105 ar pasikonsultuokite","og_url":"https:\/\/lindstromgroup.com\/lt\/gaukite-individualu-pasiulyma\/","og_site_name":"Lindstr\u00f6m Lietuva","article_modified_time":"2024-06-04T14:34:24+00:00","twitter_card":"summary_large_image","twitter_misc":{"Est. reading time":"1 minut\u0117","Written by":"Lindstr\u00f6m Lietuva"},"schema":{"@context":"https:\/\/schema.org","@graph":[{"@type":"WebPage","@id":"https:\/\/lindstromgroup.com\/lt\/gaukite-individualu-pasiulyma\/","url":"https:\/\/lindstromgroup.com\/lt\/gaukite-individualu-pasiulyma\/","name":"Gaukite individual\u0173 pasi\u016blym\u0105 | Lindstr\u00f6m Lietuva","isPartOf":{"@id":"https:\/\/lindstromgroup.com\/lt\/#website"},"datePublished":"2024-05-21T20:53:30+00:00","dateModified":"2024-06-04T14:34:24+00:00","description":"Gaukite individual\u0173 tekstil\u0117s paslaug\u0173 pasi\u016blym\u0105 ar pasikonsultuokite","breadcrumb":{"@id":"https:\/\/lindstromgroup.com\/lt\/gaukite-individualu-pasiulyma\/#breadcrumb"},"inLanguage":"lt-LT","potentialAction":[{"@type":"ReadAction","target":["https:\/\/lindstromgroup.com\/lt\/gaukite-individualu-pasiulyma\/"]}]},{"@type":"BreadcrumbList","@id":"https:\/\/lindstromgroup.com\/lt\/gaukite-individualu-pasiulyma\/#breadcrumb","itemListElement":[{"@type":"ListItem","position":1,"name":"Titulinis","item":"https:\/\/lindstromgroup.com\/lt\/"},{"@type":"ListItem","position":2,"name":"Gaukite individual\u0173 pasi\u016blym\u0105"}]},{"@type":"WebSite","@id":"https:\/\/lindstromgroup.com\/lt\/#website","url":"https:\/\/lindstromgroup.com\/lt\/","name":"Lindstr\u00f6m Lietuva","description":"","publisher":{"@id":"https:\/\/lindstromgroup.com\/lt\/#organization"},"potentialAction":[{"@type":"SearchAction","target":{"@type":"EntryPoint","urlTemplate":"https:\/\/lindstromgroup.com\/lt\/?s={search_term_string}"},"query-input":{"@type":"PropertyValueSpecification","valueRequired":true,"valueName":"search_term_string"}}],"inLanguage":"lt-LT"},{"@type":"Organization","@id":"https:\/\/lindstromgroup.com\/lt\/#organization","name":"Lindstr\u00f6m Lietuva","url":"https:\/\/lindstromgroup.com\/lt\/","logo":{"@type":"ImageObject","inLanguage":"lt-LT","@id":"https:\/\/lindstromgroup.com\/lt\/#\/schema\/logo\/image\/","url":"https:\/\/d2ris6qfzcz0wn.cloudfront.net\/wp-content\/uploads\/sites\/17\/2023\/10\/Logo512.png","contentUrl":"https:\/\/d2ris6qfzcz0wn.cloudfront.net\/wp-content\/uploads\/sites\/17\/2023\/10\/Logo512.png","width":512,"height":109,"caption":"Lindstr\u00f6m Lietuva"},"image":{"@id":"https:\/\/lindstromgroup.com\/lt\/#\/schema\/logo\/image\/"}}]}},"publishpress_future_workflow_manual_trigger":{"enabledWorkflows":[]},"distributor_meta":false,"distributor_terms":false,"distributor_media":false,"distributor_original_site_name":"Lindstr\u00f6m Lietuva","distributor_original_site_url":"https:\/\/lindstromgroup.com\/lt","push-errors":false,"_links":{"self":[{"href":"https:\/\/lindstromgroup.com\/lt\/wp-json\/wp\/v2\/pages\/17791","targetHints":{"allow":["GET"]}}],"collection":[{"href":"https:\/\/lindstromgroup.com\/lt\/wp-json\/wp\/v2\/pages"}],"about":[{"href":"https:\/\/lindstromgroup.com\/lt\/wp-json\/wp\/v2\/types\/page"}],"author":[{"embeddable":true,"href":"https:\/\/lindstromgroup.com\/lt\/wp-json\/wp\/v2\/users\/65"}],"replies":[{"embeddable":true,"href":"https:\/\/lindstromgroup.com\/lt\/wp-json\/wp\/v2\/comments?post=17791"}],"version-history":[{"count":0,"href":"https:\/\/lindstromgroup.com\/lt\/wp-json\/wp\/v2\/pages\/17791\/revisions"}],"wp:attachment":[{"href":"https:\/\/lindstromgroup.com\/lt\/wp-json\/wp\/v2\/media?parent=17791"}],"wp:term":[{"taxonomy":"author","embeddable":true,"href":"https:\/\/lindstromgroup.com\/lt\/wp-json\/wp\/v2\/coauthors?post=17791"}],"curies":[{"name":"wp","href":"https:\/\/api.w.org\/{rel}","templated":true}]}}