
    {"id":19525,"date":"2025-04-04T15:18:00","date_gmt":"2025-04-04T14:18:00","guid":{"rendered":"https:\/\/lindstromgroup.com\/hu\/?page_id=19525"},"modified":"2025-04-04T15:27:57","modified_gmt":"2025-04-04T14:27:57","slug":"letoltesek","status":"publish","type":"page","link":"https:\/\/lindstromgroup.com\/hu\/letoltesek\/","title":{"rendered":"Let\u00f6lt\u00e9sek"},"content":{"rendered":"\n    <div\n        id=\"block_8c951eabd39fc8e547b37b50a8327d4c\"\n        class=\"hero-sub hero-sub--block_8c951eabd39fc8e547b37b50a8327d4c  flex flex-col-reverse lg:flex-row justify-between bg-dark-blue text-white\"\n    >        \n        <div class=\"flex flex-col gap-5 pt-10 pb-5 grow px-5 lg:px-20\">\n            <div class=\"flex flex-col justify-center gap-3 grow max-w-[var(--container-text-max)]\">\n                <h1 class=\"!mb-0 !text-white !text-title-medium lg:!text-title-large !font-bold hyphens-auto break-words\">\n                    Nyugodtan tanulm\u00e1nyozza!                <\/h1>\n    \n                <div class=\"hero-sub__description\">\n                    <p>\u00cdgy van ideje nyugodtan tanulm\u00e1nyozni. V\u00e1lassza ki, melyik let\u00f6lthet\u0151 katal\u00f3gusunk, \u00f6sszefoglal\u00f3nk lehet \u00e9rdekes az \u00f6n sz\u00e1m\u00e1ra, t\u00f6ltse le, tanulm\u00e1nyozza, majd l\u00e9pjen kapcsolatba vel\u00fcnk szem\u00e9lyre szabott \u00e1raj\u00e1nlat\u00e9rt!<\/p>\n                <\/div>\n    \n                \n                            <\/div>\n                            <div class=\"font-bold hero-sub__breadcrumb text-body-small\">\n                        <span><span><a href=\"https:\/\/lindstromgroup.com\/hu\/\">Home<\/a><\/span><\/span>                <\/div>\n                    <\/div>\n\n        <div class=\"[&#038;_picture]:w-full flex h-full lg:h-auto max-h-[350px] lg:max-h-none lg:min-h-full w-full lg:w-[650px]\">\n            <img decoding=\"async\"\n                class=\"object-cover w-full h-full\"\n                src=\"https:\/\/d2ris6qfzcz0wn.cloudfront.net\/wp-content\/uploads\/sites\/24\/2025\/03\/38701650_XXL-1024x683-1.jpg\"\n                alt=\"\u00cdgy van ideje nyugodtan tanulm\u00e1nyozni. V\u00e1lassza ki, melyik let\u00f6lthet\u0151 katal\u00f3gusunk, \u00f6sszefoglal\u00f3nk lehet \u00e9rdekes az \u00f6n sz\u00e1m\u00e1ra, t\u00f6ltse le, tanulm\u00e1nyozza, majd l\u00e9pjen kapcsolatba vel\u00fcnk szem\u00e9lyre szabott \u00e1raj\u00e1nlat\u00e9rt!\"\n            >\n        <\/div>\n    <\/div>\n\n\n\n        <style>\n            .lindstrom-container--block_db06c9d7b17f4915b020926c53b3c27a {                \n                padding-top: 35px;\n                padding-bottom: 35px;\n            }\n\n            @media screen and (min-width: 768px) {\n                .lindstrom-container--block_db06c9d7b17f4915b020926c53b3c27a {\n                    padding-top: 75px;\n                    padding-bottom: 75px;\n                }\n            }\n        <\/style>\n    \n<div\n    class=\"lindstrom-container-wrapper lindstrom-container lindstrom-container--block_db06c9d7b17f4915b020926c53b3c27a \"\n    id=\"block_db06c9d7b17f4915b020926c53b3c27a\"\n    style=\"background-color: #f2f2f2\"\n    >\n    <div class=\"lindstrom-container lindstrom-container--content items-stretch\">\n        \n\n    <div \n        id=\"cta-with-image-block_c2a6663165097676fb5f220ad18893b3\" \n        class=\"cta-with-image\"\n    >\n        <div class=\"cta__content\" style=\"color: #222222; background-color: #ffffff\">\n            <div class=\"content__title\">Munkaruha szolg\u00e1ltat\u00e1s <\/div>\n            <div class=\"content__description\"><\/div>\n            <div class=\"content__button-links\">\n                                    <div class=\"button-link\">\n                        <a \n                            href=\"https:\/\/group.lindstromgroup.com\/hu\/munkaruha-szolgaltatas-brosura\" \n                            style=\"background-color: #bd5a00; color: #FFFFFF; border: 2px solid \"\n                        >\n                            T\u00f6ltse le!                        <\/a>\n                    <\/div>\n                            <\/div>\n        <\/div>\n        <div class=\"cta__image\"><img decoding=\"async\" src=\"https:\/\/d2ris6qfzcz0wn.cloudfront.net\/wp-content\/uploads\/sites\/24\/2025\/02\/DSC7561-1024x683.jpg\" alt=\"\" \/><\/div>\n    <\/div>\n\n\n\n<hr class=\"wp-block-separator has-alpha-channel-opacity\"\/>\n\n\n\n<div class=\"wp-block-columns are-vertically-aligned-center is-layout-flex wp-container-core-columns-is-layout-28f84493 wp-block-columns-is-layout-flex\">\n<div class=\"wp-block-column is-vertically-aligned-center is-layout-flow wp-block-column-is-layout-flow\">\n        <div \n        id=\"cta-country-block_fa14783c2f51ec646cb688e53c28d036\" \n        class=\"cta-country\"\n    >\n        <div class=\"flex flex-col gap-5\" style=\"align-items: flex-start\">\n                            <h2 class='!text-title-small lg:!text-title-medium !text-grey-100 !font-bold !my-0'>                    \u00daj WorkerPro munkaruha kollekci\u00f3                <\/h2>                                        <div class=\"cta-text\"><p>Az \u00faj WorkerPro kollekci\u00f3 azok sz\u00e1m\u00e1ra k\u00e9sz\u00fclt, akik nem csak tart\u00f3s munkaruh\u00e1t, hanem divatos megjelen\u00e9st is keresnek.<\/p>\n<p>A modern szab\u00e1sokkal \u00e9s a k\u00f6rnyezetbar\u00e1t anyagokkal a WorkerPro \u00f6tv\u00f6zi a tart\u00f3ss\u00e1got a k\u00e9nyelemmel \u00e9s a rugalmass\u00e1ggal, \u00e9s term\u00e9szetesen alkalmazkodik az intenz\u00edv munkanaphoz.<\/p>\n<\/div>\n                        <div class=\"cta-button-container cta-button-container--row\">\n                                                                                        <div class=\"flex rounded-full h-10 min-w-[150px] mt-auto cta-button button-solid--blue\">\n                                <a \n                                    class=\"flex flex-grow !no-underline py-3 px-5 font-bold text-[15px]\/[21px] justify-center items-center gap-2 text-center border-2 rounded-full cta-button__inner\" \n                                    href=\"https:\/\/lindstromgroup.com\/hu\/szolgaltatasok\/workerpro-kollekcio\/\"\n                                    style=\"border-color: #003F72; background-color: #003F72; color: #FFFFFF;\"\n                                    target=\"_self\"\n                                >\n                                    Szeretn\u00e9m l\u00e1tni az \u00faj kollekci\u00f3t!                                                                            <div class=\"flex justify-center items-center w-[35px] h-[35px] cta-button__inner-icon\">\n                                                                                                <span class=\"!text-[35px] material-symbols-outlined\" style=\"color: #FFFFFF\">arrow_right_alt<\/span>\n                                                                                    <\/div>\n                                                                    <\/a>\n                            <\/div>\n                                                                        <\/div>\n        <\/div>\n    <\/div>\n    <\/div>\n\n\n\n<div class=\"wp-block-column is-vertically-aligned-center is-layout-flow wp-block-column-is-layout-flow\">\n<figure class=\"wp-block-image size-full\"><img decoding=\"async\" width=\"900\" height=\"602\" src=\"https:\/\/d2ris6qfzcz0wn.cloudfront.net\/wp-content\/uploads\/sites\/24\/2024\/04\/workerpro-banner.jpg\" alt=\"\" class=\"wp-image-19606\" srcset=\"https:\/\/d2ris6qfzcz0wn.cloudfront.net\/wp-content\/uploads\/sites\/24\/2024\/04\/workerpro-banner.jpg 900w, https:\/\/d2ris6qfzcz0wn.cloudfront.net\/wp-content\/uploads\/sites\/24\/2024\/04\/workerpro-banner-300x201.jpg 300w, https:\/\/d2ris6qfzcz0wn.cloudfront.net\/wp-content\/uploads\/sites\/24\/2024\/04\/workerpro-banner-768x514.jpg 768w\" sizes=\"(max-width: 900px) 100vw, 900px\" \/><\/figure>\n<\/div>\n<\/div>\n\n\n\n<hr class=\"wp-block-separator has-alpha-channel-opacity\"\/>\n\n\n\n    <div \n        id=\"cta-with-image-block_3f474f92c726c96ec61d33334067cd8c\" \n        class=\"cta-with-image\"\n    >\n        <div class=\"cta__content\" style=\"color: #222222; background-color: #ffffff\">\n            <div class=\"content__title\">Szennyfog\u00f3 sz\u0151nyeg szolg\u00e1ltat\u00e1s <\/div>\n            <div class=\"content__description\"><\/div>\n            <div class=\"content__button-links\">\n                                    <div class=\"button-link\">\n                        <a \n                            href=\"https:\/\/group.lindstromgroup.com\/hu\/szonyeg-szolgaltatas-brosura\" \n                            style=\"background-color: #bd5a00; color: #FFFFFF; border: 2px solid \"\n                        >\n                            T\u00f6ltse le!                        <\/a>\n                    <\/div>\n                            <\/div>\n        <\/div>\n        <div class=\"cta__image\"><img decoding=\"async\" src=\"https:\/\/d2ris6qfzcz0wn.cloudfront.net\/wp-content\/uploads\/sites\/24\/2024\/04\/MAS_Lindstrom_kuramatot_183_Asuntomessut-_Tuusula_1600x1200px.jpg-1024x768.webp\" alt=\"\" \/><\/div>\n    <\/div>\n\n\n\n<hr class=\"wp-block-separator has-alpha-channel-opacity\"\/>\n\n\n\n    <div \n        id=\"cta-with-image-block_7ce2bb8e675882569aa71f097a1a0ceb\" \n        class=\"cta-with-image\"\n    >\n        <div class=\"cta__content\" style=\"color: #222222; background-color: #ffffff\">\n            <div class=\"content__title\">Ipari t\u00f6rl\u0151kend\u0151 szolg\u00e1ltat\u00e1s<\/div>\n            <div class=\"content__description\"><\/div>\n            <div class=\"content__button-links\">\n                                    <div class=\"button-link\">\n                        <a \n                            href=\"https:\/\/group.lindstromgroup.com\/hu\/ipari-torlokendo-szolgaltatas-brosura\" \n                            style=\"background-color: #bd5a00; color: #FFFFFF; border: 2px solid \"\n                        >\n                            T\u00f6ltse le!                        <\/a>\n                    <\/div>\n                            <\/div>\n        <\/div>\n        <div class=\"cta__image\"><img decoding=\"async\" src=\"https:\/\/d2ris6qfzcz0wn.cloudfront.net\/wp-content\/uploads\/sites\/24\/2024\/03\/ipari-torlokendo-papir-helyett.jpg\" alt=\"\" \/><\/div>\n    <\/div>\n\n\n\n<hr class=\"wp-block-separator has-alpha-channel-opacity\"\/>\n\n\n\n    <div \n        id=\"cta-with-image-block_4335b8b14f1c867421c0af8bad41c13c\" \n        class=\"cta-with-image\"\n    >\n        <div class=\"cta__content\" style=\"color: #222222; background-color: #ffffff\">\n            <div class=\"content__title\">WEBINAR &#8211; Z\u00f6ld kih\u00edv\u00e1sok \u00e9s megold\u00e1sok az \u00e9lelmiszeriparban<\/div>\n            <div class=\"content__description\">Hogyan felelj\u00fcnk meg az \u00faj elv\u00e1r\u00e1soknak?<\/div>\n            <div class=\"content__button-links\">\n                                    <div class=\"button-link\">\n                        <a \n                            href=\"https:\/\/group.lindstromgroup.com\/hu\/hu\/zold-kihivasok-es-megoldasok-az-elelmiszeriparban-webinar\" \n                            style=\"background-color: #bd5a00; color: #FFFFFF; border: 2px solid \"\n                        >\n                            T\u00f6ltse le a webinart!                        <\/a>\n                    <\/div>\n                            <\/div>\n        <\/div>\n        <div class=\"cta__image\"><img decoding=\"async\" src=\"https:\/\/d2ris6qfzcz0wn.cloudfront.net\/wp-content\/uploads\/sites\/24\/2025\/03\/Lindstrom_webinar_elelmiszeripar-1024x604.webp\" alt=\"\" \/><\/div>\n    <\/div>\n\n\n\n<div aria-hidden=\"true\" class=\"wp-block-fsb-flexible-spacer fsb-flexible-spacer\"><div class=\"fsb-flexible-spacer__device fsb-flexible-spacer__device--lg\" style=\"height:75px\"><\/div><div class=\"fsb-flexible-spacer__device fsb-flexible-spacer__device--md\" style=\"height:35px\"><\/div><div class=\"fsb-flexible-spacer__device fsb-flexible-spacer__device--sm\" style=\"height:35px\"><\/div><\/div>\n\n\n    <\/div>\n<\/div>\n","protected":false},"excerpt":{"rendered":"","protected":false},"author":14,"featured_media":0,"parent":0,"menu_order":0,"comment_status":"closed","ping_status":"closed","template":"","meta":{"_acf_changed":true,"inline_featured_image":false,"_eb_attr":"","site-sidebar-layout":"default","site-content-layout":"default","ast-site-content-layout":"default","site-content-style":"default","site-sidebar-style":"default","ast-global-header-display":"","ast-banner-title-visibility":"","ast-main-header-display":"","ast-hfb-above-header-display":"","ast-hfb-below-header-display":"","ast-hfb-mobile-header-display":"","site-post-title":"","ast-breadcrumbs-content":"","ast-featured-img":"","footer-sml-layout":"","ast-disable-related-posts":"","theme-transparent-header-meta":"","adv-header-id-meta":"","stick-header-meta":"","header-above-stick-meta":"","header-main-stick-meta":"","header-below-stick-meta":"","astra-migrate-meta-layouts":"default","ast-page-background-enabled":"default","ast-page-background-meta":{"desktop":{"background-color":"var(--ast-global-color-4)","background-image":"","background-repeat":"repeat","background-position":"center center","background-size":"auto","background-attachment":"scroll","background-type":"","background-media":"","overlay-type":"","overlay-color":"","overlay-opacity":"","overlay-gradient":""},"tablet":{"background-color":"","background-image":"","background-repeat":"repeat","background-position":"center center","background-size":"auto","background-attachment":"scroll","background-type":"","background-media":"","overlay-type":"","overlay-color":"","overlay-opacity":"","overlay-gradient":""},"mobile":{"background-color":"","background-image":"","background-repeat":"repeat","background-position":"center center","background-size":"auto","background-attachment":"scroll","background-type":"","background-media":"","overlay-type":"","overlay-color":"","overlay-opacity":"","overlay-gradient":""}},"ast-content-background-meta":{"desktop":{"background-color":"var(--ast-global-color-5)","background-image":"","background-repeat":"repeat","background-position":"center center","background-size":"auto","background-attachment":"scroll","background-type":"","background-media":"","overlay-type":"","overlay-color":"","overlay-opacity":"","overlay-gradient":""},"tablet":{"background-color":"var(--ast-global-color-5)","background-image":"","background-repeat":"repeat","background-position":"center center","background-size":"auto","background-attachment":"scroll","background-type":"","background-media":"","overlay-type":"","overlay-color":"","overlay-opacity":"","overlay-gradient":""},"mobile":{"background-color":"var(--ast-global-color-5)","background-image":"","background-repeat":"repeat","background-position":"center center","background-size":"auto","background-attachment":"scroll","background-type":"","background-media":"","overlay-type":"","overlay-color":"","overlay-opacity":"","overlay-gradient":""}},"footnotes":""},"coauthors":[20],"class_list":["post-19525","page","type-page","status-publish","hentry"],"acf":[],"yoast_head":"<!-- This site is optimized with the Yoast SEO plugin v27.2 - https:\/\/yoast.com\/product\/yoast-seo-wordpress\/ -->\n<title>Let\u00f6lt\u00e9sek - Lindstr\u00f6m Magyarorsz\u00e1g<\/title>\n<meta name=\"robots\" content=\"index, follow, max-snippet:-1, max-image-preview:large, max-video-preview:-1\" \/>\n<meta property=\"og:locale\" content=\"hu_HU\" \/>\n<meta property=\"og:type\" content=\"article\" \/>\n<meta property=\"og:title\" content=\"Let\u00f6lt\u00e9sek - Lindstr\u00f6m Magyarorsz\u00e1g\" \/>\n<meta property=\"og:url\" content=\"https:\/\/lindstromgroup.com\/hu\/letoltesek\/\" \/>\n<meta property=\"og:site_name\" content=\"Lindstr\u00f6m Magyarorsz\u00e1g\" \/>\n<meta property=\"article:modified_time\" content=\"2025-04-04T14:27:57+00:00\" \/>\n<meta name=\"twitter:card\" content=\"summary_large_image\" \/>\n<meta name=\"twitter:label1\" content=\"Becs\u00fclt olvas\u00e1si id\u0151\" \/>\n\t<meta name=\"twitter:data1\" content=\"5 perc\" \/>\n\t<meta name=\"twitter:label2\" content=\"Written by\" \/>\n\t<meta name=\"twitter:data2\" content=\"Lindstr\u00f6m Group\" \/>\n<script type=\"application\/ld+json\" class=\"yoast-schema-graph\">{\"@context\":\"https:\/\/schema.org\",\"@graph\":[{\"@type\":\"WebPage\",\"@id\":\"https:\/\/lindstromgroup.com\/hu\/letoltesek\/\",\"url\":\"https:\/\/lindstromgroup.com\/hu\/letoltesek\/\",\"name\":\"Let\u00f6lt\u00e9sek - Lindstr\u00f6m Magyarorsz\u00e1g\",\"isPartOf\":{\"@id\":\"https:\/\/lindstromgroup.com\/hu\/#website\"},\"datePublished\":\"2025-04-04T14:18:00+00:00\",\"dateModified\":\"2025-04-04T14:27:57+00:00\",\"breadcrumb\":{\"@id\":\"https:\/\/lindstromgroup.com\/hu\/letoltesek\/#breadcrumb\"},\"inLanguage\":\"hu\",\"potentialAction\":[{\"@type\":\"ReadAction\",\"target\":[\"https:\/\/lindstromgroup.com\/hu\/letoltesek\/\"]}]},{\"@type\":\"BreadcrumbList\",\"@id\":\"https:\/\/lindstromgroup.com\/hu\/letoltesek\/#breadcrumb\",\"itemListElement\":[{\"@type\":\"ListItem\",\"position\":1,\"name\":\"Home\",\"item\":\"https:\/\/lindstromgroup.com\/hu\/\"},{\"@type\":\"ListItem\",\"position\":2,\"name\":\"Let\u00f6lt\u00e9sek\"}]},{\"@type\":\"WebSite\",\"@id\":\"https:\/\/lindstromgroup.com\/hu\/#website\",\"url\":\"https:\/\/lindstromgroup.com\/hu\/\",\"name\":\"Lindstr\u00f6m Magyarorsz\u00e1g\",\"description\":\"\",\"publisher\":{\"@id\":\"https:\/\/lindstromgroup.com\/hu\/#organization\"},\"potentialAction\":[{\"@type\":\"SearchAction\",\"target\":{\"@type\":\"EntryPoint\",\"urlTemplate\":\"https:\/\/lindstromgroup.com\/hu\/?s={search_term_string}\"},\"query-input\":{\"@type\":\"PropertyValueSpecification\",\"valueRequired\":true,\"valueName\":\"search_term_string\"}}],\"inLanguage\":\"hu\"},{\"@type\":\"Organization\",\"@id\":\"https:\/\/lindstromgroup.com\/hu\/#organization\",\"name\":\"Lindstr\u00f6m Magyarorsz\u00e1g\",\"url\":\"https:\/\/lindstromgroup.com\/hu\/\",\"logo\":{\"@type\":\"ImageObject\",\"inLanguage\":\"hu\",\"@id\":\"https:\/\/lindstromgroup.com\/hu\/#\/schema\/logo\/image\/\",\"url\":\"https:\/\/d2ris6qfzcz0wn.cloudfront.net\/wp-content\/uploads\/sites\/24\/2023\/10\/Logo512.png\",\"contentUrl\":\"https:\/\/d2ris6qfzcz0wn.cloudfront.net\/wp-content\/uploads\/sites\/24\/2023\/10\/Logo512.png\",\"width\":512,\"height\":109,\"caption\":\"Lindstr\u00f6m Magyarorsz\u00e1g\"},\"image\":{\"@id\":\"https:\/\/lindstromgroup.com\/hu\/#\/schema\/logo\/image\/\"}}]}<\/script>\n<!-- \/ Yoast SEO plugin. -->","yoast_head_json":{"title":"Let\u00f6lt\u00e9sek - Lindstr\u00f6m Magyarorsz\u00e1g","robots":{"index":"index","follow":"follow","max-snippet":"max-snippet:-1","max-image-preview":"max-image-preview:large","max-video-preview":"max-video-preview:-1"},"og_locale":"hu_HU","og_type":"article","og_title":"Let\u00f6lt\u00e9sek - Lindstr\u00f6m Magyarorsz\u00e1g","og_url":"https:\/\/lindstromgroup.com\/hu\/letoltesek\/","og_site_name":"Lindstr\u00f6m Magyarorsz\u00e1g","article_modified_time":"2025-04-04T14:27:57+00:00","twitter_card":"summary_large_image","twitter_misc":{"Becs\u00fclt olvas\u00e1si id\u0151":"5 perc","Written by":"Lindstr\u00f6m Group"},"schema":{"@context":"https:\/\/schema.org","@graph":[{"@type":"WebPage","@id":"https:\/\/lindstromgroup.com\/hu\/letoltesek\/","url":"https:\/\/lindstromgroup.com\/hu\/letoltesek\/","name":"Let\u00f6lt\u00e9sek - Lindstr\u00f6m Magyarorsz\u00e1g","isPartOf":{"@id":"https:\/\/lindstromgroup.com\/hu\/#website"},"datePublished":"2025-04-04T14:18:00+00:00","dateModified":"2025-04-04T14:27:57+00:00","breadcrumb":{"@id":"https:\/\/lindstromgroup.com\/hu\/letoltesek\/#breadcrumb"},"inLanguage":"hu","potentialAction":[{"@type":"ReadAction","target":["https:\/\/lindstromgroup.com\/hu\/letoltesek\/"]}]},{"@type":"BreadcrumbList","@id":"https:\/\/lindstromgroup.com\/hu\/letoltesek\/#breadcrumb","itemListElement":[{"@type":"ListItem","position":1,"name":"Home","item":"https:\/\/lindstromgroup.com\/hu\/"},{"@type":"ListItem","position":2,"name":"Let\u00f6lt\u00e9sek"}]},{"@type":"WebSite","@id":"https:\/\/lindstromgroup.com\/hu\/#website","url":"https:\/\/lindstromgroup.com\/hu\/","name":"Lindstr\u00f6m Magyarorsz\u00e1g","description":"","publisher":{"@id":"https:\/\/lindstromgroup.com\/hu\/#organization"},"potentialAction":[{"@type":"SearchAction","target":{"@type":"EntryPoint","urlTemplate":"https:\/\/lindstromgroup.com\/hu\/?s={search_term_string}"},"query-input":{"@type":"PropertyValueSpecification","valueRequired":true,"valueName":"search_term_string"}}],"inLanguage":"hu"},{"@type":"Organization","@id":"https:\/\/lindstromgroup.com\/hu\/#organization","name":"Lindstr\u00f6m Magyarorsz\u00e1g","url":"https:\/\/lindstromgroup.com\/hu\/","logo":{"@type":"ImageObject","inLanguage":"hu","@id":"https:\/\/lindstromgroup.com\/hu\/#\/schema\/logo\/image\/","url":"https:\/\/d2ris6qfzcz0wn.cloudfront.net\/wp-content\/uploads\/sites\/24\/2023\/10\/Logo512.png","contentUrl":"https:\/\/d2ris6qfzcz0wn.cloudfront.net\/wp-content\/uploads\/sites\/24\/2023\/10\/Logo512.png","width":512,"height":109,"caption":"Lindstr\u00f6m Magyarorsz\u00e1g"},"image":{"@id":"https:\/\/lindstromgroup.com\/hu\/#\/schema\/logo\/image\/"}}]}},"publishpress_future_workflow_manual_trigger":{"enabledWorkflows":[]},"distributor_meta":false,"distributor_terms":false,"distributor_media":false,"distributor_original_site_name":"Lindstr\u00f6m Magyarorsz\u00e1g","distributor_original_site_url":"https:\/\/lindstromgroup.com\/hu","push-errors":false,"_links":{"self":[{"href":"https:\/\/lindstromgroup.com\/hu\/wp-json\/wp\/v2\/pages\/19525","targetHints":{"allow":["GET"]}}],"collection":[{"href":"https:\/\/lindstromgroup.com\/hu\/wp-json\/wp\/v2\/pages"}],"about":[{"href":"https:\/\/lindstromgroup.com\/hu\/wp-json\/wp\/v2\/types\/page"}],"author":[{"embeddable":true,"href":"https:\/\/lindstromgroup.com\/hu\/wp-json\/wp\/v2\/users\/14"}],"replies":[{"embeddable":true,"href":"https:\/\/lindstromgroup.com\/hu\/wp-json\/wp\/v2\/comments?post=19525"}],"version-history":[{"count":0,"href":"https:\/\/lindstromgroup.com\/hu\/wp-json\/wp\/v2\/pages\/19525\/revisions"}],"wp:attachment":[{"href":"https:\/\/lindstromgroup.com\/hu\/wp-json\/wp\/v2\/media?parent=19525"}],"wp:term":[{"taxonomy":"author","embeddable":true,"href":"https:\/\/lindstromgroup.com\/hu\/wp-json\/wp\/v2\/coauthors?post=19525"}],"curies":[{"name":"wp","href":"https:\/\/api.w.org\/{rel}","templated":true}]}}