
    {"id":18407,"date":"2024-05-29T09:05:06","date_gmt":"2024-05-29T08:05:06","guid":{"rendered":"https:\/\/lindstromgroup.com\/hu\/?page_id=18407"},"modified":"2024-09-06T15:08:28","modified_gmt":"2024-09-06T14:08:28","slug":"net-zero","status":"publish","type":"page","link":"https:\/\/lindstromgroup.com\/hu\/net-zero\/","title":{"rendered":"Net Zero"},"content":{"rendered":"\n    <div\n        id=\"block_78ff1c4e86aba7d8a66449c2fbbe0688\"\n        class=\"hero-sub hero-sub--block_78ff1c4e86aba7d8a66449c2fbbe0688  flex flex-col-reverse lg:flex-row justify-between bg-dark-blue text-white\"\n    >        \n        <div class=\"flex flex-col gap-5 pt-10 pb-5 grow px-5 lg:px-20\">\n            <div class=\"flex flex-col justify-center gap-3 grow max-w-[var(--container-text-max)]\">\n                <h1 class=\"!mb-0 !text-white !text-title-medium lg:!text-title-large !font-bold hyphens-auto break-words\">\n                    \u00c1talakul\u00e1s a net-zero j\u00f6v\u0151 \u00e9rdek\u00e9ben                <\/h1>\n    \n                <div class=\"hero-sub__description\">\n                                    <\/div>\n    \n                \n                            <\/div>\n                            <div class=\"font-bold hero-sub__breadcrumb text-body-small\">\n                        <span><span><a href=\"https:\/\/lindstromgroup.com\/hu\/\">Home<\/a><\/span><\/span>                <\/div>\n                    <\/div>\n\n        <div class=\"[&#038;_picture]:w-full flex h-full lg:h-auto max-h-[350px] lg:max-h-none lg:min-h-full w-full lg:w-[650px]\">\n            <img decoding=\"async\"\n                class=\"object-cover w-full h-full\"\n                src=\"https:\/\/d2ris6qfzcz0wn.cloudfront.net\/wp-content\/uploads\/sites\/24\/2024\/05\/Lindstrom_Netzero_visual_wide_01_V01-1024x565.jpg\"\n                alt=\"\u00c1talakul\u00e1s a net-zero j\u00f6v\u0151 \u00e9rdek\u00e9ben\"\n            >\n        <\/div>\n    <\/div>\n\n\n\n        <style>\n            .lindstrom-container--block_c5b4a3c5f32ad188052285cec4174a87 {                \n                padding-top: 35px;\n                padding-bottom: 35px;\n            }\n\n            @media screen and (min-width: 768px) {\n                .lindstrom-container--block_c5b4a3c5f32ad188052285cec4174a87 {\n                    padding-top: 75px;\n                    padding-bottom: 35px;\n                }\n            }\n        <\/style>\n    \n<div\n    class=\"lindstrom-container-wrapper lindstrom-container lindstrom-container--block_c5b4a3c5f32ad188052285cec4174a87 \"\n    id=\"block_c5b4a3c5f32ad188052285cec4174a87\"\n    style=\"background-color: #ffffff\"\n    >\n    <div class=\"lindstrom-container lindstrom-container--text items-stretch\">\n        \n\n        <div \n        id=\"cta-country-block_62e8b15a7264ab4631a346be30019f34\" \n        class=\"cta-country\"\n    >\n        <div class=\"flex flex-col gap-5\" style=\"align-items: flex-start\">\n                                        <div class=\"cta-text\"><p>K\u00e9pzelj\u00fcnk el egy olyan j\u00f6v\u0151t, ahol a text\u00edli\u00e1k \u00fajrahasznos\u00edtott \u00e9s bioalap\u00fa anyagokb\u00f3l sz\u00fcletnek, felv\u00e1ltva a r\u00e9gi m\u00f3dszereket! A felhaszn\u00e1l\u00f3khoz k\u00f6zelebb gy\u00e1rtva, a kibocs\u00e1t\u00e1scs\u00f6kkent\u00e9s ir\u00e1nt elk\u00f6telezett partnerek \u00e1ltal. K\u00e9pzelj\u00fcnk el egy olyan vil\u00e1got, ahol a text\u00edli\u00e1ink \u00e9letciklusa a karbantart\u00e1st\u00f3l a mos\u00e1sig tiszta, meg\u00fajul\u00f3 energi\u00e1val m\u0171k\u00f6dik, \u00e9s a sz\u00e1ll\u00edt\u00e1st elektromos \u00e9s hidrog\u00e9ntechnol\u00f3gi\u00e1k hajtj\u00e1k! Ez nem csak a t\u00e1voli j\u00f6v\u0151 v\u00edzi\u00f3ja. Kevesebb mint egy \u00e9vtizeden bel\u00fcl ez lesz a val\u00f3s\u00e1g.<\/p>\n<\/div>\n                        <div class=\"cta-button-container cta-button-container--row\">\n                            <\/div>\n        <\/div>\n    <\/div>\n    \n\n\n        <div \n        id=\"cta-country-block_5c79bf2d9e6653b8400d3ccb0fdc1d95\" \n        class=\"cta-country\"\n    >\n        <div class=\"flex flex-col gap-5\" style=\"align-items: flex-start\">\n                            <h2 class='!text-title-small lg:!text-title-medium !text-grey-100 !font-bold !my-0'>                    D\u00f6nt\u00e9sek egy jobb holnap\u00e9rt                <\/h2>                                        <div class=\"cta-text\"><p>C\u00e9lunkt\u00f3l vez\u00e9relve olyan elk\u00f6telezetts\u00e9get v\u00e1llaltunk, amely a k\u00f6vetkez\u0151 \u00e9vtizedekben ir\u00e1nyad\u00f3 lesz d\u00f6nt\u00e9seinkben. C\u00e9lunk, hogy minden \u00e9vben cs\u00f6kkents\u00fck az \u00fcvegh\u00e1zhat\u00e1s\u00fa g\u00e1zok kibocs\u00e1t\u00e1s\u00e1t, 2030-ra fel\u00e9re cs\u00f6kkents\u00fck az \u00fcvegh\u00e1zhat\u00e1s\u00fa g\u00e1zok kibocs\u00e1t\u00e1s\u00e1t, 2050-re pedig az eg\u00e9sz \u00e9rt\u00e9kl\u00e1ncunkban el\u00e9rj\u00fck a nett\u00f3 null\u00e1t. C\u00e9lkit\u0171z\u00e9seinket a Science Based Targets\u00a0 kezdem\u00e9nyez\u00e9s valid\u00e1lta, hogy biztos\u00edtsa, azok \u00f6sszhangban vannak a leg\u00fajabb \u00e9ghajlati tudom\u00e1nyos eredm\u00e9nyekkel.<\/p>\n<\/div>\n                        <div class=\"cta-button-container cta-button-container--row\">\n                            <\/div>\n        <\/div>\n    <\/div>\n    \n\n\n        <div \n        id=\"cta-country-block_9bff78ca784a51269993b0f094565119\" \n        class=\"cta-country\"\n    >\n        <div class=\"flex flex-col gap-5\" style=\"align-items: flex-start\">\n                            <h2 class='!text-title-small lg:!text-title-medium !text-grey-100 !font-bold !my-0'>                    Az \u00fat m\u00e1r elkezd\u0151d\u00f6tt                <\/h2>                                        <div class=\"cta-text\"><p>Kisz\u00e1m\u00edtottuk az \u00fcvegh\u00e1zhat\u00e1s\u00fa g\u00e1zkibocs\u00e1t\u00e1sunkat, \u00e9s meg\u00e1llap\u00edtottuk, hogy a text\u00edli\u00e1k, az energia \u00e9s villamos energia, valamint az \u00fcgyf\u00e9lkisz\u00e1ll\u00edt\u00e1sok teszik ki a kibocs\u00e1t\u00e1sunk k\u00f6zel 70%-\u00e1t. Meghat\u00e1roztuk azokat az int\u00e9zked\u00e9seket is, amelyek seg\u00edtenek cs\u00f6kkenteni a kibocs\u00e1t\u00e1sukat. Ezek azt befoly\u00e1solj\u00e1k, hogy milyen anyagb\u00f3l, hol \u00e9s hogyan k\u00e9sz\u00fclnek a text\u00edli\u00e1ink. Ezek valamennyi szolg\u00e1ltat\u00f3k\u00f6zpontunkat az energiahat\u00e9konys\u00e1g \u00e9s a hullad\u00e9kh\u0151-felhaszn\u00e1l\u00e1s jav\u00edt\u00e1s\u00e1ra, valamint a meg\u00fajul\u00f3 energia- \u00e9s villamosenergia-forr\u00e1sokra val\u00f3 \u00e1tt\u00e9r\u00e9sre ir\u00e1ny\u00edtj\u00e1k. \u00c9s arra is \u00f6szt\u00f6n\u00f6znek, hogy fenntarthat\u00f3bb alternat\u00edv\u00e1kat keress\u00fcnk az \u00fcgyf\u00e9lkisz\u00e1ll\u00edt\u00e1sok sor\u00e1n.<\/p>\n<p><img decoding=\"async\" class=\"alignleft wp-image-18416 size-full\" src=\"https:\/\/d2ris6qfzcz0wn.cloudfront.net\/wp-content\/uploads\/sites\/24\/2024\/05\/Science_based_target_celok.png\" alt=\"\" width=\"1222\" height=\"583\" srcset=\"https:\/\/d2ris6qfzcz0wn.cloudfront.net\/wp-content\/uploads\/sites\/24\/2024\/05\/Science_based_target_celok.png 1222w, https:\/\/d2ris6qfzcz0wn.cloudfront.net\/wp-content\/uploads\/sites\/24\/2024\/05\/Science_based_target_celok-300x143.png 300w, https:\/\/d2ris6qfzcz0wn.cloudfront.net\/wp-content\/uploads\/sites\/24\/2024\/05\/Science_based_target_celok-1024x489.png 1024w, https:\/\/d2ris6qfzcz0wn.cloudfront.net\/wp-content\/uploads\/sites\/24\/2024\/05\/Science_based_target_celok-768x366.png 768w\" sizes=\"(max-width: 1222px) 100vw, 1222px\" \/><\/p>\n<\/div>\n                        <div class=\"cta-button-container cta-button-container--row\">\n                            <\/div>\n        <\/div>\n    <\/div>\n    \n\n\n        <div \n        id=\"cta-country-block_5d058a3760898ffa6a8a01a78baad0d2\" \n        class=\"cta-country\"\n    >\n        <div class=\"flex flex-col gap-5\" style=\"align-items: flex-start\">\n                            <h2 class='!text-title-small lg:!text-title-medium !text-grey-100 !font-bold !my-0'>                    SCIENCE BASED TARTGETS                <\/h2>                                        <div class=\"cta-text\"><p>A Lindstr\u00f6m Group v\u00e1llalja, hogy 2050-re a 2021-es b\u00e1zis\u00e9vr\u0151l kiindulva az \u00e9rt\u00e9kl\u00e1nc teljes eg\u00e9sz\u00e9ben nett\u00f3 nulla (net zero) \u00fcvegh\u00e1zhat\u00e1s\u00fa g\u00e1z-kibocs\u00e1t\u00e1st \u00e9r el.*<\/p>\n<p>K\u00f6zel-t\u00e1v\u00fa c\u00e9l:<\/p>\n<p>A Lindstr\u00f6m Group v\u00e1llalja, hogy 2030-ra az abszol\u00fat Scope 1 \u00e9s 2 \u00fcvegh\u00e1zhat\u00e1s\u00fag\u00e1z-kibocs\u00e1t\u00e1st 50%-kal cs\u00f6kkenti a 2021-es b\u00e1zis\u00e9vhez k\u00e9pest.* A Lindstr\u00f6m Group v\u00e1llalja tov\u00e1bb\u00e1, hogy ugyanezen id\u0151szakon bel\u00fcl az abszol\u00fat Scope 3 \u00fcvegh\u00e1zhat\u00e1s\u00fa g\u00e1z-kibocs\u00e1t\u00e1st 50%-kal cs\u00f6kkenti.<\/p>\n<p>Hossz\u00fa t\u00e1v\u00fa c\u00e9l:<\/p>\n<p>A Lindstr\u00f6m Group v\u00e1llalja, hogy a 2021-es b\u00e1zis\u00e9vhez k\u00e9pest 2050-re 90%-kal cs\u00f6kkenti az abszol\u00fat Scope 1 \u00e9s 2 \u00fcvegh\u00e1zhat\u00e1s\u00fa g\u00e1z-kibocs\u00e1t\u00e1st.* A Lindstr\u00f6m Csoport v\u00e1llalja tov\u00e1bb\u00e1, hogy ugyanezen id\u0151szakon bel\u00fcl 90%-kal cs\u00f6kkenti az abszol\u00fat Scope 3 \u00fcvegh\u00e1zhat\u00e1s\u00fa g\u00e1z-kibocs\u00e1t\u00e1st.<\/p>\n<p>* A c\u00e9lhat\u00e1r mag\u00e1ban foglalja a bioenergia-alapanyagokb\u00f3l sz\u00e1rmaz\u00f3, f\u00f6lddel kapcsolatos kibocs\u00e1t\u00e1sokat \u00e9s elt\u00e1vol\u00edt\u00e1sokat.<\/p>\n<p><img decoding=\"async\" class=\"alignnone wp-image-18415 size-full\" src=\"https:\/\/d2ris6qfzcz0wn.cloudfront.net\/wp-content\/uploads\/sites\/24\/2024\/05\/Science_based_target_logo.png\" alt=\"\" width=\"1024\" height=\"587\" srcset=\"https:\/\/d2ris6qfzcz0wn.cloudfront.net\/wp-content\/uploads\/sites\/24\/2024\/05\/Science_based_target_logo.png 1024w, https:\/\/d2ris6qfzcz0wn.cloudfront.net\/wp-content\/uploads\/sites\/24\/2024\/05\/Science_based_target_logo-300x172.png 300w, https:\/\/d2ris6qfzcz0wn.cloudfront.net\/wp-content\/uploads\/sites\/24\/2024\/05\/Science_based_target_logo-768x440.png 768w\" sizes=\"(max-width: 1024px) 100vw, 1024px\" \/><\/p>\n<\/div>\n                        <div class=\"cta-button-container cta-button-container--row\">\n                            <\/div>\n        <\/div>\n    <\/div>\n    \n\n\n<div aria-hidden=\"true\" class=\"wp-block-fsb-flexible-spacer fsb-flexible-spacer\"><div class=\"fsb-flexible-spacer__device fsb-flexible-spacer__device--lg\" style=\"height:75px\"><\/div><div class=\"fsb-flexible-spacer__device fsb-flexible-spacer__device--md\" style=\"height:35px\"><\/div><div class=\"fsb-flexible-spacer__device fsb-flexible-spacer__device--sm\" style=\"height:33px\"><\/div><\/div>\n\n\n    <\/div>\n<\/div>\n","protected":false},"excerpt":{"rendered":"","protected":false},"author":14,"featured_media":0,"parent":0,"menu_order":0,"comment_status":"closed","ping_status":"closed","template":"","meta":{"_acf_changed":false,"inline_featured_image":false,"_eb_attr":"","site-sidebar-layout":"default","site-content-layout":"","ast-site-content-layout":"default","site-content-style":"default","site-sidebar-style":"default","ast-global-header-display":"","ast-banner-title-visibility":"","ast-main-header-display":"","ast-hfb-above-header-display":"","ast-hfb-below-header-display":"","ast-hfb-mobile-header-display":"","site-post-title":"","ast-breadcrumbs-content":"","ast-featured-img":"","footer-sml-layout":"","ast-disable-related-posts":"","theme-transparent-header-meta":"","adv-header-id-meta":"","stick-header-meta":"","header-above-stick-meta":"","header-main-stick-meta":"","header-below-stick-meta":"","astra-migrate-meta-layouts":"default","ast-page-background-enabled":"default","ast-page-background-meta":{"desktop":{"background-color":"var(--ast-global-color-4)","background-image":"","background-repeat":"repeat","background-position":"center center","background-size":"auto","background-attachment":"scroll","background-type":"","background-media":"","overlay-type":"","overlay-color":"","overlay-opacity":"","overlay-gradient":""},"tablet":{"background-color":"","background-image":"","background-repeat":"repeat","background-position":"center center","background-size":"auto","background-attachment":"scroll","background-type":"","background-media":"","overlay-type":"","overlay-color":"","overlay-opacity":"","overlay-gradient":""},"mobile":{"background-color":"","background-image":"","background-repeat":"repeat","background-position":"center center","background-size":"auto","background-attachment":"scroll","background-type":"","background-media":"","overlay-type":"","overlay-color":"","overlay-opacity":"","overlay-gradient":""}},"ast-content-background-meta":{"desktop":{"background-color":"var(--ast-global-color-5)","background-image":"","background-repeat":"repeat","background-position":"center center","background-size":"auto","background-attachment":"scroll","background-type":"","background-media":"","overlay-type":"","overlay-color":"","overlay-opacity":"","overlay-gradient":""},"tablet":{"background-color":"var(--ast-global-color-5)","background-image":"","background-repeat":"repeat","background-position":"center center","background-size":"auto","background-attachment":"scroll","background-type":"","background-media":"","overlay-type":"","overlay-color":"","overlay-opacity":"","overlay-gradient":""},"mobile":{"background-color":"var(--ast-global-color-5)","background-image":"","background-repeat":"repeat","background-position":"center center","background-size":"auto","background-attachment":"scroll","background-type":"","background-media":"","overlay-type":"","overlay-color":"","overlay-opacity":"","overlay-gradient":""}},"footnotes":""},"coauthors":[20],"class_list":["post-18407","page","type-page","status-publish","hentry"],"acf":[],"yoast_head":"<!-- This site is optimized with the Yoast SEO Premium plugin v27.5 (Yoast SEO v27.5) - https:\/\/yoast.com\/product\/yoast-seo-premium-wordpress\/ -->\n<title>Net Zero - Lindstr\u00f6m Magyarorsz\u00e1g<\/title>\n<meta name=\"robots\" content=\"index, follow, max-snippet:-1, max-image-preview:large, max-video-preview:-1\" \/>\n<meta property=\"og:locale\" content=\"hu_HU\" \/>\n<meta property=\"og:type\" content=\"article\" \/>\n<meta property=\"og:title\" content=\"Net Zero\" \/>\n<meta property=\"og:url\" content=\"https:\/\/lindstromgroup.com\/hu\/net-zero\/\" \/>\n<meta property=\"og:site_name\" content=\"Lindstr\u00f6m Magyarorsz\u00e1g\" \/>\n<meta property=\"article:modified_time\" content=\"2024-09-06T14:08:28+00:00\" \/>\n<meta name=\"twitter:card\" content=\"summary_large_image\" \/>\n<meta name=\"twitter:label1\" content=\"Becs\u00fclt olvas\u00e1si id\u0151\" \/>\n\t<meta name=\"twitter:data1\" content=\"5 perc\" \/>\n\t<meta name=\"twitter:label2\" content=\"Written by\" \/>\n\t<meta name=\"twitter:data2\" content=\"Lindstr\u00f6m Group\" \/>\n<script type=\"application\/ld+json\" class=\"yoast-schema-graph\">{\"@context\":\"https:\\\/\\\/schema.org\",\"@graph\":[{\"@type\":\"WebPage\",\"@id\":\"https:\\\/\\\/lindstromgroup.com\\\/hu\\\/net-zero\\\/\",\"url\":\"https:\\\/\\\/lindstromgroup.com\\\/hu\\\/net-zero\\\/\",\"name\":\"Net Zero - Lindstr\u00f6m Magyarorsz\u00e1g\",\"isPartOf\":{\"@id\":\"https:\\\/\\\/lindstromgroup.com\\\/hu\\\/#website\"},\"datePublished\":\"2024-05-29T08:05:06+00:00\",\"dateModified\":\"2024-09-06T14:08:28+00:00\",\"breadcrumb\":{\"@id\":\"https:\\\/\\\/lindstromgroup.com\\\/hu\\\/net-zero\\\/#breadcrumb\"},\"inLanguage\":\"hu\",\"potentialAction\":[{\"@type\":\"ReadAction\",\"target\":[\"https:\\\/\\\/lindstromgroup.com\\\/hu\\\/net-zero\\\/\"]}]},{\"@type\":\"BreadcrumbList\",\"@id\":\"https:\\\/\\\/lindstromgroup.com\\\/hu\\\/net-zero\\\/#breadcrumb\",\"itemListElement\":[{\"@type\":\"ListItem\",\"position\":1,\"name\":\"Home\",\"item\":\"https:\\\/\\\/lindstromgroup.com\\\/hu\\\/\"},{\"@type\":\"ListItem\",\"position\":2,\"name\":\"Net Zero\"}]},{\"@type\":\"WebSite\",\"@id\":\"https:\\\/\\\/lindstromgroup.com\\\/hu\\\/#website\",\"url\":\"https:\\\/\\\/lindstromgroup.com\\\/hu\\\/\",\"name\":\"Lindstr\u00f6m Magyarorsz\u00e1g\",\"description\":\"\",\"publisher\":{\"@id\":\"https:\\\/\\\/lindstromgroup.com\\\/hu\\\/#organization\"},\"potentialAction\":[{\"@type\":\"SearchAction\",\"target\":{\"@type\":\"EntryPoint\",\"urlTemplate\":\"https:\\\/\\\/lindstromgroup.com\\\/hu\\\/?s={search_term_string}\"},\"query-input\":{\"@type\":\"PropertyValueSpecification\",\"valueRequired\":true,\"valueName\":\"search_term_string\"}}],\"inLanguage\":\"hu\"},{\"@type\":\"Organization\",\"@id\":\"https:\\\/\\\/lindstromgroup.com\\\/hu\\\/#organization\",\"name\":\"Lindstr\u00f6m Magyarorsz\u00e1g\",\"url\":\"https:\\\/\\\/lindstromgroup.com\\\/hu\\\/\",\"logo\":{\"@type\":\"ImageObject\",\"inLanguage\":\"hu\",\"@id\":\"https:\\\/\\\/lindstromgroup.com\\\/hu\\\/#\\\/schema\\\/logo\\\/image\\\/\",\"url\":\"https:\\\/\\\/d2ris6qfzcz0wn.cloudfront.net\\\/wp-content\\\/uploads\\\/sites\\\/24\\\/2023\\\/10\\\/Logo512.png\",\"contentUrl\":\"https:\\\/\\\/d2ris6qfzcz0wn.cloudfront.net\\\/wp-content\\\/uploads\\\/sites\\\/24\\\/2023\\\/10\\\/Logo512.png\",\"width\":512,\"height\":109,\"caption\":\"Lindstr\u00f6m Magyarorsz\u00e1g\"},\"image\":{\"@id\":\"https:\\\/\\\/lindstromgroup.com\\\/hu\\\/#\\\/schema\\\/logo\\\/image\\\/\"}}]}<\/script>\n<!-- \/ Yoast SEO Premium plugin. -->","yoast_head_json":{"title":"Net Zero - Lindstr\u00f6m Magyarorsz\u00e1g","robots":{"index":"index","follow":"follow","max-snippet":"max-snippet:-1","max-image-preview":"max-image-preview:large","max-video-preview":"max-video-preview:-1"},"og_locale":"hu_HU","og_type":"article","og_title":"Net Zero","og_url":"https:\/\/lindstromgroup.com\/hu\/net-zero\/","og_site_name":"Lindstr\u00f6m Magyarorsz\u00e1g","article_modified_time":"2024-09-06T14:08:28+00:00","twitter_card":"summary_large_image","twitter_misc":{"Becs\u00fclt olvas\u00e1si id\u0151":"5 perc","Written by":"Lindstr\u00f6m Group"},"schema":{"@context":"https:\/\/schema.org","@graph":[{"@type":"WebPage","@id":"https:\/\/lindstromgroup.com\/hu\/net-zero\/","url":"https:\/\/lindstromgroup.com\/hu\/net-zero\/","name":"Net Zero - Lindstr\u00f6m Magyarorsz\u00e1g","isPartOf":{"@id":"https:\/\/lindstromgroup.com\/hu\/#website"},"datePublished":"2024-05-29T08:05:06+00:00","dateModified":"2024-09-06T14:08:28+00:00","breadcrumb":{"@id":"https:\/\/lindstromgroup.com\/hu\/net-zero\/#breadcrumb"},"inLanguage":"hu","potentialAction":[{"@type":"ReadAction","target":["https:\/\/lindstromgroup.com\/hu\/net-zero\/"]}]},{"@type":"BreadcrumbList","@id":"https:\/\/lindstromgroup.com\/hu\/net-zero\/#breadcrumb","itemListElement":[{"@type":"ListItem","position":1,"name":"Home","item":"https:\/\/lindstromgroup.com\/hu\/"},{"@type":"ListItem","position":2,"name":"Net Zero"}]},{"@type":"WebSite","@id":"https:\/\/lindstromgroup.com\/hu\/#website","url":"https:\/\/lindstromgroup.com\/hu\/","name":"Lindstr\u00f6m Magyarorsz\u00e1g","description":"","publisher":{"@id":"https:\/\/lindstromgroup.com\/hu\/#organization"},"potentialAction":[{"@type":"SearchAction","target":{"@type":"EntryPoint","urlTemplate":"https:\/\/lindstromgroup.com\/hu\/?s={search_term_string}"},"query-input":{"@type":"PropertyValueSpecification","valueRequired":true,"valueName":"search_term_string"}}],"inLanguage":"hu"},{"@type":"Organization","@id":"https:\/\/lindstromgroup.com\/hu\/#organization","name":"Lindstr\u00f6m Magyarorsz\u00e1g","url":"https:\/\/lindstromgroup.com\/hu\/","logo":{"@type":"ImageObject","inLanguage":"hu","@id":"https:\/\/lindstromgroup.com\/hu\/#\/schema\/logo\/image\/","url":"https:\/\/d2ris6qfzcz0wn.cloudfront.net\/wp-content\/uploads\/sites\/24\/2023\/10\/Logo512.png","contentUrl":"https:\/\/d2ris6qfzcz0wn.cloudfront.net\/wp-content\/uploads\/sites\/24\/2023\/10\/Logo512.png","width":512,"height":109,"caption":"Lindstr\u00f6m Magyarorsz\u00e1g"},"image":{"@id":"https:\/\/lindstromgroup.com\/hu\/#\/schema\/logo\/image\/"}}]}},"publishpress_future_workflow_manual_trigger":{"enabledWorkflows":[]},"distributor_meta":false,"distributor_terms":false,"distributor_media":false,"distributor_original_site_name":"Lindstr\u00f6m Magyarorsz\u00e1g","distributor_original_site_url":"https:\/\/lindstromgroup.com\/hu","push-errors":false,"_links":{"self":[{"href":"https:\/\/lindstromgroup.com\/hu\/wp-json\/wp\/v2\/pages\/18407","targetHints":{"allow":["GET"]}}],"collection":[{"href":"https:\/\/lindstromgroup.com\/hu\/wp-json\/wp\/v2\/pages"}],"about":[{"href":"https:\/\/lindstromgroup.com\/hu\/wp-json\/wp\/v2\/types\/page"}],"author":[{"embeddable":true,"href":"https:\/\/lindstromgroup.com\/hu\/wp-json\/wp\/v2\/users\/14"}],"replies":[{"embeddable":true,"href":"https:\/\/lindstromgroup.com\/hu\/wp-json\/wp\/v2\/comments?post=18407"}],"version-history":[{"count":0,"href":"https:\/\/lindstromgroup.com\/hu\/wp-json\/wp\/v2\/pages\/18407\/revisions"}],"wp:attachment":[{"href":"https:\/\/lindstromgroup.com\/hu\/wp-json\/wp\/v2\/media?parent=18407"}],"wp:term":[{"taxonomy":"author","embeddable":true,"href":"https:\/\/lindstromgroup.com\/hu\/wp-json\/wp\/v2\/coauthors?post=18407"}],"curies":[{"name":"wp","href":"https:\/\/api.w.org\/{rel}","templated":true}]}}