
    {"id":17854,"date":"2024-04-19T14:19:04","date_gmt":"2024-04-19T13:19:04","guid":{"rendered":"https:\/\/lindstromgroup.com\/hu\/?page_id=17854"},"modified":"2024-10-16T19:24:55","modified_gmt":"2024-10-16T18:24:55","slug":"elindstrom","status":"publish","type":"page","link":"https:\/\/lindstromgroup.com\/hu\/elindstrom\/","title":{"rendered":"eLindstr\u00f6m"},"content":{"rendered":"\n    <div\n        id=\"block_0b210d26791358e1350bdc8c431ba0fa\"\n        class=\"hero-sub hero-sub--block_0b210d26791358e1350bdc8c431ba0fa  flex flex-col-reverse lg:flex-row justify-between bg-dark-blue text-white\"\n    >        \n        <div class=\"flex flex-col gap-5 pt-10 pb-5 grow px-5 lg:px-20\">\n            <div class=\"flex flex-col justify-center gap-3 grow max-w-[var(--container-text-max)]\">\n                <h1 class=\"!mb-0 !text-white !text-title-medium lg:!text-title-large !font-bold hyphens-auto break-words\">\n                    eLindstr\u00f6m                 <\/h1>\n    \n                <div class=\"hero-sub__description\">\n                    <p>B\u00e1rhol \u00e9s b\u00e1rmikor el\u00e9rheti a munkaruha szolg\u00e1ltat\u00e1s\u00e1t online!<\/p>\n                <\/div>\n    \n                                    <div class=\"flex flex-col flex-wrap gap-3 mt-3 md:flex-row\">\n                                                                                                <\/div>\n                \n                            <\/div>\n                            <div class=\"font-bold hero-sub__breadcrumb text-body-small\">\n                        <span><span><a href=\"https:\/\/lindstromgroup.com\/hu\/\">Home<\/a><\/span><\/span>                <\/div>\n                    <\/div>\n\n        <div class=\"[&#038;_picture]:w-full flex h-full lg:h-auto max-h-[350px] lg:max-h-none lg:min-h-full w-full lg:w-[650px]\">\n            <img decoding=\"async\"\n                class=\"object-cover w-full h-full\"\n                src=\"https:\/\/d2ris6qfzcz0wn.cloudfront.net\/wp-content\/uploads\/sites\/24\/2024\/05\/eLindstrom-mockup2-1-1024x683.jpg\"\n                alt=\"B\u00e1rhol \u00e9s b\u00e1rmikor el\u00e9rheti a munkaruha szolg\u00e1ltat\u00e1s\u00e1t online!\"\n            >\n        <\/div>\n    <\/div>\n\n\n\n        <style>\n            .lindstrom-container--block_44bb874bd8ae40ba42c5b21f493fb870 {                \n                padding-top: 35px;\n                padding-bottom: 35px;\n            }\n\n            @media screen and (min-width: 768px) {\n                .lindstrom-container--block_44bb874bd8ae40ba42c5b21f493fb870 {\n                    padding-top: 75px;\n                    padding-bottom: 75px;\n                }\n            }\n        <\/style>\n    \n<div\n    class=\"lindstrom-container-wrapper lindstrom-container lindstrom-container--block_44bb874bd8ae40ba42c5b21f493fb870 \"\n    id=\"block_44bb874bd8ae40ba42c5b21f493fb870\"\n    style=\"background-color: #ffffff\"\n    >\n    <div class=\"lindstrom-container lindstrom-container--text items-stretch\">\n        \n\n        <div \n        id=\"cta-country-block_143886889ce75298332460b15f31e184\" \n        class=\"cta-country\"\n    >\n        <div class=\"flex flex-col gap-5\" style=\"align-items: center\">\n                            <h2 class='!text-title-small lg:!text-title-medium !text-grey-100 !font-bold !my-0'>                    Az eLindstr\u00f6m fel\u00fclet\u00e9n k\u00f6nnyed\u00e9n, gyorsan, b\u00e1rmikor feladhatja rendel\u00e9seit, \u00e9s kezelheti Lindstr\u00f6m szolg\u00e1ltat\u00e1sait.                <\/h2>                                        <div class=\"cta-text\"><h2><strong>Mit k\u00edn\u00e1l az eLindstr\u00f6m rendszere?<\/strong><\/h2>\n<p class=\"has-text-align-left\">Az eLindstr\u00f6m az <strong>\u00fcgyfeleink sz\u00e1m\u00e1ra k\u00e9sz\u00edtett online szolg\u00e1ltat\u00e1s<\/strong>, melynek seg\u00edts\u00e9g\u00e9vel k\u00f6nnyed\u00e9n b\u00f6ng\u00e9szhet a term\u00e9kv\u00e1laszt\u00e9kunkban, ig\u00e9ny eset\u00e9n rendel\u00e9seket adhat le, illetve a a megl\u00e9v\u0151 munkaruh\u00e1it is szabadon kezelheti a nap 24 \u00f3r\u00e1j\u00e1ban, a h\u00e9t minden napj\u00e1n (24\/7).<\/p>\n<\/div>\n                        <div class=\"cta-button-container cta-button-container--row\">\n                                                                                                            <\/div>\n        <\/div>\n    <\/div>\n    \n\n\n<figure class=\"wp-block-image size-large\"><img decoding=\"async\" width=\"1024\" height=\"400\" src=\"https:\/\/d2ris6qfzcz0wn.cloudfront.net\/wp-content\/uploads\/sites\/24\/2024\/10\/eLindstrom-1024x400.jpg\" alt=\"\" class=\"wp-image-19099\" srcset=\"https:\/\/d2ris6qfzcz0wn.cloudfront.net\/wp-content\/uploads\/sites\/24\/2024\/10\/eLindstrom-1024x400.jpg 1024w, https:\/\/d2ris6qfzcz0wn.cloudfront.net\/wp-content\/uploads\/sites\/24\/2024\/10\/eLindstrom-300x117.jpg 300w, https:\/\/d2ris6qfzcz0wn.cloudfront.net\/wp-content\/uploads\/sites\/24\/2024\/10\/eLindstrom-768x300.jpg 768w, https:\/\/d2ris6qfzcz0wn.cloudfront.net\/wp-content\/uploads\/sites\/24\/2024\/10\/eLindstrom.jpg 1145w\" sizes=\"(max-width: 1024px) 100vw, 1024px\" \/><\/figure>\n\n\n    <\/div>\n<\/div>\n\n\n\n<!-- HTML -->\n            <div\n            id=\"block_4631bbe33fe24f2ae7e0c63f90adbf2a\"\n            class=\"banner-cta banner-cta--block_4631bbe33fe24f2ae7e0c63f90adbf2a  relative\"\n        >\n            <div class=\"banner-cta__background\" style=\"background-color: #006f86\"><\/div>\n            <div\n                class=\"flex gap-3 min-h-[100px] content-center self-stretch flex-wrap lindstrom-container lindstrom-container--content banner-cta__content banner-cta__content--horizontal\">\n                <div class=\"flex-grow flex-shrink-0 basis-0 min-w-[270px] w-full banner-cta__text\">\n                                            <h3 class=\"font-bold mt-0 !mb-1 !text-white text-title-small\">\n                            Ha m\u00e9g nincs felhaszn\u00e1l\u00f3i fi\u00f3kja:                        <\/h3>\n                                                            <p class=\"m-0 !text-white !text-body\">\n                        \u00dcgyf\u00e9lszolg\u00e1latunk \u00f6r\u00f6mmel ad felvil\u00e1gos\u00edt\u00e1st a szolg\u00e1ltat\u00e1sr\u00f3l \u00e9s a tov\u00e1bbi lehet\u0151s\u00e9gekr\u0151l.\r\n\r\n                    <\/p>\n                                    <\/div>\n                \n                                    <div class=\"flex flex-wrap items-start gap-4\">\n                                            <div class=\"flex h-10 border-2 border-white rounded-full banner-cta__button button-outlined--white\">\n                            <a\n                                class=\"!no-underline !text-white bg-transparent py-3 px-5 pr-4 font-bold text-[15px]\/[21px] flex items-center gap-3\"\n                                href=\"https:\/\/lindstromgroup.com\/hu\/kapcsolatfelvetel\/\"\n                                target=\"_self\"\n                            >\n                                Kapcsolat                                                                    <span class=\"material-symbols-outlined !text-[35px]\">arrow_right_alt<\/span>\n                                                            <\/a>\n                        <\/div>\n                                                                <\/div>\n                            <\/div>\n        <\/div>\n    \n\n\n<p><\/p>\n\n\n\n<figure class=\"wp-block-embed is-type-video is-provider-youtube wp-block-embed-youtube wp-embed-aspect-16-9 wp-has-aspect-ratio\"><div class=\"wp-block-embed__wrapper\">\n<iframe loading=\"lazy\" title=\"Lindstr\u00f6m - eLindstr\u00f6m - Kezelje online szolg\u00e1ltat\u00e1sait!\" width=\"500\" height=\"281\" src=\"https:\/\/www.youtube.com\/embed\/bLGi1Kx47FY?feature=oembed\" frameborder=\"0\" allow=\"accelerometer; autoplay; clipboard-write; encrypted-media; gyroscope; picture-in-picture; web-share\" referrerpolicy=\"strict-origin-when-cross-origin\" allowfullscreen><\/iframe>\n<\/div><\/figure>\n\n\n\n        <style>\n            .lindstrom-container--block_44bb874bd8ae40ba42c5b21f493fb870 {                \n                padding-top: 35px;\n                padding-bottom: 35px;\n            }\n\n            @media screen and (min-width: 768px) {\n                .lindstrom-container--block_44bb874bd8ae40ba42c5b21f493fb870 {\n                    padding-top: 75px;\n                    padding-bottom: 75px;\n                }\n            }\n        <\/style>\n    \n<div\n    class=\"lindstrom-container-wrapper lindstrom-container lindstrom-container--block_44bb874bd8ae40ba42c5b21f493fb870 \"\n    id=\"block_44bb874bd8ae40ba42c5b21f493fb870\"\n    style=\"background-color: #ffffff\"\n    >\n    <div class=\"lindstrom-container lindstrom-container--text items-stretch\">\n        \n\n<div class=\"wp-block-columns is-layout-flex wp-container-core-columns-is-layout-28f84493 wp-block-columns-is-layout-flex\">\n<div class=\"wp-block-column is-layout-flow wp-block-column-is-layout-flow\">\n        <div \n        id=\"cta-country-block_cd05ddeb5682695c2d706d7592a0d4a7\" \n        class=\"cta-country\"\n    >\n        <div class=\"flex flex-col gap-5\" style=\"align-items: center\">\n                            <h2 class='!text-title-small lg:!text-title-medium !text-grey-100 !font-bold !my-0'>                    B\u00e1rhol \u00e9s b\u00e1rmikor el\u00e9rheti munkaruha szolg\u00e1ltat\u00e1s\u00e1t online!                <\/h2>                                        <div class=\"cta-text\"><p class=\"has-text-align-left\">Az eLindstr\u00f6m olyan speci\u00e1lis ruh\u00e1zati kieg\u00e9sz\u00edt\u0151ket k\u00edn\u00e1l, amellyekkel kieg\u00e9sz\u00edtheti megl\u00e9v\u0151 szolg\u00e1ltat\u00e1s\u00e1t \u2013 haszn\u00e1lat\u00e1val egy\u00e9ni v\u00e9d\u0151eszk\u00f6z\u00f6ket, speci\u00e1lis designt, szennyfog\u00f3 \u00e9s ergon\u00f3miai \u00e1ll\u00e1sk\u00f6nny\u00edt\u0151 sz\u0151nyegeket is kiv\u00e1laszthat \u00e9s megrendelhet.<\/p>\n<p class=\"has-text-align-left\">Munkaruha \u00e9s egy\u00e9ni v\u00e9d\u0151eszk\u00f6z\u00f6ket haszn\u00e1l\u00f3 \u00fcgyfeleink, az <strong>online fel\u00fcleten<\/strong> kereszt\u00fcl:<\/p>\n<ul>\n<li>kezelhetik a megl\u00e9v\u0151 term\u00e9keiket,<\/li>\n<li>rendel\u00e9seket adhatnak le,<\/li>\n<li>illetve lek\u00e9rhetik a szolg\u00e1ltat\u00e1shoz kapcsol\u00f3d\u00f3 szem\u00e9lyre sz\u00f3l\u00f3 riportjaikat.<\/li>\n<\/ul>\n<\/div>\n                        <div class=\"cta-button-container cta-button-container--row\">\n                            <\/div>\n        <\/div>\n    <\/div>\n    <\/div>\n\n\n\n<div class=\"wp-block-column is-vertically-aligned-center is-layout-flow wp-block-column-is-layout-flow\">\n<figure class=\"wp-block-image aligncenter size-full\"><img decoding=\"async\" width=\"300\" height=\"300\" src=\"https:\/\/d2ris6qfzcz0wn.cloudfront.net\/wp-content\/uploads\/sites\/24\/2024\/04\/E-Lindstrom-300x300-1.png\" alt=\"\" class=\"wp-image-17872\" srcset=\"https:\/\/d2ris6qfzcz0wn.cloudfront.net\/wp-content\/uploads\/sites\/24\/2024\/04\/E-Lindstrom-300x300-1.png 300w, https:\/\/d2ris6qfzcz0wn.cloudfront.net\/wp-content\/uploads\/sites\/24\/2024\/04\/E-Lindstrom-300x300-1-150x150.png 150w\" sizes=\"(max-width: 300px) 100vw, 300px\" \/><\/figure>\n<\/div>\n<\/div>\n\n\n    <\/div>\n<\/div>\n\n\n\n<!-- HTML -->\n            <div\n            id=\"block_c6cd7831db441374504cfca619e674ae\"\n            class=\"banner-cta banner-cta--block_c6cd7831db441374504cfca619e674ae  relative\"\n        >\n            <div class=\"banner-cta__background\" style=\"background-color: #E52330\"><\/div>\n            <div\n                class=\"flex gap-3 min-h-[100px] content-center self-stretch flex-wrap lindstrom-container lindstrom-container--content banner-cta__content banner-cta__content--horizontal\">\n                <div class=\"flex-grow flex-shrink-0 basis-0 min-w-[270px] w-full banner-cta__text\">\n                                            <h3 class=\"font-bold mt-0 !mb-1 !text-white text-title-small\">\n                            Ha m\u00e1r van eLindstr\u00f6m fi\u00f3kja:                        <\/h3>\n                                                            <p class=\"m-0 !text-white !text-body\">\n                        Szolg\u00e1ltat\u00e1sainkat az eLindtrs\u00f6m oldalon a nap 24 \u00f3r\u00e1j\u00e1ban \u00e9s a h\u00e9t mindennapj\u00e1n (24\/7) online el\u00e9rheti!                    <\/p>\n                                    <\/div>\n                \n                                    <div class=\"flex flex-wrap items-start gap-4\">\n                                            <div class=\"flex h-10 border-2 border-white rounded-full banner-cta__button button-outlined--white\">\n                            <a\n                                class=\"!no-underline !text-white bg-transparent py-3 px-5 pr-4 font-bold text-[15px]\/[21px] flex items-center gap-3\"\n                                href=\"https:\/\/account.lindstromgroup.com\"\n                                target=\"_blank\"\n                            >\n                                Bejelentkez\u00e9s                                                                    <span class=\"material-symbols-outlined !text-[35px]\">arrow_right_alt<\/span>\n                                                            <\/a>\n                        <\/div>\n                                                                <\/div>\n                            <\/div>\n        <\/div>\n    \n\n\n<div\n    class=\"lindstrom-container-wrapper lindstrom-container lindstrom-container--block_d1a85f8ba6acbbc3fd2d331b48ad7d79 \"\n    id=\"block_d1a85f8ba6acbbc3fd2d331b48ad7d79\"\n    style=\"background-color: #ffffff\"\n    >\n    <div class=\"lindstrom-container lindstrom-container--content items-stretch\">\n        \n    <\/div>\n<\/div>\n","protected":false},"excerpt":{"rendered":"","protected":false},"author":14,"featured_media":0,"parent":0,"menu_order":0,"comment_status":"closed","ping_status":"closed","template":"","meta":{"_acf_changed":false,"inline_featured_image":false,"_eb_attr":"","site-sidebar-layout":"default","site-content-layout":"","ast-site-content-layout":"default","site-content-style":"default","site-sidebar-style":"default","ast-global-header-display":"","ast-banner-title-visibility":"","ast-main-header-display":"","ast-hfb-above-header-display":"","ast-hfb-below-header-display":"","ast-hfb-mobile-header-display":"","site-post-title":"","ast-breadcrumbs-content":"","ast-featured-img":"","footer-sml-layout":"","ast-disable-related-posts":"","theme-transparent-header-meta":"","adv-header-id-meta":"","stick-header-meta":"","header-above-stick-meta":"","header-main-stick-meta":"","header-below-stick-meta":"","astra-migrate-meta-layouts":"default","ast-page-background-enabled":"default","ast-page-background-meta":{"desktop":{"background-color":"var(--ast-global-color-4)","background-image":"","background-repeat":"repeat","background-position":"center center","background-size":"auto","background-attachment":"scroll","background-type":"","background-media":"","overlay-type":"","overlay-color":"","overlay-opacity":"","overlay-gradient":""},"tablet":{"background-color":"","background-image":"","background-repeat":"repeat","background-position":"center center","background-size":"auto","background-attachment":"scroll","background-type":"","background-media":"","overlay-type":"","overlay-color":"","overlay-opacity":"","overlay-gradient":""},"mobile":{"background-color":"","background-image":"","background-repeat":"repeat","background-position":"center center","background-size":"auto","background-attachment":"scroll","background-type":"","background-media":"","overlay-type":"","overlay-color":"","overlay-opacity":"","overlay-gradient":""}},"ast-content-background-meta":{"desktop":{"background-color":"var(--ast-global-color-5)","background-image":"","background-repeat":"repeat","background-position":"center center","background-size":"auto","background-attachment":"scroll","background-type":"","background-media":"","overlay-type":"","overlay-color":"","overlay-opacity":"","overlay-gradient":""},"tablet":{"background-color":"var(--ast-global-color-5)","background-image":"","background-repeat":"repeat","background-position":"center center","background-size":"auto","background-attachment":"scroll","background-type":"","background-media":"","overlay-type":"","overlay-color":"","overlay-opacity":"","overlay-gradient":""},"mobile":{"background-color":"var(--ast-global-color-5)","background-image":"","background-repeat":"repeat","background-position":"center center","background-size":"auto","background-attachment":"scroll","background-type":"","background-media":"","overlay-type":"","overlay-color":"","overlay-opacity":"","overlay-gradient":""}},"footnotes":""},"coauthors":[20],"class_list":["post-17854","page","type-page","status-publish","hentry"],"acf":[],"yoast_head":"<!-- This site is optimized with the Yoast SEO plugin v27.2 - https:\/\/yoast.com\/product\/yoast-seo-wordpress\/ -->\n<title>eLindstr\u00f6m - Lindstr\u00f6m Magyarorsz\u00e1g<\/title>\n<meta name=\"robots\" content=\"index, follow, max-snippet:-1, max-image-preview:large, max-video-preview:-1\" \/>\n<meta property=\"og:locale\" content=\"hu_HU\" \/>\n<meta property=\"og:type\" content=\"article\" \/>\n<meta property=\"og:title\" content=\"eLindstr\u00f6m - Lindstr\u00f6m Magyarorsz\u00e1g\" \/>\n<meta property=\"og:url\" content=\"https:\/\/lindstromgroup.com\/hu\/elindstrom\/\" \/>\n<meta property=\"og:site_name\" content=\"Lindstr\u00f6m Magyarorsz\u00e1g\" \/>\n<meta property=\"article:modified_time\" content=\"2024-10-16T18:24:55+00:00\" \/>\n<meta property=\"og:image\" content=\"https:\/\/lindstromgroup.com\/hu\/wp-content\/uploads\/sites\/24\/2024\/10\/eLindstrom-1024x400.jpg\" \/>\n<meta name=\"twitter:card\" content=\"summary_large_image\" \/>\n<meta name=\"twitter:label1\" content=\"Becs\u00fclt olvas\u00e1si id\u0151\" \/>\n\t<meta name=\"twitter:data1\" content=\"2 perc\" \/>\n\t<meta name=\"twitter:label2\" content=\"Written by\" \/>\n\t<meta name=\"twitter:data2\" content=\"Lindstr\u00f6m Group\" \/>\n<script type=\"application\/ld+json\" class=\"yoast-schema-graph\">{\"@context\":\"https:\/\/schema.org\",\"@graph\":[{\"@type\":\"WebPage\",\"@id\":\"https:\/\/lindstromgroup.com\/hu\/elindstrom\/\",\"url\":\"https:\/\/lindstromgroup.com\/hu\/elindstrom\/\",\"name\":\"eLindstr\u00f6m - Lindstr\u00f6m Magyarorsz\u00e1g\",\"isPartOf\":{\"@id\":\"https:\/\/lindstromgroup.com\/hu\/#website\"},\"primaryImageOfPage\":{\"@id\":\"https:\/\/lindstromgroup.com\/hu\/elindstrom\/#primaryimage\"},\"image\":{\"@id\":\"https:\/\/lindstromgroup.com\/hu\/elindstrom\/#primaryimage\"},\"thumbnailUrl\":\"https:\/\/lindstromgroup.com\/hu\/wp-content\/uploads\/sites\/24\/2024\/10\/eLindstrom-1024x400.jpg\",\"datePublished\":\"2024-04-19T13:19:04+00:00\",\"dateModified\":\"2024-10-16T18:24:55+00:00\",\"breadcrumb\":{\"@id\":\"https:\/\/lindstromgroup.com\/hu\/elindstrom\/#breadcrumb\"},\"inLanguage\":\"hu\",\"potentialAction\":[{\"@type\":\"ReadAction\",\"target\":[\"https:\/\/lindstromgroup.com\/hu\/elindstrom\/\"]}]},{\"@type\":\"ImageObject\",\"inLanguage\":\"hu\",\"@id\":\"https:\/\/lindstromgroup.com\/hu\/elindstrom\/#primaryimage\",\"url\":\"https:\/\/d2ris6qfzcz0wn.cloudfront.net\/wp-content\/uploads\/sites\/24\/2024\/10\/eLindstrom.jpg\",\"contentUrl\":\"https:\/\/d2ris6qfzcz0wn.cloudfront.net\/wp-content\/uploads\/sites\/24\/2024\/10\/eLindstrom.jpg\",\"width\":1145,\"height\":447},{\"@type\":\"BreadcrumbList\",\"@id\":\"https:\/\/lindstromgroup.com\/hu\/elindstrom\/#breadcrumb\",\"itemListElement\":[{\"@type\":\"ListItem\",\"position\":1,\"name\":\"Home\",\"item\":\"https:\/\/lindstromgroup.com\/hu\/\"},{\"@type\":\"ListItem\",\"position\":2,\"name\":\"eLindstr\u00f6m\"}]},{\"@type\":\"WebSite\",\"@id\":\"https:\/\/lindstromgroup.com\/hu\/#website\",\"url\":\"https:\/\/lindstromgroup.com\/hu\/\",\"name\":\"Lindstr\u00f6m Magyarorsz\u00e1g\",\"description\":\"\",\"publisher\":{\"@id\":\"https:\/\/lindstromgroup.com\/hu\/#organization\"},\"potentialAction\":[{\"@type\":\"SearchAction\",\"target\":{\"@type\":\"EntryPoint\",\"urlTemplate\":\"https:\/\/lindstromgroup.com\/hu\/?s={search_term_string}\"},\"query-input\":{\"@type\":\"PropertyValueSpecification\",\"valueRequired\":true,\"valueName\":\"search_term_string\"}}],\"inLanguage\":\"hu\"},{\"@type\":\"Organization\",\"@id\":\"https:\/\/lindstromgroup.com\/hu\/#organization\",\"name\":\"Lindstr\u00f6m Magyarorsz\u00e1g\",\"url\":\"https:\/\/lindstromgroup.com\/hu\/\",\"logo\":{\"@type\":\"ImageObject\",\"inLanguage\":\"hu\",\"@id\":\"https:\/\/lindstromgroup.com\/hu\/#\/schema\/logo\/image\/\",\"url\":\"https:\/\/d2ris6qfzcz0wn.cloudfront.net\/wp-content\/uploads\/sites\/24\/2023\/10\/Logo512.png\",\"contentUrl\":\"https:\/\/d2ris6qfzcz0wn.cloudfront.net\/wp-content\/uploads\/sites\/24\/2023\/10\/Logo512.png\",\"width\":512,\"height\":109,\"caption\":\"Lindstr\u00f6m Magyarorsz\u00e1g\"},\"image\":{\"@id\":\"https:\/\/lindstromgroup.com\/hu\/#\/schema\/logo\/image\/\"}}]}<\/script>\n<!-- \/ Yoast SEO plugin. -->","yoast_head_json":{"title":"eLindstr\u00f6m - Lindstr\u00f6m Magyarorsz\u00e1g","robots":{"index":"index","follow":"follow","max-snippet":"max-snippet:-1","max-image-preview":"max-image-preview:large","max-video-preview":"max-video-preview:-1"},"og_locale":"hu_HU","og_type":"article","og_title":"eLindstr\u00f6m - Lindstr\u00f6m Magyarorsz\u00e1g","og_url":"https:\/\/lindstromgroup.com\/hu\/elindstrom\/","og_site_name":"Lindstr\u00f6m Magyarorsz\u00e1g","article_modified_time":"2024-10-16T18:24:55+00:00","og_image":[{"url":"https:\/\/lindstromgroup.com\/hu\/wp-content\/uploads\/sites\/24\/2024\/10\/eLindstrom-1024x400.jpg","type":"","width":"","height":""}],"twitter_card":"summary_large_image","twitter_misc":{"Becs\u00fclt olvas\u00e1si id\u0151":"2 perc","Written by":"Lindstr\u00f6m Group"},"schema":{"@context":"https:\/\/schema.org","@graph":[{"@type":"WebPage","@id":"https:\/\/lindstromgroup.com\/hu\/elindstrom\/","url":"https:\/\/lindstromgroup.com\/hu\/elindstrom\/","name":"eLindstr\u00f6m - Lindstr\u00f6m Magyarorsz\u00e1g","isPartOf":{"@id":"https:\/\/lindstromgroup.com\/hu\/#website"},"primaryImageOfPage":{"@id":"https:\/\/lindstromgroup.com\/hu\/elindstrom\/#primaryimage"},"image":{"@id":"https:\/\/lindstromgroup.com\/hu\/elindstrom\/#primaryimage"},"thumbnailUrl":"https:\/\/lindstromgroup.com\/hu\/wp-content\/uploads\/sites\/24\/2024\/10\/eLindstrom-1024x400.jpg","datePublished":"2024-04-19T13:19:04+00:00","dateModified":"2024-10-16T18:24:55+00:00","breadcrumb":{"@id":"https:\/\/lindstromgroup.com\/hu\/elindstrom\/#breadcrumb"},"inLanguage":"hu","potentialAction":[{"@type":"ReadAction","target":["https:\/\/lindstromgroup.com\/hu\/elindstrom\/"]}]},{"@type":"ImageObject","inLanguage":"hu","@id":"https:\/\/lindstromgroup.com\/hu\/elindstrom\/#primaryimage","url":"https:\/\/d2ris6qfzcz0wn.cloudfront.net\/wp-content\/uploads\/sites\/24\/2024\/10\/eLindstrom.jpg","contentUrl":"https:\/\/d2ris6qfzcz0wn.cloudfront.net\/wp-content\/uploads\/sites\/24\/2024\/10\/eLindstrom.jpg","width":1145,"height":447},{"@type":"BreadcrumbList","@id":"https:\/\/lindstromgroup.com\/hu\/elindstrom\/#breadcrumb","itemListElement":[{"@type":"ListItem","position":1,"name":"Home","item":"https:\/\/lindstromgroup.com\/hu\/"},{"@type":"ListItem","position":2,"name":"eLindstr\u00f6m"}]},{"@type":"WebSite","@id":"https:\/\/lindstromgroup.com\/hu\/#website","url":"https:\/\/lindstromgroup.com\/hu\/","name":"Lindstr\u00f6m Magyarorsz\u00e1g","description":"","publisher":{"@id":"https:\/\/lindstromgroup.com\/hu\/#organization"},"potentialAction":[{"@type":"SearchAction","target":{"@type":"EntryPoint","urlTemplate":"https:\/\/lindstromgroup.com\/hu\/?s={search_term_string}"},"query-input":{"@type":"PropertyValueSpecification","valueRequired":true,"valueName":"search_term_string"}}],"inLanguage":"hu"},{"@type":"Organization","@id":"https:\/\/lindstromgroup.com\/hu\/#organization","name":"Lindstr\u00f6m Magyarorsz\u00e1g","url":"https:\/\/lindstromgroup.com\/hu\/","logo":{"@type":"ImageObject","inLanguage":"hu","@id":"https:\/\/lindstromgroup.com\/hu\/#\/schema\/logo\/image\/","url":"https:\/\/d2ris6qfzcz0wn.cloudfront.net\/wp-content\/uploads\/sites\/24\/2023\/10\/Logo512.png","contentUrl":"https:\/\/d2ris6qfzcz0wn.cloudfront.net\/wp-content\/uploads\/sites\/24\/2023\/10\/Logo512.png","width":512,"height":109,"caption":"Lindstr\u00f6m Magyarorsz\u00e1g"},"image":{"@id":"https:\/\/lindstromgroup.com\/hu\/#\/schema\/logo\/image\/"}}]}},"publishpress_future_workflow_manual_trigger":{"enabledWorkflows":[]},"distributor_meta":false,"distributor_terms":false,"distributor_media":false,"distributor_original_site_name":"Lindstr\u00f6m Magyarorsz\u00e1g","distributor_original_site_url":"https:\/\/lindstromgroup.com\/hu","push-errors":false,"_links":{"self":[{"href":"https:\/\/lindstromgroup.com\/hu\/wp-json\/wp\/v2\/pages\/17854","targetHints":{"allow":["GET"]}}],"collection":[{"href":"https:\/\/lindstromgroup.com\/hu\/wp-json\/wp\/v2\/pages"}],"about":[{"href":"https:\/\/lindstromgroup.com\/hu\/wp-json\/wp\/v2\/types\/page"}],"author":[{"embeddable":true,"href":"https:\/\/lindstromgroup.com\/hu\/wp-json\/wp\/v2\/users\/14"}],"replies":[{"embeddable":true,"href":"https:\/\/lindstromgroup.com\/hu\/wp-json\/wp\/v2\/comments?post=17854"}],"version-history":[{"count":0,"href":"https:\/\/lindstromgroup.com\/hu\/wp-json\/wp\/v2\/pages\/17854\/revisions"}],"wp:attachment":[{"href":"https:\/\/lindstromgroup.com\/hu\/wp-json\/wp\/v2\/media?parent=17854"}],"wp:term":[{"taxonomy":"author","embeddable":true,"href":"https:\/\/lindstromgroup.com\/hu\/wp-json\/wp\/v2\/coauthors?post=17854"}],"curies":[{"name":"wp","href":"https:\/\/api.w.org\/{rel}","templated":true}]}}