
    {"id":16873,"date":"2024-07-01T17:18:36","date_gmt":"2024-07-01T15:18:36","guid":{"rendered":"https:\/\/lindstromgroup.com\/hr\/?page_id=16873"},"modified":"2024-07-01T17:21:16","modified_gmt":"2024-07-01T15:21:16","slug":"mini-prirucnik-za-pomoc-pri-odabiru-odgovarajuce-radne-odjece","status":"publish","type":"page","link":"https:\/\/lindstromgroup.com\/hr\/mini-prirucnik-za-pomoc-pri-odabiru-odgovarajuce-radne-odjece\/","title":{"rendered":"Mini priru\u010dnik za pomo\u0107 pri odabiru odgovaraju\u0107e radne odje\u0107e"},"content":{"rendered":"\n<p><\/p>\n\n\n\n        <style>\n            .lindstrom-container--block_dbe2fdc12fc96494a66557727a6ee008 {                \n                padding-top: 35px;\n                padding-bottom: 35px;\n            }\n\n            @media screen and (min-width: 768px) {\n                .lindstrom-container--block_dbe2fdc12fc96494a66557727a6ee008 {\n                    padding-top: 75px;\n                    padding-bottom: 75px;\n                }\n            }\n        <\/style>\n    \n<div\n    class=\"lindstrom-container-wrapper lindstrom-container lindstrom-container--block_dbe2fdc12fc96494a66557727a6ee008 \"\n    id=\"block_dbe2fdc12fc96494a66557727a6ee008\"\n    style=\"background-color: #ffffff\"\n    >\n    <div class=\"lindstrom-container lindstrom-container--text items-stretch\">\n        \n\n<div class=\"wp-block-columns is-layout-flex wp-container-core-columns-is-layout-28f84493 wp-block-columns-is-layout-flex\">\n<div class=\"wp-block-column is-layout-flow wp-block-column-is-layout-flow\">\n<h3 class=\"wp-block-heading\" id=\"hs_cos_wrapper_module_13885066546126190_title\">Unesite svoje podatke kako biste dobili svoj mini vodi\u010d za radnu odje\u0107u<\/h3>\n\n\n\n<ul class=\"has-body-font-size wp-block-list\">\n<li>&#8211; Kupovati ili iznajmljivati radnu odje\u0107u?<\/li>\n\n\n\n<li>&#8211; Kako osigurati da va\u0161a radna odje\u0107a bude u skladu s zakonodavnim propisima?<\/li>\n\n\n\n<li>&#8211; Suo\u010dite se sa zahtjevima va\u0161e poslovne industrije.<\/li>\n\n\n\n<li>&#8211; Svaka industrija zahtijeva razli\u010dite funkcionalne zna\u010dajke od radne odje\u0107e.<\/li>\n\n\n\n<li>&#8211; Koje su glavne razlike izme\u0111u iznajmljivanja i kupovine radne odje\u0107e?<\/li>\n<\/ul>\n\n\n\n<figure class=\"wp-block-image size-large\"><img decoding=\"async\" width=\"1024\" height=\"791\" src=\"https:\/\/d2ris6qfzcz0wn.cloudfront.net\/wp-content\/uploads\/sites\/16\/2024\/07\/mini-prirocnik-1-1024x791.jpg\" alt=\"\" class=\"wp-image-16874\" srcset=\"https:\/\/d2ris6qfzcz0wn.cloudfront.net\/wp-content\/uploads\/sites\/16\/2024\/07\/mini-prirocnik-1-1024x791.jpg 1024w, https:\/\/d2ris6qfzcz0wn.cloudfront.net\/wp-content\/uploads\/sites\/16\/2024\/07\/mini-prirocnik-1-300x232.jpg 300w, https:\/\/d2ris6qfzcz0wn.cloudfront.net\/wp-content\/uploads\/sites\/16\/2024\/07\/mini-prirocnik-1-768x593.jpg 768w, https:\/\/d2ris6qfzcz0wn.cloudfront.net\/wp-content\/uploads\/sites\/16\/2024\/07\/mini-prirocnik-1.jpg 1053w\" sizes=\"(max-width: 1024px) 100vw, 1024px\" \/><\/figure>\n<\/div>\n\n\n\n<div class=\"wp-block-column is-layout-flow wp-block-column-is-layout-flow\">\n    <div id=\"hubspot-contact-form-block_b32789d0b9594608b1335c8470b2e9f7\" class=\"hubspot-contact-form\">\n        \n        \n        <div class=\"form-wrapper\"><\/div>\n        <div class=\"editor-message\">\n            Please set a valid form ID.\n        <\/div>\n    <\/div>\n\n<script>\n    \/**\n     * Generate dynamic init form function name to prevent it get re-initialized if there are multiple forms in a page\n     *\/\n    function initForm_69d33f7d54fb6() {\n        \/\/ retry until hubspot script is initialized\n        if (typeof hbspt !== \"undefined\") {\n            hbspt.forms.create({\n                region: \"eu1\",\n                portalId: \"2758505\",\n                formId: \"8c3671d0-4771-4768-9a44-e50567bff9e1\",\n                target: `#hubspot-contact-form-block_b32789d0b9594608b1335c8470b2e9f7 .form-wrapper`,\n                onFormReady: (arg) => {\n                    const hasFeaturedField = 0;\n                    if (!hasFeaturedField) {\n                        return\n                    }\n    \n                    \/\/ in case the featured field is not available in the form\n                    const featuredField = document.querySelector(`#hubspot-contact-form-block_b32789d0b9594608b1335c8470b2e9f7 .none`);\n                    if (!featuredField) {\n                        return\n                    }\n    \n                    \/\/ only support checkbox field for now\n                    convertCheckboxFeaturedField(featuredField)                \n                }\n            });\n            return;\n        }\n\n        setTimeout(initForm_69d33f7d54fb6, 250);\n    }\n\n    function convertCheckboxFeaturedField(featuredField) {\n        const fieldsetWrapper = featuredField.parentElement\n        \n        \/\/ add the featured field class to the wrapper fieldset element\n        \/\/ transform the featured field's UI via CSS\n        fieldsetWrapper.classList.add('featured-field')\n\n        \/\/ calculate and add enough space to display the featured field on top of the form\n        calculateFeaturedFieldSize(fieldsetWrapper)\n        window.addEventListener('resize', () => {\n            calculateFeaturedFieldSize(fieldsetWrapper)\n        })\n    }\n    \n    function calculateFeaturedFieldSize (fieldsetWrapper) {\n        fieldsetWrapper\n            .closest('.hubspot-contact-form--has-featured-field')\n            .style\n            .paddingTop = fieldsetWrapper.offsetHeight + 50 + 'px';\n    }    \n\n    initForm_69d33f7d54fb6();\n<\/script>\n<\/div>\n<\/div>\n\n\n    <\/div>\n<\/div>\n","protected":false},"excerpt":{"rendered":"","protected":false},"author":44,"featured_media":16875,"parent":0,"menu_order":0,"comment_status":"closed","ping_status":"closed","template":"","meta":{"_acf_changed":false,"inline_featured_image":false,"_eb_attr":"","site-sidebar-layout":"default","site-content-layout":"","ast-site-content-layout":"default","site-content-style":"default","site-sidebar-style":"default","ast-global-header-display":"","ast-banner-title-visibility":"","ast-main-header-display":"","ast-hfb-above-header-display":"","ast-hfb-below-header-display":"","ast-hfb-mobile-header-display":"","site-post-title":"","ast-breadcrumbs-content":"","ast-featured-img":"","footer-sml-layout":"","ast-disable-related-posts":"","theme-transparent-header-meta":"","adv-header-id-meta":"","stick-header-meta":"","header-above-stick-meta":"","header-main-stick-meta":"","header-below-stick-meta":"","astra-migrate-meta-layouts":"default","ast-page-background-enabled":"default","ast-page-background-meta":{"desktop":{"background-color":"var(--ast-global-color-4)","background-image":"","background-repeat":"repeat","background-position":"center center","background-size":"auto","background-attachment":"scroll","background-type":"","background-media":"","overlay-type":"","overlay-color":"","overlay-opacity":"","overlay-gradient":""},"tablet":{"background-color":"","background-image":"","background-repeat":"repeat","background-position":"center center","background-size":"auto","background-attachment":"scroll","background-type":"","background-media":"","overlay-type":"","overlay-color":"","overlay-opacity":"","overlay-gradient":""},"mobile":{"background-color":"","background-image":"","background-repeat":"repeat","background-position":"center center","background-size":"auto","background-attachment":"scroll","background-type":"","background-media":"","overlay-type":"","overlay-color":"","overlay-opacity":"","overlay-gradient":""}},"ast-content-background-meta":{"desktop":{"background-color":"var(--ast-global-color-5)","background-image":"","background-repeat":"repeat","background-position":"center center","background-size":"auto","background-attachment":"scroll","background-type":"","background-media":"","overlay-type":"","overlay-color":"","overlay-opacity":"","overlay-gradient":""},"tablet":{"background-color":"var(--ast-global-color-5)","background-image":"","background-repeat":"repeat","background-position":"center center","background-size":"auto","background-attachment":"scroll","background-type":"","background-media":"","overlay-type":"","overlay-color":"","overlay-opacity":"","overlay-gradient":""},"mobile":{"background-color":"var(--ast-global-color-5)","background-image":"","background-repeat":"repeat","background-position":"center center","background-size":"auto","background-attachment":"scroll","background-type":"","background-media":"","overlay-type":"","overlay-color":"","overlay-opacity":"","overlay-gradient":""}},"footnotes":""},"coauthors":[22],"class_list":["post-16873","page","type-page","status-publish","has-post-thumbnail","hentry"],"acf":[],"yoast_head":"<!-- This site is optimized with the Yoast SEO plugin v27.2 - https:\/\/yoast.com\/product\/yoast-seo-wordpress\/ -->\n<title>Mini priru\u010dnik za pomo\u0107 pri odabiru odgovaraju\u0107e radne odje\u0107e - Lindstr\u00f6m Croatia<\/title>\n<meta name=\"robots\" content=\"index, follow, max-snippet:-1, max-image-preview:large, max-video-preview:-1\" \/>\n<meta property=\"og:locale\" content=\"hr_HR\" \/>\n<meta property=\"og:type\" content=\"article\" \/>\n<meta property=\"og:title\" content=\"Mini priru\u010dnik za pomo\u0107 pri odabiru odgovaraju\u0107e radne odje\u0107e - Lindstr\u00f6m Croatia\" \/>\n<meta property=\"og:url\" content=\"https:\/\/lindstromgroup.com\/hr\/mini-prirucnik-za-pomoc-pri-odabiru-odgovarajuce-radne-odjece\/\" \/>\n<meta property=\"og:site_name\" content=\"Lindstr\u00f6m Croatia\" \/>\n<meta property=\"article:modified_time\" content=\"2024-07-01T15:21:16+00:00\" \/>\n<meta property=\"og:image\" content=\"https:\/\/d2ris6qfzcz0wn.cloudfront.net\/wp-content\/uploads\/sites\/16\/2024\/07\/mini-prirocnik-1400x933-1.jpg\" \/>\n\t<meta property=\"og:image:width\" content=\"1400\" \/>\n\t<meta property=\"og:image:height\" content=\"933\" \/>\n\t<meta property=\"og:image:type\" content=\"image\/jpeg\" \/>\n<meta name=\"twitter:card\" content=\"summary_large_image\" \/>\n<meta name=\"twitter:label1\" content=\"Procijenjeno vrijeme \u010ditanja\" \/>\n\t<meta name=\"twitter:data1\" content=\"1 minuta\" \/>\n\t<meta name=\"twitter:label2\" content=\"Written by\" \/>\n\t<meta name=\"twitter:data2\" content=\"anzefrantar\" \/>\n<script type=\"application\/ld+json\" class=\"yoast-schema-graph\">{\"@context\":\"https:\/\/schema.org\",\"@graph\":[{\"@type\":\"WebPage\",\"@id\":\"https:\/\/lindstromgroup.com\/hr\/mini-prirucnik-za-pomoc-pri-odabiru-odgovarajuce-radne-odjece\/\",\"url\":\"https:\/\/lindstromgroup.com\/hr\/mini-prirucnik-za-pomoc-pri-odabiru-odgovarajuce-radne-odjece\/\",\"name\":\"Mini priru\u010dnik za pomo\u0107 pri odabiru odgovaraju\u0107e radne odje\u0107e - Lindstr\u00f6m Croatia\",\"isPartOf\":{\"@id\":\"https:\/\/lindstromgroup.com\/hr\/#website\"},\"primaryImageOfPage\":{\"@id\":\"https:\/\/lindstromgroup.com\/hr\/mini-prirucnik-za-pomoc-pri-odabiru-odgovarajuce-radne-odjece\/#primaryimage\"},\"image\":{\"@id\":\"https:\/\/lindstromgroup.com\/hr\/mini-prirucnik-za-pomoc-pri-odabiru-odgovarajuce-radne-odjece\/#primaryimage\"},\"thumbnailUrl\":\"https:\/\/d2ris6qfzcz0wn.cloudfront.net\/wp-content\/uploads\/sites\/16\/2024\/07\/mini-prirocnik-1400x933-1.jpg\",\"datePublished\":\"2024-07-01T15:18:36+00:00\",\"dateModified\":\"2024-07-01T15:21:16+00:00\",\"breadcrumb\":{\"@id\":\"https:\/\/lindstromgroup.com\/hr\/mini-prirucnik-za-pomoc-pri-odabiru-odgovarajuce-radne-odjece\/#breadcrumb\"},\"inLanguage\":\"hr\",\"potentialAction\":[{\"@type\":\"ReadAction\",\"target\":[\"https:\/\/lindstromgroup.com\/hr\/mini-prirucnik-za-pomoc-pri-odabiru-odgovarajuce-radne-odjece\/\"]}]},{\"@type\":\"ImageObject\",\"inLanguage\":\"hr\",\"@id\":\"https:\/\/lindstromgroup.com\/hr\/mini-prirucnik-za-pomoc-pri-odabiru-odgovarajuce-radne-odjece\/#primaryimage\",\"url\":\"https:\/\/d2ris6qfzcz0wn.cloudfront.net\/wp-content\/uploads\/sites\/16\/2024\/07\/mini-prirocnik-1400x933-1.jpg\",\"contentUrl\":\"https:\/\/d2ris6qfzcz0wn.cloudfront.net\/wp-content\/uploads\/sites\/16\/2024\/07\/mini-prirocnik-1400x933-1.jpg\",\"width\":1400,\"height\":933},{\"@type\":\"BreadcrumbList\",\"@id\":\"https:\/\/lindstromgroup.com\/hr\/mini-prirucnik-za-pomoc-pri-odabiru-odgovarajuce-radne-odjece\/#breadcrumb\",\"itemListElement\":[{\"@type\":\"ListItem\",\"position\":1,\"name\":\"Home\",\"item\":\"https:\/\/lindstromgroup.com\/hr\/\"},{\"@type\":\"ListItem\",\"position\":2,\"name\":\"Mini priru\u010dnik za pomo\u0107 pri odabiru odgovaraju\u0107e radne odje\u0107e\"}]},{\"@type\":\"WebSite\",\"@id\":\"https:\/\/lindstromgroup.com\/hr\/#website\",\"url\":\"https:\/\/lindstromgroup.com\/hr\/\",\"name\":\"Lindstr\u00f6m Croatia\",\"description\":\"\",\"publisher\":{\"@id\":\"https:\/\/lindstromgroup.com\/hr\/#organization\"},\"potentialAction\":[{\"@type\":\"SearchAction\",\"target\":{\"@type\":\"EntryPoint\",\"urlTemplate\":\"https:\/\/lindstromgroup.com\/hr\/?s={search_term_string}\"},\"query-input\":{\"@type\":\"PropertyValueSpecification\",\"valueRequired\":true,\"valueName\":\"search_term_string\"}}],\"inLanguage\":\"hr\"},{\"@type\":\"Organization\",\"@id\":\"https:\/\/lindstromgroup.com\/hr\/#organization\",\"name\":\"Lindstr\u00f6m Croatia\",\"url\":\"https:\/\/lindstromgroup.com\/hr\/\",\"logo\":{\"@type\":\"ImageObject\",\"inLanguage\":\"hr\",\"@id\":\"https:\/\/lindstromgroup.com\/hr\/#\/schema\/logo\/image\/\",\"url\":\"https:\/\/d2ris6qfzcz0wn.cloudfront.net\/wp-content\/uploads\/sites\/12\/2023\/10\/Logo512.png\",\"contentUrl\":\"https:\/\/d2ris6qfzcz0wn.cloudfront.net\/wp-content\/uploads\/sites\/12\/2023\/10\/Logo512.png\",\"width\":512,\"height\":109,\"caption\":\"Lindstr\u00f6m Croatia\"},\"image\":{\"@id\":\"https:\/\/lindstromgroup.com\/hr\/#\/schema\/logo\/image\/\"}}]}<\/script>\n<!-- \/ Yoast SEO plugin. -->","yoast_head_json":{"title":"Mini priru\u010dnik za pomo\u0107 pri odabiru odgovaraju\u0107e radne odje\u0107e - Lindstr\u00f6m Croatia","robots":{"index":"index","follow":"follow","max-snippet":"max-snippet:-1","max-image-preview":"max-image-preview:large","max-video-preview":"max-video-preview:-1"},"og_locale":"hr_HR","og_type":"article","og_title":"Mini priru\u010dnik za pomo\u0107 pri odabiru odgovaraju\u0107e radne odje\u0107e - Lindstr\u00f6m Croatia","og_url":"https:\/\/lindstromgroup.com\/hr\/mini-prirucnik-za-pomoc-pri-odabiru-odgovarajuce-radne-odjece\/","og_site_name":"Lindstr\u00f6m Croatia","article_modified_time":"2024-07-01T15:21:16+00:00","og_image":[{"width":1400,"height":933,"url":"https:\/\/d2ris6qfzcz0wn.cloudfront.net\/wp-content\/uploads\/sites\/16\/2024\/07\/mini-prirocnik-1400x933-1.jpg","type":"image\/jpeg"}],"twitter_card":"summary_large_image","twitter_misc":{"Procijenjeno vrijeme \u010ditanja":"1 minuta","Written by":"anzefrantar"},"schema":{"@context":"https:\/\/schema.org","@graph":[{"@type":"WebPage","@id":"https:\/\/lindstromgroup.com\/hr\/mini-prirucnik-za-pomoc-pri-odabiru-odgovarajuce-radne-odjece\/","url":"https:\/\/lindstromgroup.com\/hr\/mini-prirucnik-za-pomoc-pri-odabiru-odgovarajuce-radne-odjece\/","name":"Mini priru\u010dnik za pomo\u0107 pri odabiru odgovaraju\u0107e radne odje\u0107e - Lindstr\u00f6m Croatia","isPartOf":{"@id":"https:\/\/lindstromgroup.com\/hr\/#website"},"primaryImageOfPage":{"@id":"https:\/\/lindstromgroup.com\/hr\/mini-prirucnik-za-pomoc-pri-odabiru-odgovarajuce-radne-odjece\/#primaryimage"},"image":{"@id":"https:\/\/lindstromgroup.com\/hr\/mini-prirucnik-za-pomoc-pri-odabiru-odgovarajuce-radne-odjece\/#primaryimage"},"thumbnailUrl":"https:\/\/d2ris6qfzcz0wn.cloudfront.net\/wp-content\/uploads\/sites\/16\/2024\/07\/mini-prirocnik-1400x933-1.jpg","datePublished":"2024-07-01T15:18:36+00:00","dateModified":"2024-07-01T15:21:16+00:00","breadcrumb":{"@id":"https:\/\/lindstromgroup.com\/hr\/mini-prirucnik-za-pomoc-pri-odabiru-odgovarajuce-radne-odjece\/#breadcrumb"},"inLanguage":"hr","potentialAction":[{"@type":"ReadAction","target":["https:\/\/lindstromgroup.com\/hr\/mini-prirucnik-za-pomoc-pri-odabiru-odgovarajuce-radne-odjece\/"]}]},{"@type":"ImageObject","inLanguage":"hr","@id":"https:\/\/lindstromgroup.com\/hr\/mini-prirucnik-za-pomoc-pri-odabiru-odgovarajuce-radne-odjece\/#primaryimage","url":"https:\/\/d2ris6qfzcz0wn.cloudfront.net\/wp-content\/uploads\/sites\/16\/2024\/07\/mini-prirocnik-1400x933-1.jpg","contentUrl":"https:\/\/d2ris6qfzcz0wn.cloudfront.net\/wp-content\/uploads\/sites\/16\/2024\/07\/mini-prirocnik-1400x933-1.jpg","width":1400,"height":933},{"@type":"BreadcrumbList","@id":"https:\/\/lindstromgroup.com\/hr\/mini-prirucnik-za-pomoc-pri-odabiru-odgovarajuce-radne-odjece\/#breadcrumb","itemListElement":[{"@type":"ListItem","position":1,"name":"Home","item":"https:\/\/lindstromgroup.com\/hr\/"},{"@type":"ListItem","position":2,"name":"Mini priru\u010dnik za pomo\u0107 pri odabiru odgovaraju\u0107e radne odje\u0107e"}]},{"@type":"WebSite","@id":"https:\/\/lindstromgroup.com\/hr\/#website","url":"https:\/\/lindstromgroup.com\/hr\/","name":"Lindstr\u00f6m Croatia","description":"","publisher":{"@id":"https:\/\/lindstromgroup.com\/hr\/#organization"},"potentialAction":[{"@type":"SearchAction","target":{"@type":"EntryPoint","urlTemplate":"https:\/\/lindstromgroup.com\/hr\/?s={search_term_string}"},"query-input":{"@type":"PropertyValueSpecification","valueRequired":true,"valueName":"search_term_string"}}],"inLanguage":"hr"},{"@type":"Organization","@id":"https:\/\/lindstromgroup.com\/hr\/#organization","name":"Lindstr\u00f6m Croatia","url":"https:\/\/lindstromgroup.com\/hr\/","logo":{"@type":"ImageObject","inLanguage":"hr","@id":"https:\/\/lindstromgroup.com\/hr\/#\/schema\/logo\/image\/","url":"https:\/\/d2ris6qfzcz0wn.cloudfront.net\/wp-content\/uploads\/sites\/12\/2023\/10\/Logo512.png","contentUrl":"https:\/\/d2ris6qfzcz0wn.cloudfront.net\/wp-content\/uploads\/sites\/12\/2023\/10\/Logo512.png","width":512,"height":109,"caption":"Lindstr\u00f6m Croatia"},"image":{"@id":"https:\/\/lindstromgroup.com\/hr\/#\/schema\/logo\/image\/"}}]}},"publishpress_future_workflow_manual_trigger":{"enabledWorkflows":[]},"distributor_meta":false,"distributor_terms":false,"distributor_media":false,"distributor_original_site_name":"Lindstr\u00f6m Croatia","distributor_original_site_url":"https:\/\/lindstromgroup.com\/hr","push-errors":false,"_links":{"self":[{"href":"https:\/\/lindstromgroup.com\/hr\/wp-json\/wp\/v2\/pages\/16873","targetHints":{"allow":["GET"]}}],"collection":[{"href":"https:\/\/lindstromgroup.com\/hr\/wp-json\/wp\/v2\/pages"}],"about":[{"href":"https:\/\/lindstromgroup.com\/hr\/wp-json\/wp\/v2\/types\/page"}],"author":[{"embeddable":true,"href":"https:\/\/lindstromgroup.com\/hr\/wp-json\/wp\/v2\/users\/44"}],"replies":[{"embeddable":true,"href":"https:\/\/lindstromgroup.com\/hr\/wp-json\/wp\/v2\/comments?post=16873"}],"version-history":[{"count":0,"href":"https:\/\/lindstromgroup.com\/hr\/wp-json\/wp\/v2\/pages\/16873\/revisions"}],"wp:featuredmedia":[{"embeddable":true,"href":"https:\/\/lindstromgroup.com\/hr\/wp-json\/wp\/v2\/media\/16875"}],"wp:attachment":[{"href":"https:\/\/lindstromgroup.com\/hr\/wp-json\/wp\/v2\/media?parent=16873"}],"wp:term":[{"taxonomy":"author","embeddable":true,"href":"https:\/\/lindstromgroup.com\/hr\/wp-json\/wp\/v2\/coauthors?post=16873"}],"curies":[{"name":"wp","href":"https:\/\/api.w.org\/{rel}","templated":true}]}}