
    {"id":16557,"date":"2024-04-14T23:04:38","date_gmt":"2024-04-14T22:04:38","guid":{"rendered":"https:\/\/lindstromgroup.com\/hr\/?page_id=16557"},"modified":"2025-10-30T15:13:13","modified_gmt":"2025-10-30T13:13:13","slug":"vijesti","status":"publish","type":"page","link":"https:\/\/lindstromgroup.com\/hr\/vijesti\/","title":{"rendered":"Vijesti"},"content":{"rendered":"\n    <div\n        id=\"block_f827239cc8614783c817fa4e86628058\"\n        class=\"hero-sub hero-sub--block_f827239cc8614783c817fa4e86628058  flex flex-col-reverse lg:flex-row justify-between bg-dark-blue text-white\"\n    >        \n        <div class=\"flex flex-col gap-5 pt-10 pb-5 grow px-5 lg:px-20\">\n            <div class=\"flex flex-col justify-center gap-3 grow max-w-[var(--container-text-max)]\">\n                <h1 class=\"!mb-0 !text-white !text-title-medium lg:!text-title-large !font-bold hyphens-auto break-words\">\n                    Aktualne vijesti                <\/h1>\n    \n                <div class=\"hero-sub__description\">\n                    <p>Saznajte vi\u0161e o pojedinostima na\u0161ih usluga za razne industrije.<\/p>\n                <\/div>\n    \n                \n                            <\/div>\n                            <div class=\"font-bold hero-sub__breadcrumb text-body-small\">\n                        <span><span><a href=\"https:\/\/lindstromgroup.com\/hr\/\">Home<\/a><\/span><\/span>                <\/div>\n                    <\/div>\n\n        <div class=\"[&#038;_picture]:w-full flex h-full lg:h-auto max-h-[350px] lg:max-h-none lg:min-h-full w-full lg:w-[650px]\">\n            <img decoding=\"async\"\n                class=\"object-cover w-full h-full\"\n                src=\"https:\/\/d2ris6qfzcz0wn.cloudfront.net\/wp-content\/uploads\/sites\/12\/2024\/01\/008_Lindstrom_hotel_final_hires-1024x683.jpg\"\n                alt=\"Saznajte vi\u0161e o pojedinostima na\u0161ih usluga za razne industrije.\"\n            >\n        <\/div>\n    <\/div>\n\n\n\n        <style>\n            .lindstrom-container--block_8a5dd46c0115efe1d02507987d7a4996 {                \n                padding-top: 35px;\n                padding-bottom: 35px;\n            }\n\n            @media screen and (min-width: 768px) {\n                .lindstrom-container--block_8a5dd46c0115efe1d02507987d7a4996 {\n                    padding-top: 75px;\n                    padding-bottom: 75px;\n                }\n            }\n        <\/style>\n    \n<div\n    class=\"lindstrom-container-wrapper lindstrom-container lindstrom-container--block_8a5dd46c0115efe1d02507987d7a4996 \"\n    id=\"block_8a5dd46c0115efe1d02507987d7a4996\"\n    style=\"background-color: #ffffff\"\n    >\n    <div class=\"lindstrom-container lindstrom-container--content items-stretch\">\n        \n    <form id=\"post-list-with-filter-block_2d28087ec7256f6c919efa768413e44b\" class=\"post-list-with-filter post-list-with-filter--highlight-first-post\">\n        <div class=\"post-list-with-filter__widget\">\n            <h3 class=\"widget__title\">\n                <span class=\"material-symbols-outlined font-bold\">filter_alt<\/span>\n                Filtriraj            <\/h3>        \n            <div class=\"widget__section\">\n                <h3 class=\"widget__title widget__title--section\">Kategorija<\/h3>\n                <div class=\"widget__section-content\">\n                    <select \n                        multiple \n                        class=\"post-list-with-filter__filter-input\" \n                        placeholder=\"Sve kategorije\"\n                        name=\"categories[]\"\n                    >\n                                                    <option\n                                value=\"clanci\"\n                                                            >\n                                \u010clanci                            <\/option>\n                                                    <option\n                                value=\"price-nasih-klijenata\"\n                                                            >\n                                Pri\u010de na\u0161ih klijenata                            <\/option>\n                                            <\/select>\n                <\/div>\n            <\/div>\n            <div class=\"widget__section\">\n                <h3 class=\"widget__title widget__title--section\">Oznake<\/h3>\n                <div class=\"widget__section-content\">\n                    <select \n                        multiple \n                        class=\"post-list-with-filter__filter-input\" \n                        placeholder=\"Sve oznake\"\n                        name=\"tags[]\"\n                    >\n                                                    <option\n                                value=\"ecovadis\"\n                                                            >\n                                #EcoVadis                            <\/option>\n                                                    <option\n                                value=\"en14065\"\n                                                            >\n                                #EN14065                            <\/option>\n                                                    <option\n                                value=\"farmaceutska-industrija\"\n                                                            >\n                                #farmaceutskaindustrija                            <\/option>\n                                                    <option\n                                value=\"gluten-free\"\n                                                            >\n                                #glutenfree                            <\/option>\n                                                    <option\n                                value=\"higijena\"\n                                                            >\n                                #higijena                            <\/option>\n                                                    <option\n                                value=\"horeca\"\n                                                            >\n                                #HoReCa                            <\/option>\n                                                    <option\n                                value=\"ifs-certifikat\"\n                                                            >\n                                #IFScertifikat                            <\/option>\n                                                    <option\n                                value=\"iso-14001\"\n                                                            >\n                                #ISO14001                            <\/option>\n                                                    <option\n                                value=\"iso-9001\"\n                                                            >\n                                #ISO9001                            <\/option>\n                                                    <option\n                                value=\"logistika\"\n                                                            >\n                                #logistika                            <\/option>\n                                                    <option\n                                value=\"odrzivost\"\n                                                            >\n                                #odr\u017eivost                            <\/option>\n                                                    <option\n                                value=\"otiraci\"\n                                                            >\n                                #otira\u010di                            <\/option>\n                                                    <option\n                                value=\"prehrambena-industrija\"\n                                                            >\n                                #prehrambenaindustrija                            <\/option>\n                                                    <option\n                                value=\"radna-odjeca\"\n                                                            >\n                                #radnaodje\u0107a                            <\/option>\n                                                    <option\n                                value=\"sigurnost\"\n                                                            >\n                                #sigurnost                            <\/option>\n                                                    <option\n                                value=\"strojna-i-montazna-industrija\"\n                                                            >\n                                #strojnaimonta\u017enaindustrija                            <\/option>\n                                                    <option\n                                value=\"upravljanje-kvalitetom\"\n                                                            >\n                                #upravljanjekvalitetom                            <\/option>\n                                                    <option\n                                value=\"webinar\"\n                                                            >\n                                #webinar                            <\/option>\n                                                    <option\n                                value=\"zdravstvo\"\n                                                            >\n                                #zdravstvo                            <\/option>\n                                                    <option\n                                value=\"iso45001\"\n                                                            >\n                                ISO45001                            <\/option>\n                                            <\/select>                \n                <\/div>\n            <\/div>\n        <\/div>\n        <div class=\"post-list-with-filter__search\">\n            <input\n                class=\"post-list-with-filter__filter-input\"\n                type=\"text\"\n                name=\"search\"\n                placeholder=\"Tra\u017ei objave\"\n            \/>\n            <span class=\"post-list-with-filter__search-icon material-symbols-outlined\">search<\/span>\n        <\/div>\n        <div class=\"post-list-with-filter__main\">\n            <div class=\"post-list-with-filter__status\">\n                <div class=\"post-list-with-filter__message\"><\/div>\n            <\/div>\n            <div class=\"post-list-with-filter__grid\">\n                <div class=\"post-list-with-filter__message\"> <!-- Will be cleared after first load -->\n                    U\u010ditavam objave                <\/div>\n            <\/div>\n        <\/div>\n                <div class=\"hidden post-list-with-filter__message--no-posts\">\n            Nijedana objava ne odgovara va\u0161em pretra\u017eivanju        <\/div>\n        <div class=\"hidden post-list-with-filter__message--loading\">\n            U\u010ditavam objave        <\/div>\n\n            <\/form>\n\n\n    <\/div>\n<\/div>\n\n\n\n        <style>\n            .lindstrom-container--block_4f7ffccbc9cf9fc358f8c499a8f72ac8 {                \n                padding-top: 35px;\n                padding-bottom: 35px;\n            }\n\n            @media screen and (min-width: 768px) {\n                .lindstrom-container--block_4f7ffccbc9cf9fc358f8c499a8f72ac8 {\n                    padding-top: 75px;\n                    padding-bottom: 75px;\n                }\n            }\n        <\/style>\n    \n<div\n    class=\"lindstrom-container-wrapper lindstrom-container lindstrom-container--block_4f7ffccbc9cf9fc358f8c499a8f72ac8 \"\n    id=\"block_4f7ffccbc9cf9fc358f8c499a8f72ac8\"\n    style=\"background-color: #ffffff\"\n    >\n    <div class=\"lindstrom-container lindstrom-container--content items-stretch\">\n        \n\n<script type=\"text\/javascript\" async src=\"https:\/\/bot.leadoo.com\/bot\/inpage.js?code=fg8ztdc0zx5zcu7l#seamless\"><\/script>\n\n\n    <\/div>\n<\/div>\n","protected":false},"excerpt":{"rendered":"","protected":false},"author":44,"featured_media":16321,"parent":0,"menu_order":0,"comment_status":"closed","ping_status":"closed","template":"","meta":{"_acf_changed":false,"inline_featured_image":false,"_eb_attr":"","site-sidebar-layout":"default","site-content-layout":"","ast-site-content-layout":"default","site-content-style":"default","site-sidebar-style":"default","ast-global-header-display":"","ast-banner-title-visibility":"","ast-main-header-display":"","ast-hfb-above-header-display":"","ast-hfb-below-header-display":"","ast-hfb-mobile-header-display":"","site-post-title":"","ast-breadcrumbs-content":"","ast-featured-img":"","footer-sml-layout":"","ast-disable-related-posts":"","theme-transparent-header-meta":"","adv-header-id-meta":"","stick-header-meta":"","header-above-stick-meta":"","header-main-stick-meta":"","header-below-stick-meta":"","astra-migrate-meta-layouts":"set","ast-page-background-enabled":"default","ast-page-background-meta":{"desktop":{"background-color":"var(--ast-global-color-4)","background-image":"","background-repeat":"repeat","background-position":"center center","background-size":"auto","background-attachment":"scroll","background-type":"","background-media":"","overlay-type":"","overlay-color":"","overlay-opacity":"","overlay-gradient":""},"tablet":{"background-color":"","background-image":"","background-repeat":"repeat","background-position":"center center","background-size":"auto","background-attachment":"scroll","background-type":"","background-media":"","overlay-type":"","overlay-color":"","overlay-opacity":"","overlay-gradient":""},"mobile":{"background-color":"","background-image":"","background-repeat":"repeat","background-position":"center center","background-size":"auto","background-attachment":"scroll","background-type":"","background-media":"","overlay-type":"","overlay-color":"","overlay-opacity":"","overlay-gradient":""}},"ast-content-background-meta":{"desktop":{"background-color":"var(--ast-global-color-5)","background-image":"","background-repeat":"repeat","background-position":"center center","background-size":"auto","background-attachment":"scroll","background-type":"","background-media":"","overlay-type":"","overlay-color":"","overlay-opacity":"","overlay-gradient":""},"tablet":{"background-color":"var(--ast-global-color-5)","background-image":"","background-repeat":"repeat","background-position":"center center","background-size":"auto","background-attachment":"scroll","background-type":"","background-media":"","overlay-type":"","overlay-color":"","overlay-opacity":"","overlay-gradient":""},"mobile":{"background-color":"var(--ast-global-color-5)","background-image":"","background-repeat":"repeat","background-position":"center center","background-size":"auto","background-attachment":"scroll","background-type":"","background-media":"","overlay-type":"","overlay-color":"","overlay-opacity":"","overlay-gradient":""}},"footnotes":""},"coauthors":[22],"class_list":["post-16557","page","type-page","status-publish","has-post-thumbnail","hentry"],"acf":[],"yoast_head":"<!-- This site is optimized with the Yoast SEO plugin v27.2 - https:\/\/yoast.com\/product\/yoast-seo-wordpress\/ -->\n<title>Vijesti - Lindstr\u00f6m Croatia<\/title>\n<meta name=\"description\" content=\"Saznajte vi\u0161e o pojedinostima na\u0161ih usluga za razne industrije.\" \/>\n<meta name=\"robots\" content=\"index, follow, max-snippet:-1, max-image-preview:large, max-video-preview:-1\" \/>\n<meta property=\"og:locale\" content=\"hr_HR\" \/>\n<meta property=\"og:type\" content=\"article\" \/>\n<meta property=\"og:title\" content=\"Vijesti - Lindstr\u00f6m Croatia\" \/>\n<meta property=\"og:description\" content=\"Saznajte vi\u0161e o pojedinostima na\u0161ih usluga za razne industrije.\" \/>\n<meta property=\"og:url\" content=\"https:\/\/lindstromgroup.com\/hr\/vijesti\/\" \/>\n<meta property=\"og:site_name\" content=\"Lindstr\u00f6m Croatia\" \/>\n<meta property=\"article:modified_time\" content=\"2025-10-30T13:13:13+00:00\" \/>\n<meta property=\"og:image\" content=\"https:\/\/d2ris6qfzcz0wn.cloudfront.net\/wp-content\/uploads\/sites\/12\/2024\/01\/008_Lindstrom_hotel_final_hires.jpg\" \/>\n\t<meta property=\"og:image:width\" content=\"1500\" \/>\n\t<meta property=\"og:image:height\" content=\"1001\" \/>\n\t<meta property=\"og:image:type\" content=\"image\/jpeg\" \/>\n<meta name=\"twitter:card\" content=\"summary_large_image\" \/>\n<meta name=\"twitter:label1\" content=\"Procijenjeno vrijeme \u010ditanja\" \/>\n\t<meta name=\"twitter:data1\" content=\"1 minuta\" \/>\n\t<meta name=\"twitter:label2\" content=\"Written by\" \/>\n\t<meta name=\"twitter:data2\" content=\"anzefrantar\" \/>\n<script type=\"application\/ld+json\" class=\"yoast-schema-graph\">{\"@context\":\"https:\/\/schema.org\",\"@graph\":[{\"@type\":\"WebPage\",\"@id\":\"https:\/\/lindstromgroup.com\/hr\/vijesti\/\",\"url\":\"https:\/\/lindstromgroup.com\/hr\/vijesti\/\",\"name\":\"Vijesti - Lindstr\u00f6m Croatia\",\"isPartOf\":{\"@id\":\"https:\/\/lindstromgroup.com\/hr\/#website\"},\"primaryImageOfPage\":{\"@id\":\"https:\/\/lindstromgroup.com\/hr\/vijesti\/#primaryimage\"},\"image\":{\"@id\":\"https:\/\/lindstromgroup.com\/hr\/vijesti\/#primaryimage\"},\"thumbnailUrl\":\"https:\/\/d2ris6qfzcz0wn.cloudfront.net\/wp-content\/uploads\/sites\/12\/2024\/01\/008_Lindstrom_hotel_final_hires.jpg\",\"datePublished\":\"2024-04-14T22:04:38+00:00\",\"dateModified\":\"2025-10-30T13:13:13+00:00\",\"description\":\"Saznajte vi\u0161e o pojedinostima na\u0161ih usluga za razne industrije.\",\"breadcrumb\":{\"@id\":\"https:\/\/lindstromgroup.com\/hr\/vijesti\/#breadcrumb\"},\"inLanguage\":\"hr\",\"potentialAction\":[{\"@type\":\"ReadAction\",\"target\":[\"https:\/\/lindstromgroup.com\/hr\/vijesti\/\"]}]},{\"@type\":\"ImageObject\",\"inLanguage\":\"hr\",\"@id\":\"https:\/\/lindstromgroup.com\/hr\/vijesti\/#primaryimage\",\"url\":\"https:\/\/d2ris6qfzcz0wn.cloudfront.net\/wp-content\/uploads\/sites\/12\/2024\/01\/008_Lindstrom_hotel_final_hires.jpg\",\"contentUrl\":\"https:\/\/d2ris6qfzcz0wn.cloudfront.net\/wp-content\/uploads\/sites\/12\/2024\/01\/008_Lindstrom_hotel_final_hires.jpg\",\"width\":1500,\"height\":1001},{\"@type\":\"BreadcrumbList\",\"@id\":\"https:\/\/lindstromgroup.com\/hr\/vijesti\/#breadcrumb\",\"itemListElement\":[{\"@type\":\"ListItem\",\"position\":1,\"name\":\"Home\",\"item\":\"https:\/\/lindstromgroup.com\/hr\/\"},{\"@type\":\"ListItem\",\"position\":2,\"name\":\"Vijesti\"}]},{\"@type\":\"WebSite\",\"@id\":\"https:\/\/lindstromgroup.com\/hr\/#website\",\"url\":\"https:\/\/lindstromgroup.com\/hr\/\",\"name\":\"Lindstr\u00f6m Croatia\",\"description\":\"\",\"publisher\":{\"@id\":\"https:\/\/lindstromgroup.com\/hr\/#organization\"},\"potentialAction\":[{\"@type\":\"SearchAction\",\"target\":{\"@type\":\"EntryPoint\",\"urlTemplate\":\"https:\/\/lindstromgroup.com\/hr\/?s={search_term_string}\"},\"query-input\":{\"@type\":\"PropertyValueSpecification\",\"valueRequired\":true,\"valueName\":\"search_term_string\"}}],\"inLanguage\":\"hr\"},{\"@type\":\"Organization\",\"@id\":\"https:\/\/lindstromgroup.com\/hr\/#organization\",\"name\":\"Lindstr\u00f6m Croatia\",\"url\":\"https:\/\/lindstromgroup.com\/hr\/\",\"logo\":{\"@type\":\"ImageObject\",\"inLanguage\":\"hr\",\"@id\":\"https:\/\/lindstromgroup.com\/hr\/#\/schema\/logo\/image\/\",\"url\":\"https:\/\/d2ris6qfzcz0wn.cloudfront.net\/wp-content\/uploads\/sites\/12\/2023\/10\/Logo512.png\",\"contentUrl\":\"https:\/\/d2ris6qfzcz0wn.cloudfront.net\/wp-content\/uploads\/sites\/12\/2023\/10\/Logo512.png\",\"width\":512,\"height\":109,\"caption\":\"Lindstr\u00f6m Croatia\"},\"image\":{\"@id\":\"https:\/\/lindstromgroup.com\/hr\/#\/schema\/logo\/image\/\"}}]}<\/script>\n<!-- \/ Yoast SEO plugin. -->","yoast_head_json":{"title":"Vijesti - Lindstr\u00f6m Croatia","description":"Saznajte vi\u0161e o pojedinostima na\u0161ih usluga za razne industrije.","robots":{"index":"index","follow":"follow","max-snippet":"max-snippet:-1","max-image-preview":"max-image-preview:large","max-video-preview":"max-video-preview:-1"},"og_locale":"hr_HR","og_type":"article","og_title":"Vijesti - Lindstr\u00f6m Croatia","og_description":"Saznajte vi\u0161e o pojedinostima na\u0161ih usluga za razne industrije.","og_url":"https:\/\/lindstromgroup.com\/hr\/vijesti\/","og_site_name":"Lindstr\u00f6m Croatia","article_modified_time":"2025-10-30T13:13:13+00:00","og_image":[{"width":1500,"height":1001,"url":"https:\/\/d2ris6qfzcz0wn.cloudfront.net\/wp-content\/uploads\/sites\/12\/2024\/01\/008_Lindstrom_hotel_final_hires.jpg","type":"image\/jpeg"}],"twitter_card":"summary_large_image","twitter_misc":{"Procijenjeno vrijeme \u010ditanja":"1 minuta","Written by":"anzefrantar"},"schema":{"@context":"https:\/\/schema.org","@graph":[{"@type":"WebPage","@id":"https:\/\/lindstromgroup.com\/hr\/vijesti\/","url":"https:\/\/lindstromgroup.com\/hr\/vijesti\/","name":"Vijesti - Lindstr\u00f6m Croatia","isPartOf":{"@id":"https:\/\/lindstromgroup.com\/hr\/#website"},"primaryImageOfPage":{"@id":"https:\/\/lindstromgroup.com\/hr\/vijesti\/#primaryimage"},"image":{"@id":"https:\/\/lindstromgroup.com\/hr\/vijesti\/#primaryimage"},"thumbnailUrl":"https:\/\/d2ris6qfzcz0wn.cloudfront.net\/wp-content\/uploads\/sites\/12\/2024\/01\/008_Lindstrom_hotel_final_hires.jpg","datePublished":"2024-04-14T22:04:38+00:00","dateModified":"2025-10-30T13:13:13+00:00","description":"Saznajte vi\u0161e o pojedinostima na\u0161ih usluga za razne industrije.","breadcrumb":{"@id":"https:\/\/lindstromgroup.com\/hr\/vijesti\/#breadcrumb"},"inLanguage":"hr","potentialAction":[{"@type":"ReadAction","target":["https:\/\/lindstromgroup.com\/hr\/vijesti\/"]}]},{"@type":"ImageObject","inLanguage":"hr","@id":"https:\/\/lindstromgroup.com\/hr\/vijesti\/#primaryimage","url":"https:\/\/d2ris6qfzcz0wn.cloudfront.net\/wp-content\/uploads\/sites\/12\/2024\/01\/008_Lindstrom_hotel_final_hires.jpg","contentUrl":"https:\/\/d2ris6qfzcz0wn.cloudfront.net\/wp-content\/uploads\/sites\/12\/2024\/01\/008_Lindstrom_hotel_final_hires.jpg","width":1500,"height":1001},{"@type":"BreadcrumbList","@id":"https:\/\/lindstromgroup.com\/hr\/vijesti\/#breadcrumb","itemListElement":[{"@type":"ListItem","position":1,"name":"Home","item":"https:\/\/lindstromgroup.com\/hr\/"},{"@type":"ListItem","position":2,"name":"Vijesti"}]},{"@type":"WebSite","@id":"https:\/\/lindstromgroup.com\/hr\/#website","url":"https:\/\/lindstromgroup.com\/hr\/","name":"Lindstr\u00f6m Croatia","description":"","publisher":{"@id":"https:\/\/lindstromgroup.com\/hr\/#organization"},"potentialAction":[{"@type":"SearchAction","target":{"@type":"EntryPoint","urlTemplate":"https:\/\/lindstromgroup.com\/hr\/?s={search_term_string}"},"query-input":{"@type":"PropertyValueSpecification","valueRequired":true,"valueName":"search_term_string"}}],"inLanguage":"hr"},{"@type":"Organization","@id":"https:\/\/lindstromgroup.com\/hr\/#organization","name":"Lindstr\u00f6m Croatia","url":"https:\/\/lindstromgroup.com\/hr\/","logo":{"@type":"ImageObject","inLanguage":"hr","@id":"https:\/\/lindstromgroup.com\/hr\/#\/schema\/logo\/image\/","url":"https:\/\/d2ris6qfzcz0wn.cloudfront.net\/wp-content\/uploads\/sites\/12\/2023\/10\/Logo512.png","contentUrl":"https:\/\/d2ris6qfzcz0wn.cloudfront.net\/wp-content\/uploads\/sites\/12\/2023\/10\/Logo512.png","width":512,"height":109,"caption":"Lindstr\u00f6m Croatia"},"image":{"@id":"https:\/\/lindstromgroup.com\/hr\/#\/schema\/logo\/image\/"}}]}},"publishpress_future_workflow_manual_trigger":{"enabledWorkflows":[]},"distributor_meta":false,"distributor_terms":false,"distributor_media":false,"distributor_original_site_name":"Lindstr\u00f6m Croatia","distributor_original_site_url":"https:\/\/lindstromgroup.com\/hr","push-errors":false,"_links":{"self":[{"href":"https:\/\/lindstromgroup.com\/hr\/wp-json\/wp\/v2\/pages\/16557","targetHints":{"allow":["GET"]}}],"collection":[{"href":"https:\/\/lindstromgroup.com\/hr\/wp-json\/wp\/v2\/pages"}],"about":[{"href":"https:\/\/lindstromgroup.com\/hr\/wp-json\/wp\/v2\/types\/page"}],"author":[{"embeddable":true,"href":"https:\/\/lindstromgroup.com\/hr\/wp-json\/wp\/v2\/users\/44"}],"replies":[{"embeddable":true,"href":"https:\/\/lindstromgroup.com\/hr\/wp-json\/wp\/v2\/comments?post=16557"}],"version-history":[{"count":0,"href":"https:\/\/lindstromgroup.com\/hr\/wp-json\/wp\/v2\/pages\/16557\/revisions"}],"wp:featuredmedia":[{"embeddable":true,"href":"https:\/\/lindstromgroup.com\/hr\/wp-json\/wp\/v2\/media\/16321"}],"wp:attachment":[{"href":"https:\/\/lindstromgroup.com\/hr\/wp-json\/wp\/v2\/media?parent=16557"}],"wp:term":[{"taxonomy":"author","embeddable":true,"href":"https:\/\/lindstromgroup.com\/hr\/wp-json\/wp\/v2\/coauthors?post=16557"}],"curies":[{"name":"wp","href":"https:\/\/api.w.org\/{rel}","templated":true}]}}