
    {"id":19099,"date":"2025-06-25T11:10:41","date_gmt":"2025-06-25T09:10:41","guid":{"rendered":"https:\/\/lindstromgroup.com\/ee\/?page_id=19099"},"modified":"2025-06-25T11:37:48","modified_gmt":"2025-06-25T09:37:48","slug":"hooldustehnik-kohila","status":"publish","type":"page","link":"https:\/\/lindstromgroup.com\/ee\/hooldustehnik-kohila\/","title":{"rendered":"Hooldustehnik (Kohila)"},"content":{"rendered":"\n<div aria-hidden=\"true\" class=\"wp-block-fsb-flexible-spacer fsb-flexible-spacer\"><div class=\"fsb-flexible-spacer__device fsb-flexible-spacer__device--lg\" style=\"height:33px\"><\/div><div class=\"fsb-flexible-spacer__device fsb-flexible-spacer__device--md\" style=\"height:21px\"><\/div><div class=\"fsb-flexible-spacer__device fsb-flexible-spacer__device--sm\" style=\"height:32px\"><\/div><\/div>\n\n\n\n<figure class=\"wp-block-image size-large has-custom-border\"><img decoding=\"async\" width=\"1024\" height=\"308\" src=\"https:\/\/d2ris6qfzcz0wn.cloudfront.net\/wp-content\/uploads\/sites\/13\/2025\/06\/hooldustehnik_tule_toole-1024x308.jpg\" alt=\"Hooldustehnik tekstiilide hoolduskeskusesse\" class=\"wp-image-19101\" style=\"border-radius:31px\" srcset=\"https:\/\/d2ris6qfzcz0wn.cloudfront.net\/wp-content\/uploads\/sites\/13\/2025\/06\/hooldustehnik_tule_toole-1024x308.jpg 1024w, https:\/\/d2ris6qfzcz0wn.cloudfront.net\/wp-content\/uploads\/sites\/13\/2025\/06\/hooldustehnik_tule_toole-300x90.jpg 300w, https:\/\/d2ris6qfzcz0wn.cloudfront.net\/wp-content\/uploads\/sites\/13\/2025\/06\/hooldustehnik_tule_toole-768x231.jpg 768w, https:\/\/d2ris6qfzcz0wn.cloudfront.net\/wp-content\/uploads\/sites\/13\/2025\/06\/hooldustehnik_tule_toole-1536x461.jpg 1536w, https:\/\/d2ris6qfzcz0wn.cloudfront.net\/wp-content\/uploads\/sites\/13\/2025\/06\/hooldustehnik_tule_toole.jpg 2048w\" sizes=\"(max-width: 1024px) 100vw, 1024px\" \/><\/figure>\n\n\n\n<div aria-hidden=\"true\" class=\"wp-block-fsb-flexible-spacer fsb-flexible-spacer\"><div class=\"fsb-flexible-spacer__device fsb-flexible-spacer__device--lg\" style=\"height:33px\"><\/div><div class=\"fsb-flexible-spacer__device fsb-flexible-spacer__device--md\" style=\"height:21px\"><\/div><div class=\"fsb-flexible-spacer__device fsb-flexible-spacer__device--sm\" style=\"height:32px\"><\/div><\/div>\n\n\n\n<p>Kas oled p\u00f5nevil kiirest t\u00f6\u00f6keskkonnast ja mitmekesistest \u00fclesannetest? Kas soovid t\u00f6\u00f6tada pingevabas ja tugevalt \u00fchtehoidvas meeskonnas?<\/p>\n\n\n\n<div aria-hidden=\"true\" class=\"wp-block-fsb-flexible-spacer fsb-flexible-spacer\"><div class=\"fsb-flexible-spacer__device fsb-flexible-spacer__device--lg\" style=\"height:33px\"><\/div><div class=\"fsb-flexible-spacer__device fsb-flexible-spacer__device--md\" style=\"height:21px\"><\/div><div class=\"fsb-flexible-spacer__device fsb-flexible-spacer__device--sm\" style=\"height:32px\"><\/div><\/div>\n\n\n\n<h2 class=\"wp-block-heading\"><strong>TULE MEILE HOOLDUSTEHNIKUKS!<\/strong><\/h2>\n\n\n\n<p>(Kohila teeninduskeskusesse)<\/p>\n\n\n\n<div aria-hidden=\"true\" class=\"wp-block-fsb-flexible-spacer fsb-flexible-spacer\"><div class=\"fsb-flexible-spacer__device fsb-flexible-spacer__device--lg\" style=\"height:33px\"><\/div><div class=\"fsb-flexible-spacer__device fsb-flexible-spacer__device--md\" style=\"height:21px\"><\/div><div class=\"fsb-flexible-spacer__device fsb-flexible-spacer__device--sm\" style=\"height:32px\"><\/div><\/div>\n\n\n\n<p><\/p>\n\n\n\n<p>Meie juures oled osa Lindstr\u00f6mi \u00fclemaailmsest perekonnast, kuhu kuulub \u00fcle 5055 Lindstr\u00f6mi t\u00f6\u00f6taja rohkem kui 23 riigis. Sa alustad t\u00f6\u00f6d ettev\u00f5ttes, <\/p>\n\n\n\n<p>kus k\u00f5ik tegevused p\u00f5hinevad j\u00e4tkusuutlikkusel. Kuni oled meiega, innustame sind kasvama ja seesmiselt s\u00e4rama isiksuse ja t\u00f6\u00f6tajana ning aitame leida sind huvitava karj\u00e4\u00e4ri. <\/p>\n\n\n\n<p>Me toetame sind, et saavutaksid oma v\u00f5imete tipu!<\/p>\n\n\n\n<div aria-hidden=\"true\" class=\"wp-block-fsb-flexible-spacer fsb-flexible-spacer\"><div class=\"fsb-flexible-spacer__device fsb-flexible-spacer__device--lg\" style=\"height:33px\"><\/div><div class=\"fsb-flexible-spacer__device fsb-flexible-spacer__device--md\" style=\"height:21px\"><\/div><div class=\"fsb-flexible-spacer__device fsb-flexible-spacer__device--sm\" style=\"height:32px\"><\/div><\/div>\n\n\n\n<p><\/p>\n\n\n\n<p><strong>V\u00e4\u00e4rtustame oma inimesi ja pakume Sulle:<\/strong><\/p>\n\n\n\n<div class=\"wp-block-columns is-layout-flex wp-container-core-columns-is-layout-28f84493 wp-block-columns-is-layout-flex\">\n<div class=\"wp-block-column is-layout-flow wp-block-column-is-layout-flow\" style=\"flex-basis:100%\">\n<ul class=\"wp-block-list\">\n<li>p\u00f5hjalikku sisseelamiskava<\/li>\n\n\n\n<li>t\u00e4iendavat tervisekindlustust \/spordikompensatsiooni<\/li>\n\n\n\n<li>\u00fchis\u00fcritusi<\/li>\n<\/ul>\n<\/div>\n<\/div>\n\n\n\n<div aria-hidden=\"true\" class=\"wp-block-fsb-flexible-spacer fsb-flexible-spacer\"><div class=\"fsb-flexible-spacer__device fsb-flexible-spacer__device--lg\" style=\"height:33px\"><\/div><div class=\"fsb-flexible-spacer__device fsb-flexible-spacer__device--md\" style=\"height:21px\"><\/div><div class=\"fsb-flexible-spacer__device fsb-flexible-spacer__device--sm\" style=\"height:32px\"><\/div><\/div>\n\n\n\n<p><strong>Sinu peamised t\u00f6\u00f6\u00fclesanded on<\/strong><\/p>\n\n\n\n<div aria-hidden=\"true\" class=\"wp-block-fsb-flexible-spacer fsb-flexible-spacer\"><div class=\"fsb-flexible-spacer__device fsb-flexible-spacer__device--lg\" style=\"height:33px\"><\/div><div class=\"fsb-flexible-spacer__device fsb-flexible-spacer__device--md\" style=\"height:21px\"><\/div><div class=\"fsb-flexible-spacer__device fsb-flexible-spacer__device--sm\" style=\"height:32px\"><\/div><\/div>\n\n\n\n<div class=\"wp-block-columns is-layout-flex wp-container-core-columns-is-layout-28f84493 wp-block-columns-is-layout-flex\">\n<div class=\"wp-block-column is-layout-flow wp-block-column-is-layout-flow\" style=\"flex-basis:100%\">\n<ul class=\"wp-block-list\">\n<li>tootmisseadmete ning tehnos\u00fcsteemide regulaarne hooldus ja kontroll ning ennetavad hooldust\u00f6\u00f6d<\/li>\n\n\n\n<li>rikete ning avariide riskide maandamine ja k\u00f5rvaldamine<\/li>\n\n\n\n<li>majanduslikult efektiivse energia tarbimise tagamine<\/li>\n\n\n\n<li>suhtlemine hooldusfirmade ja tarnijatega<\/li>\n<\/ul>\n<\/div>\n<\/div>\n\n\n\n<div aria-hidden=\"true\" class=\"wp-block-fsb-flexible-spacer fsb-flexible-spacer\"><div class=\"fsb-flexible-spacer__device fsb-flexible-spacer__device--lg\" style=\"height:33px\"><\/div><div class=\"fsb-flexible-spacer__device fsb-flexible-spacer__device--md\" style=\"height:21px\"><\/div><div class=\"fsb-flexible-spacer__device fsb-flexible-spacer__device--sm\" style=\"height:32px\"><\/div><\/div>\n\n\n\n<p><strong>Oled sobiv kandidaat, kui<\/strong><\/p>\n\n\n\n<div aria-hidden=\"true\" class=\"wp-block-fsb-flexible-spacer fsb-flexible-spacer\"><div class=\"fsb-flexible-spacer__device fsb-flexible-spacer__device--lg\" style=\"height:33px\"><\/div><div class=\"fsb-flexible-spacer__device fsb-flexible-spacer__device--md\" style=\"height:21px\"><\/div><div class=\"fsb-flexible-spacer__device fsb-flexible-spacer__device--sm\" style=\"height:32px\"><\/div><\/div>\n\n\n\n<div class=\"wp-block-columns is-layout-flex wp-container-core-columns-is-layout-28f84493 wp-block-columns-is-layout-flex\">\n<div class=\"wp-block-column is-layout-flow wp-block-column-is-layout-flow\" style=\"flex-basis:100%\">\n<ul class=\"wp-block-list\">\n<li>sul on hea tehniline taip ja kiire reageerimisv\u00f5ime<\/li>\n\n\n\n<li>oled t\u00e4pne ja sul on k\u00f5rge kohuse-ja vastutustunne<\/li>\n\n\n\n<li>kasuks tuleb erialane haridus (v\u00f5ib olla omandamisel)<\/li>\n\n\n\n<li>suhtled vabalt eesti keeles, lisav\u00e4\u00e4rtust annab vene ja inglise keele oskus suhtlustasandil.<\/li>\n\n\n\n<li>sul on olemas tavakasutaja arvutioskus<\/li>\n\n\n\n<li>oled valmis meeskonnat\u00f6\u00f6ks<\/li>\n<\/ul>\n<\/div>\n<\/div>\n\n\n\n<div aria-hidden=\"true\" class=\"wp-block-fsb-flexible-spacer fsb-flexible-spacer\"><div class=\"fsb-flexible-spacer__device fsb-flexible-spacer__device--lg\" style=\"height:33px\"><\/div><div class=\"fsb-flexible-spacer__device fsb-flexible-spacer__device--md\" style=\"height:21px\"><\/div><div class=\"fsb-flexible-spacer__device fsb-flexible-spacer__device--sm\" style=\"height:32px\"><\/div><\/div>\n\n\n\n<p>NB! T\u00f6\u00f6 toimub vahetustega, graafiku alusel (k.a \u00f6\u00f6vahetused)!<\/p>\n\n\n\n<p>Lisak\u00fcsimuste korral v\u00f5ta \u00fchendust meie v\u00e4rbamisspetsialistiga: Rimma Semjonovaga <strong>rimma.semjonova<a href=\"mailto:hele@humancapital.ee\" target=\"_blank\" rel=\"noreferrer noopener\">@lindstromgroup.com<\/a><\/strong><a href=\"mailto:hele@humancapital.ee\" target=\"_blank\" rel=\"noreferrer noopener\">.<\/a> tel.+372 53967410<\/p>\n\n\n\n<div aria-hidden=\"true\" class=\"wp-block-fsb-flexible-spacer fsb-flexible-spacer\"><div class=\"fsb-flexible-spacer__device fsb-flexible-spacer__device--lg\" style=\"height:33px\"><\/div><div class=\"fsb-flexible-spacer__device fsb-flexible-spacer__device--md\" style=\"height:21px\"><\/div><div class=\"fsb-flexible-spacer__device fsb-flexible-spacer__device--sm\" style=\"height:32px\"><\/div><\/div>\n\n\n\n<div class=\"wp-block-columns is-layout-flex wp-container-core-columns-is-layout-28f84493 wp-block-columns-is-layout-flex\">\n<div class=\"wp-block-column is-layout-flow wp-block-column-is-layout-flow\" style=\"flex-basis:50%\">\n<div class=\"wp-block-columns is-layout-flex wp-container-core-columns-is-layout-28f84493 wp-block-columns-is-layout-flex\">\n<div class=\"wp-block-column is-layout-flow wp-block-column-is-layout-flow\" style=\"flex-basis:66.66%\">\n<blockquote class=\"wp-block-quote is-layout-flow wp-block-quote-is-layout-flow\">\n<p class=\"has-text-align-center\"> &#8220;Minu t\u00f6\u00f6 on Lindstr\u00f6mis v\u00e4ga t\u00e4htis. Me suudame k\u00f5ik masinad ise \u00e4ra remontida. Uus trend on <strong>retrofitting<\/strong> \u2013 see on keskkonnas\u00f5bralikum kui uute masinate ostmine. N\u00e4iteks kuivatusmasina ukse vahetamine on targem lahendus kui uue ostmine. Lindstr\u00f6m on v\u00e4ga j\u00e4tkusuutlik ettev\u00f5te nii uute tehnoloogiate kui retrofittimise valdkonnas,&#8221; r\u00e4\u00e4gib J\u00fcri, Lindstr\u00f6mi hooldustehnik.<\/p>\n<\/blockquote>\n<\/div>\n\n\n\n<div class=\"wp-block-column is-layout-flow wp-block-column-is-layout-flow\" style=\"flex-basis:33.33%\">\n<figure class=\"wp-block-image size-full has-custom-border\"><img decoding=\"async\" width=\"400\" height=\"267\" src=\"https:\/\/d2ris6qfzcz0wn.cloudfront.net\/wp-content\/uploads\/sites\/13\/2025\/06\/86U1598.jpg\" alt=\"\" class=\"wp-image-19110\" style=\"border-radius:31px\" srcset=\"https:\/\/d2ris6qfzcz0wn.cloudfront.net\/wp-content\/uploads\/sites\/13\/2025\/06\/86U1598.jpg 400w, https:\/\/d2ris6qfzcz0wn.cloudfront.net\/wp-content\/uploads\/sites\/13\/2025\/06\/86U1598-300x200.jpg 300w\" sizes=\"(max-width: 400px) 100vw, 400px\" \/><\/figure>\n<\/div>\n<\/div>\n<\/div>\n\n\n\n<div class=\"wp-block-column is-layout-flow wp-block-column-is-layout-flow\" style=\"flex-basis:30%\"><\/div>\n<\/div>\n","protected":false},"excerpt":{"rendered":"<p>Kas oled p\u00f5nevil kiirest t\u00f6\u00f6keskkonnast ja mitmekesistest \u00fclesannetest? Kas soovid t\u00f6\u00f6tada pingevabas ja tugevalt \u00fchtehoidvas meeskonnas? TULE MEILE HOOLDUSTEHNIKUKS! (Kohila teeninduskeskusesse) Meie juures oled osa&#8230;<\/p>\n","protected":false},"author":124,"featured_media":19101,"parent":0,"menu_order":0,"comment_status":"closed","ping_status":"closed","template":"","meta":{"_acf_changed":false,"inline_featured_image":false,"_eb_attr":"","site-sidebar-layout":"default","site-content-layout":"default","ast-site-content-layout":"default","site-content-style":"default","site-sidebar-style":"default","ast-global-header-display":"","ast-banner-title-visibility":"","ast-main-header-display":"","ast-hfb-above-header-display":"","ast-hfb-below-header-display":"","ast-hfb-mobile-header-display":"","site-post-title":"","ast-breadcrumbs-content":"","ast-featured-img":"","footer-sml-layout":"","ast-disable-related-posts":"","theme-transparent-header-meta":"","adv-header-id-meta":"","stick-header-meta":"","header-above-stick-meta":"","header-main-stick-meta":"","header-below-stick-meta":"","astra-migrate-meta-layouts":"default","ast-page-background-enabled":"default","ast-page-background-meta":{"desktop":{"background-color":"var(--ast-global-color-4)","background-image":"","background-repeat":"repeat","background-position":"center center","background-size":"auto","background-attachment":"scroll","background-type":"","background-media":"","overlay-type":"","overlay-color":"","overlay-opacity":"","overlay-gradient":""},"tablet":{"background-color":"","background-image":"","background-repeat":"repeat","background-position":"center center","background-size":"auto","background-attachment":"scroll","background-type":"","background-media":"","overlay-type":"","overlay-color":"","overlay-opacity":"","overlay-gradient":""},"mobile":{"background-color":"","background-image":"","background-repeat":"repeat","background-position":"center center","background-size":"auto","background-attachment":"scroll","background-type":"","background-media":"","overlay-type":"","overlay-color":"","overlay-opacity":"","overlay-gradient":""}},"ast-content-background-meta":{"desktop":{"background-color":"var(--ast-global-color-5)","background-image":"","background-repeat":"repeat","background-position":"center center","background-size":"auto","background-attachment":"scroll","background-type":"","background-media":"","overlay-type":"","overlay-color":"","overlay-opacity":"","overlay-gradient":""},"tablet":{"background-color":"var(--ast-global-color-5)","background-image":"","background-repeat":"repeat","background-position":"center center","background-size":"auto","background-attachment":"scroll","background-type":"","background-media":"","overlay-type":"","overlay-color":"","overlay-opacity":"","overlay-gradient":""},"mobile":{"background-color":"var(--ast-global-color-5)","background-image":"","background-repeat":"repeat","background-position":"center center","background-size":"auto","background-attachment":"scroll","background-type":"","background-media":"","overlay-type":"","overlay-color":"","overlay-opacity":"","overlay-gradient":""}},"footnotes":""},"coauthors":[79],"class_list":["post-19099","page","type-page","status-publish","has-post-thumbnail","hentry"],"acf":[],"yoast_head":"<!-- This site is optimized with the Yoast SEO plugin v27.2 - https:\/\/yoast.com\/product\/yoast-seo-wordpress\/ -->\n<title>Hooldustehnik (Kohila) - Lindstr\u00f6m Eesti<\/title>\n<meta name=\"description\" content=\"Tule t\u00f6\u00f6le tehnikuna meie Kohila tekstiilihoolduskeskusesse!\" \/>\n<meta name=\"robots\" content=\"index, follow, max-snippet:-1, max-image-preview:large, max-video-preview:-1\" \/>\n<meta property=\"og:locale\" content=\"et_EE\" \/>\n<meta property=\"og:type\" content=\"article\" \/>\n<meta property=\"og:title\" content=\"Hooldustehnik (Kohila) - Lindstr\u00f6m Eesti\" \/>\n<meta property=\"og:description\" content=\"Tule t\u00f6\u00f6le tehnikuna meie Kohila tekstiilihoolduskeskusesse!\" \/>\n<meta property=\"og:url\" content=\"https:\/\/lindstromgroup.com\/ee\/hooldustehnik-kohila\/\" \/>\n<meta property=\"og:site_name\" content=\"Lindstr\u00f6m Eesti\" \/>\n<meta property=\"article:modified_time\" content=\"2025-06-25T09:37:48+00:00\" \/>\n<meta property=\"og:image\" content=\"https:\/\/d2ris6qfzcz0wn.cloudfront.net\/wp-content\/uploads\/sites\/13\/2025\/06\/hooldustehnik_tule_toole.jpg\" \/>\n\t<meta property=\"og:image:width\" content=\"2048\" \/>\n\t<meta property=\"og:image:height\" content=\"615\" \/>\n\t<meta property=\"og:image:type\" content=\"image\/jpeg\" \/>\n<meta name=\"twitter:card\" content=\"summary_large_image\" \/>\n<meta name=\"twitter:label1\" content=\"Est. reading time\" \/>\n\t<meta name=\"twitter:data1\" content=\"2 minutit\" \/>\n\t<meta name=\"twitter:label2\" content=\"Written by\" \/>\n\t<meta name=\"twitter:data2\" content=\"liinalelmi\" \/>\n<script type=\"application\/ld+json\" class=\"yoast-schema-graph\">{\"@context\":\"https:\/\/schema.org\",\"@graph\":[{\"@type\":\"WebPage\",\"@id\":\"https:\/\/lindstromgroup.com\/ee\/hooldustehnik-kohila\/\",\"url\":\"https:\/\/lindstromgroup.com\/ee\/hooldustehnik-kohila\/\",\"name\":\"Hooldustehnik (Kohila) - Lindstr\u00f6m Eesti\",\"isPartOf\":{\"@id\":\"https:\/\/lindstromgroup.com\/ee\/#website\"},\"primaryImageOfPage\":{\"@id\":\"https:\/\/lindstromgroup.com\/ee\/hooldustehnik-kohila\/#primaryimage\"},\"image\":{\"@id\":\"https:\/\/lindstromgroup.com\/ee\/hooldustehnik-kohila\/#primaryimage\"},\"thumbnailUrl\":\"https:\/\/d2ris6qfzcz0wn.cloudfront.net\/wp-content\/uploads\/sites\/13\/2025\/06\/hooldustehnik_tule_toole.jpg\",\"datePublished\":\"2025-06-25T09:10:41+00:00\",\"dateModified\":\"2025-06-25T09:37:48+00:00\",\"description\":\"Tule t\u00f6\u00f6le tehnikuna meie Kohila tekstiilihoolduskeskusesse!\",\"inLanguage\":\"et\",\"potentialAction\":[{\"@type\":\"ReadAction\",\"target\":[\"https:\/\/lindstromgroup.com\/ee\/hooldustehnik-kohila\/\"]}]},{\"@type\":\"ImageObject\",\"inLanguage\":\"et\",\"@id\":\"https:\/\/lindstromgroup.com\/ee\/hooldustehnik-kohila\/#primaryimage\",\"url\":\"https:\/\/d2ris6qfzcz0wn.cloudfront.net\/wp-content\/uploads\/sites\/13\/2025\/06\/hooldustehnik_tule_toole.jpg\",\"contentUrl\":\"https:\/\/d2ris6qfzcz0wn.cloudfront.net\/wp-content\/uploads\/sites\/13\/2025\/06\/hooldustehnik_tule_toole.jpg\",\"width\":2048,\"height\":615,\"caption\":\"Hooldustehnik tekstiilide hoolduskeskusesse\"},{\"@type\":\"WebSite\",\"@id\":\"https:\/\/lindstromgroup.com\/ee\/#website\",\"url\":\"https:\/\/lindstromgroup.com\/ee\/\",\"name\":\"Lindstr\u00f6m Eesti\",\"description\":\"\",\"publisher\":{\"@id\":\"https:\/\/lindstromgroup.com\/ee\/#organization\"},\"potentialAction\":[{\"@type\":\"SearchAction\",\"target\":{\"@type\":\"EntryPoint\",\"urlTemplate\":\"https:\/\/lindstromgroup.com\/ee\/?s={search_term_string}\"},\"query-input\":{\"@type\":\"PropertyValueSpecification\",\"valueRequired\":true,\"valueName\":\"search_term_string\"}}],\"inLanguage\":\"et\"},{\"@type\":\"Organization\",\"@id\":\"https:\/\/lindstromgroup.com\/ee\/#organization\",\"name\":\"Lindstr\u00f6m Eesti\",\"url\":\"https:\/\/lindstromgroup.com\/ee\/\",\"logo\":{\"@type\":\"ImageObject\",\"inLanguage\":\"et\",\"@id\":\"https:\/\/lindstromgroup.com\/ee\/#\/schema\/logo\/image\/\",\"url\":\"https:\/\/d2ris6qfzcz0wn.cloudfront.net\/wp-content\/uploads\/sites\/13\/2023\/10\/Logo512.png\",\"contentUrl\":\"https:\/\/d2ris6qfzcz0wn.cloudfront.net\/wp-content\/uploads\/sites\/13\/2023\/10\/Logo512.png\",\"width\":512,\"height\":109,\"caption\":\"Lindstr\u00f6m Eesti\"},\"image\":{\"@id\":\"https:\/\/lindstromgroup.com\/ee\/#\/schema\/logo\/image\/\"}}]}<\/script>\n<!-- \/ Yoast SEO plugin. -->","yoast_head_json":{"title":"Hooldustehnik (Kohila) - Lindstr\u00f6m Eesti","description":"Tule t\u00f6\u00f6le tehnikuna meie Kohila tekstiilihoolduskeskusesse!","robots":{"index":"index","follow":"follow","max-snippet":"max-snippet:-1","max-image-preview":"max-image-preview:large","max-video-preview":"max-video-preview:-1"},"og_locale":"et_EE","og_type":"article","og_title":"Hooldustehnik (Kohila) - Lindstr\u00f6m Eesti","og_description":"Tule t\u00f6\u00f6le tehnikuna meie Kohila tekstiilihoolduskeskusesse!","og_url":"https:\/\/lindstromgroup.com\/ee\/hooldustehnik-kohila\/","og_site_name":"Lindstr\u00f6m Eesti","article_modified_time":"2025-06-25T09:37:48+00:00","og_image":[{"width":2048,"height":615,"url":"https:\/\/d2ris6qfzcz0wn.cloudfront.net\/wp-content\/uploads\/sites\/13\/2025\/06\/hooldustehnik_tule_toole.jpg","type":"image\/jpeg"}],"twitter_card":"summary_large_image","twitter_misc":{"Est. reading time":"2 minutit","Written by":"liinalelmi"},"schema":{"@context":"https:\/\/schema.org","@graph":[{"@type":"WebPage","@id":"https:\/\/lindstromgroup.com\/ee\/hooldustehnik-kohila\/","url":"https:\/\/lindstromgroup.com\/ee\/hooldustehnik-kohila\/","name":"Hooldustehnik (Kohila) - Lindstr\u00f6m Eesti","isPartOf":{"@id":"https:\/\/lindstromgroup.com\/ee\/#website"},"primaryImageOfPage":{"@id":"https:\/\/lindstromgroup.com\/ee\/hooldustehnik-kohila\/#primaryimage"},"image":{"@id":"https:\/\/lindstromgroup.com\/ee\/hooldustehnik-kohila\/#primaryimage"},"thumbnailUrl":"https:\/\/d2ris6qfzcz0wn.cloudfront.net\/wp-content\/uploads\/sites\/13\/2025\/06\/hooldustehnik_tule_toole.jpg","datePublished":"2025-06-25T09:10:41+00:00","dateModified":"2025-06-25T09:37:48+00:00","description":"Tule t\u00f6\u00f6le tehnikuna meie Kohila tekstiilihoolduskeskusesse!","inLanguage":"et","potentialAction":[{"@type":"ReadAction","target":["https:\/\/lindstromgroup.com\/ee\/hooldustehnik-kohila\/"]}]},{"@type":"ImageObject","inLanguage":"et","@id":"https:\/\/lindstromgroup.com\/ee\/hooldustehnik-kohila\/#primaryimage","url":"https:\/\/d2ris6qfzcz0wn.cloudfront.net\/wp-content\/uploads\/sites\/13\/2025\/06\/hooldustehnik_tule_toole.jpg","contentUrl":"https:\/\/d2ris6qfzcz0wn.cloudfront.net\/wp-content\/uploads\/sites\/13\/2025\/06\/hooldustehnik_tule_toole.jpg","width":2048,"height":615,"caption":"Hooldustehnik tekstiilide hoolduskeskusesse"},{"@type":"WebSite","@id":"https:\/\/lindstromgroup.com\/ee\/#website","url":"https:\/\/lindstromgroup.com\/ee\/","name":"Lindstr\u00f6m Eesti","description":"","publisher":{"@id":"https:\/\/lindstromgroup.com\/ee\/#organization"},"potentialAction":[{"@type":"SearchAction","target":{"@type":"EntryPoint","urlTemplate":"https:\/\/lindstromgroup.com\/ee\/?s={search_term_string}"},"query-input":{"@type":"PropertyValueSpecification","valueRequired":true,"valueName":"search_term_string"}}],"inLanguage":"et"},{"@type":"Organization","@id":"https:\/\/lindstromgroup.com\/ee\/#organization","name":"Lindstr\u00f6m Eesti","url":"https:\/\/lindstromgroup.com\/ee\/","logo":{"@type":"ImageObject","inLanguage":"et","@id":"https:\/\/lindstromgroup.com\/ee\/#\/schema\/logo\/image\/","url":"https:\/\/d2ris6qfzcz0wn.cloudfront.net\/wp-content\/uploads\/sites\/13\/2023\/10\/Logo512.png","contentUrl":"https:\/\/d2ris6qfzcz0wn.cloudfront.net\/wp-content\/uploads\/sites\/13\/2023\/10\/Logo512.png","width":512,"height":109,"caption":"Lindstr\u00f6m Eesti"},"image":{"@id":"https:\/\/lindstromgroup.com\/ee\/#\/schema\/logo\/image\/"}}]}},"publishpress_future_workflow_manual_trigger":{"enabledWorkflows":[]},"distributor_meta":false,"distributor_terms":false,"distributor_media":false,"distributor_original_site_name":"Lindstr\u00f6m Eesti","distributor_original_site_url":"https:\/\/lindstromgroup.com\/ee","push-errors":false,"_links":{"self":[{"href":"https:\/\/lindstromgroup.com\/ee\/wp-json\/wp\/v2\/pages\/19099","targetHints":{"allow":["GET"]}}],"collection":[{"href":"https:\/\/lindstromgroup.com\/ee\/wp-json\/wp\/v2\/pages"}],"about":[{"href":"https:\/\/lindstromgroup.com\/ee\/wp-json\/wp\/v2\/types\/page"}],"author":[{"embeddable":true,"href":"https:\/\/lindstromgroup.com\/ee\/wp-json\/wp\/v2\/users\/124"}],"replies":[{"embeddable":true,"href":"https:\/\/lindstromgroup.com\/ee\/wp-json\/wp\/v2\/comments?post=19099"}],"version-history":[{"count":0,"href":"https:\/\/lindstromgroup.com\/ee\/wp-json\/wp\/v2\/pages\/19099\/revisions"}],"wp:featuredmedia":[{"embeddable":true,"href":"https:\/\/lindstromgroup.com\/ee\/wp-json\/wp\/v2\/media\/19101"}],"wp:attachment":[{"href":"https:\/\/lindstromgroup.com\/ee\/wp-json\/wp\/v2\/media?parent=19099"}],"wp:term":[{"taxonomy":"author","embeddable":true,"href":"https:\/\/lindstromgroup.com\/ee\/wp-json\/wp\/v2\/coauthors?post=19099"}],"curies":[{"name":"wp","href":"https:\/\/api.w.org\/{rel}","templated":true}]}}