
    {"id":17563,"date":"2024-03-26T14:17:26","date_gmt":"2024-03-26T12:17:26","guid":{"rendered":"https:\/\/lindstromgroup.com\/ee\/?page_id=17563"},"modified":"2025-06-30T14:38:22","modified_gmt":"2025-06-30T12:38:22","slug":"kupsised","status":"publish","type":"page","link":"https:\/\/lindstromgroup.com\/ee\/kupsised\/","title":{"rendered":"K\u00fcpsised"},"content":{"rendered":"\n    <div\n        id=\"block_ac3e253a86bc4003050e6088e5275bab\"\n        class=\"hero-sub hero-sub--block_ac3e253a86bc4003050e6088e5275bab  flex flex-col-reverse lg:flex-row justify-between bg-dark-blue text-white\"\n    >        \n        <div class=\"flex flex-col gap-5 pt-10 pb-5 grow px-5 lg:px-20\">\n            <div class=\"flex flex-col justify-center gap-3 grow max-w-[var(--container-text-max)]\">\n                <h1 class=\"!mb-0 !text-white !text-title-medium lg:!text-title-large !font-bold hyphens-auto break-words\">\n                    K\u00fcpsised (cookies)                <\/h1>\n    \n                <div class=\"hero-sub__description\">\n                    <p>See veebisait kasutab k\u00fcpsiseid ja veebisaidi anal\u00fc\u00fcsi, et pakkuda teile veebisaidil parimat kasutajakogemust. Edastame teavet selle kohta, kuidas te meie veebisaiti kasutate, ka oma anal\u00fc\u00fcsi-, reklaami- ja sotsiaalmeedia partneritele. Kui n\u00f5ustute k\u00fcpsistega, saame pakkuda teile parimat v\u00f5imalikku kasutajakogemust.<\/p>\n                <\/div>\n    \n                \n                            <\/div>\n                            <div class=\"font-bold hero-sub__breadcrumb text-body-small\">\n                                        <\/div>\n                    <\/div>\n\n        <div class=\"[&#038;_picture]:w-full flex h-full lg:h-auto max-h-[350px] lg:max-h-none lg:min-h-full w-full lg:w-[650px]\">\n            <img decoding=\"async\"\n                class=\"object-cover w-full h-full\"\n                src=\"https:\/\/d2ris6qfzcz0wn.cloudfront.net\/wp-content\/uploads\/sites\/13\/2024\/03\/cookie_declaration_banner_1600x1200-1024x768.jpg\"\n                alt=\"See veebisait kasutab k\u00fcpsiseid ja veebisaidi anal\u00fc\u00fcsi, et pakkuda teile veebisaidil parimat kasutajakogemust. Edastame teavet selle kohta, kuidas te meie veebisaiti kasutate, ka oma anal\u00fc\u00fcsi-, reklaami- ja sotsiaalmeedia partneritele. Kui n\u00f5ustute k\u00fcpsistega, saame pakkuda teile parimat v\u00f5imalikku kasutajakogemust.\"\n            >\n        <\/div>\n    <\/div>\n\n\n\n        <style>\n            .lindstrom-container--block_1ea17efec59bd928e522fc2d2a5f653b {                \n                padding-top: 35px;\n                padding-bottom: 35px;\n            }\n\n            @media screen and (min-width: 768px) {\n                .lindstrom-container--block_1ea17efec59bd928e522fc2d2a5f653b {\n                    padding-top: 75px;\n                    padding-bottom: 75px;\n                }\n            }\n        <\/style>\n    \n<div\n    class=\"lindstrom-container-wrapper lindstrom-container lindstrom-container--block_1ea17efec59bd928e522fc2d2a5f653b \"\n    id=\"block_1ea17efec59bd928e522fc2d2a5f653b\"\n    style=\"background-color: #ffffff\"\n    >\n    <div class=\"lindstrom-container lindstrom-container--text items-stretch\">\n        \n\n<script id=\"CookieDeclaration\" data-culture=\"et\" src=\"https:\/\/consent.cookiebot.com\/cf5e31d7-07df-41fa-b92a-3605ccdc5826\/cd.js\" type=\"text\/javascript\" async><\/script>\n\n\n    <\/div>\n<\/div>\n","protected":false},"excerpt":{"rendered":"","protected":false},"author":4,"featured_media":0,"parent":0,"menu_order":0,"comment_status":"closed","ping_status":"closed","template":"","meta":{"_acf_changed":true,"inline_featured_image":false,"_eb_attr":"","site-sidebar-layout":"default","site-content-layout":"","ast-site-content-layout":"default","site-content-style":"default","site-sidebar-style":"default","ast-global-header-display":"","ast-banner-title-visibility":"","ast-main-header-display":"","ast-hfb-above-header-display":"","ast-hfb-below-header-display":"","ast-hfb-mobile-header-display":"","site-post-title":"","ast-breadcrumbs-content":"","ast-featured-img":"","footer-sml-layout":"","ast-disable-related-posts":"","theme-transparent-header-meta":"","adv-header-id-meta":"","stick-header-meta":"","header-above-stick-meta":"","header-main-stick-meta":"","header-below-stick-meta":"","astra-migrate-meta-layouts":"default","ast-page-background-enabled":"default","ast-page-background-meta":{"desktop":{"background-color":"var(--ast-global-color-4)","background-image":"","background-repeat":"repeat","background-position":"center center","background-size":"auto","background-attachment":"scroll","background-type":"","background-media":"","overlay-type":"","overlay-color":"","overlay-opacity":"","overlay-gradient":""},"tablet":{"background-color":"","background-image":"","background-repeat":"repeat","background-position":"center center","background-size":"auto","background-attachment":"scroll","background-type":"","background-media":"","overlay-type":"","overlay-color":"","overlay-opacity":"","overlay-gradient":""},"mobile":{"background-color":"","background-image":"","background-repeat":"repeat","background-position":"center center","background-size":"auto","background-attachment":"scroll","background-type":"","background-media":"","overlay-type":"","overlay-color":"","overlay-opacity":"","overlay-gradient":""}},"ast-content-background-meta":{"desktop":{"background-color":"var(--ast-global-color-5)","background-image":"","background-repeat":"repeat","background-position":"center center","background-size":"auto","background-attachment":"scroll","background-type":"","background-media":"","overlay-type":"","overlay-color":"","overlay-opacity":"","overlay-gradient":""},"tablet":{"background-color":"var(--ast-global-color-5)","background-image":"","background-repeat":"repeat","background-position":"center center","background-size":"auto","background-attachment":"scroll","background-type":"","background-media":"","overlay-type":"","overlay-color":"","overlay-opacity":"","overlay-gradient":""},"mobile":{"background-color":"var(--ast-global-color-5)","background-image":"","background-repeat":"repeat","background-position":"center center","background-size":"auto","background-attachment":"scroll","background-type":"","background-media":"","overlay-type":"","overlay-color":"","overlay-opacity":"","overlay-gradient":""}},"footnotes":""},"coauthors":[12],"class_list":["post-17563","page","type-page","status-publish","hentry"],"acf":[],"yoast_head":"<!-- This site is optimized with the Yoast SEO plugin v27.2 - https:\/\/yoast.com\/product\/yoast-seo-wordpress\/ -->\n<title>K\u00fcpsised - Lindstr\u00f6m<\/title>\n<meta name=\"description\" content=\"Meie lehtedel on kasutusel k\u00fcpsised, et pakkuda teile parimat v\u00f5imalikku kasutajakogemust Lindstr\u00f6mi veebisaidil.\" \/>\n<meta name=\"robots\" content=\"index, follow, max-snippet:-1, max-image-preview:large, max-video-preview:-1\" \/>\n<meta property=\"og:locale\" content=\"et_EE\" \/>\n<meta property=\"og:type\" content=\"article\" \/>\n<meta property=\"og:title\" content=\"K\u00fcpsised - Lindstr\u00f6m\" \/>\n<meta property=\"og:description\" content=\"Meie lehtedel on kasutusel k\u00fcpsised, et pakkuda teile parimat v\u00f5imalikku kasutajakogemust Lindstr\u00f6mi veebisaidil.\" \/>\n<meta property=\"og:url\" content=\"https:\/\/lindstromgroup.com\/ee\/kupsised\/\" \/>\n<meta property=\"og:site_name\" content=\"Lindstr\u00f6m Eesti\" \/>\n<meta property=\"article:modified_time\" content=\"2025-06-30T12:38:22+00:00\" \/>\n<meta name=\"twitter:card\" content=\"summary_large_image\" \/>\n<meta name=\"twitter:label1\" content=\"Est. reading time\" \/>\n\t<meta name=\"twitter:data1\" content=\"1 minut\" \/>\n\t<meta name=\"twitter:label2\" content=\"Written by\" \/>\n\t<meta name=\"twitter:data2\" content=\"ninh\" \/>\n<script type=\"application\/ld+json\" class=\"yoast-schema-graph\">{\"@context\":\"https:\/\/schema.org\",\"@graph\":[{\"@type\":\"WebPage\",\"@id\":\"https:\/\/lindstromgroup.com\/ee\/kupsised\/\",\"url\":\"https:\/\/lindstromgroup.com\/ee\/kupsised\/\",\"name\":\"K\u00fcpsised - Lindstr\u00f6m\",\"isPartOf\":{\"@id\":\"https:\/\/lindstromgroup.com\/ee\/#website\"},\"datePublished\":\"2024-03-26T12:17:26+00:00\",\"dateModified\":\"2025-06-30T12:38:22+00:00\",\"description\":\"Meie lehtedel on kasutusel k\u00fcpsised, et pakkuda teile parimat v\u00f5imalikku kasutajakogemust Lindstr\u00f6mi veebisaidil.\",\"inLanguage\":\"et\",\"potentialAction\":[{\"@type\":\"ReadAction\",\"target\":[\"https:\/\/lindstromgroup.com\/ee\/kupsised\/\"]}]},{\"@type\":\"WebSite\",\"@id\":\"https:\/\/lindstromgroup.com\/ee\/#website\",\"url\":\"https:\/\/lindstromgroup.com\/ee\/\",\"name\":\"Lindstr\u00f6m Eesti\",\"description\":\"\",\"publisher\":{\"@id\":\"https:\/\/lindstromgroup.com\/ee\/#organization\"},\"potentialAction\":[{\"@type\":\"SearchAction\",\"target\":{\"@type\":\"EntryPoint\",\"urlTemplate\":\"https:\/\/lindstromgroup.com\/ee\/?s={search_term_string}\"},\"query-input\":{\"@type\":\"PropertyValueSpecification\",\"valueRequired\":true,\"valueName\":\"search_term_string\"}}],\"inLanguage\":\"et\"},{\"@type\":\"Organization\",\"@id\":\"https:\/\/lindstromgroup.com\/ee\/#organization\",\"name\":\"Lindstr\u00f6m Eesti\",\"url\":\"https:\/\/lindstromgroup.com\/ee\/\",\"logo\":{\"@type\":\"ImageObject\",\"inLanguage\":\"et\",\"@id\":\"https:\/\/lindstromgroup.com\/ee\/#\/schema\/logo\/image\/\",\"url\":\"https:\/\/d2ris6qfzcz0wn.cloudfront.net\/wp-content\/uploads\/sites\/13\/2023\/10\/Logo512.png\",\"contentUrl\":\"https:\/\/d2ris6qfzcz0wn.cloudfront.net\/wp-content\/uploads\/sites\/13\/2023\/10\/Logo512.png\",\"width\":512,\"height\":109,\"caption\":\"Lindstr\u00f6m Eesti\"},\"image\":{\"@id\":\"https:\/\/lindstromgroup.com\/ee\/#\/schema\/logo\/image\/\"}}]}<\/script>\n<!-- \/ Yoast SEO plugin. -->","yoast_head_json":{"title":"K\u00fcpsised - Lindstr\u00f6m","description":"Meie lehtedel on kasutusel k\u00fcpsised, et pakkuda teile parimat v\u00f5imalikku kasutajakogemust Lindstr\u00f6mi veebisaidil.","robots":{"index":"index","follow":"follow","max-snippet":"max-snippet:-1","max-image-preview":"max-image-preview:large","max-video-preview":"max-video-preview:-1"},"og_locale":"et_EE","og_type":"article","og_title":"K\u00fcpsised - Lindstr\u00f6m","og_description":"Meie lehtedel on kasutusel k\u00fcpsised, et pakkuda teile parimat v\u00f5imalikku kasutajakogemust Lindstr\u00f6mi veebisaidil.","og_url":"https:\/\/lindstromgroup.com\/ee\/kupsised\/","og_site_name":"Lindstr\u00f6m Eesti","article_modified_time":"2025-06-30T12:38:22+00:00","twitter_card":"summary_large_image","twitter_misc":{"Est. reading time":"1 minut","Written by":"ninh"},"schema":{"@context":"https:\/\/schema.org","@graph":[{"@type":"WebPage","@id":"https:\/\/lindstromgroup.com\/ee\/kupsised\/","url":"https:\/\/lindstromgroup.com\/ee\/kupsised\/","name":"K\u00fcpsised - Lindstr\u00f6m","isPartOf":{"@id":"https:\/\/lindstromgroup.com\/ee\/#website"},"datePublished":"2024-03-26T12:17:26+00:00","dateModified":"2025-06-30T12:38:22+00:00","description":"Meie lehtedel on kasutusel k\u00fcpsised, et pakkuda teile parimat v\u00f5imalikku kasutajakogemust Lindstr\u00f6mi veebisaidil.","inLanguage":"et","potentialAction":[{"@type":"ReadAction","target":["https:\/\/lindstromgroup.com\/ee\/kupsised\/"]}]},{"@type":"WebSite","@id":"https:\/\/lindstromgroup.com\/ee\/#website","url":"https:\/\/lindstromgroup.com\/ee\/","name":"Lindstr\u00f6m Eesti","description":"","publisher":{"@id":"https:\/\/lindstromgroup.com\/ee\/#organization"},"potentialAction":[{"@type":"SearchAction","target":{"@type":"EntryPoint","urlTemplate":"https:\/\/lindstromgroup.com\/ee\/?s={search_term_string}"},"query-input":{"@type":"PropertyValueSpecification","valueRequired":true,"valueName":"search_term_string"}}],"inLanguage":"et"},{"@type":"Organization","@id":"https:\/\/lindstromgroup.com\/ee\/#organization","name":"Lindstr\u00f6m Eesti","url":"https:\/\/lindstromgroup.com\/ee\/","logo":{"@type":"ImageObject","inLanguage":"et","@id":"https:\/\/lindstromgroup.com\/ee\/#\/schema\/logo\/image\/","url":"https:\/\/d2ris6qfzcz0wn.cloudfront.net\/wp-content\/uploads\/sites\/13\/2023\/10\/Logo512.png","contentUrl":"https:\/\/d2ris6qfzcz0wn.cloudfront.net\/wp-content\/uploads\/sites\/13\/2023\/10\/Logo512.png","width":512,"height":109,"caption":"Lindstr\u00f6m Eesti"},"image":{"@id":"https:\/\/lindstromgroup.com\/ee\/#\/schema\/logo\/image\/"}}]}},"publishpress_future_workflow_manual_trigger":{"enabledWorkflows":[]},"distributor_meta":false,"distributor_terms":false,"distributor_media":false,"distributor_original_site_name":"Lindstr\u00f6m Eesti","distributor_original_site_url":"https:\/\/lindstromgroup.com\/ee","push-errors":false,"_links":{"self":[{"href":"https:\/\/lindstromgroup.com\/ee\/wp-json\/wp\/v2\/pages\/17563","targetHints":{"allow":["GET"]}}],"collection":[{"href":"https:\/\/lindstromgroup.com\/ee\/wp-json\/wp\/v2\/pages"}],"about":[{"href":"https:\/\/lindstromgroup.com\/ee\/wp-json\/wp\/v2\/types\/page"}],"author":[{"embeddable":true,"href":"https:\/\/lindstromgroup.com\/ee\/wp-json\/wp\/v2\/users\/4"}],"replies":[{"embeddable":true,"href":"https:\/\/lindstromgroup.com\/ee\/wp-json\/wp\/v2\/comments?post=17563"}],"version-history":[{"count":0,"href":"https:\/\/lindstromgroup.com\/ee\/wp-json\/wp\/v2\/pages\/17563\/revisions"}],"wp:attachment":[{"href":"https:\/\/lindstromgroup.com\/ee\/wp-json\/wp\/v2\/media?parent=17563"}],"wp:term":[{"taxonomy":"author","embeddable":true,"href":"https:\/\/lindstromgroup.com\/ee\/wp-json\/wp\/v2\/coauthors?post=17563"}],"curies":[{"name":"wp","href":"https:\/\/api.w.org\/{rel}","templated":true}]}}