
    {"id":17451,"date":"2024-03-25T11:35:34","date_gmt":"2024-03-25T09:35:34","guid":{"rendered":"https:\/\/lindstromgroup.com\/ee\/?page_id=17451"},"modified":"2024-03-25T11:48:16","modified_gmt":"2024-03-25T09:48:16","slug":"kusige-pakkumist","status":"publish","type":"page","link":"https:\/\/lindstromgroup.com\/ee\/kontakt\/kusige-pakkumist\/","title":{"rendered":"K\u00fcsige pakkumist"},"content":{"rendered":"\n    <div\n        id=\"block_66679882f443a758cde2fa6443698476\"\n        class=\"hero-sub hero-sub--block_66679882f443a758cde2fa6443698476  flex flex-col-reverse lg:flex-row justify-between bg-dark-blue text-white\"\n    >        \n        <div class=\"flex flex-col gap-5 pt-10 pb-5 grow px-5 lg:px-20\">\n            <div class=\"flex flex-col justify-center gap-3 grow max-w-[var(--container-text-max)]\">\n                <h1 class=\"!mb-0 !text-white !text-title-medium lg:!text-title-large !font-bold hyphens-auto break-words\">\n                    K\u00fcsige pakkumist                <\/h1>\n    \n                <div class=\"hero-sub__description\">\n                                    <\/div>\n    \n                \n                            <\/div>\n                            <div class=\"font-bold hero-sub__breadcrumb text-body-small\">\n                                        <\/div>\n                    <\/div>\n\n        <div class=\"[&#038;_picture]:w-full flex h-full lg:h-auto max-h-[350px] lg:max-h-none lg:min-h-full w-full lg:w-[650px]\">\n            <img decoding=\"async\"\n                class=\"object-cover w-full h-full\"\n                src=\"https:\/\/d2ris6qfzcz0wn.cloudfront.net\/wp-content\/uploads\/sites\/13\/2024\/03\/Kuvituskuva_ota-yhteytta_94378612_1600x1200-1024x768-1.jpg\"\n                alt=\"K\u00fcsige pakkumist\"\n            >\n        <\/div>\n    <\/div>\n\n\n\n        <style>\n            .lindstrom-container--block_89a6d9e4ac8e1cfa4763533ff9482361 {                \n                padding-top: 35px;\n                padding-bottom: 35px;\n            }\n\n            @media screen and (min-width: 768px) {\n                .lindstrom-container--block_89a6d9e4ac8e1cfa4763533ff9482361 {\n                    padding-top: 75px;\n                    padding-bottom: 75px;\n                }\n            }\n        <\/style>\n    \n<div\n    class=\"lindstrom-container-wrapper lindstrom-container lindstrom-container--block_89a6d9e4ac8e1cfa4763533ff9482361 \"\n    id=\"block_89a6d9e4ac8e1cfa4763533ff9482361\"\n    style=\"background-color: #ffffff\"\n    >\n    <div class=\"lindstrom-container lindstrom-container--content items-stretch\">\n        \n\n    <div id=\"hubspot-contact-form-block_5d93275c1247d7cbfeb1833b2d42c688\" class=\"hubspot-contact-form\">\n                    <h2 class=\"mt-0 !mb-5 lg:!mb-10 font-bold !text-title-small lg:!text-title-medium\">\n                Tekstiiliteenuste pakkumise taotlemine            <\/h2>\n        \n                    <p class=\"!-mt-4 lg:!-mt-8 !mb-5 lg:!mb-10 !text-body-small\">\n                T\u00e4itke allolev vorm ja me v\u00f5tame teiega peagi \u00fchendust.            <\/p>\n        \n        <div class=\"form-wrapper\"><\/div>\n        <div class=\"editor-message\">\n            Please set a valid form ID.\n        <\/div>\n    <\/div>\n\n<script>\n    \/**\n     * Generate dynamic init form function name to prevent it get re-initialized if there are multiple forms in a page\n     *\/\n    function initForm_69d5a8e7e39a2() {\n        \/\/ retry until hubspot script is initialized\n        if (typeof hbspt !== \"undefined\") {\n            hbspt.forms.create({\n                region: \"eu1\",\n                portalId: \"2758505\",\n                formId: \"9c613e5b-eebe-41e8-80e6-eae8370a45e0\",\n                target: `#hubspot-contact-form-block_5d93275c1247d7cbfeb1833b2d42c688 .form-wrapper`,\n                onFormReady: (arg) => {\n                    const hasFeaturedField = 0;\n                    if (!hasFeaturedField) {\n                        return\n                    }\n    \n                    \/\/ in case the featured field is not available in the form\n                    const featuredField = document.querySelector(`#hubspot-contact-form-block_5d93275c1247d7cbfeb1833b2d42c688 .none`);\n                    if (!featuredField) {\n                        return\n                    }\n    \n                    \/\/ only support checkbox field for now\n                    convertCheckboxFeaturedField(featuredField)                \n                }\n            });\n            return;\n        }\n\n        setTimeout(initForm_69d5a8e7e39a2, 250);\n    }\n\n    function convertCheckboxFeaturedField(featuredField) {\n        const fieldsetWrapper = featuredField.parentElement\n        \n        \/\/ add the featured field class to the wrapper fieldset element\n        \/\/ transform the featured field's UI via CSS\n        fieldsetWrapper.classList.add('featured-field')\n\n        \/\/ calculate and add enough space to display the featured field on top of the form\n        calculateFeaturedFieldSize(fieldsetWrapper)\n        window.addEventListener('resize', () => {\n            calculateFeaturedFieldSize(fieldsetWrapper)\n        })\n    }\n    \n    function calculateFeaturedFieldSize (fieldsetWrapper) {\n        fieldsetWrapper\n            .closest('.hubspot-contact-form--has-featured-field')\n            .style\n            .paddingTop = fieldsetWrapper.offsetHeight + 50 + 'px';\n    }    \n\n    initForm_69d5a8e7e39a2();\n<\/script>\n\n\n    <\/div>\n<\/div>\n\n\n\n<div\n    class=\"lindstrom-container-wrapper lindstrom-container lindstrom-container--block_337aea6aa6c6ba30291f45e24b585b9a \"\n    id=\"block_337aea6aa6c6ba30291f45e24b585b9a\"\n    style=\"background-color: #ffffff\"\n    >\n    <div class=\"lindstrom-container lindstrom-container--content items-stretch\">\n        \n\n        <style>\n            .lindstrom-container--block_6c92b89e70826dc49d090f1d1b70cc88 {                \n                padding-top: 35px;\n                padding-bottom: 35px;\n            }\n\n            @media screen and (min-width: 768px) {\n                .lindstrom-container--block_6c92b89e70826dc49d090f1d1b70cc88 {\n                    padding-top: 50px;\n                    padding-bottom: 50px;\n                }\n            }\n        <\/style>\n    \n<div\n    class=\"lindstrom-container-wrapper lindstrom-container lindstrom-container--block_6c92b89e70826dc49d090f1d1b70cc88 \"\n    id=\"block_6c92b89e70826dc49d090f1d1b70cc88\"\n    style=\"background-color: #ffffff\"\n    >\n    <div class=\"lindstrom-container lindstrom-container--content items-stretch\">\n        \n\n<h3 class=\"wp-block-heading has-title-font-size\">Otsite midagi muud?<\/h3>\n\n\n\n<div aria-hidden=\"true\" class=\"wp-block-fsb-flexible-spacer fsb-flexible-spacer\"><div class=\"fsb-flexible-spacer__device fsb-flexible-spacer__device--lg\" style=\"height:35px\"><\/div><div class=\"fsb-flexible-spacer__device fsb-flexible-spacer__device--md\" style=\"height:22px\"><\/div><div class=\"fsb-flexible-spacer__device fsb-flexible-spacer__device--sm\" style=\"height:25px\"><\/div><\/div>\n\n\n\n            <div id=\"block_5a8d789e483f3375a036bd2811aca025\" class=\"colored-links colored-links--block_5a8d789e483f3375a036bd2811aca025 \">\n            <div class=\"flex flex-col lg:flex-row flex-wrap gap-3\">\n                                                            <a \n                            href=\"https:\/\/lindstromgroup.com\/ee\/teenused\/\"\n                            target=\"_blank\"\n                            class=\"flex items-center gap-3 flex-1 !text-white hover:!text-white font-bold px-5 py-3 rounded-[5px] !no-underline cursor-pointer colored__link links-per-row-4\"\n                            style=\"background-color: #e52330;\">\n                                <span class=\"text-title-small flex-1\">Teenused<\/span>\n                                <span class=\"material-symbols-outlined !text-[50px]\">\n                                    arrow_circle_right\n                                <\/span>\n                        <\/a>    \n                                                                                <a \n                            href=\"https:\/\/lindstromgroup.com\/ee\/tegevusvaldkonnad\/\"\n                            target=\"_blank\"\n                            class=\"flex items-center gap-3 flex-1 !text-white hover:!text-white font-bold px-5 py-3 rounded-[5px] !no-underline cursor-pointer colored__link links-per-row-4\"\n                            style=\"background-color: #578200;\">\n                                <span class=\"text-title-small flex-1\">Tegevusvaldkonnad<\/span>\n                                <span class=\"material-symbols-outlined !text-[50px]\">\n                                    arrow_circle_right\n                                <\/span>\n                        <\/a>    \n                                                                                <a \n                            href=\"https:\/\/lindstromgroup.com\/ee\/kontakt\/\"\n                            target=\"_blank\"\n                            class=\"flex items-center gap-3 flex-1 !text-white hover:!text-white font-bold px-5 py-3 rounded-[5px] !no-underline cursor-pointer colored__link links-per-row-4\"\n                            style=\"background-color: #bd5a00;\">\n                                <span class=\"text-title-small flex-1\">Kontakt<\/span>\n                                <span class=\"material-symbols-outlined !text-[50px]\">\n                                    arrow_circle_right\n                                <\/span>\n                        <\/a>    \n                                     \n            <\/div>\n        <\/div>\n    \n\n    <\/div>\n<\/div>\n\n\n    <\/div>\n<\/div>\n","protected":false},"excerpt":{"rendered":"","protected":false},"author":42,"featured_media":17452,"parent":17183,"menu_order":0,"comment_status":"closed","ping_status":"closed","template":"","meta":{"_acf_changed":true,"inline_featured_image":false,"_eb_attr":"","site-sidebar-layout":"default","site-content-layout":"","ast-site-content-layout":"default","site-content-style":"default","site-sidebar-style":"default","ast-global-header-display":"","ast-banner-title-visibility":"","ast-main-header-display":"","ast-hfb-above-header-display":"","ast-hfb-below-header-display":"","ast-hfb-mobile-header-display":"","site-post-title":"","ast-breadcrumbs-content":"","ast-featured-img":"","footer-sml-layout":"","ast-disable-related-posts":"","theme-transparent-header-meta":"","adv-header-id-meta":"","stick-header-meta":"","header-above-stick-meta":"","header-main-stick-meta":"","header-below-stick-meta":"","astra-migrate-meta-layouts":"default","ast-page-background-enabled":"default","ast-page-background-meta":{"desktop":{"background-color":"var(--ast-global-color-4)","background-image":"","background-repeat":"repeat","background-position":"center center","background-size":"auto","background-attachment":"scroll","background-type":"","background-media":"","overlay-type":"","overlay-color":"","overlay-opacity":"","overlay-gradient":""},"tablet":{"background-color":"","background-image":"","background-repeat":"repeat","background-position":"center center","background-size":"auto","background-attachment":"scroll","background-type":"","background-media":"","overlay-type":"","overlay-color":"","overlay-opacity":"","overlay-gradient":""},"mobile":{"background-color":"","background-image":"","background-repeat":"repeat","background-position":"center center","background-size":"auto","background-attachment":"scroll","background-type":"","background-media":"","overlay-type":"","overlay-color":"","overlay-opacity":"","overlay-gradient":""}},"ast-content-background-meta":{"desktop":{"background-color":"var(--ast-global-color-5)","background-image":"","background-repeat":"repeat","background-position":"center center","background-size":"auto","background-attachment":"scroll","background-type":"","background-media":"","overlay-type":"","overlay-color":"","overlay-opacity":"","overlay-gradient":""},"tablet":{"background-color":"var(--ast-global-color-5)","background-image":"","background-repeat":"repeat","background-position":"center center","background-size":"auto","background-attachment":"scroll","background-type":"","background-media":"","overlay-type":"","overlay-color":"","overlay-opacity":"","overlay-gradient":""},"mobile":{"background-color":"var(--ast-global-color-5)","background-image":"","background-repeat":"repeat","background-position":"center center","background-size":"auto","background-attachment":"scroll","background-type":"","background-media":"","overlay-type":"","overlay-color":"","overlay-opacity":"","overlay-gradient":""}},"footnotes":""},"coauthors":[24],"class_list":["post-17451","page","type-page","status-publish","has-post-thumbnail","hentry"],"acf":[],"yoast_head":"<!-- This site is optimized with the Yoast SEO plugin v27.2 - https:\/\/yoast.com\/product\/yoast-seo-wordpress\/ -->\n<title>K\u00fcsige pakkumist - Lindstr\u00f6m<\/title>\n<meta name=\"description\" content=\"Tutvuge meie teenustega ja k\u00fcsige pakkumist Lindstr\u00f6mi tekstiiliteenustele. Selleks t\u00e4itke vorm ja me v\u00f5tame teiega peagi \u00fchendust.\" \/>\n<meta name=\"robots\" content=\"index, follow, max-snippet:-1, max-image-preview:large, max-video-preview:-1\" \/>\n<meta property=\"og:locale\" content=\"et_EE\" \/>\n<meta property=\"og:type\" content=\"article\" \/>\n<meta property=\"og:title\" content=\"K\u00fcsige pakkumist - Lindstr\u00f6m\" \/>\n<meta property=\"og:description\" content=\"Tutvuge meie teenustega ja k\u00fcsige pakkumist Lindstr\u00f6mi tekstiiliteenustele. Selleks t\u00e4itke vorm ja me v\u00f5tame teiega peagi \u00fchendust.\" \/>\n<meta property=\"og:url\" content=\"https:\/\/lindstromgroup.com\/ee\/kontakt\/kusige-pakkumist\/\" \/>\n<meta property=\"og:site_name\" content=\"Lindstr\u00f6m Eesti\" \/>\n<meta property=\"article:modified_time\" content=\"2024-03-25T09:48:16+00:00\" \/>\n<meta property=\"og:image\" content=\"https:\/\/d2ris6qfzcz0wn.cloudfront.net\/wp-content\/uploads\/sites\/13\/2024\/03\/Kuvituskuva_ota-yhteytta_94378612_1600x1200-1024x768-1.jpg\" \/>\n\t<meta property=\"og:image:width\" content=\"1024\" \/>\n\t<meta property=\"og:image:height\" content=\"768\" \/>\n\t<meta property=\"og:image:type\" content=\"image\/jpeg\" \/>\n<meta name=\"twitter:card\" content=\"summary_large_image\" \/>\n<meta name=\"twitter:label1\" content=\"Est. reading time\" \/>\n\t<meta name=\"twitter:data1\" content=\"1 minut\" \/>\n\t<meta name=\"twitter:label2\" content=\"Written by\" \/>\n\t<meta name=\"twitter:data2\" content=\"mannistugerda\" \/>\n<script type=\"application\/ld+json\" class=\"yoast-schema-graph\">{\"@context\":\"https:\/\/schema.org\",\"@graph\":[{\"@type\":\"WebPage\",\"@id\":\"https:\/\/lindstromgroup.com\/ee\/kontakt\/kusige-pakkumist\/\",\"url\":\"https:\/\/lindstromgroup.com\/ee\/kontakt\/kusige-pakkumist\/\",\"name\":\"K\u00fcsige pakkumist - Lindstr\u00f6m\",\"isPartOf\":{\"@id\":\"https:\/\/lindstromgroup.com\/ee\/#website\"},\"primaryImageOfPage\":{\"@id\":\"https:\/\/lindstromgroup.com\/ee\/kontakt\/kusige-pakkumist\/#primaryimage\"},\"image\":{\"@id\":\"https:\/\/lindstromgroup.com\/ee\/kontakt\/kusige-pakkumist\/#primaryimage\"},\"thumbnailUrl\":\"https:\/\/d2ris6qfzcz0wn.cloudfront.net\/wp-content\/uploads\/sites\/13\/2024\/03\/Kuvituskuva_ota-yhteytta_94378612_1600x1200-1024x768-1.jpg\",\"datePublished\":\"2024-03-25T09:35:34+00:00\",\"dateModified\":\"2024-03-25T09:48:16+00:00\",\"description\":\"Tutvuge meie teenustega ja k\u00fcsige pakkumist Lindstr\u00f6mi tekstiiliteenustele. Selleks t\u00e4itke vorm ja me v\u00f5tame teiega peagi \u00fchendust.\",\"breadcrumb\":{\"@id\":\"https:\/\/lindstromgroup.com\/ee\/kontakt\/kusige-pakkumist\/#breadcrumb\"},\"inLanguage\":\"et\",\"potentialAction\":[{\"@type\":\"ReadAction\",\"target\":[\"https:\/\/lindstromgroup.com\/ee\/kontakt\/kusige-pakkumist\/\"]}]},{\"@type\":\"ImageObject\",\"inLanguage\":\"et\",\"@id\":\"https:\/\/lindstromgroup.com\/ee\/kontakt\/kusige-pakkumist\/#primaryimage\",\"url\":\"https:\/\/d2ris6qfzcz0wn.cloudfront.net\/wp-content\/uploads\/sites\/13\/2024\/03\/Kuvituskuva_ota-yhteytta_94378612_1600x1200-1024x768-1.jpg\",\"contentUrl\":\"https:\/\/d2ris6qfzcz0wn.cloudfront.net\/wp-content\/uploads\/sites\/13\/2024\/03\/Kuvituskuva_ota-yhteytta_94378612_1600x1200-1024x768-1.jpg\",\"width\":1024,\"height\":768},{\"@type\":\"BreadcrumbList\",\"@id\":\"https:\/\/lindstromgroup.com\/ee\/kontakt\/kusige-pakkumist\/#breadcrumb\",\"itemListElement\":[{\"@type\":\"ListItem\",\"position\":1,\"name\":\"V\u00f5tke meiega \u00fchendust\",\"item\":\"https:\/\/lindstromgroup.com\/ee\/kontakt\/\"},{\"@type\":\"ListItem\",\"position\":2,\"name\":\"K\u00fcsige pakkumist\"}]},{\"@type\":\"WebSite\",\"@id\":\"https:\/\/lindstromgroup.com\/ee\/#website\",\"url\":\"https:\/\/lindstromgroup.com\/ee\/\",\"name\":\"Lindstr\u00f6m Eesti\",\"description\":\"\",\"publisher\":{\"@id\":\"https:\/\/lindstromgroup.com\/ee\/#organization\"},\"potentialAction\":[{\"@type\":\"SearchAction\",\"target\":{\"@type\":\"EntryPoint\",\"urlTemplate\":\"https:\/\/lindstromgroup.com\/ee\/?s={search_term_string}\"},\"query-input\":{\"@type\":\"PropertyValueSpecification\",\"valueRequired\":true,\"valueName\":\"search_term_string\"}}],\"inLanguage\":\"et\"},{\"@type\":\"Organization\",\"@id\":\"https:\/\/lindstromgroup.com\/ee\/#organization\",\"name\":\"Lindstr\u00f6m Eesti\",\"url\":\"https:\/\/lindstromgroup.com\/ee\/\",\"logo\":{\"@type\":\"ImageObject\",\"inLanguage\":\"et\",\"@id\":\"https:\/\/lindstromgroup.com\/ee\/#\/schema\/logo\/image\/\",\"url\":\"https:\/\/d2ris6qfzcz0wn.cloudfront.net\/wp-content\/uploads\/sites\/13\/2023\/10\/Logo512.png\",\"contentUrl\":\"https:\/\/d2ris6qfzcz0wn.cloudfront.net\/wp-content\/uploads\/sites\/13\/2023\/10\/Logo512.png\",\"width\":512,\"height\":109,\"caption\":\"Lindstr\u00f6m Eesti\"},\"image\":{\"@id\":\"https:\/\/lindstromgroup.com\/ee\/#\/schema\/logo\/image\/\"}}]}<\/script>\n<!-- \/ Yoast SEO plugin. -->","yoast_head_json":{"title":"K\u00fcsige pakkumist - Lindstr\u00f6m","description":"Tutvuge meie teenustega ja k\u00fcsige pakkumist Lindstr\u00f6mi tekstiiliteenustele. Selleks t\u00e4itke vorm ja me v\u00f5tame teiega peagi \u00fchendust.","robots":{"index":"index","follow":"follow","max-snippet":"max-snippet:-1","max-image-preview":"max-image-preview:large","max-video-preview":"max-video-preview:-1"},"og_locale":"et_EE","og_type":"article","og_title":"K\u00fcsige pakkumist - Lindstr\u00f6m","og_description":"Tutvuge meie teenustega ja k\u00fcsige pakkumist Lindstr\u00f6mi tekstiiliteenustele. Selleks t\u00e4itke vorm ja me v\u00f5tame teiega peagi \u00fchendust.","og_url":"https:\/\/lindstromgroup.com\/ee\/kontakt\/kusige-pakkumist\/","og_site_name":"Lindstr\u00f6m Eesti","article_modified_time":"2024-03-25T09:48:16+00:00","og_image":[{"width":1024,"height":768,"url":"https:\/\/d2ris6qfzcz0wn.cloudfront.net\/wp-content\/uploads\/sites\/13\/2024\/03\/Kuvituskuva_ota-yhteytta_94378612_1600x1200-1024x768-1.jpg","type":"image\/jpeg"}],"twitter_card":"summary_large_image","twitter_misc":{"Est. reading time":"1 minut","Written by":"mannistugerda"},"schema":{"@context":"https:\/\/schema.org","@graph":[{"@type":"WebPage","@id":"https:\/\/lindstromgroup.com\/ee\/kontakt\/kusige-pakkumist\/","url":"https:\/\/lindstromgroup.com\/ee\/kontakt\/kusige-pakkumist\/","name":"K\u00fcsige pakkumist - Lindstr\u00f6m","isPartOf":{"@id":"https:\/\/lindstromgroup.com\/ee\/#website"},"primaryImageOfPage":{"@id":"https:\/\/lindstromgroup.com\/ee\/kontakt\/kusige-pakkumist\/#primaryimage"},"image":{"@id":"https:\/\/lindstromgroup.com\/ee\/kontakt\/kusige-pakkumist\/#primaryimage"},"thumbnailUrl":"https:\/\/d2ris6qfzcz0wn.cloudfront.net\/wp-content\/uploads\/sites\/13\/2024\/03\/Kuvituskuva_ota-yhteytta_94378612_1600x1200-1024x768-1.jpg","datePublished":"2024-03-25T09:35:34+00:00","dateModified":"2024-03-25T09:48:16+00:00","description":"Tutvuge meie teenustega ja k\u00fcsige pakkumist Lindstr\u00f6mi tekstiiliteenustele. Selleks t\u00e4itke vorm ja me v\u00f5tame teiega peagi \u00fchendust.","breadcrumb":{"@id":"https:\/\/lindstromgroup.com\/ee\/kontakt\/kusige-pakkumist\/#breadcrumb"},"inLanguage":"et","potentialAction":[{"@type":"ReadAction","target":["https:\/\/lindstromgroup.com\/ee\/kontakt\/kusige-pakkumist\/"]}]},{"@type":"ImageObject","inLanguage":"et","@id":"https:\/\/lindstromgroup.com\/ee\/kontakt\/kusige-pakkumist\/#primaryimage","url":"https:\/\/d2ris6qfzcz0wn.cloudfront.net\/wp-content\/uploads\/sites\/13\/2024\/03\/Kuvituskuva_ota-yhteytta_94378612_1600x1200-1024x768-1.jpg","contentUrl":"https:\/\/d2ris6qfzcz0wn.cloudfront.net\/wp-content\/uploads\/sites\/13\/2024\/03\/Kuvituskuva_ota-yhteytta_94378612_1600x1200-1024x768-1.jpg","width":1024,"height":768},{"@type":"BreadcrumbList","@id":"https:\/\/lindstromgroup.com\/ee\/kontakt\/kusige-pakkumist\/#breadcrumb","itemListElement":[{"@type":"ListItem","position":1,"name":"V\u00f5tke meiega \u00fchendust","item":"https:\/\/lindstromgroup.com\/ee\/kontakt\/"},{"@type":"ListItem","position":2,"name":"K\u00fcsige pakkumist"}]},{"@type":"WebSite","@id":"https:\/\/lindstromgroup.com\/ee\/#website","url":"https:\/\/lindstromgroup.com\/ee\/","name":"Lindstr\u00f6m Eesti","description":"","publisher":{"@id":"https:\/\/lindstromgroup.com\/ee\/#organization"},"potentialAction":[{"@type":"SearchAction","target":{"@type":"EntryPoint","urlTemplate":"https:\/\/lindstromgroup.com\/ee\/?s={search_term_string}"},"query-input":{"@type":"PropertyValueSpecification","valueRequired":true,"valueName":"search_term_string"}}],"inLanguage":"et"},{"@type":"Organization","@id":"https:\/\/lindstromgroup.com\/ee\/#organization","name":"Lindstr\u00f6m Eesti","url":"https:\/\/lindstromgroup.com\/ee\/","logo":{"@type":"ImageObject","inLanguage":"et","@id":"https:\/\/lindstromgroup.com\/ee\/#\/schema\/logo\/image\/","url":"https:\/\/d2ris6qfzcz0wn.cloudfront.net\/wp-content\/uploads\/sites\/13\/2023\/10\/Logo512.png","contentUrl":"https:\/\/d2ris6qfzcz0wn.cloudfront.net\/wp-content\/uploads\/sites\/13\/2023\/10\/Logo512.png","width":512,"height":109,"caption":"Lindstr\u00f6m Eesti"},"image":{"@id":"https:\/\/lindstromgroup.com\/ee\/#\/schema\/logo\/image\/"}}]}},"publishpress_future_workflow_manual_trigger":{"enabledWorkflows":[]},"distributor_meta":false,"distributor_terms":false,"distributor_media":false,"distributor_original_site_name":"Lindstr\u00f6m Eesti","distributor_original_site_url":"https:\/\/lindstromgroup.com\/ee","push-errors":false,"_links":{"self":[{"href":"https:\/\/lindstromgroup.com\/ee\/wp-json\/wp\/v2\/pages\/17451","targetHints":{"allow":["GET"]}}],"collection":[{"href":"https:\/\/lindstromgroup.com\/ee\/wp-json\/wp\/v2\/pages"}],"about":[{"href":"https:\/\/lindstromgroup.com\/ee\/wp-json\/wp\/v2\/types\/page"}],"author":[{"embeddable":true,"href":"https:\/\/lindstromgroup.com\/ee\/wp-json\/wp\/v2\/users\/42"}],"replies":[{"embeddable":true,"href":"https:\/\/lindstromgroup.com\/ee\/wp-json\/wp\/v2\/comments?post=17451"}],"version-history":[{"count":0,"href":"https:\/\/lindstromgroup.com\/ee\/wp-json\/wp\/v2\/pages\/17451\/revisions"}],"up":[{"embeddable":true,"href":"https:\/\/lindstromgroup.com\/ee\/wp-json\/wp\/v2\/pages\/17183"}],"wp:featuredmedia":[{"embeddable":true,"href":"https:\/\/lindstromgroup.com\/ee\/wp-json\/wp\/v2\/media\/17452"}],"wp:attachment":[{"href":"https:\/\/lindstromgroup.com\/ee\/wp-json\/wp\/v2\/media?parent=17451"}],"wp:term":[{"taxonomy":"author","embeddable":true,"href":"https:\/\/lindstromgroup.com\/ee\/wp-json\/wp\/v2\/coauthors?post=17451"}],"curies":[{"name":"wp","href":"https:\/\/api.w.org\/{rel}","templated":true}]}}