
    {"id":16240,"date":"2024-01-12T13:45:58","date_gmt":"2024-01-12T13:45:58","guid":{"rendered":"https:\/\/lindstromgroup.com\/ee-renewal\/?page_id=16240"},"modified":"2024-04-04T14:00:47","modified_gmt":"2024-04-04T12:00:47","slug":"kaitumiskoodeks","status":"publish","type":"page","link":"https:\/\/lindstromgroup.com\/ee\/avaleht-lindstrom\/kaitumiskoodeks\/","title":{"rendered":"K\u00e4itumisjuhend"},"content":{"rendered":"\n    <div\n        id=\"block_3c5500cf6d20ee92daecccd2dbc79c3f\"\n        class=\"hero-sub hero-sub--block_3c5500cf6d20ee92daecccd2dbc79c3f  flex flex-col-reverse lg:flex-row justify-between bg-dark-blue text-white\"\n    >        \n        <div class=\"flex flex-col gap-5 pt-10 pb-5 grow px-5 lg:px-20\">\n            <div class=\"flex flex-col justify-center gap-3 grow max-w-[var(--container-text-max)]\">\n                <h1 class=\"!mb-0 !text-white !text-title-medium lg:!text-title-large !font-bold hyphens-auto break-words\">\n                    K\u00e4itumiskoodeks                <\/h1>\n    \n                <div class=\"hero-sub__description\">\n                                    <\/div>\n    \n                \n                            <\/div>\n                            <div class=\"font-bold hero-sub__breadcrumb text-body-small\">\n                                        <\/div>\n                    <\/div>\n\n        <div class=\"[&#038;_picture]:w-full flex h-full lg:h-auto max-h-[350px] lg:max-h-none lg:min-h-full w-full lg:w-[650px]\">\n            <img decoding=\"async\"\n                class=\"object-cover w-full h-full\"\n                src=\"https:\/\/d2ris6qfzcz0wn.cloudfront.net\/wp-content\/uploads\/sites\/13\/2024\/03\/pexels-photo-853568-1-1024x683.jpg\"\n                alt=\"K\u00e4itumiskoodeks\"\n            >\n        <\/div>\n    <\/div>\n\n\n\n<div\n    class=\"lindstrom-container-wrapper lindstrom-container lindstrom-container--block_eeb2150e196c9321c81226c95b4ba040 \"\n    id=\"block_eeb2150e196c9321c81226c95b4ba040\"\n    style=\"background-color: #ffffff\"\n    >\n    <div class=\"lindstrom-container lindstrom-container--content items-stretch\">\n        \n\n<div aria-hidden=\"true\" class=\"wp-block-fsb-flexible-spacer fsb-flexible-spacer\"><div class=\"fsb-flexible-spacer__device fsb-flexible-spacer__device--lg\" style=\"height:75px\"><\/div><div class=\"fsb-flexible-spacer__device fsb-flexible-spacer__device--md\" style=\"height:35px\"><\/div><div class=\"fsb-flexible-spacer__device fsb-flexible-spacer__device--sm\" style=\"height:35px\"><\/div><\/div>\n\n\n\n<div class=\"wp-block-columns is-layout-flex wp-container-core-columns-is-layout-28f84493 wp-block-columns-is-layout-flex\">\n<div class=\"wp-block-column is-layout-flow wp-block-column-is-layout-flow\" style=\"flex-basis:33.33%\">\n<figure class=\"wp-block-image size-full is-resized\"><img decoding=\"async\" width=\"788\" height=\"1000\" src=\"https:\/\/d2ris6qfzcz0wn.cloudfront.net\/wp-content\/uploads\/sites\/13\/2024\/03\/Juha_Laurio-4.jpg\" alt=\"\" class=\"wp-image-16748\" style=\"width:441px;height:auto\" srcset=\"https:\/\/d2ris6qfzcz0wn.cloudfront.net\/wp-content\/uploads\/sites\/13\/2024\/03\/Juha_Laurio-4.jpg 788w, https:\/\/d2ris6qfzcz0wn.cloudfront.net\/wp-content\/uploads\/sites\/13\/2024\/03\/Juha_Laurio-4-236x300.jpg 236w, https:\/\/d2ris6qfzcz0wn.cloudfront.net\/wp-content\/uploads\/sites\/13\/2024\/03\/Juha_Laurio-4-768x975.jpg 768w\" sizes=\"(max-width: 788px) 100vw, 788px\" \/><figcaption class=\"wp-element-caption\">Juha Laurio, Tegevjuht, Lindstr\u00f6m Grupp<\/figcaption><\/figure>\n<\/div>\n\n\n\n<div class=\"wp-block-column is-layout-flow wp-block-column-is-layout-flow\" style=\"flex-basis:66.66%\">\n        <div \n        id=\"cta-country-block_4150dd91eacf06479f4350115b82b465\" \n        class=\"cta-country\"\n    >\n        <div class=\"flex flex-col gap-5\" style=\"align-items: flex-start\">\n                            <h2 class='!text-title-small lg:!text-title-medium !text-grey-100 !font-bold !my-0'>                    Tegevjuhi s\u00f5num                <\/h2>                                        <div class=\"cta-text\"><p>Mul on hea meel tutvustada meie k\u00e4itumisjuhendit, kust leiate meie \u00fcldised eetilised p\u00f5him\u00f5tted, mis reguleerivad meie t\u00f6\u00f6- ja k\u00e4itumisviise. K\u00e4itumiskoodeks tugineb meie eesm\u00e4rkidele ja v\u00e4\u00e4rtustele.<\/p>\n<p>Me ei ole pelgalt tekstiiliteenuste pakkujad \u2013 me loome ohutuid t\u00f6\u00f6kohti, suurendame heaolu ja tegutseme keskkonnas\u00e4\u00e4stlikult. Meie eesm\u00e4rk on hoolida planeedist ja sellel elavatest inimestest ning oma v\u00e4\u00e4rtuste j\u00e4rgi suuname oma tegusid ja k\u00e4itumist. V\u00e4\u00e4rtusi haldavad iga p\u00e4ev kultuuri \u201cWe Care\u201d raames meie juhid ja vastavad meeskonnad.<\/p>\n<p>K\u00e4itumiskoodeksis on esitatud selged p\u00f5him\u00f5tted eetilise \u00e4rik\u00e4itumise, t\u00f6\u00f6tajate p\u00f5hiliste inim\u00f5iguste austamise ja keskkonnatavade kohta. See ei ole valiku k\u00fcsimus. Siin ei ole v\u00f5imalust kompromissideks. Eeldame, et k\u00f5ik meie t\u00f6\u00f6tajad ja tarnijad on juhendiga kursis ning j\u00e4rgivad seda.<\/p>\n<p>T\u00e4nan teid k\u00f5iki, et leiate aega ja tutvute meie k\u00e4itumisjuhendiga. Kui iga\u00fcks meist neid p\u00f5him\u00f5tteid t\u00f5siselt v\u00f5tab, kujundame koos ausust ja usaldusv\u00e4\u00e4rsust hindava keskkonna.<\/p>\n<\/div>\n                        <div class=\"cta-button-container cta-button-container--row\">\n                            <\/div>\n        <\/div>\n    <\/div>\n    <\/div>\n<\/div>\n\n\n\n<div aria-hidden=\"true\" class=\"wp-block-fsb-flexible-spacer fsb-flexible-spacer\"><div class=\"fsb-flexible-spacer__device fsb-flexible-spacer__device--lg\" style=\"height:35px\"><\/div><div class=\"fsb-flexible-spacer__device fsb-flexible-spacer__device--md\" style=\"height:25px\"><\/div><div class=\"fsb-flexible-spacer__device fsb-flexible-spacer__device--sm\" style=\"height:25px\"><\/div><\/div>\n\n\n    <\/div>\n<\/div>\n\n\n\n<div\n    class=\"lindstrom-container-wrapper lindstrom-container lindstrom-container--block_eeb2150e196c9321c81226c95b4ba040 \"\n    id=\"block_eeb2150e196c9321c81226c95b4ba040\"\n    style=\"background-color: #ffffff\"\n    >\n    <div class=\"lindstrom-container lindstrom-container--content items-stretch\">\n        \n\n<div aria-hidden=\"true\" class=\"wp-block-fsb-flexible-spacer fsb-flexible-spacer\"><div class=\"fsb-flexible-spacer__device fsb-flexible-spacer__device--lg\" style=\"height:35px\"><\/div><div class=\"fsb-flexible-spacer__device fsb-flexible-spacer__device--md\" style=\"height:25px\"><\/div><div class=\"fsb-flexible-spacer__device fsb-flexible-spacer__device--sm\" style=\"height:25px\"><\/div><\/div>\n\n\n\n<div class=\"wp-block-columns is-layout-flex wp-container-core-columns-is-layout-28f84493 wp-block-columns-is-layout-flex\">\n<div class=\"wp-block-column is-layout-flow wp-block-column-is-layout-flow\">\n        <div \n        id=\"cta-country-block_dc9106ceed07e7fef77e5d41958a6479\" \n        class=\"cta-country\"\n    >\n        <div class=\"flex flex-col gap-5\" style=\"align-items: flex-start\">\n                            <h2 class='!text-title-small lg:!text-title-medium !text-grey-100 !font-bold !my-0'>                    Lindstr\u00f6mi k\u00e4itumisjuhend                <\/h2>                                        <div class=\"cta-text\"><p>Lindstr\u00f6mi t\u00f6\u00f6tajate k\u00e4itumisjuhendis on s\u00e4testatud eetilise k\u00e4itumise p\u00f5hin\u00f5uded, mis on kehtestatud Lindstr\u00f6mi Grupile (Lindstr\u00f6m Oy ja selle t\u00fctarettev\u00f5tted, edaspidi ainult \u201cLindstr\u00f6m\u201d).<\/p>\n<p>K\u00e4itumiskoodeks tugineb Lindstr\u00f6mi v\u00e4\u00e4rtustele ja kohustustele ning peegeldab meie hoolimiskultuuri. K\u00e4itumisjuhend kehtib k\u00f5igile Lindstr\u00f6mi t\u00f6\u00f6tajatele, olenemata ametikohast \u2013 meie kohustus on seda j\u00e4rgida ja selle alusel k\u00e4ituda. Juhendi p\u00f5him\u00f5tted kehtivad ka allhanke korras tegutsevatele t\u00f6\u00f6tajatele, nagu teenuste esindajad, ajutised t\u00f6\u00f6tajad ja v\u00e4liskonsultandid.<\/p>\n<\/div>\n                        <div class=\"cta-button-container cta-button-container--row\">\n                            <\/div>\n        <\/div>\n    <\/div>\n    \n\n\n        <div \n        id=\"cta-country-block_f3402a2d661c540c8a7d13f0fc0f57b3\" \n        class=\"cta-country\"\n    >\n        <div class=\"flex flex-col gap-5\" style=\"align-items: flex-start\">\n                                    <div class=\"cta-button-container cta-button-container--row\">\n                                                                                        <div class=\"flex rounded-full h-10 min-w-[150px] mt-auto cta-button button-solid--blue\">\n                                <a \n                                    class=\"flex flex-grow !no-underline py-3 px-5 font-bold text-[15px]\/[21px] justify-center items-center gap-2 text-center border-2 rounded-full cta-button__inner\" \n                                    href=\"https:\/\/d2ris6qfzcz0wn.cloudfront.net\/wp-content\/uploads\/sites\/13\/2024\/03\/Lindstrom_CodeofConduct_V03_ET-1.pdf\"\n                                    style=\"border-color: #003f72; background-color: #003f72; color: #ffffff;\"\n                                    target=\"_blank\"\n                                >\n                                    Tutvu meie k\u00e4itumisjuhendiga                                                                            <div class=\"flex justify-center items-center w-[35px] h-[35px] cta-button__inner-icon\">\n                                                                                                <span class=\"!text-[35px] material-symbols-outlined\" style=\"color: #ffffff\">open_in_new<\/span>\n                                                                                    <\/div>\n                                                                    <\/a>\n                            <\/div>\n                                                                        <\/div>\n        <\/div>\n    <\/div>\n    <\/div>\n\n\n\n<div class=\"wp-block-column is-layout-flow wp-block-column-is-layout-flow\">\n<figure class=\"wp-block-image size-large\"><img decoding=\"async\" width=\"1024\" height=\"427\" src=\"https:\/\/d2ris6qfzcz0wn.cloudfront.net\/wp-content\/uploads\/sites\/13\/2024\/03\/Inimestest-ja-planeedist-hoolimine-1-1024x427.png\" alt=\"\" class=\"wp-image-17446\" srcset=\"https:\/\/d2ris6qfzcz0wn.cloudfront.net\/wp-content\/uploads\/sites\/13\/2024\/03\/Inimestest-ja-planeedist-hoolimine-1-1024x427.png 1024w, https:\/\/d2ris6qfzcz0wn.cloudfront.net\/wp-content\/uploads\/sites\/13\/2024\/03\/Inimestest-ja-planeedist-hoolimine-1-300x125.png 300w, https:\/\/d2ris6qfzcz0wn.cloudfront.net\/wp-content\/uploads\/sites\/13\/2024\/03\/Inimestest-ja-planeedist-hoolimine-1-768x320.png 768w, https:\/\/d2ris6qfzcz0wn.cloudfront.net\/wp-content\/uploads\/sites\/13\/2024\/03\/Inimestest-ja-planeedist-hoolimine-1.png 1440w\" sizes=\"(max-width: 1024px) 100vw, 1024px\" \/><\/figure>\n<\/div>\n<\/div>\n\n\n\n<div aria-hidden=\"true\" class=\"wp-block-fsb-flexible-spacer fsb-flexible-spacer\"><div class=\"fsb-flexible-spacer__device fsb-flexible-spacer__device--lg\" style=\"height:75px\"><\/div><div class=\"fsb-flexible-spacer__device fsb-flexible-spacer__device--md\" style=\"height:35px\"><\/div><div class=\"fsb-flexible-spacer__device fsb-flexible-spacer__device--sm\" style=\"height:35px\"><\/div><\/div>\n\n\n    <\/div>\n<\/div>\n","protected":false},"excerpt":{"rendered":"","protected":false},"author":14,"featured_media":17443,"parent":32,"menu_order":0,"comment_status":"closed","ping_status":"closed","template":"","meta":{"_acf_changed":true,"inline_featured_image":false,"_eb_attr":"","site-sidebar-layout":"default","site-content-layout":"","ast-site-content-layout":"default","site-content-style":"default","site-sidebar-style":"default","ast-global-header-display":"","ast-banner-title-visibility":"","ast-main-header-display":"","ast-hfb-above-header-display":"","ast-hfb-below-header-display":"","ast-hfb-mobile-header-display":"","site-post-title":"","ast-breadcrumbs-content":"","ast-featured-img":"","footer-sml-layout":"","ast-disable-related-posts":"","theme-transparent-header-meta":"","adv-header-id-meta":"","stick-header-meta":"","header-above-stick-meta":"","header-main-stick-meta":"","header-below-stick-meta":"","astra-migrate-meta-layouts":"default","ast-page-background-enabled":"default","ast-page-background-meta":{"desktop":{"background-color":"var(--ast-global-color-4)","background-image":"","background-repeat":"repeat","background-position":"center center","background-size":"auto","background-attachment":"scroll","background-type":"","background-media":"","overlay-type":"","overlay-color":"","overlay-opacity":"","overlay-gradient":""},"tablet":{"background-color":"","background-image":"","background-repeat":"repeat","background-position":"center center","background-size":"auto","background-attachment":"scroll","background-type":"","background-media":"","overlay-type":"","overlay-color":"","overlay-opacity":"","overlay-gradient":""},"mobile":{"background-color":"","background-image":"","background-repeat":"repeat","background-position":"center center","background-size":"auto","background-attachment":"scroll","background-type":"","background-media":"","overlay-type":"","overlay-color":"","overlay-opacity":"","overlay-gradient":""}},"ast-content-background-meta":{"desktop":{"background-color":"var(--ast-global-color-5)","background-image":"","background-repeat":"repeat","background-position":"center center","background-size":"auto","background-attachment":"scroll","background-type":"","background-media":"","overlay-type":"","overlay-color":"","overlay-opacity":"","overlay-gradient":""},"tablet":{"background-color":"var(--ast-global-color-5)","background-image":"","background-repeat":"repeat","background-position":"center center","background-size":"auto","background-attachment":"scroll","background-type":"","background-media":"","overlay-type":"","overlay-color":"","overlay-opacity":"","overlay-gradient":""},"mobile":{"background-color":"var(--ast-global-color-5)","background-image":"","background-repeat":"repeat","background-position":"center center","background-size":"auto","background-attachment":"scroll","background-type":"","background-media":"","overlay-type":"","overlay-color":"","overlay-opacity":"","overlay-gradient":""}},"footnotes":""},"coauthors":[20],"class_list":["post-16240","page","type-page","status-publish","has-post-thumbnail","hentry"],"acf":[],"yoast_head":"<!-- This site is optimized with the Yoast SEO plugin v27.2 - https:\/\/yoast.com\/product\/yoast-seo-wordpress\/ -->\n<title>K\u00e4itumiskoodeks - Lindstr\u00f6m<\/title>\n<meta name=\"description\" content=\"Meie k\u00e4itumiskoodeks sisaldab eetilisi p\u00f5him\u00f5tteid, mis juhivad nii meie kui ka tarnijate vastutust inimeste ja keskkonna ees.\" \/>\n<meta name=\"robots\" content=\"index, follow, max-snippet:-1, max-image-preview:large, max-video-preview:-1\" \/>\n<meta property=\"og:locale\" content=\"et_EE\" \/>\n<meta property=\"og:type\" content=\"article\" \/>\n<meta property=\"og:title\" content=\"K\u00e4itumiskoodeks - Lindstr\u00f6m\" \/>\n<meta property=\"og:description\" content=\"Meie k\u00e4itumiskoodeks sisaldab eetilisi p\u00f5him\u00f5tteid, mis juhivad nii meie kui ka tarnijate vastutust inimeste ja keskkonna ees.\" \/>\n<meta property=\"og:url\" content=\"https:\/\/lindstromgroup.com\/ee\/avaleht-lindstrom\/kaitumiskoodeks\/\" \/>\n<meta property=\"og:site_name\" content=\"Lindstr\u00f6m Eesti\" \/>\n<meta property=\"article:modified_time\" content=\"2024-04-04T12:00:47+00:00\" \/>\n<meta property=\"og:image\" content=\"https:\/\/d2ris6qfzcz0wn.cloudfront.net\/wp-content\/uploads\/sites\/13\/2024\/03\/pexels-photo-853568-1.jpg\" \/>\n\t<meta property=\"og:image:width\" content=\"1280\" \/>\n\t<meta property=\"og:image:height\" content=\"854\" \/>\n\t<meta property=\"og:image:type\" content=\"image\/jpeg\" \/>\n<meta name=\"twitter:card\" content=\"summary_large_image\" \/>\n<meta name=\"twitter:label1\" content=\"Est. reading time\" \/>\n\t<meta name=\"twitter:data1\" content=\"1 minut\" \/>\n\t<meta name=\"twitter:label2\" content=\"Written by\" \/>\n\t<meta name=\"twitter:data2\" content=\"Lindstr\u00f6m Group\" \/>\n<script type=\"application\/ld+json\" class=\"yoast-schema-graph\">{\"@context\":\"https:\/\/schema.org\",\"@graph\":[{\"@type\":\"WebPage\",\"@id\":\"https:\/\/lindstromgroup.com\/ee\/avaleht-lindstrom\/kaitumiskoodeks\/\",\"url\":\"https:\/\/lindstromgroup.com\/ee\/avaleht-lindstrom\/kaitumiskoodeks\/\",\"name\":\"K\u00e4itumiskoodeks - Lindstr\u00f6m\",\"isPartOf\":{\"@id\":\"https:\/\/lindstromgroup.com\/ee\/#website\"},\"primaryImageOfPage\":{\"@id\":\"https:\/\/lindstromgroup.com\/ee\/avaleht-lindstrom\/kaitumiskoodeks\/#primaryimage\"},\"image\":{\"@id\":\"https:\/\/lindstromgroup.com\/ee\/avaleht-lindstrom\/kaitumiskoodeks\/#primaryimage\"},\"thumbnailUrl\":\"https:\/\/d2ris6qfzcz0wn.cloudfront.net\/wp-content\/uploads\/sites\/13\/2024\/03\/pexels-photo-853568-1.jpg\",\"datePublished\":\"2024-01-12T13:45:58+00:00\",\"dateModified\":\"2024-04-04T12:00:47+00:00\",\"description\":\"Meie k\u00e4itumiskoodeks sisaldab eetilisi p\u00f5him\u00f5tteid, mis juhivad nii meie kui ka tarnijate vastutust inimeste ja keskkonna ees.\",\"breadcrumb\":{\"@id\":\"https:\/\/lindstromgroup.com\/ee\/avaleht-lindstrom\/kaitumiskoodeks\/#breadcrumb\"},\"inLanguage\":\"et\",\"potentialAction\":[{\"@type\":\"ReadAction\",\"target\":[\"https:\/\/lindstromgroup.com\/ee\/avaleht-lindstrom\/kaitumiskoodeks\/\"]}]},{\"@type\":\"ImageObject\",\"inLanguage\":\"et\",\"@id\":\"https:\/\/lindstromgroup.com\/ee\/avaleht-lindstrom\/kaitumiskoodeks\/#primaryimage\",\"url\":\"https:\/\/d2ris6qfzcz0wn.cloudfront.net\/wp-content\/uploads\/sites\/13\/2024\/03\/pexels-photo-853568-1.jpg\",\"contentUrl\":\"https:\/\/d2ris6qfzcz0wn.cloudfront.net\/wp-content\/uploads\/sites\/13\/2024\/03\/pexels-photo-853568-1.jpg\",\"width\":1280,\"height\":854},{\"@type\":\"BreadcrumbList\",\"@id\":\"https:\/\/lindstromgroup.com\/ee\/avaleht-lindstrom\/kaitumiskoodeks\/#breadcrumb\",\"itemListElement\":[{\"@type\":\"ListItem\",\"position\":1,\"name\":\"Avaleht\",\"item\":\"https:\/\/lindstromgroup.com\/ee\/\"},{\"@type\":\"ListItem\",\"position\":2,\"name\":\"K\u00e4itumisjuhend\"}]},{\"@type\":\"WebSite\",\"@id\":\"https:\/\/lindstromgroup.com\/ee\/#website\",\"url\":\"https:\/\/lindstromgroup.com\/ee\/\",\"name\":\"Lindstr\u00f6m Eesti\",\"description\":\"\",\"publisher\":{\"@id\":\"https:\/\/lindstromgroup.com\/ee\/#organization\"},\"potentialAction\":[{\"@type\":\"SearchAction\",\"target\":{\"@type\":\"EntryPoint\",\"urlTemplate\":\"https:\/\/lindstromgroup.com\/ee\/?s={search_term_string}\"},\"query-input\":{\"@type\":\"PropertyValueSpecification\",\"valueRequired\":true,\"valueName\":\"search_term_string\"}}],\"inLanguage\":\"et\"},{\"@type\":\"Organization\",\"@id\":\"https:\/\/lindstromgroup.com\/ee\/#organization\",\"name\":\"Lindstr\u00f6m Eesti\",\"url\":\"https:\/\/lindstromgroup.com\/ee\/\",\"logo\":{\"@type\":\"ImageObject\",\"inLanguage\":\"et\",\"@id\":\"https:\/\/lindstromgroup.com\/ee\/#\/schema\/logo\/image\/\",\"url\":\"https:\/\/d2ris6qfzcz0wn.cloudfront.net\/wp-content\/uploads\/sites\/13\/2023\/10\/Logo512.png\",\"contentUrl\":\"https:\/\/d2ris6qfzcz0wn.cloudfront.net\/wp-content\/uploads\/sites\/13\/2023\/10\/Logo512.png\",\"width\":512,\"height\":109,\"caption\":\"Lindstr\u00f6m Eesti\"},\"image\":{\"@id\":\"https:\/\/lindstromgroup.com\/ee\/#\/schema\/logo\/image\/\"}}]}<\/script>\n<!-- \/ Yoast SEO plugin. -->","yoast_head_json":{"title":"K\u00e4itumiskoodeks - Lindstr\u00f6m","description":"Meie k\u00e4itumiskoodeks sisaldab eetilisi p\u00f5him\u00f5tteid, mis juhivad nii meie kui ka tarnijate vastutust inimeste ja keskkonna ees.","robots":{"index":"index","follow":"follow","max-snippet":"max-snippet:-1","max-image-preview":"max-image-preview:large","max-video-preview":"max-video-preview:-1"},"og_locale":"et_EE","og_type":"article","og_title":"K\u00e4itumiskoodeks - Lindstr\u00f6m","og_description":"Meie k\u00e4itumiskoodeks sisaldab eetilisi p\u00f5him\u00f5tteid, mis juhivad nii meie kui ka tarnijate vastutust inimeste ja keskkonna ees.","og_url":"https:\/\/lindstromgroup.com\/ee\/avaleht-lindstrom\/kaitumiskoodeks\/","og_site_name":"Lindstr\u00f6m Eesti","article_modified_time":"2024-04-04T12:00:47+00:00","og_image":[{"width":1280,"height":854,"url":"https:\/\/d2ris6qfzcz0wn.cloudfront.net\/wp-content\/uploads\/sites\/13\/2024\/03\/pexels-photo-853568-1.jpg","type":"image\/jpeg"}],"twitter_card":"summary_large_image","twitter_misc":{"Est. reading time":"1 minut","Written by":"Lindstr\u00f6m Group"},"schema":{"@context":"https:\/\/schema.org","@graph":[{"@type":"WebPage","@id":"https:\/\/lindstromgroup.com\/ee\/avaleht-lindstrom\/kaitumiskoodeks\/","url":"https:\/\/lindstromgroup.com\/ee\/avaleht-lindstrom\/kaitumiskoodeks\/","name":"K\u00e4itumiskoodeks - Lindstr\u00f6m","isPartOf":{"@id":"https:\/\/lindstromgroup.com\/ee\/#website"},"primaryImageOfPage":{"@id":"https:\/\/lindstromgroup.com\/ee\/avaleht-lindstrom\/kaitumiskoodeks\/#primaryimage"},"image":{"@id":"https:\/\/lindstromgroup.com\/ee\/avaleht-lindstrom\/kaitumiskoodeks\/#primaryimage"},"thumbnailUrl":"https:\/\/d2ris6qfzcz0wn.cloudfront.net\/wp-content\/uploads\/sites\/13\/2024\/03\/pexels-photo-853568-1.jpg","datePublished":"2024-01-12T13:45:58+00:00","dateModified":"2024-04-04T12:00:47+00:00","description":"Meie k\u00e4itumiskoodeks sisaldab eetilisi p\u00f5him\u00f5tteid, mis juhivad nii meie kui ka tarnijate vastutust inimeste ja keskkonna ees.","breadcrumb":{"@id":"https:\/\/lindstromgroup.com\/ee\/avaleht-lindstrom\/kaitumiskoodeks\/#breadcrumb"},"inLanguage":"et","potentialAction":[{"@type":"ReadAction","target":["https:\/\/lindstromgroup.com\/ee\/avaleht-lindstrom\/kaitumiskoodeks\/"]}]},{"@type":"ImageObject","inLanguage":"et","@id":"https:\/\/lindstromgroup.com\/ee\/avaleht-lindstrom\/kaitumiskoodeks\/#primaryimage","url":"https:\/\/d2ris6qfzcz0wn.cloudfront.net\/wp-content\/uploads\/sites\/13\/2024\/03\/pexels-photo-853568-1.jpg","contentUrl":"https:\/\/d2ris6qfzcz0wn.cloudfront.net\/wp-content\/uploads\/sites\/13\/2024\/03\/pexels-photo-853568-1.jpg","width":1280,"height":854},{"@type":"BreadcrumbList","@id":"https:\/\/lindstromgroup.com\/ee\/avaleht-lindstrom\/kaitumiskoodeks\/#breadcrumb","itemListElement":[{"@type":"ListItem","position":1,"name":"Avaleht","item":"https:\/\/lindstromgroup.com\/ee\/"},{"@type":"ListItem","position":2,"name":"K\u00e4itumisjuhend"}]},{"@type":"WebSite","@id":"https:\/\/lindstromgroup.com\/ee\/#website","url":"https:\/\/lindstromgroup.com\/ee\/","name":"Lindstr\u00f6m Eesti","description":"","publisher":{"@id":"https:\/\/lindstromgroup.com\/ee\/#organization"},"potentialAction":[{"@type":"SearchAction","target":{"@type":"EntryPoint","urlTemplate":"https:\/\/lindstromgroup.com\/ee\/?s={search_term_string}"},"query-input":{"@type":"PropertyValueSpecification","valueRequired":true,"valueName":"search_term_string"}}],"inLanguage":"et"},{"@type":"Organization","@id":"https:\/\/lindstromgroup.com\/ee\/#organization","name":"Lindstr\u00f6m Eesti","url":"https:\/\/lindstromgroup.com\/ee\/","logo":{"@type":"ImageObject","inLanguage":"et","@id":"https:\/\/lindstromgroup.com\/ee\/#\/schema\/logo\/image\/","url":"https:\/\/d2ris6qfzcz0wn.cloudfront.net\/wp-content\/uploads\/sites\/13\/2023\/10\/Logo512.png","contentUrl":"https:\/\/d2ris6qfzcz0wn.cloudfront.net\/wp-content\/uploads\/sites\/13\/2023\/10\/Logo512.png","width":512,"height":109,"caption":"Lindstr\u00f6m Eesti"},"image":{"@id":"https:\/\/lindstromgroup.com\/ee\/#\/schema\/logo\/image\/"}}]}},"publishpress_future_workflow_manual_trigger":{"enabledWorkflows":[]},"distributor_meta":false,"distributor_terms":false,"distributor_media":false,"distributor_original_site_name":"Lindstr\u00f6m Eesti","distributor_original_site_url":"https:\/\/lindstromgroup.com\/ee","push-errors":false,"_links":{"self":[{"href":"https:\/\/lindstromgroup.com\/ee\/wp-json\/wp\/v2\/pages\/16240","targetHints":{"allow":["GET"]}}],"collection":[{"href":"https:\/\/lindstromgroup.com\/ee\/wp-json\/wp\/v2\/pages"}],"about":[{"href":"https:\/\/lindstromgroup.com\/ee\/wp-json\/wp\/v2\/types\/page"}],"author":[{"embeddable":true,"href":"https:\/\/lindstromgroup.com\/ee\/wp-json\/wp\/v2\/users\/14"}],"replies":[{"embeddable":true,"href":"https:\/\/lindstromgroup.com\/ee\/wp-json\/wp\/v2\/comments?post=16240"}],"version-history":[{"count":0,"href":"https:\/\/lindstromgroup.com\/ee\/wp-json\/wp\/v2\/pages\/16240\/revisions"}],"up":[{"embeddable":true,"href":"https:\/\/lindstromgroup.com\/ee\/wp-json\/wp\/v2\/pages\/32"}],"wp:featuredmedia":[{"embeddable":true,"href":"https:\/\/lindstromgroup.com\/ee\/wp-json\/wp\/v2\/media\/17443"}],"wp:attachment":[{"href":"https:\/\/lindstromgroup.com\/ee\/wp-json\/wp\/v2\/media?parent=16240"}],"wp:term":[{"taxonomy":"author","embeddable":true,"href":"https:\/\/lindstromgroup.com\/ee\/wp-json\/wp\/v2\/coauthors?post=16240"}],"curies":[{"name":"wp","href":"https:\/\/api.w.org\/{rel}","templated":true}]}}