
    {"id":16445,"date":"2024-01-22T08:08:04","date_gmt":"2024-01-22T08:08:04","guid":{"rendered":"\/?page_id=16445"},"modified":"2024-08-26T13:12:12","modified_gmt":"2024-08-26T11:12:12","slug":"faq","status":"publish","type":"page","link":"https:\/\/lindstromgroup.com\/de\/faq\/","title":{"rendered":"FAQ"},"content":{"rendered":"\n    <div\n        id=\"block_699e3dd6ba1a4c2722333b149305d4ca\"\n        class=\"hero-sub hero-sub--block_699e3dd6ba1a4c2722333b149305d4ca  flex flex-col-reverse lg:flex-row justify-between bg-dark-blue text-white\"\n    >        \n        <div class=\"flex flex-col gap-5 pt-10 pb-5 grow px-5 lg:px-20\">\n            <div class=\"flex flex-col justify-center gap-3 grow max-w-[var(--container-text-max)]\">\n                <h1 class=\"!mb-0 !text-white !text-title-medium lg:!text-title-large !font-bold hyphens-auto break-words\">\n                    FAQ                <\/h1>\n    \n                <div class=\"hero-sub__description\">\n                    <p>H\u00e4ufig gestellte Fragen zu unserem Arbeitskleidungsverleih.<\/p>\n                <\/div>\n    \n                \n                            <\/div>\n                            <div class=\"font-bold hero-sub__breadcrumb text-body-small\">\n                        <span><span><a href=\"https:\/\/lindstromgroup.com\/de\/\">Home<\/a><\/span><\/span>                <\/div>\n                    <\/div>\n\n        <div class=\"[&#038;_picture]:w-full flex h-full lg:h-auto max-h-[350px] lg:max-h-none lg:min-h-full w-full lg:w-[650px]\">\n            <img decoding=\"async\"\n                class=\"object-cover w-full h-full\"\n                src=\"https:\/\/d2ris6qfzcz0wn.cloudfront.net\/wp-content\/uploads\/sites\/26\/2024\/01\/008_Lindstrom_hotel_final_hires-1024x683.jpg\"\n                alt=\"H\u00e4ufig gestellte Fragen zu unserem Arbeitskleidungsverleih.\"\n            >\n        <\/div>\n    <\/div>\n\n\n\n        <style>\n            .lindstrom-container--block_c8105e52db0f4ca2bd32406063e206b1 {                \n                padding-top: 35px;\n                padding-bottom: 35px;\n            }\n\n            @media screen and (min-width: 768px) {\n                .lindstrom-container--block_c8105e52db0f4ca2bd32406063e206b1 {\n                    padding-top: 75px;\n                    padding-bottom: 75px;\n                }\n            }\n        <\/style>\n    \n<div\n    class=\"lindstrom-container-wrapper lindstrom-container lindstrom-container--block_c8105e52db0f4ca2bd32406063e206b1 \"\n    id=\"Arbeitskleidung\"\n    style=\"background-color: #ffffff\"\n    >\n    <div class=\"lindstrom-container lindstrom-container--text items-stretch\">\n        \n\n        <div \n        id=\"cta-country-block_bee6cc60a16b7d6a3024d9e8ed343945\" \n        class=\"cta-country\"\n    >\n        <div class=\"flex flex-col gap-5\" style=\"align-items: flex-start\">\n                            <h2 class='!text-title-small lg:!text-title-medium !text-grey-100 !font-bold !my-0'>                    Arbeitskleidungsmietservice                <\/h2>                                    <div class=\"cta-button-container cta-button-container--row\">\n                            <\/div>\n        <\/div>\n    <\/div>\n    \n\n\n            <div \n            id=\"accordions-block_d937608191967ba061b17cd364d20028\" \n            class=\"accordions\"\n        >\n                            \n        <div class='accordion__item'>\n            <div class='item__header'>\n            <span class='header__icon material-symbols-outlined'>add<\/span>\n                <h4 class='header__title'>\n                    Wie funktioniert der Arbeitskleidungsmietservice?\n                <\/h4>                                \n            <\/div>\n            <div class='item__content item__content--open'>\n                <div class='content__description'>\n                    <p>Bei Lindstr\u00f6m entwerfen und kaufen wir Arbeitskleidung nach Ihren W\u00fcnschen und k\u00fcmmern uns dann um sie. In vereinbarten Abst\u00e4nden holen wir schmutzige und besch\u00e4digte Kleidung ab und bringen Ihnen saubere bei.<\/p>\n<p>Das Mieten von Arbeitskleidung bringt f\u00fcr Unternehmen eine Reihe von Vorteilen: Neben der Zeit- und Kostenersparnis ist es ein nachhaltiger Ansatz und die Gewissheit, dass hochwertige Arbeitskleidung den Hygienevorschriften und h\u00f6chsten Anforderungen an die Sicherheit und den Komfort der Mitarbeiter entspricht. F\u00fcr repr\u00e4sentative Kleidung in Firmenfarben und mit Firmenlogo ist selbstverst\u00e4ndlich gesorgt.<\/p>\n<p>Wenn Sie auf der Suche nach hochwertiger Arbeitskleidung f\u00fcr Ihre Mitarbeiter sind, die alle Kriterien erf\u00fcllt und um deren Wartung Sie sich keine Sorgen machen m\u00fcssen, <a href=\"https:\/\/lindstromgroup.com\/de\/contact-us\/\">kontaktieren Sie uns noch heute<\/a>.<\/p>\n\n                <\/div>\n            <\/div>\n        <\/div>\n                                \n        <div class='accordion__item'>\n            <div class='item__header'>\n            <span class='header__icon material-symbols-outlined'>add<\/span>\n                <h4 class='header__title'>\n                    Wie lange ist die Lieferzeit f\u00fcr Arbeitskleidung bei der Bestellung neuer Kleidung?\n                <\/h4>                                \n            <\/div>\n            <div class='item__content item__content--open'>\n                <div class='content__description'>\n                    <p>Die Lieferzeit der Arbeitskleidung h\u00e4ngt von der Art der bestellten Kleidung ab, von Ihrer Entscheidung, ob Sie ein aufgen\u00e4htes Logo oder ein Namensschild des Mitarbeiters auf der Kleidung haben m\u00f6chten. Die Herstellung eines ann\u00e4hbaren Namensschildes dauert ca. 4 Wochen.<\/p>\n\n                <\/div>\n            <\/div>\n        <\/div>\n                                \n        <div class='accordion__item'>\n            <div class='item__header'>\n            <span class='header__icon material-symbols-outlined'>add<\/span>\n                <h4 class='header__title'>\n                    Woher wissen Sie in der Waschk\u00fcche, welchem \u200b\u200bMitarbeiter die Arbeitskleidung geh\u00f6rt und in welchem \u200b\u200bSchlie\u00dffach Sie sie abgeben m\u00fcssen?\n                <\/h4>                                \n            <\/div>\n            <div class='item__content item__content--open'>\n                <div class='content__description'>\n                    <p>Jede Arbeitskleidung ist mit einem Etikett mit einem Zahlencode gekennzeichnet. Auf der linken Seite steht die Kundennummer (mittlere Nummer), in der oberen rechten Ecke des Etiketts steht die Abteil- und Schlie\u00dffachnummer des einzelnen Mitarbeiters.<\/p>\n\n                <\/div>\n            <\/div>\n        <\/div>\n                                \n        <div class='accordion__item'>\n            <div class='item__header'>\n            <span class='header__icon material-symbols-outlined'>add<\/span>\n                <h4 class='header__title'>\n                    Darf ein Mitarbeiter seine Arbeitskleidung selbst anpassen?\n                <\/h4>                                \n            <\/div>\n            <div class='item__content item__content--open'>\n                <div class='content__description'>\n                    <p>Nein, Mitarbeiter d\u00fcrfen Lindstr\u00f6m-Arbeitskleidung nicht selbst n\u00e4hen oder reparieren. Die erforderliche \u00c4nderung der Kleidung kann mit der eLindstr\u00f6m-Anwendung \u00fcber das Formular \u201eServiceanfrage\u201c bestellt werden.<\/p>\n\n                <\/div>\n            <\/div>\n        <\/div>\n                                \n        <div class='accordion__item'>\n            <div class='item__header'>\n            <span class='header__icon material-symbols-outlined'>add<\/span>\n                <h4 class='header__title'>\n                    Ist es m\u00f6glich, Hosen oder \u00c4rmel von Arbeitskleidung zu k\u00fcrzen?\n                <\/h4>                                \n            <\/div>\n            <div class='item__content item__content--open'>\n                <div class='content__description'>\n                    <p>Wir k\u00fcrzen\/verl\u00e4ngern ausschlie\u00dflich Hosen. Auf keinen Fall schr\u00e4nken wir die Kleidung ein. Der Kunde kann \u00c4nderungsw\u00fcnsche f\u00fcr Arbeitskleidung direkt in unser Reparaturaufzeichnungssystem eingeben, indem er die eLindstr\u00f6m-Anwendung im Abschnitt \u201eServiceanfragen\u201c verwendet.<\/p>\n\n                <\/div>\n            <\/div>\n        <\/div>\n                                \n        <div class='accordion__item'>\n            <div class='item__header'>\n            <span class='header__icon material-symbols-outlined'>add<\/span>\n                <h4 class='header__title'>\n                    Woher wissen Sie, dass Arbeitskleidung entsorgt werden muss oder dass Arbeitskleidung noch repariert werden kann?\n                <\/h4>                                \n            <\/div>\n            <div class='item__content item__content--open'>\n                <div class='content__description'>\n                    <p>Bei Abschluss des Bekleidungsmietvertrages vereinbaren wir eine sogenannte Nutzergruppe, die f\u00fcr Ihr Unternehmen gilt. Eine Gruppe von Benutzern legt den vereinbarten Verschlei\u00df- und Reparaturgrad fest: 8 = leichter Verschlei\u00df und kleinere Reparaturen zul\u00e4ssig, 7 = geringf\u00fcgige Reparaturen, m\u00e4\u00dfiger Verschlei\u00df und kleine Flecken zul\u00e4ssig, 6 = Reparaturen, Flecken und Abnutzung zul\u00e4ssig. Auf jedem Kleidungsst\u00fcck ist ein Zahlencode aufgedruckt, auf dem die Benutzergruppe vermerkt ist. Dies ist die erste Zahl in der mittleren Zeile des Zahlencodes. Entspricht die Arbeitskleidung nicht mehr den vereinbarten Kriterien, wird sie automatisch in der W\u00e4scherei gegen neue ausgetauscht.<\/p>\n\n                <\/div>\n            <\/div>\n        <\/div>\n                                \n        <div class='accordion__item'>\n            <div class='item__header'>\n            <span class='header__icon material-symbols-outlined'>add<\/span>\n                <h4 class='header__title'>\n                    Was tun, wenn wir eine Filiale schlie\u00dfen, in der die Mitarbeiter Arbeitskleidung gemietet haben und die anderen Filialen weitergef\u00fchrt werden?\n                <\/h4>                                \n            <\/div>\n            <div class='item__content item__content--open'>\n                <div class='content__description'>\n                    <p>Es ist notwendig, rechtzeitig zu melden, an welchem \u200b\u200bTag die Filiale schlie\u00dft, damit es ausreicht, die Kleiderschr\u00e4nke mitzunehmen. Wir m\u00fcssen auch wissen, ob Mitarbeiter in eine andere Niederlassung wechseln oder ihr Arbeitsverh\u00e4ltnis beenden. Wir werden die Kleidung von Mitarbeitern, die in eine andere Filiale wechseln, in diese Filiale umlagern und ihren Lieferweg \u00e4ndern. Kleidungsst\u00fccke von Mitarbeitern, die das Arbeitsverh\u00e4ltnis beenden, m\u00fcssen vollst\u00e4ndig zur\u00fcckgegeben werden, andernfalls werden sie weiterhin in Rechnung gestellt.<\/p>\n\n                <\/div>\n            <\/div>\n        <\/div>\n                                \n        <div class='accordion__item'>\n            <div class='item__header'>\n            <span class='header__icon material-symbols-outlined'>add<\/span>\n                <h4 class='header__title'>\n                    Wie ist es m\u00f6glich, Arbeitskleidung f\u00fcr einen neuen Mitarbeiter zu bestellen, wenn der Mietservice bereits l\u00e4uft?\n                <\/h4>                                \n            <\/div>\n            <div class='item__content item__content--open'>\n                <div class='content__description'>\n                    <ul>\n<li>\u00dcber die eLindstr\u00f6m-App, Abschnitt \u201eBestellungen\u201c.<\/li>\n<li>Per E-Mail: an den Kundenservice: cz@lindstromgroup.com.<\/li>\n<li>Per Telefon, \u00fcber den Kundendienst: +420 311 533 020.<\/li>\n<\/ul>\n\n                <\/div>\n            <\/div>\n        <\/div>\n                        <\/div>\n    \n\n    <\/div>\n<\/div>\n","protected":false},"excerpt":{"rendered":"","protected":false},"author":14,"featured_media":16321,"parent":0,"menu_order":0,"comment_status":"closed","ping_status":"closed","template":"","meta":{"_acf_changed":true,"inline_featured_image":false,"_eb_attr":"","site-sidebar-layout":"default","site-content-layout":"","ast-site-content-layout":"default","site-content-style":"default","site-sidebar-style":"default","ast-global-header-display":"","ast-banner-title-visibility":"","ast-main-header-display":"","ast-hfb-above-header-display":"","ast-hfb-below-header-display":"","ast-hfb-mobile-header-display":"","site-post-title":"","ast-breadcrumbs-content":"","ast-featured-img":"","footer-sml-layout":"","ast-disable-related-posts":"","theme-transparent-header-meta":"","adv-header-id-meta":"","stick-header-meta":"","header-above-stick-meta":"","header-main-stick-meta":"","header-below-stick-meta":"","astra-migrate-meta-layouts":"default","ast-page-background-enabled":"default","ast-page-background-meta":{"desktop":{"background-color":"var(--ast-global-color-4)","background-image":"","background-repeat":"repeat","background-position":"center center","background-size":"auto","background-attachment":"scroll","background-type":"","background-media":"","overlay-type":"","overlay-color":"","overlay-opacity":"","overlay-gradient":""},"tablet":{"background-color":"","background-image":"","background-repeat":"repeat","background-position":"center center","background-size":"auto","background-attachment":"scroll","background-type":"","background-media":"","overlay-type":"","overlay-color":"","overlay-opacity":"","overlay-gradient":""},"mobile":{"background-color":"","background-image":"","background-repeat":"repeat","background-position":"center center","background-size":"auto","background-attachment":"scroll","background-type":"","background-media":"","overlay-type":"","overlay-color":"","overlay-opacity":"","overlay-gradient":""}},"ast-content-background-meta":{"desktop":{"background-color":"var(--ast-global-color-5)","background-image":"","background-repeat":"repeat","background-position":"center center","background-size":"auto","background-attachment":"scroll","background-type":"","background-media":"","overlay-type":"","overlay-color":"","overlay-opacity":"","overlay-gradient":""},"tablet":{"background-color":"var(--ast-global-color-5)","background-image":"","background-repeat":"repeat","background-position":"center center","background-size":"auto","background-attachment":"scroll","background-type":"","background-media":"","overlay-type":"","overlay-color":"","overlay-opacity":"","overlay-gradient":""},"mobile":{"background-color":"var(--ast-global-color-5)","background-image":"","background-repeat":"repeat","background-position":"center center","background-size":"auto","background-attachment":"scroll","background-type":"","background-media":"","overlay-type":"","overlay-color":"","overlay-opacity":"","overlay-gradient":""}},"footnotes":""},"coauthors":[20],"class_list":["post-16445","page","type-page","status-publish","has-post-thumbnail","hentry"],"acf":[],"yoast_head":"<!-- This site is optimized with the Yoast SEO plugin v27.2 - https:\/\/yoast.com\/product\/yoast-seo-wordpress\/ -->\n<title>FAQ - Lindstr\u00f6m Germany<\/title>\n<meta name=\"robots\" content=\"index, follow, max-snippet:-1, max-image-preview:large, max-video-preview:-1\" \/>\n<meta property=\"og:locale\" content=\"de_DE\" \/>\n<meta property=\"og:type\" content=\"article\" \/>\n<meta property=\"og:title\" content=\"FAQ - Lindstr\u00f6m Germany\" \/>\n<meta property=\"og:url\" content=\"https:\/\/lindstromgroup.com\/de\/faq\/\" \/>\n<meta property=\"og:site_name\" content=\"Lindstr\u00f6m Germany\" \/>\n<meta property=\"article:modified_time\" content=\"2024-08-26T11:12:12+00:00\" \/>\n<meta property=\"og:image\" content=\"https:\/\/d2ris6qfzcz0wn.cloudfront.net\/wp-content\/uploads\/sites\/26\/2024\/01\/008_Lindstrom_hotel_final_hires.jpg\" \/>\n\t<meta property=\"og:image:width\" content=\"1500\" \/>\n\t<meta property=\"og:image:height\" content=\"1001\" \/>\n\t<meta property=\"og:image:type\" content=\"image\/jpeg\" \/>\n<meta name=\"twitter:card\" content=\"summary_large_image\" \/>\n<meta name=\"twitter:label1\" content=\"Gesch\u00e4tzte Lesezeit\" \/>\n\t<meta name=\"twitter:data1\" content=\"1 Minute\" \/>\n\t<meta name=\"twitter:label2\" content=\"Written by\" \/>\n\t<meta name=\"twitter:data2\" content=\"Lindstr\u00f6m Group\" \/>\n<script type=\"application\/ld+json\" class=\"yoast-schema-graph\">{\"@context\":\"https:\/\/schema.org\",\"@graph\":[{\"@type\":\"WebPage\",\"@id\":\"https:\/\/lindstromgroup.com\/de\/faq\/\",\"url\":\"https:\/\/lindstromgroup.com\/de\/faq\/\",\"name\":\"FAQ - Lindstr\u00f6m Germany\",\"isPartOf\":{\"@id\":\"https:\/\/lindstromgroup.com\/de\/#website\"},\"primaryImageOfPage\":{\"@id\":\"https:\/\/lindstromgroup.com\/de\/faq\/#primaryimage\"},\"image\":{\"@id\":\"https:\/\/lindstromgroup.com\/de\/faq\/#primaryimage\"},\"thumbnailUrl\":\"https:\/\/d2ris6qfzcz0wn.cloudfront.net\/wp-content\/uploads\/sites\/26\/2024\/01\/008_Lindstrom_hotel_final_hires.jpg\",\"datePublished\":\"2024-01-22T08:08:04+00:00\",\"dateModified\":\"2024-08-26T11:12:12+00:00\",\"breadcrumb\":{\"@id\":\"https:\/\/lindstromgroup.com\/de\/faq\/#breadcrumb\"},\"inLanguage\":\"de-DE\",\"potentialAction\":[{\"@type\":\"ReadAction\",\"target\":[\"https:\/\/lindstromgroup.com\/de\/faq\/\"]}]},{\"@type\":\"ImageObject\",\"inLanguage\":\"de-DE\",\"@id\":\"https:\/\/lindstromgroup.com\/de\/faq\/#primaryimage\",\"url\":\"https:\/\/d2ris6qfzcz0wn.cloudfront.net\/wp-content\/uploads\/sites\/26\/2024\/01\/008_Lindstrom_hotel_final_hires.jpg\",\"contentUrl\":\"https:\/\/d2ris6qfzcz0wn.cloudfront.net\/wp-content\/uploads\/sites\/26\/2024\/01\/008_Lindstrom_hotel_final_hires.jpg\",\"width\":1500,\"height\":1001},{\"@type\":\"BreadcrumbList\",\"@id\":\"https:\/\/lindstromgroup.com\/de\/faq\/#breadcrumb\",\"itemListElement\":[{\"@type\":\"ListItem\",\"position\":1,\"name\":\"Home\",\"item\":\"https:\/\/lindstromgroup.com\/de\/\"},{\"@type\":\"ListItem\",\"position\":2,\"name\":\"FAQ\"}]},{\"@type\":\"WebSite\",\"@id\":\"https:\/\/lindstromgroup.com\/de\/#website\",\"url\":\"https:\/\/lindstromgroup.com\/de\/\",\"name\":\"Lindstr\u00f6m Germany\",\"description\":\"\",\"publisher\":{\"@id\":\"https:\/\/lindstromgroup.com\/de\/#organization\"},\"potentialAction\":[{\"@type\":\"SearchAction\",\"target\":{\"@type\":\"EntryPoint\",\"urlTemplate\":\"https:\/\/lindstromgroup.com\/de\/?s={search_term_string}\"},\"query-input\":{\"@type\":\"PropertyValueSpecification\",\"valueRequired\":true,\"valueName\":\"search_term_string\"}}],\"inLanguage\":\"de-DE\"},{\"@type\":\"Organization\",\"@id\":\"https:\/\/lindstromgroup.com\/de\/#organization\",\"name\":\"Lindstr\u00f6m Germany\",\"url\":\"https:\/\/lindstromgroup.com\/de\/\",\"logo\":{\"@type\":\"ImageObject\",\"inLanguage\":\"de-DE\",\"@id\":\"https:\/\/lindstromgroup.com\/de\/#\/schema\/logo\/image\/\",\"url\":\"https:\/\/d2ris6qfzcz0wn.cloudfront.net\/wp-content\/uploads\/sites\/26\/2023\/10\/Logo512.png\",\"contentUrl\":\"https:\/\/d2ris6qfzcz0wn.cloudfront.net\/wp-content\/uploads\/sites\/26\/2023\/10\/Logo512.png\",\"width\":512,\"height\":109,\"caption\":\"Lindstr\u00f6m Germany\"},\"image\":{\"@id\":\"https:\/\/lindstromgroup.com\/de\/#\/schema\/logo\/image\/\"}}]}<\/script>\n<!-- \/ Yoast SEO plugin. -->","yoast_head_json":{"title":"FAQ - Lindstr\u00f6m Germany","robots":{"index":"index","follow":"follow","max-snippet":"max-snippet:-1","max-image-preview":"max-image-preview:large","max-video-preview":"max-video-preview:-1"},"og_locale":"de_DE","og_type":"article","og_title":"FAQ - Lindstr\u00f6m Germany","og_url":"https:\/\/lindstromgroup.com\/de\/faq\/","og_site_name":"Lindstr\u00f6m Germany","article_modified_time":"2024-08-26T11:12:12+00:00","og_image":[{"width":1500,"height":1001,"url":"https:\/\/d2ris6qfzcz0wn.cloudfront.net\/wp-content\/uploads\/sites\/26\/2024\/01\/008_Lindstrom_hotel_final_hires.jpg","type":"image\/jpeg"}],"twitter_card":"summary_large_image","twitter_misc":{"Gesch\u00e4tzte Lesezeit":"1 Minute","Written by":"Lindstr\u00f6m Group"},"schema":{"@context":"https:\/\/schema.org","@graph":[{"@type":"WebPage","@id":"https:\/\/lindstromgroup.com\/de\/faq\/","url":"https:\/\/lindstromgroup.com\/de\/faq\/","name":"FAQ - Lindstr\u00f6m Germany","isPartOf":{"@id":"https:\/\/lindstromgroup.com\/de\/#website"},"primaryImageOfPage":{"@id":"https:\/\/lindstromgroup.com\/de\/faq\/#primaryimage"},"image":{"@id":"https:\/\/lindstromgroup.com\/de\/faq\/#primaryimage"},"thumbnailUrl":"https:\/\/d2ris6qfzcz0wn.cloudfront.net\/wp-content\/uploads\/sites\/26\/2024\/01\/008_Lindstrom_hotel_final_hires.jpg","datePublished":"2024-01-22T08:08:04+00:00","dateModified":"2024-08-26T11:12:12+00:00","breadcrumb":{"@id":"https:\/\/lindstromgroup.com\/de\/faq\/#breadcrumb"},"inLanguage":"de-DE","potentialAction":[{"@type":"ReadAction","target":["https:\/\/lindstromgroup.com\/de\/faq\/"]}]},{"@type":"ImageObject","inLanguage":"de-DE","@id":"https:\/\/lindstromgroup.com\/de\/faq\/#primaryimage","url":"https:\/\/d2ris6qfzcz0wn.cloudfront.net\/wp-content\/uploads\/sites\/26\/2024\/01\/008_Lindstrom_hotel_final_hires.jpg","contentUrl":"https:\/\/d2ris6qfzcz0wn.cloudfront.net\/wp-content\/uploads\/sites\/26\/2024\/01\/008_Lindstrom_hotel_final_hires.jpg","width":1500,"height":1001},{"@type":"BreadcrumbList","@id":"https:\/\/lindstromgroup.com\/de\/faq\/#breadcrumb","itemListElement":[{"@type":"ListItem","position":1,"name":"Home","item":"https:\/\/lindstromgroup.com\/de\/"},{"@type":"ListItem","position":2,"name":"FAQ"}]},{"@type":"WebSite","@id":"https:\/\/lindstromgroup.com\/de\/#website","url":"https:\/\/lindstromgroup.com\/de\/","name":"Lindstr\u00f6m Germany","description":"","publisher":{"@id":"https:\/\/lindstromgroup.com\/de\/#organization"},"potentialAction":[{"@type":"SearchAction","target":{"@type":"EntryPoint","urlTemplate":"https:\/\/lindstromgroup.com\/de\/?s={search_term_string}"},"query-input":{"@type":"PropertyValueSpecification","valueRequired":true,"valueName":"search_term_string"}}],"inLanguage":"de-DE"},{"@type":"Organization","@id":"https:\/\/lindstromgroup.com\/de\/#organization","name":"Lindstr\u00f6m Germany","url":"https:\/\/lindstromgroup.com\/de\/","logo":{"@type":"ImageObject","inLanguage":"de-DE","@id":"https:\/\/lindstromgroup.com\/de\/#\/schema\/logo\/image\/","url":"https:\/\/d2ris6qfzcz0wn.cloudfront.net\/wp-content\/uploads\/sites\/26\/2023\/10\/Logo512.png","contentUrl":"https:\/\/d2ris6qfzcz0wn.cloudfront.net\/wp-content\/uploads\/sites\/26\/2023\/10\/Logo512.png","width":512,"height":109,"caption":"Lindstr\u00f6m Germany"},"image":{"@id":"https:\/\/lindstromgroup.com\/de\/#\/schema\/logo\/image\/"}}]}},"publishpress_future_workflow_manual_trigger":{"enabledWorkflows":[]},"distributor_meta":false,"distributor_terms":false,"distributor_media":false,"distributor_original_site_name":"Lindstr\u00f6m Germany","distributor_original_site_url":"https:\/\/lindstromgroup.com\/de","push-errors":false,"_links":{"self":[{"href":"https:\/\/lindstromgroup.com\/de\/wp-json\/wp\/v2\/pages\/16445","targetHints":{"allow":["GET"]}}],"collection":[{"href":"https:\/\/lindstromgroup.com\/de\/wp-json\/wp\/v2\/pages"}],"about":[{"href":"https:\/\/lindstromgroup.com\/de\/wp-json\/wp\/v2\/types\/page"}],"author":[{"embeddable":true,"href":"https:\/\/lindstromgroup.com\/de\/wp-json\/wp\/v2\/users\/14"}],"replies":[{"embeddable":true,"href":"https:\/\/lindstromgroup.com\/de\/wp-json\/wp\/v2\/comments?post=16445"}],"version-history":[{"count":0,"href":"https:\/\/lindstromgroup.com\/de\/wp-json\/wp\/v2\/pages\/16445\/revisions"}],"wp:featuredmedia":[{"embeddable":true,"href":"https:\/\/lindstromgroup.com\/de\/wp-json\/wp\/v2\/media\/16321"}],"wp:attachment":[{"href":"https:\/\/lindstromgroup.com\/de\/wp-json\/wp\/v2\/media?parent=16445"}],"wp:term":[{"taxonomy":"author","embeddable":true,"href":"https:\/\/lindstromgroup.com\/de\/wp-json\/wp\/v2\/coauthors?post=16445"}],"curies":[{"name":"wp","href":"https:\/\/api.w.org\/{rel}","templated":true}]}}