
    {"id":19406,"date":"2025-05-27T12:53:21","date_gmt":"2025-05-27T11:53:21","guid":{"rendered":"https:\/\/lindstromgroup.com\/cz\/?page_id=19406"},"modified":"2025-05-27T13:55:36","modified_gmt":"2025-05-27T12:55:36","slug":"pracovni-odevy-v-potravinarske-vyrobe","status":"publish","type":"page","link":"https:\/\/lindstromgroup.com\/cz\/pracovni-odevy-v-potravinarske-vyrobe\/","title":{"rendered":"Pracovn\u00ed od\u011bvy v potravin\u00e1\u0159sk\u00e9 v\u00fdrob\u011b"},"content":{"rendered":"\n    <div\n        id=\"block_0f1677851b0fe517f355e9194d247f4a\"\n        class=\"hero-sub hero-sub--block_0f1677851b0fe517f355e9194d247f4a  flex flex-col-reverse lg:flex-row justify-between bg-dark-blue text-white\"\n    >        \n        <div class=\"flex flex-col gap-5 pt-10 pb-5 grow px-5 lg:px-20\">\n            <div class=\"flex flex-col justify-center gap-3 grow max-w-[var(--container-text-max)]\">\n                <h1 class=\"!mb-0 !text-white !text-title-medium lg:!text-title-large !font-bold hyphens-auto break-words\">\n                    Pracovn\u00ed od\u011bvy v potravin\u00e1\u0159sk\u00e9 v\u00fdrob\u011b                 <\/h1>\n    \n                <div class=\"hero-sub__description\">\n                    <p>V\u00fdsledky mezin\u00e1rodn\u00edho v\u00fdzkumu  mezi zam\u011bstnanci v potravin\u00e1\u0159stv\u00ed<\/p>\n                <\/div>\n    \n                \n                            <\/div>\n                            <div class=\"font-bold hero-sub__breadcrumb text-body-small\">\n                        <span><span><a href=\"https:\/\/lindstromgroup.com\/cz\/\">Home<\/a><\/span><\/span>                <\/div>\n                    <\/div>\n\n        <div class=\"[&#038;_picture]:w-full flex h-full lg:h-auto max-h-[350px] lg:max-h-none lg:min-h-full w-full lg:w-[650px]\">\n            <img decoding=\"async\"\n                class=\"object-cover w-full h-full\"\n                src=\"https:\/\/d2ris6qfzcz0wn.cloudfront.net\/wp-content\/uploads\/sites\/25\/2025\/05\/ART_0944-LR-1024x432.jpg\"\n                alt=\"V\u00fdsledky mezin\u00e1rodn\u00edho v\u00fdzkumu  mezi zam\u011bstnanci v potravin\u00e1\u0159stv\u00ed\"\n            >\n        <\/div>\n    <\/div>\n\n\n\n        <style>\n            .lindstrom-container--block_07476c0c14faace87eb284c8199db10a {                \n                padding-top: 35px;\n                padding-bottom: 35px;\n            }\n\n            @media screen and (min-width: 768px) {\n                .lindstrom-container--block_07476c0c14faace87eb284c8199db10a {\n                    padding-top: 75px;\n                    padding-bottom: 35px;\n                }\n            }\n        <\/style>\n    \n<div\n    class=\"lindstrom-container-wrapper lindstrom-container lindstrom-container--block_07476c0c14faace87eb284c8199db10a \"\n    id=\"block_07476c0c14faace87eb284c8199db10a\"\n    style=\"background-color: #ffffff\"\n    >\n    <div class=\"lindstrom-container lindstrom-container--text items-stretch\">\n        \n\n<p class=\"has-text-align-center\">Jak vypad\u00e1 ka\u017edodenn\u00ed praxe no\u0161en\u00ed pracovn\u00edch od\u011bv\u016f ve v\u00fdrob\u011b potravin? Co zam\u011bstnanci u pracovn\u00edch od\u011bv\u016f nejv\u00edce oce\u0148uj\u00ed \u2013 a co jim chyb\u00ed? P\u0159in\u00e1\u0161\u00edme v\u00e1m shrnut\u00ed kl\u00ed\u010dov\u00fdch zji\u0161t\u011bn\u00ed z rozs\u00e1hl\u00e9ho v\u00fdzkumu, kter\u00fd v \u00fanoru 2025 provedla nez\u00e1visl\u00e1 agentura Nortstat mezi v\u00edce ne\u017e dv\u011bma tis\u00edci zam\u011bstnanci z 11 evropsk\u00fdch zem\u00ed. V\u00fdzkum byl zam\u011b\u0159en hlavn\u011b na segment potravin\u00e1\u0159sk\u00e9ho pr\u016fmyslu, kde odpov\u00eddalo 940 pracovn\u00edk\u016f, p\u0159edev\u0161\u00edm \u017een ve st\u00e1l\u00e9m pracovn\u00edm pom\u011bru.<\/p>\n\n\n\n<p class=\"has-text-align-center\">Shrnut\u00ed obsahuje nejen p\u0159ehled nejd\u016fle\u017eit\u011bj\u0161\u00edch dat z tohoto v\u00fdzkumu, ale i doporu\u010den\u00ed na\u0161ich expert\u016f:<\/p>\n\n\n\n<p class=\"has-text-align-center\">\u2b50jak vybrat spr\u00e1vn\u00e9 pracovn\u00ed od\u011bvy<\/p>\n\n\n\n<p class=\"has-text-align-center\">\u2b50jak zlep\u0161it udr\u017eitelnost pracovn\u00edch od\u011bv\u016f<\/p>\n\n\n\n<p class=\"has-text-align-center\">\u2b50 jak efektivn\u011b \u0159\u00eddit hygienick\u00e9 standardy pracovn\u00edch od\u011bv\u016f<\/p>\n\n\n    <\/div>\n<\/div>\n\n\n\n        <style>\n            .lindstrom-container--block_4f9f50cde4bbfa687dc4a3f554be34a5 {                \n                padding-top: 35px;\n                padding-bottom: 35px;\n            }\n\n            @media screen and (min-width: 768px) {\n                .lindstrom-container--block_4f9f50cde4bbfa687dc4a3f554be34a5 {\n                    padding-top: 35px;\n                    padding-bottom: 30px;\n                }\n            }\n        <\/style>\n    \n<div\n    class=\"lindstrom-container-wrapper lindstrom-container lindstrom-container--block_4f9f50cde4bbfa687dc4a3f554be34a5 \"\n    id=\"block_4f9f50cde4bbfa687dc4a3f554be34a5\"\n    style=\"background-color: #ffffff\"\n    >\n    <div class=\"lindstrom-container lindstrom-container--content items-stretch\">\n        \n\n<div class=\"wp-block-columns is-layout-flex wp-container-core-columns-is-layout-28f84493 wp-block-columns-is-layout-flex\">\n<div class=\"wp-block-column is-layout-flow wp-block-column-is-layout-flow\" style=\"flex-basis:66.66%\">\n<figure class=\"wp-block-image size-full\"><img decoding=\"async\" width=\"796\" height=\"443\" src=\"https:\/\/d2ris6qfzcz0wn.cloudfront.net\/wp-content\/uploads\/sites\/25\/2025\/05\/Food_study_uvodni-strana.jpg\" alt=\"\" class=\"wp-image-19408\" srcset=\"https:\/\/d2ris6qfzcz0wn.cloudfront.net\/wp-content\/uploads\/sites\/25\/2025\/05\/Food_study_uvodni-strana.jpg 796w, https:\/\/d2ris6qfzcz0wn.cloudfront.net\/wp-content\/uploads\/sites\/25\/2025\/05\/Food_study_uvodni-strana-300x167.jpg 300w, https:\/\/d2ris6qfzcz0wn.cloudfront.net\/wp-content\/uploads\/sites\/25\/2025\/05\/Food_study_uvodni-strana-768x427.jpg 768w\" sizes=\"(max-width: 796px) 100vw, 796px\" \/><\/figure>\n<\/div>\n\n\n\n<div class=\"wp-block-column is-layout-flow wp-block-column-is-layout-flow\" style=\"flex-basis:33.33%\">\n<h2 class=\"wp-block-heading\">Chci vid\u011bt v\u00fdsledky v\u00fdzkumu.<\/h2>\n\n\n\n<p>Pros\u00edm vypl\u0148te po\u017eadovan\u00e9 kontaktn\u00ed informace a z\u00edskejte link ke sta\u017een\u00ed shrnut\u00ed v\u00fdsledk\u016f v\u00fdzkumu.<\/p>\n\n\n\n    <div id=\"hubspot-contact-form-block_fc87a976df0b33eb165059e29fb61c89\" class=\"hubspot-contact-form\">\n        \n        \n        <div class=\"form-wrapper\"><\/div>\n        <div class=\"editor-message\">\n            Please set a valid form ID.\n        <\/div>\n    <\/div>\n\n<script>\n    \/**\n     * Generate dynamic init form function name to prevent it get re-initialized if there are multiple forms in a page\n     *\/\n    function initForm_69e9678866644() {\n        \/\/ retry until hubspot script is initialized\n        if (typeof hbspt !== \"undefined\") {\n            hbspt.forms.create({\n                region: \"eu1\",\n                portalId: \"2758505\",\n                formId: \"c4c3ff40-08ad-45b6-b6e1-502e0a3ac01a\",\n                target: `#hubspot-contact-form-block_fc87a976df0b33eb165059e29fb61c89 .form-wrapper`,\n                onFormReady: (arg) => {\n                    const hasFeaturedField = 0;\n                    if (!hasFeaturedField) {\n                        return\n                    }\n    \n                    \/\/ in case the featured field is not available in the form\n                    const featuredField = document.querySelector(`#hubspot-contact-form-block_fc87a976df0b33eb165059e29fb61c89 .none`);\n                    if (!featuredField) {\n                        return\n                    }\n    \n                    \/\/ only support checkbox field for now\n                    convertCheckboxFeaturedField(featuredField)                \n                }\n            });\n            return;\n        }\n\n        setTimeout(initForm_69e9678866644, 250);\n    }\n\n    function convertCheckboxFeaturedField(featuredField) {\n        const fieldsetWrapper = featuredField.parentElement\n        \n        \/\/ add the featured field class to the wrapper fieldset element\n        \/\/ transform the featured field's UI via CSS\n        fieldsetWrapper.classList.add('featured-field')\n\n        \/\/ calculate and add enough space to display the featured field on top of the form\n        calculateFeaturedFieldSize(fieldsetWrapper)\n        window.addEventListener('resize', () => {\n            calculateFeaturedFieldSize(fieldsetWrapper)\n        })\n    }\n    \n    function calculateFeaturedFieldSize (fieldsetWrapper) {\n        fieldsetWrapper\n            .closest('.hubspot-contact-form--has-featured-field')\n            .style\n            .paddingTop = fieldsetWrapper.offsetHeight + 50 + 'px';\n    }    \n\n    initForm_69e9678866644();\n<\/script>\n<\/div>\n<\/div>\n\n\n    <\/div>\n<\/div>\n","protected":false},"excerpt":{"rendered":"","protected":false},"author":79,"featured_media":19407,"parent":0,"menu_order":0,"comment_status":"closed","ping_status":"closed","template":"","meta":{"_acf_changed":true,"inline_featured_image":false,"_eb_attr":"","site-sidebar-layout":"default","site-content-layout":"default","ast-site-content-layout":"default","site-content-style":"default","site-sidebar-style":"default","ast-global-header-display":"","ast-banner-title-visibility":"","ast-main-header-display":"","ast-hfb-above-header-display":"","ast-hfb-below-header-display":"","ast-hfb-mobile-header-display":"","site-post-title":"","ast-breadcrumbs-content":"","ast-featured-img":"","footer-sml-layout":"","ast-disable-related-posts":"","theme-transparent-header-meta":"","adv-header-id-meta":"","stick-header-meta":"","header-above-stick-meta":"","header-main-stick-meta":"","header-below-stick-meta":"","astra-migrate-meta-layouts":"default","ast-page-background-enabled":"default","ast-page-background-meta":{"desktop":{"background-color":"var(--ast-global-color-4)","background-image":"","background-repeat":"repeat","background-position":"center center","background-size":"auto","background-attachment":"scroll","background-type":"","background-media":"","overlay-type":"","overlay-color":"","overlay-opacity":"","overlay-gradient":""},"tablet":{"background-color":"","background-image":"","background-repeat":"repeat","background-position":"center center","background-size":"auto","background-attachment":"scroll","background-type":"","background-media":"","overlay-type":"","overlay-color":"","overlay-opacity":"","overlay-gradient":""},"mobile":{"background-color":"","background-image":"","background-repeat":"repeat","background-position":"center center","background-size":"auto","background-attachment":"scroll","background-type":"","background-media":"","overlay-type":"","overlay-color":"","overlay-opacity":"","overlay-gradient":""}},"ast-content-background-meta":{"desktop":{"background-color":"var(--ast-global-color-5)","background-image":"","background-repeat":"repeat","background-position":"center center","background-size":"auto","background-attachment":"scroll","background-type":"","background-media":"","overlay-type":"","overlay-color":"","overlay-opacity":"","overlay-gradient":""},"tablet":{"background-color":"var(--ast-global-color-5)","background-image":"","background-repeat":"repeat","background-position":"center center","background-size":"auto","background-attachment":"scroll","background-type":"","background-media":"","overlay-type":"","overlay-color":"","overlay-opacity":"","overlay-gradient":""},"mobile":{"background-color":"var(--ast-global-color-5)","background-image":"","background-repeat":"repeat","background-position":"center center","background-size":"auto","background-attachment":"scroll","background-type":"","background-media":"","overlay-type":"","overlay-color":"","overlay-opacity":"","overlay-gradient":""}},"footnotes":""},"coauthors":[25],"class_list":["post-19406","page","type-page","status-publish","has-post-thumbnail","hentry"],"acf":[],"yoast_head":"<!-- This site is optimized with the Yoast SEO plugin v27.2 - https:\/\/yoast.com\/product\/yoast-seo-wordpress\/ -->\n<title>Pracovn\u00ed od\u011bvy v potravin\u00e1\u0159sk\u00e9 v\u00fdrob\u011b - Lindstr\u00f6m Czech<\/title>\n<meta name=\"robots\" content=\"index, follow, max-snippet:-1, max-image-preview:large, max-video-preview:-1\" \/>\n<meta property=\"og:locale\" content=\"cs_CZ\" \/>\n<meta property=\"og:type\" content=\"article\" \/>\n<meta property=\"og:title\" content=\"Pracovn\u00ed od\u011bvy v potravin\u00e1\u0159sk\u00e9 v\u00fdrob\u011b - Lindstr\u00f6m Czech\" \/>\n<meta property=\"og:url\" content=\"https:\/\/lindstromgroup.com\/cz\/pracovni-odevy-v-potravinarske-vyrobe\/\" \/>\n<meta property=\"og:site_name\" content=\"Lindstr\u00f6m Czech\" \/>\n<meta property=\"article:modified_time\" content=\"2025-05-27T12:55:36+00:00\" \/>\n<meta property=\"og:image\" content=\"https:\/\/lindstrom-sites.s3.eu-north-1.amazonaws.com\/wp-content\/uploads\/sites\/25\/2025\/05\/ART_0944-LR.jpg\" \/>\n\t<meta property=\"og:image:width\" content=\"2048\" \/>\n\t<meta property=\"og:image:height\" content=\"864\" \/>\n\t<meta property=\"og:image:type\" content=\"image\/jpeg\" \/>\n<meta name=\"twitter:card\" content=\"summary_large_image\" \/>\n<meta name=\"twitter:label1\" content=\"Odhadovan\u00e1 doba \u010dten\u00ed\" \/>\n\t<meta name=\"twitter:data1\" content=\"2 minuty\" \/>\n\t<meta name=\"twitter:label2\" content=\"Written by\" \/>\n\t<meta name=\"twitter:data2\" content=\"zuzananasincova\" \/>\n<script type=\"application\/ld+json\" class=\"yoast-schema-graph\">{\"@context\":\"https:\/\/schema.org\",\"@graph\":[{\"@type\":\"WebPage\",\"@id\":\"https:\/\/lindstromgroup.com\/cz\/pracovni-odevy-v-potravinarske-vyrobe\/\",\"url\":\"https:\/\/lindstromgroup.com\/cz\/pracovni-odevy-v-potravinarske-vyrobe\/\",\"name\":\"Pracovn\u00ed od\u011bvy v potravin\u00e1\u0159sk\u00e9 v\u00fdrob\u011b - Lindstr\u00f6m Czech\",\"isPartOf\":{\"@id\":\"https:\/\/lindstromgroup.com\/cz\/#website\"},\"primaryImageOfPage\":{\"@id\":\"https:\/\/lindstromgroup.com\/cz\/pracovni-odevy-v-potravinarske-vyrobe\/#primaryimage\"},\"image\":{\"@id\":\"https:\/\/lindstromgroup.com\/cz\/pracovni-odevy-v-potravinarske-vyrobe\/#primaryimage\"},\"thumbnailUrl\":\"https:\/\/d2ris6qfzcz0wn.cloudfront.net\/wp-content\/uploads\/sites\/25\/2025\/05\/ART_0944-LR.jpg\",\"datePublished\":\"2025-05-27T11:53:21+00:00\",\"dateModified\":\"2025-05-27T12:55:36+00:00\",\"breadcrumb\":{\"@id\":\"https:\/\/lindstromgroup.com\/cz\/pracovni-odevy-v-potravinarske-vyrobe\/#breadcrumb\"},\"inLanguage\":\"cs\",\"potentialAction\":[{\"@type\":\"ReadAction\",\"target\":[\"https:\/\/lindstromgroup.com\/cz\/pracovni-odevy-v-potravinarske-vyrobe\/\"]}]},{\"@type\":\"ImageObject\",\"inLanguage\":\"cs\",\"@id\":\"https:\/\/lindstromgroup.com\/cz\/pracovni-odevy-v-potravinarske-vyrobe\/#primaryimage\",\"url\":\"https:\/\/d2ris6qfzcz0wn.cloudfront.net\/wp-content\/uploads\/sites\/25\/2025\/05\/ART_0944-LR.jpg\",\"contentUrl\":\"https:\/\/d2ris6qfzcz0wn.cloudfront.net\/wp-content\/uploads\/sites\/25\/2025\/05\/ART_0944-LR.jpg\",\"width\":2048,\"height\":864},{\"@type\":\"BreadcrumbList\",\"@id\":\"https:\/\/lindstromgroup.com\/cz\/pracovni-odevy-v-potravinarske-vyrobe\/#breadcrumb\",\"itemListElement\":[{\"@type\":\"ListItem\",\"position\":1,\"name\":\"Home\",\"item\":\"https:\/\/lindstromgroup.com\/cz\/\"},{\"@type\":\"ListItem\",\"position\":2,\"name\":\"Pracovn\u00ed od\u011bvy v potravin\u00e1\u0159sk\u00e9 v\u00fdrob\u011b\"}]},{\"@type\":\"WebSite\",\"@id\":\"https:\/\/lindstromgroup.com\/cz\/#website\",\"url\":\"https:\/\/lindstromgroup.com\/cz\/\",\"name\":\"Lindstr\u00f6m Czech\",\"description\":\"\",\"publisher\":{\"@id\":\"https:\/\/lindstromgroup.com\/cz\/#organization\"},\"potentialAction\":[{\"@type\":\"SearchAction\",\"target\":{\"@type\":\"EntryPoint\",\"urlTemplate\":\"https:\/\/lindstromgroup.com\/cz\/?s={search_term_string}\"},\"query-input\":{\"@type\":\"PropertyValueSpecification\",\"valueRequired\":true,\"valueName\":\"search_term_string\"}}],\"inLanguage\":\"cs\"},{\"@type\":\"Organization\",\"@id\":\"https:\/\/lindstromgroup.com\/cz\/#organization\",\"name\":\"Lindstr\u00f6m\",\"url\":\"https:\/\/lindstromgroup.com\/cz\/\",\"logo\":{\"@type\":\"ImageObject\",\"inLanguage\":\"cs\",\"@id\":\"https:\/\/lindstromgroup.com\/cz\/#\/schema\/logo\/image\/\",\"url\":\"https:\/\/d2ris6qfzcz0wn.cloudfront.net\/wp-content\/uploads\/sites\/25\/2023\/10\/Logo512.png\",\"contentUrl\":\"https:\/\/d2ris6qfzcz0wn.cloudfront.net\/wp-content\/uploads\/sites\/25\/2023\/10\/Logo512.png\",\"width\":512,\"height\":109,\"caption\":\"Lindstr\u00f6m\"},\"image\":{\"@id\":\"https:\/\/lindstromgroup.com\/cz\/#\/schema\/logo\/image\/\"}}]}<\/script>\n<!-- \/ Yoast SEO plugin. -->","yoast_head_json":{"title":"Pracovn\u00ed od\u011bvy v potravin\u00e1\u0159sk\u00e9 v\u00fdrob\u011b - Lindstr\u00f6m Czech","robots":{"index":"index","follow":"follow","max-snippet":"max-snippet:-1","max-image-preview":"max-image-preview:large","max-video-preview":"max-video-preview:-1"},"og_locale":"cs_CZ","og_type":"article","og_title":"Pracovn\u00ed od\u011bvy v potravin\u00e1\u0159sk\u00e9 v\u00fdrob\u011b - Lindstr\u00f6m Czech","og_url":"https:\/\/lindstromgroup.com\/cz\/pracovni-odevy-v-potravinarske-vyrobe\/","og_site_name":"Lindstr\u00f6m Czech","article_modified_time":"2025-05-27T12:55:36+00:00","og_image":[{"width":2048,"height":864,"url":"https:\/\/lindstrom-sites.s3.eu-north-1.amazonaws.com\/wp-content\/uploads\/sites\/25\/2025\/05\/ART_0944-LR.jpg","type":"image\/jpeg"}],"twitter_card":"summary_large_image","twitter_misc":{"Odhadovan\u00e1 doba \u010dten\u00ed":"2 minuty","Written by":"zuzananasincova"},"schema":{"@context":"https:\/\/schema.org","@graph":[{"@type":"WebPage","@id":"https:\/\/lindstromgroup.com\/cz\/pracovni-odevy-v-potravinarske-vyrobe\/","url":"https:\/\/lindstromgroup.com\/cz\/pracovni-odevy-v-potravinarske-vyrobe\/","name":"Pracovn\u00ed od\u011bvy v potravin\u00e1\u0159sk\u00e9 v\u00fdrob\u011b - Lindstr\u00f6m Czech","isPartOf":{"@id":"https:\/\/lindstromgroup.com\/cz\/#website"},"primaryImageOfPage":{"@id":"https:\/\/lindstromgroup.com\/cz\/pracovni-odevy-v-potravinarske-vyrobe\/#primaryimage"},"image":{"@id":"https:\/\/lindstromgroup.com\/cz\/pracovni-odevy-v-potravinarske-vyrobe\/#primaryimage"},"thumbnailUrl":"https:\/\/d2ris6qfzcz0wn.cloudfront.net\/wp-content\/uploads\/sites\/25\/2025\/05\/ART_0944-LR.jpg","datePublished":"2025-05-27T11:53:21+00:00","dateModified":"2025-05-27T12:55:36+00:00","breadcrumb":{"@id":"https:\/\/lindstromgroup.com\/cz\/pracovni-odevy-v-potravinarske-vyrobe\/#breadcrumb"},"inLanguage":"cs","potentialAction":[{"@type":"ReadAction","target":["https:\/\/lindstromgroup.com\/cz\/pracovni-odevy-v-potravinarske-vyrobe\/"]}]},{"@type":"ImageObject","inLanguage":"cs","@id":"https:\/\/lindstromgroup.com\/cz\/pracovni-odevy-v-potravinarske-vyrobe\/#primaryimage","url":"https:\/\/d2ris6qfzcz0wn.cloudfront.net\/wp-content\/uploads\/sites\/25\/2025\/05\/ART_0944-LR.jpg","contentUrl":"https:\/\/d2ris6qfzcz0wn.cloudfront.net\/wp-content\/uploads\/sites\/25\/2025\/05\/ART_0944-LR.jpg","width":2048,"height":864},{"@type":"BreadcrumbList","@id":"https:\/\/lindstromgroup.com\/cz\/pracovni-odevy-v-potravinarske-vyrobe\/#breadcrumb","itemListElement":[{"@type":"ListItem","position":1,"name":"Home","item":"https:\/\/lindstromgroup.com\/cz\/"},{"@type":"ListItem","position":2,"name":"Pracovn\u00ed od\u011bvy v potravin\u00e1\u0159sk\u00e9 v\u00fdrob\u011b"}]},{"@type":"WebSite","@id":"https:\/\/lindstromgroup.com\/cz\/#website","url":"https:\/\/lindstromgroup.com\/cz\/","name":"Lindstr\u00f6m Czech","description":"","publisher":{"@id":"https:\/\/lindstromgroup.com\/cz\/#organization"},"potentialAction":[{"@type":"SearchAction","target":{"@type":"EntryPoint","urlTemplate":"https:\/\/lindstromgroup.com\/cz\/?s={search_term_string}"},"query-input":{"@type":"PropertyValueSpecification","valueRequired":true,"valueName":"search_term_string"}}],"inLanguage":"cs"},{"@type":"Organization","@id":"https:\/\/lindstromgroup.com\/cz\/#organization","name":"Lindstr\u00f6m","url":"https:\/\/lindstromgroup.com\/cz\/","logo":{"@type":"ImageObject","inLanguage":"cs","@id":"https:\/\/lindstromgroup.com\/cz\/#\/schema\/logo\/image\/","url":"https:\/\/d2ris6qfzcz0wn.cloudfront.net\/wp-content\/uploads\/sites\/25\/2023\/10\/Logo512.png","contentUrl":"https:\/\/d2ris6qfzcz0wn.cloudfront.net\/wp-content\/uploads\/sites\/25\/2023\/10\/Logo512.png","width":512,"height":109,"caption":"Lindstr\u00f6m"},"image":{"@id":"https:\/\/lindstromgroup.com\/cz\/#\/schema\/logo\/image\/"}}]}},"publishpress_future_workflow_manual_trigger":{"enabledWorkflows":[]},"distributor_meta":false,"distributor_terms":false,"distributor_media":false,"distributor_original_site_name":"Lindstr\u00f6m Czech","distributor_original_site_url":"https:\/\/lindstromgroup.com\/cz","push-errors":false,"_links":{"self":[{"href":"https:\/\/lindstromgroup.com\/cz\/wp-json\/wp\/v2\/pages\/19406","targetHints":{"allow":["GET"]}}],"collection":[{"href":"https:\/\/lindstromgroup.com\/cz\/wp-json\/wp\/v2\/pages"}],"about":[{"href":"https:\/\/lindstromgroup.com\/cz\/wp-json\/wp\/v2\/types\/page"}],"author":[{"embeddable":true,"href":"https:\/\/lindstromgroup.com\/cz\/wp-json\/wp\/v2\/users\/79"}],"replies":[{"embeddable":true,"href":"https:\/\/lindstromgroup.com\/cz\/wp-json\/wp\/v2\/comments?post=19406"}],"version-history":[{"count":0,"href":"https:\/\/lindstromgroup.com\/cz\/wp-json\/wp\/v2\/pages\/19406\/revisions"}],"wp:featuredmedia":[{"embeddable":true,"href":"https:\/\/lindstromgroup.com\/cz\/wp-json\/wp\/v2\/media\/19407"}],"wp:attachment":[{"href":"https:\/\/lindstromgroup.com\/cz\/wp-json\/wp\/v2\/media?parent=19406"}],"wp:term":[{"taxonomy":"author","embeddable":true,"href":"https:\/\/lindstromgroup.com\/cz\/wp-json\/wp\/v2\/coauthors?post=19406"}],"curies":[{"name":"wp","href":"https:\/\/api.w.org\/{rel}","templated":true}]}}