
    {"id":17942,"date":"2024-04-20T17:04:39","date_gmt":"2024-04-20T16:04:39","guid":{"rendered":"https:\/\/lindstromgroup.com\/cz\/?page_id=17942"},"modified":"2024-05-14T07:31:02","modified_gmt":"2024-05-14T06:31:02","slug":"informace-o-partnerech-pro-zprostredkovani","status":"publish","type":"page","link":"https:\/\/lindstromgroup.com\/cz\/informace-o-partnerech-pro-zprostredkovani\/","title":{"rendered":"Informace o partnerech pro zprost\u0159edkov\u00e1n\u00ed"},"content":{"rendered":"\n    <div\n        id=\"block_b088721c7aa76a4c0c337b0306dd4043\"\n        class=\"hero-sub hero-sub--block_b088721c7aa76a4c0c337b0306dd4043  flex flex-col-reverse lg:flex-row justify-between bg-dark-blue text-white\"\n    >        \n        <div class=\"flex flex-col gap-5 pt-10 pb-5 grow px-5 lg:px-20\">\n            <div class=\"flex flex-col justify-center gap-3 grow max-w-[var(--container-text-max)]\">\n                <h1 class=\"!mb-0 !text-white !text-title-medium lg:!text-title-large !font-bold hyphens-auto break-words\">\n                    Informace o partnerech pro zprost\u0159edkov\u00e1n\u00ed                <\/h1>\n    \n                <div class=\"hero-sub__description\">\n                                    <\/div>\n    \n                \n                            <\/div>\n                            <div class=\"font-bold hero-sub__breadcrumb text-body-small\">\n                        <span><span><a href=\"https:\/\/lindstromgroup.com\/cz\/\">Home<\/a><\/span><\/span>                <\/div>\n                    <\/div>\n\n        <div class=\"[&#038;_picture]:w-full flex h-full lg:h-auto max-h-[350px] lg:max-h-none lg:min-h-full w-full lg:w-[650px]\">\n            <img decoding=\"async\"\n                class=\"object-cover w-full h-full\"\n                src=\"https:\/\/d2ris6qfzcz0wn.cloudfront.net\/wp-content\/uploads\/sites\/25\/2024\/04\/002_Lindstrom_Set2_hires_final-1024x684.jpg\"\n                alt=\"Informace o partnerech pro zprost\u0159edkov\u00e1n\u00ed\"\n            >\n        <\/div>\n    <\/div>\n\n\n\n        <style>\n            .lindstrom-container--block_6af4167d4ef53ac1bc5df1b7296f6889 {                \n                padding-top: 35px;\n                padding-bottom: 35px;\n            }\n\n            @media screen and (min-width: 768px) {\n                .lindstrom-container--block_6af4167d4ef53ac1bc5df1b7296f6889 {\n                    padding-top: 50px;\n                    padding-bottom: 10px;\n                }\n            }\n        <\/style>\n    \n<div\n    class=\"lindstrom-container-wrapper lindstrom-container lindstrom-container--block_6af4167d4ef53ac1bc5df1b7296f6889 \"\n    id=\"block_6af4167d4ef53ac1bc5df1b7296f6889\"\n    style=\"background-color: #ffffff\"\n    >\n    <div class=\"lindstrom-container lindstrom-container--content items-stretch\">\n        \n\n<h2 class=\"wp-block-heading has-text-align-center\">Dopravci spole\u010dnosti Lindstr\u00f6m, s.r.o.<\/h2>\n\n\n\n<p class=\"has-text-align-center\">Zden\u011bk Kreuz &#8211; I\u010cO:&nbsp;67541038,&nbsp;Z\u00e1meck\u00e1 20, 674 T\u0159eb\u00ed\u010d<\/p>\n\n\n\n<p class=\"has-text-align-center\">Lukkra express &#8211; Melichar Franti\u0161ek &#8211; I\u010cO:&nbsp;69468729,&nbsp;U rem\u00edzku 1212\/8, 268 01 Ho\u0159ovice<\/p>\n\n\n\n<p class=\"has-text-align-center\">Ladislav Mudra AUTODOPRAVA &#8211; I\u010cO:&nbsp;40552748,&nbsp;T\u00fd\u010dek 29, 338 08<\/p>\n\n\n\n<p class=\"has-text-align-center\">TH TRANSPORT Jan Sama\u0161 &#8211; I\u010cO:&nbsp;76348946,&nbsp;Slabce 73, 270 41 Slabce<\/p>\n\n\n\n<p class=\"has-text-align-center\">BCLB Logistic s.r.o. &#8211; I\u010cO:&nbsp;4094905,&nbsp;CZ04094905<\/p>\n\n\n\n<p class=\"has-text-align-center\">Vladim\u00edr Vondr\u00e1\u010dek &#8211; I\u010cO:&nbsp;63317940,&nbsp;Balc\u00e1rkova 1339\/31, 779 00 Olomouc<\/p>\n\n\n\n<p class=\"has-text-align-center\">W.F.J. TRANS s.r.o. &#8211; I\u010cO:&nbsp;25882058,&nbsp;\u010cesk\u00e1 \u010dtvr\u0165 183\/43, 483 01 Olomouc<\/p>\n\n\n\n<p class=\"has-text-align-center\">V\u00e1clav \u0160losar &#8211; I\u010cO:&nbsp;73841404,&nbsp;Z\u00e1lu\u017e\u00ed 63, 267 61 Cerhovice<\/p>\n\n\n    <\/div>\n<\/div>\n\n\n\n        <style>\n            .lindstrom-container--block_6af4167d4ef53ac1bc5df1b7296f6889 {                \n                padding-top: 35px;\n                padding-bottom: 35px;\n            }\n\n            @media screen and (min-width: 768px) {\n                .lindstrom-container--block_6af4167d4ef53ac1bc5df1b7296f6889 {\n                    padding-top: 50px;\n                    padding-bottom: 10px;\n                }\n            }\n        <\/style>\n    \n<div\n    class=\"lindstrom-container-wrapper lindstrom-container lindstrom-container--block_6af4167d4ef53ac1bc5df1b7296f6889 \"\n    id=\"block_6af4167d4ef53ac1bc5df1b7296f6889\"\n    style=\"background-color: #ffffff\"\n    >\n    <div class=\"lindstrom-container lindstrom-container--content items-stretch\">\n        \n\n<h2 class=\"wp-block-heading has-text-align-center\">Dodavatel\u00e9 log a jmenovek spole\u010dnosti Lindstr\u00f6m, s.r.o.<\/h2>\n\n\n\n<p class=\"has-text-align-center\">Thermopatch Czech s.r.o. \u2013 I\u010cO 26224364, La\u017e\u00e1nky 73, 678 01 Blansko<\/p>\n\n\n\n<p class=\"has-text-align-center\">STV center s.r.o. \u2013 I\u010cO 65411366, Stanovice 154, 360 01 Karlovy Vary<\/p>\n\n\n    <\/div>\n<\/div>\n\n\n\n        <style>\n            .lindstrom-container--block_6af4167d4ef53ac1bc5df1b7296f6889 {                \n                padding-top: 35px;\n                padding-bottom: 35px;\n            }\n\n            @media screen and (min-width: 768px) {\n                .lindstrom-container--block_6af4167d4ef53ac1bc5df1b7296f6889 {\n                    padding-top: 50px;\n                    padding-bottom: 10px;\n                }\n            }\n        <\/style>\n    \n<div\n    class=\"lindstrom-container-wrapper lindstrom-container lindstrom-container--block_6af4167d4ef53ac1bc5df1b7296f6889 \"\n    id=\"block_6af4167d4ef53ac1bc5df1b7296f6889\"\n    style=\"background-color: #ffffff\"\n    >\n    <div class=\"lindstrom-container lindstrom-container--content items-stretch\">\n        \n\n<h2 class=\"wp-block-heading has-text-align-center\">Mzdov\u00e1 \u00fa\u010detn\u00ed spole\u010dnosti Lindstr\u00f6m, s.r.o.<\/h2>\n\n\n\n<p class=\"has-text-align-center\">Mach\u00e1\u010dkov\u00e1 Vladim\u00edra &#8211; ICO 61686212, Kone\u010dn\u00e1 610, 268 01 Ho\u0159ovice<\/p>\n\n\n    <\/div>\n<\/div>\n\n\n\n        <style>\n            .lindstrom-container--block_6af4167d4ef53ac1bc5df1b7296f6889 {                \n                padding-top: 35px;\n                padding-bottom: 35px;\n            }\n\n            @media screen and (min-width: 768px) {\n                .lindstrom-container--block_6af4167d4ef53ac1bc5df1b7296f6889 {\n                    padding-top: 50px;\n                    padding-bottom: 10px;\n                }\n            }\n        <\/style>\n    \n<div\n    class=\"lindstrom-container-wrapper lindstrom-container lindstrom-container--block_6af4167d4ef53ac1bc5df1b7296f6889 \"\n    id=\"block_6af4167d4ef53ac1bc5df1b7296f6889\"\n    style=\"background-color: #ffffff\"\n    >\n    <div class=\"lindstrom-container lindstrom-container--content items-stretch\">\n        \n\n<h2 class=\"wp-block-heading has-text-align-center\">Agentura pro rozes\u00edl\u00e1n\u00ed hromadn\u00e9 po\u0161ty<\/h2>\n\n\n\n<p class=\"has-text-align-center\">INFAS, a.s. &#8211; I\u010cO: 64948765, Bo\u0159ivojova 99, 130 00 Praha 3<\/p>\n\n\n    <\/div>\n<\/div>\n\n\n\n        <style>\n            .lindstrom-container--block_285c9b678fef4e557d44f2283aee3087 {                \n                padding-top: 35px;\n                padding-bottom: 35px;\n            }\n\n            @media screen and (min-width: 768px) {\n                .lindstrom-container--block_285c9b678fef4e557d44f2283aee3087 {\n                    padding-top: 50px;\n                    padding-bottom: 75px;\n                }\n            }\n        <\/style>\n    \n<div\n    class=\"lindstrom-container-wrapper lindstrom-container lindstrom-container--block_285c9b678fef4e557d44f2283aee3087 \"\n    id=\"block_285c9b678fef4e557d44f2283aee3087\"\n    style=\"background-color: #ffffff\"\n    >\n    <div class=\"lindstrom-container lindstrom-container--content items-stretch\">\n        \n\n<h2 class=\"wp-block-heading has-text-align-center\">Agentura pro digit\u00e1ln\u00ed marketing<\/h2>\n\n\n\n<p class=\"has-text-align-center\">Expertia Digital s.r.o. &#8211; I\u010cO: 06032362, Argentinsk\u00e1 1610\/4, 170 00 Praha 7<\/p>\n\n\n    <\/div>\n<\/div>\n\n\n\n<p><\/p>\n","protected":false},"excerpt":{"rendered":"","protected":false},"author":79,"featured_media":0,"parent":0,"menu_order":0,"comment_status":"closed","ping_status":"closed","template":"","meta":{"_acf_changed":true,"inline_featured_image":false,"_eb_attr":"","site-sidebar-layout":"default","site-content-layout":"","ast-site-content-layout":"default","site-content-style":"default","site-sidebar-style":"default","ast-global-header-display":"","ast-banner-title-visibility":"","ast-main-header-display":"","ast-hfb-above-header-display":"","ast-hfb-below-header-display":"","ast-hfb-mobile-header-display":"","site-post-title":"","ast-breadcrumbs-content":"","ast-featured-img":"","footer-sml-layout":"","ast-disable-related-posts":"","theme-transparent-header-meta":"","adv-header-id-meta":"","stick-header-meta":"","header-above-stick-meta":"","header-main-stick-meta":"","header-below-stick-meta":"","astra-migrate-meta-layouts":"default","ast-page-background-enabled":"default","ast-page-background-meta":{"desktop":{"background-color":"var(--ast-global-color-4)","background-image":"","background-repeat":"repeat","background-position":"center center","background-size":"auto","background-attachment":"scroll","background-type":"","background-media":"","overlay-type":"","overlay-color":"","overlay-opacity":"","overlay-gradient":""},"tablet":{"background-color":"","background-image":"","background-repeat":"repeat","background-position":"center center","background-size":"auto","background-attachment":"scroll","background-type":"","background-media":"","overlay-type":"","overlay-color":"","overlay-opacity":"","overlay-gradient":""},"mobile":{"background-color":"","background-image":"","background-repeat":"repeat","background-position":"center center","background-size":"auto","background-attachment":"scroll","background-type":"","background-media":"","overlay-type":"","overlay-color":"","overlay-opacity":"","overlay-gradient":""}},"ast-content-background-meta":{"desktop":{"background-color":"var(--ast-global-color-5)","background-image":"","background-repeat":"repeat","background-position":"center center","background-size":"auto","background-attachment":"scroll","background-type":"","background-media":"","overlay-type":"","overlay-color":"","overlay-opacity":"","overlay-gradient":""},"tablet":{"background-color":"var(--ast-global-color-5)","background-image":"","background-repeat":"repeat","background-position":"center center","background-size":"auto","background-attachment":"scroll","background-type":"","background-media":"","overlay-type":"","overlay-color":"","overlay-opacity":"","overlay-gradient":""},"mobile":{"background-color":"var(--ast-global-color-5)","background-image":"","background-repeat":"repeat","background-position":"center center","background-size":"auto","background-attachment":"scroll","background-type":"","background-media":"","overlay-type":"","overlay-color":"","overlay-opacity":"","overlay-gradient":""}},"footnotes":""},"coauthors":[25],"class_list":["post-17942","page","type-page","status-publish","hentry"],"acf":[],"yoast_head":"<!-- This site is optimized with the Yoast SEO plugin v27.2 - https:\/\/yoast.com\/product\/yoast-seo-wordpress\/ -->\n<title>Informace o partnerech pro zprost\u0159edkov\u00e1n\u00ed - Lindstr\u00f6m Czech<\/title>\n<meta name=\"robots\" content=\"index, follow, max-snippet:-1, max-image-preview:large, max-video-preview:-1\" \/>\n<meta property=\"og:locale\" content=\"cs_CZ\" \/>\n<meta property=\"og:type\" content=\"article\" \/>\n<meta property=\"og:title\" content=\"Informace o partnerech pro zprost\u0159edkov\u00e1n\u00ed - Lindstr\u00f6m Czech\" \/>\n<meta property=\"og:url\" content=\"https:\/\/lindstromgroup.com\/cz\/informace-o-partnerech-pro-zprostredkovani\/\" \/>\n<meta property=\"og:site_name\" content=\"Lindstr\u00f6m Czech\" \/>\n<meta property=\"article:modified_time\" content=\"2024-05-14T06:31:02+00:00\" \/>\n<meta name=\"twitter:card\" content=\"summary_large_image\" \/>\n<meta name=\"twitter:label1\" content=\"Odhadovan\u00e1 doba \u010dten\u00ed\" \/>\n\t<meta name=\"twitter:data1\" content=\"2 minuty\" \/>\n\t<meta name=\"twitter:label2\" content=\"Written by\" \/>\n\t<meta name=\"twitter:data2\" content=\"zuzananasincova\" \/>\n<script type=\"application\/ld+json\" class=\"yoast-schema-graph\">{\"@context\":\"https:\/\/schema.org\",\"@graph\":[{\"@type\":\"WebPage\",\"@id\":\"https:\/\/lindstromgroup.com\/cz\/informace-o-partnerech-pro-zprostredkovani\/\",\"url\":\"https:\/\/lindstromgroup.com\/cz\/informace-o-partnerech-pro-zprostredkovani\/\",\"name\":\"Informace o partnerech pro zprost\u0159edkov\u00e1n\u00ed - Lindstr\u00f6m Czech\",\"isPartOf\":{\"@id\":\"https:\/\/lindstromgroup.com\/cz\/#website\"},\"datePublished\":\"2024-04-20T16:04:39+00:00\",\"dateModified\":\"2024-05-14T06:31:02+00:00\",\"breadcrumb\":{\"@id\":\"https:\/\/lindstromgroup.com\/cz\/informace-o-partnerech-pro-zprostredkovani\/#breadcrumb\"},\"inLanguage\":\"cs\",\"potentialAction\":[{\"@type\":\"ReadAction\",\"target\":[\"https:\/\/lindstromgroup.com\/cz\/informace-o-partnerech-pro-zprostredkovani\/\"]}]},{\"@type\":\"BreadcrumbList\",\"@id\":\"https:\/\/lindstromgroup.com\/cz\/informace-o-partnerech-pro-zprostredkovani\/#breadcrumb\",\"itemListElement\":[{\"@type\":\"ListItem\",\"position\":1,\"name\":\"Home\",\"item\":\"https:\/\/lindstromgroup.com\/cz\/\"},{\"@type\":\"ListItem\",\"position\":2,\"name\":\"Informace o partnerech pro zprost\u0159edkov\u00e1n\u00ed\"}]},{\"@type\":\"WebSite\",\"@id\":\"https:\/\/lindstromgroup.com\/cz\/#website\",\"url\":\"https:\/\/lindstromgroup.com\/cz\/\",\"name\":\"Lindstr\u00f6m Czech\",\"description\":\"\",\"publisher\":{\"@id\":\"https:\/\/lindstromgroup.com\/cz\/#organization\"},\"potentialAction\":[{\"@type\":\"SearchAction\",\"target\":{\"@type\":\"EntryPoint\",\"urlTemplate\":\"https:\/\/lindstromgroup.com\/cz\/?s={search_term_string}\"},\"query-input\":{\"@type\":\"PropertyValueSpecification\",\"valueRequired\":true,\"valueName\":\"search_term_string\"}}],\"inLanguage\":\"cs\"},{\"@type\":\"Organization\",\"@id\":\"https:\/\/lindstromgroup.com\/cz\/#organization\",\"name\":\"Lindstr\u00f6m\",\"url\":\"https:\/\/lindstromgroup.com\/cz\/\",\"logo\":{\"@type\":\"ImageObject\",\"inLanguage\":\"cs\",\"@id\":\"https:\/\/lindstromgroup.com\/cz\/#\/schema\/logo\/image\/\",\"url\":\"https:\/\/d2ris6qfzcz0wn.cloudfront.net\/wp-content\/uploads\/sites\/25\/2023\/10\/Logo512.png\",\"contentUrl\":\"https:\/\/d2ris6qfzcz0wn.cloudfront.net\/wp-content\/uploads\/sites\/25\/2023\/10\/Logo512.png\",\"width\":512,\"height\":109,\"caption\":\"Lindstr\u00f6m\"},\"image\":{\"@id\":\"https:\/\/lindstromgroup.com\/cz\/#\/schema\/logo\/image\/\"}}]}<\/script>\n<!-- \/ Yoast SEO plugin. -->","yoast_head_json":{"title":"Informace o partnerech pro zprost\u0159edkov\u00e1n\u00ed - Lindstr\u00f6m Czech","robots":{"index":"index","follow":"follow","max-snippet":"max-snippet:-1","max-image-preview":"max-image-preview:large","max-video-preview":"max-video-preview:-1"},"og_locale":"cs_CZ","og_type":"article","og_title":"Informace o partnerech pro zprost\u0159edkov\u00e1n\u00ed - Lindstr\u00f6m Czech","og_url":"https:\/\/lindstromgroup.com\/cz\/informace-o-partnerech-pro-zprostredkovani\/","og_site_name":"Lindstr\u00f6m Czech","article_modified_time":"2024-05-14T06:31:02+00:00","twitter_card":"summary_large_image","twitter_misc":{"Odhadovan\u00e1 doba \u010dten\u00ed":"2 minuty","Written by":"zuzananasincova"},"schema":{"@context":"https:\/\/schema.org","@graph":[{"@type":"WebPage","@id":"https:\/\/lindstromgroup.com\/cz\/informace-o-partnerech-pro-zprostredkovani\/","url":"https:\/\/lindstromgroup.com\/cz\/informace-o-partnerech-pro-zprostredkovani\/","name":"Informace o partnerech pro zprost\u0159edkov\u00e1n\u00ed - Lindstr\u00f6m Czech","isPartOf":{"@id":"https:\/\/lindstromgroup.com\/cz\/#website"},"datePublished":"2024-04-20T16:04:39+00:00","dateModified":"2024-05-14T06:31:02+00:00","breadcrumb":{"@id":"https:\/\/lindstromgroup.com\/cz\/informace-o-partnerech-pro-zprostredkovani\/#breadcrumb"},"inLanguage":"cs","potentialAction":[{"@type":"ReadAction","target":["https:\/\/lindstromgroup.com\/cz\/informace-o-partnerech-pro-zprostredkovani\/"]}]},{"@type":"BreadcrumbList","@id":"https:\/\/lindstromgroup.com\/cz\/informace-o-partnerech-pro-zprostredkovani\/#breadcrumb","itemListElement":[{"@type":"ListItem","position":1,"name":"Home","item":"https:\/\/lindstromgroup.com\/cz\/"},{"@type":"ListItem","position":2,"name":"Informace o partnerech pro zprost\u0159edkov\u00e1n\u00ed"}]},{"@type":"WebSite","@id":"https:\/\/lindstromgroup.com\/cz\/#website","url":"https:\/\/lindstromgroup.com\/cz\/","name":"Lindstr\u00f6m Czech","description":"","publisher":{"@id":"https:\/\/lindstromgroup.com\/cz\/#organization"},"potentialAction":[{"@type":"SearchAction","target":{"@type":"EntryPoint","urlTemplate":"https:\/\/lindstromgroup.com\/cz\/?s={search_term_string}"},"query-input":{"@type":"PropertyValueSpecification","valueRequired":true,"valueName":"search_term_string"}}],"inLanguage":"cs"},{"@type":"Organization","@id":"https:\/\/lindstromgroup.com\/cz\/#organization","name":"Lindstr\u00f6m","url":"https:\/\/lindstromgroup.com\/cz\/","logo":{"@type":"ImageObject","inLanguage":"cs","@id":"https:\/\/lindstromgroup.com\/cz\/#\/schema\/logo\/image\/","url":"https:\/\/d2ris6qfzcz0wn.cloudfront.net\/wp-content\/uploads\/sites\/25\/2023\/10\/Logo512.png","contentUrl":"https:\/\/d2ris6qfzcz0wn.cloudfront.net\/wp-content\/uploads\/sites\/25\/2023\/10\/Logo512.png","width":512,"height":109,"caption":"Lindstr\u00f6m"},"image":{"@id":"https:\/\/lindstromgroup.com\/cz\/#\/schema\/logo\/image\/"}}]}},"publishpress_future_workflow_manual_trigger":{"enabledWorkflows":[]},"distributor_meta":false,"distributor_terms":false,"distributor_media":false,"distributor_original_site_name":"Lindstr\u00f6m Czech","distributor_original_site_url":"https:\/\/lindstromgroup.com\/cz","push-errors":false,"_links":{"self":[{"href":"https:\/\/lindstromgroup.com\/cz\/wp-json\/wp\/v2\/pages\/17942","targetHints":{"allow":["GET"]}}],"collection":[{"href":"https:\/\/lindstromgroup.com\/cz\/wp-json\/wp\/v2\/pages"}],"about":[{"href":"https:\/\/lindstromgroup.com\/cz\/wp-json\/wp\/v2\/types\/page"}],"author":[{"embeddable":true,"href":"https:\/\/lindstromgroup.com\/cz\/wp-json\/wp\/v2\/users\/79"}],"replies":[{"embeddable":true,"href":"https:\/\/lindstromgroup.com\/cz\/wp-json\/wp\/v2\/comments?post=17942"}],"version-history":[{"count":0,"href":"https:\/\/lindstromgroup.com\/cz\/wp-json\/wp\/v2\/pages\/17942\/revisions"}],"wp:attachment":[{"href":"https:\/\/lindstromgroup.com\/cz\/wp-json\/wp\/v2\/media?parent=17942"}],"wp:term":[{"taxonomy":"author","embeddable":true,"href":"https:\/\/lindstromgroup.com\/cz\/wp-json\/wp\/v2\/coauthors?post=17942"}],"curies":[{"name":"wp","href":"https:\/\/api.w.org\/{rel}","templated":true}]}}