
    {"id":17354,"date":"2024-06-11T12:10:28","date_gmt":"2024-06-11T10:10:28","guid":{"rendered":"https:\/\/lindstromgroup.com\/at\/?page_id=17354"},"modified":"2024-06-13T10:51:16","modified_gmt":"2024-06-13T08:51:16","slug":"verhaltenskodex","status":"publish","type":"page","link":"https:\/\/lindstromgroup.com\/at\/verhaltenskodex\/","title":{"rendered":"Verhaltenskodex"},"content":{"rendered":"\n    <div\n        id=\"block_f583049a9b5e148451e9a53560a7d06e\"\n        class=\"hero-sub hero-sub--block_f583049a9b5e148451e9a53560a7d06e  flex flex-col-reverse lg:flex-row justify-between bg-dark-blue text-white\"\n    >        \n        <div class=\"flex flex-col gap-5 pt-10 pb-5 grow px-5 lg:px-20\">\n            <div class=\"flex flex-col justify-center gap-3 grow max-w-[var(--container-text-max)]\">\n                <h1 class=\"!mb-0 !text-white !text-title-medium lg:!text-title-large !font-bold hyphens-auto break-words\">\n                    Verhaltenskodex                <\/h1>\n    \n                <div class=\"hero-sub__description\">\n                                    <\/div>\n    \n                \n                            <\/div>\n                            <div class=\"font-bold hero-sub__breadcrumb text-body-small\">\n                        <span><span><a href=\"https:\/\/lindstromgroup.com\/at\/\">Home<\/a><\/span><\/span>                <\/div>\n                    <\/div>\n\n        <div class=\"[&#038;_picture]:w-full flex h-full lg:h-auto max-h-[350px] lg:max-h-none lg:min-h-full w-full lg:w-[650px]\">\n            <img decoding=\"async\"\n                class=\"object-cover w-full h-full\"\n                src=\"https:\/\/lindstromgroup.com\/at\/wp-content\/themes\/astra-child\/assets\/img\/post-placeholder.svg\"\n                alt=\"Verhaltenskodex\"\n            >\n        <\/div>\n    <\/div>\n\n\n\n        <style>\n            .lindstrom-container--block_0960c78c3ec65419ac79cb12053e99cc {                \n                padding-top: 35px;\n                padding-bottom: 35px;\n            }\n\n            @media screen and (min-width: 768px) {\n                .lindstrom-container--block_0960c78c3ec65419ac79cb12053e99cc {\n                    padding-top: 75px;\n                    padding-bottom: 75px;\n                }\n            }\n        <\/style>\n    \n<div\n    class=\"lindstrom-container-wrapper lindstrom-container lindstrom-container--block_0960c78c3ec65419ac79cb12053e99cc \"\n    id=\"block_0960c78c3ec65419ac79cb12053e99cc\"\n    style=\"background-color: #ffffff\"\n    >\n    <div class=\"lindstrom-container lindstrom-container--text items-stretch\">\n        \n\n        <div \n        id=\"cta-country-block_e448786ddb1509c74f263e6ab9f48a55\" \n        class=\"cta-country\"\n    >\n        <div class=\"flex flex-col gap-5\" style=\"align-items: flex-start\">\n                                        <div class=\"cta-text\"><p><!-- wp:paragraph --><\/p>\n<p>Der Lindstr\u00f6m Verhaltenskodex f\u00fcr Mitarbeiter*innen definiert die grundlegenden ethischen Anforderungen an die Lindstr\u00f6m Gruppe, das hei\u00dft an Lindstr\u00f6m Oy und die Tochtergesellschaften (im Folgenden als \u201eLindstr\u00f6m\u201c zusammengefasst). Dieser Verhaltenskodex basiert auf unseren Werten und Verpflichtungen und spiegelt unsere \u201eWe Care\u201c-Kultur wider. Er gilt f\u00fcr alle Mitarbeiterinnen und Mitarbeiter, unabh\u00e4ngig von ihrer Position. Sie sind angehalten, stets den Kodex zu befolgen.<\/p>\n<p><!-- \/wp:paragraph --> <!-- wp:paragraph --><\/p>\n<p>Die im Kodex genannten Grunds\u00e4tze gelten auch f\u00fcr ausgelagerte Arbeitskr\u00e4fte, z.B. Servicevertreter*innen<em>,\u00a0<\/em>Zeitarbeiter*innen und externe Berater*innen. Der Verhaltenskodex f\u00fcr Lieferanten definiert die Verantwortlichkeiten und Anforderungen f\u00fcr unser Verh\u00e4ltnis mit Lieferanten und Partnern. Sowohl der Mitarbeiterkodex als auch der Lieferantenkodex werden bei Bedarf \u00fcberarbeitet; \u00c4nderungen m\u00fcssen von der Lindstr\u00f6m Konzernleitung genehmigt werden.<\/p>\n<p><!-- \/wp:paragraph --> <!-- wp:paragraph --><\/p>\n<p>Indem wir sicherstellen, dass alle Mitarbeiter*innen die Leitprinzipien und den Kodex kennen und danach handeln, haben wir die erste und wahrscheinlich wichtigste Ma\u00dfnahme ergriffen, um das Risiko von Fehlverhalten zu verringern. Dadurch senken wir gleichzeitig auch das Risiko von Unf\u00e4llen, Berufskrankheiten und Umweltsch\u00e4den.<\/p>\n<p><!-- \/wp:paragraph --><\/p>\n<\/div>\n                        <div class=\"cta-button-container cta-button-container--row\">\n                                                                                        <div class=\"flex rounded-full h-10 min-w-[150px] mt-auto cta-button button-solid--blue\">\n                                <a \n                                    class=\"flex flex-grow !no-underline py-3 px-5 font-bold text-[15px]\/[21px] justify-center items-center gap-2 text-center border-2 rounded-full cta-button__inner\" \n                                    href=\"https:\/\/d2ris6qfzcz0wn.cloudfront.net\/wp-content\/uploads\/sites\/35\/2024\/06\/Lindstrom_CodeofConduct_V03_DE.pdf\"\n                                    style=\"border-color: #003F72; background-color: #003F72; color: #FFFFFF;\"\n                                    target=\"_self\"\n                                >\n                                    Verhaltenskodex herunterladen                                                                            <div class=\"flex justify-center items-center w-[35px] h-[35px] cta-button__inner-icon\">\n                                                                                                <span class=\"!text-[35px] material-symbols-outlined\" style=\"color: #FFFFFF\">open_in_new<\/span>\n                                                                                    <\/div>\n                                                                    <\/a>\n                            <\/div>\n                                                                        <\/div>\n        <\/div>\n    <\/div>\n    \n\n    <\/div>\n<\/div>\n","protected":false},"excerpt":{"rendered":"","protected":false},"author":75,"featured_media":0,"parent":0,"menu_order":0,"comment_status":"closed","ping_status":"closed","template":"","meta":{"_acf_changed":true,"inline_featured_image":false,"_eb_attr":"","site-sidebar-layout":"default","site-content-layout":"","ast-site-content-layout":"default","site-content-style":"default","site-sidebar-style":"default","ast-global-header-display":"","ast-banner-title-visibility":"","ast-main-header-display":"","ast-hfb-above-header-display":"","ast-hfb-below-header-display":"","ast-hfb-mobile-header-display":"","site-post-title":"","ast-breadcrumbs-content":"","ast-featured-img":"","footer-sml-layout":"","ast-disable-related-posts":"","theme-transparent-header-meta":"","adv-header-id-meta":"","stick-header-meta":"","header-above-stick-meta":"","header-main-stick-meta":"","header-below-stick-meta":"","astra-migrate-meta-layouts":"default","ast-page-background-enabled":"default","ast-page-background-meta":{"desktop":{"background-color":"var(--ast-global-color-4)","background-image":"","background-repeat":"repeat","background-position":"center center","background-size":"auto","background-attachment":"scroll","background-type":"","background-media":"","overlay-type":"","overlay-color":"","overlay-opacity":"","overlay-gradient":""},"tablet":{"background-color":"","background-image":"","background-repeat":"repeat","background-position":"center center","background-size":"auto","background-attachment":"scroll","background-type":"","background-media":"","overlay-type":"","overlay-color":"","overlay-opacity":"","overlay-gradient":""},"mobile":{"background-color":"","background-image":"","background-repeat":"repeat","background-position":"center center","background-size":"auto","background-attachment":"scroll","background-type":"","background-media":"","overlay-type":"","overlay-color":"","overlay-opacity":"","overlay-gradient":""}},"ast-content-background-meta":{"desktop":{"background-color":"var(--ast-global-color-5)","background-image":"","background-repeat":"repeat","background-position":"center center","background-size":"auto","background-attachment":"scroll","background-type":"","background-media":"","overlay-type":"","overlay-color":"","overlay-opacity":"","overlay-gradient":""},"tablet":{"background-color":"var(--ast-global-color-5)","background-image":"","background-repeat":"repeat","background-position":"center center","background-size":"auto","background-attachment":"scroll","background-type":"","background-media":"","overlay-type":"","overlay-color":"","overlay-opacity":"","overlay-gradient":""},"mobile":{"background-color":"var(--ast-global-color-5)","background-image":"","background-repeat":"repeat","background-position":"center center","background-size":"auto","background-attachment":"scroll","background-type":"","background-media":"","overlay-type":"","overlay-color":"","overlay-opacity":"","overlay-gradient":""}},"footnotes":""},"coauthors":[27],"class_list":["post-17354","page","type-page","status-publish","hentry"],"acf":[],"yoast_head":"<!-- This site is optimized with the Yoast SEO plugin v27.2 - https:\/\/yoast.com\/product\/yoast-seo-wordpress\/ -->\n<title>Verhaltenskodex - Lindstr\u00f6m Austria<\/title>\n<meta name=\"robots\" content=\"index, follow, max-snippet:-1, max-image-preview:large, max-video-preview:-1\" \/>\n<meta property=\"og:locale\" content=\"de_DE\" \/>\n<meta property=\"og:type\" content=\"article\" \/>\n<meta property=\"og:title\" content=\"Verhaltenskodex - Lindstr\u00f6m Austria\" \/>\n<meta property=\"og:url\" content=\"https:\/\/lindstromgroup.com\/at\/verhaltenskodex\/\" \/>\n<meta property=\"og:site_name\" content=\"Lindstr\u00f6m Austria\" \/>\n<meta property=\"article:modified_time\" content=\"2024-06-13T08:51:16+00:00\" \/>\n<meta name=\"twitter:card\" content=\"summary_large_image\" \/>\n<meta name=\"twitter:label1\" content=\"Gesch\u00e4tzte Lesezeit\" \/>\n\t<meta name=\"twitter:data1\" content=\"1 Minute\" \/>\n\t<meta name=\"twitter:label2\" content=\"Written by\" \/>\n\t<meta name=\"twitter:data2\" content=\"tiborharis\" \/>\n<script type=\"application\/ld+json\" class=\"yoast-schema-graph\">{\"@context\":\"https:\/\/schema.org\",\"@graph\":[{\"@type\":\"WebPage\",\"@id\":\"https:\/\/lindstromgroup.com\/at\/verhaltenskodex\/\",\"url\":\"https:\/\/lindstromgroup.com\/at\/verhaltenskodex\/\",\"name\":\"Verhaltenskodex - Lindstr\u00f6m Austria\",\"isPartOf\":{\"@id\":\"https:\/\/lindstromgroup.com\/at\/#website\"},\"datePublished\":\"2024-06-11T10:10:28+00:00\",\"dateModified\":\"2024-06-13T08:51:16+00:00\",\"breadcrumb\":{\"@id\":\"https:\/\/lindstromgroup.com\/at\/verhaltenskodex\/#breadcrumb\"},\"inLanguage\":\"de-AT\",\"potentialAction\":[{\"@type\":\"ReadAction\",\"target\":[\"https:\/\/lindstromgroup.com\/at\/verhaltenskodex\/\"]}]},{\"@type\":\"BreadcrumbList\",\"@id\":\"https:\/\/lindstromgroup.com\/at\/verhaltenskodex\/#breadcrumb\",\"itemListElement\":[{\"@type\":\"ListItem\",\"position\":1,\"name\":\"Home\",\"item\":\"https:\/\/lindstromgroup.com\/at\/\"},{\"@type\":\"ListItem\",\"position\":2,\"name\":\"Verhaltenskodex\"}]},{\"@type\":\"WebSite\",\"@id\":\"https:\/\/lindstromgroup.com\/at\/#website\",\"url\":\"https:\/\/lindstromgroup.com\/at\/\",\"name\":\"Lindstr\u00f6m Austria\",\"description\":\"\",\"publisher\":{\"@id\":\"https:\/\/lindstromgroup.com\/at\/#organization\"},\"potentialAction\":[{\"@type\":\"SearchAction\",\"target\":{\"@type\":\"EntryPoint\",\"urlTemplate\":\"https:\/\/lindstromgroup.com\/at\/?s={search_term_string}\"},\"query-input\":{\"@type\":\"PropertyValueSpecification\",\"valueRequired\":true,\"valueName\":\"search_term_string\"}}],\"inLanguage\":\"de-AT\"},{\"@type\":\"Organization\",\"@id\":\"https:\/\/lindstromgroup.com\/at\/#organization\",\"name\":\"Lindstr\u00f6m Austria\",\"url\":\"https:\/\/lindstromgroup.com\/at\/\",\"logo\":{\"@type\":\"ImageObject\",\"inLanguage\":\"de-AT\",\"@id\":\"https:\/\/lindstromgroup.com\/at\/#\/schema\/logo\/image\/\",\"url\":\"https:\/\/d2ris6qfzcz0wn.cloudfront.net\/wp-content\/uploads\/sites\/26\/2023\/10\/Logo512.png\",\"contentUrl\":\"https:\/\/d2ris6qfzcz0wn.cloudfront.net\/wp-content\/uploads\/sites\/26\/2023\/10\/Logo512.png\",\"width\":512,\"height\":109,\"caption\":\"Lindstr\u00f6m Austria\"},\"image\":{\"@id\":\"https:\/\/lindstromgroup.com\/at\/#\/schema\/logo\/image\/\"}}]}<\/script>\n<!-- \/ Yoast SEO plugin. -->","yoast_head_json":{"title":"Verhaltenskodex - Lindstr\u00f6m Austria","robots":{"index":"index","follow":"follow","max-snippet":"max-snippet:-1","max-image-preview":"max-image-preview:large","max-video-preview":"max-video-preview:-1"},"og_locale":"de_DE","og_type":"article","og_title":"Verhaltenskodex - Lindstr\u00f6m Austria","og_url":"https:\/\/lindstromgroup.com\/at\/verhaltenskodex\/","og_site_name":"Lindstr\u00f6m Austria","article_modified_time":"2024-06-13T08:51:16+00:00","twitter_card":"summary_large_image","twitter_misc":{"Gesch\u00e4tzte Lesezeit":"1 Minute","Written by":"tiborharis"},"schema":{"@context":"https:\/\/schema.org","@graph":[{"@type":"WebPage","@id":"https:\/\/lindstromgroup.com\/at\/verhaltenskodex\/","url":"https:\/\/lindstromgroup.com\/at\/verhaltenskodex\/","name":"Verhaltenskodex - Lindstr\u00f6m Austria","isPartOf":{"@id":"https:\/\/lindstromgroup.com\/at\/#website"},"datePublished":"2024-06-11T10:10:28+00:00","dateModified":"2024-06-13T08:51:16+00:00","breadcrumb":{"@id":"https:\/\/lindstromgroup.com\/at\/verhaltenskodex\/#breadcrumb"},"inLanguage":"de-AT","potentialAction":[{"@type":"ReadAction","target":["https:\/\/lindstromgroup.com\/at\/verhaltenskodex\/"]}]},{"@type":"BreadcrumbList","@id":"https:\/\/lindstromgroup.com\/at\/verhaltenskodex\/#breadcrumb","itemListElement":[{"@type":"ListItem","position":1,"name":"Home","item":"https:\/\/lindstromgroup.com\/at\/"},{"@type":"ListItem","position":2,"name":"Verhaltenskodex"}]},{"@type":"WebSite","@id":"https:\/\/lindstromgroup.com\/at\/#website","url":"https:\/\/lindstromgroup.com\/at\/","name":"Lindstr\u00f6m Austria","description":"","publisher":{"@id":"https:\/\/lindstromgroup.com\/at\/#organization"},"potentialAction":[{"@type":"SearchAction","target":{"@type":"EntryPoint","urlTemplate":"https:\/\/lindstromgroup.com\/at\/?s={search_term_string}"},"query-input":{"@type":"PropertyValueSpecification","valueRequired":true,"valueName":"search_term_string"}}],"inLanguage":"de-AT"},{"@type":"Organization","@id":"https:\/\/lindstromgroup.com\/at\/#organization","name":"Lindstr\u00f6m Austria","url":"https:\/\/lindstromgroup.com\/at\/","logo":{"@type":"ImageObject","inLanguage":"de-AT","@id":"https:\/\/lindstromgroup.com\/at\/#\/schema\/logo\/image\/","url":"https:\/\/d2ris6qfzcz0wn.cloudfront.net\/wp-content\/uploads\/sites\/26\/2023\/10\/Logo512.png","contentUrl":"https:\/\/d2ris6qfzcz0wn.cloudfront.net\/wp-content\/uploads\/sites\/26\/2023\/10\/Logo512.png","width":512,"height":109,"caption":"Lindstr\u00f6m Austria"},"image":{"@id":"https:\/\/lindstromgroup.com\/at\/#\/schema\/logo\/image\/"}}]}},"publishpress_future_workflow_manual_trigger":{"enabledWorkflows":[]},"distributor_meta":false,"distributor_terms":false,"distributor_media":false,"distributor_original_site_name":"Lindstr\u00f6m Austria","distributor_original_site_url":"https:\/\/lindstromgroup.com\/at","push-errors":false,"_links":{"self":[{"href":"https:\/\/lindstromgroup.com\/at\/wp-json\/wp\/v2\/pages\/17354","targetHints":{"allow":["GET"]}}],"collection":[{"href":"https:\/\/lindstromgroup.com\/at\/wp-json\/wp\/v2\/pages"}],"about":[{"href":"https:\/\/lindstromgroup.com\/at\/wp-json\/wp\/v2\/types\/page"}],"author":[{"embeddable":true,"href":"https:\/\/lindstromgroup.com\/at\/wp-json\/wp\/v2\/users\/75"}],"replies":[{"embeddable":true,"href":"https:\/\/lindstromgroup.com\/at\/wp-json\/wp\/v2\/comments?post=17354"}],"version-history":[{"count":0,"href":"https:\/\/lindstromgroup.com\/at\/wp-json\/wp\/v2\/pages\/17354\/revisions"}],"wp:attachment":[{"href":"https:\/\/lindstromgroup.com\/at\/wp-json\/wp\/v2\/media?parent=17354"}],"wp:term":[{"taxonomy":"author","embeddable":true,"href":"https:\/\/lindstromgroup.com\/at\/wp-json\/wp\/v2\/coauthors?post=17354"}],"curies":[{"name":"wp","href":"https:\/\/api.w.org\/{rel}","templated":true}]}}