
    {"id":17349,"date":"2024-06-11T08:45:11","date_gmt":"2024-06-11T06:45:11","guid":{"rendered":"https:\/\/lindstromgroup.com\/at\/?page_id=17349"},"modified":"2024-06-13T10:40:13","modified_gmt":"2024-06-13T08:40:13","slug":"kundenservice","status":"publish","type":"page","link":"https:\/\/lindstromgroup.com\/at\/kundenservice\/","title":{"rendered":"Kundenservice"},"content":{"rendered":"\n    <div\n        id=\"block_6192d70e11a0ed2e39d32cad7ed95ee8\"\n        class=\"hero-sub hero-sub--block_6192d70e11a0ed2e39d32cad7ed95ee8  flex flex-col-reverse lg:flex-row justify-between bg-dark-blue text-white\"\n    >        \n        <div class=\"flex flex-col gap-5 pt-10 pb-5 grow px-5 lg:px-20\">\n            <div class=\"flex flex-col justify-center gap-3 grow max-w-[var(--container-text-max)]\">\n                <h1 class=\"!mb-0 !text-white !text-title-medium lg:!text-title-large !font-bold hyphens-auto break-words\">\n                    Kundenservice                <\/h1>\n    \n                <div class=\"hero-sub__description\">\n                                    <\/div>\n    \n                \n                            <\/div>\n                            <div class=\"font-bold hero-sub__breadcrumb text-body-small\">\n                        <span><span><a href=\"https:\/\/lindstromgroup.com\/at\/\">Home<\/a><\/span><\/span>                <\/div>\n                    <\/div>\n\n        <div class=\"[&#038;_picture]:w-full flex h-full lg:h-auto max-h-[350px] lg:max-h-none lg:min-h-full w-full lg:w-[650px]\">\n            <img decoding=\"async\"\n                class=\"object-cover w-full h-full\"\n                src=\"https:\/\/d2ris6qfzcz0wn.cloudfront.net\/wp-content\/uploads\/sites\/35\/2024\/06\/high-410-LINDSTROM-employer-branding-02-2022-1024x683.jpg.jpg\"\n                alt=\"Kundenservice\"\n            >\n        <\/div>\n    <\/div>\n\n\n\n        <style>\n            .lindstrom-container--block_b2bfb5b31a9b693cb9a629ef5bf16cd8 {                \n                padding-top: 35px;\n                padding-bottom: 35px;\n            }\n\n            @media screen and (min-width: 768px) {\n                .lindstrom-container--block_b2bfb5b31a9b693cb9a629ef5bf16cd8 {\n                    padding-top: 75px;\n                    padding-bottom: 75px;\n                }\n            }\n        <\/style>\n    \n<div\n    class=\"lindstrom-container-wrapper lindstrom-container lindstrom-container--block_b2bfb5b31a9b693cb9a629ef5bf16cd8 \"\n    id=\"block_b2bfb5b31a9b693cb9a629ef5bf16cd8\"\n    style=\"background-color: #ffffff\"\n    >\n    <div class=\"lindstrom-container lindstrom-container--text items-stretch\">\n        \n\n        <div \n        id=\"cta-country-block_54529f349cca8a5087d7945c809e9bff\" \n        class=\"cta-country\"\n    >\n        <div class=\"flex flex-col gap-5\" style=\"align-items: flex-start\">\n                                        <div class=\"cta-text\"><p>Wir verbessern st\u00e4ndig unseren Ansatz f\u00fcr die Kundenbetreuung, damit wir so schnell wie m\u00f6glich auf Ihre Anfragen reagieren k\u00f6nnen. Der Kundenservice ist so strukturiert, dass er von grundlegenden Anforderungen bis hin zu spezifischen Gesch\u00e4ftsstrategien reicht.<\/p>\n<p>Bei unserer Kundenbetreuung geht es nicht nur um die L\u00f6sung von Problemen, sondern auch um die Schaffung von Werten durch personalisierten Service und strategische Partnerschaften.<\/p>\n<p><strong>1. eLindstr\u00f6m \u2013 Online-Plattform f\u00fcr einfache Interaktion<\/strong><\/p>\n<p>Grundlegende Anforderungen werden \u00fcber eine intuitive Anwendung gel\u00f6st. Die Kunden erhalten wichtige Nachrichten und haben die Kontrolle \u00fcber ihre Anfragen, alles ganz einfach \u00fcber eine\u00a0<a href=\"https:\/\/lindstromgroup.com\/at\/elindstroem\/\">Plattform<\/a>.<\/p>\n<p><strong>2. Kundenservice in unseren W\u00e4schereien<\/strong><\/p>\n<p>Ein pers\u00f6nlicher Ansatz ist der Schl\u00fcssel zum Kundenservice von Lindstr\u00f6m. Telefonische Kontakte und E-Mail-Kommunikation bieten schnelle und effiziente L\u00f6sungen f\u00fcr Kundenanfragen.<\/p>\n<p><strong>3. Vor-Ort-Kundendienst: (optionaler Service)<\/strong><\/p>\n<p>F\u00fcr diejenigen, die etwas mehr wollen, bietet einen Vor-Ort-Kundendienst an. Dieser optionale Service sorgt f\u00fcr eine pers\u00f6nliche Note und stellt sicher, dass der Kunde im Mittelpunkt steht.<\/p>\n<p><strong>4. Account Representative<\/strong><\/p>\n<p>Kundenbetreuer k\u00fcmmern sich um die Kunden auf lokaler Ebene. Von der L\u00f6sung operativer Probleme bis zur strategischen Planung ist alles durch pers\u00f6nliche oder virtuelle Treffen m\u00f6glich.<\/p>\n<p><strong>5. \u00a0Key Account Manager<\/strong><\/p>\n<p>Key Account Manager sind f\u00fcr die Gesch\u00e4ftsentwicklung auf nationaler Ebene zust\u00e4ndig. Regelm\u00e4\u00dfige Treffen beinhalten Strategiegespr\u00e4che und stellen sicher, dass die Kundenbed\u00fcrfnisse immer im Vordergrund stehen.<\/p>\n<p><strong>6 International Account Manager<\/strong><\/p>\n<p>Auf der h\u00f6chsten Ebene stehen die International Account Manager, die die Gesch\u00e4ftsentwicklung auf internationaler Ebene strategisch planen und durchf\u00fchren. In regelm\u00e4\u00dfigen Besprechungen tragen sie zur Gestaltung globaler Strategien bei.<\/p>\n<\/div>\n                        <div class=\"cta-button-container cta-button-container--row\">\n                            <\/div>\n        <\/div>\n    <\/div>\n    \n\n    <\/div>\n<\/div>\n","protected":false},"excerpt":{"rendered":"","protected":false},"author":75,"featured_media":0,"parent":0,"menu_order":0,"comment_status":"closed","ping_status":"closed","template":"","meta":{"_acf_changed":true,"inline_featured_image":false,"_eb_attr":"","site-sidebar-layout":"default","site-content-layout":"","ast-site-content-layout":"default","site-content-style":"default","site-sidebar-style":"default","ast-global-header-display":"","ast-banner-title-visibility":"","ast-main-header-display":"","ast-hfb-above-header-display":"","ast-hfb-below-header-display":"","ast-hfb-mobile-header-display":"","site-post-title":"","ast-breadcrumbs-content":"","ast-featured-img":"","footer-sml-layout":"","ast-disable-related-posts":"","theme-transparent-header-meta":"","adv-header-id-meta":"","stick-header-meta":"","header-above-stick-meta":"","header-main-stick-meta":"","header-below-stick-meta":"","astra-migrate-meta-layouts":"default","ast-page-background-enabled":"default","ast-page-background-meta":{"desktop":{"background-color":"var(--ast-global-color-4)","background-image":"","background-repeat":"repeat","background-position":"center center","background-size":"auto","background-attachment":"scroll","background-type":"","background-media":"","overlay-type":"","overlay-color":"","overlay-opacity":"","overlay-gradient":""},"tablet":{"background-color":"","background-image":"","background-repeat":"repeat","background-position":"center center","background-size":"auto","background-attachment":"scroll","background-type":"","background-media":"","overlay-type":"","overlay-color":"","overlay-opacity":"","overlay-gradient":""},"mobile":{"background-color":"","background-image":"","background-repeat":"repeat","background-position":"center center","background-size":"auto","background-attachment":"scroll","background-type":"","background-media":"","overlay-type":"","overlay-color":"","overlay-opacity":"","overlay-gradient":""}},"ast-content-background-meta":{"desktop":{"background-color":"var(--ast-global-color-5)","background-image":"","background-repeat":"repeat","background-position":"center center","background-size":"auto","background-attachment":"scroll","background-type":"","background-media":"","overlay-type":"","overlay-color":"","overlay-opacity":"","overlay-gradient":""},"tablet":{"background-color":"var(--ast-global-color-5)","background-image":"","background-repeat":"repeat","background-position":"center center","background-size":"auto","background-attachment":"scroll","background-type":"","background-media":"","overlay-type":"","overlay-color":"","overlay-opacity":"","overlay-gradient":""},"mobile":{"background-color":"var(--ast-global-color-5)","background-image":"","background-repeat":"repeat","background-position":"center center","background-size":"auto","background-attachment":"scroll","background-type":"","background-media":"","overlay-type":"","overlay-color":"","overlay-opacity":"","overlay-gradient":""}},"footnotes":""},"coauthors":[27],"class_list":["post-17349","page","type-page","status-publish","hentry"],"acf":[],"yoast_head":"<!-- This site is optimized with the Yoast SEO plugin v27.2 - https:\/\/yoast.com\/product\/yoast-seo-wordpress\/ -->\n<title>Kundenservice - Lindstr\u00f6m Austria<\/title>\n<meta name=\"robots\" content=\"index, follow, max-snippet:-1, max-image-preview:large, max-video-preview:-1\" \/>\n<meta property=\"og:locale\" content=\"de_DE\" \/>\n<meta property=\"og:type\" content=\"article\" \/>\n<meta property=\"og:title\" content=\"Kundenservice - Lindstr\u00f6m Austria\" \/>\n<meta property=\"og:url\" content=\"https:\/\/lindstromgroup.com\/at\/kundenservice\/\" \/>\n<meta property=\"og:site_name\" content=\"Lindstr\u00f6m Austria\" \/>\n<meta property=\"article:modified_time\" content=\"2024-06-13T08:40:13+00:00\" \/>\n<meta name=\"twitter:card\" content=\"summary_large_image\" \/>\n<meta name=\"twitter:label1\" content=\"Gesch\u00e4tzte Lesezeit\" \/>\n\t<meta name=\"twitter:data1\" content=\"1 Minute\" \/>\n\t<meta name=\"twitter:label2\" content=\"Written by\" \/>\n\t<meta name=\"twitter:data2\" content=\"tiborharis\" \/>\n<script type=\"application\/ld+json\" class=\"yoast-schema-graph\">{\"@context\":\"https:\/\/schema.org\",\"@graph\":[{\"@type\":\"WebPage\",\"@id\":\"https:\/\/lindstromgroup.com\/at\/kundenservice\/\",\"url\":\"https:\/\/lindstromgroup.com\/at\/kundenservice\/\",\"name\":\"Kundenservice - Lindstr\u00f6m Austria\",\"isPartOf\":{\"@id\":\"https:\/\/lindstromgroup.com\/at\/#website\"},\"datePublished\":\"2024-06-11T06:45:11+00:00\",\"dateModified\":\"2024-06-13T08:40:13+00:00\",\"breadcrumb\":{\"@id\":\"https:\/\/lindstromgroup.com\/at\/kundenservice\/#breadcrumb\"},\"inLanguage\":\"de-AT\",\"potentialAction\":[{\"@type\":\"ReadAction\",\"target\":[\"https:\/\/lindstromgroup.com\/at\/kundenservice\/\"]}]},{\"@type\":\"BreadcrumbList\",\"@id\":\"https:\/\/lindstromgroup.com\/at\/kundenservice\/#breadcrumb\",\"itemListElement\":[{\"@type\":\"ListItem\",\"position\":1,\"name\":\"Home\",\"item\":\"https:\/\/lindstromgroup.com\/at\/\"},{\"@type\":\"ListItem\",\"position\":2,\"name\":\"Kundenservice\"}]},{\"@type\":\"WebSite\",\"@id\":\"https:\/\/lindstromgroup.com\/at\/#website\",\"url\":\"https:\/\/lindstromgroup.com\/at\/\",\"name\":\"Lindstr\u00f6m Austria\",\"description\":\"\",\"publisher\":{\"@id\":\"https:\/\/lindstromgroup.com\/at\/#organization\"},\"potentialAction\":[{\"@type\":\"SearchAction\",\"target\":{\"@type\":\"EntryPoint\",\"urlTemplate\":\"https:\/\/lindstromgroup.com\/at\/?s={search_term_string}\"},\"query-input\":{\"@type\":\"PropertyValueSpecification\",\"valueRequired\":true,\"valueName\":\"search_term_string\"}}],\"inLanguage\":\"de-AT\"},{\"@type\":\"Organization\",\"@id\":\"https:\/\/lindstromgroup.com\/at\/#organization\",\"name\":\"Lindstr\u00f6m Austria\",\"url\":\"https:\/\/lindstromgroup.com\/at\/\",\"logo\":{\"@type\":\"ImageObject\",\"inLanguage\":\"de-AT\",\"@id\":\"https:\/\/lindstromgroup.com\/at\/#\/schema\/logo\/image\/\",\"url\":\"https:\/\/d2ris6qfzcz0wn.cloudfront.net\/wp-content\/uploads\/sites\/26\/2023\/10\/Logo512.png\",\"contentUrl\":\"https:\/\/d2ris6qfzcz0wn.cloudfront.net\/wp-content\/uploads\/sites\/26\/2023\/10\/Logo512.png\",\"width\":512,\"height\":109,\"caption\":\"Lindstr\u00f6m Austria\"},\"image\":{\"@id\":\"https:\/\/lindstromgroup.com\/at\/#\/schema\/logo\/image\/\"}}]}<\/script>\n<!-- \/ Yoast SEO plugin. -->","yoast_head_json":{"title":"Kundenservice - Lindstr\u00f6m Austria","robots":{"index":"index","follow":"follow","max-snippet":"max-snippet:-1","max-image-preview":"max-image-preview:large","max-video-preview":"max-video-preview:-1"},"og_locale":"de_DE","og_type":"article","og_title":"Kundenservice - Lindstr\u00f6m Austria","og_url":"https:\/\/lindstromgroup.com\/at\/kundenservice\/","og_site_name":"Lindstr\u00f6m Austria","article_modified_time":"2024-06-13T08:40:13+00:00","twitter_card":"summary_large_image","twitter_misc":{"Gesch\u00e4tzte Lesezeit":"1 Minute","Written by":"tiborharis"},"schema":{"@context":"https:\/\/schema.org","@graph":[{"@type":"WebPage","@id":"https:\/\/lindstromgroup.com\/at\/kundenservice\/","url":"https:\/\/lindstromgroup.com\/at\/kundenservice\/","name":"Kundenservice - Lindstr\u00f6m Austria","isPartOf":{"@id":"https:\/\/lindstromgroup.com\/at\/#website"},"datePublished":"2024-06-11T06:45:11+00:00","dateModified":"2024-06-13T08:40:13+00:00","breadcrumb":{"@id":"https:\/\/lindstromgroup.com\/at\/kundenservice\/#breadcrumb"},"inLanguage":"de-AT","potentialAction":[{"@type":"ReadAction","target":["https:\/\/lindstromgroup.com\/at\/kundenservice\/"]}]},{"@type":"BreadcrumbList","@id":"https:\/\/lindstromgroup.com\/at\/kundenservice\/#breadcrumb","itemListElement":[{"@type":"ListItem","position":1,"name":"Home","item":"https:\/\/lindstromgroup.com\/at\/"},{"@type":"ListItem","position":2,"name":"Kundenservice"}]},{"@type":"WebSite","@id":"https:\/\/lindstromgroup.com\/at\/#website","url":"https:\/\/lindstromgroup.com\/at\/","name":"Lindstr\u00f6m Austria","description":"","publisher":{"@id":"https:\/\/lindstromgroup.com\/at\/#organization"},"potentialAction":[{"@type":"SearchAction","target":{"@type":"EntryPoint","urlTemplate":"https:\/\/lindstromgroup.com\/at\/?s={search_term_string}"},"query-input":{"@type":"PropertyValueSpecification","valueRequired":true,"valueName":"search_term_string"}}],"inLanguage":"de-AT"},{"@type":"Organization","@id":"https:\/\/lindstromgroup.com\/at\/#organization","name":"Lindstr\u00f6m Austria","url":"https:\/\/lindstromgroup.com\/at\/","logo":{"@type":"ImageObject","inLanguage":"de-AT","@id":"https:\/\/lindstromgroup.com\/at\/#\/schema\/logo\/image\/","url":"https:\/\/d2ris6qfzcz0wn.cloudfront.net\/wp-content\/uploads\/sites\/26\/2023\/10\/Logo512.png","contentUrl":"https:\/\/d2ris6qfzcz0wn.cloudfront.net\/wp-content\/uploads\/sites\/26\/2023\/10\/Logo512.png","width":512,"height":109,"caption":"Lindstr\u00f6m Austria"},"image":{"@id":"https:\/\/lindstromgroup.com\/at\/#\/schema\/logo\/image\/"}}]}},"publishpress_future_workflow_manual_trigger":{"enabledWorkflows":[]},"distributor_meta":false,"distributor_terms":false,"distributor_media":false,"distributor_original_site_name":"Lindstr\u00f6m Austria","distributor_original_site_url":"https:\/\/lindstromgroup.com\/at","push-errors":false,"_links":{"self":[{"href":"https:\/\/lindstromgroup.com\/at\/wp-json\/wp\/v2\/pages\/17349","targetHints":{"allow":["GET"]}}],"collection":[{"href":"https:\/\/lindstromgroup.com\/at\/wp-json\/wp\/v2\/pages"}],"about":[{"href":"https:\/\/lindstromgroup.com\/at\/wp-json\/wp\/v2\/types\/page"}],"author":[{"embeddable":true,"href":"https:\/\/lindstromgroup.com\/at\/wp-json\/wp\/v2\/users\/75"}],"replies":[{"embeddable":true,"href":"https:\/\/lindstromgroup.com\/at\/wp-json\/wp\/v2\/comments?post=17349"}],"version-history":[{"count":0,"href":"https:\/\/lindstromgroup.com\/at\/wp-json\/wp\/v2\/pages\/17349\/revisions"}],"wp:attachment":[{"href":"https:\/\/lindstromgroup.com\/at\/wp-json\/wp\/v2\/media?parent=17349"}],"wp:term":[{"taxonomy":"author","embeddable":true,"href":"https:\/\/lindstromgroup.com\/at\/wp-json\/wp\/v2\/coauthors?post=17349"}],"curies":[{"name":"wp","href":"https:\/\/api.w.org\/{rel}","templated":true}]}}