
    {"id":17344,"date":"2024-06-10T14:40:29","date_gmt":"2024-06-10T12:40:29","guid":{"rendered":"https:\/\/lindstromgroup.com\/at\/?page_id=17344"},"modified":"2024-06-11T08:36:28","modified_gmt":"2024-06-11T06:36:28","slug":"informationen-ueber-die-vermittler","status":"publish","type":"page","link":"https:\/\/lindstromgroup.com\/at\/informationen-ueber-die-vermittler\/","title":{"rendered":"Informationen \u00fcber die Vermittler"},"content":{"rendered":"\n        <style>\n            .lindstrom-container--block_7b68939a0b01dcb50a937bfbfa92b8b6 {                \n                padding-top: 35px;\n                padding-bottom: 35px;\n            }\n\n            @media screen and (min-width: 768px) {\n                .lindstrom-container--block_7b68939a0b01dcb50a937bfbfa92b8b6 {\n                    padding-top: 75px;\n                    padding-bottom: 75px;\n                }\n            }\n        <\/style>\n    \n<div\n    class=\"lindstrom-container-wrapper lindstrom-container lindstrom-container--block_7b68939a0b01dcb50a937bfbfa92b8b6 \"\n    id=\"block_7b68939a0b01dcb50a937bfbfa92b8b6\"\n    style=\"background-color: #ffffff\"\n    >\n    <div class=\"lindstrom-container lindstrom-container--text items-stretch\">\n        \n\n<h2 class=\"wp-block-heading\">Spediteure von Lindstr\u00f6m, s.r.o.<\/h2>\n\n\n\n<ul class=\"wp-block-list\">\n<li>BL Direct s.r.o., I\u010cO:&nbsp;48214531, Adresa:&nbsp;Boler\u00e1z 717, 919 08 Boler\u00e1z<\/li>\n\n\n\n<li>Eduard Vidli\u010dka \u2013 VIGA, I\u010cO:&nbsp;47086483, Adresa:&nbsp;Mierov\u00e1 431\/1B, 919 51 \u0160pa\u010dince<\/li>\n\n\n\n<li>Jaroslav Pe\u0148ak, I\u010cO: 50836781, Adresa: Bohdanovce nad Trnavou 438, 919 09 Bohdanovce nad Trnavou<\/li>\n\n\n\n<li>MAHRO, s.r.o., I\u010cO: 44490291, Adresa: D\u00fabravy 228, 038 61 Lipovec (Martin)<\/li>\n\n\n\n<li>Marek Balogh, I\u010cO:&nbsp;41876610, Adresa:&nbsp;Majcichov 160, 919 22 Majcichov<\/li>\n\n\n\n<li>MAYMAL s.r.o, I\u010cO:&nbsp;51042207, Adresa:&nbsp;Pod Kan\u00e1lom 29\/40, 038 61 Lipovec<\/li>\n\n\n\n<li>Richard Ol\u010d\u00e1k \u2013 RIKI, I\u010cO: 37775413, Adresa: Vy\u0161n\u00e1 Ol\u0161ava 30, 090 32 Mi\u0148ovce<\/li>\n\n\n\n<li>Tom\u00e1\u0161 Barcaj, I\u010cO: 34737308, Adresa: \u0160tefana Pil\u00e1rika 2642\/5, 905 01 Senica<\/li>\n\n\n\n<li>Patrik Krigovsk\u00fd,&nbsp; I\u010cO: 50161156, Adresa: Akad. Pavlova 315\/4, 09101 Stropkov<\/li>\n\n\n\n<li>Martin Rigo, I\u010cO: 53491661, Adresa: Ulica Mozartova 5651\/11, 91708 Trnava<\/li>\n\n\n\n<li>Filip Z\u00fabek, I\u010cO: 53402235, Adresa: Ulica Koniarekova 5864\/5, 917 01 Trnava<\/li>\n\n\n\n<li>\u013dubo\u0161 Novomesk\u00fd, I\u010cO: 51145766, Adresa: Z\u00e1padn\u00e1 2993\/22, 91701 Trnava<\/li>\n<\/ul>\n\n\n\n<h2 class=\"wp-block-heading\">Lieferanten des Logos f\u00fcr Lindstr\u00f6m, s.r.o.<\/h2>\n\n\n\n<ul class=\"wp-block-list\">\n<li>Luis reklama, s.r.o., I\u010cO:&nbsp;31365337, Adresa:&nbsp;Bani\u010dova 3, 949 12 Nitra<\/li>\n\n\n\n<li>Koxo s.r.o., I\u010cO: 50264061, Adresa: Blagoevova 28, 851 07 Bratislava \u2013 mestsk\u00e1 \u010das\u0165 Petr\u017ealka<\/li>\n\n\n\n<li>Xtra Slovakia s.r.o, I\u010cO: 36270687, Adresa: Priemyseln\u00e1 8\/B, 917 01 Trnava<\/li>\n<\/ul>\n\n\n\n<h2 class=\"wp-block-heading\">Pflege von der Bekleidung<\/h2>\n\n\n\n<ul class=\"wp-block-list\">\n<li>Personal Service, s.r.o., I\u010cO: 47974125, Adresa: Kapitulsk\u00e1 26, 91701 Trnava<\/li>\n\n\n\n<li>JFP Personalservice s.r.o., I\u010cO: 53301871, Adresa: Paul\u00ednska 513\/20, 917 01 Trnava 1<\/li>\n<\/ul>\n\n\n    <\/div>\n<\/div>\n","protected":false},"excerpt":{"rendered":"","protected":false},"author":75,"featured_media":0,"parent":0,"menu_order":0,"comment_status":"closed","ping_status":"closed","template":"","meta":{"_acf_changed":true,"inline_featured_image":false,"_eb_attr":"","site-sidebar-layout":"default","site-content-layout":"","ast-site-content-layout":"default","site-content-style":"default","site-sidebar-style":"default","ast-global-header-display":"","ast-banner-title-visibility":"","ast-main-header-display":"","ast-hfb-above-header-display":"","ast-hfb-below-header-display":"","ast-hfb-mobile-header-display":"","site-post-title":"","ast-breadcrumbs-content":"","ast-featured-img":"","footer-sml-layout":"","ast-disable-related-posts":"","theme-transparent-header-meta":"","adv-header-id-meta":"","stick-header-meta":"","header-above-stick-meta":"","header-main-stick-meta":"","header-below-stick-meta":"","astra-migrate-meta-layouts":"default","ast-page-background-enabled":"default","ast-page-background-meta":{"desktop":{"background-color":"var(--ast-global-color-4)","background-image":"","background-repeat":"repeat","background-position":"center center","background-size":"auto","background-attachment":"scroll","background-type":"","background-media":"","overlay-type":"","overlay-color":"","overlay-opacity":"","overlay-gradient":""},"tablet":{"background-color":"","background-image":"","background-repeat":"repeat","background-position":"center center","background-size":"auto","background-attachment":"scroll","background-type":"","background-media":"","overlay-type":"","overlay-color":"","overlay-opacity":"","overlay-gradient":""},"mobile":{"background-color":"","background-image":"","background-repeat":"repeat","background-position":"center center","background-size":"auto","background-attachment":"scroll","background-type":"","background-media":"","overlay-type":"","overlay-color":"","overlay-opacity":"","overlay-gradient":""}},"ast-content-background-meta":{"desktop":{"background-color":"var(--ast-global-color-5)","background-image":"","background-repeat":"repeat","background-position":"center center","background-size":"auto","background-attachment":"scroll","background-type":"","background-media":"","overlay-type":"","overlay-color":"","overlay-opacity":"","overlay-gradient":""},"tablet":{"background-color":"var(--ast-global-color-5)","background-image":"","background-repeat":"repeat","background-position":"center center","background-size":"auto","background-attachment":"scroll","background-type":"","background-media":"","overlay-type":"","overlay-color":"","overlay-opacity":"","overlay-gradient":""},"mobile":{"background-color":"var(--ast-global-color-5)","background-image":"","background-repeat":"repeat","background-position":"center center","background-size":"auto","background-attachment":"scroll","background-type":"","background-media":"","overlay-type":"","overlay-color":"","overlay-opacity":"","overlay-gradient":""}},"footnotes":""},"coauthors":[27],"class_list":["post-17344","page","type-page","status-publish","hentry"],"acf":[],"yoast_head":"<!-- This site is optimized with the Yoast SEO plugin v27.2 - https:\/\/yoast.com\/product\/yoast-seo-wordpress\/ -->\n<title>Informationen \u00fcber die Vermittler - Lindstr\u00f6m Austria<\/title>\n<meta name=\"robots\" content=\"index, follow, max-snippet:-1, max-image-preview:large, max-video-preview:-1\" \/>\n<meta property=\"og:locale\" content=\"de_DE\" \/>\n<meta property=\"og:type\" content=\"article\" \/>\n<meta property=\"og:title\" content=\"Informationen \u00fcber die Vermittler - Lindstr\u00f6m Austria\" \/>\n<meta property=\"og:url\" content=\"https:\/\/lindstromgroup.com\/at\/informationen-ueber-die-vermittler\/\" \/>\n<meta property=\"og:site_name\" content=\"Lindstr\u00f6m Austria\" \/>\n<meta property=\"article:modified_time\" content=\"2024-06-11T06:36:28+00:00\" \/>\n<meta name=\"twitter:card\" content=\"summary_large_image\" \/>\n<meta name=\"twitter:label1\" content=\"Gesch\u00e4tzte Lesezeit\" \/>\n\t<meta name=\"twitter:data1\" content=\"3 Minuten\" \/>\n\t<meta name=\"twitter:label2\" content=\"Written by\" \/>\n\t<meta name=\"twitter:data2\" content=\"tiborharis\" \/>\n<script type=\"application\/ld+json\" class=\"yoast-schema-graph\">{\"@context\":\"https:\/\/schema.org\",\"@graph\":[{\"@type\":\"WebPage\",\"@id\":\"https:\/\/lindstromgroup.com\/at\/informationen-ueber-die-vermittler\/\",\"url\":\"https:\/\/lindstromgroup.com\/at\/informationen-ueber-die-vermittler\/\",\"name\":\"Informationen \u00fcber die Vermittler - Lindstr\u00f6m Austria\",\"isPartOf\":{\"@id\":\"https:\/\/lindstromgroup.com\/at\/#website\"},\"datePublished\":\"2024-06-10T12:40:29+00:00\",\"dateModified\":\"2024-06-11T06:36:28+00:00\",\"breadcrumb\":{\"@id\":\"https:\/\/lindstromgroup.com\/at\/informationen-ueber-die-vermittler\/#breadcrumb\"},\"inLanguage\":\"de-AT\",\"potentialAction\":[{\"@type\":\"ReadAction\",\"target\":[\"https:\/\/lindstromgroup.com\/at\/informationen-ueber-die-vermittler\/\"]}]},{\"@type\":\"BreadcrumbList\",\"@id\":\"https:\/\/lindstromgroup.com\/at\/informationen-ueber-die-vermittler\/#breadcrumb\",\"itemListElement\":[{\"@type\":\"ListItem\",\"position\":1,\"name\":\"Home\",\"item\":\"https:\/\/lindstromgroup.com\/at\/\"},{\"@type\":\"ListItem\",\"position\":2,\"name\":\"Informationen \u00fcber die Vermittler\"}]},{\"@type\":\"WebSite\",\"@id\":\"https:\/\/lindstromgroup.com\/at\/#website\",\"url\":\"https:\/\/lindstromgroup.com\/at\/\",\"name\":\"Lindstr\u00f6m Austria\",\"description\":\"\",\"publisher\":{\"@id\":\"https:\/\/lindstromgroup.com\/at\/#organization\"},\"potentialAction\":[{\"@type\":\"SearchAction\",\"target\":{\"@type\":\"EntryPoint\",\"urlTemplate\":\"https:\/\/lindstromgroup.com\/at\/?s={search_term_string}\"},\"query-input\":{\"@type\":\"PropertyValueSpecification\",\"valueRequired\":true,\"valueName\":\"search_term_string\"}}],\"inLanguage\":\"de-AT\"},{\"@type\":\"Organization\",\"@id\":\"https:\/\/lindstromgroup.com\/at\/#organization\",\"name\":\"Lindstr\u00f6m Austria\",\"url\":\"https:\/\/lindstromgroup.com\/at\/\",\"logo\":{\"@type\":\"ImageObject\",\"inLanguage\":\"de-AT\",\"@id\":\"https:\/\/lindstromgroup.com\/at\/#\/schema\/logo\/image\/\",\"url\":\"https:\/\/d2ris6qfzcz0wn.cloudfront.net\/wp-content\/uploads\/sites\/26\/2023\/10\/Logo512.png\",\"contentUrl\":\"https:\/\/d2ris6qfzcz0wn.cloudfront.net\/wp-content\/uploads\/sites\/26\/2023\/10\/Logo512.png\",\"width\":512,\"height\":109,\"caption\":\"Lindstr\u00f6m Austria\"},\"image\":{\"@id\":\"https:\/\/lindstromgroup.com\/at\/#\/schema\/logo\/image\/\"}}]}<\/script>\n<!-- \/ Yoast SEO plugin. -->","yoast_head_json":{"title":"Informationen \u00fcber die Vermittler - Lindstr\u00f6m Austria","robots":{"index":"index","follow":"follow","max-snippet":"max-snippet:-1","max-image-preview":"max-image-preview:large","max-video-preview":"max-video-preview:-1"},"og_locale":"de_DE","og_type":"article","og_title":"Informationen \u00fcber die Vermittler - Lindstr\u00f6m Austria","og_url":"https:\/\/lindstromgroup.com\/at\/informationen-ueber-die-vermittler\/","og_site_name":"Lindstr\u00f6m Austria","article_modified_time":"2024-06-11T06:36:28+00:00","twitter_card":"summary_large_image","twitter_misc":{"Gesch\u00e4tzte Lesezeit":"3 Minuten","Written by":"tiborharis"},"schema":{"@context":"https:\/\/schema.org","@graph":[{"@type":"WebPage","@id":"https:\/\/lindstromgroup.com\/at\/informationen-ueber-die-vermittler\/","url":"https:\/\/lindstromgroup.com\/at\/informationen-ueber-die-vermittler\/","name":"Informationen \u00fcber die Vermittler - Lindstr\u00f6m Austria","isPartOf":{"@id":"https:\/\/lindstromgroup.com\/at\/#website"},"datePublished":"2024-06-10T12:40:29+00:00","dateModified":"2024-06-11T06:36:28+00:00","breadcrumb":{"@id":"https:\/\/lindstromgroup.com\/at\/informationen-ueber-die-vermittler\/#breadcrumb"},"inLanguage":"de-AT","potentialAction":[{"@type":"ReadAction","target":["https:\/\/lindstromgroup.com\/at\/informationen-ueber-die-vermittler\/"]}]},{"@type":"BreadcrumbList","@id":"https:\/\/lindstromgroup.com\/at\/informationen-ueber-die-vermittler\/#breadcrumb","itemListElement":[{"@type":"ListItem","position":1,"name":"Home","item":"https:\/\/lindstromgroup.com\/at\/"},{"@type":"ListItem","position":2,"name":"Informationen \u00fcber die Vermittler"}]},{"@type":"WebSite","@id":"https:\/\/lindstromgroup.com\/at\/#website","url":"https:\/\/lindstromgroup.com\/at\/","name":"Lindstr\u00f6m Austria","description":"","publisher":{"@id":"https:\/\/lindstromgroup.com\/at\/#organization"},"potentialAction":[{"@type":"SearchAction","target":{"@type":"EntryPoint","urlTemplate":"https:\/\/lindstromgroup.com\/at\/?s={search_term_string}"},"query-input":{"@type":"PropertyValueSpecification","valueRequired":true,"valueName":"search_term_string"}}],"inLanguage":"de-AT"},{"@type":"Organization","@id":"https:\/\/lindstromgroup.com\/at\/#organization","name":"Lindstr\u00f6m Austria","url":"https:\/\/lindstromgroup.com\/at\/","logo":{"@type":"ImageObject","inLanguage":"de-AT","@id":"https:\/\/lindstromgroup.com\/at\/#\/schema\/logo\/image\/","url":"https:\/\/d2ris6qfzcz0wn.cloudfront.net\/wp-content\/uploads\/sites\/26\/2023\/10\/Logo512.png","contentUrl":"https:\/\/d2ris6qfzcz0wn.cloudfront.net\/wp-content\/uploads\/sites\/26\/2023\/10\/Logo512.png","width":512,"height":109,"caption":"Lindstr\u00f6m Austria"},"image":{"@id":"https:\/\/lindstromgroup.com\/at\/#\/schema\/logo\/image\/"}}]}},"publishpress_future_workflow_manual_trigger":{"enabledWorkflows":[]},"distributor_meta":false,"distributor_terms":false,"distributor_media":false,"distributor_original_site_name":"Lindstr\u00f6m Austria","distributor_original_site_url":"https:\/\/lindstromgroup.com\/at","push-errors":false,"_links":{"self":[{"href":"https:\/\/lindstromgroup.com\/at\/wp-json\/wp\/v2\/pages\/17344","targetHints":{"allow":["GET"]}}],"collection":[{"href":"https:\/\/lindstromgroup.com\/at\/wp-json\/wp\/v2\/pages"}],"about":[{"href":"https:\/\/lindstromgroup.com\/at\/wp-json\/wp\/v2\/types\/page"}],"author":[{"embeddable":true,"href":"https:\/\/lindstromgroup.com\/at\/wp-json\/wp\/v2\/users\/75"}],"replies":[{"embeddable":true,"href":"https:\/\/lindstromgroup.com\/at\/wp-json\/wp\/v2\/comments?post=17344"}],"version-history":[{"count":0,"href":"https:\/\/lindstromgroup.com\/at\/wp-json\/wp\/v2\/pages\/17344\/revisions"}],"wp:attachment":[{"href":"https:\/\/lindstromgroup.com\/at\/wp-json\/wp\/v2\/media?parent=17344"}],"wp:term":[{"taxonomy":"author","embeddable":true,"href":"https:\/\/lindstromgroup.com\/at\/wp-json\/wp\/v2\/coauthors?post=17344"}],"curies":[{"name":"wp","href":"https:\/\/api.w.org\/{rel}","templated":true}]}}